{"id":599,"date":"2020-08-29T10:53:36","date_gmt":"2020-08-29T10:53:36","guid":{"rendered":"https:\/\/veteraani.ylirotu.fi\/?page_id=599"},"modified":"2021-01-18T17:41:52","modified_gmt":"2021-01-18T17:41:52","slug":"sodan-ajan-lapset","status":"publish","type":"page","link":"https:\/\/veteraanienperinto.fi\/index.php\/tietopankit\/muut-ryhmat\/sodan-ajan-lapset\/","title":{"rendered":"Sodan ajan lapset"},"content":{"rendered":"<div id='full_slider_1'  class='avia-fullwidth-slider main_color avia-shadow   avia-builder-el-0  el_before_av_heading  avia-builder-el-first   container_wrap sidebar_right'  ><\/div><div id='after_full_slider_1'  class='main_color av_default_container_wrap container_wrap sidebar_right'  ><div class='container av-section-cont-open' ><div class='template-page content  av-content-small alpha units'><div class='post-entry post-entry-type-page post-entry-599'><div class='entry-content-wrapper clearfix'>\n\n<style type=\"text\/css\" data-created_by=\"avia_inline_auto\" id=\"style-css-av-kk2uvbsx-02253d4aee680b9469ec5cf6cb51c1c7\">\n#top .av-special-heading.av-kk2uvbsx-02253d4aee680b9469ec5cf6cb51c1c7{\npadding-bottom:10px;\n}\nbody .av-special-heading.av-kk2uvbsx-02253d4aee680b9469ec5cf6cb51c1c7 .av-special-heading-tag .heading-char{\nfont-size:25px;\n}\n.av-special-heading.av-kk2uvbsx-02253d4aee680b9469ec5cf6cb51c1c7 .av-subheading{\nfont-size:15px;\n}\n<\/style>\n<div  class='av-special-heading av-kk2uvbsx-02253d4aee680b9469ec5cf6cb51c1c7 av-special-heading-h2  avia-builder-el-1  el_after_av_slideshow_full  el_before_av_textblock  avia-builder-el-first '><h2 class='av-special-heading-tag'  itemprop=\"headline\"  >Sodan ajan lapset<\/h2><div class=\"special-heading-border\"><div class=\"special-heading-inner-border\"><\/div><\/div><\/div>\n<section  class='av_textblock_section av-a4x1b-09cd6128877b8cec8518e923b17cf68d '   itemscope=\"itemscope\" itemtype=\"https:\/\/schema.org\/CreativeWork\" ><div class='avia_textblock'  itemprop=\"text\" ><p>Sodan aikana my\u00f6s lapset joutuivat kokemaan paljon sellaista, mit\u00e4 ei olisi voinut kuvitellakaan rauhan aikana. Monet joutuivat kokemaan pommitusten kauhut ja n\u00e4kem\u00e4\u00e4n tuhoa ja kuolemaa ymp\u00e4rill\u00e4\u00e4n. Lapsia asui my\u00f6s sotatoimialueella. Rajaseudun lapsia joutui partisaanien hy\u00f6kk\u00e4ysten uhriksi. Pelko oli lapsille tuttua. Lasten kasvatus oli p\u00e4\u00e4asiassa \u00e4itien vastuulla. Is\u00e4ns\u00e4 menett\u00e4neiden sotaorpojen kohtalo oli monesti vaikea \u00e4idin yritt\u00e4ess\u00e4 yksin huolehtia perheest\u00e4\u00e4n. Evakossa olleiden lasten piti sopeutua t\u00e4ysin outoon ymp\u00e4rist\u00f6\u00f6n. Aina eiv\u00e4t rauhallisella kotiseudulla kouluissa olleet luokkatoverit ymm\u00e4rt\u00e4neet mit\u00e4 kotinsa, omaisuutensa ja toveripiirins\u00e4 menett\u00e4neet evakkolapset olivat kokeneet.<\/p>\n<p>Toisaalta lapset oppivat el\u00e4m\u00e4\u00e4n pula-ajan niukkuuden keskell\u00e4 ja olemaan iloisia pienist\u00e4kin asioista. Varttuneempien lasten osallistuminen talkoisiin ja ker\u00e4ystoimintaan lis\u00e4si vastuuntunnetta ja yhteishenke\u00e4. Monelle oli toiminta lottatytt\u00f6n\u00e4 tai sotilaspoikana tulevaa el\u00e4m\u00e4\u00e4 ajatellen kehitt\u00e4v\u00e4\u00e4 ja muistoista rikasta aikaa.<\/p>\n<p>Hyvin erikoista Suomessa oli se, ett\u00e4 maastamme l\u00e4hetettiin sotien aikana suuri m\u00e4\u00e4r\u00e4 lapsia turvaan maihin, jotka olivat sotatoimien ulkopuolella. N\u00e4it\u00e4 lapsia kutsuttiin sotalapsiksi. Jo talvisodan aikana oli 9 000 suomalaista lasta sek\u00e4 3 000 \u00e4iti\u00e4 ja vanhusta voitu l\u00e4hett\u00e4\u00e4 Ruotsiin sotaa pakoon. Jatkosodan aikana lasten l\u00e4hett\u00e4minen turvaan ja saamaan parempaa ravintoa ja muuta hoitoa laajeni olennaisesti vuoden 1942 alusta l\u00e4htien. Jatkosodan aikana yhteens\u00e4 yli 50000 suomalaista lasta sai uuden, yleens\u00e4 tilap\u00e4isen, kodin Ruotsissa ja noin<br \/>\n4 000 Tanskassa. Suomessa siirtolasten valinnasta ja kuljetuksista vastasi sosiaaliministeri\u00f6n lastensiirtotoimisto. Yleisimmin Ruotsiin l\u00e4hetettiin 3-7-vuotiaita lapsia sosiaalisiin perusteisiin nojautuvan etusijaj\u00e4rjestelm\u00e4n mukaisesti.<\/p>\n<p>Kasvatusvanhemmat eiv\u00e4t saaneet valita lapsia, vaan heid\u00e4t jaettiin numeroj\u00e4rjestyksess\u00e4. Lapset vietiin Ruotsiin numerolappu kaulassa. Perille saavuttuaan lapset joutuivat aluksi ihmettelem\u00e4\u00e4n puolueettoman maan kaupunkien piment\u00e4m\u00e4tt\u00f6mi\u00e4 h\u00e4ik\u00e4isevi\u00e4 valoja, liikenteen vilkkautta, outoa puhetta ja oudontuntuista vaatetusta. Koti-ik\u00e4v\u00e4 valtasi varsinkin aluksi monet lapset. Sodan j\u00e4lkeen ja osittain my\u00f6s sodan aikana p\u00e4\u00e4osa lapsista palasi Suomeen. Noin 6 000 lasta j\u00e4i Ruotsiin lopullisesti.<\/p>\n<p>Varsinaisten sotalasten lis\u00e4ksi noin 9 000 suomalaista lasta oli jatkosodan aikana hoidettavana ruotsalaisissa sairaaloissa. Monet olivat vakavasti sairaita, eik\u00e4 heille ollut Suomessa hoitomahdollisuuksia. Noin 2 000 lasta kuoli Ruotsin sairaaloissa, vaikka he saivat parhaan mahdollisen hoidon. Ruotsalaisten huolenpito suomalaisista lapsista oli suuriarvoinen todiste maittemme l\u00e4heisist\u00e4 ja vilpitt\u00f6mist\u00e4 suhteista.<\/p>\n<\/div><\/section>\n","protected":false},"excerpt":{"rendered":"","protected":false},"author":1,"featured_media":0,"parent":109,"menu_order":4,"comment_status":"closed","ping_status":"closed","template":"","meta":{"footnotes":""},"class_list":["post-599","page","type-page","status-publish","hentry"],"yoast_head":"<!-- This site is optimized with the Yoast SEO plugin v27.6 - https:\/\/yoast.com\/product\/yoast-seo-wordpress\/ -->\n<title>Sodan ajan lapset - Veteraanien Perint\u00f6<\/title>\n<meta name=\"robots\" content=\"index, follow, max-snippet:-1, max-image-preview:large, max-video-preview:-1\" \/>\n<link rel=\"canonical\" href=\"https:\/\/veteraanienperinto.fi\/index.php\/tietopankit\/muut-ryhmat\/sodan-ajan-lapset\/\" \/>\n<meta property=\"og:locale\" content=\"fi_FI\" \/>\n<meta property=\"og:type\" content=\"article\" \/>\n<meta property=\"og:title\" content=\"Sodan ajan lapset - Veteraanien Perint\u00f6\" \/>\n<meta property=\"og:url\" content=\"https:\/\/veteraanienperinto.fi\/index.php\/tietopankit\/muut-ryhmat\/sodan-ajan-lapset\/\" \/>\n<meta property=\"og:site_name\" content=\"Veteraanien Perint\u00f6\" \/>\n<meta property=\"article:modified_time\" content=\"2021-01-18T17:41:52+00:00\" \/>\n<meta name=\"twitter:card\" content=\"summary_large_image\" \/>\n<meta name=\"twitter:label1\" content=\"Arvioitu lukuaika\" \/>\n\t<meta name=\"twitter:data1\" content=\"3 minuuttia\" \/>\n<script type=\"application\/ld+json\" class=\"yoast-schema-graph\">{\"@context\":\"https:\\\/\\\/schema.org\",\"@graph\":[{\"@type\":\"WebPage\",\"@id\":\"https:\\\/\\\/veteraanienperinto.fi\\\/index.php\\\/tietopankit\\\/muut-ryhmat\\\/sodan-ajan-lapset\\\/\",\"url\":\"https:\\\/\\\/veteraanienperinto.fi\\\/index.php\\\/tietopankit\\\/muut-ryhmat\\\/sodan-ajan-lapset\\\/\",\"name\":\"Sodan ajan lapset - Veteraanien Perint\u00f6\",\"isPartOf\":{\"@id\":\"https:\\\/\\\/veteraanienperinto.fi\\\/#website\"},\"datePublished\":\"2020-08-29T10:53:36+00:00\",\"dateModified\":\"2021-01-18T17:41:52+00:00\",\"breadcrumb\":{\"@id\":\"https:\\\/\\\/veteraanienperinto.fi\\\/index.php\\\/tietopankit\\\/muut-ryhmat\\\/sodan-ajan-lapset\\\/#breadcrumb\"},\"inLanguage\":\"fi\",\"potentialAction\":[{\"@type\":\"ReadAction\",\"target\":[\"https:\\\/\\\/veteraanienperinto.fi\\\/index.php\\\/tietopankit\\\/muut-ryhmat\\\/sodan-ajan-lapset\\\/\"]}]},{\"@type\":\"BreadcrumbList\",\"@id\":\"https:\\\/\\\/veteraanienperinto.fi\\\/index.php\\\/tietopankit\\\/muut-ryhmat\\\/sodan-ajan-lapset\\\/#breadcrumb\",\"itemListElement\":[{\"@type\":\"ListItem\",\"position\":1,\"name\":\"Etusivu\",\"item\":\"https:\\\/\\\/veteraanienperinto.fi\\\/index.php\\\/etusivu-2\\\/\"},{\"@type\":\"ListItem\",\"position\":2,\"name\":\"Tietopankit\",\"item\":\"https:\\\/\\\/veteraanienperinto.fi\\\/index.php\\\/tietopankit\\\/\"},{\"@type\":\"ListItem\",\"position\":3,\"name\":\"Muita ryhmi\u00e4\",\"item\":\"https:\\\/\\\/veteraanienperinto.fi\\\/index.php\\\/tietopankit\\\/muut-ryhmat\\\/\"},{\"@type\":\"ListItem\",\"position\":4,\"name\":\"Sodan ajan lapset\"}]},{\"@type\":\"WebSite\",\"@id\":\"https:\\\/\\\/veteraanienperinto.fi\\\/#website\",\"url\":\"https:\\\/\\\/veteraanienperinto.fi\\\/\",\"name\":\"Veteraanien Perint\u00f6\",\"description\":\"Kadettikunta\",\"potentialAction\":[{\"@type\":\"SearchAction\",\"target\":{\"@type\":\"EntryPoint\",\"urlTemplate\":\"https:\\\/\\\/veteraanienperinto.fi\\\/?s={search_term_string}\"},\"query-input\":{\"@type\":\"PropertyValueSpecification\",\"valueRequired\":true,\"valueName\":\"search_term_string\"}}],\"inLanguage\":\"fi\"}]}<\/script>\n<!-- \/ Yoast SEO plugin. -->","yoast_head_json":{"title":"Sodan ajan lapset - Veteraanien Perint\u00f6","robots":{"index":"index","follow":"follow","max-snippet":"max-snippet:-1","max-image-preview":"max-image-preview:large","max-video-preview":"max-video-preview:-1"},"canonical":"https:\/\/veteraanienperinto.fi\/index.php\/tietopankit\/muut-ryhmat\/sodan-ajan-lapset\/","og_locale":"fi_FI","og_type":"article","og_title":"Sodan ajan lapset - Veteraanien Perint\u00f6","og_url":"https:\/\/veteraanienperinto.fi\/index.php\/tietopankit\/muut-ryhmat\/sodan-ajan-lapset\/","og_site_name":"Veteraanien Perint\u00f6","article_modified_time":"2021-01-18T17:41:52+00:00","twitter_card":"summary_large_image","twitter_misc":{"Arvioitu lukuaika":"3 minuuttia"},"schema":{"@context":"https:\/\/schema.org","@graph":[{"@type":"WebPage","@id":"https:\/\/veteraanienperinto.fi\/index.php\/tietopankit\/muut-ryhmat\/sodan-ajan-lapset\/","url":"https:\/\/veteraanienperinto.fi\/index.php\/tietopankit\/muut-ryhmat\/sodan-ajan-lapset\/","name":"Sodan ajan lapset - Veteraanien Perint\u00f6","isPartOf":{"@id":"https:\/\/veteraanienperinto.fi\/#website"},"datePublished":"2020-08-29T10:53:36+00:00","dateModified":"2021-01-18T17:41:52+00:00","breadcrumb":{"@id":"https:\/\/veteraanienperinto.fi\/index.php\/tietopankit\/muut-ryhmat\/sodan-ajan-lapset\/#breadcrumb"},"inLanguage":"fi","potentialAction":[{"@type":"ReadAction","target":["https:\/\/veteraanienperinto.fi\/index.php\/tietopankit\/muut-ryhmat\/sodan-ajan-lapset\/"]}]},{"@type":"BreadcrumbList","@id":"https:\/\/veteraanienperinto.fi\/index.php\/tietopankit\/muut-ryhmat\/sodan-ajan-lapset\/#breadcrumb","itemListElement":[{"@type":"ListItem","position":1,"name":"Etusivu","item":"https:\/\/veteraanienperinto.fi\/index.php\/etusivu-2\/"},{"@type":"ListItem","position":2,"name":"Tietopankit","item":"https:\/\/veteraanienperinto.fi\/index.php\/tietopankit\/"},{"@type":"ListItem","position":3,"name":"Muita ryhmi\u00e4","item":"https:\/\/veteraanienperinto.fi\/index.php\/tietopankit\/muut-ryhmat\/"},{"@type":"ListItem","position":4,"name":"Sodan ajan lapset"}]},{"@type":"WebSite","@id":"https:\/\/veteraanienperinto.fi\/#website","url":"https:\/\/veteraanienperinto.fi\/","name":"Veteraanien Perint\u00f6","description":"Kadettikunta","potentialAction":[{"@type":"SearchAction","target":{"@type":"EntryPoint","urlTemplate":"https:\/\/veteraanienperinto.fi\/?s={search_term_string}"},"query-input":{"@type":"PropertyValueSpecification","valueRequired":true,"valueName":"search_term_string"}}],"inLanguage":"fi"}]}},"_links":{"self":[{"href":"https:\/\/veteraanienperinto.fi\/index.php\/wp-json\/wp\/v2\/pages\/599","targetHints":{"allow":["GET"]}}],"collection":[{"href":"https:\/\/veteraanienperinto.fi\/index.php\/wp-json\/wp\/v2\/pages"}],"about":[{"href":"https:\/\/veteraanienperinto.fi\/index.php\/wp-json\/wp\/v2\/types\/page"}],"author":[{"embeddable":true,"href":"https:\/\/veteraanienperinto.fi\/index.php\/wp-json\/wp\/v2\/users\/1"}],"replies":[{"embeddable":true,"href":"https:\/\/veteraanienperinto.fi\/index.php\/wp-json\/wp\/v2\/comments?post=599"}],"version-history":[{"count":6,"href":"https:\/\/veteraanienperinto.fi\/index.php\/wp-json\/wp\/v2\/pages\/599\/revisions"}],"predecessor-version":[{"id":9940,"href":"https:\/\/veteraanienperinto.fi\/index.php\/wp-json\/wp\/v2\/pages\/599\/revisions\/9940"}],"up":[{"embeddable":true,"href":"https:\/\/veteraanienperinto.fi\/index.php\/wp-json\/wp\/v2\/pages\/109"}],"wp:attachment":[{"href":"https:\/\/veteraanienperinto.fi\/index.php\/wp-json\/wp\/v2\/media?parent=599"}],"curies":[{"name":"wp","href":"https:\/\/api.w.org\/{rel}","templated":true}]}}