{"id":5992,"date":"2020-11-18T12:44:00","date_gmt":"2020-11-18T12:44:00","guid":{"rendered":"https:\/\/veteraani.ylirotu.fi\/?page_id=5992"},"modified":"2020-12-15T10:06:56","modified_gmt":"2020-12-15T10:06:56","slug":"bron-vid-puro","status":"publish","type":"page","link":"https:\/\/veteraanienperinto.fi\/index.php\/sv\/fortsattningskriget\/berattelser-i-fortsattningkriget\/krigets-gang\/stallningskriget\/bron-vid-puro\/","title":{"rendered":"Bron vid Puro"},"content":{"rendered":"\n<style type=\"text\/css\" data-created_by=\"avia_inline_auto\" id=\"style-css-av-kiptlpdu-55ae684fe86b27a7434745c864364660\">\n#top .av-special-heading.av-kiptlpdu-55ae684fe86b27a7434745c864364660{\npadding-bottom:5px;\n}\nbody .av-special-heading.av-kiptlpdu-55ae684fe86b27a7434745c864364660 .av-special-heading-tag .heading-char{\nfont-size:25px;\n}\n.av-special-heading.av-kiptlpdu-55ae684fe86b27a7434745c864364660 .av-subheading{\nfont-size:15px;\n}\n<\/style>\n<div  class='av-special-heading av-kiptlpdu-55ae684fe86b27a7434745c864364660 av-special-heading-h3  avia-builder-el-0  avia-builder-el-no-sibling '><h3 class='av-special-heading-tag'  itemprop=\"headline\"  >Bron vid Puro<\/h3><div class=\"special-heading-border\"><div class=\"special-heading-inner-border\"><\/div><\/div><\/div>\n<section  class='av_textblock_section av-kei9w74n-7b0f008125a778f48432b9a614d90d0f '   itemscope=\"itemscope\" itemtype=\"https:\/\/schema.org\/CreativeWork\" ><div class='avia_textblock'  itemprop=\"text\" ><p>I ett l\u00e5ngt krig h\u00e4nder det alltid saker, oftast mycket allvarliga, men ibland h\u00e4ndelser, som man m\u00e5ste sm\u00e5le \u00e5t &#8211; efter\u00e5t.<\/p>\n<p>Det var sommaren -42 och v\u00e5rt regemente l\u00e5g i st\u00e4llning s\u00f6der om Svir. Till mitt kompaniavsnitt h\u00f6rde bl.a. en j\u00e4rnv\u00e4g, som gick genom v\u00e5ra linjer och via en ca. 40 meter l\u00e5ng bro \u00f6ver den s.k. Purofloden rakt in i de ryska linjerna (anfallet h\u00f6sten -41 hade stannat h\u00e4r). I h\u00e4ndelse av ett motanfall fr\u00e4n ryska sidan skulle bron ha stor betydelse, varf\u00f6r v\u00e5r h\u00f6gsta ledning fr\u00e5n arm\u00e9k\u00e5rschefen till l\u00e4gre kommend\u00f6rer brydde sin hj\u00e4rnor med huru vi skulle beg\u00e5 vid ett \u00f6verraskande fientligt anfall. Bron m\u00e5ste vara spr\u00e4ngd f\u00f6r att f\u00f6rsv\u00e5ra framryckningen. Men \u00e5 andra sidan skulle bron ej spr\u00e4ngas i on\u00f6dan, den kunde beh\u00f6vas vid en eventuell framryckning.<\/p>\n<p>Olika f\u00f6rslag diskuterades och de h\u00f6gsta cheferna var ute till mitt avsnitt f\u00f6r att studera problemet. Bl.a. f\u00f6reslogs att en man vid ett fientligt anfall skulle taga sig ut p\u00e5 bron och spr\u00e4nga den i i luften. Men den gossen \u00e4r \u00e4nnu inte f\u00f6dd, som levande skulle klarat det uppdraget, vilket jag \u00e4ven nogsamt framh\u00f6ll f\u00f6r beslutsfattarna. Slutresultatet blev, att vi en m\u00f6rk natt sl\u00e4pade ut en massa spr\u00e4ng\u00e4mnen p\u00e5 v\u00e5r halva av bron och via en stubintr\u00e5d ordnades en spr\u00e4ngknapp p\u00e5 skyddad plats i l\u00f6pgraven. Vid ett fientligt anfall skulle en pigg och vaken undersergeant trycka p\u00e5 knappen efter order av mig. Men nu h\u00e4nde det sig inte b\u00e4ttre, \u00e4n att n\u00e4mnda undersergeant skulle resa p\u00e5 permission och \u00f6verl\u00e4t d\u00e5 ansvaret f\u00f6r knappen \u00e5t en annan betrodd undersergeant.<\/p>\n<p>Pl\u00f6tsligt h\u00f6r vi en v\u00e5ldsam explosion. Korsuf\u00f6nstren skallrade p\u00e5 en kilometers avst\u00e5nd, grus, stenar, stockar, delar av j\u00e4rnv\u00e4gsskenor m.m. fl\u00f6g omkring i luften, s\u00e5 killarna fick ducka som vid ett b\u00e4ttre granatregn.<\/p>\n<p>Bron spr\u00e4ngdes helt enkelt i sina enkla best\u00e5ndsdelar; och s\u00e5 hade vi ett problem mindre!<\/p>\n<p>Undersergeanten hade instruerat den nya &#8221;knapptryckaren&#8221; samvetsgrant och grundligt och sj\u00e4lv tryckt p\u00e5 knappen &#8211; givetvis i misstag &#8211; med ovann\u00e4mnda f\u00f6r\u00f6dande resultat. Jag tror att denna radikala l\u00f6sning av ett problem, som v\u00e5llat v\u00e5ra h\u00f6gre chefer s\u00e5 mycket huvudbry trots allt var den b\u00e4sta.<\/p>\n<p>Visst visade de litet bistra miner, \u00e5tminstone ytligt, n\u00e4r de fick h\u00f6ra om sm\u00e4llen. Men enligt rapporter, som jag senare fick, hade det skedda betytt ett problem mindre ocks\u00e5 f\u00f6r v\u00e5ra h\u00f6ga beslutsfattare och f\u00f6ranlett m\u00e5nga sm\u00e5leenden och allm\u00e4n munterhet.<\/p>\n<p>Till saken h\u00f6r, att ryssarna vid tv\u00e5 tillf\u00e4llen hade f\u00f6rs\u00f6kt spr\u00e4nga n\u00e4mnda bro, men blivit uppt\u00e4ckta och tvingats dra sig tillbaka kvarl\u00e4mnande s\u00e4ckar med trotyl. Jag skulle gett mycket f\u00f6r att f\u00e5 se deras miner, n\u00e4r de s\u00e5g eller h\u00f6rde att bron pl\u00f6tsligt fl\u00f6g i luften. Att vi s\u00e5ledes hade utf\u00f6rt det, som de ocks\u00e5 var ute efter.<\/p>\n<p>I regel hade vi ju motsatta \u00e5sikter om saker och ting. Men denna g\u00e5ng tycktes v\u00e5ra intressen ha sammanfallit &#8211; \u00e5tminstone trodde nog grannarna p\u00e5 andra sidan b\u00e4cken det. Bra i alla fall, att ett problem var borta. Det fanns ju tillr\u00e4ckligt m\u00e5nga kvar \u00e4nd\u00e5.<\/p>\n<p><strong>Holger Ingberg<\/strong><\/p>\n<p>P.S. Huvudpersonen i dramat skickades bort en kort tid efter\u00e5t &#8211; till RUK! Inte p\u00e5 grund av sin dokumenterade spr\u00e4ngteknik &#8211; utan trots den. Jag visste vad jag gjorde, n\u00e4r jag f\u00f6reslog honom till RUK. Han \u00e5terv\u00e4nde ocks\u00e5 senare som en pigg och hurtig reservf\u00e4nrik!<\/p>\n<p><em><strong>Ur boken:<\/strong><\/em><br \/>\n<em>Nils-Erik Nykvist: Sextiettan<\/em><\/p>\n<\/div><\/section>\n<section  class='av_textblock_section av-2d0qyj-b9a19c996ee1a230204369d03bd32274 '   itemscope=\"itemscope\" itemtype=\"https:\/\/schema.org\/CreativeWork\" ><div class='avia_textblock'  itemprop=\"text\" ><p>0<\/p>\n<\/div><\/section>\n","protected":false},"excerpt":{"rendered":"","protected":false},"author":1,"featured_media":0,"parent":5980,"menu_order":2,"comment_status":"closed","ping_status":"closed","template":"","meta":{"footnotes":""},"class_list":["post-5992","page","type-page","status-publish","hentry"],"yoast_head":"<!-- This site is optimized with the Yoast SEO plugin v27.5 - https:\/\/yoast.com\/product\/yoast-seo-wordpress\/ -->\n<title>Bron vid Puro - Veteraanien Perint\u00f6<\/title>\n<meta name=\"robots\" content=\"index, follow, max-snippet:-1, max-image-preview:large, max-video-preview:-1\" \/>\n<link rel=\"canonical\" href=\"https:\/\/veteraanienperinto.fi\/index.php\/sv\/fortsattningskriget\/berattelser-i-fortsattningkriget\/krigets-gang\/stallningskriget\/bron-vid-puro\/\" \/>\n<meta property=\"og:locale\" content=\"fi_FI\" \/>\n<meta property=\"og:type\" content=\"article\" \/>\n<meta property=\"og:title\" content=\"Bron vid Puro - Veteraanien Perint\u00f6\" \/>\n<meta property=\"og:url\" content=\"https:\/\/veteraanienperinto.fi\/index.php\/sv\/fortsattningskriget\/berattelser-i-fortsattningkriget\/krigets-gang\/stallningskriget\/bron-vid-puro\/\" \/>\n<meta property=\"og:site_name\" content=\"Veteraanien Perint\u00f6\" \/>\n<meta property=\"article:modified_time\" content=\"2020-12-15T10:06:56+00:00\" \/>\n<meta name=\"twitter:card\" content=\"summary_large_image\" \/>\n<meta name=\"twitter:label1\" content=\"Arvioitu lukuaika\" \/>\n\t<meta name=\"twitter:data1\" content=\"4 minuuttia\" \/>\n<script type=\"application\/ld+json\" class=\"yoast-schema-graph\">{\"@context\":\"https:\\\/\\\/schema.org\",\"@graph\":[{\"@type\":\"WebPage\",\"@id\":\"https:\\\/\\\/veteraanienperinto.fi\\\/index.php\\\/sv\\\/fortsattningskriget\\\/berattelser-i-fortsattningkriget\\\/krigets-gang\\\/stallningskriget\\\/bron-vid-puro\\\/\",\"url\":\"https:\\\/\\\/veteraanienperinto.fi\\\/index.php\\\/sv\\\/fortsattningskriget\\\/berattelser-i-fortsattningkriget\\\/krigets-gang\\\/stallningskriget\\\/bron-vid-puro\\\/\",\"name\":\"Bron vid Puro - Veteraanien Perint\u00f6\",\"isPartOf\":{\"@id\":\"https:\\\/\\\/veteraanienperinto.fi\\\/#website\"},\"datePublished\":\"2020-11-18T12:44:00+00:00\",\"dateModified\":\"2020-12-15T10:06:56+00:00\",\"breadcrumb\":{\"@id\":\"https:\\\/\\\/veteraanienperinto.fi\\\/index.php\\\/sv\\\/fortsattningskriget\\\/berattelser-i-fortsattningkriget\\\/krigets-gang\\\/stallningskriget\\\/bron-vid-puro\\\/#breadcrumb\"},\"inLanguage\":\"fi\",\"potentialAction\":[{\"@type\":\"ReadAction\",\"target\":[\"https:\\\/\\\/veteraanienperinto.fi\\\/index.php\\\/sv\\\/fortsattningskriget\\\/berattelser-i-fortsattningkriget\\\/krigets-gang\\\/stallningskriget\\\/bron-vid-puro\\\/\"]}]},{\"@type\":\"BreadcrumbList\",\"@id\":\"https:\\\/\\\/veteraanienperinto.fi\\\/index.php\\\/sv\\\/fortsattningskriget\\\/berattelser-i-fortsattningkriget\\\/krigets-gang\\\/stallningskriget\\\/bron-vid-puro\\\/#breadcrumb\",\"itemListElement\":[{\"@type\":\"ListItem\",\"position\":1,\"name\":\"Etusivu\",\"item\":\"https:\\\/\\\/veteraanienperinto.fi\\\/index.php\\\/etusivu-2\\\/\"},{\"@type\":\"ListItem\",\"position\":2,\"name\":\"Forts\u00e4ttningskriget\",\"item\":\"https:\\\/\\\/veteraanienperinto.fi\\\/index.php\\\/sv\\\/fortsattningskriget\\\/\"},{\"@type\":\"ListItem\",\"position\":3,\"name\":\"Ber\u00e4ttelser i forts\u00e4ttningkriget\",\"item\":\"https:\\\/\\\/veteraanienperinto.fi\\\/index.php\\\/sv\\\/fortsattningskriget\\\/berattelser-i-fortsattningkriget\\\/\"},{\"@type\":\"ListItem\",\"position\":4,\"name\":\"Krigets g\u00e5ng\",\"item\":\"https:\\\/\\\/veteraanienperinto.fi\\\/index.php\\\/sv\\\/fortsattningskriget\\\/berattelser-i-fortsattningkriget\\\/krigets-gang\\\/\"},{\"@type\":\"ListItem\",\"position\":5,\"name\":\"St\u00e4llningskriget\",\"item\":\"https:\\\/\\\/veteraanienperinto.fi\\\/index.php\\\/sv\\\/fortsattningskriget\\\/berattelser-i-fortsattningkriget\\\/krigets-gang\\\/stallningskriget\\\/\"},{\"@type\":\"ListItem\",\"position\":6,\"name\":\"Bron vid Puro\"}]},{\"@type\":\"WebSite\",\"@id\":\"https:\\\/\\\/veteraanienperinto.fi\\\/#website\",\"url\":\"https:\\\/\\\/veteraanienperinto.fi\\\/\",\"name\":\"Veteraanien Perint\u00f6\",\"description\":\"Kadettikunta\",\"potentialAction\":[{\"@type\":\"SearchAction\",\"target\":{\"@type\":\"EntryPoint\",\"urlTemplate\":\"https:\\\/\\\/veteraanienperinto.fi\\\/?s={search_term_string}\"},\"query-input\":{\"@type\":\"PropertyValueSpecification\",\"valueRequired\":true,\"valueName\":\"search_term_string\"}}],\"inLanguage\":\"fi\"}]}<\/script>\n<!-- \/ Yoast SEO plugin. -->","yoast_head_json":{"title":"Bron vid Puro - Veteraanien Perint\u00f6","robots":{"index":"index","follow":"follow","max-snippet":"max-snippet:-1","max-image-preview":"max-image-preview:large","max-video-preview":"max-video-preview:-1"},"canonical":"https:\/\/veteraanienperinto.fi\/index.php\/sv\/fortsattningskriget\/berattelser-i-fortsattningkriget\/krigets-gang\/stallningskriget\/bron-vid-puro\/","og_locale":"fi_FI","og_type":"article","og_title":"Bron vid Puro - Veteraanien Perint\u00f6","og_url":"https:\/\/veteraanienperinto.fi\/index.php\/sv\/fortsattningskriget\/berattelser-i-fortsattningkriget\/krigets-gang\/stallningskriget\/bron-vid-puro\/","og_site_name":"Veteraanien Perint\u00f6","article_modified_time":"2020-12-15T10:06:56+00:00","twitter_card":"summary_large_image","twitter_misc":{"Arvioitu lukuaika":"4 minuuttia"},"schema":{"@context":"https:\/\/schema.org","@graph":[{"@type":"WebPage","@id":"https:\/\/veteraanienperinto.fi\/index.php\/sv\/fortsattningskriget\/berattelser-i-fortsattningkriget\/krigets-gang\/stallningskriget\/bron-vid-puro\/","url":"https:\/\/veteraanienperinto.fi\/index.php\/sv\/fortsattningskriget\/berattelser-i-fortsattningkriget\/krigets-gang\/stallningskriget\/bron-vid-puro\/","name":"Bron vid Puro - Veteraanien Perint\u00f6","isPartOf":{"@id":"https:\/\/veteraanienperinto.fi\/#website"},"datePublished":"2020-11-18T12:44:00+00:00","dateModified":"2020-12-15T10:06:56+00:00","breadcrumb":{"@id":"https:\/\/veteraanienperinto.fi\/index.php\/sv\/fortsattningskriget\/berattelser-i-fortsattningkriget\/krigets-gang\/stallningskriget\/bron-vid-puro\/#breadcrumb"},"inLanguage":"fi","potentialAction":[{"@type":"ReadAction","target":["https:\/\/veteraanienperinto.fi\/index.php\/sv\/fortsattningskriget\/berattelser-i-fortsattningkriget\/krigets-gang\/stallningskriget\/bron-vid-puro\/"]}]},{"@type":"BreadcrumbList","@id":"https:\/\/veteraanienperinto.fi\/index.php\/sv\/fortsattningskriget\/berattelser-i-fortsattningkriget\/krigets-gang\/stallningskriget\/bron-vid-puro\/#breadcrumb","itemListElement":[{"@type":"ListItem","position":1,"name":"Etusivu","item":"https:\/\/veteraanienperinto.fi\/index.php\/etusivu-2\/"},{"@type":"ListItem","position":2,"name":"Forts\u00e4ttningskriget","item":"https:\/\/veteraanienperinto.fi\/index.php\/sv\/fortsattningskriget\/"},{"@type":"ListItem","position":3,"name":"Ber\u00e4ttelser i forts\u00e4ttningkriget","item":"https:\/\/veteraanienperinto.fi\/index.php\/sv\/fortsattningskriget\/berattelser-i-fortsattningkriget\/"},{"@type":"ListItem","position":4,"name":"Krigets g\u00e5ng","item":"https:\/\/veteraanienperinto.fi\/index.php\/sv\/fortsattningskriget\/berattelser-i-fortsattningkriget\/krigets-gang\/"},{"@type":"ListItem","position":5,"name":"St\u00e4llningskriget","item":"https:\/\/veteraanienperinto.fi\/index.php\/sv\/fortsattningskriget\/berattelser-i-fortsattningkriget\/krigets-gang\/stallningskriget\/"},{"@type":"ListItem","position":6,"name":"Bron vid Puro"}]},{"@type":"WebSite","@id":"https:\/\/veteraanienperinto.fi\/#website","url":"https:\/\/veteraanienperinto.fi\/","name":"Veteraanien Perint\u00f6","description":"Kadettikunta","potentialAction":[{"@type":"SearchAction","target":{"@type":"EntryPoint","urlTemplate":"https:\/\/veteraanienperinto.fi\/?s={search_term_string}"},"query-input":{"@type":"PropertyValueSpecification","valueRequired":true,"valueName":"search_term_string"}}],"inLanguage":"fi"}]}},"_links":{"self":[{"href":"https:\/\/veteraanienperinto.fi\/index.php\/wp-json\/wp\/v2\/pages\/5992","targetHints":{"allow":["GET"]}}],"collection":[{"href":"https:\/\/veteraanienperinto.fi\/index.php\/wp-json\/wp\/v2\/pages"}],"about":[{"href":"https:\/\/veteraanienperinto.fi\/index.php\/wp-json\/wp\/v2\/types\/page"}],"author":[{"embeddable":true,"href":"https:\/\/veteraanienperinto.fi\/index.php\/wp-json\/wp\/v2\/users\/1"}],"replies":[{"embeddable":true,"href":"https:\/\/veteraanienperinto.fi\/index.php\/wp-json\/wp\/v2\/comments?post=5992"}],"version-history":[{"count":3,"href":"https:\/\/veteraanienperinto.fi\/index.php\/wp-json\/wp\/v2\/pages\/5992\/revisions"}],"predecessor-version":[{"id":7798,"href":"https:\/\/veteraanienperinto.fi\/index.php\/wp-json\/wp\/v2\/pages\/5992\/revisions\/7798"}],"up":[{"embeddable":true,"href":"https:\/\/veteraanienperinto.fi\/index.php\/wp-json\/wp\/v2\/pages\/5980"}],"wp:attachment":[{"href":"https:\/\/veteraanienperinto.fi\/index.php\/wp-json\/wp\/v2\/media?parent=5992"}],"curies":[{"name":"wp","href":"https:\/\/api.w.org\/{rel}","templated":true}]}}