{"id":6032,"date":"2020-11-18T12:59:26","date_gmt":"2020-11-18T12:59:26","guid":{"rendered":"https:\/\/veteraani.ylirotu.fi\/?page_id=6032"},"modified":"2020-12-15T11:42:36","modified_gmt":"2020-12-15T11:42:36","slug":"proviantering-pa-ingenmansland","status":"publish","type":"page","link":"https:\/\/veteraanienperinto.fi\/index.php\/sv\/fortsattningskriget\/berattelser-i-fortsattningkriget\/krigets-gang\/stallningskriget\/proviantering-pa-ingenmansland\/","title":{"rendered":"Proviantering p\u00e5 ingenmansland"},"content":{"rendered":"\n<style type=\"text\/css\" data-created_by=\"avia_inline_auto\" id=\"style-css-av-kipx187u-1048715a315cb4bbeacda9a62a0c9295\">\n#top .av-special-heading.av-kipx187u-1048715a315cb4bbeacda9a62a0c9295{\npadding-bottom:5px;\n}\nbody .av-special-heading.av-kipx187u-1048715a315cb4bbeacda9a62a0c9295 .av-special-heading-tag .heading-char{\nfont-size:25px;\n}\n.av-special-heading.av-kipx187u-1048715a315cb4bbeacda9a62a0c9295 .av-subheading{\nfont-size:15px;\n}\n<\/style>\n<div  class='av-special-heading av-kipx187u-1048715a315cb4bbeacda9a62a0c9295 av-special-heading-h3  avia-builder-el-0  avia-builder-el-no-sibling '><h3 class='av-special-heading-tag'  itemprop=\"headline\"  >Proviantering p\u00e5 ingenmansland<\/h3><div class=\"special-heading-border\"><div class=\"special-heading-inner-border\"><\/div><\/div><\/div>\n<section  class='av_textblock_section av-kei9w74n-7b0f008125a778f48432b9a614d90d0f '   itemscope=\"itemscope\" itemtype=\"https:\/\/schema.org\/CreativeWork\" ><div class='avia_textblock'  itemprop=\"text\" ><p><strong>Eric Stens:<\/strong><\/p>\n<p>De h\u00e4ftiga striderna i augusti vid Varloi hade p\u00e5g\u00e5tt ett par dagar. Ammunitionsf\u00f6rs\u00f6rjningen hade fungerat men underh\u00e5llet kunde inte klara av v\u00e5r bespisning. Urusla v\u00e4gar, artilleri- och granatkastarbeskjutning satte stopp h\u00e4rf\u00f6r. Ett par dygn utan mat! Hungern blir man inte van vid i f\u00f6rsta taget. Den gjorde sig p\u00e5mind i varje sekund. Den gav en obehaglig k\u00e4nsla. Vi blev l\u00e4ttretliga, obeh\u00e4rskade och o\u00f6verlagda handlingar l\u00e5g n\u00e4ra till.<\/p>\n<p>Det hade blivit eftermiddag och paus i v\u00e5rt anfall. Ingenting distraherade d\u00e5 hungerk\u00e4nslan.<\/p>\n<p>Vi hade det intrycket, att v\u00e5r motst\u00e5ndare inte sparade p\u00e5 sitt soldatmaterial. D\u00e4rf\u00f6r hade striderna tagit m\u00e5nga, m\u00e5nga unga pojkars liv. Bara en 20-25 meter framf\u00f6r v\u00e5r linje l\u00e5g \u00e5tskilliga.<\/p>\n<p>Av erfarenhet visste vi, att ryska soldater var r\u00e4tt v\u00e4lf\u00f6rsedda med &#8221;stridskost&#8221;. Men vi: tv\u00e5 dygn utan mat! Magen vr\u00e5lade inom oss. Skulle vi v\u00e5ga utnyttja alla m\u00f6jligheter? Vad hade de stupade ryssarna i sina br\u00f6dv\u00e4skor? Limpor, kanske konserver?<\/p>\n<p>&#8211; Akta er f\u00f6r rysk mat! hade v\u00e5ra chefer sagt. F\u00f6rgiftad! Och vattnet likas\u00e5.<\/p>\n<p>I detta fall kunde det ingalunda vara s\u00e5. Ingen soldat b\u00e4r f\u00f6rst\u00e5s f\u00f6rgiftad mat i sin br\u00f6dv\u00e4ska. I sagor kan s\u00e5dant ber\u00e4ttas.<\/p>\n<p>Br\u00f6d p\u00e5 bara 25 meters avst\u00e5nd! Jag resonerar med mig sj\u00e4lv och fattar beslut. Nu skall jag ta chansen!<\/p>\n<p>De stridsberedda ryssarna befann sig p\u00e5 betryggande avst\u00e5nd. Ingen risk att jag skulle f\u00e5 eld \u00f6ver mig.<\/p>\n<p>Jag gick.<\/p>\n<p>D\u00e4r l\u00e5g de ryska pojkarna, en del \u00f6ppet i mjuk mossa och ris, andra i skydd bakom n\u00e5gon tallrot eller mindre sten. Jag hade \u00f6ga fr\u00e4mst p\u00e5 deras br\u00f6dv\u00e4skor. Jag k\u00e4nde p\u00e5 dem. Just det hade jag vetat och v\u00e4ntat: limpor och konservburkar. Jag inventerade tre v\u00e4skor och \u00e5terv\u00e4nde med beg\u00e4rligt byte: tre limpor, varav en p\u00e5b\u00f6rjad och tv\u00e5 konservburkar.<\/p>\n<p>Mina sju gruppkarnrater samlade sig i ring kring mig. Jag skar skivor av den p\u00e5b\u00f6rjade limpan och slog h\u00e5l i ena konservburken. Fett steg upp genom h\u00e5let.<\/p>\n<p>&#8211; F\u00e5r det lov att vara? fr\u00e5gade jag kamraterna. De s\u00e5g v\u00e4ldigt beg\u00e4rligt p\u00e5 mitt \u00e4tande, men tveksamheten inf\u00f6r fiendematen gjorde att ett jakande svar uteblev.<\/p>\n<p>&#8211; Vi ska v\u00e4nta en stund f\u00f6r att bli f\u00f6rvissade om att du inte beh\u00f6ver hj\u00e4lp av sanit\u00e4rer och Jsp.<\/p>\n<p>Aldrig tidigare hade jag \u00e4tit med s\u00e5dan aptit.<\/p>\n<p>&#8211; Om det h\u00e4nder mig n\u00e5got efter den h\u00e4r m\u00e5ltiden kan ni ju skriva och ber\u00e4tta f\u00f6r min maka Irma.<\/p>\n<p>Kamraterna v\u00e4ntade 15-20 minuter.<\/p>\n<p>&#8211; Hur m\u00e5r du? fr\u00e5gade de f\u00f6r att f\u00e5 verklig klarhet.<\/p>\n<p>&#8211; Som prinsen i bagarboden! Tag vara p\u00e5 vad R\u00f6da arm\u00e9n bjuder. Det sker inte i den h\u00e4r formen alla dagar.<\/p>\n<p>Ocks\u00e5 de gick p\u00e5 proviantresa in p\u00e5 ingenmansland. &#8211; Nytt anfall satte ig\u00e5ng i kv\u00e4llsskymningen.<\/p>\n<p><strong><em>Ur boken:<\/em><\/strong><br \/>\n<em>Einar Snickars: Veteraner minns<\/em><\/p>\n<\/div><\/section>\n<section  class='av_textblock_section av-26nu8o-de7b19f6a4ff4a85782c022ea993fc53 '   itemscope=\"itemscope\" itemtype=\"https:\/\/schema.org\/CreativeWork\" ><div class='avia_textblock'  itemprop=\"text\" ><p>0<\/p>\n<\/div><\/section>\n","protected":false},"excerpt":{"rendered":"","protected":false},"author":1,"featured_media":0,"parent":5980,"menu_order":12,"comment_status":"closed","ping_status":"closed","template":"","meta":{"footnotes":""},"class_list":["post-6032","page","type-page","status-publish","hentry"],"yoast_head":"<!-- This site is optimized with the Yoast SEO plugin v27.5 - https:\/\/yoast.com\/product\/yoast-seo-wordpress\/ -->\n<title>Proviantering p\u00e5 ingenmansland - Veteraanien Perint\u00f6<\/title>\n<meta name=\"robots\" content=\"index, follow, max-snippet:-1, max-image-preview:large, max-video-preview:-1\" \/>\n<link rel=\"canonical\" href=\"https:\/\/veteraanienperinto.fi\/index.php\/sv\/fortsattningskriget\/berattelser-i-fortsattningkriget\/krigets-gang\/stallningskriget\/proviantering-pa-ingenmansland\/\" \/>\n<meta property=\"og:locale\" content=\"fi_FI\" \/>\n<meta property=\"og:type\" content=\"article\" \/>\n<meta property=\"og:title\" content=\"Proviantering p\u00e5 ingenmansland - Veteraanien Perint\u00f6\" \/>\n<meta property=\"og:url\" content=\"https:\/\/veteraanienperinto.fi\/index.php\/sv\/fortsattningskriget\/berattelser-i-fortsattningkriget\/krigets-gang\/stallningskriget\/proviantering-pa-ingenmansland\/\" \/>\n<meta property=\"og:site_name\" content=\"Veteraanien Perint\u00f6\" \/>\n<meta property=\"article:modified_time\" content=\"2020-12-15T11:42:36+00:00\" \/>\n<meta name=\"twitter:card\" content=\"summary_large_image\" \/>\n<meta name=\"twitter:label1\" content=\"Arvioitu lukuaika\" \/>\n\t<meta name=\"twitter:data1\" content=\"4 minuuttia\" \/>\n<script type=\"application\/ld+json\" class=\"yoast-schema-graph\">{\"@context\":\"https:\\\/\\\/schema.org\",\"@graph\":[{\"@type\":\"WebPage\",\"@id\":\"https:\\\/\\\/veteraanienperinto.fi\\\/index.php\\\/sv\\\/fortsattningskriget\\\/berattelser-i-fortsattningkriget\\\/krigets-gang\\\/stallningskriget\\\/proviantering-pa-ingenmansland\\\/\",\"url\":\"https:\\\/\\\/veteraanienperinto.fi\\\/index.php\\\/sv\\\/fortsattningskriget\\\/berattelser-i-fortsattningkriget\\\/krigets-gang\\\/stallningskriget\\\/proviantering-pa-ingenmansland\\\/\",\"name\":\"Proviantering p\u00e5 ingenmansland - Veteraanien Perint\u00f6\",\"isPartOf\":{\"@id\":\"https:\\\/\\\/veteraanienperinto.fi\\\/#website\"},\"datePublished\":\"2020-11-18T12:59:26+00:00\",\"dateModified\":\"2020-12-15T11:42:36+00:00\",\"breadcrumb\":{\"@id\":\"https:\\\/\\\/veteraanienperinto.fi\\\/index.php\\\/sv\\\/fortsattningskriget\\\/berattelser-i-fortsattningkriget\\\/krigets-gang\\\/stallningskriget\\\/proviantering-pa-ingenmansland\\\/#breadcrumb\"},\"inLanguage\":\"fi\",\"potentialAction\":[{\"@type\":\"ReadAction\",\"target\":[\"https:\\\/\\\/veteraanienperinto.fi\\\/index.php\\\/sv\\\/fortsattningskriget\\\/berattelser-i-fortsattningkriget\\\/krigets-gang\\\/stallningskriget\\\/proviantering-pa-ingenmansland\\\/\"]}]},{\"@type\":\"BreadcrumbList\",\"@id\":\"https:\\\/\\\/veteraanienperinto.fi\\\/index.php\\\/sv\\\/fortsattningskriget\\\/berattelser-i-fortsattningkriget\\\/krigets-gang\\\/stallningskriget\\\/proviantering-pa-ingenmansland\\\/#breadcrumb\",\"itemListElement\":[{\"@type\":\"ListItem\",\"position\":1,\"name\":\"Etusivu\",\"item\":\"https:\\\/\\\/veteraanienperinto.fi\\\/index.php\\\/etusivu-2\\\/\"},{\"@type\":\"ListItem\",\"position\":2,\"name\":\"Forts\u00e4ttningskriget\",\"item\":\"https:\\\/\\\/veteraanienperinto.fi\\\/index.php\\\/sv\\\/fortsattningskriget\\\/\"},{\"@type\":\"ListItem\",\"position\":3,\"name\":\"Ber\u00e4ttelser i forts\u00e4ttningkriget\",\"item\":\"https:\\\/\\\/veteraanienperinto.fi\\\/index.php\\\/sv\\\/fortsattningskriget\\\/berattelser-i-fortsattningkriget\\\/\"},{\"@type\":\"ListItem\",\"position\":4,\"name\":\"Krigets g\u00e5ng\",\"item\":\"https:\\\/\\\/veteraanienperinto.fi\\\/index.php\\\/sv\\\/fortsattningskriget\\\/berattelser-i-fortsattningkriget\\\/krigets-gang\\\/\"},{\"@type\":\"ListItem\",\"position\":5,\"name\":\"St\u00e4llningskriget\",\"item\":\"https:\\\/\\\/veteraanienperinto.fi\\\/index.php\\\/sv\\\/fortsattningskriget\\\/berattelser-i-fortsattningkriget\\\/krigets-gang\\\/stallningskriget\\\/\"},{\"@type\":\"ListItem\",\"position\":6,\"name\":\"Proviantering p\u00e5 ingenmansland\"}]},{\"@type\":\"WebSite\",\"@id\":\"https:\\\/\\\/veteraanienperinto.fi\\\/#website\",\"url\":\"https:\\\/\\\/veteraanienperinto.fi\\\/\",\"name\":\"Veteraanien Perint\u00f6\",\"description\":\"Kadettikunta\",\"potentialAction\":[{\"@type\":\"SearchAction\",\"target\":{\"@type\":\"EntryPoint\",\"urlTemplate\":\"https:\\\/\\\/veteraanienperinto.fi\\\/?s={search_term_string}\"},\"query-input\":{\"@type\":\"PropertyValueSpecification\",\"valueRequired\":true,\"valueName\":\"search_term_string\"}}],\"inLanguage\":\"fi\"}]}<\/script>\n<!-- \/ Yoast SEO plugin. -->","yoast_head_json":{"title":"Proviantering p\u00e5 ingenmansland - Veteraanien Perint\u00f6","robots":{"index":"index","follow":"follow","max-snippet":"max-snippet:-1","max-image-preview":"max-image-preview:large","max-video-preview":"max-video-preview:-1"},"canonical":"https:\/\/veteraanienperinto.fi\/index.php\/sv\/fortsattningskriget\/berattelser-i-fortsattningkriget\/krigets-gang\/stallningskriget\/proviantering-pa-ingenmansland\/","og_locale":"fi_FI","og_type":"article","og_title":"Proviantering p\u00e5 ingenmansland - Veteraanien Perint\u00f6","og_url":"https:\/\/veteraanienperinto.fi\/index.php\/sv\/fortsattningskriget\/berattelser-i-fortsattningkriget\/krigets-gang\/stallningskriget\/proviantering-pa-ingenmansland\/","og_site_name":"Veteraanien Perint\u00f6","article_modified_time":"2020-12-15T11:42:36+00:00","twitter_card":"summary_large_image","twitter_misc":{"Arvioitu lukuaika":"4 minuuttia"},"schema":{"@context":"https:\/\/schema.org","@graph":[{"@type":"WebPage","@id":"https:\/\/veteraanienperinto.fi\/index.php\/sv\/fortsattningskriget\/berattelser-i-fortsattningkriget\/krigets-gang\/stallningskriget\/proviantering-pa-ingenmansland\/","url":"https:\/\/veteraanienperinto.fi\/index.php\/sv\/fortsattningskriget\/berattelser-i-fortsattningkriget\/krigets-gang\/stallningskriget\/proviantering-pa-ingenmansland\/","name":"Proviantering p\u00e5 ingenmansland - Veteraanien Perint\u00f6","isPartOf":{"@id":"https:\/\/veteraanienperinto.fi\/#website"},"datePublished":"2020-11-18T12:59:26+00:00","dateModified":"2020-12-15T11:42:36+00:00","breadcrumb":{"@id":"https:\/\/veteraanienperinto.fi\/index.php\/sv\/fortsattningskriget\/berattelser-i-fortsattningkriget\/krigets-gang\/stallningskriget\/proviantering-pa-ingenmansland\/#breadcrumb"},"inLanguage":"fi","potentialAction":[{"@type":"ReadAction","target":["https:\/\/veteraanienperinto.fi\/index.php\/sv\/fortsattningskriget\/berattelser-i-fortsattningkriget\/krigets-gang\/stallningskriget\/proviantering-pa-ingenmansland\/"]}]},{"@type":"BreadcrumbList","@id":"https:\/\/veteraanienperinto.fi\/index.php\/sv\/fortsattningskriget\/berattelser-i-fortsattningkriget\/krigets-gang\/stallningskriget\/proviantering-pa-ingenmansland\/#breadcrumb","itemListElement":[{"@type":"ListItem","position":1,"name":"Etusivu","item":"https:\/\/veteraanienperinto.fi\/index.php\/etusivu-2\/"},{"@type":"ListItem","position":2,"name":"Forts\u00e4ttningskriget","item":"https:\/\/veteraanienperinto.fi\/index.php\/sv\/fortsattningskriget\/"},{"@type":"ListItem","position":3,"name":"Ber\u00e4ttelser i forts\u00e4ttningkriget","item":"https:\/\/veteraanienperinto.fi\/index.php\/sv\/fortsattningskriget\/berattelser-i-fortsattningkriget\/"},{"@type":"ListItem","position":4,"name":"Krigets g\u00e5ng","item":"https:\/\/veteraanienperinto.fi\/index.php\/sv\/fortsattningskriget\/berattelser-i-fortsattningkriget\/krigets-gang\/"},{"@type":"ListItem","position":5,"name":"St\u00e4llningskriget","item":"https:\/\/veteraanienperinto.fi\/index.php\/sv\/fortsattningskriget\/berattelser-i-fortsattningkriget\/krigets-gang\/stallningskriget\/"},{"@type":"ListItem","position":6,"name":"Proviantering p\u00e5 ingenmansland"}]},{"@type":"WebSite","@id":"https:\/\/veteraanienperinto.fi\/#website","url":"https:\/\/veteraanienperinto.fi\/","name":"Veteraanien Perint\u00f6","description":"Kadettikunta","potentialAction":[{"@type":"SearchAction","target":{"@type":"EntryPoint","urlTemplate":"https:\/\/veteraanienperinto.fi\/?s={search_term_string}"},"query-input":{"@type":"PropertyValueSpecification","valueRequired":true,"valueName":"search_term_string"}}],"inLanguage":"fi"}]}},"_links":{"self":[{"href":"https:\/\/veteraanienperinto.fi\/index.php\/wp-json\/wp\/v2\/pages\/6032","targetHints":{"allow":["GET"]}}],"collection":[{"href":"https:\/\/veteraanienperinto.fi\/index.php\/wp-json\/wp\/v2\/pages"}],"about":[{"href":"https:\/\/veteraanienperinto.fi\/index.php\/wp-json\/wp\/v2\/types\/page"}],"author":[{"embeddable":true,"href":"https:\/\/veteraanienperinto.fi\/index.php\/wp-json\/wp\/v2\/users\/1"}],"replies":[{"embeddable":true,"href":"https:\/\/veteraanienperinto.fi\/index.php\/wp-json\/wp\/v2\/comments?post=6032"}],"version-history":[{"count":3,"href":"https:\/\/veteraanienperinto.fi\/index.php\/wp-json\/wp\/v2\/pages\/6032\/revisions"}],"predecessor-version":[{"id":7882,"href":"https:\/\/veteraanienperinto.fi\/index.php\/wp-json\/wp\/v2\/pages\/6032\/revisions\/7882"}],"up":[{"embeddable":true,"href":"https:\/\/veteraanienperinto.fi\/index.php\/wp-json\/wp\/v2\/pages\/5980"}],"wp:attachment":[{"href":"https:\/\/veteraanienperinto.fi\/index.php\/wp-json\/wp\/v2\/media?parent=6032"}],"curies":[{"name":"wp","href":"https:\/\/api.w.org\/{rel}","templated":true}]}}