{"id":605,"date":"2020-08-29T10:55:15","date_gmt":"2020-08-29T10:55:15","guid":{"rendered":"https:\/\/veteraani.ylirotu.fi\/?page_id=605"},"modified":"2021-01-18T17:42:57","modified_gmt":"2021-01-18T17:42:57","slug":"inkerilaiset-suomessa","status":"publish","type":"page","link":"https:\/\/veteraanienperinto.fi\/index.php\/tietopankit\/muut-ryhmat\/inkerilaiset-suomessa\/","title":{"rendered":"Inkeril\u00e4iset Suomessa"},"content":{"rendered":"<div id='full_slider_1'  class='avia-fullwidth-slider main_color avia-shadow   avia-builder-el-0  el_before_av_heading  avia-builder-el-first   container_wrap sidebar_right'  ><\/div><div id='after_full_slider_1'  class='main_color av_default_container_wrap container_wrap sidebar_right'  ><div class='container av-section-cont-open' ><div class='template-page content  av-content-small alpha units'><div class='post-entry post-entry-type-page post-entry-605'><div class='entry-content-wrapper clearfix'>\n\n<style type=\"text\/css\" data-created_by=\"avia_inline_auto\" id=\"style-css-av-kk2uwpzd-38d9637342c826edce6369092a07382f\">\n#top .av-special-heading.av-kk2uwpzd-38d9637342c826edce6369092a07382f{\npadding-bottom:10px;\n}\nbody .av-special-heading.av-kk2uwpzd-38d9637342c826edce6369092a07382f .av-special-heading-tag .heading-char{\nfont-size:25px;\n}\n.av-special-heading.av-kk2uwpzd-38d9637342c826edce6369092a07382f .av-subheading{\nfont-size:15px;\n}\n<\/style>\n<div  class='av-special-heading av-kk2uwpzd-38d9637342c826edce6369092a07382f av-special-heading-h2  avia-builder-el-1  el_after_av_slideshow_full  el_before_av_textblock  avia-builder-el-first '><h2 class='av-special-heading-tag'  itemprop=\"headline\"  >Inkeril\u00e4iset Suomessa<\/h2><div class=\"special-heading-border\"><div class=\"special-heading-inner-border\"><\/div><\/div><\/div>\n<section  class='av_textblock_section av-7f9lx-45265e359fd59e4b438eae0a751cd596 '   itemscope=\"itemscope\" itemtype=\"https:\/\/schema.org\/CreativeWork\" ><div class='avia_textblock'  itemprop=\"text\" ><p>Suomeen 62 000 suomensukuista inkeril\u00e4ist\u00e4. He olivat alueelle p\u00e4\u00e4asiassa 1600-luvulla muuttaneiden suomalaisten j\u00e4lkel\u00e4isi\u00e4. Alue kuului tuolloin Ruotsi-Suomeen. Pakkokollektivisoinnin ja Stalinin terrorin aikana vuosina 1929-1937 silloisista 150 000:sta inkeril\u00e4isest\u00e4 45 000 karkotettiin eri puolille Neuvostoliittoa ja ainakin 13 000 teloitettiin ilman mink\u00e4\u00e4nlaista syyt\u00e4.<\/p>\n<p>Lis\u00e4ksi vuonna 1942 noin 30 000 evakuoitiin muualle Neuvostoliittoon. J\u00e4ljelle j\u00e4\u00e4neet evakuoitiin Suomeen Saksan suostumuksella. Suomalaisilla oli tarkoitus siirt\u00e4\u00e4 n\u00e4m\u00e4 suomea puhuvat inkeril\u00e4iset pois sodan jaloista, mutta t\u00e4rke\u00e4 syy oli my\u00f6s Suomen ty\u00f6voimapulan helpottaminen. Yli 35 000 ty\u00f6kykyisen inkeril\u00e4isen ty\u00f6panos olikin merkitt\u00e4v\u00e4, vaikka er\u00e4\u00e4t tunsivat olevansa alipalkattuja ja toimivansa koulutustaan ja kokemustaan vastaamattomissa teht\u00e4viss\u00e4.<\/p>\n<p>Sodan p\u00e4\u00e4tytty\u00e4 palautettiin aselepoehtojen mukaisesti noin 56 000 inkeril\u00e4ist\u00e4 takaisin Neuvostoliittoon. He eiv\u00e4t kuitenkaan saaneet palata kotiseudulleen. Suomen armeijassa inkeril\u00e4isist\u00e4 sotavangeista perustetuissa yksik\u00f6iss\u00e4 palvelleista osa palasi vapaaehtoisesti Neuvostoliittoon. Heid\u00e4t l\u00e4hetettiin pitkiksi ajoiksi pahamaineisille pakkoty\u00f6leireille ja osa teloitettiin. Satoja Neuvostoliitossa odottavan kohtalon aavistavia pakeni kuljetusten aikana aluksi eri puolille Suomea ja my\u00f6hemmin Ruotsiin suomalaisten annettua siihen tilaisuuden j\u00e4tt\u00e4m\u00e4ll\u00e4 junan ovet lukitsematta ja hiljent\u00e4m\u00e4ll\u00e4 junan vauhtia sopivassa kohdassa.<\/p>\n<\/div><\/section>\n","protected":false},"excerpt":{"rendered":"","protected":false},"author":1,"featured_media":0,"parent":109,"menu_order":6,"comment_status":"closed","ping_status":"closed","template":"","meta":{"footnotes":""},"class_list":["post-605","page","type-page","status-publish","hentry"],"yoast_head":"<!-- This site is optimized with the Yoast SEO plugin v27.5 - https:\/\/yoast.com\/product\/yoast-seo-wordpress\/ -->\n<title>Inkeril\u00e4iset Suomessa - Veteraanien Perint\u00f6<\/title>\n<meta name=\"robots\" content=\"index, follow, max-snippet:-1, max-image-preview:large, max-video-preview:-1\" \/>\n<link rel=\"canonical\" href=\"https:\/\/veteraanienperinto.fi\/index.php\/tietopankit\/muut-ryhmat\/inkerilaiset-suomessa\/\" \/>\n<meta property=\"og:locale\" content=\"fi_FI\" \/>\n<meta property=\"og:type\" content=\"article\" \/>\n<meta property=\"og:title\" content=\"Inkeril\u00e4iset Suomessa - Veteraanien Perint\u00f6\" \/>\n<meta property=\"og:url\" content=\"https:\/\/veteraanienperinto.fi\/index.php\/tietopankit\/muut-ryhmat\/inkerilaiset-suomessa\/\" \/>\n<meta property=\"og:site_name\" content=\"Veteraanien Perint\u00f6\" \/>\n<meta property=\"article:modified_time\" content=\"2021-01-18T17:42:57+00:00\" \/>\n<meta name=\"twitter:card\" content=\"summary_large_image\" \/>\n<meta name=\"twitter:label1\" content=\"Arvioitu lukuaika\" \/>\n\t<meta name=\"twitter:data1\" content=\"2 minuuttia\" \/>\n<script type=\"application\/ld+json\" class=\"yoast-schema-graph\">{\"@context\":\"https:\\\/\\\/schema.org\",\"@graph\":[{\"@type\":\"WebPage\",\"@id\":\"https:\\\/\\\/veteraanienperinto.fi\\\/index.php\\\/tietopankit\\\/muut-ryhmat\\\/inkerilaiset-suomessa\\\/\",\"url\":\"https:\\\/\\\/veteraanienperinto.fi\\\/index.php\\\/tietopankit\\\/muut-ryhmat\\\/inkerilaiset-suomessa\\\/\",\"name\":\"Inkeril\u00e4iset Suomessa - Veteraanien Perint\u00f6\",\"isPartOf\":{\"@id\":\"https:\\\/\\\/veteraanienperinto.fi\\\/#website\"},\"datePublished\":\"2020-08-29T10:55:15+00:00\",\"dateModified\":\"2021-01-18T17:42:57+00:00\",\"breadcrumb\":{\"@id\":\"https:\\\/\\\/veteraanienperinto.fi\\\/index.php\\\/tietopankit\\\/muut-ryhmat\\\/inkerilaiset-suomessa\\\/#breadcrumb\"},\"inLanguage\":\"fi\",\"potentialAction\":[{\"@type\":\"ReadAction\",\"target\":[\"https:\\\/\\\/veteraanienperinto.fi\\\/index.php\\\/tietopankit\\\/muut-ryhmat\\\/inkerilaiset-suomessa\\\/\"]}]},{\"@type\":\"BreadcrumbList\",\"@id\":\"https:\\\/\\\/veteraanienperinto.fi\\\/index.php\\\/tietopankit\\\/muut-ryhmat\\\/inkerilaiset-suomessa\\\/#breadcrumb\",\"itemListElement\":[{\"@type\":\"ListItem\",\"position\":1,\"name\":\"Etusivu\",\"item\":\"https:\\\/\\\/veteraanienperinto.fi\\\/index.php\\\/etusivu-2\\\/\"},{\"@type\":\"ListItem\",\"position\":2,\"name\":\"Tietopankit\",\"item\":\"https:\\\/\\\/veteraanienperinto.fi\\\/index.php\\\/tietopankit\\\/\"},{\"@type\":\"ListItem\",\"position\":3,\"name\":\"Muita ryhmi\u00e4\",\"item\":\"https:\\\/\\\/veteraanienperinto.fi\\\/index.php\\\/tietopankit\\\/muut-ryhmat\\\/\"},{\"@type\":\"ListItem\",\"position\":4,\"name\":\"Inkeril\u00e4iset Suomessa\"}]},{\"@type\":\"WebSite\",\"@id\":\"https:\\\/\\\/veteraanienperinto.fi\\\/#website\",\"url\":\"https:\\\/\\\/veteraanienperinto.fi\\\/\",\"name\":\"Veteraanien Perint\u00f6\",\"description\":\"Kadettikunta\",\"potentialAction\":[{\"@type\":\"SearchAction\",\"target\":{\"@type\":\"EntryPoint\",\"urlTemplate\":\"https:\\\/\\\/veteraanienperinto.fi\\\/?s={search_term_string}\"},\"query-input\":{\"@type\":\"PropertyValueSpecification\",\"valueRequired\":true,\"valueName\":\"search_term_string\"}}],\"inLanguage\":\"fi\"}]}<\/script>\n<!-- \/ Yoast SEO plugin. -->","yoast_head_json":{"title":"Inkeril\u00e4iset Suomessa - Veteraanien Perint\u00f6","robots":{"index":"index","follow":"follow","max-snippet":"max-snippet:-1","max-image-preview":"max-image-preview:large","max-video-preview":"max-video-preview:-1"},"canonical":"https:\/\/veteraanienperinto.fi\/index.php\/tietopankit\/muut-ryhmat\/inkerilaiset-suomessa\/","og_locale":"fi_FI","og_type":"article","og_title":"Inkeril\u00e4iset Suomessa - Veteraanien Perint\u00f6","og_url":"https:\/\/veteraanienperinto.fi\/index.php\/tietopankit\/muut-ryhmat\/inkerilaiset-suomessa\/","og_site_name":"Veteraanien Perint\u00f6","article_modified_time":"2021-01-18T17:42:57+00:00","twitter_card":"summary_large_image","twitter_misc":{"Arvioitu lukuaika":"2 minuuttia"},"schema":{"@context":"https:\/\/schema.org","@graph":[{"@type":"WebPage","@id":"https:\/\/veteraanienperinto.fi\/index.php\/tietopankit\/muut-ryhmat\/inkerilaiset-suomessa\/","url":"https:\/\/veteraanienperinto.fi\/index.php\/tietopankit\/muut-ryhmat\/inkerilaiset-suomessa\/","name":"Inkeril\u00e4iset Suomessa - Veteraanien Perint\u00f6","isPartOf":{"@id":"https:\/\/veteraanienperinto.fi\/#website"},"datePublished":"2020-08-29T10:55:15+00:00","dateModified":"2021-01-18T17:42:57+00:00","breadcrumb":{"@id":"https:\/\/veteraanienperinto.fi\/index.php\/tietopankit\/muut-ryhmat\/inkerilaiset-suomessa\/#breadcrumb"},"inLanguage":"fi","potentialAction":[{"@type":"ReadAction","target":["https:\/\/veteraanienperinto.fi\/index.php\/tietopankit\/muut-ryhmat\/inkerilaiset-suomessa\/"]}]},{"@type":"BreadcrumbList","@id":"https:\/\/veteraanienperinto.fi\/index.php\/tietopankit\/muut-ryhmat\/inkerilaiset-suomessa\/#breadcrumb","itemListElement":[{"@type":"ListItem","position":1,"name":"Etusivu","item":"https:\/\/veteraanienperinto.fi\/index.php\/etusivu-2\/"},{"@type":"ListItem","position":2,"name":"Tietopankit","item":"https:\/\/veteraanienperinto.fi\/index.php\/tietopankit\/"},{"@type":"ListItem","position":3,"name":"Muita ryhmi\u00e4","item":"https:\/\/veteraanienperinto.fi\/index.php\/tietopankit\/muut-ryhmat\/"},{"@type":"ListItem","position":4,"name":"Inkeril\u00e4iset Suomessa"}]},{"@type":"WebSite","@id":"https:\/\/veteraanienperinto.fi\/#website","url":"https:\/\/veteraanienperinto.fi\/","name":"Veteraanien Perint\u00f6","description":"Kadettikunta","potentialAction":[{"@type":"SearchAction","target":{"@type":"EntryPoint","urlTemplate":"https:\/\/veteraanienperinto.fi\/?s={search_term_string}"},"query-input":{"@type":"PropertyValueSpecification","valueRequired":true,"valueName":"search_term_string"}}],"inLanguage":"fi"}]}},"_links":{"self":[{"href":"https:\/\/veteraanienperinto.fi\/index.php\/wp-json\/wp\/v2\/pages\/605","targetHints":{"allow":["GET"]}}],"collection":[{"href":"https:\/\/veteraanienperinto.fi\/index.php\/wp-json\/wp\/v2\/pages"}],"about":[{"href":"https:\/\/veteraanienperinto.fi\/index.php\/wp-json\/wp\/v2\/types\/page"}],"author":[{"embeddable":true,"href":"https:\/\/veteraanienperinto.fi\/index.php\/wp-json\/wp\/v2\/users\/1"}],"replies":[{"embeddable":true,"href":"https:\/\/veteraanienperinto.fi\/index.php\/wp-json\/wp\/v2\/comments?post=605"}],"version-history":[{"count":6,"href":"https:\/\/veteraanienperinto.fi\/index.php\/wp-json\/wp\/v2\/pages\/605\/revisions"}],"predecessor-version":[{"id":9944,"href":"https:\/\/veteraanienperinto.fi\/index.php\/wp-json\/wp\/v2\/pages\/605\/revisions\/9944"}],"up":[{"embeddable":true,"href":"https:\/\/veteraanienperinto.fi\/index.php\/wp-json\/wp\/v2\/pages\/109"}],"wp:attachment":[{"href":"https:\/\/veteraanienperinto.fi\/index.php\/wp-json\/wp\/v2\/media?parent=605"}],"curies":[{"name":"wp","href":"https:\/\/api.w.org\/{rel}","templated":true}]}}