{"id":6148,"date":"2020-11-18T13:45:23","date_gmt":"2020-11-18T13:45:23","guid":{"rendered":"https:\/\/veteraani.ylirotu.fi\/?page_id=6148"},"modified":"2020-12-15T14:26:06","modified_gmt":"2020-12-15T14:26:06","slug":"forbindelselotta-1941-1942","status":"publish","type":"page","link":"https:\/\/veteraanienperinto.fi\/index.php\/sv\/fortsattningskriget\/berattelser-i-fortsattningkriget\/hemmafronten\/forbindelselotta-1941-1942\/","title":{"rendered":"F\u00f6rbindelselotta 1941-1942"},"content":{"rendered":"\n<style type=\"text\/css\" data-created_by=\"avia_inline_auto\" id=\"style-css-av-kiq2tkch-b84c176df2550286b38c3bd4d8d11059\">\n#top .av-special-heading.av-kiq2tkch-b84c176df2550286b38c3bd4d8d11059{\npadding-bottom:5px;\n}\nbody .av-special-heading.av-kiq2tkch-b84c176df2550286b38c3bd4d8d11059 .av-special-heading-tag .heading-char{\nfont-size:25px;\n}\n.av-special-heading.av-kiq2tkch-b84c176df2550286b38c3bd4d8d11059 .av-subheading{\nfont-size:15px;\n}\n<\/style>\n<div  class='av-special-heading av-kiq2tkch-b84c176df2550286b38c3bd4d8d11059 av-special-heading-h3  avia-builder-el-0  avia-builder-el-no-sibling '><h3 class='av-special-heading-tag'  itemprop=\"headline\"  >F\u00f6rbindelselotta 1941-1942<\/h3><div class=\"special-heading-border\"><div class=\"special-heading-inner-border\"><\/div><\/div><\/div>\n<section  class='av_textblock_section av-kei9w74n-7b0f008125a778f48432b9a614d90d0f '   itemscope=\"itemscope\" itemtype=\"https:\/\/schema.org\/CreativeWork\" ><div class='avia_textblock'  itemprop=\"text\" ><p><strong>Brita Reunala:<\/strong><\/p>\n<p><img loading=\"lazy\" decoding=\"async\" class=\"size-full wp-image-7999 alignright\" src=\"https:\/\/veteraanienperinto.fi\/wp-content\/uploads\/2020\/12\/Forbindelselotta1.jpg\" alt=\"\" width=\"200\" height=\"267\" \/>Brita Rydman, senare gift Reunala, tj\u00e4nstgjorde s\u00e5 snart lottaverksamheten i 17. Divisionen organiserats vid kommandoavdelningen vid 17. Divisionens stab och f\u00f6rordnades att fr\u00e5n den 18 augusti 1941 fungera som f\u00f6rbindelselotta. Hon har om lottaverksamheten i allm\u00e4nhet och inom 17. Divisionen speciellt sammanst\u00e4llt f\u00f6ljande redog\u00f6relse.<\/p>\n<p>Lotta Sv\u00e4rd- organisationens huvud\u00e4ndam\u00e5l i fredstid var att st\u00f6da skyddsk\u00e5rsorganisationen i dess landsf\u00f6rsvarsarbete. Efter vinterkriget ansl\u00f6ts den fast till f\u00f6rsvarsmakten och dess uppgifter klarlades. F\u00e4ltlottorna var skyldiga att enligt det h\u00f6gtidliga l\u00f6fte som de hade givit handha dem givna specialuppgifter ocks\u00e5 utanf\u00f6r sin hemort. Specialutbildade lottor var huvudsakligen kommenderade till f\u00e4ltarm\u00e9n och Lotta Sv\u00e4rd- organisationens gr\u00e4nsbyr\u00e5 (rajatoimisto).<\/p>\n<p>Denna byr\u00e5 sk\u00f6tte enligt ett avtal som ing\u00e5tts med F\u00f6rsvarsministeriet om f\u00f6rpl\u00e4gnaden inom bef\u00e4stningorganisationerna. Ocks\u00e5 kantinerna ansl\u00f6ts n\u00e4ra till gr\u00e4nsbyr\u00e5ns arbete som en s\u00e4rskild aff\u00e4rsverksamhet. Gr\u00e4nsbyr\u00e5ns lottor r\u00e4knades inte in i f\u00f6rsvarsmaktens. styrkor.<\/p>\n<p>F\u00f6r sin lottakommendering fick f\u00e4ltlottan i b\u00f6rjan av kriget en mobilisationsorder av vederb\u00f6rande skyddsk\u00e5rsdistrikt, senare en arbetskommendering av sitt eget lotta-distrikt. En s\u00e5dan kommendering kunde ges ocks\u00e5 s\u00e5dana lottor som var fast anst\u00e4llda av f\u00f6rsvarsmakten. Ocks\u00e5 dessa lottor bar lottadr\u00e4kt och underlydde samma regler som f\u00e4ltlottorna.<\/p>\n<p><strong>Lottaverksamheten b\u00f6rjar inom 17. Divisionen<\/strong><\/p>\n<p>D\u00e5 den allm\u00e4nna mobiliseringsordern gavs \u00e5r 1941 ombildades staben f\u00f6r Karis milit\u00e4rl\u00e4n till 17. Divisionens stab, dess lottor anm\u00e4lde sig som f\u00e4ltlottor i sina egna lottadistrikt. I samband med formeringen av de olika truppf\u00f6rbanden inom Salo skyddsk\u00e5rsdistrikt gav Salo Lotta Sv\u00e4rd- distrikt arbetsf\u00f6rordnanden f\u00f6r de lottor som ansl\u00f6ts till distriktets fasta personal. Under krigets g\u00e5ng fick man kompletteringspersonal \u00e4ven fr\u00e5n annat h\u00e5ll \u00e4n fr\u00e5n det omr\u00e5de, d\u00e4r distriktet hade grundats.<\/p>\n<p>Redan i b\u00f6rjan av kriget visade det sig att ber\u00e4kningarna av lottabehovet var tagna alldeles i underkant, men flera frivilliga anm\u00e4lde sig f\u00f6rtl\u00f6pande. Inom F\u00e4ltarm\u00e9n grundades ett speciellt n\u00e4tverk av s.k. f\u00f6rbindelselottor med uppgift att \u00f6vervaka lottorna och handha placeringen av dem. Senare grundades inom arm\u00e9ns huvudstab en s\u00e4rskild byr\u00e5 med uppgift att handha alla \u00e4renden som angick lottorna.<\/p>\n<p>Brita Rydman-Reunala f\u00f6rordnades som n\u00e4mnts till s\u00e5dan f\u00f6rbindelselotta. Efter det hon blivit civil \u00f6vertogs hennes uppgifter som f\u00f6rbindelselotta av Katri Valliala, som tidigare hade tj\u00e4nstgjort inom Infanteriregernentet 13.<\/p>\n<p>Till f\u00f6rbindelselottans uppgifter h\u00f6rde att h\u00e5lla kartotek \u00f6ver alla lottor p\u00e5 sitt omr\u00e5de, se till att deras placering motsvarade deras specialutbildning samt \u00f6vervaka, att fastst\u00e4llda styrkef\u00f6reskrifter inte \u00f6verskreds. F\u00f6rbindelselottan skulle d\u00e4rtill sk\u00f6ta alla de \u00e5tg\u00e4rder som berodde p\u00e5 lotta-personalens r\u00f6rlighet. En g\u00e5ng i m\u00e5naden skulle d\u00e4rtill uppg\u00f6ras en rapport om alla lotta\u00e4renden; denna rapport skulle s\u00e4ndas till VI Arm\u00e9k\u00e5rens f\u00f6rbindelselotta.<\/p>\n<p><strong>Lottornas placering i olika funktioner inom 17. Divisionen<\/strong><\/p>\n<p>Nedanst\u00e5ende tabell visar lottornas antal och arbetsomr\u00e5den den 12 juni 1942<\/p>\n<table border=\"0\" cellspacing=\"0\" cellpadding=\"0\">\n<tbody>\n<tr>\n<td width=\"50%\">Kanslilottor<\/td>\n<td width=\"50%\">15<\/td>\n<\/tr>\n<tr>\n<td width=\"50%\">F\u00e4ltk\u00f6kslottor<\/td>\n<td width=\"50%\">53 samt 2 ansvariga f\u00f6r f\u00f6rpl\u00e4gnaden<\/td>\n<\/tr>\n<tr>\n<td width=\"50%\">Sanitetslottor<\/td>\n<td width=\"50%\">23<\/td>\n<\/tr>\n<tr>\n<td width=\"50%\">Signallottor<\/td>\n<td width=\"50%\">13<\/td>\n<\/tr>\n<tr>\n<td width=\"50%\">Intendenturlottor<\/td>\n<td width=\"50%\">4<\/td>\n<\/tr>\n<tr>\n<td width=\"50%\">Lottor med uppgift att bereda stupade f\u00f6r hemtransport<\/td>\n<td width=\"50%\">3<\/td>\n<\/tr>\n<tr>\n<td width=\"50%\">\u00d6vriga<\/td>\n<td width=\"50%\">\u00a07<\/td>\n<\/tr>\n<tr>\n<td width=\"50%\">Totalt<\/td>\n<td width=\"50%\">120, brist 12<\/td>\n<\/tr>\n<\/tbody>\n<\/table>\n<p>Antalet lottor som man fick ta emot var str\u00e4ngt begr\u00e4nsat, det fastst\u00e4llda antalet fick \u00f6verskridas endast genom beslut av h\u00f6gre instans.<\/p>\n<p>Kantinlottorna som var underst\u00e4llda gr\u00e4nsbyr\u00e5n r\u00e4knades inte med i f\u00f6rsvarsmaktens ledstyrka och ing\u00e5r d\u00e4rf\u00f6r inte i ovanst\u00e5ende tabell. De hade samma f\u00f6rm\u00e5ner (fri milit\u00e4rf\u00f6rpl\u00e4gnad och inkvartering) som de utkommenderade f\u00e4ltlottorna. Deras arbetskommendering utf\u00e4rdades p\u00e5 samma s\u00e4tt som f\u00e4ltlottornas.<\/p>\n<p>I 17. Divisionens arkiv finns en del spridda anteckningar om lottorna (bl.a. Infanteriregementena 13, 22 och 34, Tunga Sektionen 3 och kantinen p\u00e5 Svir j\u00e4rnv\u00e4gsstation), men uppgifter om kantinlottornas antal saknas. Det \u00e4r d\u00e4rf\u00f6r sv\u00e5rt att ber\u00e4kna totalantalet Iottor inom 17. Divisionen, beroende bl.a. p\u00e5 att arbetskraften v\u00e4xlade r\u00e4tt mycket. Uppskattningsvis kan man r\u00e4kna att sammanlagt ungef\u00e4r 200 lottor samtidigt tj\u00e4nstgjorde p\u00e5 17. Divisionens omr\u00e5de<\/p>\n<p><strong>N\u00e5gra glimtar ur lottornas verksamhet<\/strong><\/p>\n<p>D\u00e5 kriget drog ut p\u00e5 tiden saknade man sm\u00e5ningom underh\u00e5llning och \u00e5tg\u00e4rder som f\u00f6rst\u00e4rkte sammanh\u00e5llningen och fr\u00e4mjade kontakterna mellan lottorna och soldaterna. Man anordnade gemensamma tr\u00e4ffar. N\u00e5gon g\u00e5ng inbj\u00f6ds ocks\u00e5 i n\u00e4rheten verksamma soldathemssystrar med.<\/p>\n<p>I och med att behovet av f\u00e4ltlottor steg m\u00e5ste man mildra n\u00e5got p\u00e5 de best\u00e4mmelser, som g\u00e4llde dem. En f\u00f6ruts\u00e4ttning f\u00f6r kommendering var i allm\u00e4nhet att vederb\u00f6rande hade avgivit lottal\u00f6ftet. M\u00e5nga av 17. Divisionens lottor hade inte gjort detta. Divisionens milit\u00e4rpastor Jorma Porthan anordnade d\u00e4rf\u00f6r ett speciellt tillf\u00e4lle, d\u00e5 54 lottor avgav l\u00f6ftet i samband med en gudstj\u00e4nst i Svir kyrka den 8 november 1942.<\/p>\n<p>Ordf\u00f6randen i Lotta Sv\u00e4rd- organisationens centraldirektion Fanni Luukkonen bes\u00f6kte 17. Divisionen den 20 september 1943 och detta var ett stort evenemang f\u00f6r alla lottor i enheten. Hon g\u00e4stade bland annat 38. F\u00e4ltsjukhuset. Terho-centralen och stiftade bekantskap med kantinerna vid Tunga Sektionen 3 och III Bataljonen av Infanteriregement 13. Bes\u00f6kets h\u00f6jdpunkt var en gemensam lottakv\u00e4ll som firades i Infanteriregementet 22:s kantin.<\/p>\n<p>17. Divisionens trupper s\u00e5v\u00e4l officerarna och underofficerarna som de meniga f\u00f6rh\u00f6ll sig till lottorna mycket positivt, h\u00f6gaktande och hj\u00e4lpsamt. Lottorna \u00e5 sin sida utf\u00f6rde dem anf\u00f6rtrodda uppdrag helt i enlighet med sitt lottal\u00f6fte. I fr\u00e5ga om 17. Divisionens lottor beh\u00f6vde man &#8211; s\u00e5vitt man vet &#8211; inte i n\u00e5got fall tillgripa hemtransport i disciplin\u00e4rt syfte.<\/p>\n<p>Ett tecken p\u00e5 den uppskattning som lottorna \u00e5tnj\u00f6t inom divisionen. utg\u00f6r de hederstecken som f\u00f6rl\u00e4nades dem. De var f\u00f6ljande:<\/p>\n<table border=\"0\" cellspacing=\"0\" cellpadding=\"0\">\n<tbody>\n<tr>\n<td width=\"274\">Frihetskors av 4. klass<\/td>\n<td width=\"279\">1 st.<\/td>\n<\/tr>\n<tr>\n<td width=\"274\">Frihetsmedalj av 1. klass<\/td>\n<td width=\"279\">41 st.<\/td>\n<\/tr>\n<tr>\n<td width=\"274\">Frihetsmedalj av 2. klass<\/td>\n<td width=\"279\">110 st.<\/td>\n<\/tr>\n<\/tbody>\n<\/table>\n<p><em><strong>Ur boken:<\/strong>17:e Divisionen<\/em><\/p>\n<\/div><\/section>\n<section  class='av_textblock_section av-26nu8o-de7b19f6a4ff4a85782c022ea993fc53 '   itemscope=\"itemscope\" itemtype=\"https:\/\/schema.org\/CreativeWork\" ><div class='avia_textblock'  itemprop=\"text\" ><p>0<\/p>\n<\/div><\/section>\n","protected":false},"excerpt":{"rendered":"","protected":false},"author":1,"featured_media":0,"parent":6116,"menu_order":4,"comment_status":"closed","ping_status":"closed","template":"","meta":{"footnotes":""},"class_list":["post-6148","page","type-page","status-publish","hentry"],"yoast_head":"<!-- This site is optimized with the Yoast SEO plugin v27.5 - https:\/\/yoast.com\/product\/yoast-seo-wordpress\/ -->\n<title>F\u00f6rbindelselotta 1941-1942 - Veteraanien Perint\u00f6<\/title>\n<meta name=\"robots\" content=\"index, follow, max-snippet:-1, max-image-preview:large, max-video-preview:-1\" \/>\n<link rel=\"canonical\" href=\"https:\/\/veteraanienperinto.fi\/index.php\/sv\/fortsattningskriget\/berattelser-i-fortsattningkriget\/hemmafronten\/forbindelselotta-1941-1942\/\" \/>\n<meta property=\"og:locale\" content=\"fi_FI\" \/>\n<meta property=\"og:type\" content=\"article\" \/>\n<meta property=\"og:title\" content=\"F\u00f6rbindelselotta 1941-1942 - Veteraanien Perint\u00f6\" \/>\n<meta property=\"og:url\" content=\"https:\/\/veteraanienperinto.fi\/index.php\/sv\/fortsattningskriget\/berattelser-i-fortsattningkriget\/hemmafronten\/forbindelselotta-1941-1942\/\" \/>\n<meta property=\"og:site_name\" content=\"Veteraanien Perint\u00f6\" \/>\n<meta property=\"article:modified_time\" content=\"2020-12-15T14:26:06+00:00\" \/>\n<meta property=\"og:image\" content=\"https:\/\/veteraanienperinto.fi\/wp-content\/uploads\/2020\/12\/Forbindelselotta1.jpg\" \/>\n<meta name=\"twitter:card\" content=\"summary_large_image\" \/>\n<meta name=\"twitter:label1\" content=\"Arvioitu lukuaika\" \/>\n\t<meta name=\"twitter:data1\" content=\"6 minuuttia\" \/>\n<script type=\"application\/ld+json\" class=\"yoast-schema-graph\">{\"@context\":\"https:\\\/\\\/schema.org\",\"@graph\":[{\"@type\":\"WebPage\",\"@id\":\"https:\\\/\\\/veteraanienperinto.fi\\\/index.php\\\/sv\\\/fortsattningskriget\\\/berattelser-i-fortsattningkriget\\\/hemmafronten\\\/forbindelselotta-1941-1942\\\/\",\"url\":\"https:\\\/\\\/veteraanienperinto.fi\\\/index.php\\\/sv\\\/fortsattningskriget\\\/berattelser-i-fortsattningkriget\\\/hemmafronten\\\/forbindelselotta-1941-1942\\\/\",\"name\":\"F\u00f6rbindelselotta 1941-1942 - Veteraanien Perint\u00f6\",\"isPartOf\":{\"@id\":\"https:\\\/\\\/veteraanienperinto.fi\\\/#website\"},\"primaryImageOfPage\":{\"@id\":\"https:\\\/\\\/veteraanienperinto.fi\\\/index.php\\\/sv\\\/fortsattningskriget\\\/berattelser-i-fortsattningkriget\\\/hemmafronten\\\/forbindelselotta-1941-1942\\\/#primaryimage\"},\"image\":{\"@id\":\"https:\\\/\\\/veteraanienperinto.fi\\\/index.php\\\/sv\\\/fortsattningskriget\\\/berattelser-i-fortsattningkriget\\\/hemmafronten\\\/forbindelselotta-1941-1942\\\/#primaryimage\"},\"thumbnailUrl\":\"https:\\\/\\\/veteraanienperinto.fi\\\/wp-content\\\/uploads\\\/2020\\\/12\\\/Forbindelselotta1.jpg\",\"datePublished\":\"2020-11-18T13:45:23+00:00\",\"dateModified\":\"2020-12-15T14:26:06+00:00\",\"breadcrumb\":{\"@id\":\"https:\\\/\\\/veteraanienperinto.fi\\\/index.php\\\/sv\\\/fortsattningskriget\\\/berattelser-i-fortsattningkriget\\\/hemmafronten\\\/forbindelselotta-1941-1942\\\/#breadcrumb\"},\"inLanguage\":\"fi\",\"potentialAction\":[{\"@type\":\"ReadAction\",\"target\":[\"https:\\\/\\\/veteraanienperinto.fi\\\/index.php\\\/sv\\\/fortsattningskriget\\\/berattelser-i-fortsattningkriget\\\/hemmafronten\\\/forbindelselotta-1941-1942\\\/\"]}]},{\"@type\":\"ImageObject\",\"inLanguage\":\"fi\",\"@id\":\"https:\\\/\\\/veteraanienperinto.fi\\\/index.php\\\/sv\\\/fortsattningskriget\\\/berattelser-i-fortsattningkriget\\\/hemmafronten\\\/forbindelselotta-1941-1942\\\/#primaryimage\",\"url\":\"https:\\\/\\\/veteraanienperinto.fi\\\/wp-content\\\/uploads\\\/2020\\\/12\\\/Forbindelselotta1.jpg\",\"contentUrl\":\"https:\\\/\\\/veteraanienperinto.fi\\\/wp-content\\\/uploads\\\/2020\\\/12\\\/Forbindelselotta1.jpg\",\"width\":200,\"height\":267},{\"@type\":\"BreadcrumbList\",\"@id\":\"https:\\\/\\\/veteraanienperinto.fi\\\/index.php\\\/sv\\\/fortsattningskriget\\\/berattelser-i-fortsattningkriget\\\/hemmafronten\\\/forbindelselotta-1941-1942\\\/#breadcrumb\",\"itemListElement\":[{\"@type\":\"ListItem\",\"position\":1,\"name\":\"Etusivu\",\"item\":\"https:\\\/\\\/veteraanienperinto.fi\\\/index.php\\\/etusivu-2\\\/\"},{\"@type\":\"ListItem\",\"position\":2,\"name\":\"Forts\u00e4ttningskriget\",\"item\":\"https:\\\/\\\/veteraanienperinto.fi\\\/index.php\\\/sv\\\/fortsattningskriget\\\/\"},{\"@type\":\"ListItem\",\"position\":3,\"name\":\"Ber\u00e4ttelser i forts\u00e4ttningkriget\",\"item\":\"https:\\\/\\\/veteraanienperinto.fi\\\/index.php\\\/sv\\\/fortsattningskriget\\\/berattelser-i-fortsattningkriget\\\/\"},{\"@type\":\"ListItem\",\"position\":4,\"name\":\"Hemmafronten\",\"item\":\"https:\\\/\\\/veteraanienperinto.fi\\\/index.php\\\/sv\\\/fortsattningskriget\\\/berattelser-i-fortsattningkriget\\\/hemmafronten\\\/\"},{\"@type\":\"ListItem\",\"position\":5,\"name\":\"F\u00f6rbindelselotta 1941-1942\"}]},{\"@type\":\"WebSite\",\"@id\":\"https:\\\/\\\/veteraanienperinto.fi\\\/#website\",\"url\":\"https:\\\/\\\/veteraanienperinto.fi\\\/\",\"name\":\"Veteraanien Perint\u00f6\",\"description\":\"Kadettikunta\",\"potentialAction\":[{\"@type\":\"SearchAction\",\"target\":{\"@type\":\"EntryPoint\",\"urlTemplate\":\"https:\\\/\\\/veteraanienperinto.fi\\\/?s={search_term_string}\"},\"query-input\":{\"@type\":\"PropertyValueSpecification\",\"valueRequired\":true,\"valueName\":\"search_term_string\"}}],\"inLanguage\":\"fi\"}]}<\/script>\n<!-- \/ Yoast SEO plugin. -->","yoast_head_json":{"title":"F\u00f6rbindelselotta 1941-1942 - Veteraanien Perint\u00f6","robots":{"index":"index","follow":"follow","max-snippet":"max-snippet:-1","max-image-preview":"max-image-preview:large","max-video-preview":"max-video-preview:-1"},"canonical":"https:\/\/veteraanienperinto.fi\/index.php\/sv\/fortsattningskriget\/berattelser-i-fortsattningkriget\/hemmafronten\/forbindelselotta-1941-1942\/","og_locale":"fi_FI","og_type":"article","og_title":"F\u00f6rbindelselotta 1941-1942 - Veteraanien Perint\u00f6","og_url":"https:\/\/veteraanienperinto.fi\/index.php\/sv\/fortsattningskriget\/berattelser-i-fortsattningkriget\/hemmafronten\/forbindelselotta-1941-1942\/","og_site_name":"Veteraanien Perint\u00f6","article_modified_time":"2020-12-15T14:26:06+00:00","og_image":[{"url":"https:\/\/veteraanienperinto.fi\/wp-content\/uploads\/2020\/12\/Forbindelselotta1.jpg","type":"","width":"","height":""}],"twitter_card":"summary_large_image","twitter_misc":{"Arvioitu lukuaika":"6 minuuttia"},"schema":{"@context":"https:\/\/schema.org","@graph":[{"@type":"WebPage","@id":"https:\/\/veteraanienperinto.fi\/index.php\/sv\/fortsattningskriget\/berattelser-i-fortsattningkriget\/hemmafronten\/forbindelselotta-1941-1942\/","url":"https:\/\/veteraanienperinto.fi\/index.php\/sv\/fortsattningskriget\/berattelser-i-fortsattningkriget\/hemmafronten\/forbindelselotta-1941-1942\/","name":"F\u00f6rbindelselotta 1941-1942 - Veteraanien Perint\u00f6","isPartOf":{"@id":"https:\/\/veteraanienperinto.fi\/#website"},"primaryImageOfPage":{"@id":"https:\/\/veteraanienperinto.fi\/index.php\/sv\/fortsattningskriget\/berattelser-i-fortsattningkriget\/hemmafronten\/forbindelselotta-1941-1942\/#primaryimage"},"image":{"@id":"https:\/\/veteraanienperinto.fi\/index.php\/sv\/fortsattningskriget\/berattelser-i-fortsattningkriget\/hemmafronten\/forbindelselotta-1941-1942\/#primaryimage"},"thumbnailUrl":"https:\/\/veteraanienperinto.fi\/wp-content\/uploads\/2020\/12\/Forbindelselotta1.jpg","datePublished":"2020-11-18T13:45:23+00:00","dateModified":"2020-12-15T14:26:06+00:00","breadcrumb":{"@id":"https:\/\/veteraanienperinto.fi\/index.php\/sv\/fortsattningskriget\/berattelser-i-fortsattningkriget\/hemmafronten\/forbindelselotta-1941-1942\/#breadcrumb"},"inLanguage":"fi","potentialAction":[{"@type":"ReadAction","target":["https:\/\/veteraanienperinto.fi\/index.php\/sv\/fortsattningskriget\/berattelser-i-fortsattningkriget\/hemmafronten\/forbindelselotta-1941-1942\/"]}]},{"@type":"ImageObject","inLanguage":"fi","@id":"https:\/\/veteraanienperinto.fi\/index.php\/sv\/fortsattningskriget\/berattelser-i-fortsattningkriget\/hemmafronten\/forbindelselotta-1941-1942\/#primaryimage","url":"https:\/\/veteraanienperinto.fi\/wp-content\/uploads\/2020\/12\/Forbindelselotta1.jpg","contentUrl":"https:\/\/veteraanienperinto.fi\/wp-content\/uploads\/2020\/12\/Forbindelselotta1.jpg","width":200,"height":267},{"@type":"BreadcrumbList","@id":"https:\/\/veteraanienperinto.fi\/index.php\/sv\/fortsattningskriget\/berattelser-i-fortsattningkriget\/hemmafronten\/forbindelselotta-1941-1942\/#breadcrumb","itemListElement":[{"@type":"ListItem","position":1,"name":"Etusivu","item":"https:\/\/veteraanienperinto.fi\/index.php\/etusivu-2\/"},{"@type":"ListItem","position":2,"name":"Forts\u00e4ttningskriget","item":"https:\/\/veteraanienperinto.fi\/index.php\/sv\/fortsattningskriget\/"},{"@type":"ListItem","position":3,"name":"Ber\u00e4ttelser i forts\u00e4ttningkriget","item":"https:\/\/veteraanienperinto.fi\/index.php\/sv\/fortsattningskriget\/berattelser-i-fortsattningkriget\/"},{"@type":"ListItem","position":4,"name":"Hemmafronten","item":"https:\/\/veteraanienperinto.fi\/index.php\/sv\/fortsattningskriget\/berattelser-i-fortsattningkriget\/hemmafronten\/"},{"@type":"ListItem","position":5,"name":"F\u00f6rbindelselotta 1941-1942"}]},{"@type":"WebSite","@id":"https:\/\/veteraanienperinto.fi\/#website","url":"https:\/\/veteraanienperinto.fi\/","name":"Veteraanien Perint\u00f6","description":"Kadettikunta","potentialAction":[{"@type":"SearchAction","target":{"@type":"EntryPoint","urlTemplate":"https:\/\/veteraanienperinto.fi\/?s={search_term_string}"},"query-input":{"@type":"PropertyValueSpecification","valueRequired":true,"valueName":"search_term_string"}}],"inLanguage":"fi"}]}},"_links":{"self":[{"href":"https:\/\/veteraanienperinto.fi\/index.php\/wp-json\/wp\/v2\/pages\/6148","targetHints":{"allow":["GET"]}}],"collection":[{"href":"https:\/\/veteraanienperinto.fi\/index.php\/wp-json\/wp\/v2\/pages"}],"about":[{"href":"https:\/\/veteraanienperinto.fi\/index.php\/wp-json\/wp\/v2\/types\/page"}],"author":[{"embeddable":true,"href":"https:\/\/veteraanienperinto.fi\/index.php\/wp-json\/wp\/v2\/users\/1"}],"replies":[{"embeddable":true,"href":"https:\/\/veteraanienperinto.fi\/index.php\/wp-json\/wp\/v2\/comments?post=6148"}],"version-history":[{"count":3,"href":"https:\/\/veteraanienperinto.fi\/index.php\/wp-json\/wp\/v2\/pages\/6148\/revisions"}],"predecessor-version":[{"id":8001,"href":"https:\/\/veteraanienperinto.fi\/index.php\/wp-json\/wp\/v2\/pages\/6148\/revisions\/8001"}],"up":[{"embeddable":true,"href":"https:\/\/veteraanienperinto.fi\/index.php\/wp-json\/wp\/v2\/pages\/6116"}],"wp:attachment":[{"href":"https:\/\/veteraanienperinto.fi\/index.php\/wp-json\/wp\/v2\/media?parent=6148"}],"curies":[{"name":"wp","href":"https:\/\/api.w.org\/{rel}","templated":true}]}}