{"id":6219,"date":"2020-11-18T18:48:02","date_gmt":"2020-11-18T18:48:02","guid":{"rendered":"https:\/\/veteraani.ylirotu.fi\/?page_id=6219"},"modified":"2021-01-19T11:11:49","modified_gmt":"2021-01-19T11:11:49","slug":"krigsoperationerna","status":"publish","type":"page","link":"https:\/\/veteraanienperinto.fi\/index.php\/sv\/lapplandskriget\/lapplandskrigets-gang\/krigsoperationerna\/","title":{"rendered":"Krigsoperationerna"},"content":{"rendered":"<div id='full_slider_1'  class='avia-fullwidth-slider main_color avia-shadow   avia-builder-el-0  el_before_av_heading  avia-builder-el-first   container_wrap sidebar_right'  ><div  class='avia-slideshow av-ysq9l-53a918f6781dc206dfe7d0af14c3e2ec avia-slideshow-featured av_slideshow_full avia-slide-slider av-slideshow-ui av-control-default av-slideshow-manual av-loop-once av-loop-manual-endless av-default-height-applied   avia-slideshow-1' data-slideshow-options=\"{&quot;animation&quot;:&quot;slide&quot;,&quot;autoplay&quot;:false,&quot;loop_autoplay&quot;:&quot;once&quot;,&quot;interval&quot;:5,&quot;loop_manual&quot;:&quot;manual-endless&quot;,&quot;autoplay_stopper&quot;:false,&quot;noNavigation&quot;:false,&quot;bg_slider&quot;:false,&quot;keep_padding&quot;:false,&quot;hoverpause&quot;:false,&quot;show_slide_delay&quot;:0}\"  itemprop=\"image\" itemscope=\"itemscope\" itemtype=\"https:\/\/schema.org\/ImageObject\" ><ul class='avia-slideshow-inner ' style='padding-bottom: 28.666666666667%;'><li  class='avia-slideshow-slide av-ysq9l-53a918f6781dc206dfe7d0af14c3e2ec__0  av-single-slide slide-1 slide-odd'><div data-rel='slideshow-1' class='avia-slide-wrap '   ><div class='av-slideshow-caption av-ysq9l-53a918f6781dc206dfe7d0af14c3e2ec__0 caption_fullwidth caption_bottom caption_bottom_framed caption_framed'><div class=\"container caption_container\"><div class=\"slideshow_caption\"><div class=\"slideshow_inner_caption\"><div class=\"slideshow_align_caption\"><div class='avia-caption-content '  itemprop=\"description\" ><p>En tung granatkastare skjuter p\u00e5 tyska trupper<br \/>\nI Torne\u00e5-Kemi.<br \/>\nTornio stridsomr\u00e5de 3.10.1944<\/p>\n<\/div><\/div><\/div><\/div><\/div><\/div><img decoding=\"async\" fetchpriority=\"high\" class=\"wp-image-4532 avia-img-lazy-loading-not-4532\"  src=\"https:\/\/veteraanienperinto.fi\/wp-content\/uploads\/2020\/10\/raskrh_tulittaa_saksalaisia-1500x430.png\" width=\"1500\" height=\"430\" title='raskrh_tulittaa_saksalaisia' alt='Raskas kranaatinheitin tulittaa saksalaisten asemia Tornion-Kemin maantien suunnassa (Ammuntaa seuraamassa oli ulkomaalaisten lehtimiesten retkikunta.) Tornion taistelualue 1944.10.03'  itemprop=\"thumbnailUrl\" srcset=\"https:\/\/veteraanienperinto.fi\/wp-content\/uploads\/2020\/10\/raskrh_tulittaa_saksalaisia.png 1500w, https:\/\/veteraanienperinto.fi\/wp-content\/uploads\/2020\/10\/raskrh_tulittaa_saksalaisia-300x86.png 300w, https:\/\/veteraanienperinto.fi\/wp-content\/uploads\/2020\/10\/raskrh_tulittaa_saksalaisia-1030x295.png 1030w, https:\/\/veteraanienperinto.fi\/wp-content\/uploads\/2020\/10\/raskrh_tulittaa_saksalaisia-768x220.png 768w, https:\/\/veteraanienperinto.fi\/wp-content\/uploads\/2020\/10\/raskrh_tulittaa_saksalaisia-705x202.png 705w\" sizes=\"(max-width: 1500px) 100vw, 1500px\" \/><\/div><\/li><\/ul><\/div><\/div><div id='after_full_slider_1'  class='main_color av_default_container_wrap container_wrap sidebar_right'  ><div class='container av-section-cont-open' ><div class='template-page content  av-content-small alpha units'><div class='post-entry post-entry-type-page post-entry-6219'><div class='entry-content-wrapper clearfix'>\n\n<style type=\"text\/css\" data-created_by=\"avia_inline_auto\" id=\"style-css-av-kk3wdj9l-3b7eb7de8a0d5ac63949371b71d1a944\">\n#top .av-special-heading.av-kk3wdj9l-3b7eb7de8a0d5ac63949371b71d1a944{\npadding-bottom:10px;\n}\nbody .av-special-heading.av-kk3wdj9l-3b7eb7de8a0d5ac63949371b71d1a944 .av-special-heading-tag .heading-char{\nfont-size:25px;\n}\n.av-special-heading.av-kk3wdj9l-3b7eb7de8a0d5ac63949371b71d1a944 .av-subheading{\nfont-size:15px;\n}\n<\/style>\n<div  class='av-special-heading av-kk3wdj9l-3b7eb7de8a0d5ac63949371b71d1a944 av-special-heading-h2  avia-builder-el-1  el_after_av_slideshow_full  el_before_av_textblock  avia-builder-el-first '><h2 class='av-special-heading-tag'  itemprop=\"headline\"  >Krigsoperationerna<\/h2><div class=\"special-heading-border\"><div class=\"special-heading-inner-border\"><\/div><\/div><\/div>\n<section  class='av_textblock_section av-7j9pd-35cee046c47186b768105b8118857bff '   itemscope=\"itemscope\" itemtype=\"https:\/\/schema.org\/CreativeWork\" ><div class='avia_textblock'  itemprop=\"text\" ><p>I slutet p\u00e5 september koncentrerade staben f\u00f6r den finska arm\u00e9k\u00e5ren fyra divisioner och tv\u00e5 brigader till norra Finland och \u00f6vertog ledarskapet f\u00f6r dem. Manskapsstyrkan omfattade dock sammanlagt bara ca 30 000. Finl\u00e4ndarna gjorde 1.10. en \u00f6verraskande och v\u00e5ghalsig landstigning i ryggen p\u00e5 tyskarna i Torne\u00e5. Landstigningen lyckades utan f\u00f6rluster, eftersom det inte fanns tyskar i R\u00f6ytt\u00e4 hamn. H\u00e4ftiga strider utbr\u00f6t likv\u00e4l inom Torne\u00e5omr\u00e5det. Landstigningen i Torne\u00e5 var ett slags klimax p\u00e5 Lapplandskriget, fast\u00e4n finl\u00e4ndarnas tr\u00f6ttsamma framryckning i m\u00e5nader under strid norrut b\u00f6rjade f\u00f6rst efter detta. Landstigningen i Torne\u00e5 bevisade f\u00f6r Sovjetunionen att Finland verkligen \u00e4mnade genomf\u00f6ra de \u00e5tg\u00e4rder som villkoren i vapenvilan f\u00f6rutsatte.<\/p>\n<p>F\u00f6r tyskarnas vidkommande var det speciellt viktigt att uppeh\u00e5lla finl\u00e4ndarna s\u00e5 l\u00e4nge att man via v\u00e4gkorsningen i Rovaniemi skulle hinna f\u00f6rflytta \u00f6ver 100 000 man och en stor m\u00e4ngd utrustning norrut. De klarade av detta eftersom finl\u00e4ndarna er\u00f6vrade Rovaniemi f\u00f6rst 16.10. I varje fall hade er\u00f6vringen en stor psykologisk betydelse f\u00f6r finl\u00e4ndarna. F\u00f6re sin avf\u00e4rd hade tyskarna f\u00f6rst\u00f6rt Rovaniemi i grunden.<\/p>\n<p>Vid sitt tillbakadragande anv\u00e4nde tyskarna den s\u00e5 kallade br\u00e4nda jordens taktik f\u00f6r att f\u00f6rdr\u00f6ja finl\u00e4ndarnas framryckning. Detta innebar bland annat att byggnader, broar och v\u00e4gar f\u00f6rst\u00f6rdes. Till detta h\u00f6rde en omfattande minering och utl\u00e4ggning av f\u00f6rs\u00e5t. Det var inte n\u00e5got fr\u00e5n vanligheten avvikande att tyskarna anv\u00e4nde den br\u00e4nda jordens taktik, eftersom olika parter till exempel under andra v\u00e4rldskriget tidvis i stor utstr\u00e4ckning anv\u00e4nde sig av den. I december i b\u00f6rjan av 1939 anv\u00e4nde finl\u00e4ndarna sig av s\u00e5dan taktik i vinterkrigets skyddstruppsskede.<\/p>\n<p>Lapplandskriget fortsatte enligt ett slags grundschema och var mycket besv\u00e4rligt f\u00f6r de framryckande finl\u00e4ndska trupperna. Tyskarna f\u00f6rs\u00f6kte i sina bef\u00e4sta f\u00f6rdr\u00f6jningsst\u00e4llningar avv\u00e4rja finl\u00e4ndarnas anfall i v\u00e4griktningarna. Efter detta begav sig finl\u00e4ndarna i allm\u00e4nhet p\u00e5 uttr\u00f6ttande kringg\u00e5ende r\u00f6relser i tyskarnas rygg genom den v\u00e4gl\u00f6sa terr\u00e4ngen. F\u00f6r det mesta hann tyskarna l\u00f6sg\u00f6ra sig till f\u00f6ljande f\u00f6rdr\u00f6jande st\u00e4llning, varvid det f\u00f6reg\u00e5ende upprepades. Finl\u00e4ndarnas tunga bev\u00e4pning och underh\u00e5ll togs inte med i de kringg\u00e5ende r\u00f6relserna och ocks\u00e5 annars blev de efter p\u00e5 grund av de f\u00f6rst\u00f6rda v\u00e4gf\u00f6rbindelserna. Mannarnas bespisning bestod till stor del av kn\u00e4ckebr\u00f6d och vatten och det var kontinuerlig brist p\u00e5 skjutf\u00f6rn\u00f6denheter. Det r\u00e5dde minfara \u00f6verallt.<\/p>\n<p>I oktober fortsatte finl\u00e4ndarna jakten p\u00e5 tyskarna fr\u00e5n Rovaniemi l\u00e4ngs Ishavsv\u00e4gen mot Ivalo och i Torne\u00e5dalen mot Muonio. Strider f\u00f6rdes i flera av tyskarnas f\u00f6rdr\u00f6jningsst\u00e4llningar. Enligt villkoren f\u00f6r vapenvilan skulle reservisterna inom Finlands arm\u00e9 hemf\u00f6rlovas f\u00f6re 5.12., s\u00e5ledes d\u00e5 krigsoperationerna \u00e4nnu p\u00e5gick. De sista striderna under kriget var finl\u00e4ndarna tvungna att f\u00f6ra med bev\u00e4ringstrupper. Detta skede har kallats \u0094barnens korst\u00e5g\u0094.<\/p>\n<p>I krigsslutet fr\u00e5n och med februari 1945 stod endast en avdelning p\u00e5 600 man mot tyskarna i Lappland. Den var sammansatt av stampersonal och bev\u00e4ringar. De sista tyskarna l\u00e4mnade Finlands territorium via Kilpisj\u00e4rvi i Enonteki\u00f6 27.4.1945. Lapplandskriget var slut.<\/p>\n<p>Finl\u00e4ndarnas f\u00f6rluster i Lapplandskriget var 774 stupade, 262 f\u00f6rsvunna, av vilka \u00e5tminstone 164 blev tillf\u00e5ngatagna, samt ca 3 000 s\u00e5rade. Tyskarnas f\u00f6rluster var i det n\u00e4rmaste 1 000 stupade, \u00f6ver 2 000 s\u00e5rade och 1 300 tillf\u00e5ngatagna.<\/p>\n<p>Psykologiskt sett var inte Lapplandskriget l\u00e4tt f\u00f6r de finl\u00e4ndska soldaterna. Att v\u00e4nda sig emot de forna vapenbr\u00f6derna var inte enkelt f\u00f6r alla. P\u00e5 h\u00f6sten 1944 p\u00e5verkades reservisternas stridsmotivation av att alla v\u00e4ntade p\u00e5 hemf\u00f6rlovningen som redan var k\u00e4nd. Helt naturligt ville inte n\u00e5gon l\u00e4ngre riskera sitt liv. Ocks\u00e5 de unga bev\u00e4ringarnas st\u00e4llning var besv\u00e4rlig. \u00c5 andra sidan f\u00f6rorsakade tyskarnas grundliga f\u00f6rst\u00f6relse i krigets slutskede av Lappland bitterhet och \u00f6kade finl\u00e4ndarnas kampvilja.<\/p>\n<p>Det viktigaste f\u00f6r Finlands vidkommande i Lapplandskriget var att v\u00e5r arm\u00e9 kompromissl\u00f6st uppfyllde den uppgift som v\u00e5r statsledning hade gett den i det politiskt och psykologiskt sv\u00e5ra l\u00e4get. De villkor som Sovjetunionen uppst\u00e4llt f\u00f6r vapenvilan uppfylldes. Finland kunde b\u00f6rja t\u00e4nka p\u00e5 ett liv i fred.<\/p>\n<\/div><\/section>\n","protected":false},"excerpt":{"rendered":"","protected":false},"author":1,"featured_media":0,"parent":6211,"menu_order":2,"comment_status":"closed","ping_status":"closed","template":"","meta":{"footnotes":""},"class_list":["post-6219","page","type-page","status-publish","hentry"],"yoast_head":"<!-- This site is optimized with the Yoast SEO plugin v27.4 - https:\/\/yoast.com\/product\/yoast-seo-wordpress\/ -->\n<title>Krigsoperationerna - Veteraanien Perint\u00f6<\/title>\n<meta name=\"robots\" content=\"index, follow, max-snippet:-1, max-image-preview:large, max-video-preview:-1\" \/>\n<link rel=\"canonical\" href=\"https:\/\/veteraanienperinto.fi\/index.php\/sv\/lapplandskriget\/lapplandskrigets-gang\/krigsoperationerna\/\" \/>\n<meta property=\"og:locale\" content=\"fi_FI\" \/>\n<meta property=\"og:type\" content=\"article\" \/>\n<meta property=\"og:title\" content=\"Krigsoperationerna - Veteraanien Perint\u00f6\" \/>\n<meta property=\"og:url\" content=\"https:\/\/veteraanienperinto.fi\/index.php\/sv\/lapplandskriget\/lapplandskrigets-gang\/krigsoperationerna\/\" \/>\n<meta property=\"og:site_name\" content=\"Veteraanien Perint\u00f6\" \/>\n<meta property=\"article:modified_time\" content=\"2021-01-19T11:11:49+00:00\" \/>\n<meta name=\"twitter:card\" content=\"summary_large_image\" \/>\n<meta name=\"twitter:label1\" content=\"Arvioitu lukuaika\" \/>\n\t<meta name=\"twitter:data1\" content=\"5 minuuttia\" \/>\n<script type=\"application\/ld+json\" class=\"yoast-schema-graph\">{\"@context\":\"https:\\\/\\\/schema.org\",\"@graph\":[{\"@type\":\"WebPage\",\"@id\":\"https:\\\/\\\/veteraanienperinto.fi\\\/index.php\\\/sv\\\/lapplandskriget\\\/lapplandskrigets-gang\\\/krigsoperationerna\\\/\",\"url\":\"https:\\\/\\\/veteraanienperinto.fi\\\/index.php\\\/sv\\\/lapplandskriget\\\/lapplandskrigets-gang\\\/krigsoperationerna\\\/\",\"name\":\"Krigsoperationerna - Veteraanien Perint\u00f6\",\"isPartOf\":{\"@id\":\"https:\\\/\\\/veteraanienperinto.fi\\\/#website\"},\"datePublished\":\"2020-11-18T18:48:02+00:00\",\"dateModified\":\"2021-01-19T11:11:49+00:00\",\"breadcrumb\":{\"@id\":\"https:\\\/\\\/veteraanienperinto.fi\\\/index.php\\\/sv\\\/lapplandskriget\\\/lapplandskrigets-gang\\\/krigsoperationerna\\\/#breadcrumb\"},\"inLanguage\":\"fi\",\"potentialAction\":[{\"@type\":\"ReadAction\",\"target\":[\"https:\\\/\\\/veteraanienperinto.fi\\\/index.php\\\/sv\\\/lapplandskriget\\\/lapplandskrigets-gang\\\/krigsoperationerna\\\/\"]}]},{\"@type\":\"BreadcrumbList\",\"@id\":\"https:\\\/\\\/veteraanienperinto.fi\\\/index.php\\\/sv\\\/lapplandskriget\\\/lapplandskrigets-gang\\\/krigsoperationerna\\\/#breadcrumb\",\"itemListElement\":[{\"@type\":\"ListItem\",\"position\":1,\"name\":\"Etusivu\",\"item\":\"https:\\\/\\\/veteraanienperinto.fi\\\/index.php\\\/etusivu-2\\\/\"},{\"@type\":\"ListItem\",\"position\":2,\"name\":\"Lapplandskriget\",\"item\":\"https:\\\/\\\/veteraanienperinto.fi\\\/index.php\\\/sv\\\/lapplandskriget\\\/\"},{\"@type\":\"ListItem\",\"position\":3,\"name\":\"Lapplandskrigets g\u00e5ng\",\"item\":\"https:\\\/\\\/veteraanienperinto.fi\\\/index.php\\\/sv\\\/lapplandskriget\\\/lapplandskrigets-gang\\\/\"},{\"@type\":\"ListItem\",\"position\":4,\"name\":\"Krigsoperationerna\"}]},{\"@type\":\"WebSite\",\"@id\":\"https:\\\/\\\/veteraanienperinto.fi\\\/#website\",\"url\":\"https:\\\/\\\/veteraanienperinto.fi\\\/\",\"name\":\"Veteraanien Perint\u00f6\",\"description\":\"Kadettikunta\",\"potentialAction\":[{\"@type\":\"SearchAction\",\"target\":{\"@type\":\"EntryPoint\",\"urlTemplate\":\"https:\\\/\\\/veteraanienperinto.fi\\\/?s={search_term_string}\"},\"query-input\":{\"@type\":\"PropertyValueSpecification\",\"valueRequired\":true,\"valueName\":\"search_term_string\"}}],\"inLanguage\":\"fi\"}]}<\/script>\n<!-- \/ Yoast SEO plugin. -->","yoast_head_json":{"title":"Krigsoperationerna - Veteraanien Perint\u00f6","robots":{"index":"index","follow":"follow","max-snippet":"max-snippet:-1","max-image-preview":"max-image-preview:large","max-video-preview":"max-video-preview:-1"},"canonical":"https:\/\/veteraanienperinto.fi\/index.php\/sv\/lapplandskriget\/lapplandskrigets-gang\/krigsoperationerna\/","og_locale":"fi_FI","og_type":"article","og_title":"Krigsoperationerna - Veteraanien Perint\u00f6","og_url":"https:\/\/veteraanienperinto.fi\/index.php\/sv\/lapplandskriget\/lapplandskrigets-gang\/krigsoperationerna\/","og_site_name":"Veteraanien Perint\u00f6","article_modified_time":"2021-01-19T11:11:49+00:00","twitter_card":"summary_large_image","twitter_misc":{"Arvioitu lukuaika":"5 minuuttia"},"schema":{"@context":"https:\/\/schema.org","@graph":[{"@type":"WebPage","@id":"https:\/\/veteraanienperinto.fi\/index.php\/sv\/lapplandskriget\/lapplandskrigets-gang\/krigsoperationerna\/","url":"https:\/\/veteraanienperinto.fi\/index.php\/sv\/lapplandskriget\/lapplandskrigets-gang\/krigsoperationerna\/","name":"Krigsoperationerna - Veteraanien Perint\u00f6","isPartOf":{"@id":"https:\/\/veteraanienperinto.fi\/#website"},"datePublished":"2020-11-18T18:48:02+00:00","dateModified":"2021-01-19T11:11:49+00:00","breadcrumb":{"@id":"https:\/\/veteraanienperinto.fi\/index.php\/sv\/lapplandskriget\/lapplandskrigets-gang\/krigsoperationerna\/#breadcrumb"},"inLanguage":"fi","potentialAction":[{"@type":"ReadAction","target":["https:\/\/veteraanienperinto.fi\/index.php\/sv\/lapplandskriget\/lapplandskrigets-gang\/krigsoperationerna\/"]}]},{"@type":"BreadcrumbList","@id":"https:\/\/veteraanienperinto.fi\/index.php\/sv\/lapplandskriget\/lapplandskrigets-gang\/krigsoperationerna\/#breadcrumb","itemListElement":[{"@type":"ListItem","position":1,"name":"Etusivu","item":"https:\/\/veteraanienperinto.fi\/index.php\/etusivu-2\/"},{"@type":"ListItem","position":2,"name":"Lapplandskriget","item":"https:\/\/veteraanienperinto.fi\/index.php\/sv\/lapplandskriget\/"},{"@type":"ListItem","position":3,"name":"Lapplandskrigets g\u00e5ng","item":"https:\/\/veteraanienperinto.fi\/index.php\/sv\/lapplandskriget\/lapplandskrigets-gang\/"},{"@type":"ListItem","position":4,"name":"Krigsoperationerna"}]},{"@type":"WebSite","@id":"https:\/\/veteraanienperinto.fi\/#website","url":"https:\/\/veteraanienperinto.fi\/","name":"Veteraanien Perint\u00f6","description":"Kadettikunta","potentialAction":[{"@type":"SearchAction","target":{"@type":"EntryPoint","urlTemplate":"https:\/\/veteraanienperinto.fi\/?s={search_term_string}"},"query-input":{"@type":"PropertyValueSpecification","valueRequired":true,"valueName":"search_term_string"}}],"inLanguage":"fi"}]}},"_links":{"self":[{"href":"https:\/\/veteraanienperinto.fi\/index.php\/wp-json\/wp\/v2\/pages\/6219","targetHints":{"allow":["GET"]}}],"collection":[{"href":"https:\/\/veteraanienperinto.fi\/index.php\/wp-json\/wp\/v2\/pages"}],"about":[{"href":"https:\/\/veteraanienperinto.fi\/index.php\/wp-json\/wp\/v2\/types\/page"}],"author":[{"embeddable":true,"href":"https:\/\/veteraanienperinto.fi\/index.php\/wp-json\/wp\/v2\/users\/1"}],"replies":[{"embeddable":true,"href":"https:\/\/veteraanienperinto.fi\/index.php\/wp-json\/wp\/v2\/comments?post=6219"}],"version-history":[{"count":6,"href":"https:\/\/veteraanienperinto.fi\/index.php\/wp-json\/wp\/v2\/pages\/6219\/revisions"}],"predecessor-version":[{"id":10064,"href":"https:\/\/veteraanienperinto.fi\/index.php\/wp-json\/wp\/v2\/pages\/6219\/revisions\/10064"}],"up":[{"embeddable":true,"href":"https:\/\/veteraanienperinto.fi\/index.php\/wp-json\/wp\/v2\/pages\/6211"}],"wp:attachment":[{"href":"https:\/\/veteraanienperinto.fi\/index.php\/wp-json\/wp\/v2\/media?parent=6219"}],"curies":[{"name":"wp","href":"https:\/\/api.w.org\/{rel}","templated":true}]}}