{"id":6242,"date":"2020-11-18T19:21:52","date_gmt":"2020-11-18T19:21:52","guid":{"rendered":"https:\/\/veteraani.ylirotu.fi\/?page_id=6242"},"modified":"2021-01-21T22:00:11","modified_gmt":"2021-01-21T22:00:11","slug":"ateruppbyggnadens-bakgrund","status":"publish","type":"page","link":"https:\/\/veteraanienperinto.fi\/index.php\/sv\/ateruppbyggnad\/ateruppbyggnadens-bakgrund\/","title":{"rendered":"\u00c5teruppbyggnadens bakgrund"},"content":{"rendered":"<div id='full_slider_1'  class='avia-fullwidth-slider main_color avia-shadow   avia-builder-el-0  el_before_av_heading  avia-builder-el-first   container_wrap sidebar_right'  ><\/div><div id='after_full_slider_1'  class='main_color av_default_container_wrap container_wrap sidebar_right'  ><div class='container av-section-cont-open' ><div class='template-page content  av-content-small alpha units'><div class='post-entry post-entry-type-page post-entry-6242'><div class='entry-content-wrapper clearfix'>\n\n<style type=\"text\/css\" data-created_by=\"avia_inline_auto\" id=\"style-css-av-av_heading-3f1fd7c32e5eea8af62f0b18ed4d5eff\">\n#top .av-special-heading.av-av_heading-3f1fd7c32e5eea8af62f0b18ed4d5eff{\npadding-bottom:10px;\n}\nbody .av-special-heading.av-av_heading-3f1fd7c32e5eea8af62f0b18ed4d5eff .av-special-heading-tag .heading-char{\nfont-size:25px;\n}\n.av-special-heading.av-av_heading-3f1fd7c32e5eea8af62f0b18ed4d5eff .av-subheading{\nfont-size:15px;\n}\n<\/style>\n<div  class='av-special-heading av-av_heading-3f1fd7c32e5eea8af62f0b18ed4d5eff av-special-heading-h2  avia-builder-el-1  el_after_av_slideshow_full  el_before_av_one_third  avia-builder-el-first '><h2 class='av-special-heading-tag'  itemprop=\"headline\"  >Bakgrund<\/h2><div class=\"special-heading-border\"><div class=\"special-heading-inner-border\"><\/div><\/div><\/div>\n\n<style type=\"text\/css\" data-created_by=\"avia_inline_auto\" id=\"style-css-av-2w1wa-002b5f5dc41de51d8eeb0eafe2302599\">\n.flex_column.av-2w1wa-002b5f5dc41de51d8eeb0eafe2302599{\nborder-radius:0px 0px 0px 0px;\npadding:0px 0px 0px 0px;\n}\n<\/style>\n<div  class='flex_column av-2w1wa-002b5f5dc41de51d8eeb0eafe2302599 av_one_third  avia-builder-el-2  el_after_av_heading  el_before_av_one_third  first flex_column_div av-zero-column-padding  '     ><p>\n<style type=\"text\/css\" data-created_by=\"avia_inline_auto\" id=\"style-css-av-2bex2-aabc687a3ff73d8659bd3fb1e2f3a58b\">\n.avia-image-container.av-2bex2-aabc687a3ff73d8659bd3fb1e2f3a58b img.avia_image{\nbox-shadow:none;\n}\n.avia-image-container.av-2bex2-aabc687a3ff73d8659bd3fb1e2f3a58b .av-image-caption-overlay-center{\ncolor:#ffffff;\n}\n<\/style>\n<div  class='avia-image-container av-2bex2-aabc687a3ff73d8659bd3fb1e2f3a58b av-styling- avia-align-center  avia-builder-el-3  el_before_av_textblock  avia-builder-el-first '   itemprop=\"image\" itemscope=\"itemscope\" itemtype=\"https:\/\/schema.org\/ImageObject\" ><div class=\"avia-image-container-inner\"><div class=\"avia-image-overlay-wrap\"><a href=\"https:\/\/veteraanienperinto.fi\/index.php\/sv\/ateruppbyggnad\/ateruppbyggnadens-bakgrund\/krigets-efterspel\/\" class='avia_image'  aria-label='valvontakomissio'><img decoding=\"async\" fetchpriority=\"high\" class='wp-image-4181 avia-img-lazy-loading-not-4181 avia_image ' src=\"https:\/\/veteraanienperinto.fi\/wp-content\/uploads\/2020\/09\/valvontakomissio-180x180.jpg\" alt='' title='valvontakomissio'  height=\"180\" width=\"180\"  itemprop=\"thumbnailUrl\" srcset=\"https:\/\/veteraanienperinto.fi\/wp-content\/uploads\/2020\/09\/valvontakomissio-180x180.jpg 180w, https:\/\/veteraanienperinto.fi\/wp-content\/uploads\/2020\/09\/valvontakomissio-80x80.jpg 80w, https:\/\/veteraanienperinto.fi\/wp-content\/uploads\/2020\/09\/valvontakomissio-36x36.jpg 36w\" sizes=\"(max-width: 180px) 100vw, 180px\" \/><\/a><\/div><\/div><\/div><br \/>\n<section  class='av_textblock_section av-kdsbg70l-f5dc09215ab849fc95239b9908ea1c6a '   itemscope=\"itemscope\" itemtype=\"https:\/\/schema.org\/CreativeWork\" ><div class='avia_textblock'  itemprop=\"text\" ><p style=\"text-align: center;\">Krigets efterspel<\/p>\n<\/div><\/section><\/p><\/div>\n\n<style type=\"text\/css\" data-created_by=\"avia_inline_auto\" id=\"style-css-av-1hgg2-42ab8981e4677e5e7eb745af0bdf84c2\">\n.flex_column.av-1hgg2-42ab8981e4677e5e7eb745af0bdf84c2{\nborder-radius:0px 0px 0px 0px;\npadding:0px 0px 0px 0px;\n}\n<\/style>\n<div  class='flex_column av-1hgg2-42ab8981e4677e5e7eb745af0bdf84c2 av_one_third  avia-builder-el-5  el_after_av_one_third  el_before_av_one_third  flex_column_div av-zero-column-padding  '     ><p>\n<style type=\"text\/css\" data-created_by=\"avia_inline_auto\" id=\"style-css-av-8pe-e49e908ff9059370b224d1039d00f863\">\n.avia-image-container.av-8pe-e49e908ff9059370b224d1039d00f863 img.avia_image{\nbox-shadow:none;\n}\n.avia-image-container.av-8pe-e49e908ff9059370b224d1039d00f863 .av-image-caption-overlay-center{\ncolor:#ffffff;\n}\n<\/style>\n<div  class='avia-image-container av-8pe-e49e908ff9059370b224d1039d00f863 av-styling- avia-align-center  avia-builder-el-6  el_before_av_textblock  avia-builder-el-first '   itemprop=\"image\" itemscope=\"itemscope\" itemtype=\"https:\/\/schema.org\/ImageObject\" ><div class=\"avia-image-container-inner\"><div class=\"avia-image-overlay-wrap\"><a href=\"https:\/\/veteraanienperinto.fi\/index.php\/sv\/ateruppbyggnad\/ateruppbyggnadens-bakgrund\/stabiliseringen-av-finlands-stallning\/\" class='avia_image'  aria-label='paasikiviso'><img decoding=\"async\" fetchpriority=\"high\" class='wp-image-4182 avia-img-lazy-loading-not-4182 avia_image ' src=\"https:\/\/veteraanienperinto.fi\/wp-content\/uploads\/2020\/09\/paasikiviso-180x180.jpg\" alt='' title='paasikiviso'  height=\"180\" width=\"180\"  itemprop=\"thumbnailUrl\" srcset=\"https:\/\/veteraanienperinto.fi\/wp-content\/uploads\/2020\/09\/paasikiviso-180x180.jpg 180w, https:\/\/veteraanienperinto.fi\/wp-content\/uploads\/2020\/09\/paasikiviso-80x80.jpg 80w, https:\/\/veteraanienperinto.fi\/wp-content\/uploads\/2020\/09\/paasikiviso-36x36.jpg 36w\" sizes=\"(max-width: 180px) 100vw, 180px\" \/><\/a><\/div><\/div><\/div><br \/>\n<section  class='av_textblock_section av-kdsbghql-3654d9d4884834fe6a76ae332030ce9b '   itemscope=\"itemscope\" itemtype=\"https:\/\/schema.org\/CreativeWork\" ><div class='avia_textblock'  itemprop=\"text\" ><p class=\"art-postheader\" style=\"text-align: center;\">Stabiliseringen av Finlands st\u00e4llning<\/p>\n<\/div><\/section><\/p><\/div>\n\n<style type=\"text\/css\" data-created_by=\"avia_inline_auto\" id=\"style-css-av-1hgg2-42ab8981e4677e5e7eb745af0bdf84c2\">\n.flex_column.av-1hgg2-42ab8981e4677e5e7eb745af0bdf84c2{\nborder-radius:0px 0px 0px 0px;\npadding:0px 0px 0px 0px;\n}\n<\/style>\n<div  class='flex_column av-1hgg2-42ab8981e4677e5e7eb745af0bdf84c2 av_one_third  avia-builder-el-8  el_after_av_one_third  avia-builder-el-last  flex_column_div av-zero-column-padding  '     ><p>\n<style type=\"text\/css\" data-created_by=\"avia_inline_auto\" id=\"style-css-av-8pe-b1b3c6b8ad0bd6f98c914617a53d6593\">\n.avia-image-container.av-8pe-b1b3c6b8ad0bd6f98c914617a53d6593 img.avia_image{\nbox-shadow:none;\n}\n.avia-image-container.av-8pe-b1b3c6b8ad0bd6f98c914617a53d6593 .av-image-caption-overlay-center{\ncolor:#ffffff;\n}\n<\/style>\n<div  class='avia-image-container av-8pe-b1b3c6b8ad0bd6f98c914617a53d6593 av-styling- avia-align-center  avia-builder-el-9  el_before_av_textblock  avia-builder-el-first '   itemprop=\"image\" itemscope=\"itemscope\" itemtype=\"https:\/\/schema.org\/ImageObject\" ><div class=\"avia-image-container-inner\"><div class=\"avia-image-overlay-wrap\"><a href=\"https:\/\/veteraanienperinto.fi\/index.php\/sv\/ateruppbyggnad\/ateruppbyggnadens-bakgrund\/sotiemme-tilinpaatos-sve\/\" class='avia_image'  aria-label='Tilinp\u00e4\u00e4t\u00f6s'><img decoding=\"async\" fetchpriority=\"high\" class='wp-image-4183 avia-img-lazy-loading-not-4183 avia_image ' src=\"https:\/\/veteraanienperinto.fi\/wp-content\/uploads\/2020\/09\/Tilinpaatos-180x180.jpg\" alt='' title='Tilinp\u00e4\u00e4t\u00f6s'  height=\"180\" width=\"180\"  itemprop=\"thumbnailUrl\" srcset=\"https:\/\/veteraanienperinto.fi\/wp-content\/uploads\/2020\/09\/Tilinpaatos-180x180.jpg 180w, https:\/\/veteraanienperinto.fi\/wp-content\/uploads\/2020\/09\/Tilinpaatos-80x80.jpg 80w, https:\/\/veteraanienperinto.fi\/wp-content\/uploads\/2020\/09\/Tilinpaatos-36x36.jpg 36w\" sizes=\"(max-width: 180px) 100vw, 180px\" \/><\/a><\/div><\/div><\/div><br \/>\n<section  class='av_textblock_section av-kdsbghql-3654d9d4884834fe6a76ae332030ce9b '   itemscope=\"itemscope\" itemtype=\"https:\/\/schema.org\/CreativeWork\" ><div class='avia_textblock'  itemprop=\"text\" ><p style=\"text-align: center;\">V\u00e5ra krigs bokslut<\/p>\n<\/div><\/section><\/p><\/div>\n","protected":false},"excerpt":{"rendered":"","protected":false},"author":1,"featured_media":0,"parent":6238,"menu_order":1,"comment_status":"closed","ping_status":"closed","template":"","meta":{"footnotes":""},"class_list":["post-6242","page","type-page","status-publish","hentry"],"yoast_head":"<!-- This site is optimized with the Yoast SEO plugin v27.4 - https:\/\/yoast.com\/product\/yoast-seo-wordpress\/ -->\n<title>\u00c5teruppbyggnadens bakgrund - Veteraanien Perint\u00f6<\/title>\n<meta name=\"robots\" content=\"index, follow, max-snippet:-1, max-image-preview:large, max-video-preview:-1\" \/>\n<link rel=\"canonical\" href=\"https:\/\/veteraanienperinto.fi\/index.php\/sv\/ateruppbyggnad\/ateruppbyggnadens-bakgrund\/\" \/>\n<meta property=\"og:locale\" content=\"fi_FI\" \/>\n<meta property=\"og:type\" content=\"article\" \/>\n<meta property=\"og:title\" content=\"\u00c5teruppbyggnadens bakgrund - Veteraanien Perint\u00f6\" \/>\n<meta property=\"og:url\" content=\"https:\/\/veteraanienperinto.fi\/index.php\/sv\/ateruppbyggnad\/ateruppbyggnadens-bakgrund\/\" \/>\n<meta property=\"og:site_name\" content=\"Veteraanien Perint\u00f6\" \/>\n<meta property=\"article:modified_time\" content=\"2021-01-21T22:00:11+00:00\" \/>\n<meta name=\"twitter:card\" content=\"summary_large_image\" \/>\n<meta name=\"twitter:label1\" content=\"Arvioitu lukuaika\" \/>\n\t<meta name=\"twitter:data1\" content=\"4 minuuttia\" \/>\n<script type=\"application\/ld+json\" class=\"yoast-schema-graph\">{\"@context\":\"https:\\\/\\\/schema.org\",\"@graph\":[{\"@type\":\"WebPage\",\"@id\":\"https:\\\/\\\/veteraanienperinto.fi\\\/index.php\\\/sv\\\/ateruppbyggnad\\\/ateruppbyggnadens-bakgrund\\\/\",\"url\":\"https:\\\/\\\/veteraanienperinto.fi\\\/index.php\\\/sv\\\/ateruppbyggnad\\\/ateruppbyggnadens-bakgrund\\\/\",\"name\":\"\u00c5teruppbyggnadens bakgrund - Veteraanien Perint\u00f6\",\"isPartOf\":{\"@id\":\"https:\\\/\\\/veteraanienperinto.fi\\\/#website\"},\"datePublished\":\"2020-11-18T19:21:52+00:00\",\"dateModified\":\"2021-01-21T22:00:11+00:00\",\"breadcrumb\":{\"@id\":\"https:\\\/\\\/veteraanienperinto.fi\\\/index.php\\\/sv\\\/ateruppbyggnad\\\/ateruppbyggnadens-bakgrund\\\/#breadcrumb\"},\"inLanguage\":\"fi\",\"potentialAction\":[{\"@type\":\"ReadAction\",\"target\":[\"https:\\\/\\\/veteraanienperinto.fi\\\/index.php\\\/sv\\\/ateruppbyggnad\\\/ateruppbyggnadens-bakgrund\\\/\"]}]},{\"@type\":\"BreadcrumbList\",\"@id\":\"https:\\\/\\\/veteraanienperinto.fi\\\/index.php\\\/sv\\\/ateruppbyggnad\\\/ateruppbyggnadens-bakgrund\\\/#breadcrumb\",\"itemListElement\":[{\"@type\":\"ListItem\",\"position\":1,\"name\":\"Etusivu\",\"item\":\"https:\\\/\\\/veteraanienperinto.fi\\\/index.php\\\/etusivu-2\\\/\"},{\"@type\":\"ListItem\",\"position\":2,\"name\":\"\u00c5teruppbyggnad\",\"item\":\"https:\\\/\\\/veteraanienperinto.fi\\\/index.php\\\/sv\\\/ateruppbyggnad\\\/\"},{\"@type\":\"ListItem\",\"position\":3,\"name\":\"\u00c5teruppbyggnadens bakgrund\"}]},{\"@type\":\"WebSite\",\"@id\":\"https:\\\/\\\/veteraanienperinto.fi\\\/#website\",\"url\":\"https:\\\/\\\/veteraanienperinto.fi\\\/\",\"name\":\"Veteraanien Perint\u00f6\",\"description\":\"Kadettikunta\",\"potentialAction\":[{\"@type\":\"SearchAction\",\"target\":{\"@type\":\"EntryPoint\",\"urlTemplate\":\"https:\\\/\\\/veteraanienperinto.fi\\\/?s={search_term_string}\"},\"query-input\":{\"@type\":\"PropertyValueSpecification\",\"valueRequired\":true,\"valueName\":\"search_term_string\"}}],\"inLanguage\":\"fi\"}]}<\/script>\n<!-- \/ Yoast SEO plugin. -->","yoast_head_json":{"title":"\u00c5teruppbyggnadens bakgrund - Veteraanien Perint\u00f6","robots":{"index":"index","follow":"follow","max-snippet":"max-snippet:-1","max-image-preview":"max-image-preview:large","max-video-preview":"max-video-preview:-1"},"canonical":"https:\/\/veteraanienperinto.fi\/index.php\/sv\/ateruppbyggnad\/ateruppbyggnadens-bakgrund\/","og_locale":"fi_FI","og_type":"article","og_title":"\u00c5teruppbyggnadens bakgrund - Veteraanien Perint\u00f6","og_url":"https:\/\/veteraanienperinto.fi\/index.php\/sv\/ateruppbyggnad\/ateruppbyggnadens-bakgrund\/","og_site_name":"Veteraanien Perint\u00f6","article_modified_time":"2021-01-21T22:00:11+00:00","twitter_card":"summary_large_image","twitter_misc":{"Arvioitu lukuaika":"4 minuuttia"},"schema":{"@context":"https:\/\/schema.org","@graph":[{"@type":"WebPage","@id":"https:\/\/veteraanienperinto.fi\/index.php\/sv\/ateruppbyggnad\/ateruppbyggnadens-bakgrund\/","url":"https:\/\/veteraanienperinto.fi\/index.php\/sv\/ateruppbyggnad\/ateruppbyggnadens-bakgrund\/","name":"\u00c5teruppbyggnadens bakgrund - Veteraanien Perint\u00f6","isPartOf":{"@id":"https:\/\/veteraanienperinto.fi\/#website"},"datePublished":"2020-11-18T19:21:52+00:00","dateModified":"2021-01-21T22:00:11+00:00","breadcrumb":{"@id":"https:\/\/veteraanienperinto.fi\/index.php\/sv\/ateruppbyggnad\/ateruppbyggnadens-bakgrund\/#breadcrumb"},"inLanguage":"fi","potentialAction":[{"@type":"ReadAction","target":["https:\/\/veteraanienperinto.fi\/index.php\/sv\/ateruppbyggnad\/ateruppbyggnadens-bakgrund\/"]}]},{"@type":"BreadcrumbList","@id":"https:\/\/veteraanienperinto.fi\/index.php\/sv\/ateruppbyggnad\/ateruppbyggnadens-bakgrund\/#breadcrumb","itemListElement":[{"@type":"ListItem","position":1,"name":"Etusivu","item":"https:\/\/veteraanienperinto.fi\/index.php\/etusivu-2\/"},{"@type":"ListItem","position":2,"name":"\u00c5teruppbyggnad","item":"https:\/\/veteraanienperinto.fi\/index.php\/sv\/ateruppbyggnad\/"},{"@type":"ListItem","position":3,"name":"\u00c5teruppbyggnadens bakgrund"}]},{"@type":"WebSite","@id":"https:\/\/veteraanienperinto.fi\/#website","url":"https:\/\/veteraanienperinto.fi\/","name":"Veteraanien Perint\u00f6","description":"Kadettikunta","potentialAction":[{"@type":"SearchAction","target":{"@type":"EntryPoint","urlTemplate":"https:\/\/veteraanienperinto.fi\/?s={search_term_string}"},"query-input":{"@type":"PropertyValueSpecification","valueRequired":true,"valueName":"search_term_string"}}],"inLanguage":"fi"}]}},"_links":{"self":[{"href":"https:\/\/veteraanienperinto.fi\/index.php\/wp-json\/wp\/v2\/pages\/6242","targetHints":{"allow":["GET"]}}],"collection":[{"href":"https:\/\/veteraanienperinto.fi\/index.php\/wp-json\/wp\/v2\/pages"}],"about":[{"href":"https:\/\/veteraanienperinto.fi\/index.php\/wp-json\/wp\/v2\/types\/page"}],"author":[{"embeddable":true,"href":"https:\/\/veteraanienperinto.fi\/index.php\/wp-json\/wp\/v2\/users\/1"}],"replies":[{"embeddable":true,"href":"https:\/\/veteraanienperinto.fi\/index.php\/wp-json\/wp\/v2\/comments?post=6242"}],"version-history":[{"count":7,"href":"https:\/\/veteraanienperinto.fi\/index.php\/wp-json\/wp\/v2\/pages\/6242\/revisions"}],"predecessor-version":[{"id":10449,"href":"https:\/\/veteraanienperinto.fi\/index.php\/wp-json\/wp\/v2\/pages\/6242\/revisions\/10449"}],"up":[{"embeddable":true,"href":"https:\/\/veteraanienperinto.fi\/index.php\/wp-json\/wp\/v2\/pages\/6238"}],"wp:attachment":[{"href":"https:\/\/veteraanienperinto.fi\/index.php\/wp-json\/wp\/v2\/media?parent=6242"}],"curies":[{"name":"wp","href":"https:\/\/api.w.org\/{rel}","templated":true}]}}