{"id":6246,"date":"2020-11-18T19:25:31","date_gmt":"2020-11-18T19:25:31","guid":{"rendered":"https:\/\/veteraani.ylirotu.fi\/?page_id=6246"},"modified":"2021-01-19T11:35:50","modified_gmt":"2021-01-19T11:35:50","slug":"krigets-efterspel","status":"publish","type":"page","link":"https:\/\/veteraanienperinto.fi\/index.php\/sv\/ateruppbyggnad\/ateruppbyggnadens-bakgrund\/krigets-efterspel\/","title":{"rendered":"Krigets efterspel"},"content":{"rendered":"<div id='full_slider_1'  class='avia-fullwidth-slider main_color avia-shadow   avia-builder-el-0  el_before_av_heading  avia-builder-el-first   container_wrap sidebar_right'  ><\/div><div id='after_full_slider_1'  class='main_color av_default_container_wrap container_wrap sidebar_right'  ><div class='container av-section-cont-open' ><div class='template-page content  av-content-small alpha units'><div class='post-entry post-entry-type-page post-entry-6246'><div class='entry-content-wrapper clearfix'>\n\n<style type=\"text\/css\" data-created_by=\"avia_inline_auto\" id=\"style-css-av-kk3x8f35-c803195a2b48235bfe0e205958cfe2d4\">\n#top .av-special-heading.av-kk3x8f35-c803195a2b48235bfe0e205958cfe2d4{\npadding-bottom:10px;\n}\nbody .av-special-heading.av-kk3x8f35-c803195a2b48235bfe0e205958cfe2d4 .av-special-heading-tag .heading-char{\nfont-size:25px;\n}\n.av-special-heading.av-kk3x8f35-c803195a2b48235bfe0e205958cfe2d4 .av-subheading{\nfont-size:15px;\n}\n<\/style>\n<div  class='av-special-heading av-kk3x8f35-c803195a2b48235bfe0e205958cfe2d4 av-special-heading-h2  avia-builder-el-1  el_after_av_slideshow_full  el_before_av_textblock  avia-builder-el-first '><h2 class='av-special-heading-tag'  itemprop=\"headline\"  >Krigets efterspel<\/h2><div class=\"special-heading-border\"><div class=\"special-heading-inner-border\"><\/div><\/div><\/div>\n<section  class='av_textblock_section av-8uq49-513b26dac98674f00e27ed2eebe4e572 '   itemscope=\"itemscope\" itemtype=\"https:\/\/schema.org\/CreativeWork\" ><div class='avia_textblock'  itemprop=\"text\" ><p>Villkoren f\u00f6r vapenvilan som ingicks p\u00e5 h\u00f6sten 1944 var tunga f\u00f6r Finland. Man f\u00f6rlorade Karelen p\u00e5 nytt. Dessutom var man tvungen att fr\u00e5ntr\u00e4da Petsamo och att arrendera ut Porkala till Sovjetunionen p\u00e5 femtio \u00e5r. Tyskarna som fanns i landet m\u00e5ste avv\u00e4pnas. Ett stort krigsskadest\u00e5nd best\u00e4mdes f\u00f6r Finland.<\/p>\n<p>H\u00f6sten 1944 var os\u00e4kerhetens tid i Finland. De str\u00e4nga villkoren f\u00f6r vapenvilan, truppernas tillbakadragande bakom 1940-\u00e5rs gr\u00e4ns, utrymningen av Porkalaomr\u00e5det och sovjettruppernas uppdykande i n\u00e4rheten av huvudstaden, samt striderna mot tyskarna skapade os\u00e4kerhet. De stora inrikespolitiska problemen h\u00e4ngde ihop med detta.<\/p>\n<p>F\u00f6r att \u00f6vervaka att villkoren i vapenstillest\u00e5ndsavtalet uppfylldes, kom en kommission, tillsatt av de allierade till v\u00e5rt land 22.9. Den bestod av ca 200 ryssar och 15 engelsm\u00e4n. Kommissionen hade diplomatiska r\u00e4ttigheter och den fungerade mycket str\u00e4ngt i det f\u00f6rsta skedet, vilket v\u00e4ckte misstankar om dess syfte. F\u00f6rutom sina huvuduppgifter ingrep kommissionen ocks\u00e5 i m\u00e5nga andra saker, s\u00e5som i befriandet av politiska f\u00e5ngar, krigsf\u00e5ngarnas gravar, spionverksamheten, arm\u00e9ns utbildning, kustf\u00f6rsvaret, lagringen av stridsutrustning och till och med betr\u00e4ffade b\u00f6cker som fanns i biblioteken f\u00f6r utl\u00e5ning.<\/p>\n<p>P\u00e5 order av kontrollkommissionen togs 1783 olika verk bort fr\u00e5n biblioteken i Finland eftersom dessa ans\u00e5gs vara fientligt sinnade mot Sovjetunionen. Detta innebar att ca 30 000 b\u00f6cker sattes bakom l\u00e5s. Bland dem fanns verk som inneh\u00f6ll propaganda och som kritiserade sovjetsystemet, men ocks\u00e5 rena \u00e4ventyrsb\u00f6cker och krigsbeskrivningar samt k\u00e5serier. Ofta gick det inte upp f\u00f6r den stora allm\u00e4nheten vad avl\u00e4gsnandet grundade sig p\u00e5. I vissa av skolelevernas b\u00f6cker vara man tvungen att limma in nya texter ovanp\u00e5 den text som tidigare anv\u00e4nts vid studierna.<\/p>\n<p>Vid den praktiska till\u00e4mpningen av mellanfredsvillkoren uppl\u00f6stes Skyddsk\u00e5rsorganisationen, Lotta Sv\u00e4rd-organisationen samt Finlands Vapenbr\u00f6dra F\u00f6rbund. Ocks\u00e5 hundratals andra organisationer och f\u00f6reningar uppl\u00f6stes n\u00e4rmast av politiska sk\u00e4l.<\/p>\n<p>Krigsansvarighetsr\u00e4tteg\u00e5ngarna under \u00e5ren 1945-46 var en f\u00f6ljd av de finl\u00e4ndska kommunisternas initiativ som togs redan p\u00e5 h\u00f6sten 1944. I b\u00f6rjan hade man inte br\u00e5ttom med saken, eftersom de \u00e5talade enligt Finlands lagstiftning och r\u00e4ttsuppfattning inte hade gjort sig skyldiga till n\u00e5gra som helst f\u00f6rbrytelser. L\u00e4get \u00e4ndrades i augusti 1945, d\u00e5 segrarmakterna besl\u00f6t att ocks\u00e5 politisk verksamhet kan vara en krigsf\u00f6rbrytelse. I detta skede ans\u00e5gs det n\u00f6dtvunget att p\u00e5b\u00f6rja f\u00f6rberedelserna f\u00f6r r\u00e4tteg\u00e5ngen i synnerhet d\u00e5 den sovjetiska ordf\u00f6randen f\u00f6r kontrollkommissionen kr\u00e4vde det.<\/p>\n<p>F\u00f6r att g\u00f6ra r\u00e4tteg\u00e5ngen m\u00f6jlig gick riksdagen med p\u00e5 att i strid med Finlands regeringsform stifta en retroaktiv lag. Vid r\u00e4tteg\u00e5ngarna var det en klar avsikt att d\u00f6ma de \u00e5talade utan avseende till de synpunkter som f\u00f6rsvaret f\u00f6rde fram. Domarna f\u00f6ll 21.2.1946. Den f\u00f6rra presidenten Risto Ryti och sju andra personer d\u00f6mdes till f\u00e4ngelsestraff mellan 2 och 10 \u00e5r. Majoriteten av finl\u00e4ndarna har aldrig godk\u00e4nt domarna. De d\u00f6mda hade varit tvungna att fatta sv\u00e5ra politiska beslut i situationer d\u00e5 alla annorlunda beslut skulle ha lett till oanade f\u00f6ljder f\u00f6r Finlands vidkommande. Anfallet som Stalin inlett mot v\u00e5rt land p\u00e5 h\u00f6sten 1939 ans\u00e5gs allm\u00e4nt i Finland som den verkliga orsaken till alla de tre krigen, antingen direkt eller som f\u00f6ljdverkan.<\/p>\n<p><strong>Porkala<\/strong><\/p>\n<p>Genom att arrendera Porkala omr\u00e5det ville Stalin trygga den sovjetiska flottans obehindrade passage till \u00d6stersj\u00f6n, h\u00e5lla Finlands statsledning under press och g\u00f6ra det m\u00f6jligt att med artillerield vid behov beskjuta Helsingfors. Finlands huvudstad, presidentslottet och statsf\u00f6rvaltningens h\u00f6gsta ledning var vilket \u00f6gonblick som helst inom r\u00e4ckh\u00e5ll f\u00f6r det tunga kustartilleriet som var f\u00f6rlagt i Porkala. Finland skulle inte ha haft n\u00e5gon m\u00f6jlighet att besvara elden, eftersom man varit tvungen att montera ner Finlands l\u00e5ngtb\u00e4rande kustartilleri fr\u00e5n Porkalas n\u00e4romr\u00e5den. Porkala st\u00f6djepunkt var en stark inrikes- och utrikespolitisk samt milt\u00e4r skr\u00e4mselmetod mot Finland. Hotet fr\u00e5n Porkala f\u00f6rsvann \u00e5r 1956 d\u00e5 Sovjetunionen \u00f6verl\u00e4t omr\u00e5det tillbaka till Finland.<\/p>\n<\/div><\/section>\n","protected":false},"excerpt":{"rendered":"","protected":false},"author":1,"featured_media":0,"parent":6242,"menu_order":0,"comment_status":"closed","ping_status":"closed","template":"","meta":{"footnotes":""},"class_list":["post-6246","page","type-page","status-publish","hentry"],"yoast_head":"<!-- This site is optimized with the Yoast SEO plugin v27.4 - https:\/\/yoast.com\/product\/yoast-seo-wordpress\/ -->\n<title>Krigets efterspel - Veteraanien Perint\u00f6<\/title>\n<meta name=\"robots\" content=\"index, follow, max-snippet:-1, max-image-preview:large, max-video-preview:-1\" \/>\n<link rel=\"canonical\" href=\"https:\/\/veteraanienperinto.fi\/index.php\/sv\/ateruppbyggnad\/ateruppbyggnadens-bakgrund\/krigets-efterspel\/\" \/>\n<meta property=\"og:locale\" content=\"fi_FI\" \/>\n<meta property=\"og:type\" content=\"article\" \/>\n<meta property=\"og:title\" content=\"Krigets efterspel - Veteraanien Perint\u00f6\" \/>\n<meta property=\"og:url\" content=\"https:\/\/veteraanienperinto.fi\/index.php\/sv\/ateruppbyggnad\/ateruppbyggnadens-bakgrund\/krigets-efterspel\/\" \/>\n<meta property=\"og:site_name\" content=\"Veteraanien Perint\u00f6\" \/>\n<meta property=\"article:modified_time\" content=\"2021-01-19T11:35:50+00:00\" \/>\n<meta name=\"twitter:card\" content=\"summary_large_image\" \/>\n<meta name=\"twitter:label1\" content=\"Arvioitu lukuaika\" \/>\n\t<meta name=\"twitter:data1\" content=\"4 minuuttia\" \/>\n<script type=\"application\/ld+json\" class=\"yoast-schema-graph\">{\"@context\":\"https:\\\/\\\/schema.org\",\"@graph\":[{\"@type\":\"WebPage\",\"@id\":\"https:\\\/\\\/veteraanienperinto.fi\\\/index.php\\\/sv\\\/ateruppbyggnad\\\/ateruppbyggnadens-bakgrund\\\/krigets-efterspel\\\/\",\"url\":\"https:\\\/\\\/veteraanienperinto.fi\\\/index.php\\\/sv\\\/ateruppbyggnad\\\/ateruppbyggnadens-bakgrund\\\/krigets-efterspel\\\/\",\"name\":\"Krigets efterspel - Veteraanien Perint\u00f6\",\"isPartOf\":{\"@id\":\"https:\\\/\\\/veteraanienperinto.fi\\\/#website\"},\"datePublished\":\"2020-11-18T19:25:31+00:00\",\"dateModified\":\"2021-01-19T11:35:50+00:00\",\"breadcrumb\":{\"@id\":\"https:\\\/\\\/veteraanienperinto.fi\\\/index.php\\\/sv\\\/ateruppbyggnad\\\/ateruppbyggnadens-bakgrund\\\/krigets-efterspel\\\/#breadcrumb\"},\"inLanguage\":\"fi\",\"potentialAction\":[{\"@type\":\"ReadAction\",\"target\":[\"https:\\\/\\\/veteraanienperinto.fi\\\/index.php\\\/sv\\\/ateruppbyggnad\\\/ateruppbyggnadens-bakgrund\\\/krigets-efterspel\\\/\"]}]},{\"@type\":\"BreadcrumbList\",\"@id\":\"https:\\\/\\\/veteraanienperinto.fi\\\/index.php\\\/sv\\\/ateruppbyggnad\\\/ateruppbyggnadens-bakgrund\\\/krigets-efterspel\\\/#breadcrumb\",\"itemListElement\":[{\"@type\":\"ListItem\",\"position\":1,\"name\":\"Etusivu\",\"item\":\"https:\\\/\\\/veteraanienperinto.fi\\\/index.php\\\/etusivu-2\\\/\"},{\"@type\":\"ListItem\",\"position\":2,\"name\":\"\u00c5teruppbyggnad\",\"item\":\"https:\\\/\\\/veteraanienperinto.fi\\\/index.php\\\/sv\\\/ateruppbyggnad\\\/\"},{\"@type\":\"ListItem\",\"position\":3,\"name\":\"\u00c5teruppbyggnadens bakgrund\",\"item\":\"https:\\\/\\\/veteraanienperinto.fi\\\/index.php\\\/sv\\\/ateruppbyggnad\\\/ateruppbyggnadens-bakgrund\\\/\"},{\"@type\":\"ListItem\",\"position\":4,\"name\":\"Krigets efterspel\"}]},{\"@type\":\"WebSite\",\"@id\":\"https:\\\/\\\/veteraanienperinto.fi\\\/#website\",\"url\":\"https:\\\/\\\/veteraanienperinto.fi\\\/\",\"name\":\"Veteraanien Perint\u00f6\",\"description\":\"Kadettikunta\",\"potentialAction\":[{\"@type\":\"SearchAction\",\"target\":{\"@type\":\"EntryPoint\",\"urlTemplate\":\"https:\\\/\\\/veteraanienperinto.fi\\\/?s={search_term_string}\"},\"query-input\":{\"@type\":\"PropertyValueSpecification\",\"valueRequired\":true,\"valueName\":\"search_term_string\"}}],\"inLanguage\":\"fi\"}]}<\/script>\n<!-- \/ Yoast SEO plugin. -->","yoast_head_json":{"title":"Krigets efterspel - Veteraanien Perint\u00f6","robots":{"index":"index","follow":"follow","max-snippet":"max-snippet:-1","max-image-preview":"max-image-preview:large","max-video-preview":"max-video-preview:-1"},"canonical":"https:\/\/veteraanienperinto.fi\/index.php\/sv\/ateruppbyggnad\/ateruppbyggnadens-bakgrund\/krigets-efterspel\/","og_locale":"fi_FI","og_type":"article","og_title":"Krigets efterspel - Veteraanien Perint\u00f6","og_url":"https:\/\/veteraanienperinto.fi\/index.php\/sv\/ateruppbyggnad\/ateruppbyggnadens-bakgrund\/krigets-efterspel\/","og_site_name":"Veteraanien Perint\u00f6","article_modified_time":"2021-01-19T11:35:50+00:00","twitter_card":"summary_large_image","twitter_misc":{"Arvioitu lukuaika":"4 minuuttia"},"schema":{"@context":"https:\/\/schema.org","@graph":[{"@type":"WebPage","@id":"https:\/\/veteraanienperinto.fi\/index.php\/sv\/ateruppbyggnad\/ateruppbyggnadens-bakgrund\/krigets-efterspel\/","url":"https:\/\/veteraanienperinto.fi\/index.php\/sv\/ateruppbyggnad\/ateruppbyggnadens-bakgrund\/krigets-efterspel\/","name":"Krigets efterspel - Veteraanien Perint\u00f6","isPartOf":{"@id":"https:\/\/veteraanienperinto.fi\/#website"},"datePublished":"2020-11-18T19:25:31+00:00","dateModified":"2021-01-19T11:35:50+00:00","breadcrumb":{"@id":"https:\/\/veteraanienperinto.fi\/index.php\/sv\/ateruppbyggnad\/ateruppbyggnadens-bakgrund\/krigets-efterspel\/#breadcrumb"},"inLanguage":"fi","potentialAction":[{"@type":"ReadAction","target":["https:\/\/veteraanienperinto.fi\/index.php\/sv\/ateruppbyggnad\/ateruppbyggnadens-bakgrund\/krigets-efterspel\/"]}]},{"@type":"BreadcrumbList","@id":"https:\/\/veteraanienperinto.fi\/index.php\/sv\/ateruppbyggnad\/ateruppbyggnadens-bakgrund\/krigets-efterspel\/#breadcrumb","itemListElement":[{"@type":"ListItem","position":1,"name":"Etusivu","item":"https:\/\/veteraanienperinto.fi\/index.php\/etusivu-2\/"},{"@type":"ListItem","position":2,"name":"\u00c5teruppbyggnad","item":"https:\/\/veteraanienperinto.fi\/index.php\/sv\/ateruppbyggnad\/"},{"@type":"ListItem","position":3,"name":"\u00c5teruppbyggnadens bakgrund","item":"https:\/\/veteraanienperinto.fi\/index.php\/sv\/ateruppbyggnad\/ateruppbyggnadens-bakgrund\/"},{"@type":"ListItem","position":4,"name":"Krigets efterspel"}]},{"@type":"WebSite","@id":"https:\/\/veteraanienperinto.fi\/#website","url":"https:\/\/veteraanienperinto.fi\/","name":"Veteraanien Perint\u00f6","description":"Kadettikunta","potentialAction":[{"@type":"SearchAction","target":{"@type":"EntryPoint","urlTemplate":"https:\/\/veteraanienperinto.fi\/?s={search_term_string}"},"query-input":{"@type":"PropertyValueSpecification","valueRequired":true,"valueName":"search_term_string"}}],"inLanguage":"fi"}]}},"_links":{"self":[{"href":"https:\/\/veteraanienperinto.fi\/index.php\/wp-json\/wp\/v2\/pages\/6246","targetHints":{"allow":["GET"]}}],"collection":[{"href":"https:\/\/veteraanienperinto.fi\/index.php\/wp-json\/wp\/v2\/pages"}],"about":[{"href":"https:\/\/veteraanienperinto.fi\/index.php\/wp-json\/wp\/v2\/types\/page"}],"author":[{"embeddable":true,"href":"https:\/\/veteraanienperinto.fi\/index.php\/wp-json\/wp\/v2\/users\/1"}],"replies":[{"embeddable":true,"href":"https:\/\/veteraanienperinto.fi\/index.php\/wp-json\/wp\/v2\/comments?post=6246"}],"version-history":[{"count":4,"href":"https:\/\/veteraanienperinto.fi\/index.php\/wp-json\/wp\/v2\/pages\/6246\/revisions"}],"predecessor-version":[{"id":10070,"href":"https:\/\/veteraanienperinto.fi\/index.php\/wp-json\/wp\/v2\/pages\/6246\/revisions\/10070"}],"up":[{"embeddable":true,"href":"https:\/\/veteraanienperinto.fi\/index.php\/wp-json\/wp\/v2\/pages\/6242"}],"wp:attachment":[{"href":"https:\/\/veteraanienperinto.fi\/index.php\/wp-json\/wp\/v2\/media?parent=6246"}],"curies":[{"name":"wp","href":"https:\/\/api.w.org\/{rel}","templated":true}]}}