{"id":6262,"date":"2020-11-18T20:08:11","date_gmt":"2020-11-18T20:08:11","guid":{"rendered":"https:\/\/veteraani.ylirotu.fi\/?page_id=6262"},"modified":"2021-01-19T11:48:47","modified_gmt":"2021-01-19T11:48:47","slug":"ateruppbyggnaden-och-kolonisationsverksamheten","status":"publish","type":"page","link":"https:\/\/veteraanienperinto.fi\/index.php\/sv\/ateruppbyggnad\/samhallet\/ateruppbyggnaden-och-kolonisationsverksamheten\/","title":{"rendered":"\u00c5teruppbyggnaden och kolonisationsverksamheten"},"content":{"rendered":"<div id='full_slider_1'  class='avia-fullwidth-slider main_color avia-shadow   avia-builder-el-0  el_before_av_heading  avia-builder-el-first   container_wrap sidebar_right'  ><\/div><div id='after_full_slider_1'  class='main_color av_default_container_wrap container_wrap sidebar_right'  ><div class='container av-section-cont-open' ><div class='template-page content  av-content-small alpha units'><div class='post-entry post-entry-type-page post-entry-6262'><div class='entry-content-wrapper clearfix'>\n\n<style type=\"text\/css\" data-created_by=\"avia_inline_auto\" id=\"style-css-av-kk3xp1o4-96fbfc0a62f1800e2543285e63ace6f3\">\n#top .av-special-heading.av-kk3xp1o4-96fbfc0a62f1800e2543285e63ace6f3{\npadding-bottom:10px;\n}\nbody .av-special-heading.av-kk3xp1o4-96fbfc0a62f1800e2543285e63ace6f3 .av-special-heading-tag .heading-char{\nfont-size:25px;\n}\n.av-special-heading.av-kk3xp1o4-96fbfc0a62f1800e2543285e63ace6f3 .av-subheading{\nfont-size:15px;\n}\n<\/style>\n<div  class='av-special-heading av-kk3xp1o4-96fbfc0a62f1800e2543285e63ace6f3 av-special-heading-h2  avia-builder-el-1  el_after_av_slideshow_full  el_before_av_textblock  avia-builder-el-first '><h2 class='av-special-heading-tag'  itemprop=\"headline\"  >\u00c5teruppbyggnaden och kolonisationsverksamheten<\/h2><div class=\"special-heading-border\"><div class=\"special-heading-inner-border\"><\/div><\/div><\/div>\n<section  class='av_textblock_section av-9k25x-05a3c3644896b10d76178592e9f38448 '   itemscope=\"itemscope\" itemtype=\"https:\/\/schema.org\/CreativeWork\" ><div class='avia_textblock'  itemprop=\"text\" ><p>Krigets \u00f6del\u00e4ggelser, f\u00f6rlusterna genom de avtr\u00e4dda omr\u00e5dena och den nya kolonisationsverksamheten efter kriget kr\u00e4vde av veterangenerationen omfattande byggnadsverksamhet och nyodlingar. Vid luftanfall hade 3900 byggnader f\u00f6rst\u00f6rts i v\u00e5rt land och som en f\u00f6ljd av Lapplandskriget f\u00f6rst\u00f6rdes \u00e4nnu i slutskedet av v\u00e5ra krig 41 000 olika byggnader. I Lapplands \u00f6del\u00e4ggelse ingick ocks\u00e5 mycket annat, s\u00e5som 516 landsv\u00e4gsbroar och 218 j\u00e4rnv\u00e4gsbroar. Speciellt \u00e5teruppbyggnaden av Lappland var ett stort projekt, som tog l\u00e5ng tid att f\u00f6rverkliga.<\/p>\n<p>F\u00f6r den f\u00f6rflyttade befolkningens och frontm\u00e4nnens kolonisation stiftades \u00e5r 1945 en kolonisationslag. Koloniseringen av den karelska f\u00f6rflyttade befolkningen lyckades f\u00f6rv\u00e5nansv\u00e4rt snabbt. \u00c4ran av detta tillkommer b\u00e5de den f\u00f6rflyttade befolkningen sj\u00e4lv som ville ha mark och de handlingskraftiga myndigheterna som svarade f\u00f6r verkst\u00e4lligheten av lagen. Redan tre \u00e5r efter att lagen tr\u00e4tt i kraft hade n\u00e4stan alla som ville ha mark en ny odling. Frontm\u00e4nnens kolonisering koncentrerades till slutet av 1940-talet och ocks\u00e5 den skedde i allm\u00e4nhet mycket snabbt. Allt detta var en viktig del av v\u00e5rt lands snabba utveckling efter kriget.<\/p>\n<p>R\u00f6jningen av \u00e5krarna kr\u00e4vde ofta stora anstr\u00e4ngningar av veteranerna, eftersom detta ofta skedde med handkraft. Det uppstod ocks\u00e5 m\u00e5nga \u00f6demarkshemman, det vill s\u00e4ga kalla hemman, dit det till en b\u00f6rjan inte ens fanns v\u00e4gf\u00f6rbindelser. P\u00e5 en del nyhemman tog ocks\u00e5 frosten m\u00e5nga av de f\u00f6rsta sk\u00f6rdarna. Trots m\u00e5nga brister utvecklades lantbruket kraftigt och v\u00e5rt lands livsmedelsproduktion kunde inom n\u00e5gra \u00e5r \u00f6kas s\u00e5 att den motsvarade det normala behovet i fredstid.<\/p>\n<p>Byggnadsverksamheten i anslutning till kolonisationen besv\u00e4rades i b\u00f6rjan av bristen p\u00e5 byggnadsmaterial. Detta berodde delvis p\u00e5 de stora materialm\u00e4ngder som \u00e5teruppbyggnaden av Lappland kr\u00e4vde, samt till exempel p\u00e5 behovet att material p\u00e5 kraftverksarbetsplatserna. Det var brist p\u00e5 cement och till och med p\u00e5 spik och f\u00f6nsterglas. Endast tr\u00e4varor fanns det tillr\u00e4ckligt av. I m\u00e5nga fall skulle inte byggandet ha varit m\u00f6jligt utan grannhj\u00e4lp och talkoarbete. Ocks\u00e5 h\u00e4r visade veterangenerationen stor samh\u00f6righet, i synnerhet d\u00e5 man hj\u00e4lpte krigsinvaliderna och krigs\u00e4nkorna.<\/p>\n<p>Den f\u00f6rflyttade befolkningens jordbrukare och de som \u00e5terv\u00e4nt fr\u00e5n fronten gick inte i sin helhet tillbaka till jordbruket. S\u00e4rskilt krigsskadest\u00e5ndsindustrin beh\u00f6vde just denna befolkning. Strukturomvandlingen av samh\u00e4llet som hade b\u00f6rjat redan f\u00f6re krigen, industrialiseringen och urbaniseringen fortsatte med accelererande hastighet. Veterangenerationen fullf\u00f6ljde denna stora strukturomvandling av det finl\u00e4ndska samh\u00e4llet.<\/p>\n<\/div><\/section>\n","protected":false},"excerpt":{"rendered":"","protected":false},"author":1,"featured_media":0,"parent":6258,"menu_order":1,"comment_status":"closed","ping_status":"closed","template":"","meta":{"footnotes":""},"class_list":["post-6262","page","type-page","status-publish","hentry"],"yoast_head":"<!-- This site is optimized with the Yoast SEO plugin v27.6 - https:\/\/yoast.com\/product\/yoast-seo-wordpress\/ -->\n<title>\u00c5teruppbyggnaden och kolonisationsverksamheten - Veteraanien Perint\u00f6<\/title>\n<meta name=\"robots\" content=\"index, follow, max-snippet:-1, max-image-preview:large, max-video-preview:-1\" \/>\n<link rel=\"canonical\" href=\"https:\/\/veteraanienperinto.fi\/index.php\/sv\/ateruppbyggnad\/samhallet\/ateruppbyggnaden-och-kolonisationsverksamheten\/\" \/>\n<meta property=\"og:locale\" content=\"fi_FI\" \/>\n<meta property=\"og:type\" content=\"article\" \/>\n<meta property=\"og:title\" content=\"\u00c5teruppbyggnaden och kolonisationsverksamheten - Veteraanien Perint\u00f6\" \/>\n<meta property=\"og:url\" content=\"https:\/\/veteraanienperinto.fi\/index.php\/sv\/ateruppbyggnad\/samhallet\/ateruppbyggnaden-och-kolonisationsverksamheten\/\" \/>\n<meta property=\"og:site_name\" content=\"Veteraanien Perint\u00f6\" \/>\n<meta property=\"article:modified_time\" content=\"2021-01-19T11:48:47+00:00\" \/>\n<meta name=\"twitter:card\" content=\"summary_large_image\" \/>\n<meta name=\"twitter:label1\" content=\"Arvioitu lukuaika\" \/>\n\t<meta name=\"twitter:data1\" content=\"3 minuuttia\" \/>\n<script type=\"application\/ld+json\" class=\"yoast-schema-graph\">{\"@context\":\"https:\\\/\\\/schema.org\",\"@graph\":[{\"@type\":\"WebPage\",\"@id\":\"https:\\\/\\\/veteraanienperinto.fi\\\/index.php\\\/sv\\\/ateruppbyggnad\\\/samhallet\\\/ateruppbyggnaden-och-kolonisationsverksamheten\\\/\",\"url\":\"https:\\\/\\\/veteraanienperinto.fi\\\/index.php\\\/sv\\\/ateruppbyggnad\\\/samhallet\\\/ateruppbyggnaden-och-kolonisationsverksamheten\\\/\",\"name\":\"\u00c5teruppbyggnaden och kolonisationsverksamheten - Veteraanien Perint\u00f6\",\"isPartOf\":{\"@id\":\"https:\\\/\\\/veteraanienperinto.fi\\\/#website\"},\"datePublished\":\"2020-11-18T20:08:11+00:00\",\"dateModified\":\"2021-01-19T11:48:47+00:00\",\"breadcrumb\":{\"@id\":\"https:\\\/\\\/veteraanienperinto.fi\\\/index.php\\\/sv\\\/ateruppbyggnad\\\/samhallet\\\/ateruppbyggnaden-och-kolonisationsverksamheten\\\/#breadcrumb\"},\"inLanguage\":\"fi\",\"potentialAction\":[{\"@type\":\"ReadAction\",\"target\":[\"https:\\\/\\\/veteraanienperinto.fi\\\/index.php\\\/sv\\\/ateruppbyggnad\\\/samhallet\\\/ateruppbyggnaden-och-kolonisationsverksamheten\\\/\"]}]},{\"@type\":\"BreadcrumbList\",\"@id\":\"https:\\\/\\\/veteraanienperinto.fi\\\/index.php\\\/sv\\\/ateruppbyggnad\\\/samhallet\\\/ateruppbyggnaden-och-kolonisationsverksamheten\\\/#breadcrumb\",\"itemListElement\":[{\"@type\":\"ListItem\",\"position\":1,\"name\":\"Etusivu\",\"item\":\"https:\\\/\\\/veteraanienperinto.fi\\\/index.php\\\/etusivu-2\\\/\"},{\"@type\":\"ListItem\",\"position\":2,\"name\":\"\u00c5teruppbyggnad\",\"item\":\"https:\\\/\\\/veteraanienperinto.fi\\\/index.php\\\/sv\\\/ateruppbyggnad\\\/\"},{\"@type\":\"ListItem\",\"position\":3,\"name\":\"Samh\u00e4llet\",\"item\":\"https:\\\/\\\/veteraanienperinto.fi\\\/index.php\\\/sv\\\/ateruppbyggnad\\\/samhallet\\\/\"},{\"@type\":\"ListItem\",\"position\":4,\"name\":\"\u00c5teruppbyggnaden och kolonisationsverksamheten\"}]},{\"@type\":\"WebSite\",\"@id\":\"https:\\\/\\\/veteraanienperinto.fi\\\/#website\",\"url\":\"https:\\\/\\\/veteraanienperinto.fi\\\/\",\"name\":\"Veteraanien Perint\u00f6\",\"description\":\"Kadettikunta\",\"potentialAction\":[{\"@type\":\"SearchAction\",\"target\":{\"@type\":\"EntryPoint\",\"urlTemplate\":\"https:\\\/\\\/veteraanienperinto.fi\\\/?s={search_term_string}\"},\"query-input\":{\"@type\":\"PropertyValueSpecification\",\"valueRequired\":true,\"valueName\":\"search_term_string\"}}],\"inLanguage\":\"fi\"}]}<\/script>\n<!-- \/ Yoast SEO plugin. -->","yoast_head_json":{"title":"\u00c5teruppbyggnaden och kolonisationsverksamheten - Veteraanien Perint\u00f6","robots":{"index":"index","follow":"follow","max-snippet":"max-snippet:-1","max-image-preview":"max-image-preview:large","max-video-preview":"max-video-preview:-1"},"canonical":"https:\/\/veteraanienperinto.fi\/index.php\/sv\/ateruppbyggnad\/samhallet\/ateruppbyggnaden-och-kolonisationsverksamheten\/","og_locale":"fi_FI","og_type":"article","og_title":"\u00c5teruppbyggnaden och kolonisationsverksamheten - Veteraanien Perint\u00f6","og_url":"https:\/\/veteraanienperinto.fi\/index.php\/sv\/ateruppbyggnad\/samhallet\/ateruppbyggnaden-och-kolonisationsverksamheten\/","og_site_name":"Veteraanien Perint\u00f6","article_modified_time":"2021-01-19T11:48:47+00:00","twitter_card":"summary_large_image","twitter_misc":{"Arvioitu lukuaika":"3 minuuttia"},"schema":{"@context":"https:\/\/schema.org","@graph":[{"@type":"WebPage","@id":"https:\/\/veteraanienperinto.fi\/index.php\/sv\/ateruppbyggnad\/samhallet\/ateruppbyggnaden-och-kolonisationsverksamheten\/","url":"https:\/\/veteraanienperinto.fi\/index.php\/sv\/ateruppbyggnad\/samhallet\/ateruppbyggnaden-och-kolonisationsverksamheten\/","name":"\u00c5teruppbyggnaden och kolonisationsverksamheten - Veteraanien Perint\u00f6","isPartOf":{"@id":"https:\/\/veteraanienperinto.fi\/#website"},"datePublished":"2020-11-18T20:08:11+00:00","dateModified":"2021-01-19T11:48:47+00:00","breadcrumb":{"@id":"https:\/\/veteraanienperinto.fi\/index.php\/sv\/ateruppbyggnad\/samhallet\/ateruppbyggnaden-och-kolonisationsverksamheten\/#breadcrumb"},"inLanguage":"fi","potentialAction":[{"@type":"ReadAction","target":["https:\/\/veteraanienperinto.fi\/index.php\/sv\/ateruppbyggnad\/samhallet\/ateruppbyggnaden-och-kolonisationsverksamheten\/"]}]},{"@type":"BreadcrumbList","@id":"https:\/\/veteraanienperinto.fi\/index.php\/sv\/ateruppbyggnad\/samhallet\/ateruppbyggnaden-och-kolonisationsverksamheten\/#breadcrumb","itemListElement":[{"@type":"ListItem","position":1,"name":"Etusivu","item":"https:\/\/veteraanienperinto.fi\/index.php\/etusivu-2\/"},{"@type":"ListItem","position":2,"name":"\u00c5teruppbyggnad","item":"https:\/\/veteraanienperinto.fi\/index.php\/sv\/ateruppbyggnad\/"},{"@type":"ListItem","position":3,"name":"Samh\u00e4llet","item":"https:\/\/veteraanienperinto.fi\/index.php\/sv\/ateruppbyggnad\/samhallet\/"},{"@type":"ListItem","position":4,"name":"\u00c5teruppbyggnaden och kolonisationsverksamheten"}]},{"@type":"WebSite","@id":"https:\/\/veteraanienperinto.fi\/#website","url":"https:\/\/veteraanienperinto.fi\/","name":"Veteraanien Perint\u00f6","description":"Kadettikunta","potentialAction":[{"@type":"SearchAction","target":{"@type":"EntryPoint","urlTemplate":"https:\/\/veteraanienperinto.fi\/?s={search_term_string}"},"query-input":{"@type":"PropertyValueSpecification","valueRequired":true,"valueName":"search_term_string"}}],"inLanguage":"fi"}]}},"_links":{"self":[{"href":"https:\/\/veteraanienperinto.fi\/index.php\/wp-json\/wp\/v2\/pages\/6262","targetHints":{"allow":["GET"]}}],"collection":[{"href":"https:\/\/veteraanienperinto.fi\/index.php\/wp-json\/wp\/v2\/pages"}],"about":[{"href":"https:\/\/veteraanienperinto.fi\/index.php\/wp-json\/wp\/v2\/types\/page"}],"author":[{"embeddable":true,"href":"https:\/\/veteraanienperinto.fi\/index.php\/wp-json\/wp\/v2\/users\/1"}],"replies":[{"embeddable":true,"href":"https:\/\/veteraanienperinto.fi\/index.php\/wp-json\/wp\/v2\/comments?post=6262"}],"version-history":[{"count":4,"href":"https:\/\/veteraanienperinto.fi\/index.php\/wp-json\/wp\/v2\/pages\/6262\/revisions"}],"predecessor-version":[{"id":10841,"href":"https:\/\/veteraanienperinto.fi\/index.php\/wp-json\/wp\/v2\/pages\/6262\/revisions\/10841"}],"up":[{"embeddable":true,"href":"https:\/\/veteraanienperinto.fi\/index.php\/wp-json\/wp\/v2\/pages\/6258"}],"wp:attachment":[{"href":"https:\/\/veteraanienperinto.fi\/index.php\/wp-json\/wp\/v2\/media?parent=6262"}],"curies":[{"name":"wp","href":"https:\/\/api.w.org\/{rel}","templated":true}]}}