{"id":6266,"date":"2020-11-18T20:12:44","date_gmt":"2020-11-18T20:12:44","guid":{"rendered":"https:\/\/veteraani.ylirotu.fi\/?page_id=6266"},"modified":"2021-01-19T11:49:22","modified_gmt":"2021-01-19T11:49:22","slug":"krigsskadestandet","status":"publish","type":"page","link":"https:\/\/veteraanienperinto.fi\/index.php\/sv\/ateruppbyggnad\/samhallet\/krigsskadestandet\/","title":{"rendered":"Krigsskadest\u00e5ndet"},"content":{"rendered":"<div id='full_slider_1'  class='avia-fullwidth-slider main_color avia-shadow   avia-builder-el-0  el_before_av_heading  avia-builder-el-first   container_wrap sidebar_right'  ><\/div><div id='after_full_slider_1'  class='main_color av_default_container_wrap container_wrap sidebar_right'  ><div class='container av-section-cont-open' ><div class='template-page content  av-content-small alpha units'><div class='post-entry post-entry-type-page post-entry-6266'><div class='entry-content-wrapper clearfix'>\n\n<style type=\"text\/css\" data-created_by=\"avia_inline_auto\" id=\"style-css-av-kk3xpu81-696fe5a4fabf8e713db2f4d5cd4ccd61\">\n#top .av-special-heading.av-kk3xpu81-696fe5a4fabf8e713db2f4d5cd4ccd61{\npadding-bottom:10px;\n}\nbody .av-special-heading.av-kk3xpu81-696fe5a4fabf8e713db2f4d5cd4ccd61 .av-special-heading-tag .heading-char{\nfont-size:25px;\n}\n.av-special-heading.av-kk3xpu81-696fe5a4fabf8e713db2f4d5cd4ccd61 .av-subheading{\nfont-size:15px;\n}\n<\/style>\n<div  class='av-special-heading av-kk3xpu81-696fe5a4fabf8e713db2f4d5cd4ccd61 av-special-heading-h2  avia-builder-el-1  el_after_av_slideshow_full  el_before_av_textblock  avia-builder-el-first '><h2 class='av-special-heading-tag'  itemprop=\"headline\"  >Krigsskadest\u00e5ndet<\/h2><div class=\"special-heading-border\"><div class=\"special-heading-inner-border\"><\/div><\/div><\/div>\n<section  class='av_textblock_section av-7alaq-22c9ae0d52a9a455148ddd9ea0cedf94 '   itemscope=\"itemscope\" itemtype=\"https:\/\/schema.org\/CreativeWork\" ><div class='avia_textblock'  itemprop=\"text\" ><p>Enligt vapenstillest\u00e5ndsavtalet 1944 best\u00e4mdes att Finland skulle betala ett krigsskadest\u00e5nd v\u00e4rt 300 miljoner USA-dollar. Beloppet var enligt 1938 \u00e5rs prisniv\u00e5 och leveranstiden var sex \u00e5r. Tiden f\u00f6rl\u00e4ngdes senare till \u00e5tta \u00e5r.<\/p>\n<p>Under det f\u00f6rsta krigsskadest\u00e5nds\u00e5ret var man tvungen, f\u00f6rutom tr\u00e4varor samt produkter fr\u00e5n skogsbruks- och metallindustrin, att \u00f6verl\u00e5ta 119 fartyg, som utgjorde en fj\u00e4rdedel av Finlands handelsflotta, vilken redan p\u00e5 grund av kriget krympt till h\u00e4lften.<\/p>\n<p>Fr\u00e5n och med det andra skadest\u00e5nds\u00e5ret bestod \u00f6verl\u00e5telserna av nyproduktion, i huvudsak produkter fr\u00e5n metallindustrin. Detta kr\u00e4vde en v\u00e4sentlig expansion av v\u00e5r metallindustri, ty f\u00f6re krigen var dess andel av v\u00e5rt lands produktion endast 3,7 %.<\/p>\n<p>Exempel p\u00e5 en del av de \u00f6verl\u00e5tna krigsskadest\u00e5ndsprodukterna \u00e4r 535 olika fartyg, 52 500 elmotorer, 1140 transformatorstationer och 30 kompletta industrianl\u00e4ggningar med tillh\u00f6rande kraftstationer. Leveranserna var inte alltid l\u00e4tta, eftersom de beh\u00f6vliga r\u00e5varorna var importvaror. De levererade m\u00e4ngderna var s\u00e5 stora, att det bland annat av de \u00f6verl\u00e5tna fartygen skulle ha bildats en 20 kilometer l\u00e5ng fartygsk\u00f6 och f\u00f6r j\u00e4rnv\u00e4gstransporterna beh\u00f6vdes sammanlagt transportkapacitet omfattande 141 490 j\u00e4rnv\u00e4gsvagnar.<\/p>\n<p>Kostnaderna f\u00f6r krigsskadest\u00e5ndet under de f\u00f6rsta skadest\u00e5nds\u00e5ren var ca 15 % av statens utgifter. Samtidigt p\u00e5gick \u00e5teruppbyggnaden av v\u00e5rt land som kr\u00e4vde stora resurser. F\u00f6r att t\u00e4cka utgifterna m\u00e5ste man ta ut nya skatter och l\u00e5n fr\u00e5n utlandet. Krigsskadest\u00e5nden var en sv\u00e5r belastning f\u00f6r v\u00e5rt lands ekonomi, men de kunde inte hindra landets \u00e5teruppbyggnad och koloniseringen av den f\u00f6rflyttade befolkningen. Indirekt hade ocks\u00e5 v\u00e5rt land nytta av krigsskadest\u00e5ndet, eftersom Finland bland de nordiska l\u00e4nderna, som en f\u00f6ljd av den n\u00f6dtvungna utvecklingen inom metallindustrin redan i slutet av \u00e5r 1949 hade de modernaste varven och den modernaste mekaniska verkstads- och gjuteriindustrin.<\/p>\n<p>Finland hade erlagt sista delen av krigsskadest\u00e5ndet 18.9.1952, n\u00e4r det sista krigsskadest\u00e5ndst\u00e5get passerade Vainikkala gr\u00e4nsstation. Att man klarade av krigsskadest\u00e5ndsb\u00f6rdan med heder berodde framf\u00f6r allt p\u00e5 finl\u00e4ndarnas pliktk\u00e4nsla. Det personliga intresset fick ge vika f\u00f6r det gemensamma. Denna prestation som veterangenerationen stod f\u00f6r \u00e4r ett exempel p\u00e5 vad ett folk som str\u00e4var mot ett gemensamt m\u00e5l kan uppn\u00e5 ocks\u00e5 under fredstid.<\/p>\n<\/div><\/section>\n","protected":false},"excerpt":{"rendered":"","protected":false},"author":1,"featured_media":0,"parent":6258,"menu_order":2,"comment_status":"closed","ping_status":"closed","template":"","meta":{"footnotes":""},"class_list":["post-6266","page","type-page","status-publish","hentry"],"yoast_head":"<!-- This site is optimized with the Yoast SEO plugin v27.4 - https:\/\/yoast.com\/product\/yoast-seo-wordpress\/ -->\n<title>Krigsskadest\u00e5ndet - Veteraanien Perint\u00f6<\/title>\n<meta name=\"robots\" content=\"index, follow, max-snippet:-1, max-image-preview:large, max-video-preview:-1\" \/>\n<link rel=\"canonical\" href=\"https:\/\/veteraanienperinto.fi\/index.php\/sv\/ateruppbyggnad\/samhallet\/krigsskadestandet\/\" \/>\n<meta property=\"og:locale\" content=\"fi_FI\" \/>\n<meta property=\"og:type\" content=\"article\" \/>\n<meta property=\"og:title\" content=\"Krigsskadest\u00e5ndet - Veteraanien Perint\u00f6\" \/>\n<meta property=\"og:url\" content=\"https:\/\/veteraanienperinto.fi\/index.php\/sv\/ateruppbyggnad\/samhallet\/krigsskadestandet\/\" \/>\n<meta property=\"og:site_name\" content=\"Veteraanien Perint\u00f6\" \/>\n<meta property=\"article:modified_time\" content=\"2021-01-19T11:49:22+00:00\" \/>\n<meta name=\"twitter:card\" content=\"summary_large_image\" \/>\n<meta name=\"twitter:label1\" content=\"Arvioitu lukuaika\" \/>\n\t<meta name=\"twitter:data1\" content=\"3 minuuttia\" \/>\n<script type=\"application\/ld+json\" class=\"yoast-schema-graph\">{\"@context\":\"https:\\\/\\\/schema.org\",\"@graph\":[{\"@type\":\"WebPage\",\"@id\":\"https:\\\/\\\/veteraanienperinto.fi\\\/index.php\\\/sv\\\/ateruppbyggnad\\\/samhallet\\\/krigsskadestandet\\\/\",\"url\":\"https:\\\/\\\/veteraanienperinto.fi\\\/index.php\\\/sv\\\/ateruppbyggnad\\\/samhallet\\\/krigsskadestandet\\\/\",\"name\":\"Krigsskadest\u00e5ndet - Veteraanien Perint\u00f6\",\"isPartOf\":{\"@id\":\"https:\\\/\\\/veteraanienperinto.fi\\\/#website\"},\"datePublished\":\"2020-11-18T20:12:44+00:00\",\"dateModified\":\"2021-01-19T11:49:22+00:00\",\"breadcrumb\":{\"@id\":\"https:\\\/\\\/veteraanienperinto.fi\\\/index.php\\\/sv\\\/ateruppbyggnad\\\/samhallet\\\/krigsskadestandet\\\/#breadcrumb\"},\"inLanguage\":\"fi\",\"potentialAction\":[{\"@type\":\"ReadAction\",\"target\":[\"https:\\\/\\\/veteraanienperinto.fi\\\/index.php\\\/sv\\\/ateruppbyggnad\\\/samhallet\\\/krigsskadestandet\\\/\"]}]},{\"@type\":\"BreadcrumbList\",\"@id\":\"https:\\\/\\\/veteraanienperinto.fi\\\/index.php\\\/sv\\\/ateruppbyggnad\\\/samhallet\\\/krigsskadestandet\\\/#breadcrumb\",\"itemListElement\":[{\"@type\":\"ListItem\",\"position\":1,\"name\":\"Etusivu\",\"item\":\"https:\\\/\\\/veteraanienperinto.fi\\\/index.php\\\/etusivu-2\\\/\"},{\"@type\":\"ListItem\",\"position\":2,\"name\":\"\u00c5teruppbyggnad\",\"item\":\"https:\\\/\\\/veteraanienperinto.fi\\\/index.php\\\/sv\\\/ateruppbyggnad\\\/\"},{\"@type\":\"ListItem\",\"position\":3,\"name\":\"Samh\u00e4llet\",\"item\":\"https:\\\/\\\/veteraanienperinto.fi\\\/index.php\\\/sv\\\/ateruppbyggnad\\\/samhallet\\\/\"},{\"@type\":\"ListItem\",\"position\":4,\"name\":\"Krigsskadest\u00e5ndet\"}]},{\"@type\":\"WebSite\",\"@id\":\"https:\\\/\\\/veteraanienperinto.fi\\\/#website\",\"url\":\"https:\\\/\\\/veteraanienperinto.fi\\\/\",\"name\":\"Veteraanien Perint\u00f6\",\"description\":\"Kadettikunta\",\"potentialAction\":[{\"@type\":\"SearchAction\",\"target\":{\"@type\":\"EntryPoint\",\"urlTemplate\":\"https:\\\/\\\/veteraanienperinto.fi\\\/?s={search_term_string}\"},\"query-input\":{\"@type\":\"PropertyValueSpecification\",\"valueRequired\":true,\"valueName\":\"search_term_string\"}}],\"inLanguage\":\"fi\"}]}<\/script>\n<!-- \/ Yoast SEO plugin. -->","yoast_head_json":{"title":"Krigsskadest\u00e5ndet - Veteraanien Perint\u00f6","robots":{"index":"index","follow":"follow","max-snippet":"max-snippet:-1","max-image-preview":"max-image-preview:large","max-video-preview":"max-video-preview:-1"},"canonical":"https:\/\/veteraanienperinto.fi\/index.php\/sv\/ateruppbyggnad\/samhallet\/krigsskadestandet\/","og_locale":"fi_FI","og_type":"article","og_title":"Krigsskadest\u00e5ndet - Veteraanien Perint\u00f6","og_url":"https:\/\/veteraanienperinto.fi\/index.php\/sv\/ateruppbyggnad\/samhallet\/krigsskadestandet\/","og_site_name":"Veteraanien Perint\u00f6","article_modified_time":"2021-01-19T11:49:22+00:00","twitter_card":"summary_large_image","twitter_misc":{"Arvioitu lukuaika":"3 minuuttia"},"schema":{"@context":"https:\/\/schema.org","@graph":[{"@type":"WebPage","@id":"https:\/\/veteraanienperinto.fi\/index.php\/sv\/ateruppbyggnad\/samhallet\/krigsskadestandet\/","url":"https:\/\/veteraanienperinto.fi\/index.php\/sv\/ateruppbyggnad\/samhallet\/krigsskadestandet\/","name":"Krigsskadest\u00e5ndet - Veteraanien Perint\u00f6","isPartOf":{"@id":"https:\/\/veteraanienperinto.fi\/#website"},"datePublished":"2020-11-18T20:12:44+00:00","dateModified":"2021-01-19T11:49:22+00:00","breadcrumb":{"@id":"https:\/\/veteraanienperinto.fi\/index.php\/sv\/ateruppbyggnad\/samhallet\/krigsskadestandet\/#breadcrumb"},"inLanguage":"fi","potentialAction":[{"@type":"ReadAction","target":["https:\/\/veteraanienperinto.fi\/index.php\/sv\/ateruppbyggnad\/samhallet\/krigsskadestandet\/"]}]},{"@type":"BreadcrumbList","@id":"https:\/\/veteraanienperinto.fi\/index.php\/sv\/ateruppbyggnad\/samhallet\/krigsskadestandet\/#breadcrumb","itemListElement":[{"@type":"ListItem","position":1,"name":"Etusivu","item":"https:\/\/veteraanienperinto.fi\/index.php\/etusivu-2\/"},{"@type":"ListItem","position":2,"name":"\u00c5teruppbyggnad","item":"https:\/\/veteraanienperinto.fi\/index.php\/sv\/ateruppbyggnad\/"},{"@type":"ListItem","position":3,"name":"Samh\u00e4llet","item":"https:\/\/veteraanienperinto.fi\/index.php\/sv\/ateruppbyggnad\/samhallet\/"},{"@type":"ListItem","position":4,"name":"Krigsskadest\u00e5ndet"}]},{"@type":"WebSite","@id":"https:\/\/veteraanienperinto.fi\/#website","url":"https:\/\/veteraanienperinto.fi\/","name":"Veteraanien Perint\u00f6","description":"Kadettikunta","potentialAction":[{"@type":"SearchAction","target":{"@type":"EntryPoint","urlTemplate":"https:\/\/veteraanienperinto.fi\/?s={search_term_string}"},"query-input":{"@type":"PropertyValueSpecification","valueRequired":true,"valueName":"search_term_string"}}],"inLanguage":"fi"}]}},"_links":{"self":[{"href":"https:\/\/veteraanienperinto.fi\/index.php\/wp-json\/wp\/v2\/pages\/6266","targetHints":{"allow":["GET"]}}],"collection":[{"href":"https:\/\/veteraanienperinto.fi\/index.php\/wp-json\/wp\/v2\/pages"}],"about":[{"href":"https:\/\/veteraanienperinto.fi\/index.php\/wp-json\/wp\/v2\/types\/page"}],"author":[{"embeddable":true,"href":"https:\/\/veteraanienperinto.fi\/index.php\/wp-json\/wp\/v2\/users\/1"}],"replies":[{"embeddable":true,"href":"https:\/\/veteraanienperinto.fi\/index.php\/wp-json\/wp\/v2\/comments?post=6266"}],"version-history":[{"count":4,"href":"https:\/\/veteraanienperinto.fi\/index.php\/wp-json\/wp\/v2\/pages\/6266\/revisions"}],"predecessor-version":[{"id":10080,"href":"https:\/\/veteraanienperinto.fi\/index.php\/wp-json\/wp\/v2\/pages\/6266\/revisions\/10080"}],"up":[{"embeddable":true,"href":"https:\/\/veteraanienperinto.fi\/index.php\/wp-json\/wp\/v2\/pages\/6258"}],"wp:attachment":[{"href":"https:\/\/veteraanienperinto.fi\/index.php\/wp-json\/wp\/v2\/media?parent=6266"}],"curies":[{"name":"wp","href":"https:\/\/api.w.org\/{rel}","templated":true}]}}