{"id":6270,"date":"2020-11-18T20:19:58","date_gmt":"2020-11-18T20:19:58","guid":{"rendered":"https:\/\/veteraani.ylirotu.fi\/?page_id=6270"},"modified":"2021-01-19T11:51:11","modified_gmt":"2021-01-19T11:51:11","slug":"levnadsvillkoren-forbattras","status":"publish","type":"page","link":"https:\/\/veteraanienperinto.fi\/index.php\/sv\/ateruppbyggnad\/samhallet\/levnadsvillkoren-forbattras\/","title":{"rendered":"Levnadsvillkoren f\u00f6rb\u00e4ttras"},"content":{"rendered":"<div id='full_slider_1'  class='avia-fullwidth-slider main_color avia-shadow   avia-builder-el-0  el_before_av_heading  avia-builder-el-first   container_wrap sidebar_right'  ><\/div><div id='after_full_slider_1'  class='main_color av_default_container_wrap container_wrap sidebar_right'  ><div class='container av-section-cont-open' ><div class='template-page content  av-content-small alpha units'><div class='post-entry post-entry-type-page post-entry-6270'><div class='entry-content-wrapper clearfix'>\n\n<style type=\"text\/css\" data-created_by=\"avia_inline_auto\" id=\"style-css-av-kk3xs10p-fa7cb8d219decb39da7d38a5440fe2c0\">\n#top .av-special-heading.av-kk3xs10p-fa7cb8d219decb39da7d38a5440fe2c0{\npadding-bottom:10px;\n}\nbody .av-special-heading.av-kk3xs10p-fa7cb8d219decb39da7d38a5440fe2c0 .av-special-heading-tag .heading-char{\nfont-size:25px;\n}\n.av-special-heading.av-kk3xs10p-fa7cb8d219decb39da7d38a5440fe2c0 .av-subheading{\nfont-size:15px;\n}\n<\/style>\n<div  class='av-special-heading av-kk3xs10p-fa7cb8d219decb39da7d38a5440fe2c0 av-special-heading-h2  avia-builder-el-1  el_after_av_slideshow_full  el_before_av_textblock  avia-builder-el-first '><h2 class='av-special-heading-tag'  itemprop=\"headline\"  >Levnadsvillkoren f\u00f6rb\u00e4ttras<\/h2><div class=\"special-heading-border\"><div class=\"special-heading-inner-border\"><\/div><\/div><\/div>\n<section  class='av_textblock_section av-9b91h-28c73eb4b4a1b817126b23c74e390928 '   itemscope=\"itemscope\" itemtype=\"https:\/\/schema.org\/CreativeWork\" ><div class='avia_textblock'  itemprop=\"text\" ><p>Veterangenerationen efter krigen var mycket annorlunda \u00e4n befolkningen f\u00f6re kriget. Var sextonde man var krigsinvalid, var sjuttonde kvinna var krigs\u00e4nka, vart tjugofemte barn var krigsv\u00e4rnl\u00f6st, och var nionde medborgare h\u00f6rde till den f\u00f6rflyttade befolkningen. Man m\u00e5ste f\u00e4sta allt st\u00f6rre uppm\u00e4rksamhet p\u00e5 den enskilda m\u00e4nniskans utkomst. F\u00f6rutom det direkta skadest\u00e5ndet som kriget f\u00f6rorsakat b\u00f6rjade man f\u00f6rb\u00e4ttra medborgarnas socialskydd.<\/p>\n<p>Pension enligt den redan f\u00f6re kriget stiftade folkpensionslagen b\u00f6rjade man betala ut \u00e5r 1949. \u00c5ret innan hade man tagit barnbidragen i bruk, som d\u00e5 kallades familjebidrag. Finland var bland de f\u00f6rsta i hela v\u00e4rlden med denna socialskyddsform. Barnbidragen var mycket beh\u00f6vliga f\u00f6r tusentals familjer, d\u00e5 det just under andra h\u00e4lften av 1940-talet f\u00f6ddes de s\u00e5 kallade stora \u00e5ldersklasserna.<\/p>\n<p>Livsmedelsregleringen fortsatte \u00e4nnu \u00e5ratal efter kriget. \u00c4nnu \u00e5r 1946 var exempelvis 53 olika slag av k\u00f6pkort i anv\u00e4ndning. Under kortregleringstiden trycktes sammanlagt 778 miljoner k\u00f6pkort. \u00c5terh\u00e4mtningen inom den egna livsmedelsproduktionen och utrikeshandeln gjorde det m\u00f6jligt att stegvis upph\u00e4va regleringen, med b\u00f6rjan fr\u00e5n \u00e5r 1948. Sist togs ransoneringen av kaffe bort i b\u00f6rjan av \u00e5r 1954. Detta var en stor h\u00e4ndelse. Det var \u00e4ntligen slut p\u00e5 veterangenerationens anv\u00e4ndning av k\u00f6pkort som hade r\u00e4ckt \u00f6ver tolv \u00e5r.<\/p>\n<\/div><\/section>\n","protected":false},"excerpt":{"rendered":"","protected":false},"author":1,"featured_media":0,"parent":6258,"menu_order":3,"comment_status":"closed","ping_status":"closed","template":"","meta":{"footnotes":""},"class_list":["post-6270","page","type-page","status-publish","hentry"],"yoast_head":"<!-- This site is optimized with the Yoast SEO plugin v27.4 - https:\/\/yoast.com\/product\/yoast-seo-wordpress\/ -->\n<title>Levnadsvillkoren f\u00f6rb\u00e4ttras - Veteraanien Perint\u00f6<\/title>\n<meta name=\"robots\" content=\"index, follow, max-snippet:-1, max-image-preview:large, max-video-preview:-1\" \/>\n<link rel=\"canonical\" href=\"https:\/\/veteraanienperinto.fi\/index.php\/sv\/ateruppbyggnad\/samhallet\/levnadsvillkoren-forbattras\/\" \/>\n<meta property=\"og:locale\" content=\"fi_FI\" \/>\n<meta property=\"og:type\" content=\"article\" \/>\n<meta property=\"og:title\" content=\"Levnadsvillkoren f\u00f6rb\u00e4ttras - Veteraanien Perint\u00f6\" \/>\n<meta property=\"og:url\" content=\"https:\/\/veteraanienperinto.fi\/index.php\/sv\/ateruppbyggnad\/samhallet\/levnadsvillkoren-forbattras\/\" \/>\n<meta property=\"og:site_name\" content=\"Veteraanien Perint\u00f6\" \/>\n<meta property=\"article:modified_time\" content=\"2021-01-19T11:51:11+00:00\" \/>\n<meta name=\"twitter:card\" content=\"summary_large_image\" \/>\n<meta name=\"twitter:label1\" content=\"Arvioitu lukuaika\" \/>\n\t<meta name=\"twitter:data1\" content=\"2 minuuttia\" \/>\n<script type=\"application\/ld+json\" class=\"yoast-schema-graph\">{\"@context\":\"https:\\\/\\\/schema.org\",\"@graph\":[{\"@type\":\"WebPage\",\"@id\":\"https:\\\/\\\/veteraanienperinto.fi\\\/index.php\\\/sv\\\/ateruppbyggnad\\\/samhallet\\\/levnadsvillkoren-forbattras\\\/\",\"url\":\"https:\\\/\\\/veteraanienperinto.fi\\\/index.php\\\/sv\\\/ateruppbyggnad\\\/samhallet\\\/levnadsvillkoren-forbattras\\\/\",\"name\":\"Levnadsvillkoren f\u00f6rb\u00e4ttras - Veteraanien Perint\u00f6\",\"isPartOf\":{\"@id\":\"https:\\\/\\\/veteraanienperinto.fi\\\/#website\"},\"datePublished\":\"2020-11-18T20:19:58+00:00\",\"dateModified\":\"2021-01-19T11:51:11+00:00\",\"breadcrumb\":{\"@id\":\"https:\\\/\\\/veteraanienperinto.fi\\\/index.php\\\/sv\\\/ateruppbyggnad\\\/samhallet\\\/levnadsvillkoren-forbattras\\\/#breadcrumb\"},\"inLanguage\":\"fi\",\"potentialAction\":[{\"@type\":\"ReadAction\",\"target\":[\"https:\\\/\\\/veteraanienperinto.fi\\\/index.php\\\/sv\\\/ateruppbyggnad\\\/samhallet\\\/levnadsvillkoren-forbattras\\\/\"]}]},{\"@type\":\"BreadcrumbList\",\"@id\":\"https:\\\/\\\/veteraanienperinto.fi\\\/index.php\\\/sv\\\/ateruppbyggnad\\\/samhallet\\\/levnadsvillkoren-forbattras\\\/#breadcrumb\",\"itemListElement\":[{\"@type\":\"ListItem\",\"position\":1,\"name\":\"Etusivu\",\"item\":\"https:\\\/\\\/veteraanienperinto.fi\\\/index.php\\\/etusivu-2\\\/\"},{\"@type\":\"ListItem\",\"position\":2,\"name\":\"\u00c5teruppbyggnad\",\"item\":\"https:\\\/\\\/veteraanienperinto.fi\\\/index.php\\\/sv\\\/ateruppbyggnad\\\/\"},{\"@type\":\"ListItem\",\"position\":3,\"name\":\"Samh\u00e4llet\",\"item\":\"https:\\\/\\\/veteraanienperinto.fi\\\/index.php\\\/sv\\\/ateruppbyggnad\\\/samhallet\\\/\"},{\"@type\":\"ListItem\",\"position\":4,\"name\":\"Levnadsvillkoren f\u00f6rb\u00e4ttras\"}]},{\"@type\":\"WebSite\",\"@id\":\"https:\\\/\\\/veteraanienperinto.fi\\\/#website\",\"url\":\"https:\\\/\\\/veteraanienperinto.fi\\\/\",\"name\":\"Veteraanien Perint\u00f6\",\"description\":\"Kadettikunta\",\"potentialAction\":[{\"@type\":\"SearchAction\",\"target\":{\"@type\":\"EntryPoint\",\"urlTemplate\":\"https:\\\/\\\/veteraanienperinto.fi\\\/?s={search_term_string}\"},\"query-input\":{\"@type\":\"PropertyValueSpecification\",\"valueRequired\":true,\"valueName\":\"search_term_string\"}}],\"inLanguage\":\"fi\"}]}<\/script>\n<!-- \/ Yoast SEO plugin. -->","yoast_head_json":{"title":"Levnadsvillkoren f\u00f6rb\u00e4ttras - Veteraanien Perint\u00f6","robots":{"index":"index","follow":"follow","max-snippet":"max-snippet:-1","max-image-preview":"max-image-preview:large","max-video-preview":"max-video-preview:-1"},"canonical":"https:\/\/veteraanienperinto.fi\/index.php\/sv\/ateruppbyggnad\/samhallet\/levnadsvillkoren-forbattras\/","og_locale":"fi_FI","og_type":"article","og_title":"Levnadsvillkoren f\u00f6rb\u00e4ttras - Veteraanien Perint\u00f6","og_url":"https:\/\/veteraanienperinto.fi\/index.php\/sv\/ateruppbyggnad\/samhallet\/levnadsvillkoren-forbattras\/","og_site_name":"Veteraanien Perint\u00f6","article_modified_time":"2021-01-19T11:51:11+00:00","twitter_card":"summary_large_image","twitter_misc":{"Arvioitu lukuaika":"2 minuuttia"},"schema":{"@context":"https:\/\/schema.org","@graph":[{"@type":"WebPage","@id":"https:\/\/veteraanienperinto.fi\/index.php\/sv\/ateruppbyggnad\/samhallet\/levnadsvillkoren-forbattras\/","url":"https:\/\/veteraanienperinto.fi\/index.php\/sv\/ateruppbyggnad\/samhallet\/levnadsvillkoren-forbattras\/","name":"Levnadsvillkoren f\u00f6rb\u00e4ttras - Veteraanien Perint\u00f6","isPartOf":{"@id":"https:\/\/veteraanienperinto.fi\/#website"},"datePublished":"2020-11-18T20:19:58+00:00","dateModified":"2021-01-19T11:51:11+00:00","breadcrumb":{"@id":"https:\/\/veteraanienperinto.fi\/index.php\/sv\/ateruppbyggnad\/samhallet\/levnadsvillkoren-forbattras\/#breadcrumb"},"inLanguage":"fi","potentialAction":[{"@type":"ReadAction","target":["https:\/\/veteraanienperinto.fi\/index.php\/sv\/ateruppbyggnad\/samhallet\/levnadsvillkoren-forbattras\/"]}]},{"@type":"BreadcrumbList","@id":"https:\/\/veteraanienperinto.fi\/index.php\/sv\/ateruppbyggnad\/samhallet\/levnadsvillkoren-forbattras\/#breadcrumb","itemListElement":[{"@type":"ListItem","position":1,"name":"Etusivu","item":"https:\/\/veteraanienperinto.fi\/index.php\/etusivu-2\/"},{"@type":"ListItem","position":2,"name":"\u00c5teruppbyggnad","item":"https:\/\/veteraanienperinto.fi\/index.php\/sv\/ateruppbyggnad\/"},{"@type":"ListItem","position":3,"name":"Samh\u00e4llet","item":"https:\/\/veteraanienperinto.fi\/index.php\/sv\/ateruppbyggnad\/samhallet\/"},{"@type":"ListItem","position":4,"name":"Levnadsvillkoren f\u00f6rb\u00e4ttras"}]},{"@type":"WebSite","@id":"https:\/\/veteraanienperinto.fi\/#website","url":"https:\/\/veteraanienperinto.fi\/","name":"Veteraanien Perint\u00f6","description":"Kadettikunta","potentialAction":[{"@type":"SearchAction","target":{"@type":"EntryPoint","urlTemplate":"https:\/\/veteraanienperinto.fi\/?s={search_term_string}"},"query-input":{"@type":"PropertyValueSpecification","valueRequired":true,"valueName":"search_term_string"}}],"inLanguage":"fi"}]}},"_links":{"self":[{"href":"https:\/\/veteraanienperinto.fi\/index.php\/wp-json\/wp\/v2\/pages\/6270","targetHints":{"allow":["GET"]}}],"collection":[{"href":"https:\/\/veteraanienperinto.fi\/index.php\/wp-json\/wp\/v2\/pages"}],"about":[{"href":"https:\/\/veteraanienperinto.fi\/index.php\/wp-json\/wp\/v2\/types\/page"}],"author":[{"embeddable":true,"href":"https:\/\/veteraanienperinto.fi\/index.php\/wp-json\/wp\/v2\/users\/1"}],"replies":[{"embeddable":true,"href":"https:\/\/veteraanienperinto.fi\/index.php\/wp-json\/wp\/v2\/comments?post=6270"}],"version-history":[{"count":4,"href":"https:\/\/veteraanienperinto.fi\/index.php\/wp-json\/wp\/v2\/pages\/6270\/revisions"}],"predecessor-version":[{"id":10082,"href":"https:\/\/veteraanienperinto.fi\/index.php\/wp-json\/wp\/v2\/pages\/6270\/revisions\/10082"}],"up":[{"embeddable":true,"href":"https:\/\/veteraanienperinto.fi\/index.php\/wp-json\/wp\/v2\/pages\/6258"}],"wp:attachment":[{"href":"https:\/\/veteraanienperinto.fi\/index.php\/wp-json\/wp\/v2\/media?parent=6270"}],"curies":[{"name":"wp","href":"https:\/\/api.w.org\/{rel}","templated":true}]}}