{"id":6278,"date":"2020-11-18T20:31:32","date_gmt":"2020-11-18T20:31:32","guid":{"rendered":"https:\/\/veteraani.ylirotu.fi\/?page_id=6278"},"modified":"2021-01-19T12:05:38","modified_gmt":"2021-01-19T12:05:38","slug":"hemforlovningen-av-armen","status":"publish","type":"page","link":"https:\/\/veteraanienperinto.fi\/index.php\/sv\/ateruppbyggnad\/forvarsmakten\/hemforlovningen-av-armen\/","title":{"rendered":"Hemf\u00f6rlovningen av arm\u00e9n"},"content":{"rendered":"<div id='full_slider_1'  class='avia-fullwidth-slider main_color avia-shadow   avia-builder-el-0  el_before_av_heading  avia-builder-el-first   container_wrap sidebar_right'  ><\/div><div id='after_full_slider_1'  class='main_color av_default_container_wrap container_wrap sidebar_right'  ><div class='container av-section-cont-open' ><div class='template-page content  av-content-small alpha units'><div class='post-entry post-entry-type-page post-entry-6278'><div class='entry-content-wrapper clearfix'>\n\n<style type=\"text\/css\" data-created_by=\"avia_inline_auto\" id=\"style-css-av-kk3yaqtx-2b6bbe0acc5e6997e71241517c1bce5a\">\n#top .av-special-heading.av-kk3yaqtx-2b6bbe0acc5e6997e71241517c1bce5a{\npadding-bottom:10px;\n}\nbody .av-special-heading.av-kk3yaqtx-2b6bbe0acc5e6997e71241517c1bce5a .av-special-heading-tag .heading-char{\nfont-size:25px;\n}\n.av-special-heading.av-kk3yaqtx-2b6bbe0acc5e6997e71241517c1bce5a .av-subheading{\nfont-size:15px;\n}\n<\/style>\n<div  class='av-special-heading av-kk3yaqtx-2b6bbe0acc5e6997e71241517c1bce5a av-special-heading-h2  avia-builder-el-1  el_after_av_slideshow_full  el_before_av_textblock  avia-builder-el-first '><h2 class='av-special-heading-tag'  itemprop=\"headline\"  >Hemf\u00f6rlovningen av arm\u00e9n<\/h2><div class=\"special-heading-border\"><div class=\"special-heading-inner-border\"><\/div><\/div><\/div>\n<section  class='av_textblock_section av-b7mgq-302061cffb2fd078d4ca8bd68bbbeaa1 '   itemscope=\"itemscope\" itemtype=\"https:\/\/schema.org\/CreativeWork\" ><div class='avia_textblock'  itemprop=\"text\" ><p>Enligt vapenstillest\u00e5ndsavtalet m\u00e5ste Finlands arm\u00e9 f\u00f6re 5.12.1944 inrikta sig p\u00e5 fred. Den ordinarie arm\u00e9n, som i huvudsak bestod av unga bev\u00e4ringar, stannade kvar i Lapplandskriget. Man var tvungen att uppl\u00f6sa skyddsk\u00e5rsorganisationen den 7 november.<\/p>\n<p>Den finska flottan var \u00e4nnu i \u00e5ratal tvungen att forts\u00e4tta en omfattande minr\u00f6jningsverksamhet, eftersom man under krigs\u00e5ren hade lagt ut \u00f6ver 60 000 sj\u00f6minor och r\u00f6jningshinder, av vilka st\u00f6rsta delen dock undanr\u00f6jdes under kriget.<\/p>\n<p>Efter kriget r\u00f6jdes ca 16 000 sj\u00f6minor. I verksamheten deltog sammanlagt ca 200 fartyg samt 2 000 man, av vilka 1 500 var bev\u00e4ringar. Arbetet var farligt och 28 av dem som deltog i r\u00f6jningsarbetet omkom. Officiellt avslutades r\u00f6jningen av havsomr\u00e5det \u00e5r 1950, men ocks\u00e5 ofta efter detta gavs varning i rundradion om observerade drivminor.<\/p>\n<\/div><\/section>\n","protected":false},"excerpt":{"rendered":"","protected":false},"author":1,"featured_media":0,"parent":6274,"menu_order":1,"comment_status":"closed","ping_status":"closed","template":"","meta":{"footnotes":""},"class_list":["post-6278","page","type-page","status-publish","hentry"],"yoast_head":"<!-- This site is optimized with the Yoast SEO plugin v27.5 - https:\/\/yoast.com\/product\/yoast-seo-wordpress\/ -->\n<title>Hemf\u00f6rlovningen av arm\u00e9n - Veteraanien Perint\u00f6<\/title>\n<meta name=\"robots\" content=\"index, follow, max-snippet:-1, max-image-preview:large, max-video-preview:-1\" \/>\n<link rel=\"canonical\" href=\"https:\/\/veteraanienperinto.fi\/index.php\/sv\/ateruppbyggnad\/forvarsmakten\/hemforlovningen-av-armen\/\" \/>\n<meta property=\"og:locale\" content=\"fi_FI\" \/>\n<meta property=\"og:type\" content=\"article\" \/>\n<meta property=\"og:title\" content=\"Hemf\u00f6rlovningen av arm\u00e9n - Veteraanien Perint\u00f6\" \/>\n<meta property=\"og:url\" content=\"https:\/\/veteraanienperinto.fi\/index.php\/sv\/ateruppbyggnad\/forvarsmakten\/hemforlovningen-av-armen\/\" \/>\n<meta property=\"og:site_name\" content=\"Veteraanien Perint\u00f6\" \/>\n<meta property=\"article:modified_time\" content=\"2021-01-19T12:05:38+00:00\" \/>\n<meta name=\"twitter:card\" content=\"summary_large_image\" \/>\n<meta name=\"twitter:label1\" content=\"Arvioitu lukuaika\" \/>\n\t<meta name=\"twitter:data1\" content=\"1 minuutti\" \/>\n<script type=\"application\/ld+json\" class=\"yoast-schema-graph\">{\"@context\":\"https:\\\/\\\/schema.org\",\"@graph\":[{\"@type\":\"WebPage\",\"@id\":\"https:\\\/\\\/veteraanienperinto.fi\\\/index.php\\\/sv\\\/ateruppbyggnad\\\/forvarsmakten\\\/hemforlovningen-av-armen\\\/\",\"url\":\"https:\\\/\\\/veteraanienperinto.fi\\\/index.php\\\/sv\\\/ateruppbyggnad\\\/forvarsmakten\\\/hemforlovningen-av-armen\\\/\",\"name\":\"Hemf\u00f6rlovningen av arm\u00e9n - Veteraanien Perint\u00f6\",\"isPartOf\":{\"@id\":\"https:\\\/\\\/veteraanienperinto.fi\\\/#website\"},\"datePublished\":\"2020-11-18T20:31:32+00:00\",\"dateModified\":\"2021-01-19T12:05:38+00:00\",\"breadcrumb\":{\"@id\":\"https:\\\/\\\/veteraanienperinto.fi\\\/index.php\\\/sv\\\/ateruppbyggnad\\\/forvarsmakten\\\/hemforlovningen-av-armen\\\/#breadcrumb\"},\"inLanguage\":\"fi\",\"potentialAction\":[{\"@type\":\"ReadAction\",\"target\":[\"https:\\\/\\\/veteraanienperinto.fi\\\/index.php\\\/sv\\\/ateruppbyggnad\\\/forvarsmakten\\\/hemforlovningen-av-armen\\\/\"]}]},{\"@type\":\"BreadcrumbList\",\"@id\":\"https:\\\/\\\/veteraanienperinto.fi\\\/index.php\\\/sv\\\/ateruppbyggnad\\\/forvarsmakten\\\/hemforlovningen-av-armen\\\/#breadcrumb\",\"itemListElement\":[{\"@type\":\"ListItem\",\"position\":1,\"name\":\"Etusivu\",\"item\":\"https:\\\/\\\/veteraanienperinto.fi\\\/index.php\\\/etusivu-2\\\/\"},{\"@type\":\"ListItem\",\"position\":2,\"name\":\"\u00c5teruppbyggnad\",\"item\":\"https:\\\/\\\/veteraanienperinto.fi\\\/index.php\\\/sv\\\/ateruppbyggnad\\\/\"},{\"@type\":\"ListItem\",\"position\":3,\"name\":\"F\u00f6rvarsmakten\",\"item\":\"https:\\\/\\\/veteraanienperinto.fi\\\/index.php\\\/sv\\\/ateruppbyggnad\\\/forvarsmakten\\\/\"},{\"@type\":\"ListItem\",\"position\":4,\"name\":\"Hemf\u00f6rlovningen av arm\u00e9n\"}]},{\"@type\":\"WebSite\",\"@id\":\"https:\\\/\\\/veteraanienperinto.fi\\\/#website\",\"url\":\"https:\\\/\\\/veteraanienperinto.fi\\\/\",\"name\":\"Veteraanien Perint\u00f6\",\"description\":\"Kadettikunta\",\"potentialAction\":[{\"@type\":\"SearchAction\",\"target\":{\"@type\":\"EntryPoint\",\"urlTemplate\":\"https:\\\/\\\/veteraanienperinto.fi\\\/?s={search_term_string}\"},\"query-input\":{\"@type\":\"PropertyValueSpecification\",\"valueRequired\":true,\"valueName\":\"search_term_string\"}}],\"inLanguage\":\"fi\"}]}<\/script>\n<!-- \/ Yoast SEO plugin. -->","yoast_head_json":{"title":"Hemf\u00f6rlovningen av arm\u00e9n - Veteraanien Perint\u00f6","robots":{"index":"index","follow":"follow","max-snippet":"max-snippet:-1","max-image-preview":"max-image-preview:large","max-video-preview":"max-video-preview:-1"},"canonical":"https:\/\/veteraanienperinto.fi\/index.php\/sv\/ateruppbyggnad\/forvarsmakten\/hemforlovningen-av-armen\/","og_locale":"fi_FI","og_type":"article","og_title":"Hemf\u00f6rlovningen av arm\u00e9n - Veteraanien Perint\u00f6","og_url":"https:\/\/veteraanienperinto.fi\/index.php\/sv\/ateruppbyggnad\/forvarsmakten\/hemforlovningen-av-armen\/","og_site_name":"Veteraanien Perint\u00f6","article_modified_time":"2021-01-19T12:05:38+00:00","twitter_card":"summary_large_image","twitter_misc":{"Arvioitu lukuaika":"1 minuutti"},"schema":{"@context":"https:\/\/schema.org","@graph":[{"@type":"WebPage","@id":"https:\/\/veteraanienperinto.fi\/index.php\/sv\/ateruppbyggnad\/forvarsmakten\/hemforlovningen-av-armen\/","url":"https:\/\/veteraanienperinto.fi\/index.php\/sv\/ateruppbyggnad\/forvarsmakten\/hemforlovningen-av-armen\/","name":"Hemf\u00f6rlovningen av arm\u00e9n - Veteraanien Perint\u00f6","isPartOf":{"@id":"https:\/\/veteraanienperinto.fi\/#website"},"datePublished":"2020-11-18T20:31:32+00:00","dateModified":"2021-01-19T12:05:38+00:00","breadcrumb":{"@id":"https:\/\/veteraanienperinto.fi\/index.php\/sv\/ateruppbyggnad\/forvarsmakten\/hemforlovningen-av-armen\/#breadcrumb"},"inLanguage":"fi","potentialAction":[{"@type":"ReadAction","target":["https:\/\/veteraanienperinto.fi\/index.php\/sv\/ateruppbyggnad\/forvarsmakten\/hemforlovningen-av-armen\/"]}]},{"@type":"BreadcrumbList","@id":"https:\/\/veteraanienperinto.fi\/index.php\/sv\/ateruppbyggnad\/forvarsmakten\/hemforlovningen-av-armen\/#breadcrumb","itemListElement":[{"@type":"ListItem","position":1,"name":"Etusivu","item":"https:\/\/veteraanienperinto.fi\/index.php\/etusivu-2\/"},{"@type":"ListItem","position":2,"name":"\u00c5teruppbyggnad","item":"https:\/\/veteraanienperinto.fi\/index.php\/sv\/ateruppbyggnad\/"},{"@type":"ListItem","position":3,"name":"F\u00f6rvarsmakten","item":"https:\/\/veteraanienperinto.fi\/index.php\/sv\/ateruppbyggnad\/forvarsmakten\/"},{"@type":"ListItem","position":4,"name":"Hemf\u00f6rlovningen av arm\u00e9n"}]},{"@type":"WebSite","@id":"https:\/\/veteraanienperinto.fi\/#website","url":"https:\/\/veteraanienperinto.fi\/","name":"Veteraanien Perint\u00f6","description":"Kadettikunta","potentialAction":[{"@type":"SearchAction","target":{"@type":"EntryPoint","urlTemplate":"https:\/\/veteraanienperinto.fi\/?s={search_term_string}"},"query-input":{"@type":"PropertyValueSpecification","valueRequired":true,"valueName":"search_term_string"}}],"inLanguage":"fi"}]}},"_links":{"self":[{"href":"https:\/\/veteraanienperinto.fi\/index.php\/wp-json\/wp\/v2\/pages\/6278","targetHints":{"allow":["GET"]}}],"collection":[{"href":"https:\/\/veteraanienperinto.fi\/index.php\/wp-json\/wp\/v2\/pages"}],"about":[{"href":"https:\/\/veteraanienperinto.fi\/index.php\/wp-json\/wp\/v2\/types\/page"}],"author":[{"embeddable":true,"href":"https:\/\/veteraanienperinto.fi\/index.php\/wp-json\/wp\/v2\/users\/1"}],"replies":[{"embeddable":true,"href":"https:\/\/veteraanienperinto.fi\/index.php\/wp-json\/wp\/v2\/comments?post=6278"}],"version-history":[{"count":4,"href":"https:\/\/veteraanienperinto.fi\/index.php\/wp-json\/wp\/v2\/pages\/6278\/revisions"}],"predecessor-version":[{"id":10086,"href":"https:\/\/veteraanienperinto.fi\/index.php\/wp-json\/wp\/v2\/pages\/6278\/revisions\/10086"}],"up":[{"embeddable":true,"href":"https:\/\/veteraanienperinto.fi\/index.php\/wp-json\/wp\/v2\/pages\/6274"}],"wp:attachment":[{"href":"https:\/\/veteraanienperinto.fi\/index.php\/wp-json\/wp\/v2\/media?parent=6278"}],"curies":[{"name":"wp","href":"https:\/\/api.w.org\/{rel}","templated":true}]}}