{"id":6307,"date":"2020-11-18T21:10:28","date_gmt":"2020-11-18T21:10:28","guid":{"rendered":"https:\/\/veteraani.ylirotu.fi\/?page_id=6307"},"modified":"2021-01-19T12:23:39","modified_gmt":"2021-01-19T12:23:39","slug":"om-minrojning","status":"publish","type":"page","link":"https:\/\/veteraanienperinto.fi\/index.php\/sv\/ateruppbyggnad\/barattelser\/om-minrojning\/","title":{"rendered":"Om minr\u00f6jning"},"content":{"rendered":"\n<style type=\"text\/css\" data-created_by=\"avia_inline_auto\" id=\"style-css-av-kk3yxxzp-ada9e63b50e8e18f7878c2390c92c971\">\n#top .av-special-heading.av-kk3yxxzp-ada9e63b50e8e18f7878c2390c92c971{\npadding-bottom:5px;\n}\nbody .av-special-heading.av-kk3yxxzp-ada9e63b50e8e18f7878c2390c92c971 .av-special-heading-tag .heading-char{\nfont-size:25px;\n}\n.av-special-heading.av-kk3yxxzp-ada9e63b50e8e18f7878c2390c92c971 .av-subheading{\nfont-size:15px;\n}\n<\/style>\n<div  class='av-special-heading av-kk3yxxzp-ada9e63b50e8e18f7878c2390c92c971 av-special-heading-h2  avia-builder-el-0  avia-builder-el-no-sibling '><h2 class='av-special-heading-tag'  itemprop=\"headline\"  >Om minr\u00f6jning<\/h2><div class=\"special-heading-border\"><div class=\"special-heading-inner-border\"><\/div><\/div><\/div>\n<section  class='av_textblock_section av-kei9w74n-7b0f008125a778f48432b9a614d90d0f '   itemscope=\"itemscope\" itemtype=\"https:\/\/schema.org\/CreativeWork\" ><div class='avia_textblock'  itemprop=\"text\" ><p><strong>Arvo Seppinen:<\/strong><\/p>\n<p>I juli 1947.<\/p>\n<p>Efter krigen var alla vatten som omger v\u00e5ra kuster fulla med minor som lagts ut av finl\u00e4ndarna, ryssarna och tyskarna.<\/p>\n<p>De fanns inom kartlagda f\u00e4lt och okartlagda omr\u00e5den, till och med i tre lager ovanp\u00e5 varandra. Fr\u00e5n och med Bj\u00f6rk\u00f6 via Seitsk\u00e4r, L\u00f6vsk\u00e4r och Hogland till Understen, till Sveriges kust, via \u00d6r\u00f6 och Ut\u00f6 till Bottniska viken r\u00e4ckte dessa &#8217;h\u00e4ftiga&#8217; Poseidons \u00e4gg med horn och utan.<\/p>\n<p>Sextiotusen minor av olika storlek, utseende och typ, g\u00f6mde sig under vattnet i ankark\u00e4ttningar och vajrar som j\u00e4ttelika havsv\u00e4xter. Som havsv\u00e4xter, skapade av gud, vajade de i sina f\u00e4sten f\u00f6rda av havsstr\u00f6mmarna och v\u00e5gorna.<\/p>\n<p>Vi tillh\u00f6rde en minsveparavdelning som anf\u00f6rdes av \u00f6verstel\u00f6jtnant Simonen, och redan f\u00f6r tredje sommaren f\u00f6rde vi krig mot dessa rester efter kriget. Fr\u00e5n grunt och djupt vatten jagade vi upp minorna till havsytan, d\u00e4r de oskadliggjordes genom att vi desarmera dem, spr\u00e4ngde eller sk\u00f6t dem i sank. Det vanligaste s\u00e4ttet var att med en Madsen- eller Boforskanon skjuta ett h\u00e5l i sidan p\u00e5 minan som stigit till ytan, varvid minan sj\u00f6nk i djupet. S\u00e5 m\u00e4rkligt som det l\u00e5ter var det endast s\u00e4llan som dessa f\u00f6rem\u00e5l, som ans\u00e5gs h\u00f6gexplosiva, exploderade av skjutandet.<\/p>\n<p>Det s\u00e4kraste, men samtidigt ocks\u00e5 det farligaste s\u00e4ttet att oskadligg\u00f6ra en mina var att desarmera den, s\u00e5ledes genom att avl\u00e4gsna t\u00e4ndanordningen och den explosiva laddningen ur den. Det kom inte ens p\u00e5 fr\u00e5ga att desarmera alla typer av minor. I en del \u00e4ldre modeller var s\u00e4kringarna, i strid med internationella best\u00e4mmelser, placerade p\u00e5 s\u00e5 s\u00e4tt, att det var om\u00f6jligt att desarmera dem. Av samma slag var ocks\u00e5 vissa \u00e4ldre modeller, som var s\u00e5 h\u00f6gexplosiva att de exploderade n\u00e4r r\u00f6jaren med en skiftnyckel i fickan n\u00e4rmade sig dem, som det sades.<\/p>\n<p>F\u00f6re \u00e5r 1947 hade flera tusen minor f\u00f6rst\u00f6rts, men alltj\u00e4mt verkade det att finnas tillr\u00e4ckligt av dem i havet. N\u00e4ra nog trettio man hade blivit d\u00f6dade i dessa uppgifter i samband med explosioner och andra olyckor.<\/p>\n<p>S\u00f6dersk\u00e4rs fyr skymtade l\u00e5ngt borta i norr, d\u00e5 v\u00e5r flottilj svepte sitt eget f\u00e4lt. Mera \u00f6sterut om oss utf\u00f6rde en flottilj som h\u00f6rde till grannavdelningen minsvepning med fyra fartyg. I ledningsfartygets gaffel signalerades: &#8221;Redskapen upp&#8221;. En mina hade fastnat i redskapen.<\/p>\n<p>Ankringsvajern kapades med en spr\u00e4ngsats och fuktigt gl\u00e4nsande steg minan till havsytan.<\/p>\n<p>M\u00e5sarna i st\u00e4ndigt vaksam glidflykt hade h\u00f6rt den dova explosionen under vattnet. Av erfarenhet visste de att en dylik explosion normalt betydde att levande och d\u00f6da fiskar str\u00f6mmade upp till vattenytan, och de rusade skyndsamt till platsen f\u00f6r att roffa \u00e5t sig.<\/p>\n<p>N\u00e5gra m\u00e5sar satte sig p\u00e5 den v\u00e5ta gl\u00e4nsande minan.<\/p>\n<p>Man utbytte radiomeddelanden. Semaforflaggorna r\u00f6rde sig i de signalerande m\u00e4nnens h\u00e4nder som extremiteterna p\u00e5 en sprattelgubbe. Man anh\u00f6ll om tillst\u00e5nd att desarmera minan. Matroserna och kanoni\u00e4rerna drog in vajrarna. Flott\u00f6rerna och hasplarna skramlade p\u00e5 fartygens st\u00e5ld\u00e4ck.<\/p>\n<p>En b\u00e5t sj\u00f6sattes fr\u00e5n v\u00e5r minsvepare. Milit\u00e4rm\u00e4stare P. f\u00f6ljde med b\u00e5ten ner och l\u00f6sgjorde d\u00e4verttaljornas krokar.<\/p>\n<p>&#8211; Vem kommer med?<\/p>\n<p>Det var m\u00e5nga som var f\u00e4rdiga att \u00e5ka med. \u00d6versergeant H. hann f\u00f6rst. Han tog sig ner i b\u00e5ten via ett rep och bytte plats med milit\u00e4rm\u00e4staren och satte sig att ro. B\u00e5ten avl\u00e4gsnade sig fr\u00e5n fartyget.<\/p>\n<p>Man sl\u00e4ngde kvickheter till varandra liksom till farv\u00e4l.<\/p>\n<p>&#8211; Hej, du har ju kvar av de d\u00e4r goda cigaretterna! Ge dem till oss som avskedsg\u00e5va.<\/p>\n<p>\u00d6versergeanten rodde p\u00e5 nytt b\u00e5ten till fartyget. Det r\u00e5dde \u00e4nnu tobaksbrist och en god cigarett var v\u00e4lkommen. Handen som h\u00f6ll cigarettasken str\u00e4ckte sig mot relingen, d\u00e4r den ena cigaretten efter den andra f\u00f6rsvann i v\u00e4ntande n\u00e4var.<\/p>\n<p>&#8211; Ge nu din sista cigarett. Den beh\u00f6ver ju du inte l\u00e4ngre. Det h\u00e4r \u00e4r ju i alla fall din sista resa, ropade n\u00e5gon som blivit utan cigarett mot b\u00e5ten som h\u00f6ll p\u00e5 att avl\u00e4gsna sig.<\/p>\n<p>&#8211; Beh\u00f6ver och beh\u00f6ver, svarade \u00f6versergeanten och t\u00e4nde sj\u00e4lv en cigarett samtidigt som han b\u00f6rjade ro bort fr\u00e5n fartyget.<\/p>\n<p>Det kilformiga k\u00f6lvattnet efter b\u00e5ten f\u00f6rsvann fr\u00e5n havsytan i takt med att b\u00e5ten avl\u00e4gsnade sig.<\/p>\n<p>D\u00e5 b\u00e5ten n\u00e4rmade sig minan fl\u00f6g den sista envisa m\u00e5sen skr\u00e4nande bort fr\u00e5n den. \u00d6versergeanten v\u00e4nde b\u00e5ten enligt best\u00e4mmelserna undan vind med aktern mot minan.<\/p>\n<p>Milit\u00e4rm\u00e4staren lade sig p\u00e5 mage p\u00e5 b\u00e5tbottnen.<\/p>\n<p>Avst\u00e5ndet mellan det n\u00e4rmaste fartyget och b\u00e5ten var ungef\u00e4r trehundra meter. Vi andra som r\u00e5kade ha kikare iakttog desarmerarnas arbete.<\/p>\n<p>Nu s\u00e5g det ut som om milit\u00e4rm\u00e4staren redan skulle ha l\u00f6sgjort den f\u00f6rsta delen av minan och han placerade den p\u00e5 b\u00e5tbottnen. Nu s\u00f6kte han n\u00e5got nytt verktyg, kanske en t\u00e5ng, f\u00f6r att klippa av elledningarna.<\/p>\n<p>\u00d6versergeanten h\u00f6ll b\u00e5ten p\u00e5 st\u00e4llet med \u00e5rorna.<\/p>\n<p>Nu b\u00f6jde sig milit\u00e4rm\u00e4staren p\u00e5 nytt mot minan.<\/p>\n<p>Herre Gud!<\/p>\n<p>D\u00e4r finns inte l\u00e4ngre n\u00e5gon b\u00e5t och inga m\u00e4n, inte n\u00e5gon av m\u00e4nnen.<\/p>\n<p>N\u00e5gonting m\u00f6rkt fl\u00f6g i luften, bitar av b\u00e5ten och m\u00e4nnen. Samtidigt n\u00e5ddes v\u00e5r \u00f6ron av den skakande explosionen och vi ins\u00e5g vad som hade h\u00e4nt, ur luften f\u00f6ll obest\u00e4mbara stycken i havet. Under ett \u00f6gonblick slog de ner i vattnet, som hagel p\u00e5 en \u00e5ker, sedan blev allt lugnt.<\/p>\n<p>En m\u00e5s som r\u00e5kat vara just d\u00e4r, f\u00f6ll ner av explosionskraften och blev med utbredda vingar liggande p\u00e5 vattenytan.<\/p>\n<p>Vi stirrade f\u00f6rryckta p\u00e5 varandra och p\u00e5 havet. Vi f\u00f6rstod vad som hade h\u00e4nt, men vi ville inte tro, att milit\u00e4rm\u00e4staren och \u00f6versergeanten inte l\u00e4ngre fanns till.<\/p>\n<p>Vi sj\u00f6satte b\u00e5tarna och rodde till platsen. Vi k\u00f6rde runt och s\u00f6kte, liksom v\u00e4ntande p\u00e5 ett under. Bara br\u00e4dbitar och en d\u00f6d m\u00e5s fl\u00f6t p\u00e5 platsen, d\u00e4r det just hade funnits en b\u00e5t och tv\u00e5 m\u00e4n.<\/p>\n<p>N\u00e5got annat syntes inte till.<\/p>\n<p>Havet hade tagit allt.<\/p>\n<p><em><strong>Kansa taisteli &#8211; miehet kertovat -lehti (328-329\/1960)<\/strong><\/em><\/p>\n<\/div><\/section>\n<section  class='av_textblock_section av-26nu8o-de7b19f6a4ff4a85782c022ea993fc53 '   itemscope=\"itemscope\" itemtype=\"https:\/\/schema.org\/CreativeWork\" ><div class='avia_textblock'  itemprop=\"text\" ><p>0<\/p>\n<\/div><\/section>\n","protected":false},"excerpt":{"rendered":"","protected":false},"author":1,"featured_media":0,"parent":6294,"menu_order":1,"comment_status":"closed","ping_status":"closed","template":"","meta":{"footnotes":""},"class_list":["post-6307","page","type-page","status-publish","hentry"],"yoast_head":"<!-- This site is optimized with the Yoast SEO plugin v27.4 - https:\/\/yoast.com\/product\/yoast-seo-wordpress\/ -->\n<title>Om minr\u00f6jning - Veteraanien Perint\u00f6<\/title>\n<meta name=\"robots\" content=\"index, follow, max-snippet:-1, max-image-preview:large, max-video-preview:-1\" \/>\n<link rel=\"canonical\" href=\"https:\/\/veteraanienperinto.fi\/index.php\/sv\/ateruppbyggnad\/barattelser\/om-minrojning\/\" \/>\n<meta property=\"og:locale\" content=\"fi_FI\" \/>\n<meta property=\"og:type\" content=\"article\" \/>\n<meta property=\"og:title\" content=\"Om minr\u00f6jning - Veteraanien Perint\u00f6\" \/>\n<meta property=\"og:url\" content=\"https:\/\/veteraanienperinto.fi\/index.php\/sv\/ateruppbyggnad\/barattelser\/om-minrojning\/\" \/>\n<meta property=\"og:site_name\" content=\"Veteraanien Perint\u00f6\" \/>\n<meta property=\"article:modified_time\" content=\"2021-01-19T12:23:39+00:00\" \/>\n<meta name=\"twitter:card\" content=\"summary_large_image\" \/>\n<meta name=\"twitter:label1\" content=\"Arvioitu lukuaika\" \/>\n\t<meta name=\"twitter:data1\" content=\"6 minuuttia\" \/>\n<script type=\"application\/ld+json\" class=\"yoast-schema-graph\">{\"@context\":\"https:\\\/\\\/schema.org\",\"@graph\":[{\"@type\":\"WebPage\",\"@id\":\"https:\\\/\\\/veteraanienperinto.fi\\\/index.php\\\/sv\\\/ateruppbyggnad\\\/barattelser\\\/om-minrojning\\\/\",\"url\":\"https:\\\/\\\/veteraanienperinto.fi\\\/index.php\\\/sv\\\/ateruppbyggnad\\\/barattelser\\\/om-minrojning\\\/\",\"name\":\"Om minr\u00f6jning - Veteraanien Perint\u00f6\",\"isPartOf\":{\"@id\":\"https:\\\/\\\/veteraanienperinto.fi\\\/#website\"},\"datePublished\":\"2020-11-18T21:10:28+00:00\",\"dateModified\":\"2021-01-19T12:23:39+00:00\",\"breadcrumb\":{\"@id\":\"https:\\\/\\\/veteraanienperinto.fi\\\/index.php\\\/sv\\\/ateruppbyggnad\\\/barattelser\\\/om-minrojning\\\/#breadcrumb\"},\"inLanguage\":\"fi\",\"potentialAction\":[{\"@type\":\"ReadAction\",\"target\":[\"https:\\\/\\\/veteraanienperinto.fi\\\/index.php\\\/sv\\\/ateruppbyggnad\\\/barattelser\\\/om-minrojning\\\/\"]}]},{\"@type\":\"BreadcrumbList\",\"@id\":\"https:\\\/\\\/veteraanienperinto.fi\\\/index.php\\\/sv\\\/ateruppbyggnad\\\/barattelser\\\/om-minrojning\\\/#breadcrumb\",\"itemListElement\":[{\"@type\":\"ListItem\",\"position\":1,\"name\":\"Etusivu\",\"item\":\"https:\\\/\\\/veteraanienperinto.fi\\\/index.php\\\/etusivu-2\\\/\"},{\"@type\":\"ListItem\",\"position\":2,\"name\":\"\u00c5teruppbyggnad\",\"item\":\"https:\\\/\\\/veteraanienperinto.fi\\\/index.php\\\/sv\\\/ateruppbyggnad\\\/\"},{\"@type\":\"ListItem\",\"position\":3,\"name\":\"Ber\u00e4ttelser\",\"item\":\"https:\\\/\\\/veteraanienperinto.fi\\\/index.php\\\/sv\\\/ateruppbyggnad\\\/barattelser\\\/\"},{\"@type\":\"ListItem\",\"position\":4,\"name\":\"Om minr\u00f6jning\"}]},{\"@type\":\"WebSite\",\"@id\":\"https:\\\/\\\/veteraanienperinto.fi\\\/#website\",\"url\":\"https:\\\/\\\/veteraanienperinto.fi\\\/\",\"name\":\"Veteraanien Perint\u00f6\",\"description\":\"Kadettikunta\",\"potentialAction\":[{\"@type\":\"SearchAction\",\"target\":{\"@type\":\"EntryPoint\",\"urlTemplate\":\"https:\\\/\\\/veteraanienperinto.fi\\\/?s={search_term_string}\"},\"query-input\":{\"@type\":\"PropertyValueSpecification\",\"valueRequired\":true,\"valueName\":\"search_term_string\"}}],\"inLanguage\":\"fi\"}]}<\/script>\n<!-- \/ Yoast SEO plugin. -->","yoast_head_json":{"title":"Om minr\u00f6jning - Veteraanien Perint\u00f6","robots":{"index":"index","follow":"follow","max-snippet":"max-snippet:-1","max-image-preview":"max-image-preview:large","max-video-preview":"max-video-preview:-1"},"canonical":"https:\/\/veteraanienperinto.fi\/index.php\/sv\/ateruppbyggnad\/barattelser\/om-minrojning\/","og_locale":"fi_FI","og_type":"article","og_title":"Om minr\u00f6jning - Veteraanien Perint\u00f6","og_url":"https:\/\/veteraanienperinto.fi\/index.php\/sv\/ateruppbyggnad\/barattelser\/om-minrojning\/","og_site_name":"Veteraanien Perint\u00f6","article_modified_time":"2021-01-19T12:23:39+00:00","twitter_card":"summary_large_image","twitter_misc":{"Arvioitu lukuaika":"6 minuuttia"},"schema":{"@context":"https:\/\/schema.org","@graph":[{"@type":"WebPage","@id":"https:\/\/veteraanienperinto.fi\/index.php\/sv\/ateruppbyggnad\/barattelser\/om-minrojning\/","url":"https:\/\/veteraanienperinto.fi\/index.php\/sv\/ateruppbyggnad\/barattelser\/om-minrojning\/","name":"Om minr\u00f6jning - Veteraanien Perint\u00f6","isPartOf":{"@id":"https:\/\/veteraanienperinto.fi\/#website"},"datePublished":"2020-11-18T21:10:28+00:00","dateModified":"2021-01-19T12:23:39+00:00","breadcrumb":{"@id":"https:\/\/veteraanienperinto.fi\/index.php\/sv\/ateruppbyggnad\/barattelser\/om-minrojning\/#breadcrumb"},"inLanguage":"fi","potentialAction":[{"@type":"ReadAction","target":["https:\/\/veteraanienperinto.fi\/index.php\/sv\/ateruppbyggnad\/barattelser\/om-minrojning\/"]}]},{"@type":"BreadcrumbList","@id":"https:\/\/veteraanienperinto.fi\/index.php\/sv\/ateruppbyggnad\/barattelser\/om-minrojning\/#breadcrumb","itemListElement":[{"@type":"ListItem","position":1,"name":"Etusivu","item":"https:\/\/veteraanienperinto.fi\/index.php\/etusivu-2\/"},{"@type":"ListItem","position":2,"name":"\u00c5teruppbyggnad","item":"https:\/\/veteraanienperinto.fi\/index.php\/sv\/ateruppbyggnad\/"},{"@type":"ListItem","position":3,"name":"Ber\u00e4ttelser","item":"https:\/\/veteraanienperinto.fi\/index.php\/sv\/ateruppbyggnad\/barattelser\/"},{"@type":"ListItem","position":4,"name":"Om minr\u00f6jning"}]},{"@type":"WebSite","@id":"https:\/\/veteraanienperinto.fi\/#website","url":"https:\/\/veteraanienperinto.fi\/","name":"Veteraanien Perint\u00f6","description":"Kadettikunta","potentialAction":[{"@type":"SearchAction","target":{"@type":"EntryPoint","urlTemplate":"https:\/\/veteraanienperinto.fi\/?s={search_term_string}"},"query-input":{"@type":"PropertyValueSpecification","valueRequired":true,"valueName":"search_term_string"}}],"inLanguage":"fi"}]}},"_links":{"self":[{"href":"https:\/\/veteraanienperinto.fi\/index.php\/wp-json\/wp\/v2\/pages\/6307","targetHints":{"allow":["GET"]}}],"collection":[{"href":"https:\/\/veteraanienperinto.fi\/index.php\/wp-json\/wp\/v2\/pages"}],"about":[{"href":"https:\/\/veteraanienperinto.fi\/index.php\/wp-json\/wp\/v2\/types\/page"}],"author":[{"embeddable":true,"href":"https:\/\/veteraanienperinto.fi\/index.php\/wp-json\/wp\/v2\/users\/1"}],"replies":[{"embeddable":true,"href":"https:\/\/veteraanienperinto.fi\/index.php\/wp-json\/wp\/v2\/comments?post=6307"}],"version-history":[{"count":4,"href":"https:\/\/veteraanienperinto.fi\/index.php\/wp-json\/wp\/v2\/pages\/6307\/revisions"}],"predecessor-version":[{"id":10098,"href":"https:\/\/veteraanienperinto.fi\/index.php\/wp-json\/wp\/v2\/pages\/6307\/revisions\/10098"}],"up":[{"embeddable":true,"href":"https:\/\/veteraanienperinto.fi\/index.php\/wp-json\/wp\/v2\/pages\/6294"}],"wp:attachment":[{"href":"https:\/\/veteraanienperinto.fi\/index.php\/wp-json\/wp\/v2\/media?parent=6307"}],"curies":[{"name":"wp","href":"https:\/\/api.w.org\/{rel}","templated":true}]}}