{"id":6315,"date":"2020-11-18T21:14:09","date_gmt":"2020-11-18T21:14:09","guid":{"rendered":"https:\/\/veteraani.ylirotu.fi\/?page_id=6315"},"modified":"2021-01-19T12:23:23","modified_gmt":"2021-01-19T12:23:23","slug":"en-paminnelse-om-vapensmusslet","status":"publish","type":"page","link":"https:\/\/veteraanienperinto.fi\/index.php\/sv\/ateruppbyggnad\/barattelser\/en-paminnelse-om-vapensmusslet\/","title":{"rendered":"En p\u00e5minnelse om vapensmusslet"},"content":{"rendered":"\n<style type=\"text\/css\" data-created_by=\"avia_inline_auto\" id=\"style-css-av-kk3yxlgl-d47f3dbcc9766441f04020d77d21c137\">\n#top .av-special-heading.av-kk3yxlgl-d47f3dbcc9766441f04020d77d21c137{\npadding-bottom:5px;\n}\nbody .av-special-heading.av-kk3yxlgl-d47f3dbcc9766441f04020d77d21c137 .av-special-heading-tag .heading-char{\nfont-size:25px;\n}\n.av-special-heading.av-kk3yxlgl-d47f3dbcc9766441f04020d77d21c137 .av-subheading{\nfont-size:15px;\n}\n<\/style>\n<div  class='av-special-heading av-kk3yxlgl-d47f3dbcc9766441f04020d77d21c137 av-special-heading-h2  avia-builder-el-0  avia-builder-el-no-sibling '><h2 class='av-special-heading-tag'  itemprop=\"headline\"  >En p\u00e5minnelse om vapensmusslet<\/h2><div class=\"special-heading-border\"><div class=\"special-heading-inner-border\"><\/div><\/div><\/div>\n<section  class='av_textblock_section av-kei9w74n-7b0f008125a778f48432b9a614d90d0f '   itemscope=\"itemscope\" itemtype=\"https:\/\/schema.org\/CreativeWork\" ><div class='avia_textblock'  itemprop=\"text\" ><div id=\"attachment_4208\" style=\"width: 176px\" class=\"wp-caption alignright\"><img loading=\"lazy\" decoding=\"async\" aria-describedby=\"caption-attachment-4208\" class=\"wp-image-4208 size-full\" src=\"https:\/\/veteraanienperinto.fi\/wp-content\/uploads\/2020\/09\/raita.jpg\" alt=\"\" width=\"166\" height=\"200\" \/><p id=\"caption-attachment-4208\" class=\"wp-caption-text\">Mikko Raita<\/p><\/div>\n<p><strong>Maija Ala-J\u00e4\u00e4ski:<\/strong><\/p>\n<p>Efter krigslutet arbetade <strong>Mikko Raita<\/strong> fr\u00e5n Kaland under fyra m\u00e5nader i Raumo milit\u00e4rdistrikt, fr\u00e5n december 1944 till april 1945. Till Raitas uppgifter h\u00f6rde service av bilar, reparation och transporter.<\/p>\n<p>&#8211; D\u00e5 jag accepterade detta arbete var det ingen som ber\u00e4ttade \u00e5t mig om det p\u00e5g\u00e5ende vapensmusslet, ber\u00e4ttade Mikko Raita.<\/p>\n<p>&#8211; Sj\u00e4lv transporterade jag under hela tiden inte ett enda vapen eller en patron. En g\u00e5ng h\u00e4mtade jag en lastbil fr\u00e5n Nystad och s\u00e4nde den fr\u00e5n Raumo per t\u00e5g norrut. Ocks\u00e5 en bensinlast f\u00f6rde jag en g\u00e5ng till Eura, d\u00e4r den t\u00f6mdes i en underjordisk cistern, f\u00f6rklarade Mikko Raita.<\/p>\n<p>&#8211; Jag ombads dock skaffa en ovillkorligen p\u00e5litlig chauff\u00f6r f\u00f6r en lastbil. Mitt val f\u00f6ll p\u00e5 Erkki Suomela som var min goda barndomsbekant fr\u00e5n Kinko hemman. Mitt beslut var uppenbarligen gott. Erkki ber\u00e4ttade aldrig \u00e5t mig vad han k\u00f6rde och vart, och inte heller hans f\u00f6rm\u00e4n major Lauri Miettinen och major Martti Silanter\u00e4 n\u00e4mnde honom eller hans arbete med ett ord.<\/p>\n<p>En mekaniker beh\u00f6vdes<\/p>\n<p>Som skicklig mekaniker hamnade Raita d\u00e4remot alltid d\u00e5 och d\u00e5 att bist\u00e5 f\u00f6rare som p\u00e5 milit\u00e4rdistriktets hemlighetsfulla transportresor fick trubbel. En s\u00e5dan h\u00e4ndelse intr\u00e4ffade i Kaland.<\/p>\n<p>Sent p\u00e5 kv\u00e4llen p\u00e5 Raumanlinna g\u00e5rdsplan lastade Niilo Vapola vapen- och ammunitionsl\u00e5dor i en Ford och t\u00e4ckte den sedan omsorgsfullt. Major Miettinen sj\u00e4lv gav sig iv\u00e4g som f\u00f6rare. Bilens f\u00f6rsta etapp var Py\u00f6li i Vehmaa. Bilmotorn slocknade dock p\u00e5 v\u00e4gen mellan Kaland och V\u00e4limaa vid Kaukj\u00e4rvi. Miettinen v\u00e5gade inte l\u00e4mna bilen ens f\u00f6r ett \u00f6gonblick, utan vaktade den hela natten i 20 graders k\u00f6ld. F\u00f6ljande morgon r\u00e5kade Tarmo Vapola som var p\u00e5 aff\u00e4rsresa k\u00f6ra f\u00f6rbi. Tarmo anade vad det var fr\u00e5ga om och ringde till mig i Raumo. Jag reparerade bilmotorn, \u00e5terv\u00e4nde till Raumo och Miettinen fortsatte sin f\u00e4rd, mindes Raita.<\/p>\n<p>Till Raitas uppgifter h\u00f6rde ocks\u00e5 transporter f\u00f6r Kontrollkommissionen. Dessa skjutsresor kunde r\u00e4cka flera dagar.<\/p>\n<p>Vapen i g\u00f6mma p\u00e5 \u00e5kern och i skolan<\/p>\n<p>&#8211; Enligt min uppfattning g\u00f6mdes ganska mycket inom v\u00e5rt milit\u00e4rdistrikt, men vart? Sj\u00e4lv vet jag n\u00e5gra g\u00f6mmor i Kaland, mindes Mikko Raita.<\/p>\n<p>Enligt Raita fanns vapen g\u00f6mda p\u00e5 polis Laines g\u00e5rd under gr\u00e4smattan och p\u00e5 Harikkala \u00e5ker. Patroner g\u00f6mdes under golvet i \u00f6vre v\u00e5ningen vid Karakoski och i en skrubb vid kyrkbyns folkskola fanns \u00e4nnu p\u00e5 1950-talet ett maskingev\u00e4r undang\u00f6mt. I T\u00f6vsala i l\u00e4nsman Laines bostad fanns flera handeldvapen lagrade i en byr\u00e5l\u00e5da.<\/p>\n<p>&#8211; N\u00e4r vapnen och ammunitionen togs bort vet jag inte, konstaterade Mikko Raita.<\/p>\n<p>Fast\u00e4n Raita sj\u00e4lv inte aktivt deltagit i vapeng\u00f6mmandet, hamnande ocks\u00e5 han i f\u00f6rh\u00f6r med anledning av saken, \u00e4nnu s\u00e5 sent som \u00e5r 1952. Statspolisens m\u00e4n f\u00f6rh\u00f6rde honom i Nystad under flera timmar, men l\u00e4t honom sedan g\u00e5.<\/p>\n<p>Mikko Raita anser att vapeng\u00f6mmandet i de f\u00f6rh\u00e5llanden som r\u00e5dde d\u00e5 var helt f\u00f6rst\u00e5eligt.<\/p>\n<p>&#8211; Sovjetunionen hotade \u00e5nyo v\u00e5rt land med krigs\u00e5tg\u00e4rder, \u00e5tminstone trodde man orubbligt s\u00e5, varf\u00f6r hela vapeng\u00f6mmandet kan ha varit till stor lycka f\u00f6r v\u00e5rt land i synnerhet d\u00e5 Sovjetunionen fick reda p\u00e5 saken d\u00e5 aff\u00e4ren uppdagades, funderade Mikko Raita.<\/p>\n<p>Den hela landet omfattande vapensmusselaff\u00e4ren avsl\u00f6jades p\u00e5 v\u00e5ren 1945, d\u00e5 en person fr\u00e5n Ule\u00e5borgstrakten som deltagit som hj\u00e4lpkarl vid vapeng\u00f6mmandet avsl\u00f6jade verksamheten f\u00f6r den sovjetiska kontrollkommissionen.<\/p>\n<p>Numera \u00e4r Mikko Raita den enda kvarlevande som arbetat inom Raumo milit\u00e4rdistrikt och som p\u00e5 ett eller annat s\u00e4tt var med vid vapeng\u00f6mmandet. Han h\u00f6ll ett anf\u00f6rande om saken vid krigsveteranernas m\u00e5nadsm\u00f6te i Kaland i f\u00f6rsamlingshemmet.<\/p>\n<p>Mikko Raita anser att vapeng\u00f6mmandet var en f\u00f6rst\u00e5elig verksamhet. Hotet om ett nytt krig var stort.<\/p>\n<\/div><\/section>\n","protected":false},"excerpt":{"rendered":"","protected":false},"author":1,"featured_media":0,"parent":6294,"menu_order":0,"comment_status":"closed","ping_status":"closed","template":"","meta":{"footnotes":""},"class_list":["post-6315","page","type-page","status-publish","hentry"],"yoast_head":"<!-- This site is optimized with the Yoast SEO plugin v27.4 - https:\/\/yoast.com\/product\/yoast-seo-wordpress\/ -->\n<title>En p\u00e5minnelse om vapensmusslet - Veteraanien Perint\u00f6<\/title>\n<meta name=\"robots\" content=\"index, follow, max-snippet:-1, max-image-preview:large, max-video-preview:-1\" \/>\n<link rel=\"canonical\" href=\"https:\/\/veteraanienperinto.fi\/index.php\/sv\/ateruppbyggnad\/barattelser\/en-paminnelse-om-vapensmusslet\/\" \/>\n<meta property=\"og:locale\" content=\"fi_FI\" \/>\n<meta property=\"og:type\" content=\"article\" \/>\n<meta property=\"og:title\" content=\"En p\u00e5minnelse om vapensmusslet - Veteraanien Perint\u00f6\" \/>\n<meta property=\"og:url\" content=\"https:\/\/veteraanienperinto.fi\/index.php\/sv\/ateruppbyggnad\/barattelser\/en-paminnelse-om-vapensmusslet\/\" \/>\n<meta property=\"og:site_name\" content=\"Veteraanien Perint\u00f6\" \/>\n<meta property=\"article:modified_time\" content=\"2021-01-19T12:23:23+00:00\" \/>\n<meta property=\"og:image\" content=\"https:\/\/veteraanienperinto.fi\/wp-content\/uploads\/2020\/09\/raita.jpg\" \/>\n<meta name=\"twitter:card\" content=\"summary_large_image\" \/>\n<meta name=\"twitter:label1\" content=\"Arvioitu lukuaika\" \/>\n\t<meta name=\"twitter:data1\" content=\"4 minuuttia\" \/>\n<script type=\"application\/ld+json\" class=\"yoast-schema-graph\">{\"@context\":\"https:\\\/\\\/schema.org\",\"@graph\":[{\"@type\":\"WebPage\",\"@id\":\"https:\\\/\\\/veteraanienperinto.fi\\\/index.php\\\/sv\\\/ateruppbyggnad\\\/barattelser\\\/en-paminnelse-om-vapensmusslet\\\/\",\"url\":\"https:\\\/\\\/veteraanienperinto.fi\\\/index.php\\\/sv\\\/ateruppbyggnad\\\/barattelser\\\/en-paminnelse-om-vapensmusslet\\\/\",\"name\":\"En p\u00e5minnelse om vapensmusslet - Veteraanien Perint\u00f6\",\"isPartOf\":{\"@id\":\"https:\\\/\\\/veteraanienperinto.fi\\\/#website\"},\"primaryImageOfPage\":{\"@id\":\"https:\\\/\\\/veteraanienperinto.fi\\\/index.php\\\/sv\\\/ateruppbyggnad\\\/barattelser\\\/en-paminnelse-om-vapensmusslet\\\/#primaryimage\"},\"image\":{\"@id\":\"https:\\\/\\\/veteraanienperinto.fi\\\/index.php\\\/sv\\\/ateruppbyggnad\\\/barattelser\\\/en-paminnelse-om-vapensmusslet\\\/#primaryimage\"},\"thumbnailUrl\":\"https:\\\/\\\/veteraanienperinto.fi\\\/wp-content\\\/uploads\\\/2020\\\/09\\\/raita.jpg\",\"datePublished\":\"2020-11-18T21:14:09+00:00\",\"dateModified\":\"2021-01-19T12:23:23+00:00\",\"breadcrumb\":{\"@id\":\"https:\\\/\\\/veteraanienperinto.fi\\\/index.php\\\/sv\\\/ateruppbyggnad\\\/barattelser\\\/en-paminnelse-om-vapensmusslet\\\/#breadcrumb\"},\"inLanguage\":\"fi\",\"potentialAction\":[{\"@type\":\"ReadAction\",\"target\":[\"https:\\\/\\\/veteraanienperinto.fi\\\/index.php\\\/sv\\\/ateruppbyggnad\\\/barattelser\\\/en-paminnelse-om-vapensmusslet\\\/\"]}]},{\"@type\":\"ImageObject\",\"inLanguage\":\"fi\",\"@id\":\"https:\\\/\\\/veteraanienperinto.fi\\\/index.php\\\/sv\\\/ateruppbyggnad\\\/barattelser\\\/en-paminnelse-om-vapensmusslet\\\/#primaryimage\",\"url\":\"https:\\\/\\\/veteraanienperinto.fi\\\/wp-content\\\/uploads\\\/2020\\\/09\\\/raita.jpg\",\"contentUrl\":\"https:\\\/\\\/veteraanienperinto.fi\\\/wp-content\\\/uploads\\\/2020\\\/09\\\/raita.jpg\",\"width\":166,\"height\":200},{\"@type\":\"BreadcrumbList\",\"@id\":\"https:\\\/\\\/veteraanienperinto.fi\\\/index.php\\\/sv\\\/ateruppbyggnad\\\/barattelser\\\/en-paminnelse-om-vapensmusslet\\\/#breadcrumb\",\"itemListElement\":[{\"@type\":\"ListItem\",\"position\":1,\"name\":\"Etusivu\",\"item\":\"https:\\\/\\\/veteraanienperinto.fi\\\/index.php\\\/etusivu-2\\\/\"},{\"@type\":\"ListItem\",\"position\":2,\"name\":\"\u00c5teruppbyggnad\",\"item\":\"https:\\\/\\\/veteraanienperinto.fi\\\/index.php\\\/sv\\\/ateruppbyggnad\\\/\"},{\"@type\":\"ListItem\",\"position\":3,\"name\":\"Ber\u00e4ttelser\",\"item\":\"https:\\\/\\\/veteraanienperinto.fi\\\/index.php\\\/sv\\\/ateruppbyggnad\\\/barattelser\\\/\"},{\"@type\":\"ListItem\",\"position\":4,\"name\":\"En p\u00e5minnelse om vapensmusslet\"}]},{\"@type\":\"WebSite\",\"@id\":\"https:\\\/\\\/veteraanienperinto.fi\\\/#website\",\"url\":\"https:\\\/\\\/veteraanienperinto.fi\\\/\",\"name\":\"Veteraanien Perint\u00f6\",\"description\":\"Kadettikunta\",\"potentialAction\":[{\"@type\":\"SearchAction\",\"target\":{\"@type\":\"EntryPoint\",\"urlTemplate\":\"https:\\\/\\\/veteraanienperinto.fi\\\/?s={search_term_string}\"},\"query-input\":{\"@type\":\"PropertyValueSpecification\",\"valueRequired\":true,\"valueName\":\"search_term_string\"}}],\"inLanguage\":\"fi\"}]}<\/script>\n<!-- \/ Yoast SEO plugin. -->","yoast_head_json":{"title":"En p\u00e5minnelse om vapensmusslet - Veteraanien Perint\u00f6","robots":{"index":"index","follow":"follow","max-snippet":"max-snippet:-1","max-image-preview":"max-image-preview:large","max-video-preview":"max-video-preview:-1"},"canonical":"https:\/\/veteraanienperinto.fi\/index.php\/sv\/ateruppbyggnad\/barattelser\/en-paminnelse-om-vapensmusslet\/","og_locale":"fi_FI","og_type":"article","og_title":"En p\u00e5minnelse om vapensmusslet - Veteraanien Perint\u00f6","og_url":"https:\/\/veteraanienperinto.fi\/index.php\/sv\/ateruppbyggnad\/barattelser\/en-paminnelse-om-vapensmusslet\/","og_site_name":"Veteraanien Perint\u00f6","article_modified_time":"2021-01-19T12:23:23+00:00","og_image":[{"url":"https:\/\/veteraanienperinto.fi\/wp-content\/uploads\/2020\/09\/raita.jpg","type":"","width":"","height":""}],"twitter_card":"summary_large_image","twitter_misc":{"Arvioitu lukuaika":"4 minuuttia"},"schema":{"@context":"https:\/\/schema.org","@graph":[{"@type":"WebPage","@id":"https:\/\/veteraanienperinto.fi\/index.php\/sv\/ateruppbyggnad\/barattelser\/en-paminnelse-om-vapensmusslet\/","url":"https:\/\/veteraanienperinto.fi\/index.php\/sv\/ateruppbyggnad\/barattelser\/en-paminnelse-om-vapensmusslet\/","name":"En p\u00e5minnelse om vapensmusslet - Veteraanien Perint\u00f6","isPartOf":{"@id":"https:\/\/veteraanienperinto.fi\/#website"},"primaryImageOfPage":{"@id":"https:\/\/veteraanienperinto.fi\/index.php\/sv\/ateruppbyggnad\/barattelser\/en-paminnelse-om-vapensmusslet\/#primaryimage"},"image":{"@id":"https:\/\/veteraanienperinto.fi\/index.php\/sv\/ateruppbyggnad\/barattelser\/en-paminnelse-om-vapensmusslet\/#primaryimage"},"thumbnailUrl":"https:\/\/veteraanienperinto.fi\/wp-content\/uploads\/2020\/09\/raita.jpg","datePublished":"2020-11-18T21:14:09+00:00","dateModified":"2021-01-19T12:23:23+00:00","breadcrumb":{"@id":"https:\/\/veteraanienperinto.fi\/index.php\/sv\/ateruppbyggnad\/barattelser\/en-paminnelse-om-vapensmusslet\/#breadcrumb"},"inLanguage":"fi","potentialAction":[{"@type":"ReadAction","target":["https:\/\/veteraanienperinto.fi\/index.php\/sv\/ateruppbyggnad\/barattelser\/en-paminnelse-om-vapensmusslet\/"]}]},{"@type":"ImageObject","inLanguage":"fi","@id":"https:\/\/veteraanienperinto.fi\/index.php\/sv\/ateruppbyggnad\/barattelser\/en-paminnelse-om-vapensmusslet\/#primaryimage","url":"https:\/\/veteraanienperinto.fi\/wp-content\/uploads\/2020\/09\/raita.jpg","contentUrl":"https:\/\/veteraanienperinto.fi\/wp-content\/uploads\/2020\/09\/raita.jpg","width":166,"height":200},{"@type":"BreadcrumbList","@id":"https:\/\/veteraanienperinto.fi\/index.php\/sv\/ateruppbyggnad\/barattelser\/en-paminnelse-om-vapensmusslet\/#breadcrumb","itemListElement":[{"@type":"ListItem","position":1,"name":"Etusivu","item":"https:\/\/veteraanienperinto.fi\/index.php\/etusivu-2\/"},{"@type":"ListItem","position":2,"name":"\u00c5teruppbyggnad","item":"https:\/\/veteraanienperinto.fi\/index.php\/sv\/ateruppbyggnad\/"},{"@type":"ListItem","position":3,"name":"Ber\u00e4ttelser","item":"https:\/\/veteraanienperinto.fi\/index.php\/sv\/ateruppbyggnad\/barattelser\/"},{"@type":"ListItem","position":4,"name":"En p\u00e5minnelse om vapensmusslet"}]},{"@type":"WebSite","@id":"https:\/\/veteraanienperinto.fi\/#website","url":"https:\/\/veteraanienperinto.fi\/","name":"Veteraanien Perint\u00f6","description":"Kadettikunta","potentialAction":[{"@type":"SearchAction","target":{"@type":"EntryPoint","urlTemplate":"https:\/\/veteraanienperinto.fi\/?s={search_term_string}"},"query-input":{"@type":"PropertyValueSpecification","valueRequired":true,"valueName":"search_term_string"}}],"inLanguage":"fi"}]}},"_links":{"self":[{"href":"https:\/\/veteraanienperinto.fi\/index.php\/wp-json\/wp\/v2\/pages\/6315","targetHints":{"allow":["GET"]}}],"collection":[{"href":"https:\/\/veteraanienperinto.fi\/index.php\/wp-json\/wp\/v2\/pages"}],"about":[{"href":"https:\/\/veteraanienperinto.fi\/index.php\/wp-json\/wp\/v2\/types\/page"}],"author":[{"embeddable":true,"href":"https:\/\/veteraanienperinto.fi\/index.php\/wp-json\/wp\/v2\/users\/1"}],"replies":[{"embeddable":true,"href":"https:\/\/veteraanienperinto.fi\/index.php\/wp-json\/wp\/v2\/comments?post=6315"}],"version-history":[{"count":6,"href":"https:\/\/veteraanienperinto.fi\/index.php\/wp-json\/wp\/v2\/pages\/6315\/revisions"}],"predecessor-version":[{"id":10096,"href":"https:\/\/veteraanienperinto.fi\/index.php\/wp-json\/wp\/v2\/pages\/6315\/revisions\/10096"}],"up":[{"embeddable":true,"href":"https:\/\/veteraanienperinto.fi\/index.php\/wp-json\/wp\/v2\/pages\/6294"}],"wp:attachment":[{"href":"https:\/\/veteraanienperinto.fi\/index.php\/wp-json\/wp\/v2\/media?parent=6315"}],"curies":[{"name":"wp","href":"https:\/\/api.w.org\/{rel}","templated":true}]}}