{"id":6323,"date":"2020-11-18T21:20:13","date_gmt":"2020-11-18T21:20:13","guid":{"rendered":"https:\/\/veteraani.ylirotu.fi\/?page_id=6323"},"modified":"2021-01-19T12:24:12","modified_gmt":"2021-01-19T12:24:12","slug":"jalleenrakennus-ja-asutustoiminta-sve","status":"publish","type":"page","link":"https:\/\/veteraanienperinto.fi\/index.php\/sv\/ateruppbyggnad\/barattelser\/jalleenrakennus-ja-asutustoiminta-sve\/","title":{"rendered":"Tiden efter kriget"},"content":{"rendered":"<div id='full_slider_1'  class='avia-fullwidth-slider main_color avia-shadow   avia-builder-el-0  el_before_av_heading  avia-builder-el-first   container_wrap sidebar_right'  ><\/div><div id='after_full_slider_1'  class='main_color av_default_container_wrap container_wrap sidebar_right'  ><div class='container av-section-cont-open' ><div class='template-page content  av-content-small alpha units'><div class='post-entry post-entry-type-page post-entry-6323'><div class='entry-content-wrapper clearfix'>\n\n<style type=\"text\/css\" data-created_by=\"avia_inline_auto\" id=\"style-css-av-kk3yym1v-dee80287417562200137550e9f14b3f9\">\n#top .av-special-heading.av-kk3yym1v-dee80287417562200137550e9f14b3f9{\npadding-bottom:10px;\n}\nbody .av-special-heading.av-kk3yym1v-dee80287417562200137550e9f14b3f9 .av-special-heading-tag .heading-char{\nfont-size:25px;\n}\n.av-special-heading.av-kk3yym1v-dee80287417562200137550e9f14b3f9 .av-subheading{\nfont-size:15px;\n}\n<\/style>\n<div  class='av-special-heading av-kk3yym1v-dee80287417562200137550e9f14b3f9 av-special-heading-h2  avia-builder-el-1  el_after_av_slideshow_full  el_before_av_textblock  avia-builder-el-first '><h2 class='av-special-heading-tag'  itemprop=\"headline\"  >Tiden efter krigen<\/h2><div class=\"special-heading-border\"><div class=\"special-heading-inner-border\"><\/div><\/div><\/div>\n<section  class='av_textblock_section av-keffx3tz-ddb737fe8d8f1abbb12a5f7832d0f803 '   itemscope=\"itemscope\" itemtype=\"https:\/\/schema.org\/CreativeWork\" ><div class='avia_textblock'  itemprop=\"text\" ><p><img loading=\"lazy\" decoding=\"async\" class=\"size-full wp-image-4213 alignright\" src=\"https:\/\/veteraanienperinto.fi\/wp-content\/uploads\/2020\/09\/moilanen.jpg\" alt=\"\" width=\"157\" height=\"224\" \/><strong>Moilanen, Veikko Armas:<\/strong><\/p>\n<p>Av de negativa verkningarna efter kriget m\u00e5ste man n\u00e4mna att hemmet blev kvar p\u00e5 den avtr\u00e4dda sidan och att man m\u00e5ste flytta bort. Jag s\u00e5rades tv\u00e5 g\u00e5nger i kriget, ers\u00e4ttningar lyckades jag inte f\u00e5. Det var brist p\u00e5 bost\u00e4der och n\u00e5gon ordinarie arbetsplats fanns inte.<\/p>\n<p>Jag gick en lagersk\u00f6tarkurs och en kurs i oljebek\u00e4mpning. Jag var i arbete vid Krigstekniska dep\u00e5 och Br\u00e4nsle- och sm\u00f6rjmedelsdep\u00e5n (Ase V I).<\/p>\n<p>Efter att jag gift mig1.12.1946 fick mitt liv mera inneh\u00e5ll, men att hitta en bostad blev \u00e4nnu sv\u00e5rare. Ett betydande arbete var att bryta mark till ett hemman och uppf\u00f6ra n\u00f6dv\u00e4ndiga byggnader i Vorna i Pukkila. Arbetet var tungt. \u00c5r 1948 kom frosten och hela sk\u00f6rden fr\u00f6s bort.<\/p>\n<p>P\u00e5 grund av mina arbetsf\u00f6rh\u00e5llanden \u00e4r jag medlem i Statens Arbetares F\u00f6rbund och Statens Tj\u00e4nstemannaf\u00f6rbund. Till min veteranverksamhet h\u00f6r Krigsinvalidernas Br\u00f6draf\u00f6rbund, Frontmannaveteranernas F\u00f6rbund och Krigsveteranernas F\u00f6rbund.<\/p>\n<p>Under m\u00e5nga \u00e5rs tid var det m\u00f6jligt att enbart f\u00f6r sig sj\u00e4lv minnas krigserfarenheterna. Som svar p\u00e5 fr\u00e5gan om v\u00e5ra r\u00e4ttigheter fick vi: &#8221;Vad gjorde ni d\u00e4r!&#8221; Slutligen fick vi kontakt med vapenbr\u00f6derna och vi kunde tillsammans med v\u00e5ra hustrur samlas i kretsen av den krigstida enheten. Vi har tr\u00e4ffats \u00e5rligen p\u00e5 olika h\u00e5ll i Finland. S\u00e5 har vi kunnat forts\u00e4tta v\u00e5ra \u00f6den nu redan ett kvarts sekel. Ocks\u00e5 p\u00e5 v\u00e5rt regementes \u00e5rsdagar har det varit m\u00e5nga deltagare. K\u00e4nslan av samh\u00f6righet st\u00e4rker hum\u00f6ret.<\/p>\n<p>Mina krigsskador fick jag sk\u00f6ta p\u00e5 egen bekostnad n\u00e4stan tjugo \u00e5r innan olycksfallsverket fattade ett positivt beslut. I synnerhet de tunga jordbruks- och skogsarbetena k\u00e4ndes ibland \u00f6verm\u00e4ktiga p\u00e5 grund av skadorna.<\/p>\n<p>Till slut ett par exempel p\u00e5 enskilda veteraners sv\u00e5righeter vid anpassningen till det civila livet.<\/p>\n<p><strong>D\u00e5 var det ingen som h\u00e4ngde l\u00e4pp\/Suru ei tullut puseroon<\/strong><\/p>\n<p>Detta h\u00e4nde i Paavola kommun vintern 1949 p\u00e5 Siikajoki rensningsarbetsplats. Det ber\u00e4ttades att det fanns en man p\u00e5 arbetsplatsen som arbetade som en galning. Jag gick f\u00f6r att se p\u00e5 underverket alldeles p\u00e5 n\u00e4ra h\u00e5ll. Jag m\u00e4rkte att bar hud skymtade under hans byxor. &#8221;Har du ingenting under byxorna?&#8221;, fr\u00e5gade jag. &#8221;Nej&#8221;, svarade mannen. D\u00e5 jag inte trodde p\u00e5 honom, f\u00f6rde han ner sina byxor; han hade inga underkl\u00e4der. De \u00e4dlaste kroppsdelarna var skyddade med papper. Mannen \u00f6ppnade sin blus; inte heller n\u00e5gon underskjorta hade han! Han sa \u00e4nnu sv\u00e4rande: &#8221;Jos suru tulee t\u00e4h\u00e4n puseroon m\u00e4 poltan sen, vaikka t\u00e4\u00e4 on mun ainoa!&#8221;<\/p>\n<p><strong>Man \u00f6vergav inte en broder<\/strong><\/p>\n<p>Vi var i flottningsarbete p\u00e5 b\u00e5tar fr\u00e5n Siikajoki i Kestil\u00e4 inom Pulkkilaomr\u00e5det 1949. D\u00e5 flottningsarbetet var slut f\u00f6r dagen \u00f6vernattade vi i en bastu p\u00e5 en g\u00e5rd. Till v\u00e5r grupp ansl\u00f6t sig ocks\u00e5 luffare, veteraner som inte funnit sin plats i v\u00e5rt samh\u00e4lle. P\u00e5 natten var det n\u00e5gon av luffarna som skrek: &#8221;\u00d6ppna d\u00f6rren! Jag \u00e4r s\u00e5rad i magen!&#8221; Mannens mardr\u00f6m berodde p\u00e5 att han inte f\u00e5tt mat p\u00e5 m\u00e5nga dagar. F\u00f6ljande dag kokade g\u00e5rdens husmor \u00e4rtsoppa. Luffaren som hade haft mardr\u00f6mmen fick en tallrik och \u00e5t h\u00e4lften av inneh\u00e5llet. &#8221;N\u00e5, smakar inte soppan?&#8221; fr\u00e5gade husmor. &#8221;Jag sparar resten till kamraten, han blev kvar d\u00e4r p\u00e5 andra sidan \u00e4lven, och har under l\u00e5ng tid inte \u00e4tit annat \u00e4n bel\u00e4ggningen ur pipan.&#8221;<\/p>\n<\/div><\/section>\n<section  class='av_textblock_section av-6lkuo-b9c2ddf3c6d1a3444be429c048a35b29 '   itemscope=\"itemscope\" itemtype=\"https:\/\/schema.org\/CreativeWork\" ><div class='avia_textblock'  itemprop=\"text\" ><p>Sotien j\u00e4lkeisin\u00e4 vuosina my\u00f6nnettiin puolustusvoimille hyvin niukasti m\u00e4\u00e4r\u00e4rahoja. Rahat oli tarkoitettu p\u00e4\u00e4asiassa vain jokap\u00e4iv\u00e4iseen koulutukseen ja aluksi my\u00f6s sodan j\u00e4lkiselvittelyjen vaatimiin toimenpiteisiin. Uutta materiaalia ei hankittu. Sodassa mukana ollut materiaali vanheni nopeasti samanaikaisesti, kun muualla maailmassa aseteknillinen kehitys oli ripe\u00e4\u00e4.<\/p>\n<p>Vuonna 1945 Suomen hallitus asetti puolustusrevisiokomitean, jonka teht\u00e4v\u00e4n\u00e4 oli laatia suunnitelma puolustuslaitoksen kehitt\u00e4miseksi. Mietint\u00f6 valmistui vasta 1949. Tilap\u00e4isratkaisuna esimerkiksi varusmiesten palvelusaika oli vuodesta 1947 l\u00e4htien 200 p\u00e4iv\u00e4\u00e4. Reserviupseerikursseja ei j\u00e4rjestetty, mist\u00e4 johtuen monet yhteiskunnan my\u00f6hemm\u00e4t vaikuttajahenkil\u00f6t j\u00e4iv\u00e4t ilman t\u00e4t\u00e4 koulutusta. Komitean ehdotuksen mukaisesti s\u00e4\u00e4dettiin vuonna 1950 asevelvollisuuslaki, jossa palvelusajaksi m\u00e4\u00e4r\u00e4ttiin 240 tai 330 p\u00e4iv\u00e4\u00e4.<\/p>\n<p>Komitean suositukset vakiinnuttivat osaltaan puolustuslaitoksen asemaa. Jo aikaisemmin t\u00e4st\u00e4 oli merkkej\u00e4, sill\u00e4 julkisuudessa esitetyt avoimet hy\u00f6kk\u00e4ykset puolustuslaitosta vastaan loppuivat p\u00e4\u00e4osin vuosina 1948-49. \u00a0 Kuva: Pitk\u00e4aikaisella kehitysty\u00f6ll\u00e4 Suomen\u00a0 puolustusvoimista on rakennettu tehokkas turvallisuuspolitiikan v\u00e4line.<\/p>\n<\/div><\/section>\n","protected":false},"excerpt":{"rendered":"","protected":false},"author":1,"featured_media":0,"parent":6294,"menu_order":2,"comment_status":"closed","ping_status":"closed","template":"","meta":{"footnotes":""},"class_list":["post-6323","page","type-page","status-publish","hentry"],"yoast_head":"<!-- This site is optimized with the Yoast SEO plugin v27.4 - https:\/\/yoast.com\/product\/yoast-seo-wordpress\/ -->\n<title>Tiden efter kriget - Veteraanien Perint\u00f6<\/title>\n<meta name=\"robots\" content=\"index, follow, max-snippet:-1, max-image-preview:large, max-video-preview:-1\" \/>\n<link rel=\"canonical\" href=\"https:\/\/veteraanienperinto.fi\/index.php\/sv\/ateruppbyggnad\/barattelser\/jalleenrakennus-ja-asutustoiminta-sve\/\" \/>\n<meta property=\"og:locale\" content=\"fi_FI\" \/>\n<meta property=\"og:type\" content=\"article\" \/>\n<meta property=\"og:title\" content=\"Tiden efter kriget - Veteraanien Perint\u00f6\" \/>\n<meta property=\"og:url\" content=\"https:\/\/veteraanienperinto.fi\/index.php\/sv\/ateruppbyggnad\/barattelser\/jalleenrakennus-ja-asutustoiminta-sve\/\" \/>\n<meta property=\"og:site_name\" content=\"Veteraanien Perint\u00f6\" \/>\n<meta property=\"article:modified_time\" content=\"2021-01-19T12:24:12+00:00\" \/>\n<meta property=\"og:image\" content=\"https:\/\/veteraanienperinto.fi\/wp-content\/uploads\/2020\/09\/moilanen.jpg\" \/>\n<meta name=\"twitter:card\" content=\"summary_large_image\" \/>\n<meta name=\"twitter:label1\" content=\"Arvioitu lukuaika\" \/>\n\t<meta name=\"twitter:data1\" content=\"5 minuuttia\" \/>\n<script type=\"application\/ld+json\" class=\"yoast-schema-graph\">{\"@context\":\"https:\\\/\\\/schema.org\",\"@graph\":[{\"@type\":\"WebPage\",\"@id\":\"https:\\\/\\\/veteraanienperinto.fi\\\/index.php\\\/sv\\\/ateruppbyggnad\\\/barattelser\\\/jalleenrakennus-ja-asutustoiminta-sve\\\/\",\"url\":\"https:\\\/\\\/veteraanienperinto.fi\\\/index.php\\\/sv\\\/ateruppbyggnad\\\/barattelser\\\/jalleenrakennus-ja-asutustoiminta-sve\\\/\",\"name\":\"Tiden efter kriget - Veteraanien Perint\u00f6\",\"isPartOf\":{\"@id\":\"https:\\\/\\\/veteraanienperinto.fi\\\/#website\"},\"primaryImageOfPage\":{\"@id\":\"https:\\\/\\\/veteraanienperinto.fi\\\/index.php\\\/sv\\\/ateruppbyggnad\\\/barattelser\\\/jalleenrakennus-ja-asutustoiminta-sve\\\/#primaryimage\"},\"image\":{\"@id\":\"https:\\\/\\\/veteraanienperinto.fi\\\/index.php\\\/sv\\\/ateruppbyggnad\\\/barattelser\\\/jalleenrakennus-ja-asutustoiminta-sve\\\/#primaryimage\"},\"thumbnailUrl\":\"https:\\\/\\\/veteraanienperinto.fi\\\/wp-content\\\/uploads\\\/2020\\\/09\\\/moilanen.jpg\",\"datePublished\":\"2020-11-18T21:20:13+00:00\",\"dateModified\":\"2021-01-19T12:24:12+00:00\",\"breadcrumb\":{\"@id\":\"https:\\\/\\\/veteraanienperinto.fi\\\/index.php\\\/sv\\\/ateruppbyggnad\\\/barattelser\\\/jalleenrakennus-ja-asutustoiminta-sve\\\/#breadcrumb\"},\"inLanguage\":\"fi\",\"potentialAction\":[{\"@type\":\"ReadAction\",\"target\":[\"https:\\\/\\\/veteraanienperinto.fi\\\/index.php\\\/sv\\\/ateruppbyggnad\\\/barattelser\\\/jalleenrakennus-ja-asutustoiminta-sve\\\/\"]}]},{\"@type\":\"ImageObject\",\"inLanguage\":\"fi\",\"@id\":\"https:\\\/\\\/veteraanienperinto.fi\\\/index.php\\\/sv\\\/ateruppbyggnad\\\/barattelser\\\/jalleenrakennus-ja-asutustoiminta-sve\\\/#primaryimage\",\"url\":\"https:\\\/\\\/veteraanienperinto.fi\\\/wp-content\\\/uploads\\\/2020\\\/09\\\/moilanen.jpg\",\"contentUrl\":\"https:\\\/\\\/veteraanienperinto.fi\\\/wp-content\\\/uploads\\\/2020\\\/09\\\/moilanen.jpg\",\"width\":157,\"height\":224},{\"@type\":\"BreadcrumbList\",\"@id\":\"https:\\\/\\\/veteraanienperinto.fi\\\/index.php\\\/sv\\\/ateruppbyggnad\\\/barattelser\\\/jalleenrakennus-ja-asutustoiminta-sve\\\/#breadcrumb\",\"itemListElement\":[{\"@type\":\"ListItem\",\"position\":1,\"name\":\"Etusivu\",\"item\":\"https:\\\/\\\/veteraanienperinto.fi\\\/index.php\\\/etusivu-2\\\/\"},{\"@type\":\"ListItem\",\"position\":2,\"name\":\"\u00c5teruppbyggnad\",\"item\":\"https:\\\/\\\/veteraanienperinto.fi\\\/index.php\\\/sv\\\/ateruppbyggnad\\\/\"},{\"@type\":\"ListItem\",\"position\":3,\"name\":\"Ber\u00e4ttelser\",\"item\":\"https:\\\/\\\/veteraanienperinto.fi\\\/index.php\\\/sv\\\/ateruppbyggnad\\\/barattelser\\\/\"},{\"@type\":\"ListItem\",\"position\":4,\"name\":\"Tiden efter kriget\"}]},{\"@type\":\"WebSite\",\"@id\":\"https:\\\/\\\/veteraanienperinto.fi\\\/#website\",\"url\":\"https:\\\/\\\/veteraanienperinto.fi\\\/\",\"name\":\"Veteraanien Perint\u00f6\",\"description\":\"Kadettikunta\",\"potentialAction\":[{\"@type\":\"SearchAction\",\"target\":{\"@type\":\"EntryPoint\",\"urlTemplate\":\"https:\\\/\\\/veteraanienperinto.fi\\\/?s={search_term_string}\"},\"query-input\":{\"@type\":\"PropertyValueSpecification\",\"valueRequired\":true,\"valueName\":\"search_term_string\"}}],\"inLanguage\":\"fi\"}]}<\/script>\n<!-- \/ Yoast SEO plugin. -->","yoast_head_json":{"title":"Tiden efter kriget - Veteraanien Perint\u00f6","robots":{"index":"index","follow":"follow","max-snippet":"max-snippet:-1","max-image-preview":"max-image-preview:large","max-video-preview":"max-video-preview:-1"},"canonical":"https:\/\/veteraanienperinto.fi\/index.php\/sv\/ateruppbyggnad\/barattelser\/jalleenrakennus-ja-asutustoiminta-sve\/","og_locale":"fi_FI","og_type":"article","og_title":"Tiden efter kriget - Veteraanien Perint\u00f6","og_url":"https:\/\/veteraanienperinto.fi\/index.php\/sv\/ateruppbyggnad\/barattelser\/jalleenrakennus-ja-asutustoiminta-sve\/","og_site_name":"Veteraanien Perint\u00f6","article_modified_time":"2021-01-19T12:24:12+00:00","og_image":[{"url":"https:\/\/veteraanienperinto.fi\/wp-content\/uploads\/2020\/09\/moilanen.jpg","type":"","width":"","height":""}],"twitter_card":"summary_large_image","twitter_misc":{"Arvioitu lukuaika":"5 minuuttia"},"schema":{"@context":"https:\/\/schema.org","@graph":[{"@type":"WebPage","@id":"https:\/\/veteraanienperinto.fi\/index.php\/sv\/ateruppbyggnad\/barattelser\/jalleenrakennus-ja-asutustoiminta-sve\/","url":"https:\/\/veteraanienperinto.fi\/index.php\/sv\/ateruppbyggnad\/barattelser\/jalleenrakennus-ja-asutustoiminta-sve\/","name":"Tiden efter kriget - Veteraanien Perint\u00f6","isPartOf":{"@id":"https:\/\/veteraanienperinto.fi\/#website"},"primaryImageOfPage":{"@id":"https:\/\/veteraanienperinto.fi\/index.php\/sv\/ateruppbyggnad\/barattelser\/jalleenrakennus-ja-asutustoiminta-sve\/#primaryimage"},"image":{"@id":"https:\/\/veteraanienperinto.fi\/index.php\/sv\/ateruppbyggnad\/barattelser\/jalleenrakennus-ja-asutustoiminta-sve\/#primaryimage"},"thumbnailUrl":"https:\/\/veteraanienperinto.fi\/wp-content\/uploads\/2020\/09\/moilanen.jpg","datePublished":"2020-11-18T21:20:13+00:00","dateModified":"2021-01-19T12:24:12+00:00","breadcrumb":{"@id":"https:\/\/veteraanienperinto.fi\/index.php\/sv\/ateruppbyggnad\/barattelser\/jalleenrakennus-ja-asutustoiminta-sve\/#breadcrumb"},"inLanguage":"fi","potentialAction":[{"@type":"ReadAction","target":["https:\/\/veteraanienperinto.fi\/index.php\/sv\/ateruppbyggnad\/barattelser\/jalleenrakennus-ja-asutustoiminta-sve\/"]}]},{"@type":"ImageObject","inLanguage":"fi","@id":"https:\/\/veteraanienperinto.fi\/index.php\/sv\/ateruppbyggnad\/barattelser\/jalleenrakennus-ja-asutustoiminta-sve\/#primaryimage","url":"https:\/\/veteraanienperinto.fi\/wp-content\/uploads\/2020\/09\/moilanen.jpg","contentUrl":"https:\/\/veteraanienperinto.fi\/wp-content\/uploads\/2020\/09\/moilanen.jpg","width":157,"height":224},{"@type":"BreadcrumbList","@id":"https:\/\/veteraanienperinto.fi\/index.php\/sv\/ateruppbyggnad\/barattelser\/jalleenrakennus-ja-asutustoiminta-sve\/#breadcrumb","itemListElement":[{"@type":"ListItem","position":1,"name":"Etusivu","item":"https:\/\/veteraanienperinto.fi\/index.php\/etusivu-2\/"},{"@type":"ListItem","position":2,"name":"\u00c5teruppbyggnad","item":"https:\/\/veteraanienperinto.fi\/index.php\/sv\/ateruppbyggnad\/"},{"@type":"ListItem","position":3,"name":"Ber\u00e4ttelser","item":"https:\/\/veteraanienperinto.fi\/index.php\/sv\/ateruppbyggnad\/barattelser\/"},{"@type":"ListItem","position":4,"name":"Tiden efter kriget"}]},{"@type":"WebSite","@id":"https:\/\/veteraanienperinto.fi\/#website","url":"https:\/\/veteraanienperinto.fi\/","name":"Veteraanien Perint\u00f6","description":"Kadettikunta","potentialAction":[{"@type":"SearchAction","target":{"@type":"EntryPoint","urlTemplate":"https:\/\/veteraanienperinto.fi\/?s={search_term_string}"},"query-input":{"@type":"PropertyValueSpecification","valueRequired":true,"valueName":"search_term_string"}}],"inLanguage":"fi"}]}},"_links":{"self":[{"href":"https:\/\/veteraanienperinto.fi\/index.php\/wp-json\/wp\/v2\/pages\/6323","targetHints":{"allow":["GET"]}}],"collection":[{"href":"https:\/\/veteraanienperinto.fi\/index.php\/wp-json\/wp\/v2\/pages"}],"about":[{"href":"https:\/\/veteraanienperinto.fi\/index.php\/wp-json\/wp\/v2\/types\/page"}],"author":[{"embeddable":true,"href":"https:\/\/veteraanienperinto.fi\/index.php\/wp-json\/wp\/v2\/users\/1"}],"replies":[{"embeddable":true,"href":"https:\/\/veteraanienperinto.fi\/index.php\/wp-json\/wp\/v2\/comments?post=6323"}],"version-history":[{"count":4,"href":"https:\/\/veteraanienperinto.fi\/index.php\/wp-json\/wp\/v2\/pages\/6323\/revisions"}],"predecessor-version":[{"id":10100,"href":"https:\/\/veteraanienperinto.fi\/index.php\/wp-json\/wp\/v2\/pages\/6323\/revisions\/10100"}],"up":[{"embeddable":true,"href":"https:\/\/veteraanienperinto.fi\/index.php\/wp-json\/wp\/v2\/pages\/6294"}],"wp:attachment":[{"href":"https:\/\/veteraanienperinto.fi\/index.php\/wp-json\/wp\/v2\/media?parent=6323"}],"curies":[{"name":"wp","href":"https:\/\/api.w.org\/{rel}","templated":true}]}}