{"id":6347,"date":"2020-11-19T09:58:47","date_gmt":"2020-11-19T09:58:47","guid":{"rendered":"https:\/\/veteraani.ylirotu.fi\/?page_id=6347"},"modified":"2021-01-19T13:08:52","modified_gmt":"2021-01-19T13:08:52","slug":"det-politiska-laget","status":"publish","type":"page","link":"https:\/\/veteraanienperinto.fi\/index.php\/sv\/infobank\/borjan-av-1900-talet\/det-politiska-laget\/","title":{"rendered":"Det politiska l\u00e4get"},"content":{"rendered":"<div id='full_slider_1'  class='avia-fullwidth-slider main_color avia-shadow   avia-builder-el-0  el_before_av_heading  avia-builder-el-first   container_wrap sidebar_right'  ><\/div><div id='after_full_slider_1'  class='main_color av_default_container_wrap container_wrap sidebar_right'  ><div class='container av-section-cont-open' ><div class='template-page content  av-content-small alpha units'><div class='post-entry post-entry-type-page post-entry-6347'><div class='entry-content-wrapper clearfix'>\n\n<style type=\"text\/css\" data-created_by=\"avia_inline_auto\" id=\"style-css-av-kk40k2d8-30822f66b52bd34db01a2b44bc098d21\">\n#top .av-special-heading.av-kk40k2d8-30822f66b52bd34db01a2b44bc098d21{\npadding-bottom:10px;\n}\nbody .av-special-heading.av-kk40k2d8-30822f66b52bd34db01a2b44bc098d21 .av-special-heading-tag .heading-char{\nfont-size:25px;\n}\n.av-special-heading.av-kk40k2d8-30822f66b52bd34db01a2b44bc098d21 .av-subheading{\nfont-size:15px;\n}\n<\/style>\n<div  class='av-special-heading av-kk40k2d8-30822f66b52bd34db01a2b44bc098d21 av-special-heading-h2  avia-builder-el-1  el_after_av_slideshow_full  el_before_av_textblock  avia-builder-el-first '><h2 class='av-special-heading-tag'  itemprop=\"headline\"  >Det politiska l\u00e4get<\/h2><div class=\"special-heading-border\"><div class=\"special-heading-inner-border\"><\/div><\/div><\/div>\n<section  class='av_textblock_section av-kegvd2c3-dcb71520ba44de99fa3f0b560c423eeb '   itemscope=\"itemscope\" itemtype=\"https:\/\/schema.org\/CreativeWork\" ><div class='avia_textblock'  itemprop=\"text\" ><p><img loading=\"lazy\" decoding=\"async\" class=\"alignright wp-image-8188 size-medium\" src=\"https:\/\/veteraanienperinto.fi\/wp-content\/uploads\/2020\/12\/tsaari-194x300.jpg\" alt=\"\" width=\"194\" height=\"300\" srcset=\"https:\/\/veteraanienperinto.fi\/wp-content\/uploads\/2020\/12\/tsaari-194x300.jpg 194w, https:\/\/veteraanienperinto.fi\/wp-content\/uploads\/2020\/12\/tsaari.jpg 258w\" sizes=\"auto, (max-width: 194px) 100vw, 194px\" \/>Finland h\u00f6rde till Ryssland under \u00e5ren 1809-1917 som ett autonomt storfurstend\u00f6me. F\u00f6rryskningen av Finland, det vill s\u00e4ga of\u00e4rds\u00e5ren, b\u00f6rjade \u00e5r 1899. I Ryssland hade det redan under tiotals \u00e5r f\u00f6rekommit m\u00e5nga slags r\u00f6relser mot tsarmakten och extremr\u00f6relser, vilka tsarens f\u00f6rvaltning f\u00f6rs\u00f6kte kv\u00e4sa.<\/p>\n<p>I Rysk- japanska kriget under \u00e5ren 1904-05 led Ryssland ett f\u00f6r\u00f6dmjukande nederlag, som dels i Ryssland men ocks\u00e5 i Finland medf\u00f6rde oroligheter. Rysslands krigsframg\u00e5ng i f\u00f6rsta v\u00e4rldskriget under \u00e5ren 1914-1918 var d\u00e5lig. I Ryssland utbr\u00f6t en revolution i mars 1917 som gjorde slut p\u00e5 tsarens makt. Efter den f\u00f6ljde en revolution som startades av bolsjevikerna, och vars f\u00f6ljder p\u00e5 ett avg\u00f6rande s\u00e4tt p\u00e5verkade den politiska och samh\u00e4lleliga utvecklingen p\u00e5 1900-talet.<\/p>\n<\/div><\/section>\n","protected":false},"excerpt":{"rendered":"","protected":false},"author":1,"featured_media":0,"parent":6335,"menu_order":2,"comment_status":"closed","ping_status":"closed","template":"","meta":{"footnotes":""},"class_list":["post-6347","page","type-page","status-publish","hentry"],"yoast_head":"<!-- This site is optimized with the Yoast SEO plugin v27.4 - https:\/\/yoast.com\/product\/yoast-seo-wordpress\/ -->\n<title>Det politiska l\u00e4get - Veteraanien Perint\u00f6<\/title>\n<meta name=\"robots\" content=\"index, follow, max-snippet:-1, max-image-preview:large, max-video-preview:-1\" \/>\n<link rel=\"canonical\" href=\"https:\/\/veteraanienperinto.fi\/index.php\/sv\/infobank\/borjan-av-1900-talet\/det-politiska-laget\/\" \/>\n<meta property=\"og:locale\" content=\"fi_FI\" \/>\n<meta property=\"og:type\" content=\"article\" \/>\n<meta property=\"og:title\" content=\"Det politiska l\u00e4get - Veteraanien Perint\u00f6\" \/>\n<meta property=\"og:url\" content=\"https:\/\/veteraanienperinto.fi\/index.php\/sv\/infobank\/borjan-av-1900-talet\/det-politiska-laget\/\" \/>\n<meta property=\"og:site_name\" content=\"Veteraanien Perint\u00f6\" \/>\n<meta property=\"article:modified_time\" content=\"2021-01-19T13:08:52+00:00\" \/>\n<meta property=\"og:image\" content=\"https:\/\/veteraanienperinto.fi\/wp-content\/uploads\/2020\/12\/tsaari-194x300.jpg\" \/>\n<meta name=\"twitter:card\" content=\"summary_large_image\" \/>\n<meta name=\"twitter:label1\" content=\"Arvioitu lukuaika\" \/>\n\t<meta name=\"twitter:data1\" content=\"1 minuutti\" \/>\n<script type=\"application\/ld+json\" class=\"yoast-schema-graph\">{\"@context\":\"https:\\\/\\\/schema.org\",\"@graph\":[{\"@type\":\"WebPage\",\"@id\":\"https:\\\/\\\/veteraanienperinto.fi\\\/index.php\\\/sv\\\/infobank\\\/borjan-av-1900-talet\\\/det-politiska-laget\\\/\",\"url\":\"https:\\\/\\\/veteraanienperinto.fi\\\/index.php\\\/sv\\\/infobank\\\/borjan-av-1900-talet\\\/det-politiska-laget\\\/\",\"name\":\"Det politiska l\u00e4get - Veteraanien Perint\u00f6\",\"isPartOf\":{\"@id\":\"https:\\\/\\\/veteraanienperinto.fi\\\/#website\"},\"primaryImageOfPage\":{\"@id\":\"https:\\\/\\\/veteraanienperinto.fi\\\/index.php\\\/sv\\\/infobank\\\/borjan-av-1900-talet\\\/det-politiska-laget\\\/#primaryimage\"},\"image\":{\"@id\":\"https:\\\/\\\/veteraanienperinto.fi\\\/index.php\\\/sv\\\/infobank\\\/borjan-av-1900-talet\\\/det-politiska-laget\\\/#primaryimage\"},\"thumbnailUrl\":\"https:\\\/\\\/veteraanienperinto.fi\\\/wp-content\\\/uploads\\\/2020\\\/12\\\/tsaari-194x300.jpg\",\"datePublished\":\"2020-11-19T09:58:47+00:00\",\"dateModified\":\"2021-01-19T13:08:52+00:00\",\"breadcrumb\":{\"@id\":\"https:\\\/\\\/veteraanienperinto.fi\\\/index.php\\\/sv\\\/infobank\\\/borjan-av-1900-talet\\\/det-politiska-laget\\\/#breadcrumb\"},\"inLanguage\":\"fi\",\"potentialAction\":[{\"@type\":\"ReadAction\",\"target\":[\"https:\\\/\\\/veteraanienperinto.fi\\\/index.php\\\/sv\\\/infobank\\\/borjan-av-1900-talet\\\/det-politiska-laget\\\/\"]}]},{\"@type\":\"ImageObject\",\"inLanguage\":\"fi\",\"@id\":\"https:\\\/\\\/veteraanienperinto.fi\\\/index.php\\\/sv\\\/infobank\\\/borjan-av-1900-talet\\\/det-politiska-laget\\\/#primaryimage\",\"url\":\"https:\\\/\\\/veteraanienperinto.fi\\\/wp-content\\\/uploads\\\/2020\\\/12\\\/tsaari.jpg\",\"contentUrl\":\"https:\\\/\\\/veteraanienperinto.fi\\\/wp-content\\\/uploads\\\/2020\\\/12\\\/tsaari.jpg\",\"width\":258,\"height\":400},{\"@type\":\"BreadcrumbList\",\"@id\":\"https:\\\/\\\/veteraanienperinto.fi\\\/index.php\\\/sv\\\/infobank\\\/borjan-av-1900-talet\\\/det-politiska-laget\\\/#breadcrumb\",\"itemListElement\":[{\"@type\":\"ListItem\",\"position\":1,\"name\":\"Etusivu\",\"item\":\"https:\\\/\\\/veteraanienperinto.fi\\\/index.php\\\/etusivu-2\\\/\"},{\"@type\":\"ListItem\",\"position\":2,\"name\":\"Infobank\",\"item\":\"https:\\\/\\\/veteraanienperinto.fi\\\/index.php\\\/sv\\\/infobank\\\/\"},{\"@type\":\"ListItem\",\"position\":3,\"name\":\"B\u00f6rjan av 1900-talet\",\"item\":\"https:\\\/\\\/veteraanienperinto.fi\\\/index.php\\\/sv\\\/infobank\\\/borjan-av-1900-talet\\\/\"},{\"@type\":\"ListItem\",\"position\":4,\"name\":\"Det politiska l\u00e4get\"}]},{\"@type\":\"WebSite\",\"@id\":\"https:\\\/\\\/veteraanienperinto.fi\\\/#website\",\"url\":\"https:\\\/\\\/veteraanienperinto.fi\\\/\",\"name\":\"Veteraanien Perint\u00f6\",\"description\":\"Kadettikunta\",\"potentialAction\":[{\"@type\":\"SearchAction\",\"target\":{\"@type\":\"EntryPoint\",\"urlTemplate\":\"https:\\\/\\\/veteraanienperinto.fi\\\/?s={search_term_string}\"},\"query-input\":{\"@type\":\"PropertyValueSpecification\",\"valueRequired\":true,\"valueName\":\"search_term_string\"}}],\"inLanguage\":\"fi\"}]}<\/script>\n<!-- \/ Yoast SEO plugin. -->","yoast_head_json":{"title":"Det politiska l\u00e4get - Veteraanien Perint\u00f6","robots":{"index":"index","follow":"follow","max-snippet":"max-snippet:-1","max-image-preview":"max-image-preview:large","max-video-preview":"max-video-preview:-1"},"canonical":"https:\/\/veteraanienperinto.fi\/index.php\/sv\/infobank\/borjan-av-1900-talet\/det-politiska-laget\/","og_locale":"fi_FI","og_type":"article","og_title":"Det politiska l\u00e4get - Veteraanien Perint\u00f6","og_url":"https:\/\/veteraanienperinto.fi\/index.php\/sv\/infobank\/borjan-av-1900-talet\/det-politiska-laget\/","og_site_name":"Veteraanien Perint\u00f6","article_modified_time":"2021-01-19T13:08:52+00:00","og_image":[{"url":"https:\/\/veteraanienperinto.fi\/wp-content\/uploads\/2020\/12\/tsaari-194x300.jpg","type":"","width":"","height":""}],"twitter_card":"summary_large_image","twitter_misc":{"Arvioitu lukuaika":"1 minuutti"},"schema":{"@context":"https:\/\/schema.org","@graph":[{"@type":"WebPage","@id":"https:\/\/veteraanienperinto.fi\/index.php\/sv\/infobank\/borjan-av-1900-talet\/det-politiska-laget\/","url":"https:\/\/veteraanienperinto.fi\/index.php\/sv\/infobank\/borjan-av-1900-talet\/det-politiska-laget\/","name":"Det politiska l\u00e4get - Veteraanien Perint\u00f6","isPartOf":{"@id":"https:\/\/veteraanienperinto.fi\/#website"},"primaryImageOfPage":{"@id":"https:\/\/veteraanienperinto.fi\/index.php\/sv\/infobank\/borjan-av-1900-talet\/det-politiska-laget\/#primaryimage"},"image":{"@id":"https:\/\/veteraanienperinto.fi\/index.php\/sv\/infobank\/borjan-av-1900-talet\/det-politiska-laget\/#primaryimage"},"thumbnailUrl":"https:\/\/veteraanienperinto.fi\/wp-content\/uploads\/2020\/12\/tsaari-194x300.jpg","datePublished":"2020-11-19T09:58:47+00:00","dateModified":"2021-01-19T13:08:52+00:00","breadcrumb":{"@id":"https:\/\/veteraanienperinto.fi\/index.php\/sv\/infobank\/borjan-av-1900-talet\/det-politiska-laget\/#breadcrumb"},"inLanguage":"fi","potentialAction":[{"@type":"ReadAction","target":["https:\/\/veteraanienperinto.fi\/index.php\/sv\/infobank\/borjan-av-1900-talet\/det-politiska-laget\/"]}]},{"@type":"ImageObject","inLanguage":"fi","@id":"https:\/\/veteraanienperinto.fi\/index.php\/sv\/infobank\/borjan-av-1900-talet\/det-politiska-laget\/#primaryimage","url":"https:\/\/veteraanienperinto.fi\/wp-content\/uploads\/2020\/12\/tsaari.jpg","contentUrl":"https:\/\/veteraanienperinto.fi\/wp-content\/uploads\/2020\/12\/tsaari.jpg","width":258,"height":400},{"@type":"BreadcrumbList","@id":"https:\/\/veteraanienperinto.fi\/index.php\/sv\/infobank\/borjan-av-1900-talet\/det-politiska-laget\/#breadcrumb","itemListElement":[{"@type":"ListItem","position":1,"name":"Etusivu","item":"https:\/\/veteraanienperinto.fi\/index.php\/etusivu-2\/"},{"@type":"ListItem","position":2,"name":"Infobank","item":"https:\/\/veteraanienperinto.fi\/index.php\/sv\/infobank\/"},{"@type":"ListItem","position":3,"name":"B\u00f6rjan av 1900-talet","item":"https:\/\/veteraanienperinto.fi\/index.php\/sv\/infobank\/borjan-av-1900-talet\/"},{"@type":"ListItem","position":4,"name":"Det politiska l\u00e4get"}]},{"@type":"WebSite","@id":"https:\/\/veteraanienperinto.fi\/#website","url":"https:\/\/veteraanienperinto.fi\/","name":"Veteraanien Perint\u00f6","description":"Kadettikunta","potentialAction":[{"@type":"SearchAction","target":{"@type":"EntryPoint","urlTemplate":"https:\/\/veteraanienperinto.fi\/?s={search_term_string}"},"query-input":{"@type":"PropertyValueSpecification","valueRequired":true,"valueName":"search_term_string"}}],"inLanguage":"fi"}]}},"_links":{"self":[{"href":"https:\/\/veteraanienperinto.fi\/index.php\/wp-json\/wp\/v2\/pages\/6347","targetHints":{"allow":["GET"]}}],"collection":[{"href":"https:\/\/veteraanienperinto.fi\/index.php\/wp-json\/wp\/v2\/pages"}],"about":[{"href":"https:\/\/veteraanienperinto.fi\/index.php\/wp-json\/wp\/v2\/types\/page"}],"author":[{"embeddable":true,"href":"https:\/\/veteraanienperinto.fi\/index.php\/wp-json\/wp\/v2\/users\/1"}],"replies":[{"embeddable":true,"href":"https:\/\/veteraanienperinto.fi\/index.php\/wp-json\/wp\/v2\/comments?post=6347"}],"version-history":[{"count":4,"href":"https:\/\/veteraanienperinto.fi\/index.php\/wp-json\/wp\/v2\/pages\/6347\/revisions"}],"predecessor-version":[{"id":10108,"href":"https:\/\/veteraanienperinto.fi\/index.php\/wp-json\/wp\/v2\/pages\/6347\/revisions\/10108"}],"up":[{"embeddable":true,"href":"https:\/\/veteraanienperinto.fi\/index.php\/wp-json\/wp\/v2\/pages\/6335"}],"wp:attachment":[{"href":"https:\/\/veteraanienperinto.fi\/index.php\/wp-json\/wp\/v2\/media?parent=6347"}],"curies":[{"name":"wp","href":"https:\/\/api.w.org\/{rel}","templated":true}]}}