{"id":6355,"date":"2020-11-19T10:06:13","date_gmt":"2020-11-19T10:06:13","guid":{"rendered":"https:\/\/veteraani.ylirotu.fi\/?page_id=6355"},"modified":"2021-01-19T13:10:58","modified_gmt":"2021-01-19T13:10:58","slug":"samhalleliga-missforhallanden-pa-landsbygden","status":"publish","type":"page","link":"https:\/\/veteraanienperinto.fi\/index.php\/sv\/infobank\/borjan-av-1900-talet\/samhalleliga-missforhallanden-pa-landsbygden\/","title":{"rendered":"Samh\u00e4lleliga missf\u00f6rh\u00e5llanden p\u00e5 landsbygden"},"content":{"rendered":"<div id='full_slider_1'  class='avia-fullwidth-slider main_color avia-shadow   avia-builder-el-0  el_before_av_heading  avia-builder-el-first   container_wrap sidebar_right'  ><\/div><div id='after_full_slider_1'  class='main_color av_default_container_wrap container_wrap sidebar_right'  ><div class='container av-section-cont-open' ><div class='template-page content  av-content-small alpha units'><div class='post-entry post-entry-type-page post-entry-6355'><div class='entry-content-wrapper clearfix'>\n\n<style type=\"text\/css\" data-created_by=\"avia_inline_auto\" id=\"style-css-av-kk40ms6n-d0f9eaf07eac6a1609d068f55769a824\">\n#top .av-special-heading.av-kk40ms6n-d0f9eaf07eac6a1609d068f55769a824{\npadding-bottom:10px;\n}\nbody .av-special-heading.av-kk40ms6n-d0f9eaf07eac6a1609d068f55769a824 .av-special-heading-tag .heading-char{\nfont-size:25px;\n}\n.av-special-heading.av-kk40ms6n-d0f9eaf07eac6a1609d068f55769a824 .av-subheading{\nfont-size:15px;\n}\n<\/style>\n<div  class='av-special-heading av-kk40ms6n-d0f9eaf07eac6a1609d068f55769a824 av-special-heading-h2  avia-builder-el-1  el_after_av_slideshow_full  el_before_av_textblock  avia-builder-el-first '><h2 class='av-special-heading-tag'  itemprop=\"headline\"  >Samh\u00e4lleliga missf\u00f6rh\u00e5llanden p\u00e5 landsbygden<\/h2><div class=\"special-heading-border\"><div class=\"special-heading-inner-border\"><\/div><\/div><\/div>\n<section  class='av_textblock_section av-bjrdm-b2cd0a7fd1c0425cb7b01797eafc72c0 '   itemscope=\"itemscope\" itemtype=\"https:\/\/schema.org\/CreativeWork\" ><div class='avia_textblock'  itemprop=\"text\" ><p><img loading=\"lazy\" decoding=\"async\" class=\"size-full wp-image-8194 alignright\" src=\"https:\/\/veteraanienperinto.fi\/wp-content\/uploads\/2020\/12\/haadetyt.jpg\" alt=\"\" width=\"300\" height=\"209\" \/>Den stora andelen befolkning som fanns p\u00e5 arrendehemman samt de helt obesuttna utgjorde ett samh\u00e4lleligt missf\u00f6rh\u00e5llande p\u00e5 landsbygden. \u00c5r 1912 fanns det till exempel \u00f6ver 150 000 arrendehemman i Finland. Av dessa var cirka 55000 torp, landbohemmanen var 1500 och backstugorna 95 000.<\/p>\n<p>Storleken p\u00e5 arrendehemmanen varierade mycket. En del kom mycket v\u00e4l tillr\u00e4tta, men den st\u00f6rsta delen av arrendeodlarna var tvungna att ty sig ocks\u00e5 till avl\u00f6nat arbete. F\u00f6rutom arrendatorerna fanns det egentligt tj\u00e4nstefolk, s\u00e5som pigor och dr\u00e4ngar. Den obesuttna befolkningen hade den svagaste st\u00e4llningen. Till denna h\u00f6rde backstugusittare, inhyseshjon och statare och det var mycket d\u00e5ligt med boendet och utkomsten.<\/p>\n<p><img loading=\"lazy\" decoding=\"async\" class=\"size-full wp-image-8193 alignleft\" src=\"https:\/\/veteraanienperinto.fi\/wp-content\/uploads\/2020\/12\/isa_tytto-1.jpg\" alt=\"\" width=\"300\" height=\"272\" \/>Torparna och andra markarrendatorer b\u00f6rjade organisera sig i b\u00f6rjan av 1900-talet. Det f\u00f6rsta m\u00f6tet med torparrepresentanter ordnades i Tammerfors \u00e5r 1906 p\u00e5 initiativ av socialdemokraterna. F\u00f6rbundet f\u00f6r Markarrendatorerna i Finland\/Suomen Maanvuokraajien Liitto inr\u00e4ttades fyra \u00e5r senare i viss utstr\u00e4ckning som en del av arbetarr\u00f6relsen. Verksamheten var inte speciellt aktiv, ty torparnas och socialdemokraternas avsikter l\u00f6pte inte alltid i samma banor.<\/p>\n<p>F\u00f6rst \u00e5r 1917 aktiverades verksamheten tillsammans med arbetarr\u00f6relsen i \u00f6vrigt. Nu h\u00f6rde ca 12 000 medlemmar till f\u00f6rbundet. F\u00f6rbundets ledning var avsev\u00e4rt radikalare \u00e4n tidigare. Torparna deltog dock i allm\u00e4nhet mindre i frihets-medborgarkriget \u00e4n \u00f6vriga befolkningsgrupper. De fanns p\u00e5 b\u00e5da sidor ungef\u00e4r lika mycket. Detta berodde p\u00e5 att en stor del av arrendeodlarna trodde att \u00e4gander\u00e4tten till hemmanen skulle \u00f6verg\u00e5 till dem genom demokratiska f\u00f6rfaringss\u00e4tt. Trots detta kan man anse att missf\u00f6rh\u00e5llandena p\u00e5 landsbygden var en orsak till att frihetskriget f\u00f6r\u00e4ndrades till ett medborgarkrig.<\/p>\n<\/div><\/section>\n","protected":false},"excerpt":{"rendered":"","protected":false},"author":1,"featured_media":0,"parent":6335,"menu_order":3,"comment_status":"closed","ping_status":"closed","template":"","meta":{"footnotes":""},"class_list":["post-6355","page","type-page","status-publish","hentry"],"yoast_head":"<!-- This site is optimized with the Yoast SEO plugin v27.5 - https:\/\/yoast.com\/product\/yoast-seo-wordpress\/ -->\n<title>Samh\u00e4lleliga missf\u00f6rh\u00e5llanden p\u00e5 landsbygden - Veteraanien Perint\u00f6<\/title>\n<meta name=\"robots\" content=\"index, follow, max-snippet:-1, max-image-preview:large, max-video-preview:-1\" \/>\n<link rel=\"canonical\" href=\"https:\/\/veteraanienperinto.fi\/index.php\/sv\/infobank\/borjan-av-1900-talet\/samhalleliga-missforhallanden-pa-landsbygden\/\" \/>\n<meta property=\"og:locale\" content=\"fi_FI\" \/>\n<meta property=\"og:type\" content=\"article\" \/>\n<meta property=\"og:title\" content=\"Samh\u00e4lleliga missf\u00f6rh\u00e5llanden p\u00e5 landsbygden - Veteraanien Perint\u00f6\" \/>\n<meta property=\"og:url\" content=\"https:\/\/veteraanienperinto.fi\/index.php\/sv\/infobank\/borjan-av-1900-talet\/samhalleliga-missforhallanden-pa-landsbygden\/\" \/>\n<meta property=\"og:site_name\" content=\"Veteraanien Perint\u00f6\" \/>\n<meta property=\"article:modified_time\" content=\"2021-01-19T13:10:58+00:00\" \/>\n<meta property=\"og:image\" content=\"https:\/\/veteraanienperinto.fi\/wp-content\/uploads\/2020\/12\/haadetyt.jpg\" \/>\n<meta name=\"twitter:card\" content=\"summary_large_image\" \/>\n<meta name=\"twitter:label1\" content=\"Arvioitu lukuaika\" \/>\n\t<meta name=\"twitter:data1\" content=\"2 minuuttia\" \/>\n<script type=\"application\/ld+json\" class=\"yoast-schema-graph\">{\"@context\":\"https:\\\/\\\/schema.org\",\"@graph\":[{\"@type\":\"WebPage\",\"@id\":\"https:\\\/\\\/veteraanienperinto.fi\\\/index.php\\\/sv\\\/infobank\\\/borjan-av-1900-talet\\\/samhalleliga-missforhallanden-pa-landsbygden\\\/\",\"url\":\"https:\\\/\\\/veteraanienperinto.fi\\\/index.php\\\/sv\\\/infobank\\\/borjan-av-1900-talet\\\/samhalleliga-missforhallanden-pa-landsbygden\\\/\",\"name\":\"Samh\u00e4lleliga missf\u00f6rh\u00e5llanden p\u00e5 landsbygden - Veteraanien Perint\u00f6\",\"isPartOf\":{\"@id\":\"https:\\\/\\\/veteraanienperinto.fi\\\/#website\"},\"primaryImageOfPage\":{\"@id\":\"https:\\\/\\\/veteraanienperinto.fi\\\/index.php\\\/sv\\\/infobank\\\/borjan-av-1900-talet\\\/samhalleliga-missforhallanden-pa-landsbygden\\\/#primaryimage\"},\"image\":{\"@id\":\"https:\\\/\\\/veteraanienperinto.fi\\\/index.php\\\/sv\\\/infobank\\\/borjan-av-1900-talet\\\/samhalleliga-missforhallanden-pa-landsbygden\\\/#primaryimage\"},\"thumbnailUrl\":\"https:\\\/\\\/veteraanienperinto.fi\\\/wp-content\\\/uploads\\\/2020\\\/12\\\/haadetyt.jpg\",\"datePublished\":\"2020-11-19T10:06:13+00:00\",\"dateModified\":\"2021-01-19T13:10:58+00:00\",\"breadcrumb\":{\"@id\":\"https:\\\/\\\/veteraanienperinto.fi\\\/index.php\\\/sv\\\/infobank\\\/borjan-av-1900-talet\\\/samhalleliga-missforhallanden-pa-landsbygden\\\/#breadcrumb\"},\"inLanguage\":\"fi\",\"potentialAction\":[{\"@type\":\"ReadAction\",\"target\":[\"https:\\\/\\\/veteraanienperinto.fi\\\/index.php\\\/sv\\\/infobank\\\/borjan-av-1900-talet\\\/samhalleliga-missforhallanden-pa-landsbygden\\\/\"]}]},{\"@type\":\"ImageObject\",\"inLanguage\":\"fi\",\"@id\":\"https:\\\/\\\/veteraanienperinto.fi\\\/index.php\\\/sv\\\/infobank\\\/borjan-av-1900-talet\\\/samhalleliga-missforhallanden-pa-landsbygden\\\/#primaryimage\",\"url\":\"https:\\\/\\\/veteraanienperinto.fi\\\/wp-content\\\/uploads\\\/2020\\\/12\\\/haadetyt.jpg\",\"contentUrl\":\"https:\\\/\\\/veteraanienperinto.fi\\\/wp-content\\\/uploads\\\/2020\\\/12\\\/haadetyt.jpg\",\"width\":300,\"height\":209},{\"@type\":\"BreadcrumbList\",\"@id\":\"https:\\\/\\\/veteraanienperinto.fi\\\/index.php\\\/sv\\\/infobank\\\/borjan-av-1900-talet\\\/samhalleliga-missforhallanden-pa-landsbygden\\\/#breadcrumb\",\"itemListElement\":[{\"@type\":\"ListItem\",\"position\":1,\"name\":\"Etusivu\",\"item\":\"https:\\\/\\\/veteraanienperinto.fi\\\/index.php\\\/etusivu-2\\\/\"},{\"@type\":\"ListItem\",\"position\":2,\"name\":\"Infobank\",\"item\":\"https:\\\/\\\/veteraanienperinto.fi\\\/index.php\\\/sv\\\/infobank\\\/\"},{\"@type\":\"ListItem\",\"position\":3,\"name\":\"B\u00f6rjan av 1900-talet\",\"item\":\"https:\\\/\\\/veteraanienperinto.fi\\\/index.php\\\/sv\\\/infobank\\\/borjan-av-1900-talet\\\/\"},{\"@type\":\"ListItem\",\"position\":4,\"name\":\"Samh\u00e4lleliga missf\u00f6rh\u00e5llanden p\u00e5 landsbygden\"}]},{\"@type\":\"WebSite\",\"@id\":\"https:\\\/\\\/veteraanienperinto.fi\\\/#website\",\"url\":\"https:\\\/\\\/veteraanienperinto.fi\\\/\",\"name\":\"Veteraanien Perint\u00f6\",\"description\":\"Kadettikunta\",\"potentialAction\":[{\"@type\":\"SearchAction\",\"target\":{\"@type\":\"EntryPoint\",\"urlTemplate\":\"https:\\\/\\\/veteraanienperinto.fi\\\/?s={search_term_string}\"},\"query-input\":{\"@type\":\"PropertyValueSpecification\",\"valueRequired\":true,\"valueName\":\"search_term_string\"}}],\"inLanguage\":\"fi\"}]}<\/script>\n<!-- \/ Yoast SEO plugin. -->","yoast_head_json":{"title":"Samh\u00e4lleliga missf\u00f6rh\u00e5llanden p\u00e5 landsbygden - Veteraanien Perint\u00f6","robots":{"index":"index","follow":"follow","max-snippet":"max-snippet:-1","max-image-preview":"max-image-preview:large","max-video-preview":"max-video-preview:-1"},"canonical":"https:\/\/veteraanienperinto.fi\/index.php\/sv\/infobank\/borjan-av-1900-talet\/samhalleliga-missforhallanden-pa-landsbygden\/","og_locale":"fi_FI","og_type":"article","og_title":"Samh\u00e4lleliga missf\u00f6rh\u00e5llanden p\u00e5 landsbygden - Veteraanien Perint\u00f6","og_url":"https:\/\/veteraanienperinto.fi\/index.php\/sv\/infobank\/borjan-av-1900-talet\/samhalleliga-missforhallanden-pa-landsbygden\/","og_site_name":"Veteraanien Perint\u00f6","article_modified_time":"2021-01-19T13:10:58+00:00","og_image":[{"url":"https:\/\/veteraanienperinto.fi\/wp-content\/uploads\/2020\/12\/haadetyt.jpg","type":"","width":"","height":""}],"twitter_card":"summary_large_image","twitter_misc":{"Arvioitu lukuaika":"2 minuuttia"},"schema":{"@context":"https:\/\/schema.org","@graph":[{"@type":"WebPage","@id":"https:\/\/veteraanienperinto.fi\/index.php\/sv\/infobank\/borjan-av-1900-talet\/samhalleliga-missforhallanden-pa-landsbygden\/","url":"https:\/\/veteraanienperinto.fi\/index.php\/sv\/infobank\/borjan-av-1900-talet\/samhalleliga-missforhallanden-pa-landsbygden\/","name":"Samh\u00e4lleliga missf\u00f6rh\u00e5llanden p\u00e5 landsbygden - Veteraanien Perint\u00f6","isPartOf":{"@id":"https:\/\/veteraanienperinto.fi\/#website"},"primaryImageOfPage":{"@id":"https:\/\/veteraanienperinto.fi\/index.php\/sv\/infobank\/borjan-av-1900-talet\/samhalleliga-missforhallanden-pa-landsbygden\/#primaryimage"},"image":{"@id":"https:\/\/veteraanienperinto.fi\/index.php\/sv\/infobank\/borjan-av-1900-talet\/samhalleliga-missforhallanden-pa-landsbygden\/#primaryimage"},"thumbnailUrl":"https:\/\/veteraanienperinto.fi\/wp-content\/uploads\/2020\/12\/haadetyt.jpg","datePublished":"2020-11-19T10:06:13+00:00","dateModified":"2021-01-19T13:10:58+00:00","breadcrumb":{"@id":"https:\/\/veteraanienperinto.fi\/index.php\/sv\/infobank\/borjan-av-1900-talet\/samhalleliga-missforhallanden-pa-landsbygden\/#breadcrumb"},"inLanguage":"fi","potentialAction":[{"@type":"ReadAction","target":["https:\/\/veteraanienperinto.fi\/index.php\/sv\/infobank\/borjan-av-1900-talet\/samhalleliga-missforhallanden-pa-landsbygden\/"]}]},{"@type":"ImageObject","inLanguage":"fi","@id":"https:\/\/veteraanienperinto.fi\/index.php\/sv\/infobank\/borjan-av-1900-talet\/samhalleliga-missforhallanden-pa-landsbygden\/#primaryimage","url":"https:\/\/veteraanienperinto.fi\/wp-content\/uploads\/2020\/12\/haadetyt.jpg","contentUrl":"https:\/\/veteraanienperinto.fi\/wp-content\/uploads\/2020\/12\/haadetyt.jpg","width":300,"height":209},{"@type":"BreadcrumbList","@id":"https:\/\/veteraanienperinto.fi\/index.php\/sv\/infobank\/borjan-av-1900-talet\/samhalleliga-missforhallanden-pa-landsbygden\/#breadcrumb","itemListElement":[{"@type":"ListItem","position":1,"name":"Etusivu","item":"https:\/\/veteraanienperinto.fi\/index.php\/etusivu-2\/"},{"@type":"ListItem","position":2,"name":"Infobank","item":"https:\/\/veteraanienperinto.fi\/index.php\/sv\/infobank\/"},{"@type":"ListItem","position":3,"name":"B\u00f6rjan av 1900-talet","item":"https:\/\/veteraanienperinto.fi\/index.php\/sv\/infobank\/borjan-av-1900-talet\/"},{"@type":"ListItem","position":4,"name":"Samh\u00e4lleliga missf\u00f6rh\u00e5llanden p\u00e5 landsbygden"}]},{"@type":"WebSite","@id":"https:\/\/veteraanienperinto.fi\/#website","url":"https:\/\/veteraanienperinto.fi\/","name":"Veteraanien Perint\u00f6","description":"Kadettikunta","potentialAction":[{"@type":"SearchAction","target":{"@type":"EntryPoint","urlTemplate":"https:\/\/veteraanienperinto.fi\/?s={search_term_string}"},"query-input":{"@type":"PropertyValueSpecification","valueRequired":true,"valueName":"search_term_string"}}],"inLanguage":"fi"}]}},"_links":{"self":[{"href":"https:\/\/veteraanienperinto.fi\/index.php\/wp-json\/wp\/v2\/pages\/6355","targetHints":{"allow":["GET"]}}],"collection":[{"href":"https:\/\/veteraanienperinto.fi\/index.php\/wp-json\/wp\/v2\/pages"}],"about":[{"href":"https:\/\/veteraanienperinto.fi\/index.php\/wp-json\/wp\/v2\/types\/page"}],"author":[{"embeddable":true,"href":"https:\/\/veteraanienperinto.fi\/index.php\/wp-json\/wp\/v2\/users\/1"}],"replies":[{"embeddable":true,"href":"https:\/\/veteraanienperinto.fi\/index.php\/wp-json\/wp\/v2\/comments?post=6355"}],"version-history":[{"count":5,"href":"https:\/\/veteraanienperinto.fi\/index.php\/wp-json\/wp\/v2\/pages\/6355\/revisions"}],"predecessor-version":[{"id":10112,"href":"https:\/\/veteraanienperinto.fi\/index.php\/wp-json\/wp\/v2\/pages\/6355\/revisions\/10112"}],"up":[{"embeddable":true,"href":"https:\/\/veteraanienperinto.fi\/index.php\/wp-json\/wp\/v2\/pages\/6335"}],"wp:attachment":[{"href":"https:\/\/veteraanienperinto.fi\/index.php\/wp-json\/wp\/v2\/media?parent=6355"}],"curies":[{"name":"wp","href":"https:\/\/api.w.org\/{rel}","templated":true}]}}