{"id":6359,"date":"2020-11-19T10:12:54","date_gmt":"2020-11-19T10:12:54","guid":{"rendered":"https:\/\/veteraani.ylirotu.fi\/?page_id=6359"},"modified":"2021-01-19T13:15:10","modified_gmt":"2021-01-19T13:15:10","slug":"arbetarbefolkningen-och-demokratin","status":"publish","type":"page","link":"https:\/\/veteraanienperinto.fi\/index.php\/sv\/infobank\/borjan-av-1900-talet\/arbetarbefolkningen-och-demokratin\/","title":{"rendered":"Arbetarbefolkningen och demokratin"},"content":{"rendered":"<div id='full_slider_1'  class='avia-fullwidth-slider main_color avia-shadow   avia-builder-el-0  el_before_av_heading  avia-builder-el-first   container_wrap sidebar_right'  ><\/div><div id='after_full_slider_1'  class='main_color av_default_container_wrap container_wrap sidebar_right'  ><div class='container av-section-cont-open' ><div class='template-page content  av-content-small alpha units'><div class='post-entry post-entry-type-page post-entry-6359'><div class='entry-content-wrapper clearfix'>\n\n<style type=\"text\/css\" data-created_by=\"avia_inline_auto\" id=\"style-css-av-kk40s5mp-16e648d7166789668d558ea176933876\">\n#top .av-special-heading.av-kk40s5mp-16e648d7166789668d558ea176933876{\npadding-bottom:10px;\n}\nbody .av-special-heading.av-kk40s5mp-16e648d7166789668d558ea176933876 .av-special-heading-tag .heading-char{\nfont-size:25px;\n}\n.av-special-heading.av-kk40s5mp-16e648d7166789668d558ea176933876 .av-subheading{\nfont-size:15px;\n}\n<\/style>\n<div  class='av-special-heading av-kk40s5mp-16e648d7166789668d558ea176933876 av-special-heading-h2  avia-builder-el-1  el_after_av_slideshow_full  el_before_av_textblock  avia-builder-el-first '><h2 class='av-special-heading-tag'  itemprop=\"headline\"  >Arbetarbefolkningen och demokratin<\/h2><div class=\"special-heading-border\"><div class=\"special-heading-inner-border\"><\/div><\/div><\/div>\n<section  class='av_textblock_section av-bonb1-cc159a210605b79a0410b469fcf6d66e '   itemscope=\"itemscope\" itemtype=\"https:\/\/schema.org\/CreativeWork\" ><div class='avia_textblock'  itemprop=\"text\" ><div id=\"attachment_8197\" style=\"width: 380px\" class=\"wp-caption alignright\"><img loading=\"lazy\" decoding=\"async\" aria-describedby=\"caption-attachment-8197\" class=\"wp-image-8197 size-full\" src=\"https:\/\/veteraanienperinto.fi\/wp-content\/uploads\/2020\/12\/eka_eduskunta2.jpg\" alt=\"\" width=\"370\" height=\"281\" srcset=\"https:\/\/veteraanienperinto.fi\/wp-content\/uploads\/2020\/12\/eka_eduskunta2.jpg 370w, https:\/\/veteraanienperinto.fi\/wp-content\/uploads\/2020\/12\/eka_eduskunta2-300x228.jpg 300w\" sizes=\"auto, (max-width: 370px) 100vw, 370px\" \/><p id=\"caption-attachment-8197\" class=\"wp-caption-text\">Festsalen i Helsingfors Frivilliga Brandk\u00e5rs hus valdes till plenisal f\u00f6r den nya enkammarlantdagen i samband med lantdagsreformen 1906-1907. Huset som hade ritats av Theodor H\u00f6ijer stod f\u00e4rdigt 1889<\/p><\/div>\n<p>I samband med industrialiseringen p\u00e5 1800-talet var arbetarbefolkningens st\u00e4llning i b\u00f6rjan inte reglerad utan grundade sig n\u00e4rmast p\u00e5 arbetsgivarens vilja. Stora missh\u00e4lligheter f\u00f6rekom ofta i avl\u00f6ningen, arbetstiderna, semestrarna, arbetsf\u00f6rh\u00e5llandena, upps\u00e4gningsskyddet, strejkr\u00e4ttigheterna och i m\u00e5nga andra fr\u00e5gor. Arbetarbefolkningens boendef\u00f6rh\u00e5llanden var p\u00e5 m\u00e5nga h\u00e5ll bedr\u00f6vliga och h\u00e4lsov\u00e5rden var inte ordnad. I b\u00f6rjan av 1900-talet utgjorde dessutom den tidvis omfattande arbetsl\u00f6sheten ett stort problem.<\/p>\n<p>Den organiserade arbetarr\u00f6relsen som arbetade f\u00f6r att f\u00f6rb\u00e4ttra arbetarbefolkningens st\u00e4llning fick sin b\u00f6rjan i Europa p\u00e5 1860-talet, men i Finland b\u00f6rjade organiseringen f\u00f6rst p\u00e5 1890-talet. Speciellt inr\u00e4ttandet av Finlands socialdemokratiska parti var en betydelsefull h\u00e4ndelse. Det riksomfattande arbetarpartiet inr\u00e4ttades vid arbetarf\u00f6reningarnas representantm\u00f6te som h\u00f6lls i \u00c5bo \u00e5r 1899. Partiets program koncentrerade sig i b\u00f6rjan p\u00e5 att praktiskt \u00e5tg\u00e4rda de samh\u00e4lleliga missf\u00f6rh\u00e5llandena.<\/p>\n<p>Namnet Socialdemokratiska partiet i Finland togs i bruk vid ett m\u00f6te i Forssa \u00e5r 1903. Det godk\u00e4nda programmet var klart och tydligt socialistiskt. Arbetarr\u00f6relsen deklarerade nu att man k\u00e4mpade mot det borgerliga klassamh\u00e4llet f\u00f6r att \u00e4ndra det i grunden.<\/p>\n<p>Storstrejken \u00e5r 1905, som i huvudsak var riktad mot Rysslands \u00e5tg\u00e4rder, var en bekr\u00e4ftelse p\u00e5 arbetarbefolkningens styrka. Ett tecken p\u00e5 en gradvis f\u00f6rsvagning av den ryska regimen var att det \u00e5r 1906 var m\u00f6jligt att stifta en lag om Finlands enkammarriksdag. Kvinnorna i Finland fick r\u00f6str\u00e4tt som de f\u00f6rsta i Europa och som andra i hela v\u00e4rlden. Valbara blev de som de f\u00f6rsta i v\u00e4rlden.<\/p>\n<\/div><\/section>\n","protected":false},"excerpt":{"rendered":"","protected":false},"author":1,"featured_media":0,"parent":6335,"menu_order":4,"comment_status":"closed","ping_status":"closed","template":"","meta":{"footnotes":""},"class_list":["post-6359","page","type-page","status-publish","hentry"],"yoast_head":"<!-- This site is optimized with the Yoast SEO plugin v27.4 - https:\/\/yoast.com\/product\/yoast-seo-wordpress\/ -->\n<title>Arbetarbefolkningen och demokratin - Veteraanien Perint\u00f6<\/title>\n<meta name=\"robots\" content=\"index, follow, max-snippet:-1, max-image-preview:large, max-video-preview:-1\" \/>\n<link rel=\"canonical\" href=\"https:\/\/veteraanienperinto.fi\/index.php\/sv\/infobank\/borjan-av-1900-talet\/arbetarbefolkningen-och-demokratin\/\" \/>\n<meta property=\"og:locale\" content=\"fi_FI\" \/>\n<meta property=\"og:type\" content=\"article\" \/>\n<meta property=\"og:title\" content=\"Arbetarbefolkningen och demokratin - Veteraanien Perint\u00f6\" \/>\n<meta property=\"og:url\" content=\"https:\/\/veteraanienperinto.fi\/index.php\/sv\/infobank\/borjan-av-1900-talet\/arbetarbefolkningen-och-demokratin\/\" \/>\n<meta property=\"og:site_name\" content=\"Veteraanien Perint\u00f6\" \/>\n<meta property=\"article:modified_time\" content=\"2021-01-19T13:15:10+00:00\" \/>\n<meta property=\"og:image\" content=\"https:\/\/veteraanienperinto.fi\/wp-content\/uploads\/2020\/12\/eka_eduskunta2.jpg\" \/>\n<meta name=\"twitter:card\" content=\"summary_large_image\" \/>\n<meta name=\"twitter:label1\" content=\"Arvioitu lukuaika\" \/>\n\t<meta name=\"twitter:data1\" content=\"2 minuuttia\" \/>\n<script type=\"application\/ld+json\" class=\"yoast-schema-graph\">{\"@context\":\"https:\\\/\\\/schema.org\",\"@graph\":[{\"@type\":\"WebPage\",\"@id\":\"https:\\\/\\\/veteraanienperinto.fi\\\/index.php\\\/sv\\\/infobank\\\/borjan-av-1900-talet\\\/arbetarbefolkningen-och-demokratin\\\/\",\"url\":\"https:\\\/\\\/veteraanienperinto.fi\\\/index.php\\\/sv\\\/infobank\\\/borjan-av-1900-talet\\\/arbetarbefolkningen-och-demokratin\\\/\",\"name\":\"Arbetarbefolkningen och demokratin - Veteraanien Perint\u00f6\",\"isPartOf\":{\"@id\":\"https:\\\/\\\/veteraanienperinto.fi\\\/#website\"},\"primaryImageOfPage\":{\"@id\":\"https:\\\/\\\/veteraanienperinto.fi\\\/index.php\\\/sv\\\/infobank\\\/borjan-av-1900-talet\\\/arbetarbefolkningen-och-demokratin\\\/#primaryimage\"},\"image\":{\"@id\":\"https:\\\/\\\/veteraanienperinto.fi\\\/index.php\\\/sv\\\/infobank\\\/borjan-av-1900-talet\\\/arbetarbefolkningen-och-demokratin\\\/#primaryimage\"},\"thumbnailUrl\":\"https:\\\/\\\/veteraanienperinto.fi\\\/wp-content\\\/uploads\\\/2020\\\/12\\\/eka_eduskunta2.jpg\",\"datePublished\":\"2020-11-19T10:12:54+00:00\",\"dateModified\":\"2021-01-19T13:15:10+00:00\",\"breadcrumb\":{\"@id\":\"https:\\\/\\\/veteraanienperinto.fi\\\/index.php\\\/sv\\\/infobank\\\/borjan-av-1900-talet\\\/arbetarbefolkningen-och-demokratin\\\/#breadcrumb\"},\"inLanguage\":\"fi\",\"potentialAction\":[{\"@type\":\"ReadAction\",\"target\":[\"https:\\\/\\\/veteraanienperinto.fi\\\/index.php\\\/sv\\\/infobank\\\/borjan-av-1900-talet\\\/arbetarbefolkningen-och-demokratin\\\/\"]}]},{\"@type\":\"ImageObject\",\"inLanguage\":\"fi\",\"@id\":\"https:\\\/\\\/veteraanienperinto.fi\\\/index.php\\\/sv\\\/infobank\\\/borjan-av-1900-talet\\\/arbetarbefolkningen-och-demokratin\\\/#primaryimage\",\"url\":\"https:\\\/\\\/veteraanienperinto.fi\\\/wp-content\\\/uploads\\\/2020\\\/12\\\/eka_eduskunta2.jpg\",\"contentUrl\":\"https:\\\/\\\/veteraanienperinto.fi\\\/wp-content\\\/uploads\\\/2020\\\/12\\\/eka_eduskunta2.jpg\",\"width\":370,\"height\":281},{\"@type\":\"BreadcrumbList\",\"@id\":\"https:\\\/\\\/veteraanienperinto.fi\\\/index.php\\\/sv\\\/infobank\\\/borjan-av-1900-talet\\\/arbetarbefolkningen-och-demokratin\\\/#breadcrumb\",\"itemListElement\":[{\"@type\":\"ListItem\",\"position\":1,\"name\":\"Etusivu\",\"item\":\"https:\\\/\\\/veteraanienperinto.fi\\\/index.php\\\/etusivu-2\\\/\"},{\"@type\":\"ListItem\",\"position\":2,\"name\":\"Infobank\",\"item\":\"https:\\\/\\\/veteraanienperinto.fi\\\/index.php\\\/sv\\\/infobank\\\/\"},{\"@type\":\"ListItem\",\"position\":3,\"name\":\"B\u00f6rjan av 1900-talet\",\"item\":\"https:\\\/\\\/veteraanienperinto.fi\\\/index.php\\\/sv\\\/infobank\\\/borjan-av-1900-talet\\\/\"},{\"@type\":\"ListItem\",\"position\":4,\"name\":\"Arbetarbefolkningen och demokratin\"}]},{\"@type\":\"WebSite\",\"@id\":\"https:\\\/\\\/veteraanienperinto.fi\\\/#website\",\"url\":\"https:\\\/\\\/veteraanienperinto.fi\\\/\",\"name\":\"Veteraanien Perint\u00f6\",\"description\":\"Kadettikunta\",\"potentialAction\":[{\"@type\":\"SearchAction\",\"target\":{\"@type\":\"EntryPoint\",\"urlTemplate\":\"https:\\\/\\\/veteraanienperinto.fi\\\/?s={search_term_string}\"},\"query-input\":{\"@type\":\"PropertyValueSpecification\",\"valueRequired\":true,\"valueName\":\"search_term_string\"}}],\"inLanguage\":\"fi\"}]}<\/script>\n<!-- \/ Yoast SEO plugin. -->","yoast_head_json":{"title":"Arbetarbefolkningen och demokratin - Veteraanien Perint\u00f6","robots":{"index":"index","follow":"follow","max-snippet":"max-snippet:-1","max-image-preview":"max-image-preview:large","max-video-preview":"max-video-preview:-1"},"canonical":"https:\/\/veteraanienperinto.fi\/index.php\/sv\/infobank\/borjan-av-1900-talet\/arbetarbefolkningen-och-demokratin\/","og_locale":"fi_FI","og_type":"article","og_title":"Arbetarbefolkningen och demokratin - Veteraanien Perint\u00f6","og_url":"https:\/\/veteraanienperinto.fi\/index.php\/sv\/infobank\/borjan-av-1900-talet\/arbetarbefolkningen-och-demokratin\/","og_site_name":"Veteraanien Perint\u00f6","article_modified_time":"2021-01-19T13:15:10+00:00","og_image":[{"url":"https:\/\/veteraanienperinto.fi\/wp-content\/uploads\/2020\/12\/eka_eduskunta2.jpg","type":"","width":"","height":""}],"twitter_card":"summary_large_image","twitter_misc":{"Arvioitu lukuaika":"2 minuuttia"},"schema":{"@context":"https:\/\/schema.org","@graph":[{"@type":"WebPage","@id":"https:\/\/veteraanienperinto.fi\/index.php\/sv\/infobank\/borjan-av-1900-talet\/arbetarbefolkningen-och-demokratin\/","url":"https:\/\/veteraanienperinto.fi\/index.php\/sv\/infobank\/borjan-av-1900-talet\/arbetarbefolkningen-och-demokratin\/","name":"Arbetarbefolkningen och demokratin - Veteraanien Perint\u00f6","isPartOf":{"@id":"https:\/\/veteraanienperinto.fi\/#website"},"primaryImageOfPage":{"@id":"https:\/\/veteraanienperinto.fi\/index.php\/sv\/infobank\/borjan-av-1900-talet\/arbetarbefolkningen-och-demokratin\/#primaryimage"},"image":{"@id":"https:\/\/veteraanienperinto.fi\/index.php\/sv\/infobank\/borjan-av-1900-talet\/arbetarbefolkningen-och-demokratin\/#primaryimage"},"thumbnailUrl":"https:\/\/veteraanienperinto.fi\/wp-content\/uploads\/2020\/12\/eka_eduskunta2.jpg","datePublished":"2020-11-19T10:12:54+00:00","dateModified":"2021-01-19T13:15:10+00:00","breadcrumb":{"@id":"https:\/\/veteraanienperinto.fi\/index.php\/sv\/infobank\/borjan-av-1900-talet\/arbetarbefolkningen-och-demokratin\/#breadcrumb"},"inLanguage":"fi","potentialAction":[{"@type":"ReadAction","target":["https:\/\/veteraanienperinto.fi\/index.php\/sv\/infobank\/borjan-av-1900-talet\/arbetarbefolkningen-och-demokratin\/"]}]},{"@type":"ImageObject","inLanguage":"fi","@id":"https:\/\/veteraanienperinto.fi\/index.php\/sv\/infobank\/borjan-av-1900-talet\/arbetarbefolkningen-och-demokratin\/#primaryimage","url":"https:\/\/veteraanienperinto.fi\/wp-content\/uploads\/2020\/12\/eka_eduskunta2.jpg","contentUrl":"https:\/\/veteraanienperinto.fi\/wp-content\/uploads\/2020\/12\/eka_eduskunta2.jpg","width":370,"height":281},{"@type":"BreadcrumbList","@id":"https:\/\/veteraanienperinto.fi\/index.php\/sv\/infobank\/borjan-av-1900-talet\/arbetarbefolkningen-och-demokratin\/#breadcrumb","itemListElement":[{"@type":"ListItem","position":1,"name":"Etusivu","item":"https:\/\/veteraanienperinto.fi\/index.php\/etusivu-2\/"},{"@type":"ListItem","position":2,"name":"Infobank","item":"https:\/\/veteraanienperinto.fi\/index.php\/sv\/infobank\/"},{"@type":"ListItem","position":3,"name":"B\u00f6rjan av 1900-talet","item":"https:\/\/veteraanienperinto.fi\/index.php\/sv\/infobank\/borjan-av-1900-talet\/"},{"@type":"ListItem","position":4,"name":"Arbetarbefolkningen och demokratin"}]},{"@type":"WebSite","@id":"https:\/\/veteraanienperinto.fi\/#website","url":"https:\/\/veteraanienperinto.fi\/","name":"Veteraanien Perint\u00f6","description":"Kadettikunta","potentialAction":[{"@type":"SearchAction","target":{"@type":"EntryPoint","urlTemplate":"https:\/\/veteraanienperinto.fi\/?s={search_term_string}"},"query-input":{"@type":"PropertyValueSpecification","valueRequired":true,"valueName":"search_term_string"}}],"inLanguage":"fi"}]}},"_links":{"self":[{"href":"https:\/\/veteraanienperinto.fi\/index.php\/wp-json\/wp\/v2\/pages\/6359","targetHints":{"allow":["GET"]}}],"collection":[{"href":"https:\/\/veteraanienperinto.fi\/index.php\/wp-json\/wp\/v2\/pages"}],"about":[{"href":"https:\/\/veteraanienperinto.fi\/index.php\/wp-json\/wp\/v2\/types\/page"}],"author":[{"embeddable":true,"href":"https:\/\/veteraanienperinto.fi\/index.php\/wp-json\/wp\/v2\/users\/1"}],"replies":[{"embeddable":true,"href":"https:\/\/veteraanienperinto.fi\/index.php\/wp-json\/wp\/v2\/comments?post=6359"}],"version-history":[{"count":5,"href":"https:\/\/veteraanienperinto.fi\/index.php\/wp-json\/wp\/v2\/pages\/6359\/revisions"}],"predecessor-version":[{"id":10114,"href":"https:\/\/veteraanienperinto.fi\/index.php\/wp-json\/wp\/v2\/pages\/6359\/revisions\/10114"}],"up":[{"embeddable":true,"href":"https:\/\/veteraanienperinto.fi\/index.php\/wp-json\/wp\/v2\/pages\/6335"}],"wp:attachment":[{"href":"https:\/\/veteraanienperinto.fi\/index.php\/wp-json\/wp\/v2\/media?parent=6359"}],"curies":[{"name":"wp","href":"https:\/\/api.w.org\/{rel}","templated":true}]}}