{"id":6372,"date":"2020-11-19T10:24:39","date_gmt":"2020-11-19T10:24:39","guid":{"rendered":"https:\/\/veteraani.ylirotu.fi\/?page_id=6372"},"modified":"2021-01-19T13:30:26","modified_gmt":"2021-01-19T13:30:26","slug":"frihetskrig-medborgarkrig","status":"publish","type":"page","link":"https:\/\/veteraanienperinto.fi\/index.php\/sv\/infobank\/borjan-av-1900-talet\/frihetskrig-medborgarkrig\/","title":{"rendered":"Frihetskrig &#8211; Medborgarkrig"},"content":{"rendered":"<div id='full_slider_1'  class='avia-fullwidth-slider main_color avia-shadow   avia-builder-el-0  el_before_av_heading  avia-builder-el-first   container_wrap sidebar_right'  ><\/div><div id='after_full_slider_1'  class='main_color av_default_container_wrap container_wrap sidebar_right'  ><div class='container av-section-cont-open' ><div class='template-page content  av-content-small alpha units'><div class='post-entry post-entry-type-page post-entry-6372'><div class='entry-content-wrapper clearfix'>\n\n<style type=\"text\/css\" data-created_by=\"avia_inline_auto\" id=\"style-css-av-kk41bsuf-c2bed6b11dadc0e29bcab14a8512db69\">\n#top .av-special-heading.av-kk41bsuf-c2bed6b11dadc0e29bcab14a8512db69{\npadding-bottom:10px;\n}\nbody .av-special-heading.av-kk41bsuf-c2bed6b11dadc0e29bcab14a8512db69 .av-special-heading-tag .heading-char{\nfont-size:25px;\n}\n.av-special-heading.av-kk41bsuf-c2bed6b11dadc0e29bcab14a8512db69 .av-subheading{\nfont-size:15px;\n}\n<\/style>\n<div  class='av-special-heading av-kk41bsuf-c2bed6b11dadc0e29bcab14a8512db69 av-special-heading-h2  avia-builder-el-1  el_after_av_slideshow_full  el_before_av_textblock  avia-builder-el-first '><h2 class='av-special-heading-tag'  itemprop=\"headline\"  >Frihetskrig &#8211; Medborgarkrig<\/h2><div class=\"special-heading-border\"><div class=\"special-heading-inner-border\"><\/div><\/div><\/div>\n<section  class='av_textblock_section av-kefqpeto-96150fd686b3e891ef6b5d96efb168c2 '   itemscope=\"itemscope\" itemtype=\"https:\/\/schema.org\/CreativeWork\" ><div class='avia_textblock'  itemprop=\"text\" ><p><img loading=\"lazy\" decoding=\"async\" class=\"alignright wp-image-8210 size-medium\" src=\"https:\/\/veteraanienperinto.fi\/wp-content\/uploads\/2020\/12\/vapaus-1-300x290.jpg\" alt=\"\" width=\"300\" height=\"290\" srcset=\"https:\/\/veteraanienperinto.fi\/wp-content\/uploads\/2020\/12\/vapaus-1-300x290.jpg 300w, https:\/\/veteraanienperinto.fi\/wp-content\/uploads\/2020\/12\/vapaus-1-36x36.jpg 36w, https:\/\/veteraanienperinto.fi\/wp-content\/uploads\/2020\/12\/vapaus-1.jpg 400w\" sizes=\"auto, (max-width: 300px) 100vw, 300px\" \/>D\u00e5 Finlands riksdag hade f\u00f6rklarat landet sj\u00e4lvst\u00e4ndigt kallades kavallerigeneral C.G.Mannerheim till \u00f6verbef\u00e4lhavare f\u00f6r republikens arm\u00e9. Till en b\u00f6rjan fanns bara skyddsk\u00e5rstrupperna. Den lagliga regeringens trupper som fanns i Vasa inledde avv\u00e4pningen av de ryska trupper som \u00e4nnu fanns i landet. Frihetskriget br\u00f6t ut. Som en f\u00f6ljd av samh\u00e4llsutvecklingen hade det dock skett en tudelning i v\u00e5rt land. Detta ledde till att medborgarkriget br\u00f6t ut efter att det r\u00f6da folkkommissariatet och dess trupper tagit makten i S\u00f6dra Finland.<\/p>\n<p>I krigsoperationerna deltog p\u00e5 den vita sidan f\u00f6rutom skyddsk\u00e5risterna, v\u00e4rvade trupper, samt trupper som inkallats i tj\u00e4nst med st\u00f6d av v\u00e4rnpliktslagen fr\u00e5n \u00e5r 1878. Som utbildare och ledare f\u00f6r dem fungerade Finlands j\u00e4gare som f\u00e5tt milit\u00e4r utbildning i Tyskland. Huvuddelen av dem anl\u00e4nde till Finland i slutet av februari 1918. P\u00e5 den r\u00f6da sidan inr\u00e4ttades de r\u00f6da gardena i synnerhet i det f\u00f6rsta skedet av frivilliga, men d\u00e5 kriget drog ut p\u00e5 tiden tog man ocks\u00e5 i bruk tv\u00e5ngsanslutning.<\/p>\n<p>Finland p\u00e5gick fr\u00e5n slutet av januari till valborgstiden 1918 samtidigt b\u00e5de ett frihetskrig och ett medborgarkrig. Revolution\u00e4ra ryska trupper deltog i krigsoperationerna p\u00e5 de r\u00f6das sida och p\u00e5 de vitas, s\u00e5ledes regeringens, tyska trupper som kallats till landet. I synnerhet striderna i Tammerfors och Viborg var blodiga. Krigsoperationerna slutade i seger f\u00f6r de vita och den lagliga regeringens \u00f6verbef\u00e4lhavare general Mannerheim anl\u00e4nde till Helsingfors 16.5.1918. Kriget var slut.<\/p>\n<\/div><\/section>\n","protected":false},"excerpt":{"rendered":"","protected":false},"author":1,"featured_media":0,"parent":6335,"menu_order":8,"comment_status":"closed","ping_status":"closed","template":"","meta":{"footnotes":""},"class_list":["post-6372","page","type-page","status-publish","hentry"],"yoast_head":"<!-- This site is optimized with the Yoast SEO plugin v27.5 - https:\/\/yoast.com\/product\/yoast-seo-wordpress\/ -->\n<title>Frihetskrig - Medborgarkrig - Veteraanien Perint\u00f6<\/title>\n<meta name=\"robots\" content=\"index, follow, max-snippet:-1, max-image-preview:large, max-video-preview:-1\" \/>\n<link rel=\"canonical\" href=\"https:\/\/veteraanienperinto.fi\/index.php\/sv\/infobank\/borjan-av-1900-talet\/frihetskrig-medborgarkrig\/\" \/>\n<meta property=\"og:locale\" content=\"fi_FI\" \/>\n<meta property=\"og:type\" content=\"article\" \/>\n<meta property=\"og:title\" content=\"Frihetskrig - Medborgarkrig - Veteraanien Perint\u00f6\" \/>\n<meta property=\"og:url\" content=\"https:\/\/veteraanienperinto.fi\/index.php\/sv\/infobank\/borjan-av-1900-talet\/frihetskrig-medborgarkrig\/\" \/>\n<meta property=\"og:site_name\" content=\"Veteraanien Perint\u00f6\" \/>\n<meta property=\"article:modified_time\" content=\"2021-01-19T13:30:26+00:00\" \/>\n<meta property=\"og:image\" content=\"https:\/\/veteraanienperinto.fi\/wp-content\/uploads\/2020\/12\/vapaus-1-300x290.jpg\" \/>\n<meta name=\"twitter:card\" content=\"summary_large_image\" \/>\n<meta name=\"twitter:label1\" content=\"Arvioitu lukuaika\" \/>\n\t<meta name=\"twitter:data1\" content=\"2 minuuttia\" \/>\n<script type=\"application\/ld+json\" class=\"yoast-schema-graph\">{\"@context\":\"https:\\\/\\\/schema.org\",\"@graph\":[{\"@type\":\"WebPage\",\"@id\":\"https:\\\/\\\/veteraanienperinto.fi\\\/index.php\\\/sv\\\/infobank\\\/borjan-av-1900-talet\\\/frihetskrig-medborgarkrig\\\/\",\"url\":\"https:\\\/\\\/veteraanienperinto.fi\\\/index.php\\\/sv\\\/infobank\\\/borjan-av-1900-talet\\\/frihetskrig-medborgarkrig\\\/\",\"name\":\"Frihetskrig - Medborgarkrig - Veteraanien Perint\u00f6\",\"isPartOf\":{\"@id\":\"https:\\\/\\\/veteraanienperinto.fi\\\/#website\"},\"primaryImageOfPage\":{\"@id\":\"https:\\\/\\\/veteraanienperinto.fi\\\/index.php\\\/sv\\\/infobank\\\/borjan-av-1900-talet\\\/frihetskrig-medborgarkrig\\\/#primaryimage\"},\"image\":{\"@id\":\"https:\\\/\\\/veteraanienperinto.fi\\\/index.php\\\/sv\\\/infobank\\\/borjan-av-1900-talet\\\/frihetskrig-medborgarkrig\\\/#primaryimage\"},\"thumbnailUrl\":\"https:\\\/\\\/veteraanienperinto.fi\\\/wp-content\\\/uploads\\\/2020\\\/12\\\/vapaus-1-300x290.jpg\",\"datePublished\":\"2020-11-19T10:24:39+00:00\",\"dateModified\":\"2021-01-19T13:30:26+00:00\",\"breadcrumb\":{\"@id\":\"https:\\\/\\\/veteraanienperinto.fi\\\/index.php\\\/sv\\\/infobank\\\/borjan-av-1900-talet\\\/frihetskrig-medborgarkrig\\\/#breadcrumb\"},\"inLanguage\":\"fi\",\"potentialAction\":[{\"@type\":\"ReadAction\",\"target\":[\"https:\\\/\\\/veteraanienperinto.fi\\\/index.php\\\/sv\\\/infobank\\\/borjan-av-1900-talet\\\/frihetskrig-medborgarkrig\\\/\"]}]},{\"@type\":\"ImageObject\",\"inLanguage\":\"fi\",\"@id\":\"https:\\\/\\\/veteraanienperinto.fi\\\/index.php\\\/sv\\\/infobank\\\/borjan-av-1900-talet\\\/frihetskrig-medborgarkrig\\\/#primaryimage\",\"url\":\"https:\\\/\\\/veteraanienperinto.fi\\\/wp-content\\\/uploads\\\/2020\\\/12\\\/vapaus-1.jpg\",\"contentUrl\":\"https:\\\/\\\/veteraanienperinto.fi\\\/wp-content\\\/uploads\\\/2020\\\/12\\\/vapaus-1.jpg\",\"width\":400,\"height\":386},{\"@type\":\"BreadcrumbList\",\"@id\":\"https:\\\/\\\/veteraanienperinto.fi\\\/index.php\\\/sv\\\/infobank\\\/borjan-av-1900-talet\\\/frihetskrig-medborgarkrig\\\/#breadcrumb\",\"itemListElement\":[{\"@type\":\"ListItem\",\"position\":1,\"name\":\"Etusivu\",\"item\":\"https:\\\/\\\/veteraanienperinto.fi\\\/index.php\\\/etusivu-2\\\/\"},{\"@type\":\"ListItem\",\"position\":2,\"name\":\"Infobank\",\"item\":\"https:\\\/\\\/veteraanienperinto.fi\\\/index.php\\\/sv\\\/infobank\\\/\"},{\"@type\":\"ListItem\",\"position\":3,\"name\":\"B\u00f6rjan av 1900-talet\",\"item\":\"https:\\\/\\\/veteraanienperinto.fi\\\/index.php\\\/sv\\\/infobank\\\/borjan-av-1900-talet\\\/\"},{\"@type\":\"ListItem\",\"position\":4,\"name\":\"Frihetskrig &#8211; Medborgarkrig\"}]},{\"@type\":\"WebSite\",\"@id\":\"https:\\\/\\\/veteraanienperinto.fi\\\/#website\",\"url\":\"https:\\\/\\\/veteraanienperinto.fi\\\/\",\"name\":\"Veteraanien Perint\u00f6\",\"description\":\"Kadettikunta\",\"potentialAction\":[{\"@type\":\"SearchAction\",\"target\":{\"@type\":\"EntryPoint\",\"urlTemplate\":\"https:\\\/\\\/veteraanienperinto.fi\\\/?s={search_term_string}\"},\"query-input\":{\"@type\":\"PropertyValueSpecification\",\"valueRequired\":true,\"valueName\":\"search_term_string\"}}],\"inLanguage\":\"fi\"}]}<\/script>\n<!-- \/ Yoast SEO plugin. -->","yoast_head_json":{"title":"Frihetskrig - Medborgarkrig - Veteraanien Perint\u00f6","robots":{"index":"index","follow":"follow","max-snippet":"max-snippet:-1","max-image-preview":"max-image-preview:large","max-video-preview":"max-video-preview:-1"},"canonical":"https:\/\/veteraanienperinto.fi\/index.php\/sv\/infobank\/borjan-av-1900-talet\/frihetskrig-medborgarkrig\/","og_locale":"fi_FI","og_type":"article","og_title":"Frihetskrig - Medborgarkrig - Veteraanien Perint\u00f6","og_url":"https:\/\/veteraanienperinto.fi\/index.php\/sv\/infobank\/borjan-av-1900-talet\/frihetskrig-medborgarkrig\/","og_site_name":"Veteraanien Perint\u00f6","article_modified_time":"2021-01-19T13:30:26+00:00","og_image":[{"url":"https:\/\/veteraanienperinto.fi\/wp-content\/uploads\/2020\/12\/vapaus-1-300x290.jpg","type":"","width":"","height":""}],"twitter_card":"summary_large_image","twitter_misc":{"Arvioitu lukuaika":"2 minuuttia"},"schema":{"@context":"https:\/\/schema.org","@graph":[{"@type":"WebPage","@id":"https:\/\/veteraanienperinto.fi\/index.php\/sv\/infobank\/borjan-av-1900-talet\/frihetskrig-medborgarkrig\/","url":"https:\/\/veteraanienperinto.fi\/index.php\/sv\/infobank\/borjan-av-1900-talet\/frihetskrig-medborgarkrig\/","name":"Frihetskrig - Medborgarkrig - Veteraanien Perint\u00f6","isPartOf":{"@id":"https:\/\/veteraanienperinto.fi\/#website"},"primaryImageOfPage":{"@id":"https:\/\/veteraanienperinto.fi\/index.php\/sv\/infobank\/borjan-av-1900-talet\/frihetskrig-medborgarkrig\/#primaryimage"},"image":{"@id":"https:\/\/veteraanienperinto.fi\/index.php\/sv\/infobank\/borjan-av-1900-talet\/frihetskrig-medborgarkrig\/#primaryimage"},"thumbnailUrl":"https:\/\/veteraanienperinto.fi\/wp-content\/uploads\/2020\/12\/vapaus-1-300x290.jpg","datePublished":"2020-11-19T10:24:39+00:00","dateModified":"2021-01-19T13:30:26+00:00","breadcrumb":{"@id":"https:\/\/veteraanienperinto.fi\/index.php\/sv\/infobank\/borjan-av-1900-talet\/frihetskrig-medborgarkrig\/#breadcrumb"},"inLanguage":"fi","potentialAction":[{"@type":"ReadAction","target":["https:\/\/veteraanienperinto.fi\/index.php\/sv\/infobank\/borjan-av-1900-talet\/frihetskrig-medborgarkrig\/"]}]},{"@type":"ImageObject","inLanguage":"fi","@id":"https:\/\/veteraanienperinto.fi\/index.php\/sv\/infobank\/borjan-av-1900-talet\/frihetskrig-medborgarkrig\/#primaryimage","url":"https:\/\/veteraanienperinto.fi\/wp-content\/uploads\/2020\/12\/vapaus-1.jpg","contentUrl":"https:\/\/veteraanienperinto.fi\/wp-content\/uploads\/2020\/12\/vapaus-1.jpg","width":400,"height":386},{"@type":"BreadcrumbList","@id":"https:\/\/veteraanienperinto.fi\/index.php\/sv\/infobank\/borjan-av-1900-talet\/frihetskrig-medborgarkrig\/#breadcrumb","itemListElement":[{"@type":"ListItem","position":1,"name":"Etusivu","item":"https:\/\/veteraanienperinto.fi\/index.php\/etusivu-2\/"},{"@type":"ListItem","position":2,"name":"Infobank","item":"https:\/\/veteraanienperinto.fi\/index.php\/sv\/infobank\/"},{"@type":"ListItem","position":3,"name":"B\u00f6rjan av 1900-talet","item":"https:\/\/veteraanienperinto.fi\/index.php\/sv\/infobank\/borjan-av-1900-talet\/"},{"@type":"ListItem","position":4,"name":"Frihetskrig &#8211; Medborgarkrig"}]},{"@type":"WebSite","@id":"https:\/\/veteraanienperinto.fi\/#website","url":"https:\/\/veteraanienperinto.fi\/","name":"Veteraanien Perint\u00f6","description":"Kadettikunta","potentialAction":[{"@type":"SearchAction","target":{"@type":"EntryPoint","urlTemplate":"https:\/\/veteraanienperinto.fi\/?s={search_term_string}"},"query-input":{"@type":"PropertyValueSpecification","valueRequired":true,"valueName":"search_term_string"}}],"inLanguage":"fi"}]}},"_links":{"self":[{"href":"https:\/\/veteraanienperinto.fi\/index.php\/wp-json\/wp\/v2\/pages\/6372","targetHints":{"allow":["GET"]}}],"collection":[{"href":"https:\/\/veteraanienperinto.fi\/index.php\/wp-json\/wp\/v2\/pages"}],"about":[{"href":"https:\/\/veteraanienperinto.fi\/index.php\/wp-json\/wp\/v2\/types\/page"}],"author":[{"embeddable":true,"href":"https:\/\/veteraanienperinto.fi\/index.php\/wp-json\/wp\/v2\/users\/1"}],"replies":[{"embeddable":true,"href":"https:\/\/veteraanienperinto.fi\/index.php\/wp-json\/wp\/v2\/comments?post=6372"}],"version-history":[{"count":5,"href":"https:\/\/veteraanienperinto.fi\/index.php\/wp-json\/wp\/v2\/pages\/6372\/revisions"}],"predecessor-version":[{"id":10120,"href":"https:\/\/veteraanienperinto.fi\/index.php\/wp-json\/wp\/v2\/pages\/6372\/revisions\/10120"}],"up":[{"embeddable":true,"href":"https:\/\/veteraanienperinto.fi\/index.php\/wp-json\/wp\/v2\/pages\/6335"}],"wp:attachment":[{"href":"https:\/\/veteraanienperinto.fi\/index.php\/wp-json\/wp\/v2\/media?parent=6372"}],"curies":[{"name":"wp","href":"https:\/\/api.w.org\/{rel}","templated":true}]}}