{"id":6380,"date":"2020-11-19T10:27:53","date_gmt":"2020-11-19T10:27:53","guid":{"rendered":"https:\/\/veteraani.ylirotu.fi\/?page_id=6380"},"modified":"2021-01-19T13:31:52","modified_gmt":"2021-01-19T13:31:52","slug":"fore-sjalvstandigheten","status":"publish","type":"page","link":"https:\/\/veteraanienperinto.fi\/index.php\/sv\/infobank\/sjalvstandigheten\/fore-sjalvstandigheten\/","title":{"rendered":"F\u00f6re sj\u00e4lvst\u00e4ndigheten"},"content":{"rendered":"<div id='full_slider_1'  class='avia-fullwidth-slider main_color avia-shadow   avia-builder-el-0  el_before_av_heading  avia-builder-el-first   container_wrap sidebar_right'  ><\/div><div id='after_full_slider_1'  class='main_color av_default_container_wrap container_wrap sidebar_right'  ><div class='container av-section-cont-open' ><div class='template-page content  av-content-small alpha units'><div class='post-entry post-entry-type-page post-entry-6380'><div class='entry-content-wrapper clearfix'>\n\n<style type=\"text\/css\" data-created_by=\"avia_inline_auto\" id=\"style-css-av-kk41dmtz-5d151cbe61c1a2aa25dfe9a5580cd281\">\n#top .av-special-heading.av-kk41dmtz-5d151cbe61c1a2aa25dfe9a5580cd281{\npadding-bottom:10px;\n}\nbody .av-special-heading.av-kk41dmtz-5d151cbe61c1a2aa25dfe9a5580cd281 .av-special-heading-tag .heading-char{\nfont-size:25px;\n}\n.av-special-heading.av-kk41dmtz-5d151cbe61c1a2aa25dfe9a5580cd281 .av-subheading{\nfont-size:15px;\n}\n<\/style>\n<div  class='av-special-heading av-kk41dmtz-5d151cbe61c1a2aa25dfe9a5580cd281 av-special-heading-h2  avia-builder-el-1  el_after_av_slideshow_full  el_before_av_one_third  avia-builder-el-first '><h2 class='av-special-heading-tag'  itemprop=\"headline\"  >F\u00f6re sj\u00e4lvst\u00e4ndigheten<\/h2><div class=\"special-heading-border\"><div class=\"special-heading-inner-border\"><\/div><\/div><\/div>\n\n<style type=\"text\/css\" data-created_by=\"avia_inline_auto\" id=\"style-css-av-52zcf-11ce51459cfa82f6927761fdb3999ec5\">\n.flex_column.av-52zcf-11ce51459cfa82f6927761fdb3999ec5{\nborder-radius:0px 0px 0px 0px;\npadding:0px 0px 0px 0px;\n}\n<\/style>\n<div  class='flex_column av-52zcf-11ce51459cfa82f6927761fdb3999ec5 av_one_third  avia-builder-el-2  el_after_av_heading  el_before_av_one_third  first flex_column_div av-zero-column-padding  '     ><p>\n<style type=\"text\/css\" data-created_by=\"avia_inline_auto\" id=\"style-css-av-4dycb-0f98a44feddca24dc3e0fb07cd43a0d7\">\n.avia-image-container.av-4dycb-0f98a44feddca24dc3e0fb07cd43a0d7 img.avia_image{\nbox-shadow:none;\n}\n.avia-image-container.av-4dycb-0f98a44feddca24dc3e0fb07cd43a0d7 .av-image-caption-overlay-center{\ncolor:#ffffff;\n}\n<\/style>\n<div  class='avia-image-container av-4dycb-0f98a44feddca24dc3e0fb07cd43a0d7 av-styling- avia-align-center  avia-builder-el-3  el_before_av_textblock  avia-builder-el-first '   itemprop=\"image\" itemscope=\"itemscope\" itemtype=\"https:\/\/schema.org\/ImageObject\" ><div class=\"avia-image-container-inner\"><div class=\"avia-image-overlay-wrap\"><a href=\"https:\/\/veteraanienperinto.fi\/index.php\/sv\/infobank\/sjalvstandigheten\/fore-sjalvstandigheten\/fortrycksperioderna\/\" class='avia_image'  aria-label='Sortovuodet'><img decoding=\"async\" fetchpriority=\"high\" class='wp-image-4112 avia-img-lazy-loading-not-4112 avia_image ' src=\"https:\/\/veteraanienperinto.fi\/wp-content\/uploads\/2020\/09\/Sortovuodet-180x180.jpg\" alt='' title='Sortovuodet'  height=\"180\" width=\"180\"  itemprop=\"thumbnailUrl\" srcset=\"https:\/\/veteraanienperinto.fi\/wp-content\/uploads\/2020\/09\/Sortovuodet-180x180.jpg 180w, https:\/\/veteraanienperinto.fi\/wp-content\/uploads\/2020\/09\/Sortovuodet-298x300.jpg 298w, https:\/\/veteraanienperinto.fi\/wp-content\/uploads\/2020\/09\/Sortovuodet-80x80.jpg 80w, https:\/\/veteraanienperinto.fi\/wp-content\/uploads\/2020\/09\/Sortovuodet-36x36.jpg 36w\" sizes=\"(max-width: 180px) 100vw, 180px\" \/><\/a><\/div><\/div><\/div><br \/>\n<section  class='av_textblock_section av-kdsbg70l-f5dc09215ab849fc95239b9908ea1c6a '   itemscope=\"itemscope\" itemtype=\"https:\/\/schema.org\/CreativeWork\" ><div class='avia_textblock'  itemprop=\"text\" ><p class=\"art-postheader\" style=\"text-align: center;\">F\u00f6rtrycksperioderna<\/p>\n<\/div><\/section><\/p><\/div>\n\n<style type=\"text\/css\" data-created_by=\"avia_inline_auto\" id=\"style-css-av-erej-9166e8a7be432cfd6faf5d0eec810e9c\">\n.flex_column.av-erej-9166e8a7be432cfd6faf5d0eec810e9c{\nborder-radius:0px 0px 0px 0px;\npadding:0px 0px 0px 0px;\n}\n<\/style>\n<div  class='flex_column av-erej-9166e8a7be432cfd6faf5d0eec810e9c av_one_third  avia-builder-el-5  el_after_av_one_third  el_before_av_one_third  flex_column_div av-zero-column-padding  '     ><p>\n<style type=\"text\/css\" data-created_by=\"avia_inline_auto\" id=\"style-css-av-3ds0z-96ebdc2a8a80888bc9933d22d33a61e1\">\n.avia-image-container.av-3ds0z-96ebdc2a8a80888bc9933d22d33a61e1 img.avia_image{\nbox-shadow:none;\n}\n.avia-image-container.av-3ds0z-96ebdc2a8a80888bc9933d22d33a61e1 .av-image-caption-overlay-center{\ncolor:#ffffff;\n}\n<\/style>\n<div  class='avia-image-container av-3ds0z-96ebdc2a8a80888bc9933d22d33a61e1 av-styling- avia-align-center  avia-builder-el-6  el_before_av_textblock  avia-builder-el-first '   itemprop=\"image\" itemscope=\"itemscope\" itemtype=\"https:\/\/schema.org\/ImageObject\" ><div class=\"avia-image-container-inner\"><div class=\"avia-image-overlay-wrap\"><a href=\"https:\/\/veteraanienperinto.fi\/index.php\/sv\/infobank\/sjalvstandigheten\/fore-sjalvstandigheten\/de-forsta-skedena-i-riksdagens-verksamhet\/\" class='avia_image'  aria-label='Eduskunnan alkuvaiheet'><img decoding=\"async\" fetchpriority=\"high\" class='wp-image-4113 avia-img-lazy-loading-not-4113 avia_image ' src=\"https:\/\/veteraanienperinto.fi\/wp-content\/uploads\/2020\/09\/Eduskunnan-alkuvaiheet-180x180.jpg\" alt='' title='Eduskunnan alkuvaiheet'  height=\"180\" width=\"180\"  itemprop=\"thumbnailUrl\" srcset=\"https:\/\/veteraanienperinto.fi\/wp-content\/uploads\/2020\/09\/Eduskunnan-alkuvaiheet-180x180.jpg 180w, https:\/\/veteraanienperinto.fi\/wp-content\/uploads\/2020\/09\/Eduskunnan-alkuvaiheet-80x80.jpg 80w, https:\/\/veteraanienperinto.fi\/wp-content\/uploads\/2020\/09\/Eduskunnan-alkuvaiheet-36x36.jpg 36w\" sizes=\"(max-width: 180px) 100vw, 180px\" \/><\/a><\/div><\/div><\/div><br \/>\n<section  class='av_textblock_section av-kdsbghql-3654d9d4884834fe6a76ae332030ce9b '   itemscope=\"itemscope\" itemtype=\"https:\/\/schema.org\/CreativeWork\" ><div class='avia_textblock'  itemprop=\"text\" ><p style=\"text-align: center;\">Den f\u00f6rsta riksdagen<\/p>\n<\/div><\/section><\/p><\/div>\n\n<style type=\"text\/css\" data-created_by=\"avia_inline_auto\" id=\"style-css-av-2np27-57c57c70ef5561a471d649b404398e68\">\n.flex_column.av-2np27-57c57c70ef5561a471d649b404398e68{\nborder-radius:0px 0px 0px 0px;\npadding:0px 0px 0px 0px;\n}\n<\/style>\n<div  class='flex_column av-2np27-57c57c70ef5561a471d649b404398e68 av_one_third  avia-builder-el-8  el_after_av_one_third  el_before_av_one_third  flex_column_div av-zero-column-padding  '     ><p>\n<style type=\"text\/css\" data-created_by=\"avia_inline_auto\" id=\"style-css-av-1v723-9d19e980c84ca3919ea0d6e415255ffa\">\n.avia-image-container.av-1v723-9d19e980c84ca3919ea0d6e415255ffa img.avia_image{\nbox-shadow:none;\n}\n.avia-image-container.av-1v723-9d19e980c84ca3919ea0d6e415255ffa .av-image-caption-overlay-center{\ncolor:#ffffff;\n}\n<\/style>\n<div  class='avia-image-container av-1v723-9d19e980c84ca3919ea0d6e415255ffa av-styling- avia-align-center  avia-builder-el-9  el_before_av_textblock  avia-builder-el-first '   itemprop=\"image\" itemscope=\"itemscope\" itemtype=\"https:\/\/schema.org\/ImageObject\" ><div class=\"avia-image-container-inner\"><div class=\"avia-image-overlay-wrap\"><a href=\"https:\/\/veteraanienperinto.fi\/index.php\/sv\/infobank\/sjalvstandigheten\/fore-sjalvstandigheten\/sveaborgsupproret\/\" class='avia_image'  aria-label='Viaporin kapina'><img decoding=\"async\" fetchpriority=\"high\" class='wp-image-4115 avia-img-lazy-loading-not-4115 avia_image ' src=\"https:\/\/veteraanienperinto.fi\/wp-content\/uploads\/2020\/09\/Viaporin-kapina-1-180x180.jpg\" alt='' title='Viaporin kapina'  height=\"180\" width=\"180\"  itemprop=\"thumbnailUrl\" srcset=\"https:\/\/veteraanienperinto.fi\/wp-content\/uploads\/2020\/09\/Viaporin-kapina-1-180x180.jpg 180w, https:\/\/veteraanienperinto.fi\/wp-content\/uploads\/2020\/09\/Viaporin-kapina-1-80x80.jpg 80w, https:\/\/veteraanienperinto.fi\/wp-content\/uploads\/2020\/09\/Viaporin-kapina-1-36x36.jpg 36w\" sizes=\"(max-width: 180px) 100vw, 180px\" \/><\/a><\/div><\/div><\/div><br \/>\n<section  class='av_textblock_section av-kdsbgvhj-afaf37acc052683f7d4391628fa521cc '   itemscope=\"itemscope\" itemtype=\"https:\/\/schema.org\/CreativeWork\" ><div class='avia_textblock'  itemprop=\"text\" ><p class=\"art-postheader\" style=\"text-align: center;\">Sveaborgsupproret<\/p>\n<\/div><\/section><\/p><\/div>\n\n<style type=\"text\/css\" data-created_by=\"avia_inline_auto\" id=\"style-css-av-1lhtv-5eddb1138d16919b1cd991e37c542312\">\n.flex_column.av-1lhtv-5eddb1138d16919b1cd991e37c542312{\nborder-radius:0px 0px 0px 0px;\npadding:0px 0px 0px 0px;\n}\n<\/style>\n<div  class='flex_column av-1lhtv-5eddb1138d16919b1cd991e37c542312 av_one_third  avia-builder-el-11  el_after_av_one_third  el_before_av_one_third  first flex_column_div av-zero-column-padding  column-top-margin'     ><p>\n<style type=\"text\/css\" data-created_by=\"avia_inline_auto\" id=\"style-css-av-sobv-a25be0416ed28eef23c2b4607dd33b42\">\n.avia-image-container.av-sobv-a25be0416ed28eef23c2b4607dd33b42 img.avia_image{\nbox-shadow:none;\n}\n.avia-image-container.av-sobv-a25be0416ed28eef23c2b4607dd33b42 .av-image-caption-overlay-center{\ncolor:#ffffff;\n}\n<\/style>\n<div  class='avia-image-container av-sobv-a25be0416ed28eef23c2b4607dd33b42 av-styling- avia-align-center  avia-builder-el-12  el_before_av_textblock  avia-builder-el-first '   itemprop=\"image\" itemscope=\"itemscope\" itemtype=\"https:\/\/schema.org\/ImageObject\" ><div class=\"avia-image-container-inner\"><div class=\"avia-image-overlay-wrap\"><a href=\"https:\/\/veteraanienperinto.fi\/index.php\/sv\/infobank\/sjalvstandigheten\/fore-sjalvstandigheten\/den-andra-fortrycksperioden\/\" class='avia_image'  aria-label='Toinen sortokausi'><img decoding=\"async\" fetchpriority=\"high\" class='wp-image-4116 avia-img-lazy-loading-not-4116 avia_image ' src=\"https:\/\/veteraanienperinto.fi\/wp-content\/uploads\/2020\/09\/Toinen-sortokausi-180x180.jpg\" alt='' title='Toinen sortokausi'  height=\"180\" width=\"180\"  itemprop=\"thumbnailUrl\" srcset=\"https:\/\/veteraanienperinto.fi\/wp-content\/uploads\/2020\/09\/Toinen-sortokausi-180x180.jpg 180w, https:\/\/veteraanienperinto.fi\/wp-content\/uploads\/2020\/09\/Toinen-sortokausi-80x80.jpg 80w, https:\/\/veteraanienperinto.fi\/wp-content\/uploads\/2020\/09\/Toinen-sortokausi-36x36.jpg 36w, https:\/\/veteraanienperinto.fi\/wp-content\/uploads\/2020\/09\/Toinen-sortokausi-375x375.jpg 375w\" sizes=\"(max-width: 180px) 100vw, 180px\" \/><\/a><\/div><\/div><\/div><br \/>\n<section  class='av_textblock_section av-kdsbgvhj-afaf37acc052683f7d4391628fa521cc '   itemscope=\"itemscope\" itemtype=\"https:\/\/schema.org\/CreativeWork\" ><div class='avia_textblock'  itemprop=\"text\" ><p class=\"art-postheader\" style=\"text-align: center;\">Den andra f\u00f6rtrycksperioden<\/p>\n<\/div><\/section><\/p><\/div>\n\n<style type=\"text\/css\" data-created_by=\"avia_inline_auto\" id=\"style-css-av-1lhtv-d49065122b8ed04ddc20192bfa8a6000\">\n.flex_column.av-1lhtv-d49065122b8ed04ddc20192bfa8a6000{\nborder-radius:0px 0px 0px 0px;\npadding:0px 0px 0px 0px;\n}\n<\/style>\n<div  class='flex_column av-1lhtv-d49065122b8ed04ddc20192bfa8a6000 av_one_third  avia-builder-el-14  el_after_av_one_third  el_before_av_one_third  flex_column_div av-zero-column-padding  column-top-margin'     ><p>\n<style type=\"text\/css\" data-created_by=\"avia_inline_auto\" id=\"style-css-av-sobv-eabbbcd0bd101fd70822b4719a3526ec\">\n.avia-image-container.av-sobv-eabbbcd0bd101fd70822b4719a3526ec img.avia_image{\nbox-shadow:none;\n}\n.avia-image-container.av-sobv-eabbbcd0bd101fd70822b4719a3526ec .av-image-caption-overlay-center{\ncolor:#ffffff;\n}\n<\/style>\n<div  class='avia-image-container av-sobv-eabbbcd0bd101fd70822b4719a3526ec av-styling- avia-align-center  avia-builder-el-15  el_before_av_textblock  avia-builder-el-first '   itemprop=\"image\" itemscope=\"itemscope\" itemtype=\"https:\/\/schema.org\/ImageObject\" ><div class=\"avia-image-container-inner\"><div class=\"avia-image-overlay-wrap\"><a href=\"https:\/\/veteraanienperinto.fi\/index.php\/sv\/infobank\/sjalvstandigheten\/fore-sjalvstandigheten\/ordningsgardenas-uppkomst\/\" class='avia_image'  aria-label='J\u00e4rjestyskaartien synty'><img decoding=\"async\" fetchpriority=\"high\" class='wp-image-4117 avia-img-lazy-loading-not-4117 avia_image ' src=\"https:\/\/veteraanienperinto.fi\/wp-content\/uploads\/2020\/09\/Jarjestyskaartien-synty-180x180.jpg\" alt='' title='J\u00e4rjestyskaartien synty'  height=\"180\" width=\"180\"  itemprop=\"thumbnailUrl\" srcset=\"https:\/\/veteraanienperinto.fi\/wp-content\/uploads\/2020\/09\/Jarjestyskaartien-synty-180x180.jpg 180w, https:\/\/veteraanienperinto.fi\/wp-content\/uploads\/2020\/09\/Jarjestyskaartien-synty-80x80.jpg 80w, https:\/\/veteraanienperinto.fi\/wp-content\/uploads\/2020\/09\/Jarjestyskaartien-synty-36x36.jpg 36w\" sizes=\"(max-width: 180px) 100vw, 180px\" \/><\/a><\/div><\/div><\/div><br \/>\n<section  class='av_textblock_section av-kdsbgvhj-afaf37acc052683f7d4391628fa521cc '   itemscope=\"itemscope\" itemtype=\"https:\/\/schema.org\/CreativeWork\" ><div class='avia_textblock'  itemprop=\"text\" ><p class=\"art-postheader\" style=\"text-align: center;\">Ordningsgardenas uppkomst<\/p>\n<\/div><\/section><\/p><\/div>\n\n<style type=\"text\/css\" data-created_by=\"avia_inline_auto\" id=\"style-css-av-1lhtv-d49065122b8ed04ddc20192bfa8a6000\">\n.flex_column.av-1lhtv-d49065122b8ed04ddc20192bfa8a6000{\nborder-radius:0px 0px 0px 0px;\npadding:0px 0px 0px 0px;\n}\n<\/style>\n<div  class='flex_column av-1lhtv-d49065122b8ed04ddc20192bfa8a6000 av_one_third  avia-builder-el-17  el_after_av_one_third  el_before_av_one_third  flex_column_div av-zero-column-padding  column-top-margin'     ><p>\n<style type=\"text\/css\" data-created_by=\"avia_inline_auto\" id=\"style-css-av-sobv-47e3cc3108ce736ba74ed51153295ad4\">\n.avia-image-container.av-sobv-47e3cc3108ce736ba74ed51153295ad4 img.avia_image{\nbox-shadow:none;\n}\n.avia-image-container.av-sobv-47e3cc3108ce736ba74ed51153295ad4 .av-image-caption-overlay-center{\ncolor:#ffffff;\n}\n<\/style>\n<div  class='avia-image-container av-sobv-47e3cc3108ce736ba74ed51153295ad4 av-styling- avia-align-center  avia-builder-el-18  el_before_av_textblock  avia-builder-el-first '   itemprop=\"image\" itemscope=\"itemscope\" itemtype=\"https:\/\/schema.org\/ImageObject\" ><div class=\"avia-image-container-inner\"><div class=\"avia-image-overlay-wrap\"><a href=\"https:\/\/veteraanienperinto.fi\/index.php\/sv\/infobank\/sjalvstandigheten\/fore-sjalvstandigheten\/ryska-revolutionen-och-finland-1\/\" class='avia_image'  aria-label='Ven\u00e4j\u00e4n vallankumous'><img decoding=\"async\" fetchpriority=\"high\" class='wp-image-4118 avia-img-lazy-loading-not-4118 avia_image ' src=\"https:\/\/veteraanienperinto.fi\/wp-content\/uploads\/2020\/09\/Venajan-vallankumous-180x179.jpg\" alt='' title='Ven\u00e4j\u00e4n vallankumous'  height=\"179\" width=\"180\"  itemprop=\"thumbnailUrl\" srcset=\"https:\/\/veteraanienperinto.fi\/wp-content\/uploads\/2020\/09\/Venajan-vallankumous-180x179.jpg 180w, https:\/\/veteraanienperinto.fi\/wp-content\/uploads\/2020\/09\/Venajan-vallankumous-80x80.jpg 80w, https:\/\/veteraanienperinto.fi\/wp-content\/uploads\/2020\/09\/Venajan-vallankumous-36x36.jpg 36w\" sizes=\"(max-width: 180px) 100vw, 180px\" \/><\/a><\/div><\/div><\/div><br \/>\n<section  class='av_textblock_section av-kdsbgvhj-afaf37acc052683f7d4391628fa521cc '   itemscope=\"itemscope\" itemtype=\"https:\/\/schema.org\/CreativeWork\" ><div class='avia_textblock'  itemprop=\"text\" ><p class=\"art-postheader\" style=\"text-align: center;\">Ryska revolutionen och Finland 1<\/p>\n<\/div><\/section><\/p><\/div>\n\n<style type=\"text\/css\" data-created_by=\"avia_inline_auto\" id=\"style-css-av-1lhtv-5eddb1138d16919b1cd991e37c542312\">\n.flex_column.av-1lhtv-5eddb1138d16919b1cd991e37c542312{\nborder-radius:0px 0px 0px 0px;\npadding:0px 0px 0px 0px;\n}\n<\/style>\n<div  class='flex_column av-1lhtv-5eddb1138d16919b1cd991e37c542312 av_one_third  avia-builder-el-20  el_after_av_one_third  avia-builder-el-last  first flex_column_div av-zero-column-padding  column-top-margin'     ><p>\n<style type=\"text\/css\" data-created_by=\"avia_inline_auto\" id=\"style-css-av-sobv-b141e12bf754da290c517a36c952fd60\">\n.avia-image-container.av-sobv-b141e12bf754da290c517a36c952fd60 img.avia_image{\nbox-shadow:none;\n}\n.avia-image-container.av-sobv-b141e12bf754da290c517a36c952fd60 .av-image-caption-overlay-center{\ncolor:#ffffff;\n}\n<\/style>\n<div  class='avia-image-container av-sobv-b141e12bf754da290c517a36c952fd60 av-styling- avia-align-center  avia-builder-el-21  el_before_av_textblock  avia-builder-el-first '   itemprop=\"image\" itemscope=\"itemscope\" itemtype=\"https:\/\/schema.org\/ImageObject\" ><div class=\"avia-image-container-inner\"><div class=\"avia-image-overlay-wrap\"><a href=\"https:\/\/veteraanienperinto.fi\/index.php\/sv\/infobank\/sjalvstandigheten\/fore-sjalvstandigheten\/ryska-revolutionen-och-finland-2\/\" class='avia_image'  aria-label='Ven\u00e4j\u00e4n vallankumous 2'><img decoding=\"async\" fetchpriority=\"high\" class='wp-image-4119 avia-img-lazy-loading-not-4119 avia_image ' src=\"https:\/\/veteraanienperinto.fi\/wp-content\/uploads\/2020\/09\/Venajan-vallankumous-2-180x180.jpg\" alt='' title='Ven\u00e4j\u00e4n vallankumous 2'  height=\"180\" width=\"180\"  itemprop=\"thumbnailUrl\" srcset=\"https:\/\/veteraanienperinto.fi\/wp-content\/uploads\/2020\/09\/Venajan-vallankumous-2-180x180.jpg 180w, https:\/\/veteraanienperinto.fi\/wp-content\/uploads\/2020\/09\/Venajan-vallankumous-2-80x80.jpg 80w, https:\/\/veteraanienperinto.fi\/wp-content\/uploads\/2020\/09\/Venajan-vallankumous-2-36x36.jpg 36w\" sizes=\"(max-width: 180px) 100vw, 180px\" \/><\/a><\/div><\/div><\/div><br \/>\n<section  class='av_textblock_section av-kdsbgvhj-afaf37acc052683f7d4391628fa521cc '   itemscope=\"itemscope\" itemtype=\"https:\/\/schema.org\/CreativeWork\" ><div class='avia_textblock'  itemprop=\"text\" ><p style=\"text-align: center;\">Ryska revolutionen och Finland 2<\/p>\n<\/div><\/section><\/p><\/div>\n","protected":false},"excerpt":{"rendered":"","protected":false},"author":1,"featured_media":0,"parent":6376,"menu_order":1,"comment_status":"closed","ping_status":"closed","template":"","meta":{"footnotes":""},"class_list":["post-6380","page","type-page","status-publish","hentry"],"yoast_head":"<!-- This site is optimized with the Yoast SEO plugin v27.4 - https:\/\/yoast.com\/product\/yoast-seo-wordpress\/ -->\n<title>F\u00f6re sj\u00e4lvst\u00e4ndigheten - Veteraanien Perint\u00f6<\/title>\n<meta name=\"robots\" content=\"index, follow, max-snippet:-1, max-image-preview:large, max-video-preview:-1\" \/>\n<link rel=\"canonical\" href=\"https:\/\/veteraanienperinto.fi\/index.php\/sv\/infobank\/sjalvstandigheten\/fore-sjalvstandigheten\/\" \/>\n<meta property=\"og:locale\" content=\"fi_FI\" \/>\n<meta property=\"og:type\" content=\"article\" \/>\n<meta property=\"og:title\" content=\"F\u00f6re sj\u00e4lvst\u00e4ndigheten - Veteraanien Perint\u00f6\" \/>\n<meta property=\"og:url\" content=\"https:\/\/veteraanienperinto.fi\/index.php\/sv\/infobank\/sjalvstandigheten\/fore-sjalvstandigheten\/\" \/>\n<meta property=\"og:site_name\" content=\"Veteraanien Perint\u00f6\" \/>\n<meta property=\"article:modified_time\" content=\"2021-01-19T13:31:52+00:00\" \/>\n<meta name=\"twitter:card\" content=\"summary_large_image\" \/>\n<meta name=\"twitter:label1\" content=\"Arvioitu lukuaika\" \/>\n\t<meta name=\"twitter:data1\" content=\"8 minuuttia\" \/>\n<script type=\"application\/ld+json\" class=\"yoast-schema-graph\">{\"@context\":\"https:\\\/\\\/schema.org\",\"@graph\":[{\"@type\":\"WebPage\",\"@id\":\"https:\\\/\\\/veteraanienperinto.fi\\\/index.php\\\/sv\\\/infobank\\\/sjalvstandigheten\\\/fore-sjalvstandigheten\\\/\",\"url\":\"https:\\\/\\\/veteraanienperinto.fi\\\/index.php\\\/sv\\\/infobank\\\/sjalvstandigheten\\\/fore-sjalvstandigheten\\\/\",\"name\":\"F\u00f6re sj\u00e4lvst\u00e4ndigheten - Veteraanien Perint\u00f6\",\"isPartOf\":{\"@id\":\"https:\\\/\\\/veteraanienperinto.fi\\\/#website\"},\"datePublished\":\"2020-11-19T10:27:53+00:00\",\"dateModified\":\"2021-01-19T13:31:52+00:00\",\"breadcrumb\":{\"@id\":\"https:\\\/\\\/veteraanienperinto.fi\\\/index.php\\\/sv\\\/infobank\\\/sjalvstandigheten\\\/fore-sjalvstandigheten\\\/#breadcrumb\"},\"inLanguage\":\"fi\",\"potentialAction\":[{\"@type\":\"ReadAction\",\"target\":[\"https:\\\/\\\/veteraanienperinto.fi\\\/index.php\\\/sv\\\/infobank\\\/sjalvstandigheten\\\/fore-sjalvstandigheten\\\/\"]}]},{\"@type\":\"BreadcrumbList\",\"@id\":\"https:\\\/\\\/veteraanienperinto.fi\\\/index.php\\\/sv\\\/infobank\\\/sjalvstandigheten\\\/fore-sjalvstandigheten\\\/#breadcrumb\",\"itemListElement\":[{\"@type\":\"ListItem\",\"position\":1,\"name\":\"Etusivu\",\"item\":\"https:\\\/\\\/veteraanienperinto.fi\\\/index.php\\\/etusivu-2\\\/\"},{\"@type\":\"ListItem\",\"position\":2,\"name\":\"Infobank\",\"item\":\"https:\\\/\\\/veteraanienperinto.fi\\\/index.php\\\/sv\\\/infobank\\\/\"},{\"@type\":\"ListItem\",\"position\":3,\"name\":\"Sj\u00e4lvst\u00e4ndigheten\",\"item\":\"https:\\\/\\\/veteraanienperinto.fi\\\/index.php\\\/sv\\\/infobank\\\/sjalvstandigheten\\\/\"},{\"@type\":\"ListItem\",\"position\":4,\"name\":\"F\u00f6re sj\u00e4lvst\u00e4ndigheten\"}]},{\"@type\":\"WebSite\",\"@id\":\"https:\\\/\\\/veteraanienperinto.fi\\\/#website\",\"url\":\"https:\\\/\\\/veteraanienperinto.fi\\\/\",\"name\":\"Veteraanien Perint\u00f6\",\"description\":\"Kadettikunta\",\"potentialAction\":[{\"@type\":\"SearchAction\",\"target\":{\"@type\":\"EntryPoint\",\"urlTemplate\":\"https:\\\/\\\/veteraanienperinto.fi\\\/?s={search_term_string}\"},\"query-input\":{\"@type\":\"PropertyValueSpecification\",\"valueRequired\":true,\"valueName\":\"search_term_string\"}}],\"inLanguage\":\"fi\"}]}<\/script>\n<!-- \/ Yoast SEO plugin. -->","yoast_head_json":{"title":"F\u00f6re sj\u00e4lvst\u00e4ndigheten - Veteraanien Perint\u00f6","robots":{"index":"index","follow":"follow","max-snippet":"max-snippet:-1","max-image-preview":"max-image-preview:large","max-video-preview":"max-video-preview:-1"},"canonical":"https:\/\/veteraanienperinto.fi\/index.php\/sv\/infobank\/sjalvstandigheten\/fore-sjalvstandigheten\/","og_locale":"fi_FI","og_type":"article","og_title":"F\u00f6re sj\u00e4lvst\u00e4ndigheten - Veteraanien Perint\u00f6","og_url":"https:\/\/veteraanienperinto.fi\/index.php\/sv\/infobank\/sjalvstandigheten\/fore-sjalvstandigheten\/","og_site_name":"Veteraanien Perint\u00f6","article_modified_time":"2021-01-19T13:31:52+00:00","twitter_card":"summary_large_image","twitter_misc":{"Arvioitu lukuaika":"8 minuuttia"},"schema":{"@context":"https:\/\/schema.org","@graph":[{"@type":"WebPage","@id":"https:\/\/veteraanienperinto.fi\/index.php\/sv\/infobank\/sjalvstandigheten\/fore-sjalvstandigheten\/","url":"https:\/\/veteraanienperinto.fi\/index.php\/sv\/infobank\/sjalvstandigheten\/fore-sjalvstandigheten\/","name":"F\u00f6re sj\u00e4lvst\u00e4ndigheten - Veteraanien Perint\u00f6","isPartOf":{"@id":"https:\/\/veteraanienperinto.fi\/#website"},"datePublished":"2020-11-19T10:27:53+00:00","dateModified":"2021-01-19T13:31:52+00:00","breadcrumb":{"@id":"https:\/\/veteraanienperinto.fi\/index.php\/sv\/infobank\/sjalvstandigheten\/fore-sjalvstandigheten\/#breadcrumb"},"inLanguage":"fi","potentialAction":[{"@type":"ReadAction","target":["https:\/\/veteraanienperinto.fi\/index.php\/sv\/infobank\/sjalvstandigheten\/fore-sjalvstandigheten\/"]}]},{"@type":"BreadcrumbList","@id":"https:\/\/veteraanienperinto.fi\/index.php\/sv\/infobank\/sjalvstandigheten\/fore-sjalvstandigheten\/#breadcrumb","itemListElement":[{"@type":"ListItem","position":1,"name":"Etusivu","item":"https:\/\/veteraanienperinto.fi\/index.php\/etusivu-2\/"},{"@type":"ListItem","position":2,"name":"Infobank","item":"https:\/\/veteraanienperinto.fi\/index.php\/sv\/infobank\/"},{"@type":"ListItem","position":3,"name":"Sj\u00e4lvst\u00e4ndigheten","item":"https:\/\/veteraanienperinto.fi\/index.php\/sv\/infobank\/sjalvstandigheten\/"},{"@type":"ListItem","position":4,"name":"F\u00f6re sj\u00e4lvst\u00e4ndigheten"}]},{"@type":"WebSite","@id":"https:\/\/veteraanienperinto.fi\/#website","url":"https:\/\/veteraanienperinto.fi\/","name":"Veteraanien Perint\u00f6","description":"Kadettikunta","potentialAction":[{"@type":"SearchAction","target":{"@type":"EntryPoint","urlTemplate":"https:\/\/veteraanienperinto.fi\/?s={search_term_string}"},"query-input":{"@type":"PropertyValueSpecification","valueRequired":true,"valueName":"search_term_string"}}],"inLanguage":"fi"}]}},"_links":{"self":[{"href":"https:\/\/veteraanienperinto.fi\/index.php\/wp-json\/wp\/v2\/pages\/6380","targetHints":{"allow":["GET"]}}],"collection":[{"href":"https:\/\/veteraanienperinto.fi\/index.php\/wp-json\/wp\/v2\/pages"}],"about":[{"href":"https:\/\/veteraanienperinto.fi\/index.php\/wp-json\/wp\/v2\/types\/page"}],"author":[{"embeddable":true,"href":"https:\/\/veteraanienperinto.fi\/index.php\/wp-json\/wp\/v2\/users\/1"}],"replies":[{"embeddable":true,"href":"https:\/\/veteraanienperinto.fi\/index.php\/wp-json\/wp\/v2\/comments?post=6380"}],"version-history":[{"count":7,"href":"https:\/\/veteraanienperinto.fi\/index.php\/wp-json\/wp\/v2\/pages\/6380\/revisions"}],"predecessor-version":[{"id":10122,"href":"https:\/\/veteraanienperinto.fi\/index.php\/wp-json\/wp\/v2\/pages\/6380\/revisions\/10122"}],"up":[{"embeddable":true,"href":"https:\/\/veteraanienperinto.fi\/index.php\/wp-json\/wp\/v2\/pages\/6376"}],"wp:attachment":[{"href":"https:\/\/veteraanienperinto.fi\/index.php\/wp-json\/wp\/v2\/media?parent=6380"}],"curies":[{"name":"wp","href":"https:\/\/api.w.org\/{rel}","templated":true}]}}