{"id":6388,"date":"2020-11-19T10:33:40","date_gmt":"2020-11-19T10:33:40","guid":{"rendered":"https:\/\/veteraani.ylirotu.fi\/?page_id=6388"},"modified":"2021-01-19T13:35:16","modified_gmt":"2021-01-19T13:35:16","slug":"de-forsta-skedena-i-riksdagens-verksamhet","status":"publish","type":"page","link":"https:\/\/veteraanienperinto.fi\/index.php\/sv\/infobank\/sjalvstandigheten\/fore-sjalvstandigheten\/de-forsta-skedena-i-riksdagens-verksamhet\/","title":{"rendered":"De f\u00f6rsta skedena i riksdagens verksamhet"},"content":{"rendered":"<div id='full_slider_1'  class='avia-fullwidth-slider main_color avia-shadow   avia-builder-el-0  el_before_av_heading  avia-builder-el-first   container_wrap sidebar_right'  ><\/div><div id='after_full_slider_1'  class='main_color av_default_container_wrap container_wrap sidebar_right'  ><div class='container av-section-cont-open' ><div class='template-page content  av-content-small alpha units'><div class='post-entry post-entry-type-page post-entry-6388'><div class='entry-content-wrapper clearfix'>\n\n<style type=\"text\/css\" data-created_by=\"avia_inline_auto\" id=\"style-css-av-kk41i0um-ebbe46114cb48d2d423b5378d3c2cd47\">\n#top .av-special-heading.av-kk41i0um-ebbe46114cb48d2d423b5378d3c2cd47{\npadding-bottom:10px;\n}\nbody .av-special-heading.av-kk41i0um-ebbe46114cb48d2d423b5378d3c2cd47 .av-special-heading-tag .heading-char{\nfont-size:25px;\n}\n.av-special-heading.av-kk41i0um-ebbe46114cb48d2d423b5378d3c2cd47 .av-subheading{\nfont-size:15px;\n}\n<\/style>\n<div  class='av-special-heading av-kk41i0um-ebbe46114cb48d2d423b5378d3c2cd47 av-special-heading-h3  avia-builder-el-1  el_after_av_slideshow_full  el_before_av_textblock  avia-builder-el-first '><h3 class='av-special-heading-tag'  itemprop=\"headline\"  >De f\u00f6rsta skedena i riksdagens verksamhet<\/h3><div class=\"special-heading-border\"><div class=\"special-heading-inner-border\"><\/div><\/div><\/div>\n<section  class='av_textblock_section av-5j0yv-32ffeda666feb1b866033e60570f395d '   itemscope=\"itemscope\" itemtype=\"https:\/\/schema.org\/CreativeWork\" ><div class='avia_textblock'  itemprop=\"text\" ><h3 class=\"art-postheader\">De f\u00f6rsta skedena i riksdagens verksamhet<\/h3>\n<\/div><\/section>\n<section  class='av_textblock_section av-1v3kzh-bbe52a535e72358b20a9dea62679774d '   itemscope=\"itemscope\" itemtype=\"https:\/\/schema.org\/CreativeWork\" ><div class='avia_textblock'  itemprop=\"text\" ><p><img loading=\"lazy\" decoding=\"async\" class=\"alignright wp-image-8228 size-medium\" src=\"https:\/\/veteraanienperinto.fi\/wp-content\/uploads\/2020\/12\/eka_eduskunta2-1-300x228.jpg\" alt=\"\" width=\"300\" height=\"228\" srcset=\"https:\/\/veteraanienperinto.fi\/wp-content\/uploads\/2020\/12\/eka_eduskunta2-1-300x228.jpg 300w, https:\/\/veteraanienperinto.fi\/wp-content\/uploads\/2020\/12\/eka_eduskunta2-1.jpg 370w\" sizes=\"auto, (max-width: 300px) 100vw, 300px\" \/>Lagen om val av en enkammarlantdag genom allm\u00e4n och lika r\u00f6str\u00e4tt godk\u00e4ndes i Finland vid st\u00e5ndslantdagen p\u00e5 v\u00e5ren 1906. \u00c4ndringen var den mest omv\u00e4lvande i hela Europa. De r\u00f6stber\u00e4ttigades antal mer \u00e4n tiofaldigades fr\u00e5n 126 000 till 1 273 000. Kvinnorna fick r\u00f6str\u00e4tt som de f\u00f6rsta i Europa och som andra i hela v\u00e4rlden. Mitt under den djupa politiska krisen var kejsar Nikolai II tvungen att godk\u00e4nna lagen.<\/p>\n<p>Det f\u00f6rsta lantdagsvalet som ordnades \u00e5r 1907 \u00e4ndrade i v\u00e4sentlig grad styrkef\u00f6rh\u00e5llandena som r\u00e5tt under st\u00e5ndslantdagen. Socialdemokraterna fick 80 platser av 200, eftersom en stor del av landsbygdens obesuttna befolkning r\u00f6stade p\u00e5 socialdemokraterna. Av de \u00f6vriga partierna erh\u00f6ll gammelfinnarna 59 platser, de konstitutionella det vill s\u00e4ga ungfinnarna 26 platser, svenska folkpartiet 24 platser, agrarf\u00f6rbundet 9 och kristliga arbetare 2 platser.<\/p>\n<p>Karakt\u00e4ristiskt f\u00f6r enkammarlantdagens arbete var det stora antalet motioner, m\u00e4ngden tal och den knappa tiden. Trots den stora arbetsb\u00f6rdan uppn\u00e5ddes endast sm\u00e5 resultat. Kejsar Nikolai II uppl\u00f6ste lantdagen flera g\u00e5nger och l\u00e4mnade lagar ofastst\u00e4llda som riksdagen fattat beslut om.<\/p>\n<p>De ringa resultaten av riksdagens arbete och tr\u00f6tthet p\u00e5 de ofta \u00e5terkommande valen medf\u00f6rde att r\u00f6stningsben\u00e4genheten snabbt sj\u00f6nk bland medborgarna. R\u00f6stningsprocenten sj\u00f6nk f\u00f6r varje val s\u00e5 att den vid de f\u00f6rsta valen \u00e5r 1907 var 70% och vid valen \u00e5r 1913 bara 51%.<\/p>\n<p>F\u00f6rsta v\u00e4rldskrigets utbrott f\u00f6rlamade lantdagsarbetet under \u00e5ren 1914-15. \u00c5r 1916 ordnades normala lantdagsval. F\u00f6r f\u00f6rsta g\u00e5ngen uppstod v\u00e4nstermajoritet i lantdagen, eftersom det socialdemokratiska partiet fick 103 platser av de 200 med 47,3% andel av de avgivna r\u00f6sterna. De borgerliga partierna hade inte f\u00e5tt upp sina r\u00f6stare och ej heller hade de ing\u00e5tt valf\u00f6rbund, vilket f\u00f6rklarar deras relativt lilla andel av mandaten.<\/p>\n<\/div><\/section>\n","protected":false},"excerpt":{"rendered":"","protected":false},"author":1,"featured_media":0,"parent":6380,"menu_order":1,"comment_status":"closed","ping_status":"closed","template":"","meta":{"footnotes":""},"class_list":["post-6388","page","type-page","status-publish","hentry"],"yoast_head":"<!-- This site is optimized with the Yoast SEO plugin v27.4 - https:\/\/yoast.com\/product\/yoast-seo-wordpress\/ -->\n<title>De f\u00f6rsta skedena i riksdagens verksamhet - Veteraanien Perint\u00f6<\/title>\n<meta name=\"robots\" content=\"index, follow, max-snippet:-1, max-image-preview:large, max-video-preview:-1\" \/>\n<link rel=\"canonical\" href=\"https:\/\/veteraanienperinto.fi\/index.php\/sv\/infobank\/sjalvstandigheten\/fore-sjalvstandigheten\/de-forsta-skedena-i-riksdagens-verksamhet\/\" \/>\n<meta property=\"og:locale\" content=\"fi_FI\" \/>\n<meta property=\"og:type\" content=\"article\" \/>\n<meta property=\"og:title\" content=\"De f\u00f6rsta skedena i riksdagens verksamhet - Veteraanien Perint\u00f6\" \/>\n<meta property=\"og:url\" content=\"https:\/\/veteraanienperinto.fi\/index.php\/sv\/infobank\/sjalvstandigheten\/fore-sjalvstandigheten\/de-forsta-skedena-i-riksdagens-verksamhet\/\" \/>\n<meta property=\"og:site_name\" content=\"Veteraanien Perint\u00f6\" \/>\n<meta property=\"article:modified_time\" content=\"2021-01-19T13:35:16+00:00\" \/>\n<meta property=\"og:image\" content=\"https:\/\/veteraanienperinto.fi\/wp-content\/uploads\/2020\/12\/eka_eduskunta2-1-300x228.jpg\" \/>\n<meta name=\"twitter:card\" content=\"summary_large_image\" \/>\n<meta name=\"twitter:label1\" content=\"Arvioitu lukuaika\" \/>\n\t<meta name=\"twitter:data1\" content=\"3 minuuttia\" \/>\n<script type=\"application\/ld+json\" class=\"yoast-schema-graph\">{\"@context\":\"https:\\\/\\\/schema.org\",\"@graph\":[{\"@type\":\"WebPage\",\"@id\":\"https:\\\/\\\/veteraanienperinto.fi\\\/index.php\\\/sv\\\/infobank\\\/sjalvstandigheten\\\/fore-sjalvstandigheten\\\/de-forsta-skedena-i-riksdagens-verksamhet\\\/\",\"url\":\"https:\\\/\\\/veteraanienperinto.fi\\\/index.php\\\/sv\\\/infobank\\\/sjalvstandigheten\\\/fore-sjalvstandigheten\\\/de-forsta-skedena-i-riksdagens-verksamhet\\\/\",\"name\":\"De f\u00f6rsta skedena i riksdagens verksamhet - Veteraanien Perint\u00f6\",\"isPartOf\":{\"@id\":\"https:\\\/\\\/veteraanienperinto.fi\\\/#website\"},\"primaryImageOfPage\":{\"@id\":\"https:\\\/\\\/veteraanienperinto.fi\\\/index.php\\\/sv\\\/infobank\\\/sjalvstandigheten\\\/fore-sjalvstandigheten\\\/de-forsta-skedena-i-riksdagens-verksamhet\\\/#primaryimage\"},\"image\":{\"@id\":\"https:\\\/\\\/veteraanienperinto.fi\\\/index.php\\\/sv\\\/infobank\\\/sjalvstandigheten\\\/fore-sjalvstandigheten\\\/de-forsta-skedena-i-riksdagens-verksamhet\\\/#primaryimage\"},\"thumbnailUrl\":\"https:\\\/\\\/veteraanienperinto.fi\\\/wp-content\\\/uploads\\\/2020\\\/12\\\/eka_eduskunta2-1-300x228.jpg\",\"datePublished\":\"2020-11-19T10:33:40+00:00\",\"dateModified\":\"2021-01-19T13:35:16+00:00\",\"breadcrumb\":{\"@id\":\"https:\\\/\\\/veteraanienperinto.fi\\\/index.php\\\/sv\\\/infobank\\\/sjalvstandigheten\\\/fore-sjalvstandigheten\\\/de-forsta-skedena-i-riksdagens-verksamhet\\\/#breadcrumb\"},\"inLanguage\":\"fi\",\"potentialAction\":[{\"@type\":\"ReadAction\",\"target\":[\"https:\\\/\\\/veteraanienperinto.fi\\\/index.php\\\/sv\\\/infobank\\\/sjalvstandigheten\\\/fore-sjalvstandigheten\\\/de-forsta-skedena-i-riksdagens-verksamhet\\\/\"]}]},{\"@type\":\"ImageObject\",\"inLanguage\":\"fi\",\"@id\":\"https:\\\/\\\/veteraanienperinto.fi\\\/index.php\\\/sv\\\/infobank\\\/sjalvstandigheten\\\/fore-sjalvstandigheten\\\/de-forsta-skedena-i-riksdagens-verksamhet\\\/#primaryimage\",\"url\":\"https:\\\/\\\/veteraanienperinto.fi\\\/wp-content\\\/uploads\\\/2020\\\/12\\\/eka_eduskunta2-1.jpg\",\"contentUrl\":\"https:\\\/\\\/veteraanienperinto.fi\\\/wp-content\\\/uploads\\\/2020\\\/12\\\/eka_eduskunta2-1.jpg\",\"width\":370,\"height\":281},{\"@type\":\"BreadcrumbList\",\"@id\":\"https:\\\/\\\/veteraanienperinto.fi\\\/index.php\\\/sv\\\/infobank\\\/sjalvstandigheten\\\/fore-sjalvstandigheten\\\/de-forsta-skedena-i-riksdagens-verksamhet\\\/#breadcrumb\",\"itemListElement\":[{\"@type\":\"ListItem\",\"position\":1,\"name\":\"Etusivu\",\"item\":\"https:\\\/\\\/veteraanienperinto.fi\\\/index.php\\\/etusivu-2\\\/\"},{\"@type\":\"ListItem\",\"position\":2,\"name\":\"Infobank\",\"item\":\"https:\\\/\\\/veteraanienperinto.fi\\\/index.php\\\/sv\\\/infobank\\\/\"},{\"@type\":\"ListItem\",\"position\":3,\"name\":\"Sj\u00e4lvst\u00e4ndigheten\",\"item\":\"https:\\\/\\\/veteraanienperinto.fi\\\/index.php\\\/sv\\\/infobank\\\/sjalvstandigheten\\\/\"},{\"@type\":\"ListItem\",\"position\":4,\"name\":\"F\u00f6re sj\u00e4lvst\u00e4ndigheten\",\"item\":\"https:\\\/\\\/veteraanienperinto.fi\\\/index.php\\\/sv\\\/infobank\\\/sjalvstandigheten\\\/fore-sjalvstandigheten\\\/\"},{\"@type\":\"ListItem\",\"position\":5,\"name\":\"De f\u00f6rsta skedena i riksdagens verksamhet\"}]},{\"@type\":\"WebSite\",\"@id\":\"https:\\\/\\\/veteraanienperinto.fi\\\/#website\",\"url\":\"https:\\\/\\\/veteraanienperinto.fi\\\/\",\"name\":\"Veteraanien Perint\u00f6\",\"description\":\"Kadettikunta\",\"potentialAction\":[{\"@type\":\"SearchAction\",\"target\":{\"@type\":\"EntryPoint\",\"urlTemplate\":\"https:\\\/\\\/veteraanienperinto.fi\\\/?s={search_term_string}\"},\"query-input\":{\"@type\":\"PropertyValueSpecification\",\"valueRequired\":true,\"valueName\":\"search_term_string\"}}],\"inLanguage\":\"fi\"}]}<\/script>\n<!-- \/ Yoast SEO plugin. -->","yoast_head_json":{"title":"De f\u00f6rsta skedena i riksdagens verksamhet - Veteraanien Perint\u00f6","robots":{"index":"index","follow":"follow","max-snippet":"max-snippet:-1","max-image-preview":"max-image-preview:large","max-video-preview":"max-video-preview:-1"},"canonical":"https:\/\/veteraanienperinto.fi\/index.php\/sv\/infobank\/sjalvstandigheten\/fore-sjalvstandigheten\/de-forsta-skedena-i-riksdagens-verksamhet\/","og_locale":"fi_FI","og_type":"article","og_title":"De f\u00f6rsta skedena i riksdagens verksamhet - Veteraanien Perint\u00f6","og_url":"https:\/\/veteraanienperinto.fi\/index.php\/sv\/infobank\/sjalvstandigheten\/fore-sjalvstandigheten\/de-forsta-skedena-i-riksdagens-verksamhet\/","og_site_name":"Veteraanien Perint\u00f6","article_modified_time":"2021-01-19T13:35:16+00:00","og_image":[{"url":"https:\/\/veteraanienperinto.fi\/wp-content\/uploads\/2020\/12\/eka_eduskunta2-1-300x228.jpg","type":"","width":"","height":""}],"twitter_card":"summary_large_image","twitter_misc":{"Arvioitu lukuaika":"3 minuuttia"},"schema":{"@context":"https:\/\/schema.org","@graph":[{"@type":"WebPage","@id":"https:\/\/veteraanienperinto.fi\/index.php\/sv\/infobank\/sjalvstandigheten\/fore-sjalvstandigheten\/de-forsta-skedena-i-riksdagens-verksamhet\/","url":"https:\/\/veteraanienperinto.fi\/index.php\/sv\/infobank\/sjalvstandigheten\/fore-sjalvstandigheten\/de-forsta-skedena-i-riksdagens-verksamhet\/","name":"De f\u00f6rsta skedena i riksdagens verksamhet - Veteraanien Perint\u00f6","isPartOf":{"@id":"https:\/\/veteraanienperinto.fi\/#website"},"primaryImageOfPage":{"@id":"https:\/\/veteraanienperinto.fi\/index.php\/sv\/infobank\/sjalvstandigheten\/fore-sjalvstandigheten\/de-forsta-skedena-i-riksdagens-verksamhet\/#primaryimage"},"image":{"@id":"https:\/\/veteraanienperinto.fi\/index.php\/sv\/infobank\/sjalvstandigheten\/fore-sjalvstandigheten\/de-forsta-skedena-i-riksdagens-verksamhet\/#primaryimage"},"thumbnailUrl":"https:\/\/veteraanienperinto.fi\/wp-content\/uploads\/2020\/12\/eka_eduskunta2-1-300x228.jpg","datePublished":"2020-11-19T10:33:40+00:00","dateModified":"2021-01-19T13:35:16+00:00","breadcrumb":{"@id":"https:\/\/veteraanienperinto.fi\/index.php\/sv\/infobank\/sjalvstandigheten\/fore-sjalvstandigheten\/de-forsta-skedena-i-riksdagens-verksamhet\/#breadcrumb"},"inLanguage":"fi","potentialAction":[{"@type":"ReadAction","target":["https:\/\/veteraanienperinto.fi\/index.php\/sv\/infobank\/sjalvstandigheten\/fore-sjalvstandigheten\/de-forsta-skedena-i-riksdagens-verksamhet\/"]}]},{"@type":"ImageObject","inLanguage":"fi","@id":"https:\/\/veteraanienperinto.fi\/index.php\/sv\/infobank\/sjalvstandigheten\/fore-sjalvstandigheten\/de-forsta-skedena-i-riksdagens-verksamhet\/#primaryimage","url":"https:\/\/veteraanienperinto.fi\/wp-content\/uploads\/2020\/12\/eka_eduskunta2-1.jpg","contentUrl":"https:\/\/veteraanienperinto.fi\/wp-content\/uploads\/2020\/12\/eka_eduskunta2-1.jpg","width":370,"height":281},{"@type":"BreadcrumbList","@id":"https:\/\/veteraanienperinto.fi\/index.php\/sv\/infobank\/sjalvstandigheten\/fore-sjalvstandigheten\/de-forsta-skedena-i-riksdagens-verksamhet\/#breadcrumb","itemListElement":[{"@type":"ListItem","position":1,"name":"Etusivu","item":"https:\/\/veteraanienperinto.fi\/index.php\/etusivu-2\/"},{"@type":"ListItem","position":2,"name":"Infobank","item":"https:\/\/veteraanienperinto.fi\/index.php\/sv\/infobank\/"},{"@type":"ListItem","position":3,"name":"Sj\u00e4lvst\u00e4ndigheten","item":"https:\/\/veteraanienperinto.fi\/index.php\/sv\/infobank\/sjalvstandigheten\/"},{"@type":"ListItem","position":4,"name":"F\u00f6re sj\u00e4lvst\u00e4ndigheten","item":"https:\/\/veteraanienperinto.fi\/index.php\/sv\/infobank\/sjalvstandigheten\/fore-sjalvstandigheten\/"},{"@type":"ListItem","position":5,"name":"De f\u00f6rsta skedena i riksdagens verksamhet"}]},{"@type":"WebSite","@id":"https:\/\/veteraanienperinto.fi\/#website","url":"https:\/\/veteraanienperinto.fi\/","name":"Veteraanien Perint\u00f6","description":"Kadettikunta","potentialAction":[{"@type":"SearchAction","target":{"@type":"EntryPoint","urlTemplate":"https:\/\/veteraanienperinto.fi\/?s={search_term_string}"},"query-input":{"@type":"PropertyValueSpecification","valueRequired":true,"valueName":"search_term_string"}}],"inLanguage":"fi"}]}},"_links":{"self":[{"href":"https:\/\/veteraanienperinto.fi\/index.php\/wp-json\/wp\/v2\/pages\/6388","targetHints":{"allow":["GET"]}}],"collection":[{"href":"https:\/\/veteraanienperinto.fi\/index.php\/wp-json\/wp\/v2\/pages"}],"about":[{"href":"https:\/\/veteraanienperinto.fi\/index.php\/wp-json\/wp\/v2\/types\/page"}],"author":[{"embeddable":true,"href":"https:\/\/veteraanienperinto.fi\/index.php\/wp-json\/wp\/v2\/users\/1"}],"replies":[{"embeddable":true,"href":"https:\/\/veteraanienperinto.fi\/index.php\/wp-json\/wp\/v2\/comments?post=6388"}],"version-history":[{"count":4,"href":"https:\/\/veteraanienperinto.fi\/index.php\/wp-json\/wp\/v2\/pages\/6388\/revisions"}],"predecessor-version":[{"id":10128,"href":"https:\/\/veteraanienperinto.fi\/index.php\/wp-json\/wp\/v2\/pages\/6388\/revisions\/10128"}],"up":[{"embeddable":true,"href":"https:\/\/veteraanienperinto.fi\/index.php\/wp-json\/wp\/v2\/pages\/6380"}],"wp:attachment":[{"href":"https:\/\/veteraanienperinto.fi\/index.php\/wp-json\/wp\/v2\/media?parent=6388"}],"curies":[{"name":"wp","href":"https:\/\/api.w.org\/{rel}","templated":true}]}}