{"id":6392,"date":"2020-11-19T10:36:32","date_gmt":"2020-11-19T10:36:32","guid":{"rendered":"https:\/\/veteraani.ylirotu.fi\/?page_id=6392"},"modified":"2021-01-19T13:37:02","modified_gmt":"2021-01-19T13:37:02","slug":"sveaborgsupproret","status":"publish","type":"page","link":"https:\/\/veteraanienperinto.fi\/index.php\/sv\/infobank\/sjalvstandigheten\/fore-sjalvstandigheten\/sveaborgsupproret\/","title":{"rendered":"Sveaborgsupproret"},"content":{"rendered":"<div id='full_slider_1'  class='avia-fullwidth-slider main_color avia-shadow   avia-builder-el-0  el_before_av_heading  avia-builder-el-first   container_wrap sidebar_right'  ><\/div><div id='after_full_slider_1'  class='main_color av_default_container_wrap container_wrap sidebar_right'  ><div class='container av-section-cont-open' ><div class='template-page content  av-content-small alpha units'><div class='post-entry post-entry-type-page post-entry-6392'><div class='entry-content-wrapper clearfix'>\n\n<style type=\"text\/css\" data-created_by=\"avia_inline_auto\" id=\"style-css-av-kk41kaxn-b33c2e227425d426f8e366365affe4f7\">\n#top .av-special-heading.av-kk41kaxn-b33c2e227425d426f8e366365affe4f7{\npadding-bottom:10px;\n}\nbody .av-special-heading.av-kk41kaxn-b33c2e227425d426f8e366365affe4f7 .av-special-heading-tag .heading-char{\nfont-size:25px;\n}\n.av-special-heading.av-kk41kaxn-b33c2e227425d426f8e366365affe4f7 .av-subheading{\nfont-size:15px;\n}\n<\/style>\n<div  class='av-special-heading av-kk41kaxn-b33c2e227425d426f8e366365affe4f7 av-special-heading-h3  avia-builder-el-1  el_after_av_slideshow_full  el_before_av_textblock  avia-builder-el-first '><h3 class='av-special-heading-tag'  itemprop=\"headline\"  >Sveaborgsupproret<\/h3><div class=\"special-heading-border\"><div class=\"special-heading-inner-border\"><\/div><\/div><\/div>\n<section  class='av_textblock_section av-5j0yv-32ffeda666feb1b866033e60570f395d '   itemscope=\"itemscope\" itemtype=\"https:\/\/schema.org\/CreativeWork\" ><div class='avia_textblock'  itemprop=\"text\" ><h3 class=\"art-postheader\" style=\"text-align: left;\">Sveaborgsupproret<\/h3>\n<\/div><\/section>\n<section  class='av_textblock_section av-1uq2vk-d3cbe3f7abdb250f88a70f81d25b85b3 '   itemscope=\"itemscope\" itemtype=\"https:\/\/schema.org\/CreativeWork\" ><div class='avia_textblock'  itemprop=\"text\" ><p><img loading=\"lazy\" decoding=\"async\" class=\"size-medium wp-image-8231 alignright\" src=\"https:\/\/veteraanienperinto.fi\/wp-content\/uploads\/2020\/12\/v-kapina-300x158.jpg\" alt=\"\" width=\"300\" height=\"158\" srcset=\"https:\/\/veteraanienperinto.fi\/wp-content\/uploads\/2020\/12\/v-kapina-300x158.jpg 300w, https:\/\/veteraanienperinto.fi\/wp-content\/uploads\/2020\/12\/v-kapina.jpg 320w\" sizes=\"auto, (max-width: 300px) 100vw, 300px\" \/>Milit\u00e4rens uppror p\u00e5 Sveaborg i b\u00f6rjan av h\u00f6sten 1906 grundade sig till en b\u00f6rjan p\u00e5 m\u00e5nga missh\u00e4lligheter av mindre vikt, vilka utnyttjades av tre unga officerare som g\u00e5tt med i den revolution\u00e4ra verksamheten och st\u00e4llt sig i ledningen f\u00f6r upprorsr\u00f6relsen. Upprorsmakarna hade ocks\u00e5 r\u00e4knat med att f\u00e5 st\u00f6d av andra truppenheter och av de r\u00f6da gardena, men s\u00e5 blev det inte. Endast ett litet antal av r\u00f6dgardisterna\u00a0deltog i upproret.<\/p>\n<p>Regeringstrogna trupper fr\u00e5n flottan och infanteriet slog ner upproret redan inom tre dygn. Ett stort antal helsingforsbor f\u00f6ljde med upproret och hur det slogs ner p\u00e5 Salutorget och i Brunnsparken. F\u00f6r upproret d\u00f6mdes allt som allt 24 personer till d\u00f6den och 890 fick f\u00e4ngelsestraff. Ocks\u00e5 en del r\u00f6dgardister som deltagit i upproret fick f\u00e4ngelsestraff.<\/p>\n<\/div><\/section>\n","protected":false},"excerpt":{"rendered":"","protected":false},"author":1,"featured_media":0,"parent":6380,"menu_order":2,"comment_status":"closed","ping_status":"closed","template":"","meta":{"footnotes":""},"class_list":["post-6392","page","type-page","status-publish","hentry"],"yoast_head":"<!-- This site is optimized with the Yoast SEO plugin v27.4 - https:\/\/yoast.com\/product\/yoast-seo-wordpress\/ -->\n<title>Sveaborgsupproret - Veteraanien Perint\u00f6<\/title>\n<meta name=\"robots\" content=\"index, follow, max-snippet:-1, max-image-preview:large, max-video-preview:-1\" \/>\n<link rel=\"canonical\" href=\"https:\/\/veteraanienperinto.fi\/index.php\/sv\/infobank\/sjalvstandigheten\/fore-sjalvstandigheten\/sveaborgsupproret\/\" \/>\n<meta property=\"og:locale\" content=\"fi_FI\" \/>\n<meta property=\"og:type\" content=\"article\" \/>\n<meta property=\"og:title\" content=\"Sveaborgsupproret - Veteraanien Perint\u00f6\" \/>\n<meta property=\"og:url\" content=\"https:\/\/veteraanienperinto.fi\/index.php\/sv\/infobank\/sjalvstandigheten\/fore-sjalvstandigheten\/sveaborgsupproret\/\" \/>\n<meta property=\"og:site_name\" content=\"Veteraanien Perint\u00f6\" \/>\n<meta property=\"article:modified_time\" content=\"2021-01-19T13:37:02+00:00\" \/>\n<meta property=\"og:image\" content=\"https:\/\/veteraanienperinto.fi\/wp-content\/uploads\/2020\/12\/v-kapina-300x158.jpg\" \/>\n<meta name=\"twitter:card\" content=\"summary_large_image\" \/>\n<meta name=\"twitter:label1\" content=\"Arvioitu lukuaika\" \/>\n\t<meta name=\"twitter:data1\" content=\"2 minuuttia\" \/>\n<script type=\"application\/ld+json\" class=\"yoast-schema-graph\">{\"@context\":\"https:\\\/\\\/schema.org\",\"@graph\":[{\"@type\":\"WebPage\",\"@id\":\"https:\\\/\\\/veteraanienperinto.fi\\\/index.php\\\/sv\\\/infobank\\\/sjalvstandigheten\\\/fore-sjalvstandigheten\\\/sveaborgsupproret\\\/\",\"url\":\"https:\\\/\\\/veteraanienperinto.fi\\\/index.php\\\/sv\\\/infobank\\\/sjalvstandigheten\\\/fore-sjalvstandigheten\\\/sveaborgsupproret\\\/\",\"name\":\"Sveaborgsupproret - Veteraanien Perint\u00f6\",\"isPartOf\":{\"@id\":\"https:\\\/\\\/veteraanienperinto.fi\\\/#website\"},\"primaryImageOfPage\":{\"@id\":\"https:\\\/\\\/veteraanienperinto.fi\\\/index.php\\\/sv\\\/infobank\\\/sjalvstandigheten\\\/fore-sjalvstandigheten\\\/sveaborgsupproret\\\/#primaryimage\"},\"image\":{\"@id\":\"https:\\\/\\\/veteraanienperinto.fi\\\/index.php\\\/sv\\\/infobank\\\/sjalvstandigheten\\\/fore-sjalvstandigheten\\\/sveaborgsupproret\\\/#primaryimage\"},\"thumbnailUrl\":\"https:\\\/\\\/veteraanienperinto.fi\\\/wp-content\\\/uploads\\\/2020\\\/12\\\/v-kapina-300x158.jpg\",\"datePublished\":\"2020-11-19T10:36:32+00:00\",\"dateModified\":\"2021-01-19T13:37:02+00:00\",\"breadcrumb\":{\"@id\":\"https:\\\/\\\/veteraanienperinto.fi\\\/index.php\\\/sv\\\/infobank\\\/sjalvstandigheten\\\/fore-sjalvstandigheten\\\/sveaborgsupproret\\\/#breadcrumb\"},\"inLanguage\":\"fi\",\"potentialAction\":[{\"@type\":\"ReadAction\",\"target\":[\"https:\\\/\\\/veteraanienperinto.fi\\\/index.php\\\/sv\\\/infobank\\\/sjalvstandigheten\\\/fore-sjalvstandigheten\\\/sveaborgsupproret\\\/\"]}]},{\"@type\":\"ImageObject\",\"inLanguage\":\"fi\",\"@id\":\"https:\\\/\\\/veteraanienperinto.fi\\\/index.php\\\/sv\\\/infobank\\\/sjalvstandigheten\\\/fore-sjalvstandigheten\\\/sveaborgsupproret\\\/#primaryimage\",\"url\":\"https:\\\/\\\/veteraanienperinto.fi\\\/wp-content\\\/uploads\\\/2020\\\/12\\\/v-kapina.jpg\",\"contentUrl\":\"https:\\\/\\\/veteraanienperinto.fi\\\/wp-content\\\/uploads\\\/2020\\\/12\\\/v-kapina.jpg\",\"width\":320,\"height\":169},{\"@type\":\"BreadcrumbList\",\"@id\":\"https:\\\/\\\/veteraanienperinto.fi\\\/index.php\\\/sv\\\/infobank\\\/sjalvstandigheten\\\/fore-sjalvstandigheten\\\/sveaborgsupproret\\\/#breadcrumb\",\"itemListElement\":[{\"@type\":\"ListItem\",\"position\":1,\"name\":\"Etusivu\",\"item\":\"https:\\\/\\\/veteraanienperinto.fi\\\/index.php\\\/etusivu-2\\\/\"},{\"@type\":\"ListItem\",\"position\":2,\"name\":\"Infobank\",\"item\":\"https:\\\/\\\/veteraanienperinto.fi\\\/index.php\\\/sv\\\/infobank\\\/\"},{\"@type\":\"ListItem\",\"position\":3,\"name\":\"Sj\u00e4lvst\u00e4ndigheten\",\"item\":\"https:\\\/\\\/veteraanienperinto.fi\\\/index.php\\\/sv\\\/infobank\\\/sjalvstandigheten\\\/\"},{\"@type\":\"ListItem\",\"position\":4,\"name\":\"F\u00f6re sj\u00e4lvst\u00e4ndigheten\",\"item\":\"https:\\\/\\\/veteraanienperinto.fi\\\/index.php\\\/sv\\\/infobank\\\/sjalvstandigheten\\\/fore-sjalvstandigheten\\\/\"},{\"@type\":\"ListItem\",\"position\":5,\"name\":\"Sveaborgsupproret\"}]},{\"@type\":\"WebSite\",\"@id\":\"https:\\\/\\\/veteraanienperinto.fi\\\/#website\",\"url\":\"https:\\\/\\\/veteraanienperinto.fi\\\/\",\"name\":\"Veteraanien Perint\u00f6\",\"description\":\"Kadettikunta\",\"potentialAction\":[{\"@type\":\"SearchAction\",\"target\":{\"@type\":\"EntryPoint\",\"urlTemplate\":\"https:\\\/\\\/veteraanienperinto.fi\\\/?s={search_term_string}\"},\"query-input\":{\"@type\":\"PropertyValueSpecification\",\"valueRequired\":true,\"valueName\":\"search_term_string\"}}],\"inLanguage\":\"fi\"}]}<\/script>\n<!-- \/ Yoast SEO plugin. -->","yoast_head_json":{"title":"Sveaborgsupproret - Veteraanien Perint\u00f6","robots":{"index":"index","follow":"follow","max-snippet":"max-snippet:-1","max-image-preview":"max-image-preview:large","max-video-preview":"max-video-preview:-1"},"canonical":"https:\/\/veteraanienperinto.fi\/index.php\/sv\/infobank\/sjalvstandigheten\/fore-sjalvstandigheten\/sveaborgsupproret\/","og_locale":"fi_FI","og_type":"article","og_title":"Sveaborgsupproret - Veteraanien Perint\u00f6","og_url":"https:\/\/veteraanienperinto.fi\/index.php\/sv\/infobank\/sjalvstandigheten\/fore-sjalvstandigheten\/sveaborgsupproret\/","og_site_name":"Veteraanien Perint\u00f6","article_modified_time":"2021-01-19T13:37:02+00:00","og_image":[{"url":"https:\/\/veteraanienperinto.fi\/wp-content\/uploads\/2020\/12\/v-kapina-300x158.jpg","type":"","width":"","height":""}],"twitter_card":"summary_large_image","twitter_misc":{"Arvioitu lukuaika":"2 minuuttia"},"schema":{"@context":"https:\/\/schema.org","@graph":[{"@type":"WebPage","@id":"https:\/\/veteraanienperinto.fi\/index.php\/sv\/infobank\/sjalvstandigheten\/fore-sjalvstandigheten\/sveaborgsupproret\/","url":"https:\/\/veteraanienperinto.fi\/index.php\/sv\/infobank\/sjalvstandigheten\/fore-sjalvstandigheten\/sveaborgsupproret\/","name":"Sveaborgsupproret - Veteraanien Perint\u00f6","isPartOf":{"@id":"https:\/\/veteraanienperinto.fi\/#website"},"primaryImageOfPage":{"@id":"https:\/\/veteraanienperinto.fi\/index.php\/sv\/infobank\/sjalvstandigheten\/fore-sjalvstandigheten\/sveaborgsupproret\/#primaryimage"},"image":{"@id":"https:\/\/veteraanienperinto.fi\/index.php\/sv\/infobank\/sjalvstandigheten\/fore-sjalvstandigheten\/sveaborgsupproret\/#primaryimage"},"thumbnailUrl":"https:\/\/veteraanienperinto.fi\/wp-content\/uploads\/2020\/12\/v-kapina-300x158.jpg","datePublished":"2020-11-19T10:36:32+00:00","dateModified":"2021-01-19T13:37:02+00:00","breadcrumb":{"@id":"https:\/\/veteraanienperinto.fi\/index.php\/sv\/infobank\/sjalvstandigheten\/fore-sjalvstandigheten\/sveaborgsupproret\/#breadcrumb"},"inLanguage":"fi","potentialAction":[{"@type":"ReadAction","target":["https:\/\/veteraanienperinto.fi\/index.php\/sv\/infobank\/sjalvstandigheten\/fore-sjalvstandigheten\/sveaborgsupproret\/"]}]},{"@type":"ImageObject","inLanguage":"fi","@id":"https:\/\/veteraanienperinto.fi\/index.php\/sv\/infobank\/sjalvstandigheten\/fore-sjalvstandigheten\/sveaborgsupproret\/#primaryimage","url":"https:\/\/veteraanienperinto.fi\/wp-content\/uploads\/2020\/12\/v-kapina.jpg","contentUrl":"https:\/\/veteraanienperinto.fi\/wp-content\/uploads\/2020\/12\/v-kapina.jpg","width":320,"height":169},{"@type":"BreadcrumbList","@id":"https:\/\/veteraanienperinto.fi\/index.php\/sv\/infobank\/sjalvstandigheten\/fore-sjalvstandigheten\/sveaborgsupproret\/#breadcrumb","itemListElement":[{"@type":"ListItem","position":1,"name":"Etusivu","item":"https:\/\/veteraanienperinto.fi\/index.php\/etusivu-2\/"},{"@type":"ListItem","position":2,"name":"Infobank","item":"https:\/\/veteraanienperinto.fi\/index.php\/sv\/infobank\/"},{"@type":"ListItem","position":3,"name":"Sj\u00e4lvst\u00e4ndigheten","item":"https:\/\/veteraanienperinto.fi\/index.php\/sv\/infobank\/sjalvstandigheten\/"},{"@type":"ListItem","position":4,"name":"F\u00f6re sj\u00e4lvst\u00e4ndigheten","item":"https:\/\/veteraanienperinto.fi\/index.php\/sv\/infobank\/sjalvstandigheten\/fore-sjalvstandigheten\/"},{"@type":"ListItem","position":5,"name":"Sveaborgsupproret"}]},{"@type":"WebSite","@id":"https:\/\/veteraanienperinto.fi\/#website","url":"https:\/\/veteraanienperinto.fi\/","name":"Veteraanien Perint\u00f6","description":"Kadettikunta","potentialAction":[{"@type":"SearchAction","target":{"@type":"EntryPoint","urlTemplate":"https:\/\/veteraanienperinto.fi\/?s={search_term_string}"},"query-input":{"@type":"PropertyValueSpecification","valueRequired":true,"valueName":"search_term_string"}}],"inLanguage":"fi"}]}},"_links":{"self":[{"href":"https:\/\/veteraanienperinto.fi\/index.php\/wp-json\/wp\/v2\/pages\/6392","targetHints":{"allow":["GET"]}}],"collection":[{"href":"https:\/\/veteraanienperinto.fi\/index.php\/wp-json\/wp\/v2\/pages"}],"about":[{"href":"https:\/\/veteraanienperinto.fi\/index.php\/wp-json\/wp\/v2\/types\/page"}],"author":[{"embeddable":true,"href":"https:\/\/veteraanienperinto.fi\/index.php\/wp-json\/wp\/v2\/users\/1"}],"replies":[{"embeddable":true,"href":"https:\/\/veteraanienperinto.fi\/index.php\/wp-json\/wp\/v2\/comments?post=6392"}],"version-history":[{"count":4,"href":"https:\/\/veteraanienperinto.fi\/index.php\/wp-json\/wp\/v2\/pages\/6392\/revisions"}],"predecessor-version":[{"id":10130,"href":"https:\/\/veteraanienperinto.fi\/index.php\/wp-json\/wp\/v2\/pages\/6392\/revisions\/10130"}],"up":[{"embeddable":true,"href":"https:\/\/veteraanienperinto.fi\/index.php\/wp-json\/wp\/v2\/pages\/6380"}],"wp:attachment":[{"href":"https:\/\/veteraanienperinto.fi\/index.php\/wp-json\/wp\/v2\/media?parent=6392"}],"curies":[{"name":"wp","href":"https:\/\/api.w.org\/{rel}","templated":true}]}}