{"id":6396,"date":"2020-11-19T10:37:32","date_gmt":"2020-11-19T10:37:32","guid":{"rendered":"https:\/\/veteraani.ylirotu.fi\/?page_id=6396"},"modified":"2021-01-19T13:37:35","modified_gmt":"2021-01-19T13:37:35","slug":"den-andra-fortrycksperioden","status":"publish","type":"page","link":"https:\/\/veteraanienperinto.fi\/index.php\/sv\/infobank\/sjalvstandigheten\/fore-sjalvstandigheten\/den-andra-fortrycksperioden\/","title":{"rendered":"Den andra f\u00f6rtrycksperioden"},"content":{"rendered":"<div id='full_slider_1'  class='avia-fullwidth-slider main_color avia-shadow   avia-builder-el-0  el_before_av_heading  avia-builder-el-first   container_wrap sidebar_right'  ><\/div><div id='after_full_slider_1'  class='main_color av_default_container_wrap container_wrap sidebar_right'  ><div class='container av-section-cont-open' ><div class='template-page content  av-content-small alpha units'><div class='post-entry post-entry-type-page post-entry-6396'><div class='entry-content-wrapper clearfix'>\n\n<style type=\"text\/css\" data-created_by=\"avia_inline_auto\" id=\"style-css-av-kk41l0sj-5b9878516842ea14425d3d8eb594b420\">\n#top .av-special-heading.av-kk41l0sj-5b9878516842ea14425d3d8eb594b420{\npadding-bottom:10px;\n}\nbody .av-special-heading.av-kk41l0sj-5b9878516842ea14425d3d8eb594b420 .av-special-heading-tag .heading-char{\nfont-size:25px;\n}\n.av-special-heading.av-kk41l0sj-5b9878516842ea14425d3d8eb594b420 .av-subheading{\nfont-size:15px;\n}\n<\/style>\n<div  class='av-special-heading av-kk41l0sj-5b9878516842ea14425d3d8eb594b420 av-special-heading-h3  avia-builder-el-1  el_after_av_slideshow_full  el_before_av_textblock  avia-builder-el-first '><h3 class='av-special-heading-tag'  itemprop=\"headline\"  >Den andra f\u00f6rtrycksperioden<\/h3><div class=\"special-heading-border\"><div class=\"special-heading-inner-border\"><\/div><\/div><\/div>\n<section  class='av_textblock_section av-5j0yv-32ffeda666feb1b866033e60570f395d '   itemscope=\"itemscope\" itemtype=\"https:\/\/schema.org\/CreativeWork\" ><div class='avia_textblock'  itemprop=\"text\" ><h3>Den andra f\u00f6rtrycksperioden<\/h3>\n<\/div><\/section>\n<section  class='av_textblock_section av-32iapf-223915a9981876792909afe2cf94dfd4 '   itemscope=\"itemscope\" itemtype=\"https:\/\/schema.org\/CreativeWork\" ><div class='avia_textblock'  itemprop=\"text\" ><p><img loading=\"lazy\" decoding=\"async\" class=\"size-full wp-image-8234 alignright\" src=\"https:\/\/veteraanienperinto.fi\/wp-content\/uploads\/2020\/12\/sorto2-1.jpg\" alt=\"\" width=\"122\" height=\"300\" \/>Efter storstrejken \u00e5r 1905 trodde man allm\u00e4nt i Finland att en ny period av frisinne skulle b\u00f6rja. S\u00e5 skedde inte. Man kan anse att den andra f\u00f6rtrycksperioden b\u00f6rjade fr\u00e5n \u00e5r 1908. Frans Albert Seyn som fungerat som Bobrikovs n\u00e4rmaste underlydande och var k\u00e4nd som hans sj\u00e4lsfr\u00e4nde utn\u00e4mndes d\u00e5 till Finlands generalguvern\u00f6r. F\u00f6rh\u00e5llanden mellan Finland och Ryssland b\u00f6rjade sk\u00e4rpas omedelbart. Redan \u00e5r 1910 offentliggjordes ett manifest om rikslagstiftning.<\/p>\n<p>\u00c5r 1912 stiftades lagen om j\u00e4mst\u00e4llighet, som \u00f6ppnade m\u00f6jligheterna f\u00f6r ryssar ocks\u00e5 till finl\u00e4ndska tj\u00e4nster. I allt mer stegrande takt h\u00f6ll Finland p\u00e5 att bli en del av Ryssland. F\u00f6r att uppr\u00e4tth\u00e5lla sin makt och f\u00f6r att f\u00f6rverkliga de egna s\u00e4kerhetskraven hade Ryssland redan p\u00e5 sommaren 1914 koncentrerat 30 000 soldater till Finland. Finland hade d\u00e5 ingen egen milit\u00e4r.<\/p>\n<\/div><\/section>\n","protected":false},"excerpt":{"rendered":"","protected":false},"author":1,"featured_media":0,"parent":6380,"menu_order":3,"comment_status":"closed","ping_status":"closed","template":"","meta":{"footnotes":""},"class_list":["post-6396","page","type-page","status-publish","hentry"],"yoast_head":"<!-- This site is optimized with the Yoast SEO plugin v27.4 - https:\/\/yoast.com\/product\/yoast-seo-wordpress\/ -->\n<title>Den andra f\u00f6rtrycksperioden - Veteraanien Perint\u00f6<\/title>\n<meta name=\"robots\" content=\"index, follow, max-snippet:-1, max-image-preview:large, max-video-preview:-1\" \/>\n<link rel=\"canonical\" href=\"https:\/\/veteraanienperinto.fi\/index.php\/sv\/infobank\/sjalvstandigheten\/fore-sjalvstandigheten\/den-andra-fortrycksperioden\/\" \/>\n<meta property=\"og:locale\" content=\"fi_FI\" \/>\n<meta property=\"og:type\" content=\"article\" \/>\n<meta property=\"og:title\" content=\"Den andra f\u00f6rtrycksperioden - Veteraanien Perint\u00f6\" \/>\n<meta property=\"og:url\" content=\"https:\/\/veteraanienperinto.fi\/index.php\/sv\/infobank\/sjalvstandigheten\/fore-sjalvstandigheten\/den-andra-fortrycksperioden\/\" \/>\n<meta property=\"og:site_name\" content=\"Veteraanien Perint\u00f6\" \/>\n<meta property=\"article:modified_time\" content=\"2021-01-19T13:37:35+00:00\" \/>\n<meta property=\"og:image\" content=\"https:\/\/veteraanienperinto.fi\/wp-content\/uploads\/2020\/12\/sorto2-1.jpg\" \/>\n<meta name=\"twitter:card\" content=\"summary_large_image\" \/>\n<meta name=\"twitter:label1\" content=\"Arvioitu lukuaika\" \/>\n\t<meta name=\"twitter:data1\" content=\"2 minuuttia\" \/>\n<script type=\"application\/ld+json\" class=\"yoast-schema-graph\">{\"@context\":\"https:\\\/\\\/schema.org\",\"@graph\":[{\"@type\":\"WebPage\",\"@id\":\"https:\\\/\\\/veteraanienperinto.fi\\\/index.php\\\/sv\\\/infobank\\\/sjalvstandigheten\\\/fore-sjalvstandigheten\\\/den-andra-fortrycksperioden\\\/\",\"url\":\"https:\\\/\\\/veteraanienperinto.fi\\\/index.php\\\/sv\\\/infobank\\\/sjalvstandigheten\\\/fore-sjalvstandigheten\\\/den-andra-fortrycksperioden\\\/\",\"name\":\"Den andra f\u00f6rtrycksperioden - Veteraanien Perint\u00f6\",\"isPartOf\":{\"@id\":\"https:\\\/\\\/veteraanienperinto.fi\\\/#website\"},\"primaryImageOfPage\":{\"@id\":\"https:\\\/\\\/veteraanienperinto.fi\\\/index.php\\\/sv\\\/infobank\\\/sjalvstandigheten\\\/fore-sjalvstandigheten\\\/den-andra-fortrycksperioden\\\/#primaryimage\"},\"image\":{\"@id\":\"https:\\\/\\\/veteraanienperinto.fi\\\/index.php\\\/sv\\\/infobank\\\/sjalvstandigheten\\\/fore-sjalvstandigheten\\\/den-andra-fortrycksperioden\\\/#primaryimage\"},\"thumbnailUrl\":\"https:\\\/\\\/veteraanienperinto.fi\\\/wp-content\\\/uploads\\\/2020\\\/12\\\/sorto2-1.jpg\",\"datePublished\":\"2020-11-19T10:37:32+00:00\",\"dateModified\":\"2021-01-19T13:37:35+00:00\",\"breadcrumb\":{\"@id\":\"https:\\\/\\\/veteraanienperinto.fi\\\/index.php\\\/sv\\\/infobank\\\/sjalvstandigheten\\\/fore-sjalvstandigheten\\\/den-andra-fortrycksperioden\\\/#breadcrumb\"},\"inLanguage\":\"fi\",\"potentialAction\":[{\"@type\":\"ReadAction\",\"target\":[\"https:\\\/\\\/veteraanienperinto.fi\\\/index.php\\\/sv\\\/infobank\\\/sjalvstandigheten\\\/fore-sjalvstandigheten\\\/den-andra-fortrycksperioden\\\/\"]}]},{\"@type\":\"ImageObject\",\"inLanguage\":\"fi\",\"@id\":\"https:\\\/\\\/veteraanienperinto.fi\\\/index.php\\\/sv\\\/infobank\\\/sjalvstandigheten\\\/fore-sjalvstandigheten\\\/den-andra-fortrycksperioden\\\/#primaryimage\",\"url\":\"https:\\\/\\\/veteraanienperinto.fi\\\/wp-content\\\/uploads\\\/2020\\\/12\\\/sorto2-1.jpg\",\"contentUrl\":\"https:\\\/\\\/veteraanienperinto.fi\\\/wp-content\\\/uploads\\\/2020\\\/12\\\/sorto2-1.jpg\",\"width\":122,\"height\":300},{\"@type\":\"BreadcrumbList\",\"@id\":\"https:\\\/\\\/veteraanienperinto.fi\\\/index.php\\\/sv\\\/infobank\\\/sjalvstandigheten\\\/fore-sjalvstandigheten\\\/den-andra-fortrycksperioden\\\/#breadcrumb\",\"itemListElement\":[{\"@type\":\"ListItem\",\"position\":1,\"name\":\"Etusivu\",\"item\":\"https:\\\/\\\/veteraanienperinto.fi\\\/index.php\\\/etusivu-2\\\/\"},{\"@type\":\"ListItem\",\"position\":2,\"name\":\"Infobank\",\"item\":\"https:\\\/\\\/veteraanienperinto.fi\\\/index.php\\\/sv\\\/infobank\\\/\"},{\"@type\":\"ListItem\",\"position\":3,\"name\":\"Sj\u00e4lvst\u00e4ndigheten\",\"item\":\"https:\\\/\\\/veteraanienperinto.fi\\\/index.php\\\/sv\\\/infobank\\\/sjalvstandigheten\\\/\"},{\"@type\":\"ListItem\",\"position\":4,\"name\":\"F\u00f6re sj\u00e4lvst\u00e4ndigheten\",\"item\":\"https:\\\/\\\/veteraanienperinto.fi\\\/index.php\\\/sv\\\/infobank\\\/sjalvstandigheten\\\/fore-sjalvstandigheten\\\/\"},{\"@type\":\"ListItem\",\"position\":5,\"name\":\"Den andra f\u00f6rtrycksperioden\"}]},{\"@type\":\"WebSite\",\"@id\":\"https:\\\/\\\/veteraanienperinto.fi\\\/#website\",\"url\":\"https:\\\/\\\/veteraanienperinto.fi\\\/\",\"name\":\"Veteraanien Perint\u00f6\",\"description\":\"Kadettikunta\",\"potentialAction\":[{\"@type\":\"SearchAction\",\"target\":{\"@type\":\"EntryPoint\",\"urlTemplate\":\"https:\\\/\\\/veteraanienperinto.fi\\\/?s={search_term_string}\"},\"query-input\":{\"@type\":\"PropertyValueSpecification\",\"valueRequired\":true,\"valueName\":\"search_term_string\"}}],\"inLanguage\":\"fi\"}]}<\/script>\n<!-- \/ Yoast SEO plugin. -->","yoast_head_json":{"title":"Den andra f\u00f6rtrycksperioden - Veteraanien Perint\u00f6","robots":{"index":"index","follow":"follow","max-snippet":"max-snippet:-1","max-image-preview":"max-image-preview:large","max-video-preview":"max-video-preview:-1"},"canonical":"https:\/\/veteraanienperinto.fi\/index.php\/sv\/infobank\/sjalvstandigheten\/fore-sjalvstandigheten\/den-andra-fortrycksperioden\/","og_locale":"fi_FI","og_type":"article","og_title":"Den andra f\u00f6rtrycksperioden - Veteraanien Perint\u00f6","og_url":"https:\/\/veteraanienperinto.fi\/index.php\/sv\/infobank\/sjalvstandigheten\/fore-sjalvstandigheten\/den-andra-fortrycksperioden\/","og_site_name":"Veteraanien Perint\u00f6","article_modified_time":"2021-01-19T13:37:35+00:00","og_image":[{"url":"https:\/\/veteraanienperinto.fi\/wp-content\/uploads\/2020\/12\/sorto2-1.jpg","type":"","width":"","height":""}],"twitter_card":"summary_large_image","twitter_misc":{"Arvioitu lukuaika":"2 minuuttia"},"schema":{"@context":"https:\/\/schema.org","@graph":[{"@type":"WebPage","@id":"https:\/\/veteraanienperinto.fi\/index.php\/sv\/infobank\/sjalvstandigheten\/fore-sjalvstandigheten\/den-andra-fortrycksperioden\/","url":"https:\/\/veteraanienperinto.fi\/index.php\/sv\/infobank\/sjalvstandigheten\/fore-sjalvstandigheten\/den-andra-fortrycksperioden\/","name":"Den andra f\u00f6rtrycksperioden - Veteraanien Perint\u00f6","isPartOf":{"@id":"https:\/\/veteraanienperinto.fi\/#website"},"primaryImageOfPage":{"@id":"https:\/\/veteraanienperinto.fi\/index.php\/sv\/infobank\/sjalvstandigheten\/fore-sjalvstandigheten\/den-andra-fortrycksperioden\/#primaryimage"},"image":{"@id":"https:\/\/veteraanienperinto.fi\/index.php\/sv\/infobank\/sjalvstandigheten\/fore-sjalvstandigheten\/den-andra-fortrycksperioden\/#primaryimage"},"thumbnailUrl":"https:\/\/veteraanienperinto.fi\/wp-content\/uploads\/2020\/12\/sorto2-1.jpg","datePublished":"2020-11-19T10:37:32+00:00","dateModified":"2021-01-19T13:37:35+00:00","breadcrumb":{"@id":"https:\/\/veteraanienperinto.fi\/index.php\/sv\/infobank\/sjalvstandigheten\/fore-sjalvstandigheten\/den-andra-fortrycksperioden\/#breadcrumb"},"inLanguage":"fi","potentialAction":[{"@type":"ReadAction","target":["https:\/\/veteraanienperinto.fi\/index.php\/sv\/infobank\/sjalvstandigheten\/fore-sjalvstandigheten\/den-andra-fortrycksperioden\/"]}]},{"@type":"ImageObject","inLanguage":"fi","@id":"https:\/\/veteraanienperinto.fi\/index.php\/sv\/infobank\/sjalvstandigheten\/fore-sjalvstandigheten\/den-andra-fortrycksperioden\/#primaryimage","url":"https:\/\/veteraanienperinto.fi\/wp-content\/uploads\/2020\/12\/sorto2-1.jpg","contentUrl":"https:\/\/veteraanienperinto.fi\/wp-content\/uploads\/2020\/12\/sorto2-1.jpg","width":122,"height":300},{"@type":"BreadcrumbList","@id":"https:\/\/veteraanienperinto.fi\/index.php\/sv\/infobank\/sjalvstandigheten\/fore-sjalvstandigheten\/den-andra-fortrycksperioden\/#breadcrumb","itemListElement":[{"@type":"ListItem","position":1,"name":"Etusivu","item":"https:\/\/veteraanienperinto.fi\/index.php\/etusivu-2\/"},{"@type":"ListItem","position":2,"name":"Infobank","item":"https:\/\/veteraanienperinto.fi\/index.php\/sv\/infobank\/"},{"@type":"ListItem","position":3,"name":"Sj\u00e4lvst\u00e4ndigheten","item":"https:\/\/veteraanienperinto.fi\/index.php\/sv\/infobank\/sjalvstandigheten\/"},{"@type":"ListItem","position":4,"name":"F\u00f6re sj\u00e4lvst\u00e4ndigheten","item":"https:\/\/veteraanienperinto.fi\/index.php\/sv\/infobank\/sjalvstandigheten\/fore-sjalvstandigheten\/"},{"@type":"ListItem","position":5,"name":"Den andra f\u00f6rtrycksperioden"}]},{"@type":"WebSite","@id":"https:\/\/veteraanienperinto.fi\/#website","url":"https:\/\/veteraanienperinto.fi\/","name":"Veteraanien Perint\u00f6","description":"Kadettikunta","potentialAction":[{"@type":"SearchAction","target":{"@type":"EntryPoint","urlTemplate":"https:\/\/veteraanienperinto.fi\/?s={search_term_string}"},"query-input":{"@type":"PropertyValueSpecification","valueRequired":true,"valueName":"search_term_string"}}],"inLanguage":"fi"}]}},"_links":{"self":[{"href":"https:\/\/veteraanienperinto.fi\/index.php\/wp-json\/wp\/v2\/pages\/6396","targetHints":{"allow":["GET"]}}],"collection":[{"href":"https:\/\/veteraanienperinto.fi\/index.php\/wp-json\/wp\/v2\/pages"}],"about":[{"href":"https:\/\/veteraanienperinto.fi\/index.php\/wp-json\/wp\/v2\/types\/page"}],"author":[{"embeddable":true,"href":"https:\/\/veteraanienperinto.fi\/index.php\/wp-json\/wp\/v2\/users\/1"}],"replies":[{"embeddable":true,"href":"https:\/\/veteraanienperinto.fi\/index.php\/wp-json\/wp\/v2\/comments?post=6396"}],"version-history":[{"count":4,"href":"https:\/\/veteraanienperinto.fi\/index.php\/wp-json\/wp\/v2\/pages\/6396\/revisions"}],"predecessor-version":[{"id":10132,"href":"https:\/\/veteraanienperinto.fi\/index.php\/wp-json\/wp\/v2\/pages\/6396\/revisions\/10132"}],"up":[{"embeddable":true,"href":"https:\/\/veteraanienperinto.fi\/index.php\/wp-json\/wp\/v2\/pages\/6380"}],"wp:attachment":[{"href":"https:\/\/veteraanienperinto.fi\/index.php\/wp-json\/wp\/v2\/media?parent=6396"}],"curies":[{"name":"wp","href":"https:\/\/api.w.org\/{rel}","templated":true}]}}