{"id":6400,"date":"2020-11-19T10:38:31","date_gmt":"2020-11-19T10:38:31","guid":{"rendered":"https:\/\/veteraani.ylirotu.fi\/?page_id=6400"},"modified":"2021-01-19T13:38:04","modified_gmt":"2021-01-19T13:38:04","slug":"ordningsgardenas-uppkomst","status":"publish","type":"page","link":"https:\/\/veteraanienperinto.fi\/index.php\/sv\/infobank\/sjalvstandigheten\/fore-sjalvstandigheten\/ordningsgardenas-uppkomst\/","title":{"rendered":"Ordningsgardenas uppkomst"},"content":{"rendered":"<div id='full_slider_1'  class='avia-fullwidth-slider main_color avia-shadow   avia-builder-el-0  el_before_av_heading  avia-builder-el-first   container_wrap sidebar_right'  ><\/div><div id='after_full_slider_1'  class='main_color av_default_container_wrap container_wrap sidebar_right'  ><div class='container av-section-cont-open' ><div class='template-page content  av-content-small alpha units'><div class='post-entry post-entry-type-page post-entry-6400'><div class='entry-content-wrapper clearfix'>\n\n<style type=\"text\/css\" data-created_by=\"avia_inline_auto\" id=\"style-css-av-kk41lms1-2106751fdf1a2310fed56475241e0f27\">\n#top .av-special-heading.av-kk41lms1-2106751fdf1a2310fed56475241e0f27{\npadding-bottom:10px;\n}\nbody .av-special-heading.av-kk41lms1-2106751fdf1a2310fed56475241e0f27 .av-special-heading-tag .heading-char{\nfont-size:25px;\n}\n.av-special-heading.av-kk41lms1-2106751fdf1a2310fed56475241e0f27 .av-subheading{\nfont-size:15px;\n}\n<\/style>\n<div  class='av-special-heading av-kk41lms1-2106751fdf1a2310fed56475241e0f27 av-special-heading-h3  avia-builder-el-1  el_after_av_slideshow_full  el_before_av_textblock  avia-builder-el-first '><h3 class='av-special-heading-tag'  itemprop=\"headline\"  >Ordningsgardenas uppkomst<\/h3><div class=\"special-heading-border\"><div class=\"special-heading-inner-border\"><\/div><\/div><\/div>\n<section  class='av_textblock_section av-5j0yv-32ffeda666feb1b866033e60570f395d '   itemscope=\"itemscope\" itemtype=\"https:\/\/schema.org\/CreativeWork\" ><div class='avia_textblock'  itemprop=\"text\" ><h3 class=\"art-postheader\" style=\"text-align: left;\">Ordningsgardenas uppkomst<\/h3>\n<\/div><\/section>\n<section  class='av_textblock_section av-2xj43a-5aa445261e3ee741edca0322f95777f6 '   itemscope=\"itemscope\" itemtype=\"https:\/\/schema.org\/CreativeWork\" ><div class='avia_textblock'  itemprop=\"text\" ><p><img loading=\"lazy\" decoding=\"async\" class=\"size-medium wp-image-8237 alignright\" src=\"https:\/\/veteraanienperinto.fi\/wp-content\/uploads\/2020\/12\/jarjest1-300x191.jpg\" alt=\"\" width=\"300\" height=\"191\" srcset=\"https:\/\/veteraanienperinto.fi\/wp-content\/uploads\/2020\/12\/jarjest1-300x191.jpg 300w, https:\/\/veteraanienperinto.fi\/wp-content\/uploads\/2020\/12\/jarjest1.jpg 350w\" sizes=\"auto, (max-width: 300px) 100vw, 300px\" \/>F\u00f6r att undvika huliganism och plundring hade man redan under storstrejken \u00e5r 1905 inr\u00e4ttat olika slags garden. De var delvis finansierade och utrustade med allm\u00e4nna medel. Efter att den egna milit\u00e4ren uppl\u00f6sts fanns det ingen annan ordningsmakt i Finland \u00e4n ryskt krigsfolk och av frivilliga personer sammansatta garden, r\u00f6da garden och skyddsk\u00e5rer. Det fanns likv\u00e4l ocks\u00e5 personer inom de r\u00f6da gardena som i och med storstrejken hyste tankar p\u00e5 en revolution med v\u00e5ld vid behov. Man hade ocks\u00e5 kontakter med de revolution\u00e4ra bolsjevikerna.<\/p>\n<p>Uppdelningen i r\u00f6da garden och skyddsk\u00e5rer som uppst\u00e5tt i Helsingfors under storstrejken spred sig under v\u00e5ren 1906 ocks\u00e5 till andra orter i landet. Med myndigheternas st\u00f6d inr\u00e4ttades skyddsk\u00e5rer till polisens hj\u00e4lp f\u00f6r uppr\u00e4tth\u00e5llande av ordningen och f\u00f6r att lugna ner oroligheterna bland arbetarbefolkningen. I Helsingfors uppst\u00e4lldes en 700 man stark polisreserv, som inf\u00f6rlivades med den lokala skyddsk\u00e5ren.<\/p>\n<p>F\u00f6re detta officerare togs in i skyddsk\u00e5rens ledning och bland manskapet fanns ett stort antal studenter. I arbetarbefolkningens tycke riktade sig f\u00f6rst\u00e4rkandet av skyddsk\u00e5rerna uttryckligen mot arbetarbefolkningens aktiva verksamhet.<\/p>\n<p>I Hagn\u00e4s i Helsingfors intr\u00e4ffade i augusti 1906 ett tumult med anslutning till Sveaborgsupproret och sp\u00e5rvagnsstrejken, d\u00e4r det r\u00f6da gardet och skyddsk\u00e5ren kom att st\u00e5 mot varandra. Flera personer blev d\u00f6dade vid skjutandet. F\u00f6ljden blev att de r\u00f6da gardenas verksamhet f\u00f6rsv\u00e5rades. De upph\u00f6rde ocks\u00e5 med sin officiella verksamhet redan p\u00e5 h\u00f6sten 1906.<\/p>\n<p>Den borgerliga aktivistr\u00f6relsen inr\u00e4ttade \u00e5 sin sida Voima-f\u00f6rbundet \u00e5r 1906. Det var avsett som en slags hela folkets skyddsk\u00e5r. Inom det fanns slutligen 8000 medlemmar. Likv\u00e4l var det bara n\u00e5gon enstaka arbetaraktivist som ansl\u00f6t sig till organisationen. I Ryssland hyste man misstro mot Voima-f\u00f6rbundet och senaten uppl\u00f6ste det redan i november 1906.<\/p>\n<\/div><\/section>\n","protected":false},"excerpt":{"rendered":"","protected":false},"author":1,"featured_media":0,"parent":6380,"menu_order":4,"comment_status":"closed","ping_status":"closed","template":"","meta":{"footnotes":""},"class_list":["post-6400","page","type-page","status-publish","hentry"],"yoast_head":"<!-- This site is optimized with the Yoast SEO plugin v27.5 - https:\/\/yoast.com\/product\/yoast-seo-wordpress\/ -->\n<title>Ordningsgardenas uppkomst - Veteraanien Perint\u00f6<\/title>\n<meta name=\"robots\" content=\"index, follow, max-snippet:-1, max-image-preview:large, max-video-preview:-1\" \/>\n<link rel=\"canonical\" href=\"https:\/\/veteraanienperinto.fi\/index.php\/sv\/infobank\/sjalvstandigheten\/fore-sjalvstandigheten\/ordningsgardenas-uppkomst\/\" \/>\n<meta property=\"og:locale\" content=\"fi_FI\" \/>\n<meta property=\"og:type\" content=\"article\" \/>\n<meta property=\"og:title\" content=\"Ordningsgardenas uppkomst - Veteraanien Perint\u00f6\" \/>\n<meta property=\"og:url\" content=\"https:\/\/veteraanienperinto.fi\/index.php\/sv\/infobank\/sjalvstandigheten\/fore-sjalvstandigheten\/ordningsgardenas-uppkomst\/\" \/>\n<meta property=\"og:site_name\" content=\"Veteraanien Perint\u00f6\" \/>\n<meta property=\"article:modified_time\" content=\"2021-01-19T13:38:04+00:00\" \/>\n<meta property=\"og:image\" content=\"https:\/\/veteraanienperinto.fi\/wp-content\/uploads\/2020\/12\/jarjest1-300x191.jpg\" \/>\n<meta name=\"twitter:card\" content=\"summary_large_image\" \/>\n<meta name=\"twitter:label1\" content=\"Arvioitu lukuaika\" \/>\n\t<meta name=\"twitter:data1\" content=\"3 minuuttia\" \/>\n<script type=\"application\/ld+json\" class=\"yoast-schema-graph\">{\"@context\":\"https:\\\/\\\/schema.org\",\"@graph\":[{\"@type\":\"WebPage\",\"@id\":\"https:\\\/\\\/veteraanienperinto.fi\\\/index.php\\\/sv\\\/infobank\\\/sjalvstandigheten\\\/fore-sjalvstandigheten\\\/ordningsgardenas-uppkomst\\\/\",\"url\":\"https:\\\/\\\/veteraanienperinto.fi\\\/index.php\\\/sv\\\/infobank\\\/sjalvstandigheten\\\/fore-sjalvstandigheten\\\/ordningsgardenas-uppkomst\\\/\",\"name\":\"Ordningsgardenas uppkomst - Veteraanien Perint\u00f6\",\"isPartOf\":{\"@id\":\"https:\\\/\\\/veteraanienperinto.fi\\\/#website\"},\"primaryImageOfPage\":{\"@id\":\"https:\\\/\\\/veteraanienperinto.fi\\\/index.php\\\/sv\\\/infobank\\\/sjalvstandigheten\\\/fore-sjalvstandigheten\\\/ordningsgardenas-uppkomst\\\/#primaryimage\"},\"image\":{\"@id\":\"https:\\\/\\\/veteraanienperinto.fi\\\/index.php\\\/sv\\\/infobank\\\/sjalvstandigheten\\\/fore-sjalvstandigheten\\\/ordningsgardenas-uppkomst\\\/#primaryimage\"},\"thumbnailUrl\":\"https:\\\/\\\/veteraanienperinto.fi\\\/wp-content\\\/uploads\\\/2020\\\/12\\\/jarjest1-300x191.jpg\",\"datePublished\":\"2020-11-19T10:38:31+00:00\",\"dateModified\":\"2021-01-19T13:38:04+00:00\",\"breadcrumb\":{\"@id\":\"https:\\\/\\\/veteraanienperinto.fi\\\/index.php\\\/sv\\\/infobank\\\/sjalvstandigheten\\\/fore-sjalvstandigheten\\\/ordningsgardenas-uppkomst\\\/#breadcrumb\"},\"inLanguage\":\"fi\",\"potentialAction\":[{\"@type\":\"ReadAction\",\"target\":[\"https:\\\/\\\/veteraanienperinto.fi\\\/index.php\\\/sv\\\/infobank\\\/sjalvstandigheten\\\/fore-sjalvstandigheten\\\/ordningsgardenas-uppkomst\\\/\"]}]},{\"@type\":\"ImageObject\",\"inLanguage\":\"fi\",\"@id\":\"https:\\\/\\\/veteraanienperinto.fi\\\/index.php\\\/sv\\\/infobank\\\/sjalvstandigheten\\\/fore-sjalvstandigheten\\\/ordningsgardenas-uppkomst\\\/#primaryimage\",\"url\":\"https:\\\/\\\/veteraanienperinto.fi\\\/wp-content\\\/uploads\\\/2020\\\/12\\\/jarjest1.jpg\",\"contentUrl\":\"https:\\\/\\\/veteraanienperinto.fi\\\/wp-content\\\/uploads\\\/2020\\\/12\\\/jarjest1.jpg\",\"width\":350,\"height\":223},{\"@type\":\"BreadcrumbList\",\"@id\":\"https:\\\/\\\/veteraanienperinto.fi\\\/index.php\\\/sv\\\/infobank\\\/sjalvstandigheten\\\/fore-sjalvstandigheten\\\/ordningsgardenas-uppkomst\\\/#breadcrumb\",\"itemListElement\":[{\"@type\":\"ListItem\",\"position\":1,\"name\":\"Etusivu\",\"item\":\"https:\\\/\\\/veteraanienperinto.fi\\\/index.php\\\/etusivu-2\\\/\"},{\"@type\":\"ListItem\",\"position\":2,\"name\":\"Infobank\",\"item\":\"https:\\\/\\\/veteraanienperinto.fi\\\/index.php\\\/sv\\\/infobank\\\/\"},{\"@type\":\"ListItem\",\"position\":3,\"name\":\"Sj\u00e4lvst\u00e4ndigheten\",\"item\":\"https:\\\/\\\/veteraanienperinto.fi\\\/index.php\\\/sv\\\/infobank\\\/sjalvstandigheten\\\/\"},{\"@type\":\"ListItem\",\"position\":4,\"name\":\"F\u00f6re sj\u00e4lvst\u00e4ndigheten\",\"item\":\"https:\\\/\\\/veteraanienperinto.fi\\\/index.php\\\/sv\\\/infobank\\\/sjalvstandigheten\\\/fore-sjalvstandigheten\\\/\"},{\"@type\":\"ListItem\",\"position\":5,\"name\":\"Ordningsgardenas uppkomst\"}]},{\"@type\":\"WebSite\",\"@id\":\"https:\\\/\\\/veteraanienperinto.fi\\\/#website\",\"url\":\"https:\\\/\\\/veteraanienperinto.fi\\\/\",\"name\":\"Veteraanien Perint\u00f6\",\"description\":\"Kadettikunta\",\"potentialAction\":[{\"@type\":\"SearchAction\",\"target\":{\"@type\":\"EntryPoint\",\"urlTemplate\":\"https:\\\/\\\/veteraanienperinto.fi\\\/?s={search_term_string}\"},\"query-input\":{\"@type\":\"PropertyValueSpecification\",\"valueRequired\":true,\"valueName\":\"search_term_string\"}}],\"inLanguage\":\"fi\"}]}<\/script>\n<!-- \/ Yoast SEO plugin. -->","yoast_head_json":{"title":"Ordningsgardenas uppkomst - Veteraanien Perint\u00f6","robots":{"index":"index","follow":"follow","max-snippet":"max-snippet:-1","max-image-preview":"max-image-preview:large","max-video-preview":"max-video-preview:-1"},"canonical":"https:\/\/veteraanienperinto.fi\/index.php\/sv\/infobank\/sjalvstandigheten\/fore-sjalvstandigheten\/ordningsgardenas-uppkomst\/","og_locale":"fi_FI","og_type":"article","og_title":"Ordningsgardenas uppkomst - Veteraanien Perint\u00f6","og_url":"https:\/\/veteraanienperinto.fi\/index.php\/sv\/infobank\/sjalvstandigheten\/fore-sjalvstandigheten\/ordningsgardenas-uppkomst\/","og_site_name":"Veteraanien Perint\u00f6","article_modified_time":"2021-01-19T13:38:04+00:00","og_image":[{"url":"https:\/\/veteraanienperinto.fi\/wp-content\/uploads\/2020\/12\/jarjest1-300x191.jpg","type":"","width":"","height":""}],"twitter_card":"summary_large_image","twitter_misc":{"Arvioitu lukuaika":"3 minuuttia"},"schema":{"@context":"https:\/\/schema.org","@graph":[{"@type":"WebPage","@id":"https:\/\/veteraanienperinto.fi\/index.php\/sv\/infobank\/sjalvstandigheten\/fore-sjalvstandigheten\/ordningsgardenas-uppkomst\/","url":"https:\/\/veteraanienperinto.fi\/index.php\/sv\/infobank\/sjalvstandigheten\/fore-sjalvstandigheten\/ordningsgardenas-uppkomst\/","name":"Ordningsgardenas uppkomst - Veteraanien Perint\u00f6","isPartOf":{"@id":"https:\/\/veteraanienperinto.fi\/#website"},"primaryImageOfPage":{"@id":"https:\/\/veteraanienperinto.fi\/index.php\/sv\/infobank\/sjalvstandigheten\/fore-sjalvstandigheten\/ordningsgardenas-uppkomst\/#primaryimage"},"image":{"@id":"https:\/\/veteraanienperinto.fi\/index.php\/sv\/infobank\/sjalvstandigheten\/fore-sjalvstandigheten\/ordningsgardenas-uppkomst\/#primaryimage"},"thumbnailUrl":"https:\/\/veteraanienperinto.fi\/wp-content\/uploads\/2020\/12\/jarjest1-300x191.jpg","datePublished":"2020-11-19T10:38:31+00:00","dateModified":"2021-01-19T13:38:04+00:00","breadcrumb":{"@id":"https:\/\/veteraanienperinto.fi\/index.php\/sv\/infobank\/sjalvstandigheten\/fore-sjalvstandigheten\/ordningsgardenas-uppkomst\/#breadcrumb"},"inLanguage":"fi","potentialAction":[{"@type":"ReadAction","target":["https:\/\/veteraanienperinto.fi\/index.php\/sv\/infobank\/sjalvstandigheten\/fore-sjalvstandigheten\/ordningsgardenas-uppkomst\/"]}]},{"@type":"ImageObject","inLanguage":"fi","@id":"https:\/\/veteraanienperinto.fi\/index.php\/sv\/infobank\/sjalvstandigheten\/fore-sjalvstandigheten\/ordningsgardenas-uppkomst\/#primaryimage","url":"https:\/\/veteraanienperinto.fi\/wp-content\/uploads\/2020\/12\/jarjest1.jpg","contentUrl":"https:\/\/veteraanienperinto.fi\/wp-content\/uploads\/2020\/12\/jarjest1.jpg","width":350,"height":223},{"@type":"BreadcrumbList","@id":"https:\/\/veteraanienperinto.fi\/index.php\/sv\/infobank\/sjalvstandigheten\/fore-sjalvstandigheten\/ordningsgardenas-uppkomst\/#breadcrumb","itemListElement":[{"@type":"ListItem","position":1,"name":"Etusivu","item":"https:\/\/veteraanienperinto.fi\/index.php\/etusivu-2\/"},{"@type":"ListItem","position":2,"name":"Infobank","item":"https:\/\/veteraanienperinto.fi\/index.php\/sv\/infobank\/"},{"@type":"ListItem","position":3,"name":"Sj\u00e4lvst\u00e4ndigheten","item":"https:\/\/veteraanienperinto.fi\/index.php\/sv\/infobank\/sjalvstandigheten\/"},{"@type":"ListItem","position":4,"name":"F\u00f6re sj\u00e4lvst\u00e4ndigheten","item":"https:\/\/veteraanienperinto.fi\/index.php\/sv\/infobank\/sjalvstandigheten\/fore-sjalvstandigheten\/"},{"@type":"ListItem","position":5,"name":"Ordningsgardenas uppkomst"}]},{"@type":"WebSite","@id":"https:\/\/veteraanienperinto.fi\/#website","url":"https:\/\/veteraanienperinto.fi\/","name":"Veteraanien Perint\u00f6","description":"Kadettikunta","potentialAction":[{"@type":"SearchAction","target":{"@type":"EntryPoint","urlTemplate":"https:\/\/veteraanienperinto.fi\/?s={search_term_string}"},"query-input":{"@type":"PropertyValueSpecification","valueRequired":true,"valueName":"search_term_string"}}],"inLanguage":"fi"}]}},"_links":{"self":[{"href":"https:\/\/veteraanienperinto.fi\/index.php\/wp-json\/wp\/v2\/pages\/6400","targetHints":{"allow":["GET"]}}],"collection":[{"href":"https:\/\/veteraanienperinto.fi\/index.php\/wp-json\/wp\/v2\/pages"}],"about":[{"href":"https:\/\/veteraanienperinto.fi\/index.php\/wp-json\/wp\/v2\/types\/page"}],"author":[{"embeddable":true,"href":"https:\/\/veteraanienperinto.fi\/index.php\/wp-json\/wp\/v2\/users\/1"}],"replies":[{"embeddable":true,"href":"https:\/\/veteraanienperinto.fi\/index.php\/wp-json\/wp\/v2\/comments?post=6400"}],"version-history":[{"count":4,"href":"https:\/\/veteraanienperinto.fi\/index.php\/wp-json\/wp\/v2\/pages\/6400\/revisions"}],"predecessor-version":[{"id":10134,"href":"https:\/\/veteraanienperinto.fi\/index.php\/wp-json\/wp\/v2\/pages\/6400\/revisions\/10134"}],"up":[{"embeddable":true,"href":"https:\/\/veteraanienperinto.fi\/index.php\/wp-json\/wp\/v2\/pages\/6380"}],"wp:attachment":[{"href":"https:\/\/veteraanienperinto.fi\/index.php\/wp-json\/wp\/v2\/media?parent=6400"}],"curies":[{"name":"wp","href":"https:\/\/api.w.org\/{rel}","templated":true}]}}