{"id":6420,"date":"2020-11-19T10:53:22","date_gmt":"2020-11-19T10:53:22","guid":{"rendered":"https:\/\/veteraani.ylirotu.fi\/?page_id=6420"},"modified":"2021-01-19T13:41:27","modified_gmt":"2021-01-19T13:41:27","slug":"de-roda-gardena-och-skyddskarerna-ar-1917","status":"publish","type":"page","link":"https:\/\/veteraanienperinto.fi\/index.php\/sv\/infobank\/sjalvstandigheten\/efter-sjalvstandigheten\/de-roda-gardena-och-skyddskarerna-ar-1917\/","title":{"rendered":"De r\u00f6da gardena och skyddsk\u00e5rerna \u00e5r 1917"},"content":{"rendered":"<div id='full_slider_1'  class='avia-fullwidth-slider main_color avia-shadow   avia-builder-el-0  el_before_av_heading  avia-builder-el-first   container_wrap sidebar_right'  ><\/div><div id='after_full_slider_1'  class='main_color av_default_container_wrap container_wrap sidebar_right'  ><div class='container av-section-cont-open' ><div class='template-page content  av-content-small alpha units'><div class='post-entry post-entry-type-page post-entry-6420'><div class='entry-content-wrapper clearfix'>\n\n<style type=\"text\/css\" data-created_by=\"avia_inline_auto\" id=\"style-css-av-kk41pzg9-5c1a53a3b9138d4d92b453aa83491bd5\">\n#top .av-special-heading.av-kk41pzg9-5c1a53a3b9138d4d92b453aa83491bd5{\npadding-bottom:10px;\n}\nbody .av-special-heading.av-kk41pzg9-5c1a53a3b9138d4d92b453aa83491bd5 .av-special-heading-tag .heading-char{\nfont-size:25px;\n}\n.av-special-heading.av-kk41pzg9-5c1a53a3b9138d4d92b453aa83491bd5 .av-subheading{\nfont-size:15px;\n}\n<\/style>\n<div  class='av-special-heading av-kk41pzg9-5c1a53a3b9138d4d92b453aa83491bd5 av-special-heading-h3  avia-builder-el-1  el_after_av_slideshow_full  el_before_av_textblock  avia-builder-el-first '><h3 class='av-special-heading-tag'  itemprop=\"headline\"  >De r\u00f6da gardena och skyddsk\u00e5rerna \u00e5r 1917<\/h3><div class=\"special-heading-border\"><div class=\"special-heading-inner-border\"><\/div><\/div><\/div>\n<section  class='av_textblock_section av-201hbg-64a166ba3bd36828c34956824f4e54f6 '   itemscope=\"itemscope\" itemtype=\"https:\/\/schema.org\/CreativeWork\" ><div class='avia_textblock'  itemprop=\"text\" ><p><img loading=\"lazy\" decoding=\"async\" class=\"size-medium wp-image-8250 alignright\" src=\"https:\/\/veteraanienperinto.fi\/wp-content\/uploads\/2020\/12\/pun-val1-300x144.jpg\" alt=\"\" width=\"300\" height=\"144\" srcset=\"https:\/\/veteraanienperinto.fi\/wp-content\/uploads\/2020\/12\/pun-val1-300x144.jpg 300w, https:\/\/veteraanienperinto.fi\/wp-content\/uploads\/2020\/12\/pun-val1.jpg 320w\" sizes=\"auto, (max-width: 300px) 100vw, 300px\" \/>D\u00e5 revolutionen som brutit ut i Ryssland i mars 1917 ocks\u00e5 hade spridit sig till Finland beh\u00f6vde man nya styrkor i v\u00e5rt land som svarade f\u00f6r ordningen. Polisen som varit kejsarens st\u00f6d hade uppl\u00f6sts och det fanns inte egen milit\u00e4r i v\u00e5rt land. Uppgifterna att uppr\u00e4tth\u00e5lla ordningen hade tillf\u00e4lligt \u00f6verf\u00f6rts p\u00e5 s\u00e5 kallade kommunala miliser. Det var \u00e4nd\u00e5 fortfarande ett stort problem att uppr\u00e4tth\u00e5lla ordningen.<\/p>\n<p>Det kaotiska l\u00e4get som f\u00f6rorsakats av revolutionen, exemplet som man f\u00e5tt fr\u00e5n Ryssland samt behovet att uppr\u00e4tth\u00e5lla ordningen utgjorde enligt modell fr\u00e5n \u00e5r 1905 grunden f\u00f6r inr\u00e4ttandet av de f\u00f6rsta r\u00f6da gardena bland arbetarbefolkningen redan i mars 1917. Garden bildades under de f\u00f6ljande m\u00e5naderna ocks\u00e5 f\u00f6r tv\u00e5ngsrekvirering av livsmedel och f\u00f6r bevakning av lager, f\u00f6r strejkvaktuppgifter samt f\u00f6r uppr\u00e4tth\u00e5llande av ordningen vid demonstrationer. De r\u00f6da gardena deltog ocks\u00e5 i p\u00e5tryckningen mot lantdagen.<\/p>\n<p>De r\u00f6da gardena fr\u00e5n \u00e5r 1917 var framf\u00f6r allt klasskampsgarden. Arbetarbefolkningen inr\u00e4ttade dem f\u00f6r att driva sina klassintressen. Till en b\u00f6rjan var st\u00f6rsta delen av gardisterna inte beredda att g\u00e5 till v\u00e4pnad kamp. Man hade f\u00f6r avsikt att ta makten i bos\u00e4ttningscentra, och trodde att den borgerliga makten skulle rasa samman d\u00e4refter.<\/p>\n<p>R\u00f6da garden inr\u00e4ttades runt om i landet och inom dessa fanns 30 000 personer i oktober 1917. Antalet minskade likv\u00e4l f\u00f6re f\u00f6ljande januari till 25 000.<\/p>\n<p>Inr\u00e4ttandet av skyddsk\u00e5rer b\u00f6rjade ocks\u00e5 i mars 1917. Till dessa ansl\u00f6t sig personer fr\u00e5n olika samh\u00e4llsskikt b\u00e5de i st\u00e4derna och p\u00e5 landsbygden, f\u00e5 likv\u00e4l fr\u00e5n den egentliga arbetarbefolkningen. Skyddsk\u00e5rernas m\u00e5l var i huvudsak att garantera den egna s\u00e4kerheten. F\u00f6rst senare fick skyddsk\u00e5rerna en betydande st\u00e4llning som st\u00f6d f\u00f6r sj\u00e4lvst\u00e4ndighetspolitiken. En del skyddsk\u00e5rer inr\u00e4ttades som en direkt motvikt till det lokala r\u00f6da gardet. Under de f\u00f6ljande m\u00e5naderna b\u00f6rjade mots\u00e4ttningen mellan skyddsk\u00e5rerna och de r\u00f6da gardena framtr\u00e4da allt tydligare. Vid vissa livsmedelsupplopp och arbetskonflikter var dessa tv\u00e5 garden f\u00f6r f\u00f6rsta g\u00e5ngen p\u00e5 olika sidor. F\u00f6r att f\u00f6rst\u00e4rka sin st\u00e4llning str\u00e4vade vardera gardet efter att skaffa vapen. B\u00e5de de r\u00f6da gardena och skyddsk\u00e5rerna hade ca 10 000 gev\u00e4r i b\u00f6rjan av januari 1918. Skyddsk\u00e5rernas styrka v\u00e4xte under samma m\u00e5nad redan till 40 000 man.<\/p>\n<p>P\u00e5 h\u00f6sten 1917 sk\u00e4rptes attityderna snabbt mellan de r\u00f6da gardena och skyddsk\u00e5rerna. Mots\u00e4ttningen mellan organisationerna som fr\u00e5n b\u00f6rjan str\u00e4vat efter att uppr\u00e4tth\u00e5lla ordning och s\u00e4kerhet stakade f\u00f6r sin del ut v\u00e4gen till frihets-medborgarkriget som br\u00f6t ut i januari 1918.<\/p>\n<\/div><\/section>\n","protected":false},"excerpt":{"rendered":"","protected":false},"author":1,"featured_media":0,"parent":6412,"menu_order":1,"comment_status":"closed","ping_status":"closed","template":"","meta":{"footnotes":""},"class_list":["post-6420","page","type-page","status-publish","hentry"],"yoast_head":"<!-- This site is optimized with the Yoast SEO plugin v27.5 - https:\/\/yoast.com\/product\/yoast-seo-wordpress\/ -->\n<title>De r\u00f6da gardena och skyddsk\u00e5rerna \u00e5r 1917 - Veteraanien Perint\u00f6<\/title>\n<meta name=\"robots\" content=\"index, follow, max-snippet:-1, max-image-preview:large, max-video-preview:-1\" \/>\n<link rel=\"canonical\" href=\"https:\/\/veteraanienperinto.fi\/index.php\/sv\/infobank\/sjalvstandigheten\/efter-sjalvstandigheten\/de-roda-gardena-och-skyddskarerna-ar-1917\/\" \/>\n<meta property=\"og:locale\" content=\"fi_FI\" \/>\n<meta property=\"og:type\" content=\"article\" \/>\n<meta property=\"og:title\" content=\"De r\u00f6da gardena och skyddsk\u00e5rerna \u00e5r 1917 - Veteraanien Perint\u00f6\" \/>\n<meta property=\"og:url\" content=\"https:\/\/veteraanienperinto.fi\/index.php\/sv\/infobank\/sjalvstandigheten\/efter-sjalvstandigheten\/de-roda-gardena-och-skyddskarerna-ar-1917\/\" \/>\n<meta property=\"og:site_name\" content=\"Veteraanien Perint\u00f6\" \/>\n<meta property=\"article:modified_time\" content=\"2021-01-19T13:41:27+00:00\" \/>\n<meta property=\"og:image\" content=\"https:\/\/veteraanienperinto.fi\/wp-content\/uploads\/2020\/12\/pun-val1-300x144.jpg\" \/>\n<meta name=\"twitter:card\" content=\"summary_large_image\" \/>\n<meta name=\"twitter:label1\" content=\"Arvioitu lukuaika\" \/>\n\t<meta name=\"twitter:data1\" content=\"3 minuuttia\" \/>\n<script type=\"application\/ld+json\" class=\"yoast-schema-graph\">{\"@context\":\"https:\\\/\\\/schema.org\",\"@graph\":[{\"@type\":\"WebPage\",\"@id\":\"https:\\\/\\\/veteraanienperinto.fi\\\/index.php\\\/sv\\\/infobank\\\/sjalvstandigheten\\\/efter-sjalvstandigheten\\\/de-roda-gardena-och-skyddskarerna-ar-1917\\\/\",\"url\":\"https:\\\/\\\/veteraanienperinto.fi\\\/index.php\\\/sv\\\/infobank\\\/sjalvstandigheten\\\/efter-sjalvstandigheten\\\/de-roda-gardena-och-skyddskarerna-ar-1917\\\/\",\"name\":\"De r\u00f6da gardena och skyddsk\u00e5rerna \u00e5r 1917 - Veteraanien Perint\u00f6\",\"isPartOf\":{\"@id\":\"https:\\\/\\\/veteraanienperinto.fi\\\/#website\"},\"primaryImageOfPage\":{\"@id\":\"https:\\\/\\\/veteraanienperinto.fi\\\/index.php\\\/sv\\\/infobank\\\/sjalvstandigheten\\\/efter-sjalvstandigheten\\\/de-roda-gardena-och-skyddskarerna-ar-1917\\\/#primaryimage\"},\"image\":{\"@id\":\"https:\\\/\\\/veteraanienperinto.fi\\\/index.php\\\/sv\\\/infobank\\\/sjalvstandigheten\\\/efter-sjalvstandigheten\\\/de-roda-gardena-och-skyddskarerna-ar-1917\\\/#primaryimage\"},\"thumbnailUrl\":\"https:\\\/\\\/veteraanienperinto.fi\\\/wp-content\\\/uploads\\\/2020\\\/12\\\/pun-val1-300x144.jpg\",\"datePublished\":\"2020-11-19T10:53:22+00:00\",\"dateModified\":\"2021-01-19T13:41:27+00:00\",\"breadcrumb\":{\"@id\":\"https:\\\/\\\/veteraanienperinto.fi\\\/index.php\\\/sv\\\/infobank\\\/sjalvstandigheten\\\/efter-sjalvstandigheten\\\/de-roda-gardena-och-skyddskarerna-ar-1917\\\/#breadcrumb\"},\"inLanguage\":\"fi\",\"potentialAction\":[{\"@type\":\"ReadAction\",\"target\":[\"https:\\\/\\\/veteraanienperinto.fi\\\/index.php\\\/sv\\\/infobank\\\/sjalvstandigheten\\\/efter-sjalvstandigheten\\\/de-roda-gardena-och-skyddskarerna-ar-1917\\\/\"]}]},{\"@type\":\"ImageObject\",\"inLanguage\":\"fi\",\"@id\":\"https:\\\/\\\/veteraanienperinto.fi\\\/index.php\\\/sv\\\/infobank\\\/sjalvstandigheten\\\/efter-sjalvstandigheten\\\/de-roda-gardena-och-skyddskarerna-ar-1917\\\/#primaryimage\",\"url\":\"https:\\\/\\\/veteraanienperinto.fi\\\/wp-content\\\/uploads\\\/2020\\\/12\\\/pun-val1.jpg\",\"contentUrl\":\"https:\\\/\\\/veteraanienperinto.fi\\\/wp-content\\\/uploads\\\/2020\\\/12\\\/pun-val1.jpg\",\"width\":320,\"height\":154},{\"@type\":\"BreadcrumbList\",\"@id\":\"https:\\\/\\\/veteraanienperinto.fi\\\/index.php\\\/sv\\\/infobank\\\/sjalvstandigheten\\\/efter-sjalvstandigheten\\\/de-roda-gardena-och-skyddskarerna-ar-1917\\\/#breadcrumb\",\"itemListElement\":[{\"@type\":\"ListItem\",\"position\":1,\"name\":\"Etusivu\",\"item\":\"https:\\\/\\\/veteraanienperinto.fi\\\/index.php\\\/etusivu-2\\\/\"},{\"@type\":\"ListItem\",\"position\":2,\"name\":\"Infobank\",\"item\":\"https:\\\/\\\/veteraanienperinto.fi\\\/index.php\\\/sv\\\/infobank\\\/\"},{\"@type\":\"ListItem\",\"position\":3,\"name\":\"Sj\u00e4lvst\u00e4ndigheten\",\"item\":\"https:\\\/\\\/veteraanienperinto.fi\\\/index.php\\\/sv\\\/infobank\\\/sjalvstandigheten\\\/\"},{\"@type\":\"ListItem\",\"position\":4,\"name\":\"Efter sj\u00e4lvst\u00e4ndigheten\",\"item\":\"https:\\\/\\\/veteraanienperinto.fi\\\/index.php\\\/sv\\\/infobank\\\/sjalvstandigheten\\\/efter-sjalvstandigheten\\\/\"},{\"@type\":\"ListItem\",\"position\":5,\"name\":\"De r\u00f6da gardena och skyddsk\u00e5rerna \u00e5r 1917\"}]},{\"@type\":\"WebSite\",\"@id\":\"https:\\\/\\\/veteraanienperinto.fi\\\/#website\",\"url\":\"https:\\\/\\\/veteraanienperinto.fi\\\/\",\"name\":\"Veteraanien Perint\u00f6\",\"description\":\"Kadettikunta\",\"potentialAction\":[{\"@type\":\"SearchAction\",\"target\":{\"@type\":\"EntryPoint\",\"urlTemplate\":\"https:\\\/\\\/veteraanienperinto.fi\\\/?s={search_term_string}\"},\"query-input\":{\"@type\":\"PropertyValueSpecification\",\"valueRequired\":true,\"valueName\":\"search_term_string\"}}],\"inLanguage\":\"fi\"}]}<\/script>\n<!-- \/ Yoast SEO plugin. -->","yoast_head_json":{"title":"De r\u00f6da gardena och skyddsk\u00e5rerna \u00e5r 1917 - Veteraanien Perint\u00f6","robots":{"index":"index","follow":"follow","max-snippet":"max-snippet:-1","max-image-preview":"max-image-preview:large","max-video-preview":"max-video-preview:-1"},"canonical":"https:\/\/veteraanienperinto.fi\/index.php\/sv\/infobank\/sjalvstandigheten\/efter-sjalvstandigheten\/de-roda-gardena-och-skyddskarerna-ar-1917\/","og_locale":"fi_FI","og_type":"article","og_title":"De r\u00f6da gardena och skyddsk\u00e5rerna \u00e5r 1917 - Veteraanien Perint\u00f6","og_url":"https:\/\/veteraanienperinto.fi\/index.php\/sv\/infobank\/sjalvstandigheten\/efter-sjalvstandigheten\/de-roda-gardena-och-skyddskarerna-ar-1917\/","og_site_name":"Veteraanien Perint\u00f6","article_modified_time":"2021-01-19T13:41:27+00:00","og_image":[{"url":"https:\/\/veteraanienperinto.fi\/wp-content\/uploads\/2020\/12\/pun-val1-300x144.jpg","type":"","width":"","height":""}],"twitter_card":"summary_large_image","twitter_misc":{"Arvioitu lukuaika":"3 minuuttia"},"schema":{"@context":"https:\/\/schema.org","@graph":[{"@type":"WebPage","@id":"https:\/\/veteraanienperinto.fi\/index.php\/sv\/infobank\/sjalvstandigheten\/efter-sjalvstandigheten\/de-roda-gardena-och-skyddskarerna-ar-1917\/","url":"https:\/\/veteraanienperinto.fi\/index.php\/sv\/infobank\/sjalvstandigheten\/efter-sjalvstandigheten\/de-roda-gardena-och-skyddskarerna-ar-1917\/","name":"De r\u00f6da gardena och skyddsk\u00e5rerna \u00e5r 1917 - Veteraanien Perint\u00f6","isPartOf":{"@id":"https:\/\/veteraanienperinto.fi\/#website"},"primaryImageOfPage":{"@id":"https:\/\/veteraanienperinto.fi\/index.php\/sv\/infobank\/sjalvstandigheten\/efter-sjalvstandigheten\/de-roda-gardena-och-skyddskarerna-ar-1917\/#primaryimage"},"image":{"@id":"https:\/\/veteraanienperinto.fi\/index.php\/sv\/infobank\/sjalvstandigheten\/efter-sjalvstandigheten\/de-roda-gardena-och-skyddskarerna-ar-1917\/#primaryimage"},"thumbnailUrl":"https:\/\/veteraanienperinto.fi\/wp-content\/uploads\/2020\/12\/pun-val1-300x144.jpg","datePublished":"2020-11-19T10:53:22+00:00","dateModified":"2021-01-19T13:41:27+00:00","breadcrumb":{"@id":"https:\/\/veteraanienperinto.fi\/index.php\/sv\/infobank\/sjalvstandigheten\/efter-sjalvstandigheten\/de-roda-gardena-och-skyddskarerna-ar-1917\/#breadcrumb"},"inLanguage":"fi","potentialAction":[{"@type":"ReadAction","target":["https:\/\/veteraanienperinto.fi\/index.php\/sv\/infobank\/sjalvstandigheten\/efter-sjalvstandigheten\/de-roda-gardena-och-skyddskarerna-ar-1917\/"]}]},{"@type":"ImageObject","inLanguage":"fi","@id":"https:\/\/veteraanienperinto.fi\/index.php\/sv\/infobank\/sjalvstandigheten\/efter-sjalvstandigheten\/de-roda-gardena-och-skyddskarerna-ar-1917\/#primaryimage","url":"https:\/\/veteraanienperinto.fi\/wp-content\/uploads\/2020\/12\/pun-val1.jpg","contentUrl":"https:\/\/veteraanienperinto.fi\/wp-content\/uploads\/2020\/12\/pun-val1.jpg","width":320,"height":154},{"@type":"BreadcrumbList","@id":"https:\/\/veteraanienperinto.fi\/index.php\/sv\/infobank\/sjalvstandigheten\/efter-sjalvstandigheten\/de-roda-gardena-och-skyddskarerna-ar-1917\/#breadcrumb","itemListElement":[{"@type":"ListItem","position":1,"name":"Etusivu","item":"https:\/\/veteraanienperinto.fi\/index.php\/etusivu-2\/"},{"@type":"ListItem","position":2,"name":"Infobank","item":"https:\/\/veteraanienperinto.fi\/index.php\/sv\/infobank\/"},{"@type":"ListItem","position":3,"name":"Sj\u00e4lvst\u00e4ndigheten","item":"https:\/\/veteraanienperinto.fi\/index.php\/sv\/infobank\/sjalvstandigheten\/"},{"@type":"ListItem","position":4,"name":"Efter sj\u00e4lvst\u00e4ndigheten","item":"https:\/\/veteraanienperinto.fi\/index.php\/sv\/infobank\/sjalvstandigheten\/efter-sjalvstandigheten\/"},{"@type":"ListItem","position":5,"name":"De r\u00f6da gardena och skyddsk\u00e5rerna \u00e5r 1917"}]},{"@type":"WebSite","@id":"https:\/\/veteraanienperinto.fi\/#website","url":"https:\/\/veteraanienperinto.fi\/","name":"Veteraanien Perint\u00f6","description":"Kadettikunta","potentialAction":[{"@type":"SearchAction","target":{"@type":"EntryPoint","urlTemplate":"https:\/\/veteraanienperinto.fi\/?s={search_term_string}"},"query-input":{"@type":"PropertyValueSpecification","valueRequired":true,"valueName":"search_term_string"}}],"inLanguage":"fi"}]}},"_links":{"self":[{"href":"https:\/\/veteraanienperinto.fi\/index.php\/wp-json\/wp\/v2\/pages\/6420","targetHints":{"allow":["GET"]}}],"collection":[{"href":"https:\/\/veteraanienperinto.fi\/index.php\/wp-json\/wp\/v2\/pages"}],"about":[{"href":"https:\/\/veteraanienperinto.fi\/index.php\/wp-json\/wp\/v2\/types\/page"}],"author":[{"embeddable":true,"href":"https:\/\/veteraanienperinto.fi\/index.php\/wp-json\/wp\/v2\/users\/1"}],"replies":[{"embeddable":true,"href":"https:\/\/veteraanienperinto.fi\/index.php\/wp-json\/wp\/v2\/comments?post=6420"}],"version-history":[{"count":4,"href":"https:\/\/veteraanienperinto.fi\/index.php\/wp-json\/wp\/v2\/pages\/6420\/revisions"}],"predecessor-version":[{"id":10144,"href":"https:\/\/veteraanienperinto.fi\/index.php\/wp-json\/wp\/v2\/pages\/6420\/revisions\/10144"}],"up":[{"embeddable":true,"href":"https:\/\/veteraanienperinto.fi\/index.php\/wp-json\/wp\/v2\/pages\/6412"}],"wp:attachment":[{"href":"https:\/\/veteraanienperinto.fi\/index.php\/wp-json\/wp\/v2\/media?parent=6420"}],"curies":[{"name":"wp","href":"https:\/\/api.w.org\/{rel}","templated":true}]}}