{"id":6433,"date":"2020-11-19T10:58:29","date_gmt":"2020-11-19T10:58:29","guid":{"rendered":"https:\/\/veteraani.ylirotu.fi\/?page_id=6433"},"modified":"2021-01-19T13:44:25","modified_gmt":"2021-01-19T13:44:25","slug":"krigets-namn","status":"publish","type":"page","link":"https:\/\/veteraanienperinto.fi\/index.php\/sv\/infobank\/sjalvstandigheten\/efter-sjalvstandigheten\/krigets-namn\/","title":{"rendered":"Krigets namn"},"content":{"rendered":"<div id='full_slider_1'  class='avia-fullwidth-slider main_color avia-shadow   avia-builder-el-0  el_before_av_heading  avia-builder-el-first   container_wrap sidebar_right'  ><\/div><div id='after_full_slider_1'  class='main_color av_default_container_wrap container_wrap sidebar_right'  ><div class='container av-section-cont-open' ><div class='template-page content  av-content-small alpha units'><div class='post-entry post-entry-type-page post-entry-6433'><div class='entry-content-wrapper clearfix'>\n\n<style type=\"text\/css\" data-created_by=\"avia_inline_auto\" id=\"style-css-av-kk41ttf9-a3a0209a84bfeef5339a7eb7b6012c22\">\n#top .av-special-heading.av-kk41ttf9-a3a0209a84bfeef5339a7eb7b6012c22{\npadding-bottom:10px;\n}\nbody .av-special-heading.av-kk41ttf9-a3a0209a84bfeef5339a7eb7b6012c22 .av-special-heading-tag .heading-char{\nfont-size:25px;\n}\n.av-special-heading.av-kk41ttf9-a3a0209a84bfeef5339a7eb7b6012c22 .av-subheading{\nfont-size:15px;\n}\n<\/style>\n<div  class='av-special-heading av-kk41ttf9-a3a0209a84bfeef5339a7eb7b6012c22 av-special-heading-h3  avia-builder-el-1  el_after_av_slideshow_full  el_before_av_textblock  avia-builder-el-first '><h3 class='av-special-heading-tag'  itemprop=\"headline\"  >Krigets namn<\/h3><div class=\"special-heading-border\"><div class=\"special-heading-inner-border\"><\/div><\/div><\/div>\n<section  class='av_textblock_section av-5j0yv-32ffeda666feb1b866033e60570f395d '   itemscope=\"itemscope\" itemtype=\"https:\/\/schema.org\/CreativeWork\" ><div class='avia_textblock'  itemprop=\"text\" ><h3>Krigets namn<\/h3>\n<\/div><\/section>\n<section  class='av_textblock_section av-201hbg-64a166ba3bd36828c34956824f4e54f6 '   itemscope=\"itemscope\" itemtype=\"https:\/\/schema.org\/CreativeWork\" ><div class='avia_textblock'  itemprop=\"text\" ><p>Man har anv\u00e4nt m\u00e5nga namn p\u00e5 striderna p\u00e5 v\u00e5rvintern och v\u00e5ren 1918 som f\u00f6rsiggick i huvudsak mellan finl\u00e4ndarna. De mest allm\u00e4nna ben\u00e4mningarna har varit frihetskrig, medborgarkrig, inb\u00f6rdeskrig, uppror, det r\u00f6da upproret och klasskrig.<\/p>\n<p>Ben\u00e4mningen frihetskrig bef\u00e4stes snabbt p\u00e5 den vita sidan d\u00e5 skyddsk\u00e5rerna, som den lagliga regeringen utn\u00e4mnt till sina egna trupper, hade avv\u00e4pnat ryssarna som fanns i \u00d6sterbotten, s\u00e5ledes en fr\u00e4mmande stats trupper som funnits inom den statens omr\u00e5de som f\u00f6rklarat sig sj\u00e4lvst\u00e4ndig. Kriget som brutit ut var p\u00e5 den vita sidan till en b\u00f6rjan framf\u00f6r allt ett frihetskrig. De ryska trupperna utgjorde fienden, men i praktiken endast en del av dem. Ben\u00e4mningen frihetskrig motiveras av att den ryska 42 Arm\u00e9k\u00e5ren som varit i Finland f\u00f6rklarade sig vara i krig med Finlands regerings trupper. Krigstillst\u00e5ndet var n\u00e4rmast formellt, men det kr\u00e4vde ett fredsavtal i Dorpat (Tarto) \u00e5r 1920.<\/p>\n<p>Ben\u00e4mningen frihetskrig motiveras ocks\u00e5 av att J.V.Stalin som redan \u00e5r 1918 h\u00f6rt till de ryska bolsjevikernas ledning i sitt tal meddelade att det r\u00f6da Finland h\u00f6rde till de kommande sovjetstaterna. Det \u00e4r inte troligt att den r\u00f6da Folkkommissariatet som fungerat i Finland skulle ha klarat av att bibeh\u00e5lla Finland suver\u00e4nt fr\u00e5n R\u00e5ds-Ryssland. Av de olika ben\u00e4mningarna p\u00e5 kriget betecknar frihetskrig framf\u00f6r allt det permanenta uppn\u00e5endet av ett sj\u00e4lvst\u00e4ndigt och demokratiskt Finland. D\u00e4remot beskriver inte ben\u00e4mningen sj\u00e4lva h\u00e4ndelserna. P\u00e5 den vita sidan inkluderade n\u00e5gra ocks\u00e5 i ben\u00e4mningen den tanken att de r\u00f6da uttryckligen skulle ha k\u00e4mpat mot Finlands sj\u00e4lvst\u00e4ndighet. S\u00e5 f\u00f6rh\u00f6ll sig saken emellertid inte. Knappast n\u00e5gon skulle ha \u00f6nskat bli kvar under Ryssland.<\/p>\n<p>Ben\u00e4mningarna medborgarkrig och inb\u00f6rdeskrig beskriver sj\u00e4lva h\u00e4ndelserna under kriget. Kampen f\u00f6rdes i huvudsak mellan finl\u00e4ndarna. Ryssarnas och inte heller tyskarnas andel var avg\u00f6rande f\u00f6r slutresultatet. De tyska truppernas verksamhet f\u00f6rkortade dock troligtvis kriget. De r\u00f6da \u00e5 sin sida stred inte mot Finlands sj\u00e4lvst\u00e4ndighet utan ans\u00e5g sig f\u00f6ra inb\u00f6rdeskriget enbart f\u00f6r den samh\u00e4lleliga revolutionen.<\/p>\n<p>Ben\u00e4mningen uppror ger inte n\u00e5gon helhetsbild av kriget, fast\u00e4n det ocks\u00e5 finns klara motiveringar f\u00f6r det. Till exempel de svenska socialdemokraterna f\u00f6rd\u00f6mde sitt finl\u00e4ndska broderparti just d\u00e4rf\u00f6r att det hade &#8221;skridit till v\u00e4pnat uppror mot den riksdag som p\u00e5 bred bas valts av folket.&#8221; Den st\u00f6rsta delen av de r\u00f6da k\u00e4nde knappast n\u00e5gon upprorsanda mot sj\u00e4lvst\u00e4ndighetssenaten eller riksdagen, utan det var fr\u00e5ga om mera m\u00e5ngskiftande samh\u00e4lleliga fr\u00e5gor.<\/p>\n<p>Ben\u00e4mningen klasskrig \u00e4r felaktig, d\u00e5 inga statistiker st\u00f6der uppfattningen om att olika samh\u00e4llsgrupper verkligen skulle ha k\u00e4mpat mot varandra. De olika sidornas sociala f\u00f6rdelning var inte entydig trots att majoriteten p\u00e5 den vita sidan var b\u00f6nder och p\u00e5 den r\u00f6da sidan arbetare. Endast en del var frivilliga p\u00e5 de b\u00e5da sidorna, eftersom bildandet av frontlinjerna, ibruktagandet av v\u00e4rnpliktslagen och tv\u00e5ngsrekvireringarna f\u00f6rdunklade den verkliga viljan att delta i striden mot andra finl\u00e4ndare.<\/p>\n<p>Ingen av de anv\u00e4nda ben\u00e4mningarna beskriver som s\u00e5dan det f\u00f6rda kriget. Det var inte enbart fr\u00e5ga om ett frihetskrig eller medborgarkrig. Till exempel Finlands j\u00e4gare som \u00e5terkom fr\u00e5n Tyskland kom f\u00f6r att delta i ett frihetskrig mot det ryska v\u00e4ldet. Kriget hade under deras bortavaro f\u00f6rvandlats till ett medborgarkrig. Det vita Finland f\u00f6rde frihetskrig och det r\u00f6da Finland medborgarkrig. P\u00e5 vardera sidan stred finl\u00e4ndare, som ville ha sj\u00e4lvst\u00e4ndighet f\u00f6r Finland. Det skulle vara fel att enbart anv\u00e4nda den ben\u00e4mning som den andra sidan gav kriget. Motstridigheten kan l\u00f6sas enbart genom att anv\u00e4nda sig av ben\u00e4mningen frihetskrig-medborgarkrig som vardera parten och hela Finlands folk respekterar.<\/p>\n<\/div><\/section>\n","protected":false},"excerpt":{"rendered":"","protected":false},"author":1,"featured_media":0,"parent":6412,"menu_order":3,"comment_status":"closed","ping_status":"closed","template":"","meta":{"footnotes":""},"class_list":["post-6433","page","type-page","status-publish","hentry"],"yoast_head":"<!-- This site is optimized with the Yoast SEO plugin v27.4 - https:\/\/yoast.com\/product\/yoast-seo-wordpress\/ -->\n<title>Krigets namn - Veteraanien Perint\u00f6<\/title>\n<meta name=\"robots\" content=\"index, follow, max-snippet:-1, max-image-preview:large, max-video-preview:-1\" \/>\n<link rel=\"canonical\" href=\"https:\/\/veteraanienperinto.fi\/index.php\/sv\/infobank\/sjalvstandigheten\/efter-sjalvstandigheten\/krigets-namn\/\" \/>\n<meta property=\"og:locale\" content=\"fi_FI\" \/>\n<meta property=\"og:type\" content=\"article\" \/>\n<meta property=\"og:title\" content=\"Krigets namn - Veteraanien Perint\u00f6\" \/>\n<meta property=\"og:url\" content=\"https:\/\/veteraanienperinto.fi\/index.php\/sv\/infobank\/sjalvstandigheten\/efter-sjalvstandigheten\/krigets-namn\/\" \/>\n<meta property=\"og:site_name\" content=\"Veteraanien Perint\u00f6\" \/>\n<meta property=\"article:modified_time\" content=\"2021-01-19T13:44:25+00:00\" \/>\n<meta name=\"twitter:card\" content=\"summary_large_image\" \/>\n<meta name=\"twitter:label1\" content=\"Arvioitu lukuaika\" \/>\n\t<meta name=\"twitter:data1\" content=\"4 minuuttia\" \/>\n<script type=\"application\/ld+json\" class=\"yoast-schema-graph\">{\"@context\":\"https:\\\/\\\/schema.org\",\"@graph\":[{\"@type\":\"WebPage\",\"@id\":\"https:\\\/\\\/veteraanienperinto.fi\\\/index.php\\\/sv\\\/infobank\\\/sjalvstandigheten\\\/efter-sjalvstandigheten\\\/krigets-namn\\\/\",\"url\":\"https:\\\/\\\/veteraanienperinto.fi\\\/index.php\\\/sv\\\/infobank\\\/sjalvstandigheten\\\/efter-sjalvstandigheten\\\/krigets-namn\\\/\",\"name\":\"Krigets namn - Veteraanien Perint\u00f6\",\"isPartOf\":{\"@id\":\"https:\\\/\\\/veteraanienperinto.fi\\\/#website\"},\"datePublished\":\"2020-11-19T10:58:29+00:00\",\"dateModified\":\"2021-01-19T13:44:25+00:00\",\"breadcrumb\":{\"@id\":\"https:\\\/\\\/veteraanienperinto.fi\\\/index.php\\\/sv\\\/infobank\\\/sjalvstandigheten\\\/efter-sjalvstandigheten\\\/krigets-namn\\\/#breadcrumb\"},\"inLanguage\":\"fi\",\"potentialAction\":[{\"@type\":\"ReadAction\",\"target\":[\"https:\\\/\\\/veteraanienperinto.fi\\\/index.php\\\/sv\\\/infobank\\\/sjalvstandigheten\\\/efter-sjalvstandigheten\\\/krigets-namn\\\/\"]}]},{\"@type\":\"BreadcrumbList\",\"@id\":\"https:\\\/\\\/veteraanienperinto.fi\\\/index.php\\\/sv\\\/infobank\\\/sjalvstandigheten\\\/efter-sjalvstandigheten\\\/krigets-namn\\\/#breadcrumb\",\"itemListElement\":[{\"@type\":\"ListItem\",\"position\":1,\"name\":\"Etusivu\",\"item\":\"https:\\\/\\\/veteraanienperinto.fi\\\/index.php\\\/etusivu-2\\\/\"},{\"@type\":\"ListItem\",\"position\":2,\"name\":\"Infobank\",\"item\":\"https:\\\/\\\/veteraanienperinto.fi\\\/index.php\\\/sv\\\/infobank\\\/\"},{\"@type\":\"ListItem\",\"position\":3,\"name\":\"Sj\u00e4lvst\u00e4ndigheten\",\"item\":\"https:\\\/\\\/veteraanienperinto.fi\\\/index.php\\\/sv\\\/infobank\\\/sjalvstandigheten\\\/\"},{\"@type\":\"ListItem\",\"position\":4,\"name\":\"Efter sj\u00e4lvst\u00e4ndigheten\",\"item\":\"https:\\\/\\\/veteraanienperinto.fi\\\/index.php\\\/sv\\\/infobank\\\/sjalvstandigheten\\\/efter-sjalvstandigheten\\\/\"},{\"@type\":\"ListItem\",\"position\":5,\"name\":\"Krigets namn\"}]},{\"@type\":\"WebSite\",\"@id\":\"https:\\\/\\\/veteraanienperinto.fi\\\/#website\",\"url\":\"https:\\\/\\\/veteraanienperinto.fi\\\/\",\"name\":\"Veteraanien Perint\u00f6\",\"description\":\"Kadettikunta\",\"potentialAction\":[{\"@type\":\"SearchAction\",\"target\":{\"@type\":\"EntryPoint\",\"urlTemplate\":\"https:\\\/\\\/veteraanienperinto.fi\\\/?s={search_term_string}\"},\"query-input\":{\"@type\":\"PropertyValueSpecification\",\"valueRequired\":true,\"valueName\":\"search_term_string\"}}],\"inLanguage\":\"fi\"}]}<\/script>\n<!-- \/ Yoast SEO plugin. -->","yoast_head_json":{"title":"Krigets namn - Veteraanien Perint\u00f6","robots":{"index":"index","follow":"follow","max-snippet":"max-snippet:-1","max-image-preview":"max-image-preview:large","max-video-preview":"max-video-preview:-1"},"canonical":"https:\/\/veteraanienperinto.fi\/index.php\/sv\/infobank\/sjalvstandigheten\/efter-sjalvstandigheten\/krigets-namn\/","og_locale":"fi_FI","og_type":"article","og_title":"Krigets namn - Veteraanien Perint\u00f6","og_url":"https:\/\/veteraanienperinto.fi\/index.php\/sv\/infobank\/sjalvstandigheten\/efter-sjalvstandigheten\/krigets-namn\/","og_site_name":"Veteraanien Perint\u00f6","article_modified_time":"2021-01-19T13:44:25+00:00","twitter_card":"summary_large_image","twitter_misc":{"Arvioitu lukuaika":"4 minuuttia"},"schema":{"@context":"https:\/\/schema.org","@graph":[{"@type":"WebPage","@id":"https:\/\/veteraanienperinto.fi\/index.php\/sv\/infobank\/sjalvstandigheten\/efter-sjalvstandigheten\/krigets-namn\/","url":"https:\/\/veteraanienperinto.fi\/index.php\/sv\/infobank\/sjalvstandigheten\/efter-sjalvstandigheten\/krigets-namn\/","name":"Krigets namn - Veteraanien Perint\u00f6","isPartOf":{"@id":"https:\/\/veteraanienperinto.fi\/#website"},"datePublished":"2020-11-19T10:58:29+00:00","dateModified":"2021-01-19T13:44:25+00:00","breadcrumb":{"@id":"https:\/\/veteraanienperinto.fi\/index.php\/sv\/infobank\/sjalvstandigheten\/efter-sjalvstandigheten\/krigets-namn\/#breadcrumb"},"inLanguage":"fi","potentialAction":[{"@type":"ReadAction","target":["https:\/\/veteraanienperinto.fi\/index.php\/sv\/infobank\/sjalvstandigheten\/efter-sjalvstandigheten\/krigets-namn\/"]}]},{"@type":"BreadcrumbList","@id":"https:\/\/veteraanienperinto.fi\/index.php\/sv\/infobank\/sjalvstandigheten\/efter-sjalvstandigheten\/krigets-namn\/#breadcrumb","itemListElement":[{"@type":"ListItem","position":1,"name":"Etusivu","item":"https:\/\/veteraanienperinto.fi\/index.php\/etusivu-2\/"},{"@type":"ListItem","position":2,"name":"Infobank","item":"https:\/\/veteraanienperinto.fi\/index.php\/sv\/infobank\/"},{"@type":"ListItem","position":3,"name":"Sj\u00e4lvst\u00e4ndigheten","item":"https:\/\/veteraanienperinto.fi\/index.php\/sv\/infobank\/sjalvstandigheten\/"},{"@type":"ListItem","position":4,"name":"Efter sj\u00e4lvst\u00e4ndigheten","item":"https:\/\/veteraanienperinto.fi\/index.php\/sv\/infobank\/sjalvstandigheten\/efter-sjalvstandigheten\/"},{"@type":"ListItem","position":5,"name":"Krigets namn"}]},{"@type":"WebSite","@id":"https:\/\/veteraanienperinto.fi\/#website","url":"https:\/\/veteraanienperinto.fi\/","name":"Veteraanien Perint\u00f6","description":"Kadettikunta","potentialAction":[{"@type":"SearchAction","target":{"@type":"EntryPoint","urlTemplate":"https:\/\/veteraanienperinto.fi\/?s={search_term_string}"},"query-input":{"@type":"PropertyValueSpecification","valueRequired":true,"valueName":"search_term_string"}}],"inLanguage":"fi"}]}},"_links":{"self":[{"href":"https:\/\/veteraanienperinto.fi\/index.php\/wp-json\/wp\/v2\/pages\/6433","targetHints":{"allow":["GET"]}}],"collection":[{"href":"https:\/\/veteraanienperinto.fi\/index.php\/wp-json\/wp\/v2\/pages"}],"about":[{"href":"https:\/\/veteraanienperinto.fi\/index.php\/wp-json\/wp\/v2\/types\/page"}],"author":[{"embeddable":true,"href":"https:\/\/veteraanienperinto.fi\/index.php\/wp-json\/wp\/v2\/users\/1"}],"replies":[{"embeddable":true,"href":"https:\/\/veteraanienperinto.fi\/index.php\/wp-json\/wp\/v2\/comments?post=6433"}],"version-history":[{"count":4,"href":"https:\/\/veteraanienperinto.fi\/index.php\/wp-json\/wp\/v2\/pages\/6433\/revisions"}],"predecessor-version":[{"id":10148,"href":"https:\/\/veteraanienperinto.fi\/index.php\/wp-json\/wp\/v2\/pages\/6433\/revisions\/10148"}],"up":[{"embeddable":true,"href":"https:\/\/veteraanienperinto.fi\/index.php\/wp-json\/wp\/v2\/pages\/6412"}],"wp:attachment":[{"href":"https:\/\/veteraanienperinto.fi\/index.php\/wp-json\/wp\/v2\/media?parent=6433"}],"curies":[{"name":"wp","href":"https:\/\/api.w.org\/{rel}","templated":true}]}}