{"id":6459,"date":"2020-11-19T11:07:24","date_gmt":"2020-11-19T11:07:24","guid":{"rendered":"https:\/\/veteraani.ylirotu.fi\/?page_id=6459"},"modified":"2021-01-20T21:14:18","modified_gmt":"2021-01-20T21:14:18","slug":"finlands-krigsveteranforbund-rf","status":"publish","type":"page","link":"https:\/\/veteraanienperinto.fi\/index.php\/sv\/infobank\/veteranorganisationer\/finlands-krigsveteranforbund-rf\/","title":{"rendered":"Finlands Krigsveteranf\u00f6rbund rf"},"content":{"rendered":"<div id='full_slider_1'  class='avia-fullwidth-slider main_color avia-shadow   avia-builder-el-0  el_before_av_heading  avia-builder-el-first   container_wrap sidebar_right'  ><\/div><div id='after_full_slider_1'  class='main_color av_default_container_wrap container_wrap sidebar_right'  ><div class='container av-section-cont-open' ><div class='template-page content  av-content-small alpha units'><div class='post-entry post-entry-type-page post-entry-6459'><div class='entry-content-wrapper clearfix'>\n\n<style type=\"text\/css\" data-created_by=\"avia_inline_auto\" id=\"style-css-av-av_heading-36fa033a5ef676464a102f94f65c620d\">\n#top .av-special-heading.av-av_heading-36fa033a5ef676464a102f94f65c620d{\npadding-bottom:10px;\n}\nbody .av-special-heading.av-av_heading-36fa033a5ef676464a102f94f65c620d .av-special-heading-tag .heading-char{\nfont-size:25px;\n}\n.av-special-heading.av-av_heading-36fa033a5ef676464a102f94f65c620d .av-subheading{\nfont-size:15px;\n}\n<\/style>\n<div  class='av-special-heading av-av_heading-36fa033a5ef676464a102f94f65c620d av-special-heading-h2  avia-builder-el-1  el_after_av_slideshow_full  el_before_av_textblock  avia-builder-el-first '><h2 class='av-special-heading-tag'  itemprop=\"headline\"  >Finlands Krigsveteranf\u00f6rbund rf<\/h2><div class=\"special-heading-border\"><div class=\"special-heading-inner-border\"><\/div><\/div><\/div>\n<section  class='av_textblock_section av-kefnmskk-23e2b079b1f45b867862a0938475648c '   itemscope=\"itemscope\" itemtype=\"https:\/\/schema.org\/CreativeWork\" ><div class='avia_textblock'  itemprop=\"text\" ><p align=\"JUSTIFY\"><img loading=\"lazy\" decoding=\"async\" class=\"alignleft wp-image-678\" src=\"https:\/\/veteraanienperinto.fi\/wp-content\/uploads\/2020\/08\/Sotaveteraaniliitto-300x300.jpg\" alt=\"\" width=\"150\" height=\"150\" srcset=\"https:\/\/veteraanienperinto.fi\/wp-content\/uploads\/2020\/08\/Sotaveteraaniliitto-300x300.jpg 300w, https:\/\/veteraanienperinto.fi\/wp-content\/uploads\/2020\/08\/Sotaveteraaniliitto-80x80.jpg 80w, https:\/\/veteraanienperinto.fi\/wp-content\/uploads\/2020\/08\/Sotaveteraaniliitto-768x768.jpg 768w, https:\/\/veteraanienperinto.fi\/wp-content\/uploads\/2020\/08\/Sotaveteraaniliitto-36x36.jpg 36w, https:\/\/veteraanienperinto.fi\/wp-content\/uploads\/2020\/08\/Sotaveteraaniliitto-180x180.jpg 180w, https:\/\/veteraanienperinto.fi\/wp-content\/uploads\/2020\/08\/Sotaveteraaniliitto-705x705.jpg 705w, https:\/\/veteraanienperinto.fi\/wp-content\/uploads\/2020\/08\/Sotaveteraaniliitto.jpg 1000w\" sizes=\"auto, (max-width: 150px) 100vw, 150px\" \/><\/p>\n<p>Finlands Krigsveteranf\u00f6rbund rf grundades \u00e5r 1957 som en f\u00f6renande ideell riksomfattande intresse- och st\u00f6dorganisation. Dess f\u00f6reg\u00e5ngare var den finska f\u00f6reningen f\u00f6r arm\u00e9br\u00f6der(Suomen Aseveljien Liitto). Krigsveteranf\u00f6rbundet fungerar som den centrala organisationen f\u00f6r krigsveteranf\u00f6reningar och intresseorganisationer f\u00f6r krigsveteraner.<\/p>\n<p>F\u00f6rbundet \u00f6vervakar och f\u00f6rb\u00e4ttrar krigsveteranernas intressen. I synnerhet fungerar det som en utvecklare av utkomstskyddet och social v\u00e5rd f\u00f6r veteraner och deras makar och \u00e4nkor, f\u00f6rb\u00e4ttrar bostadsf\u00f6rh\u00e5llandena och fr\u00e4mjar rehabilitering.<\/p>\n<p>Genom sin verksamhet f\u00f6rs\u00f6ker f\u00f6rbundet \u00f6ka den \u00f6msesidiga sammanh\u00e5llningen bland veteraner.<\/p>\n<p>Ut\u00f6ver sin verksmahet som intresseorganisation, uppr\u00e4tth\u00e5ller f\u00f6rbundet krigsveterantraditionen och en patriotisk anda. Under de kommande tio \u00e5ren kommer veteranbefolkningen att minska, varefter det kommer att bli en fokusf\u00f6rskjutning fr\u00e5n st\u00f6daktiviteter till uppr\u00e4tth\u00e5llande av krigsveterantraditionen.<\/p>\n<p>Krigsveteranf\u00f6rbund samarbetar med staten, kommuner, f\u00f6rsamlingar, samfund, och individer. F\u00f6rutom innom Finland, verkar f\u00f6reningen ocks\u00e5 utomlands bland immigranter och stamveteraner.<\/p>\n<p>F\u00f6rbundet har ocks\u00e5 n\u00e4ra samarbete med andra veteranorganisationer. Ett forum f\u00f6r samarbete mellan veteranf\u00f6rbund \u00e4r den finska delegationen f\u00f6r veteranf\u00f6reningar (VEVA), som i sin tur leds av f\u00f6rbundets ordf\u00f6rande.<\/p>\n<p>Denna <a href=\"https:\/\/sotaveteraanit.fi\/\">l\u00e4nk<\/a> tar dig till f\u00f6rbundets webbplats.<\/p>\n<\/div><\/section>\n","protected":false},"excerpt":{"rendered":"","protected":false},"author":1,"featured_media":0,"parent":6455,"menu_order":1,"comment_status":"closed","ping_status":"closed","template":"","meta":{"footnotes":""},"class_list":["post-6459","page","type-page","status-publish","hentry"],"yoast_head":"<!-- This site is optimized with the Yoast SEO plugin v27.4 - https:\/\/yoast.com\/product\/yoast-seo-wordpress\/ -->\n<title>Finlands Krigsveteranf\u00f6rbund rf - Veteraanien Perint\u00f6<\/title>\n<meta name=\"robots\" content=\"index, follow, max-snippet:-1, max-image-preview:large, max-video-preview:-1\" \/>\n<link rel=\"canonical\" href=\"https:\/\/veteraanienperinto.fi\/index.php\/sv\/infobank\/veteranorganisationer\/finlands-krigsveteranforbund-rf\/\" \/>\n<meta property=\"og:locale\" content=\"fi_FI\" \/>\n<meta property=\"og:type\" content=\"article\" \/>\n<meta property=\"og:title\" content=\"Finlands Krigsveteranf\u00f6rbund rf - Veteraanien Perint\u00f6\" \/>\n<meta property=\"og:url\" content=\"https:\/\/veteraanienperinto.fi\/index.php\/sv\/infobank\/veteranorganisationer\/finlands-krigsveteranforbund-rf\/\" \/>\n<meta property=\"og:site_name\" content=\"Veteraanien Perint\u00f6\" \/>\n<meta property=\"article:modified_time\" content=\"2021-01-20T21:14:18+00:00\" \/>\n<meta property=\"og:image\" content=\"https:\/\/veteraanienperinto.fi\/wp-content\/uploads\/2020\/08\/Sotaveteraaniliitto-300x300.jpg\" \/>\n<meta name=\"twitter:card\" content=\"summary_large_image\" \/>\n<meta name=\"twitter:label1\" content=\"Arvioitu lukuaika\" \/>\n\t<meta name=\"twitter:data1\" content=\"2 minuuttia\" \/>\n<script type=\"application\/ld+json\" class=\"yoast-schema-graph\">{\"@context\":\"https:\\\/\\\/schema.org\",\"@graph\":[{\"@type\":\"WebPage\",\"@id\":\"https:\\\/\\\/veteraanienperinto.fi\\\/index.php\\\/sv\\\/infobank\\\/veteranorganisationer\\\/finlands-krigsveteranforbund-rf\\\/\",\"url\":\"https:\\\/\\\/veteraanienperinto.fi\\\/index.php\\\/sv\\\/infobank\\\/veteranorganisationer\\\/finlands-krigsveteranforbund-rf\\\/\",\"name\":\"Finlands Krigsveteranf\u00f6rbund rf - Veteraanien Perint\u00f6\",\"isPartOf\":{\"@id\":\"https:\\\/\\\/veteraanienperinto.fi\\\/#website\"},\"primaryImageOfPage\":{\"@id\":\"https:\\\/\\\/veteraanienperinto.fi\\\/index.php\\\/sv\\\/infobank\\\/veteranorganisationer\\\/finlands-krigsveteranforbund-rf\\\/#primaryimage\"},\"image\":{\"@id\":\"https:\\\/\\\/veteraanienperinto.fi\\\/index.php\\\/sv\\\/infobank\\\/veteranorganisationer\\\/finlands-krigsveteranforbund-rf\\\/#primaryimage\"},\"thumbnailUrl\":\"https:\\\/\\\/veteraanienperinto.fi\\\/wp-content\\\/uploads\\\/2020\\\/08\\\/Sotaveteraaniliitto-300x300.jpg\",\"datePublished\":\"2020-11-19T11:07:24+00:00\",\"dateModified\":\"2021-01-20T21:14:18+00:00\",\"breadcrumb\":{\"@id\":\"https:\\\/\\\/veteraanienperinto.fi\\\/index.php\\\/sv\\\/infobank\\\/veteranorganisationer\\\/finlands-krigsveteranforbund-rf\\\/#breadcrumb\"},\"inLanguage\":\"fi\",\"potentialAction\":[{\"@type\":\"ReadAction\",\"target\":[\"https:\\\/\\\/veteraanienperinto.fi\\\/index.php\\\/sv\\\/infobank\\\/veteranorganisationer\\\/finlands-krigsveteranforbund-rf\\\/\"]}]},{\"@type\":\"ImageObject\",\"inLanguage\":\"fi\",\"@id\":\"https:\\\/\\\/veteraanienperinto.fi\\\/index.php\\\/sv\\\/infobank\\\/veteranorganisationer\\\/finlands-krigsveteranforbund-rf\\\/#primaryimage\",\"url\":\"https:\\\/\\\/veteraanienperinto.fi\\\/wp-content\\\/uploads\\\/2020\\\/08\\\/Sotaveteraaniliitto.jpg\",\"contentUrl\":\"https:\\\/\\\/veteraanienperinto.fi\\\/wp-content\\\/uploads\\\/2020\\\/08\\\/Sotaveteraaniliitto.jpg\",\"width\":1000,\"height\":1000},{\"@type\":\"BreadcrumbList\",\"@id\":\"https:\\\/\\\/veteraanienperinto.fi\\\/index.php\\\/sv\\\/infobank\\\/veteranorganisationer\\\/finlands-krigsveteranforbund-rf\\\/#breadcrumb\",\"itemListElement\":[{\"@type\":\"ListItem\",\"position\":1,\"name\":\"Etusivu\",\"item\":\"https:\\\/\\\/veteraanienperinto.fi\\\/index.php\\\/etusivu-2\\\/\"},{\"@type\":\"ListItem\",\"position\":2,\"name\":\"Infobank\",\"item\":\"https:\\\/\\\/veteraanienperinto.fi\\\/index.php\\\/sv\\\/infobank\\\/\"},{\"@type\":\"ListItem\",\"position\":3,\"name\":\"Veteranorganisationer\",\"item\":\"https:\\\/\\\/veteraanienperinto.fi\\\/index.php\\\/sv\\\/infobank\\\/veteranorganisationer\\\/\"},{\"@type\":\"ListItem\",\"position\":4,\"name\":\"Finlands Krigsveteranf\u00f6rbund rf\"}]},{\"@type\":\"WebSite\",\"@id\":\"https:\\\/\\\/veteraanienperinto.fi\\\/#website\",\"url\":\"https:\\\/\\\/veteraanienperinto.fi\\\/\",\"name\":\"Veteraanien Perint\u00f6\",\"description\":\"Kadettikunta\",\"potentialAction\":[{\"@type\":\"SearchAction\",\"target\":{\"@type\":\"EntryPoint\",\"urlTemplate\":\"https:\\\/\\\/veteraanienperinto.fi\\\/?s={search_term_string}\"},\"query-input\":{\"@type\":\"PropertyValueSpecification\",\"valueRequired\":true,\"valueName\":\"search_term_string\"}}],\"inLanguage\":\"fi\"}]}<\/script>\n<!-- \/ Yoast SEO plugin. -->","yoast_head_json":{"title":"Finlands Krigsveteranf\u00f6rbund rf - Veteraanien Perint\u00f6","robots":{"index":"index","follow":"follow","max-snippet":"max-snippet:-1","max-image-preview":"max-image-preview:large","max-video-preview":"max-video-preview:-1"},"canonical":"https:\/\/veteraanienperinto.fi\/index.php\/sv\/infobank\/veteranorganisationer\/finlands-krigsveteranforbund-rf\/","og_locale":"fi_FI","og_type":"article","og_title":"Finlands Krigsveteranf\u00f6rbund rf - Veteraanien Perint\u00f6","og_url":"https:\/\/veteraanienperinto.fi\/index.php\/sv\/infobank\/veteranorganisationer\/finlands-krigsveteranforbund-rf\/","og_site_name":"Veteraanien Perint\u00f6","article_modified_time":"2021-01-20T21:14:18+00:00","og_image":[{"url":"https:\/\/veteraanienperinto.fi\/wp-content\/uploads\/2020\/08\/Sotaveteraaniliitto-300x300.jpg","type":"","width":"","height":""}],"twitter_card":"summary_large_image","twitter_misc":{"Arvioitu lukuaika":"2 minuuttia"},"schema":{"@context":"https:\/\/schema.org","@graph":[{"@type":"WebPage","@id":"https:\/\/veteraanienperinto.fi\/index.php\/sv\/infobank\/veteranorganisationer\/finlands-krigsveteranforbund-rf\/","url":"https:\/\/veteraanienperinto.fi\/index.php\/sv\/infobank\/veteranorganisationer\/finlands-krigsveteranforbund-rf\/","name":"Finlands Krigsveteranf\u00f6rbund rf - Veteraanien Perint\u00f6","isPartOf":{"@id":"https:\/\/veteraanienperinto.fi\/#website"},"primaryImageOfPage":{"@id":"https:\/\/veteraanienperinto.fi\/index.php\/sv\/infobank\/veteranorganisationer\/finlands-krigsveteranforbund-rf\/#primaryimage"},"image":{"@id":"https:\/\/veteraanienperinto.fi\/index.php\/sv\/infobank\/veteranorganisationer\/finlands-krigsveteranforbund-rf\/#primaryimage"},"thumbnailUrl":"https:\/\/veteraanienperinto.fi\/wp-content\/uploads\/2020\/08\/Sotaveteraaniliitto-300x300.jpg","datePublished":"2020-11-19T11:07:24+00:00","dateModified":"2021-01-20T21:14:18+00:00","breadcrumb":{"@id":"https:\/\/veteraanienperinto.fi\/index.php\/sv\/infobank\/veteranorganisationer\/finlands-krigsveteranforbund-rf\/#breadcrumb"},"inLanguage":"fi","potentialAction":[{"@type":"ReadAction","target":["https:\/\/veteraanienperinto.fi\/index.php\/sv\/infobank\/veteranorganisationer\/finlands-krigsveteranforbund-rf\/"]}]},{"@type":"ImageObject","inLanguage":"fi","@id":"https:\/\/veteraanienperinto.fi\/index.php\/sv\/infobank\/veteranorganisationer\/finlands-krigsveteranforbund-rf\/#primaryimage","url":"https:\/\/veteraanienperinto.fi\/wp-content\/uploads\/2020\/08\/Sotaveteraaniliitto.jpg","contentUrl":"https:\/\/veteraanienperinto.fi\/wp-content\/uploads\/2020\/08\/Sotaveteraaniliitto.jpg","width":1000,"height":1000},{"@type":"BreadcrumbList","@id":"https:\/\/veteraanienperinto.fi\/index.php\/sv\/infobank\/veteranorganisationer\/finlands-krigsveteranforbund-rf\/#breadcrumb","itemListElement":[{"@type":"ListItem","position":1,"name":"Etusivu","item":"https:\/\/veteraanienperinto.fi\/index.php\/etusivu-2\/"},{"@type":"ListItem","position":2,"name":"Infobank","item":"https:\/\/veteraanienperinto.fi\/index.php\/sv\/infobank\/"},{"@type":"ListItem","position":3,"name":"Veteranorganisationer","item":"https:\/\/veteraanienperinto.fi\/index.php\/sv\/infobank\/veteranorganisationer\/"},{"@type":"ListItem","position":4,"name":"Finlands Krigsveteranf\u00f6rbund rf"}]},{"@type":"WebSite","@id":"https:\/\/veteraanienperinto.fi\/#website","url":"https:\/\/veteraanienperinto.fi\/","name":"Veteraanien Perint\u00f6","description":"Kadettikunta","potentialAction":[{"@type":"SearchAction","target":{"@type":"EntryPoint","urlTemplate":"https:\/\/veteraanienperinto.fi\/?s={search_term_string}"},"query-input":{"@type":"PropertyValueSpecification","valueRequired":true,"valueName":"search_term_string"}}],"inLanguage":"fi"}]}},"_links":{"self":[{"href":"https:\/\/veteraanienperinto.fi\/index.php\/wp-json\/wp\/v2\/pages\/6459","targetHints":{"allow":["GET"]}}],"collection":[{"href":"https:\/\/veteraanienperinto.fi\/index.php\/wp-json\/wp\/v2\/pages"}],"about":[{"href":"https:\/\/veteraanienperinto.fi\/index.php\/wp-json\/wp\/v2\/types\/page"}],"author":[{"embeddable":true,"href":"https:\/\/veteraanienperinto.fi\/index.php\/wp-json\/wp\/v2\/users\/1"}],"replies":[{"embeddable":true,"href":"https:\/\/veteraanienperinto.fi\/index.php\/wp-json\/wp\/v2\/comments?post=6459"}],"version-history":[{"count":9,"href":"https:\/\/veteraanienperinto.fi\/index.php\/wp-json\/wp\/v2\/pages\/6459\/revisions"}],"predecessor-version":[{"id":10297,"href":"https:\/\/veteraanienperinto.fi\/index.php\/wp-json\/wp\/v2\/pages\/6459\/revisions\/10297"}],"up":[{"embeddable":true,"href":"https:\/\/veteraanienperinto.fi\/index.php\/wp-json\/wp\/v2\/pages\/6455"}],"wp:attachment":[{"href":"https:\/\/veteraanienperinto.fi\/index.php\/wp-json\/wp\/v2\/media?parent=6459"}],"curies":[{"name":"wp","href":"https:\/\/api.w.org\/{rel}","templated":true}]}}