{"id":6483,"date":"2020-11-19T11:16:14","date_gmt":"2020-11-19T11:16:14","guid":{"rendered":"https:\/\/veteraani.ylirotu.fi\/?page_id=6483"},"modified":"2021-01-14T09:41:39","modified_gmt":"2021-01-14T09:41:39","slug":"riddarna-av-mannerheimkorset","status":"publish","type":"page","link":"https:\/\/veteraanienperinto.fi\/index.php\/sv\/infobank\/riddarna-av-mannerheimkorset\/","title":{"rendered":"Riddarna av Mannerheimkorset"},"content":{"rendered":"<div id='full_slider_1'  class='avia-fullwidth-slider main_color avia-shadow   avia-builder-el-0  el_before_av_heading  avia-builder-el-first   container_wrap sidebar_right'  ><div  class='avia-slideshow av-sk5v-a6e761768e6845efa4f0d54e4858a372 avia-slideshow-featured av_slideshow_full avia-slide-slider av-slideshow-ui av-control-default av-slideshow-manual av-loop-once av-loop-manual-endless av-default-height-applied   avia-slideshow-1' data-slideshow-options=\"{&quot;animation&quot;:&quot;slide&quot;,&quot;autoplay&quot;:false,&quot;loop_autoplay&quot;:&quot;once&quot;,&quot;interval&quot;:5,&quot;loop_manual&quot;:&quot;manual-endless&quot;,&quot;autoplay_stopper&quot;:false,&quot;noNavigation&quot;:false,&quot;bg_slider&quot;:false,&quot;keep_padding&quot;:false,&quot;hoverpause&quot;:false,&quot;show_slide_delay&quot;:0}\"  itemprop=\"image\" itemscope=\"itemscope\" itemtype=\"https:\/\/schema.org\/ImageObject\" ><ul class='avia-slideshow-inner ' style='padding-bottom: 28.666666666667%;'><li  class='avia-slideshow-slide av-sk5v-a6e761768e6845efa4f0d54e4858a372__0  av-single-slide slide-1 slide-odd'><div data-rel='slideshow-1' class='avia-slide-wrap '   ><div class='av-slideshow-caption av-sk5v-a6e761768e6845efa4f0d54e4858a372__0 caption_fullwidth caption_bottom caption_bottom_framed caption_framed'><div class=\"container caption_container\"><div class=\"slideshow_caption\"><div class=\"slideshow_inner_caption\"><div class=\"slideshow_align_caption\"><div class='avia-caption-content '  itemprop=\"description\" ><p>Mannerheimkors ceremonin i S:t Michel den 5 september 1942<\/p>\n<\/div><\/div><\/div><\/div><\/div><\/div><img decoding=\"async\" fetchpriority=\"high\" class=\"wp-image-5027 avia-img-lazy-loading-not-5027\"  src=\"https:\/\/veteraanienperinto.fi\/wp-content\/uploads\/2020\/11\/mannerheimristiritarit-1500x430.png\" width=\"1500\" height=\"430\" title='mannerheimristiritarit' alt=''  itemprop=\"thumbnailUrl\" srcset=\"https:\/\/veteraanienperinto.fi\/wp-content\/uploads\/2020\/11\/mannerheimristiritarit.png 1500w, https:\/\/veteraanienperinto.fi\/wp-content\/uploads\/2020\/11\/mannerheimristiritarit-300x86.png 300w, https:\/\/veteraanienperinto.fi\/wp-content\/uploads\/2020\/11\/mannerheimristiritarit-1030x295.png 1030w, https:\/\/veteraanienperinto.fi\/wp-content\/uploads\/2020\/11\/mannerheimristiritarit-768x220.png 768w, https:\/\/veteraanienperinto.fi\/wp-content\/uploads\/2020\/11\/mannerheimristiritarit-705x202.png 705w\" sizes=\"(max-width: 1500px) 100vw, 1500px\" \/><\/div><\/li><\/ul><\/div><\/div><div id='after_full_slider_1'  class='main_color av_default_container_wrap container_wrap sidebar_right'  ><div class='container av-section-cont-open' ><div class='template-page content  av-content-small alpha units'><div class='post-entry post-entry-type-page post-entry-6483'><div class='entry-content-wrapper clearfix'>\n\n<style type=\"text\/css\" data-created_by=\"avia_inline_auto\" id=\"style-css-av-av_heading-57eb660f147eea897856aebb0d731520\">\n#top .av-special-heading.av-av_heading-57eb660f147eea897856aebb0d731520{\npadding-bottom:10px;\n}\nbody .av-special-heading.av-av_heading-57eb660f147eea897856aebb0d731520 .av-special-heading-tag .heading-char{\nfont-size:25px;\n}\n.av-special-heading.av-av_heading-57eb660f147eea897856aebb0d731520 .av-subheading{\nfont-size:15px;\n}\n<\/style>\n<div  class='av-special-heading av-av_heading-57eb660f147eea897856aebb0d731520 av-special-heading-h2  avia-builder-el-1  el_after_av_slideshow_full  el_before_av_textblock  avia-builder-el-first '><h2 class='av-special-heading-tag'  itemprop=\"headline\"  >Riddarna av Mannerheimkorset<\/h2><div class=\"special-heading-border\"><div class=\"special-heading-inner-border\"><\/div><\/div><\/div>\n<section  class='av_textblock_section av-8q2sc-9cf9ad9331e25d38c2729c97708a9ba4 '   itemscope=\"itemscope\" itemtype=\"https:\/\/schema.org\/CreativeWork\" ><div class='avia_textblock'  itemprop=\"text\" ><p><img loading=\"lazy\" decoding=\"async\" class=\"alignright wp-image-4166 size-medium\" src=\"https:\/\/veteraanienperinto.fi\/wp-content\/uploads\/2020\/09\/vr_2lk_mannerheim_original-300x300.jpg\" alt=\"\" width=\"300\" height=\"300\" srcset=\"https:\/\/veteraanienperinto.fi\/wp-content\/uploads\/2020\/09\/vr_2lk_mannerheim_original-300x300.jpg 300w, https:\/\/veteraanienperinto.fi\/wp-content\/uploads\/2020\/09\/vr_2lk_mannerheim_original-80x80.jpg 80w, https:\/\/veteraanienperinto.fi\/wp-content\/uploads\/2020\/09\/vr_2lk_mannerheim_original-768x768.jpg 768w, https:\/\/veteraanienperinto.fi\/wp-content\/uploads\/2020\/09\/vr_2lk_mannerheim_original-36x36.jpg 36w, https:\/\/veteraanienperinto.fi\/wp-content\/uploads\/2020\/09\/vr_2lk_mannerheim_original-180x180.jpg 180w, https:\/\/veteraanienperinto.fi\/wp-content\/uploads\/2020\/09\/vr_2lk_mannerheim_original-705x705.jpg 705w, https:\/\/veteraanienperinto.fi\/wp-content\/uploads\/2020\/09\/vr_2lk_mannerheim_original.jpg 950w\" sizes=\"auto, (max-width: 300px) 100vw, 300px\" \/><\/p>\n<p>\u00d6verbef\u00e4lhavaren under vinterkriget, f\u00e4ltmarskalk Mannerheim konstaterade att reglerna om utm\u00e4rkelsetecken var bristf\u00e4lliga. Grunderna f\u00f6r utdelning av utm\u00e4rkelsetecken baserade sig p\u00e5 milit\u00e4rgraden. Enligt Mannerheims \u00e5sikt m\u00e5ste man kunna premiera visad tapperhet och skicklighet p\u00e5 slagf\u00e4ltet med ett stort utm\u00e4rkelsetecken, oberoende av milit\u00e4r grad.<\/p>\n<p>Under vapenstillest\u00e5ndet gavs en f\u00f6rordning genom vilken de nya utm\u00e4rkelsetecknen togs i bruk. I den best\u00e4mdes:<\/p>\n<p>&#8221;S\u00e5som bel\u00f6ning f\u00f6r utm\u00e4rkt tapperhet, uppn\u00e5dda s\u00e4rskilt viktiga resultat av kamphandlingar eller synnerligen f\u00f6rtj\u00e4nstfullt ledda operationer kan krigsman i Finlands f\u00f6rsvarsmakt oberoende av hans grad utn\u00e4mnas till riddare med Mannerheimkorset av Frihetskorsets 1 eller 2 klass&#8221;.<\/p>\n<p>Under krigen k\u00e4mpade eller fungerade 600 000 man i olika slags uppgifter inom v\u00e5r f\u00f6rsvarsmakt. Av dem blev 191 riddare av Mannerheimkorset. J\u00e4gar\u00f6versten Ernst Ruben Lagus utn\u00e4mndes till den f\u00f6rsta riddaren i juli 1941. Riddare nr 191 \u00e4r j\u00e4gar\u00f6verstel\u00f6jtnant Viljo Aukusti Laakso. Som den f\u00f6rsta mannen i ledet bel\u00f6nades den or\u00e4dda pansarv\u00e4rnsmannen, soldat Vilho R\u00e4tt\u00f6. Han b\u00e4r Mannerheimkorset nr 4.<\/p>\n<p>Dubbla riddare av Mannerheimkorset \u00e4r generalmajor Aaro Pajari, \u00f6verste Martti Aho, flygm\u00e4stare Eino Juutilainen och kapten Hans Wind. Endast tv\u00e5 m\u00e4n har utn\u00e4mnts till riddare av Mannerheimkorsets I klass, f\u00e4ltmarskalken Carl Gustav Emil Mannerheim och infanterigeneralen Axel Erik Heinrich. Den yngsta av riddarna var den 19-\u00e5riga sergeanten Lauri Skytt\u00e4 och den \u00e4ldsta den 71-\u00e5riga f\u00e4ltmarskalken Mannerheim.<\/p>\n<p>Det fanns ocks\u00e5 andra tappra soldater som stod f\u00f6r stora prestationer. Riddarna av Mannerheimkorset \u00e4r fr\u00e4mst ett representativt urval av m\u00e4n som k\u00e4mpat f\u00f6r sitt fosterland, vilka inte ens den f\u00f6rm\u00e4tna \u00f6vermakten kunde kn\u00e4cka. Deras attityd \u00e4r exempel som ocks\u00e5 kan till\u00e4mpas i arbetsuppgifter i fredstid.<\/p>\n<p><strong><a href=\"http:\/\/www.mannerheim-ristinritarit.fi\/\" target=\"_blank\" rel=\"noopener\">L\u00e4nk till Mannerheim-ristin ritarien s\u00e4\u00e4ti\u00f6 -sidor (endast p\u00e5 finska).<\/a><\/strong><\/p>\n<\/div><\/section>\n","protected":false},"excerpt":{"rendered":"","protected":false},"author":1,"featured_media":0,"parent":6331,"menu_order":3,"comment_status":"closed","ping_status":"closed","template":"","meta":{"footnotes":""},"class_list":["post-6483","page","type-page","status-publish","hentry"],"yoast_head":"<!-- This site is optimized with the Yoast SEO plugin v27.4 - https:\/\/yoast.com\/product\/yoast-seo-wordpress\/ -->\n<title>Riddarna av Mannerheimkorset - Veteraanien Perint\u00f6<\/title>\n<meta name=\"robots\" content=\"index, follow, max-snippet:-1, max-image-preview:large, max-video-preview:-1\" \/>\n<link rel=\"canonical\" href=\"https:\/\/veteraanienperinto.fi\/index.php\/sv\/infobank\/riddarna-av-mannerheimkorset\/\" \/>\n<meta property=\"og:locale\" content=\"fi_FI\" \/>\n<meta property=\"og:type\" content=\"article\" \/>\n<meta property=\"og:title\" content=\"Riddarna av Mannerheimkorset - Veteraanien Perint\u00f6\" \/>\n<meta property=\"og:url\" content=\"https:\/\/veteraanienperinto.fi\/index.php\/sv\/infobank\/riddarna-av-mannerheimkorset\/\" \/>\n<meta property=\"og:site_name\" content=\"Veteraanien Perint\u00f6\" \/>\n<meta property=\"article:modified_time\" content=\"2021-01-14T09:41:39+00:00\" \/>\n<meta property=\"og:image\" content=\"https:\/\/veteraanienperinto.fi\/wp-content\/uploads\/2020\/09\/vr_2lk_mannerheim_original-300x300.jpg\" \/>\n<meta name=\"twitter:card\" content=\"summary_large_image\" \/>\n<meta name=\"twitter:label1\" content=\"Arvioitu lukuaika\" \/>\n\t<meta name=\"twitter:data1\" content=\"3 minuuttia\" \/>\n<script type=\"application\/ld+json\" class=\"yoast-schema-graph\">{\"@context\":\"https:\\\/\\\/schema.org\",\"@graph\":[{\"@type\":\"WebPage\",\"@id\":\"https:\\\/\\\/veteraanienperinto.fi\\\/index.php\\\/sv\\\/infobank\\\/riddarna-av-mannerheimkorset\\\/\",\"url\":\"https:\\\/\\\/veteraanienperinto.fi\\\/index.php\\\/sv\\\/infobank\\\/riddarna-av-mannerheimkorset\\\/\",\"name\":\"Riddarna av Mannerheimkorset - Veteraanien Perint\u00f6\",\"isPartOf\":{\"@id\":\"https:\\\/\\\/veteraanienperinto.fi\\\/#website\"},\"primaryImageOfPage\":{\"@id\":\"https:\\\/\\\/veteraanienperinto.fi\\\/index.php\\\/sv\\\/infobank\\\/riddarna-av-mannerheimkorset\\\/#primaryimage\"},\"image\":{\"@id\":\"https:\\\/\\\/veteraanienperinto.fi\\\/index.php\\\/sv\\\/infobank\\\/riddarna-av-mannerheimkorset\\\/#primaryimage\"},\"thumbnailUrl\":\"https:\\\/\\\/veteraanienperinto.fi\\\/wp-content\\\/uploads\\\/2020\\\/09\\\/vr_2lk_mannerheim_original-300x300.jpg\",\"datePublished\":\"2020-11-19T11:16:14+00:00\",\"dateModified\":\"2021-01-14T09:41:39+00:00\",\"breadcrumb\":{\"@id\":\"https:\\\/\\\/veteraanienperinto.fi\\\/index.php\\\/sv\\\/infobank\\\/riddarna-av-mannerheimkorset\\\/#breadcrumb\"},\"inLanguage\":\"fi\",\"potentialAction\":[{\"@type\":\"ReadAction\",\"target\":[\"https:\\\/\\\/veteraanienperinto.fi\\\/index.php\\\/sv\\\/infobank\\\/riddarna-av-mannerheimkorset\\\/\"]}]},{\"@type\":\"ImageObject\",\"inLanguage\":\"fi\",\"@id\":\"https:\\\/\\\/veteraanienperinto.fi\\\/index.php\\\/sv\\\/infobank\\\/riddarna-av-mannerheimkorset\\\/#primaryimage\",\"url\":\"https:\\\/\\\/veteraanienperinto.fi\\\/wp-content\\\/uploads\\\/2020\\\/09\\\/vr_2lk_mannerheim_original.jpg\",\"contentUrl\":\"https:\\\/\\\/veteraanienperinto.fi\\\/wp-content\\\/uploads\\\/2020\\\/09\\\/vr_2lk_mannerheim_original.jpg\",\"width\":950,\"height\":950},{\"@type\":\"BreadcrumbList\",\"@id\":\"https:\\\/\\\/veteraanienperinto.fi\\\/index.php\\\/sv\\\/infobank\\\/riddarna-av-mannerheimkorset\\\/#breadcrumb\",\"itemListElement\":[{\"@type\":\"ListItem\",\"position\":1,\"name\":\"Etusivu\",\"item\":\"https:\\\/\\\/veteraanienperinto.fi\\\/index.php\\\/etusivu-2\\\/\"},{\"@type\":\"ListItem\",\"position\":2,\"name\":\"Infobank\",\"item\":\"https:\\\/\\\/veteraanienperinto.fi\\\/index.php\\\/sv\\\/infobank\\\/\"},{\"@type\":\"ListItem\",\"position\":3,\"name\":\"Riddarna av Mannerheimkorset\"}]},{\"@type\":\"WebSite\",\"@id\":\"https:\\\/\\\/veteraanienperinto.fi\\\/#website\",\"url\":\"https:\\\/\\\/veteraanienperinto.fi\\\/\",\"name\":\"Veteraanien Perint\u00f6\",\"description\":\"Kadettikunta\",\"potentialAction\":[{\"@type\":\"SearchAction\",\"target\":{\"@type\":\"EntryPoint\",\"urlTemplate\":\"https:\\\/\\\/veteraanienperinto.fi\\\/?s={search_term_string}\"},\"query-input\":{\"@type\":\"PropertyValueSpecification\",\"valueRequired\":true,\"valueName\":\"search_term_string\"}}],\"inLanguage\":\"fi\"}]}<\/script>\n<!-- \/ Yoast SEO plugin. -->","yoast_head_json":{"title":"Riddarna av Mannerheimkorset - Veteraanien Perint\u00f6","robots":{"index":"index","follow":"follow","max-snippet":"max-snippet:-1","max-image-preview":"max-image-preview:large","max-video-preview":"max-video-preview:-1"},"canonical":"https:\/\/veteraanienperinto.fi\/index.php\/sv\/infobank\/riddarna-av-mannerheimkorset\/","og_locale":"fi_FI","og_type":"article","og_title":"Riddarna av Mannerheimkorset - Veteraanien Perint\u00f6","og_url":"https:\/\/veteraanienperinto.fi\/index.php\/sv\/infobank\/riddarna-av-mannerheimkorset\/","og_site_name":"Veteraanien Perint\u00f6","article_modified_time":"2021-01-14T09:41:39+00:00","og_image":[{"url":"https:\/\/veteraanienperinto.fi\/wp-content\/uploads\/2020\/09\/vr_2lk_mannerheim_original-300x300.jpg","type":"","width":"","height":""}],"twitter_card":"summary_large_image","twitter_misc":{"Arvioitu lukuaika":"3 minuuttia"},"schema":{"@context":"https:\/\/schema.org","@graph":[{"@type":"WebPage","@id":"https:\/\/veteraanienperinto.fi\/index.php\/sv\/infobank\/riddarna-av-mannerheimkorset\/","url":"https:\/\/veteraanienperinto.fi\/index.php\/sv\/infobank\/riddarna-av-mannerheimkorset\/","name":"Riddarna av Mannerheimkorset - Veteraanien Perint\u00f6","isPartOf":{"@id":"https:\/\/veteraanienperinto.fi\/#website"},"primaryImageOfPage":{"@id":"https:\/\/veteraanienperinto.fi\/index.php\/sv\/infobank\/riddarna-av-mannerheimkorset\/#primaryimage"},"image":{"@id":"https:\/\/veteraanienperinto.fi\/index.php\/sv\/infobank\/riddarna-av-mannerheimkorset\/#primaryimage"},"thumbnailUrl":"https:\/\/veteraanienperinto.fi\/wp-content\/uploads\/2020\/09\/vr_2lk_mannerheim_original-300x300.jpg","datePublished":"2020-11-19T11:16:14+00:00","dateModified":"2021-01-14T09:41:39+00:00","breadcrumb":{"@id":"https:\/\/veteraanienperinto.fi\/index.php\/sv\/infobank\/riddarna-av-mannerheimkorset\/#breadcrumb"},"inLanguage":"fi","potentialAction":[{"@type":"ReadAction","target":["https:\/\/veteraanienperinto.fi\/index.php\/sv\/infobank\/riddarna-av-mannerheimkorset\/"]}]},{"@type":"ImageObject","inLanguage":"fi","@id":"https:\/\/veteraanienperinto.fi\/index.php\/sv\/infobank\/riddarna-av-mannerheimkorset\/#primaryimage","url":"https:\/\/veteraanienperinto.fi\/wp-content\/uploads\/2020\/09\/vr_2lk_mannerheim_original.jpg","contentUrl":"https:\/\/veteraanienperinto.fi\/wp-content\/uploads\/2020\/09\/vr_2lk_mannerheim_original.jpg","width":950,"height":950},{"@type":"BreadcrumbList","@id":"https:\/\/veteraanienperinto.fi\/index.php\/sv\/infobank\/riddarna-av-mannerheimkorset\/#breadcrumb","itemListElement":[{"@type":"ListItem","position":1,"name":"Etusivu","item":"https:\/\/veteraanienperinto.fi\/index.php\/etusivu-2\/"},{"@type":"ListItem","position":2,"name":"Infobank","item":"https:\/\/veteraanienperinto.fi\/index.php\/sv\/infobank\/"},{"@type":"ListItem","position":3,"name":"Riddarna av Mannerheimkorset"}]},{"@type":"WebSite","@id":"https:\/\/veteraanienperinto.fi\/#website","url":"https:\/\/veteraanienperinto.fi\/","name":"Veteraanien Perint\u00f6","description":"Kadettikunta","potentialAction":[{"@type":"SearchAction","target":{"@type":"EntryPoint","urlTemplate":"https:\/\/veteraanienperinto.fi\/?s={search_term_string}"},"query-input":{"@type":"PropertyValueSpecification","valueRequired":true,"valueName":"search_term_string"}}],"inLanguage":"fi"}]}},"_links":{"self":[{"href":"https:\/\/veteraanienperinto.fi\/index.php\/wp-json\/wp\/v2\/pages\/6483","targetHints":{"allow":["GET"]}}],"collection":[{"href":"https:\/\/veteraanienperinto.fi\/index.php\/wp-json\/wp\/v2\/pages"}],"about":[{"href":"https:\/\/veteraanienperinto.fi\/index.php\/wp-json\/wp\/v2\/types\/page"}],"author":[{"embeddable":true,"href":"https:\/\/veteraanienperinto.fi\/index.php\/wp-json\/wp\/v2\/users\/1"}],"replies":[{"embeddable":true,"href":"https:\/\/veteraanienperinto.fi\/index.php\/wp-json\/wp\/v2\/comments?post=6483"}],"version-history":[{"count":6,"href":"https:\/\/veteraanienperinto.fi\/index.php\/wp-json\/wp\/v2\/pages\/6483\/revisions"}],"predecessor-version":[{"id":10313,"href":"https:\/\/veteraanienperinto.fi\/index.php\/wp-json\/wp\/v2\/pages\/6483\/revisions\/10313"}],"up":[{"embeddable":true,"href":"https:\/\/veteraanienperinto.fi\/index.php\/wp-json\/wp\/v2\/pages\/6331"}],"wp:attachment":[{"href":"https:\/\/veteraanienperinto.fi\/index.php\/wp-json\/wp\/v2\/media?parent=6483"}],"curies":[{"name":"wp","href":"https:\/\/api.w.org\/{rel}","templated":true}]}}