{"id":6507,"date":"2020-11-19T12:32:42","date_gmt":"2020-11-19T12:32:42","guid":{"rendered":"https:\/\/veteraani.ylirotu.fi\/?page_id=6507"},"modified":"2021-01-19T14:12:08","modified_gmt":"2021-01-19T14:12:08","slug":"sns-sallskapet","status":"publish","type":"page","link":"https:\/\/veteraanienperinto.fi\/index.php\/sv\/infobank\/organisationer\/sns-sallskapet\/","title":{"rendered":"SNS-s\u00e4llskapet"},"content":{"rendered":"<div id='full_slider_1'  class='avia-fullwidth-slider main_color avia-shadow   avia-builder-el-0  el_before_av_heading  avia-builder-el-first   container_wrap sidebar_right'  ><\/div><div id='after_full_slider_1'  class='main_color av_default_container_wrap container_wrap sidebar_right'  ><div class='container av-section-cont-open' ><div class='template-page content  av-content-small alpha units'><div class='post-entry post-entry-type-page post-entry-6507'><div class='entry-content-wrapper clearfix'>\n\n<style type=\"text\/css\" data-created_by=\"avia_inline_auto\" id=\"style-css-av-kk42tg8l-f8a2fa12e90f31d5aa8086fbd90f5baa\">\n#top .av-special-heading.av-kk42tg8l-f8a2fa12e90f31d5aa8086fbd90f5baa{\npadding-bottom:10px;\n}\nbody .av-special-heading.av-kk42tg8l-f8a2fa12e90f31d5aa8086fbd90f5baa .av-special-heading-tag .heading-char{\nfont-size:25px;\n}\n.av-special-heading.av-kk42tg8l-f8a2fa12e90f31d5aa8086fbd90f5baa .av-subheading{\nfont-size:15px;\n}\n<\/style>\n<div  class='av-special-heading av-kk42tg8l-f8a2fa12e90f31d5aa8086fbd90f5baa av-special-heading-h2  avia-builder-el-1  el_after_av_slideshow_full  el_before_av_textblock  avia-builder-el-first '><h2 class='av-special-heading-tag'  itemprop=\"headline\"  >SNS-s\u00e4llskapet<\/h2><div class=\"special-heading-border\"><div class=\"special-heading-inner-border\"><\/div><\/div><\/div>\n<section  class='av_textblock_section av-bdxe3-58ecc7d319e8ac86a8aba54e6304ff3a '   itemscope=\"itemscope\" itemtype=\"https:\/\/schema.org\/CreativeWork\" ><div class='avia_textblock'  itemprop=\"text\" ><p><img loading=\"lazy\" decoding=\"async\" class=\"size-full wp-image-8325 alignright\" src=\"https:\/\/veteraanienperinto.fi\/wp-content\/uploads\/2020\/12\/sns.jpg\" alt=\"\" width=\"320\" height=\"160\" srcset=\"https:\/\/veteraanienperinto.fi\/wp-content\/uploads\/2020\/12\/sns.jpg 320w, https:\/\/veteraanienperinto.fi\/wp-content\/uploads\/2020\/12\/sns-300x150.jpg 300w\" sizes=\"auto, (max-width: 320px) 100vw, 320px\" \/><\/p>\n<p>I maj 1940 inr\u00e4ttades S\u00e4llskapet f\u00f6r fred och v\u00e4nskap mellan Finland och Sovjetunionen, h\u00e4rlett fr\u00e5n finskan kallat SNS-s\u00e4llskapet, i huvudsak av anh\u00e4ngare till det f\u00f6rra Finlands kommunistiska parti. S\u00e4llskapet agerade f\u00f6r en f\u00f6rb\u00e4ttring av f\u00f6rh\u00e5llandena mellan Finland och Sovjetunionen. Dess medlemsantal v\u00e4xte fram till h\u00f6sten 1940 upp till 35 000. S\u00e4llskapet gjorde kraftiga utfall mot regeringen och det socialdemokratiska partiet.<\/p>\n<p>Man f\u00f6rmodade att s\u00e4llskapet ut\u00f6vade revolution\u00e4r verksamhet, eftersom det f\u00f6rs\u00f6kte sprida missn\u00f6je och ordnade demonstrationer. Dess syfte verkade vara att bryta ner enigheten och f\u00f6rsvarsviljan hos folket. Man kallade det femte kolonnen, s\u00e5ledes en gruppering som fungerade bland de egna och som agerade f\u00f6r fiendens r\u00e4kning. S\u00e4llskapets verksamhet ans\u00e5gs mycket farlig eftersom den p\u00e5verkade sk\u00f6tseln av Finlands och Sovjetunionens relationer. S\u00e4llskapet uppl\u00f6stes i december 1940 genom domstolsbeslut.<\/p>\n<\/div><\/section>\n","protected":false},"excerpt":{"rendered":"","protected":false},"author":1,"featured_media":0,"parent":6491,"menu_order":4,"comment_status":"closed","ping_status":"closed","template":"","meta":{"footnotes":""},"class_list":["post-6507","page","type-page","status-publish","hentry"],"yoast_head":"<!-- This site is optimized with the Yoast SEO plugin v27.4 - https:\/\/yoast.com\/product\/yoast-seo-wordpress\/ -->\n<title>SNS-s\u00e4llskapet - Veteraanien Perint\u00f6<\/title>\n<meta name=\"robots\" content=\"index, follow, max-snippet:-1, max-image-preview:large, max-video-preview:-1\" \/>\n<link rel=\"canonical\" href=\"https:\/\/veteraanienperinto.fi\/index.php\/sv\/infobank\/organisationer\/sns-sallskapet\/\" \/>\n<meta property=\"og:locale\" content=\"fi_FI\" \/>\n<meta property=\"og:type\" content=\"article\" \/>\n<meta property=\"og:title\" content=\"SNS-s\u00e4llskapet - Veteraanien Perint\u00f6\" \/>\n<meta property=\"og:url\" content=\"https:\/\/veteraanienperinto.fi\/index.php\/sv\/infobank\/organisationer\/sns-sallskapet\/\" \/>\n<meta property=\"og:site_name\" content=\"Veteraanien Perint\u00f6\" \/>\n<meta property=\"article:modified_time\" content=\"2021-01-19T14:12:08+00:00\" \/>\n<meta property=\"og:image\" content=\"https:\/\/veteraanienperinto.fi\/wp-content\/uploads\/2020\/12\/sns.jpg\" \/>\n<meta name=\"twitter:card\" content=\"summary_large_image\" \/>\n<meta name=\"twitter:label1\" content=\"Arvioitu lukuaika\" \/>\n\t<meta name=\"twitter:data1\" content=\"2 minuuttia\" \/>\n<script type=\"application\/ld+json\" class=\"yoast-schema-graph\">{\"@context\":\"https:\\\/\\\/schema.org\",\"@graph\":[{\"@type\":\"WebPage\",\"@id\":\"https:\\\/\\\/veteraanienperinto.fi\\\/index.php\\\/sv\\\/infobank\\\/organisationer\\\/sns-sallskapet\\\/\",\"url\":\"https:\\\/\\\/veteraanienperinto.fi\\\/index.php\\\/sv\\\/infobank\\\/organisationer\\\/sns-sallskapet\\\/\",\"name\":\"SNS-s\u00e4llskapet - Veteraanien Perint\u00f6\",\"isPartOf\":{\"@id\":\"https:\\\/\\\/veteraanienperinto.fi\\\/#website\"},\"primaryImageOfPage\":{\"@id\":\"https:\\\/\\\/veteraanienperinto.fi\\\/index.php\\\/sv\\\/infobank\\\/organisationer\\\/sns-sallskapet\\\/#primaryimage\"},\"image\":{\"@id\":\"https:\\\/\\\/veteraanienperinto.fi\\\/index.php\\\/sv\\\/infobank\\\/organisationer\\\/sns-sallskapet\\\/#primaryimage\"},\"thumbnailUrl\":\"https:\\\/\\\/veteraanienperinto.fi\\\/wp-content\\\/uploads\\\/2020\\\/12\\\/sns.jpg\",\"datePublished\":\"2020-11-19T12:32:42+00:00\",\"dateModified\":\"2021-01-19T14:12:08+00:00\",\"breadcrumb\":{\"@id\":\"https:\\\/\\\/veteraanienperinto.fi\\\/index.php\\\/sv\\\/infobank\\\/organisationer\\\/sns-sallskapet\\\/#breadcrumb\"},\"inLanguage\":\"fi\",\"potentialAction\":[{\"@type\":\"ReadAction\",\"target\":[\"https:\\\/\\\/veteraanienperinto.fi\\\/index.php\\\/sv\\\/infobank\\\/organisationer\\\/sns-sallskapet\\\/\"]}]},{\"@type\":\"ImageObject\",\"inLanguage\":\"fi\",\"@id\":\"https:\\\/\\\/veteraanienperinto.fi\\\/index.php\\\/sv\\\/infobank\\\/organisationer\\\/sns-sallskapet\\\/#primaryimage\",\"url\":\"https:\\\/\\\/veteraanienperinto.fi\\\/wp-content\\\/uploads\\\/2020\\\/12\\\/sns.jpg\",\"contentUrl\":\"https:\\\/\\\/veteraanienperinto.fi\\\/wp-content\\\/uploads\\\/2020\\\/12\\\/sns.jpg\",\"width\":320,\"height\":160},{\"@type\":\"BreadcrumbList\",\"@id\":\"https:\\\/\\\/veteraanienperinto.fi\\\/index.php\\\/sv\\\/infobank\\\/organisationer\\\/sns-sallskapet\\\/#breadcrumb\",\"itemListElement\":[{\"@type\":\"ListItem\",\"position\":1,\"name\":\"Etusivu\",\"item\":\"https:\\\/\\\/veteraanienperinto.fi\\\/index.php\\\/etusivu-2\\\/\"},{\"@type\":\"ListItem\",\"position\":2,\"name\":\"Infobank\",\"item\":\"https:\\\/\\\/veteraanienperinto.fi\\\/index.php\\\/sv\\\/infobank\\\/\"},{\"@type\":\"ListItem\",\"position\":3,\"name\":\"Organisationer\",\"item\":\"https:\\\/\\\/veteraanienperinto.fi\\\/index.php\\\/sv\\\/infobank\\\/organisationer\\\/\"},{\"@type\":\"ListItem\",\"position\":4,\"name\":\"SNS-s\u00e4llskapet\"}]},{\"@type\":\"WebSite\",\"@id\":\"https:\\\/\\\/veteraanienperinto.fi\\\/#website\",\"url\":\"https:\\\/\\\/veteraanienperinto.fi\\\/\",\"name\":\"Veteraanien Perint\u00f6\",\"description\":\"Kadettikunta\",\"potentialAction\":[{\"@type\":\"SearchAction\",\"target\":{\"@type\":\"EntryPoint\",\"urlTemplate\":\"https:\\\/\\\/veteraanienperinto.fi\\\/?s={search_term_string}\"},\"query-input\":{\"@type\":\"PropertyValueSpecification\",\"valueRequired\":true,\"valueName\":\"search_term_string\"}}],\"inLanguage\":\"fi\"}]}<\/script>\n<!-- \/ Yoast SEO plugin. -->","yoast_head_json":{"title":"SNS-s\u00e4llskapet - Veteraanien Perint\u00f6","robots":{"index":"index","follow":"follow","max-snippet":"max-snippet:-1","max-image-preview":"max-image-preview:large","max-video-preview":"max-video-preview:-1"},"canonical":"https:\/\/veteraanienperinto.fi\/index.php\/sv\/infobank\/organisationer\/sns-sallskapet\/","og_locale":"fi_FI","og_type":"article","og_title":"SNS-s\u00e4llskapet - Veteraanien Perint\u00f6","og_url":"https:\/\/veteraanienperinto.fi\/index.php\/sv\/infobank\/organisationer\/sns-sallskapet\/","og_site_name":"Veteraanien Perint\u00f6","article_modified_time":"2021-01-19T14:12:08+00:00","og_image":[{"url":"https:\/\/veteraanienperinto.fi\/wp-content\/uploads\/2020\/12\/sns.jpg","type":"","width":"","height":""}],"twitter_card":"summary_large_image","twitter_misc":{"Arvioitu lukuaika":"2 minuuttia"},"schema":{"@context":"https:\/\/schema.org","@graph":[{"@type":"WebPage","@id":"https:\/\/veteraanienperinto.fi\/index.php\/sv\/infobank\/organisationer\/sns-sallskapet\/","url":"https:\/\/veteraanienperinto.fi\/index.php\/sv\/infobank\/organisationer\/sns-sallskapet\/","name":"SNS-s\u00e4llskapet - Veteraanien Perint\u00f6","isPartOf":{"@id":"https:\/\/veteraanienperinto.fi\/#website"},"primaryImageOfPage":{"@id":"https:\/\/veteraanienperinto.fi\/index.php\/sv\/infobank\/organisationer\/sns-sallskapet\/#primaryimage"},"image":{"@id":"https:\/\/veteraanienperinto.fi\/index.php\/sv\/infobank\/organisationer\/sns-sallskapet\/#primaryimage"},"thumbnailUrl":"https:\/\/veteraanienperinto.fi\/wp-content\/uploads\/2020\/12\/sns.jpg","datePublished":"2020-11-19T12:32:42+00:00","dateModified":"2021-01-19T14:12:08+00:00","breadcrumb":{"@id":"https:\/\/veteraanienperinto.fi\/index.php\/sv\/infobank\/organisationer\/sns-sallskapet\/#breadcrumb"},"inLanguage":"fi","potentialAction":[{"@type":"ReadAction","target":["https:\/\/veteraanienperinto.fi\/index.php\/sv\/infobank\/organisationer\/sns-sallskapet\/"]}]},{"@type":"ImageObject","inLanguage":"fi","@id":"https:\/\/veteraanienperinto.fi\/index.php\/sv\/infobank\/organisationer\/sns-sallskapet\/#primaryimage","url":"https:\/\/veteraanienperinto.fi\/wp-content\/uploads\/2020\/12\/sns.jpg","contentUrl":"https:\/\/veteraanienperinto.fi\/wp-content\/uploads\/2020\/12\/sns.jpg","width":320,"height":160},{"@type":"BreadcrumbList","@id":"https:\/\/veteraanienperinto.fi\/index.php\/sv\/infobank\/organisationer\/sns-sallskapet\/#breadcrumb","itemListElement":[{"@type":"ListItem","position":1,"name":"Etusivu","item":"https:\/\/veteraanienperinto.fi\/index.php\/etusivu-2\/"},{"@type":"ListItem","position":2,"name":"Infobank","item":"https:\/\/veteraanienperinto.fi\/index.php\/sv\/infobank\/"},{"@type":"ListItem","position":3,"name":"Organisationer","item":"https:\/\/veteraanienperinto.fi\/index.php\/sv\/infobank\/organisationer\/"},{"@type":"ListItem","position":4,"name":"SNS-s\u00e4llskapet"}]},{"@type":"WebSite","@id":"https:\/\/veteraanienperinto.fi\/#website","url":"https:\/\/veteraanienperinto.fi\/","name":"Veteraanien Perint\u00f6","description":"Kadettikunta","potentialAction":[{"@type":"SearchAction","target":{"@type":"EntryPoint","urlTemplate":"https:\/\/veteraanienperinto.fi\/?s={search_term_string}"},"query-input":{"@type":"PropertyValueSpecification","valueRequired":true,"valueName":"search_term_string"}}],"inLanguage":"fi"}]}},"_links":{"self":[{"href":"https:\/\/veteraanienperinto.fi\/index.php\/wp-json\/wp\/v2\/pages\/6507","targetHints":{"allow":["GET"]}}],"collection":[{"href":"https:\/\/veteraanienperinto.fi\/index.php\/wp-json\/wp\/v2\/pages"}],"about":[{"href":"https:\/\/veteraanienperinto.fi\/index.php\/wp-json\/wp\/v2\/types\/page"}],"author":[{"embeddable":true,"href":"https:\/\/veteraanienperinto.fi\/index.php\/wp-json\/wp\/v2\/users\/1"}],"replies":[{"embeddable":true,"href":"https:\/\/veteraanienperinto.fi\/index.php\/wp-json\/wp\/v2\/comments?post=6507"}],"version-history":[{"count":5,"href":"https:\/\/veteraanienperinto.fi\/index.php\/wp-json\/wp\/v2\/pages\/6507\/revisions"}],"predecessor-version":[{"id":10180,"href":"https:\/\/veteraanienperinto.fi\/index.php\/wp-json\/wp\/v2\/pages\/6507\/revisions\/10180"}],"up":[{"embeddable":true,"href":"https:\/\/veteraanienperinto.fi\/index.php\/wp-json\/wp\/v2\/pages\/6491"}],"wp:attachment":[{"href":"https:\/\/veteraanienperinto.fi\/index.php\/wp-json\/wp\/v2\/media?parent=6507"}],"curies":[{"name":"wp","href":"https:\/\/api.w.org\/{rel}","templated":true}]}}