{"id":6527,"date":"2020-11-19T12:40:45","date_gmt":"2020-11-19T12:40:45","guid":{"rendered":"https:\/\/veteraani.ylirotu.fi\/?page_id=6527"},"modified":"2021-01-19T14:16:07","modified_gmt":"2021-01-19T14:16:07","slug":"krigsfangarna","status":"publish","type":"page","link":"https:\/\/veteraanienperinto.fi\/index.php\/sv\/infobank\/andra-grupper\/krigsfangarna\/","title":{"rendered":"Krigsf\u00e5ngarna"},"content":{"rendered":"<div id='full_slider_1'  class='avia-fullwidth-slider main_color avia-shadow   avia-builder-el-0  el_before_av_heading  avia-builder-el-first   container_wrap sidebar_right'  ><\/div><div id='after_full_slider_1'  class='main_color av_default_container_wrap container_wrap sidebar_right'  ><div class='container av-section-cont-open' ><div class='template-page content  av-content-small alpha units'><div class='post-entry post-entry-type-page post-entry-6527'><div class='entry-content-wrapper clearfix'>\n\n<style type=\"text\/css\" data-created_by=\"avia_inline_auto\" id=\"style-css-av-kk42ykx0-3ecb89289d073d58261b31abfa2f3b2f\">\n#top .av-special-heading.av-kk42ykx0-3ecb89289d073d58261b31abfa2f3b2f{\npadding-bottom:10px;\n}\nbody .av-special-heading.av-kk42ykx0-3ecb89289d073d58261b31abfa2f3b2f .av-special-heading-tag .heading-char{\nfont-size:25px;\n}\n.av-special-heading.av-kk42ykx0-3ecb89289d073d58261b31abfa2f3b2f .av-subheading{\nfont-size:15px;\n}\n<\/style>\n<div  class='av-special-heading av-kk42ykx0-3ecb89289d073d58261b31abfa2f3b2f av-special-heading-h2  avia-builder-el-1  el_after_av_slideshow_full  el_before_av_textblock  avia-builder-el-first '><h2 class='av-special-heading-tag'  itemprop=\"headline\"  >Krigsf\u00e5ngarna<\/h2><div class=\"special-heading-border\"><div class=\"special-heading-inner-border\"><\/div><\/div><\/div>\n<section  class='av_textblock_section av-5j0yv-32ffeda666feb1b866033e60570f395d '   itemscope=\"itemscope\" itemtype=\"https:\/\/schema.org\/CreativeWork\" ><div class='avia_textblock'  itemprop=\"text\" ><h3>Krigsf\u00e5ngarna<\/h3>\n<\/div><\/section>\n<section  class='av_textblock_section av-bryt6-f1cce09729a1f349dfc0dda3afc15896 '   itemscope=\"itemscope\" itemtype=\"https:\/\/schema.org\/CreativeWork\" ><div class='avia_textblock'  itemprop=\"text\" ><p><img loading=\"lazy\" decoding=\"async\" class=\"size-full wp-image-8340 alignright\" src=\"https:\/\/veteraanienperinto.fi\/wp-content\/uploads\/2020\/12\/sotavangi1.jpg\" alt=\"\" width=\"350\" height=\"350\" srcset=\"https:\/\/veteraanienperinto.fi\/wp-content\/uploads\/2020\/12\/sotavangi1.jpg 350w, https:\/\/veteraanienperinto.fi\/wp-content\/uploads\/2020\/12\/sotavangi1-300x300.jpg 300w, https:\/\/veteraanienperinto.fi\/wp-content\/uploads\/2020\/12\/sotavangi1-80x80.jpg 80w, https:\/\/veteraanienperinto.fi\/wp-content\/uploads\/2020\/12\/sotavangi1-36x36.jpg 36w, https:\/\/veteraanienperinto.fi\/wp-content\/uploads\/2020\/12\/sotavangi1-180x180.jpg 180w\" sizes=\"auto, (max-width: 350px) 100vw, 350px\" \/>I vinterkriget blev 850-900 finl\u00e4ndska och 6000 sovjetiska soldater krigsf\u00e5ngar. F\u00e5ngenskapstiden blev kort och redan i april 1940 \u00e5terb\u00f6rdades 838 finl\u00e4ndska och 5572 sovjetiska krigsf\u00e5ngar till sina heml\u00e4nder. I Sovjetunionen d\u00f6mdes ca 500 f\u00f6re detta f\u00e5ngar till d\u00f6den f\u00f6r &#8221;att de sviket sin ed&#8221; och resten s\u00e4ndes till f\u00e5ngl\u00e4ger.<\/p>\n<p>I Finland mottogs krigsf\u00e5ngarna med k\u00e4nslor av l\u00e4ttnad, d\u00e5 de f\u00f6rsvunna konstaterades vara i livet. De kunde \u00e5terv\u00e4nda till sina hem redan inom n\u00e5gra veckor efter f\u00e5ngutv\u00e4xlingen. Endast en relativt liten del av de finl\u00e4ndska krigsf\u00e5ngarna hade d\u00f6tt under f\u00e5ngenskapen. Detta berodde p\u00e5 att f\u00e5ngenskapstiden var kort och behandlingen av f\u00e5ngarna b\u00e4ttre \u00e4n under forts\u00e4ttningskriget. De som dog var i regel s\u00e5dana som s\u00e5rats.<\/p>\n<p>I b\u00f6rjan av vinterkriget blev ocks\u00e5 flera hundra finl\u00e4ndska civilpersoner krigsf\u00e5ngar, d\u00e5 evakueringen av dem misslyckades p\u00e5 grund av Sovjetunionens \u00f6verraskande anfall. S\u00e5 skedde speciellt norr om Ladoga i den s\u00e5 kallade Hyrsyl\u00e4kr\u00f6ken samt i Suomussalmi. Trots den korta f\u00e5ngenskapstiden dog i synnerhet sm\u00e5 barn i de bristf\u00e4lliga f\u00f6rh\u00e5llandena i f\u00e5ngl\u00e4gren.<\/p>\n<p>Under forts\u00e4ttningskriget fick finl\u00e4ndarna ca 64000 f\u00e5ngar, av vilka ca 44000 \u00e5terb\u00f6rdades till Sovjetunionen p\u00e5 h\u00f6sten 1944. I finl\u00e4ndska krigsf\u00e5ngl\u00e4ger dog ca 18000 sovjetiska f\u00e5ngar. D\u00f6dligheten var stor i b\u00f6rjan av kriget p\u00e5 vintern 1941\/42. Orsaken var f\u00e5ngarnas d\u00e5liga h\u00e4lso- och n\u00e4ringstillst\u00e5nd redan d\u00e5 de blev tillf\u00e5ngatagna, finl\u00e4ndarnas ringa beredskap att ta emot ett s\u00e5 stort antal krigsf\u00e5ngar och den otillr\u00e4ckliga f\u00f6dan. F\u00e5ngarnas officiella proviantranson var densamma som den finl\u00e4ndska civilbefolkningens, men f\u00e5ngarna kunde inte komplettera den alltf\u00f6r knappa maten p\u00e5 samma s\u00e4tt som den fria befolkningen.<\/p>\n<p>De sovjetiska krigsf\u00e5ngarnas f\u00f6rh\u00e5llanden f\u00f6rb\u00e4ttrades snabbt. Matsituationen f\u00f6r f\u00e5ngar som gick i arbete f\u00f6rb\u00e4ttrades v\u00e4sentligt d\u00e5 50-70% av dem b\u00f6rjade f\u00e5 mat i privata hush\u00e5ll. \u00d6ver 40000 f\u00e5ngar arbetade i olika skeden p\u00e5 finl\u00e4ndska lantg\u00e5rdar under ledning av husbondefolket. M\u00e5nga fick n\u00e4ra nog st\u00e4llning som familjemedlemmar.<\/p>\n<p>Ca 1 000 sovjetiska f\u00e5ngar avr\u00e4ttades eller sk\u00f6ts p\u00e5 grund av uppror eller rymning. Dessutom rymde 1 400 krigsf\u00e5ngar som inte ville \u00e5terv\u00e4nda till Sovjetunionen.<\/p>\n<p>N\u00e5got exakt antal p\u00e5 de finl\u00e4ndare som blev krigsf\u00e5ngar under forts\u00e4ttningskriget har man aldrig lyckats klarl\u00e4gga. M\u00e5nga hade d\u00f6tt i f\u00e5ngl\u00e4gren. Utg\u00e5ende fr\u00e5n forskning som gjorts i v\u00e5rt land uppskattas antalet till 3400-3500. I Lapplandskriget blev endast 16-17 finl\u00e4ndska soldater krigsf\u00e5ngar. Ej heller finns det exakta uppgifter p\u00e5 antalet d\u00f6da i krigsf\u00e5ngenskap under forts\u00e4ttningskriget. I de siffror som erh\u00e5llits fr\u00e5n Ryssland i olika sammanhang \u00e4r det stora skillnader. Detta beror delvis p\u00e5 att i alla statistiker har inte medr\u00e4knats de finl\u00e4ndska soldater som blev tillf\u00e5ngatagna av partisaner, och som partisanerna enligt order sk\u00f6t genast efter att de blivit f\u00f6rh\u00f6rda. Enligt finl\u00e4ndska uppskattningar miste ca 1400 finl\u00e4ndska soldater livet under tiden i f\u00e5ngenskap. Efter forts\u00e4ttningskriget \u00e5terb\u00f6rdades ca 2000 till Finland. Tiden i f\u00e5ngenskap hade varit mycket sv\u00e5r f\u00f6r m\u00e5nga finl\u00e4ndska krigsf\u00e5ngar.<\/p>\n<\/div><\/section>\n","protected":false},"excerpt":{"rendered":"","protected":false},"author":1,"featured_media":0,"parent":6511,"menu_order":5,"comment_status":"closed","ping_status":"closed","template":"","meta":{"footnotes":""},"class_list":["post-6527","page","type-page","status-publish","hentry"],"yoast_head":"<!-- This site is optimized with the Yoast SEO plugin v27.4 - https:\/\/yoast.com\/product\/yoast-seo-wordpress\/ -->\n<title>Krigsf\u00e5ngarna - Veteraanien Perint\u00f6<\/title>\n<meta name=\"robots\" content=\"index, follow, max-snippet:-1, max-image-preview:large, max-video-preview:-1\" \/>\n<link rel=\"canonical\" href=\"https:\/\/veteraanienperinto.fi\/index.php\/sv\/infobank\/andra-grupper\/krigsfangarna\/\" \/>\n<meta property=\"og:locale\" content=\"fi_FI\" \/>\n<meta property=\"og:type\" content=\"article\" \/>\n<meta property=\"og:title\" content=\"Krigsf\u00e5ngarna - Veteraanien Perint\u00f6\" \/>\n<meta property=\"og:url\" content=\"https:\/\/veteraanienperinto.fi\/index.php\/sv\/infobank\/andra-grupper\/krigsfangarna\/\" \/>\n<meta property=\"og:site_name\" content=\"Veteraanien Perint\u00f6\" \/>\n<meta property=\"article:modified_time\" content=\"2021-01-19T14:16:07+00:00\" \/>\n<meta property=\"og:image\" content=\"https:\/\/veteraanienperinto.fi\/wp-content\/uploads\/2020\/12\/sotavangi1.jpg\" \/>\n<meta name=\"twitter:card\" content=\"summary_large_image\" \/>\n<meta name=\"twitter:label1\" content=\"Arvioitu lukuaika\" \/>\n\t<meta name=\"twitter:data1\" content=\"4 minuuttia\" \/>\n<script type=\"application\/ld+json\" class=\"yoast-schema-graph\">{\"@context\":\"https:\\\/\\\/schema.org\",\"@graph\":[{\"@type\":\"WebPage\",\"@id\":\"https:\\\/\\\/veteraanienperinto.fi\\\/index.php\\\/sv\\\/infobank\\\/andra-grupper\\\/krigsfangarna\\\/\",\"url\":\"https:\\\/\\\/veteraanienperinto.fi\\\/index.php\\\/sv\\\/infobank\\\/andra-grupper\\\/krigsfangarna\\\/\",\"name\":\"Krigsf\u00e5ngarna - Veteraanien Perint\u00f6\",\"isPartOf\":{\"@id\":\"https:\\\/\\\/veteraanienperinto.fi\\\/#website\"},\"primaryImageOfPage\":{\"@id\":\"https:\\\/\\\/veteraanienperinto.fi\\\/index.php\\\/sv\\\/infobank\\\/andra-grupper\\\/krigsfangarna\\\/#primaryimage\"},\"image\":{\"@id\":\"https:\\\/\\\/veteraanienperinto.fi\\\/index.php\\\/sv\\\/infobank\\\/andra-grupper\\\/krigsfangarna\\\/#primaryimage\"},\"thumbnailUrl\":\"https:\\\/\\\/veteraanienperinto.fi\\\/wp-content\\\/uploads\\\/2020\\\/12\\\/sotavangi1.jpg\",\"datePublished\":\"2020-11-19T12:40:45+00:00\",\"dateModified\":\"2021-01-19T14:16:07+00:00\",\"breadcrumb\":{\"@id\":\"https:\\\/\\\/veteraanienperinto.fi\\\/index.php\\\/sv\\\/infobank\\\/andra-grupper\\\/krigsfangarna\\\/#breadcrumb\"},\"inLanguage\":\"fi\",\"potentialAction\":[{\"@type\":\"ReadAction\",\"target\":[\"https:\\\/\\\/veteraanienperinto.fi\\\/index.php\\\/sv\\\/infobank\\\/andra-grupper\\\/krigsfangarna\\\/\"]}]},{\"@type\":\"ImageObject\",\"inLanguage\":\"fi\",\"@id\":\"https:\\\/\\\/veteraanienperinto.fi\\\/index.php\\\/sv\\\/infobank\\\/andra-grupper\\\/krigsfangarna\\\/#primaryimage\",\"url\":\"https:\\\/\\\/veteraanienperinto.fi\\\/wp-content\\\/uploads\\\/2020\\\/12\\\/sotavangi1.jpg\",\"contentUrl\":\"https:\\\/\\\/veteraanienperinto.fi\\\/wp-content\\\/uploads\\\/2020\\\/12\\\/sotavangi1.jpg\",\"width\":350,\"height\":350},{\"@type\":\"BreadcrumbList\",\"@id\":\"https:\\\/\\\/veteraanienperinto.fi\\\/index.php\\\/sv\\\/infobank\\\/andra-grupper\\\/krigsfangarna\\\/#breadcrumb\",\"itemListElement\":[{\"@type\":\"ListItem\",\"position\":1,\"name\":\"Etusivu\",\"item\":\"https:\\\/\\\/veteraanienperinto.fi\\\/index.php\\\/etusivu-2\\\/\"},{\"@type\":\"ListItem\",\"position\":2,\"name\":\"Infobank\",\"item\":\"https:\\\/\\\/veteraanienperinto.fi\\\/index.php\\\/sv\\\/infobank\\\/\"},{\"@type\":\"ListItem\",\"position\":3,\"name\":\"Andra grupper\",\"item\":\"https:\\\/\\\/veteraanienperinto.fi\\\/index.php\\\/sv\\\/infobank\\\/andra-grupper\\\/\"},{\"@type\":\"ListItem\",\"position\":4,\"name\":\"Krigsf\u00e5ngarna\"}]},{\"@type\":\"WebSite\",\"@id\":\"https:\\\/\\\/veteraanienperinto.fi\\\/#website\",\"url\":\"https:\\\/\\\/veteraanienperinto.fi\\\/\",\"name\":\"Veteraanien Perint\u00f6\",\"description\":\"Kadettikunta\",\"potentialAction\":[{\"@type\":\"SearchAction\",\"target\":{\"@type\":\"EntryPoint\",\"urlTemplate\":\"https:\\\/\\\/veteraanienperinto.fi\\\/?s={search_term_string}\"},\"query-input\":{\"@type\":\"PropertyValueSpecification\",\"valueRequired\":true,\"valueName\":\"search_term_string\"}}],\"inLanguage\":\"fi\"}]}<\/script>\n<!-- \/ Yoast SEO plugin. -->","yoast_head_json":{"title":"Krigsf\u00e5ngarna - Veteraanien Perint\u00f6","robots":{"index":"index","follow":"follow","max-snippet":"max-snippet:-1","max-image-preview":"max-image-preview:large","max-video-preview":"max-video-preview:-1"},"canonical":"https:\/\/veteraanienperinto.fi\/index.php\/sv\/infobank\/andra-grupper\/krigsfangarna\/","og_locale":"fi_FI","og_type":"article","og_title":"Krigsf\u00e5ngarna - Veteraanien Perint\u00f6","og_url":"https:\/\/veteraanienperinto.fi\/index.php\/sv\/infobank\/andra-grupper\/krigsfangarna\/","og_site_name":"Veteraanien Perint\u00f6","article_modified_time":"2021-01-19T14:16:07+00:00","og_image":[{"url":"https:\/\/veteraanienperinto.fi\/wp-content\/uploads\/2020\/12\/sotavangi1.jpg","type":"","width":"","height":""}],"twitter_card":"summary_large_image","twitter_misc":{"Arvioitu lukuaika":"4 minuuttia"},"schema":{"@context":"https:\/\/schema.org","@graph":[{"@type":"WebPage","@id":"https:\/\/veteraanienperinto.fi\/index.php\/sv\/infobank\/andra-grupper\/krigsfangarna\/","url":"https:\/\/veteraanienperinto.fi\/index.php\/sv\/infobank\/andra-grupper\/krigsfangarna\/","name":"Krigsf\u00e5ngarna - Veteraanien Perint\u00f6","isPartOf":{"@id":"https:\/\/veteraanienperinto.fi\/#website"},"primaryImageOfPage":{"@id":"https:\/\/veteraanienperinto.fi\/index.php\/sv\/infobank\/andra-grupper\/krigsfangarna\/#primaryimage"},"image":{"@id":"https:\/\/veteraanienperinto.fi\/index.php\/sv\/infobank\/andra-grupper\/krigsfangarna\/#primaryimage"},"thumbnailUrl":"https:\/\/veteraanienperinto.fi\/wp-content\/uploads\/2020\/12\/sotavangi1.jpg","datePublished":"2020-11-19T12:40:45+00:00","dateModified":"2021-01-19T14:16:07+00:00","breadcrumb":{"@id":"https:\/\/veteraanienperinto.fi\/index.php\/sv\/infobank\/andra-grupper\/krigsfangarna\/#breadcrumb"},"inLanguage":"fi","potentialAction":[{"@type":"ReadAction","target":["https:\/\/veteraanienperinto.fi\/index.php\/sv\/infobank\/andra-grupper\/krigsfangarna\/"]}]},{"@type":"ImageObject","inLanguage":"fi","@id":"https:\/\/veteraanienperinto.fi\/index.php\/sv\/infobank\/andra-grupper\/krigsfangarna\/#primaryimage","url":"https:\/\/veteraanienperinto.fi\/wp-content\/uploads\/2020\/12\/sotavangi1.jpg","contentUrl":"https:\/\/veteraanienperinto.fi\/wp-content\/uploads\/2020\/12\/sotavangi1.jpg","width":350,"height":350},{"@type":"BreadcrumbList","@id":"https:\/\/veteraanienperinto.fi\/index.php\/sv\/infobank\/andra-grupper\/krigsfangarna\/#breadcrumb","itemListElement":[{"@type":"ListItem","position":1,"name":"Etusivu","item":"https:\/\/veteraanienperinto.fi\/index.php\/etusivu-2\/"},{"@type":"ListItem","position":2,"name":"Infobank","item":"https:\/\/veteraanienperinto.fi\/index.php\/sv\/infobank\/"},{"@type":"ListItem","position":3,"name":"Andra grupper","item":"https:\/\/veteraanienperinto.fi\/index.php\/sv\/infobank\/andra-grupper\/"},{"@type":"ListItem","position":4,"name":"Krigsf\u00e5ngarna"}]},{"@type":"WebSite","@id":"https:\/\/veteraanienperinto.fi\/#website","url":"https:\/\/veteraanienperinto.fi\/","name":"Veteraanien Perint\u00f6","description":"Kadettikunta","potentialAction":[{"@type":"SearchAction","target":{"@type":"EntryPoint","urlTemplate":"https:\/\/veteraanienperinto.fi\/?s={search_term_string}"},"query-input":{"@type":"PropertyValueSpecification","valueRequired":true,"valueName":"search_term_string"}}],"inLanguage":"fi"}]}},"_links":{"self":[{"href":"https:\/\/veteraanienperinto.fi\/index.php\/wp-json\/wp\/v2\/pages\/6527","targetHints":{"allow":["GET"]}}],"collection":[{"href":"https:\/\/veteraanienperinto.fi\/index.php\/wp-json\/wp\/v2\/pages"}],"about":[{"href":"https:\/\/veteraanienperinto.fi\/index.php\/wp-json\/wp\/v2\/types\/page"}],"author":[{"embeddable":true,"href":"https:\/\/veteraanienperinto.fi\/index.php\/wp-json\/wp\/v2\/users\/1"}],"replies":[{"embeddable":true,"href":"https:\/\/veteraanienperinto.fi\/index.php\/wp-json\/wp\/v2\/comments?post=6527"}],"version-history":[{"count":4,"href":"https:\/\/veteraanienperinto.fi\/index.php\/wp-json\/wp\/v2\/pages\/6527\/revisions"}],"predecessor-version":[{"id":10188,"href":"https:\/\/veteraanienperinto.fi\/index.php\/wp-json\/wp\/v2\/pages\/6527\/revisions\/10188"}],"up":[{"embeddable":true,"href":"https:\/\/veteraanienperinto.fi\/index.php\/wp-json\/wp\/v2\/pages\/6511"}],"wp:attachment":[{"href":"https:\/\/veteraanienperinto.fi\/index.php\/wp-json\/wp\/v2\/media?parent=6527"}],"curies":[{"name":"wp","href":"https:\/\/api.w.org\/{rel}","templated":true}]}}