{"id":6535,"date":"2020-11-19T13:17:13","date_gmt":"2020-11-19T13:17:13","guid":{"rendered":"https:\/\/veteraani.ylirotu.fi\/?page_id=6535"},"modified":"2021-01-19T14:23:22","modified_gmt":"2021-01-19T14:23:22","slug":"utlandska-frivilliga-i-finland","status":"publish","type":"page","link":"https:\/\/veteraanienperinto.fi\/index.php\/sv\/infobank\/andra-grupper\/utlandska-frivilliga-i-finland\/","title":{"rendered":"Utl\u00e4ndska frivilliga i Finland"},"content":{"rendered":"<div id='full_slider_1'  class='avia-fullwidth-slider main_color avia-shadow   avia-builder-el-0  el_before_av_heading  avia-builder-el-first   container_wrap sidebar_right'  ><\/div><div id='after_full_slider_1'  class='main_color av_default_container_wrap container_wrap sidebar_right'  ><div class='container av-section-cont-open' ><div class='template-page content  av-content-small alpha units'><div class='post-entry post-entry-type-page post-entry-6535'><div class='entry-content-wrapper clearfix'>\n\n<style type=\"text\/css\" data-created_by=\"avia_inline_auto\" id=\"style-css-av-kk437vll-d4539d5345ceb60fec819ae30b1e3323\">\n#top .av-special-heading.av-kk437vll-d4539d5345ceb60fec819ae30b1e3323{\npadding-bottom:10px;\n}\nbody .av-special-heading.av-kk437vll-d4539d5345ceb60fec819ae30b1e3323 .av-special-heading-tag .heading-char{\nfont-size:25px;\n}\n.av-special-heading.av-kk437vll-d4539d5345ceb60fec819ae30b1e3323 .av-subheading{\nfont-size:15px;\n}\n<\/style>\n<div  class='av-special-heading av-kk437vll-d4539d5345ceb60fec819ae30b1e3323 av-special-heading-h2  avia-builder-el-1  el_after_av_slideshow_full  el_before_av_textblock  avia-builder-el-first '><h2 class='av-special-heading-tag'  itemprop=\"headline\"  >Utl\u00e4ndska frivilliga i Finland<\/h2><div class=\"special-heading-border\"><div class=\"special-heading-inner-border\"><\/div><\/div><\/div>\n<section  class='av_textblock_section av-9ffls-3c1debd34e28ef1f062b07bf3d3f32ea '   itemscope=\"itemscope\" itemtype=\"https:\/\/schema.org\/CreativeWork\" ><div class='avia_textblock'  itemprop=\"text\" ><p><img loading=\"lazy\" decoding=\"async\" class=\"size-full wp-image-8346 alignright\" src=\"https:\/\/veteraanienperinto.fi\/wp-content\/uploads\/2020\/12\/ulkom2.jpg\" alt=\"\" width=\"400\" height=\"189\" srcset=\"https:\/\/veteraanienperinto.fi\/wp-content\/uploads\/2020\/12\/ulkom2.jpg 400w, https:\/\/veteraanienperinto.fi\/wp-content\/uploads\/2020\/12\/ulkom2-300x142.jpg 300w\" sizes=\"auto, (max-width: 400px) 100vw, 400px\" \/>Under vinterkriget anm\u00e4lde sig frivilliga i m\u00e5nga l\u00e4nder f\u00f6r att k\u00e4mpa f\u00f6r Finland. En svensk avdelning p\u00e5 ca 8 000 man hann med i kriget i slutet av februari 1940 inom Sallaomr\u00e5det, d\u00e4r den tillsammans med norrm\u00e4n som var stationerade intill \u00f6vertog frontansvaret av finl\u00e4ndarna. Till de svenska trupperna h\u00f6rde fr\u00e5n b\u00f6rjan ocks\u00e5 en flygavdelning p\u00e5 16 maskiner. D\u00e5 svenskarna \u00f6vertagit frontansvaret kunde finl\u00e4ndarna flytta trupperna som varit i Salla till Viborgska viken. I striderna vid Salla stupade 26 svenska frivilliga.<\/p>\n<p>I Storbritannien fanns det 8 900 frivilliga, i Italien 5 000 och i Ungern 25 000 som var villiga att komma till Finland. Regeringarnas utrikespolitiska f\u00f6rsiktighet och det egna landets intressen f\u00f6rsv\u00e5rade avf\u00e4rden. F\u00f6rutom svenskarna hann ca 1 000 danskar, 700 norrm\u00e4n, 341 ungrare i f\u00e4rdigt formerad trupp, 350 amerikafinl\u00e4ndare och 228 brittiska medborgare komma till v\u00e5rt land. St\u00f6rsta delen hann inte med i krigsoperationerna. D\u00e4remot deltog danska jaktflygare med framg\u00e5ng i luftstriderna under vinterkriget.<\/p>\n<p>Den psykologiska betydelsen av de utl\u00e4ndska frivilliga var mycket p\u00e5taglig f\u00f6rutom att den svenska truppen som var ansenligt stor deltog i sj\u00e4lva striderna.<\/p>\n<p>Under forts\u00e4ttningskriget k\u00e4mpade sammanlagt ca 7 000 utl\u00e4ndska frivilliga i den finska arm\u00e9n. Av dem var 3 273 ester, 1 694 svenskar, 777 ingermanl\u00e4ndare och 204 danskar. Fr\u00e5n andra l\u00e4nder var 74 man. Av de finskbesl\u00e4ktade folken fr\u00e5n Sovjetunionen hade dessutom ca 1 000 man anm\u00e4lt sig som frivilliga fr\u00e5n f\u00e5ngl\u00e4gren.<\/p>\n<p>Huvuddelen av esterna det vill s\u00e4ga &#8221;av de finska pojkarna&#8221; var placerade i Infanteriregemente 200, och de k\u00e4mpade tappert i de h\u00e5rda striderna p\u00e5 Karelska n\u00e4set sommaren 1944. I augusti samma \u00e5r f\u00f6rflyttades regementets soldater till Estland, d\u00e4r de underst\u00e4llda tyskarna fortsatte striden mot de sovjetiska trupper som tr\u00e4ngde in i landet. Den svenska bataljonen fungerade \u00e5r 1941 p\u00e5 Hang\u00f6fronten. Senare uppst\u00e4lldes ett avdelt kompani av svenskarna, som p\u00e5 sommaren 1944 stred p\u00e5 Karelska n\u00e4set p\u00e5 ett s\u00e4tt som f\u00f6rtj\u00e4nar respekt.<\/p>\n<p>F\u00f6r finl\u00e4ndarna l\u00e5g betydelsen av de utl\u00e4ndska frivilliga under forts\u00e4ttningskriget framf\u00f6r allt i k\u00e4nslan av att Finland inte hade gl\u00f6mts bort samt i k\u00e4nslan av samh\u00f6righet som hj\u00e4lpen f\u00f6rde med sig, och som har h\u00e5llit i sig ocks\u00e5 efter kriget.<\/p>\n<\/div><\/section>\n","protected":false},"excerpt":{"rendered":"","protected":false},"author":1,"featured_media":0,"parent":6511,"menu_order":7,"comment_status":"closed","ping_status":"closed","template":"","meta":{"footnotes":""},"class_list":["post-6535","page","type-page","status-publish","hentry"],"yoast_head":"<!-- This site is optimized with the Yoast SEO plugin v27.5 - https:\/\/yoast.com\/product\/yoast-seo-wordpress\/ -->\n<title>Utl\u00e4ndska frivilliga i Finland - Veteraanien Perint\u00f6<\/title>\n<meta name=\"robots\" content=\"index, follow, max-snippet:-1, max-image-preview:large, max-video-preview:-1\" \/>\n<link rel=\"canonical\" href=\"https:\/\/veteraanienperinto.fi\/index.php\/sv\/infobank\/andra-grupper\/utlandska-frivilliga-i-finland\/\" \/>\n<meta property=\"og:locale\" content=\"fi_FI\" \/>\n<meta property=\"og:type\" content=\"article\" \/>\n<meta property=\"og:title\" content=\"Utl\u00e4ndska frivilliga i Finland - Veteraanien Perint\u00f6\" \/>\n<meta property=\"og:url\" content=\"https:\/\/veteraanienperinto.fi\/index.php\/sv\/infobank\/andra-grupper\/utlandska-frivilliga-i-finland\/\" \/>\n<meta property=\"og:site_name\" content=\"Veteraanien Perint\u00f6\" \/>\n<meta property=\"article:modified_time\" content=\"2021-01-19T14:23:22+00:00\" \/>\n<meta property=\"og:image\" content=\"https:\/\/veteraanienperinto.fi\/wp-content\/uploads\/2020\/12\/ulkom2.jpg\" \/>\n<meta name=\"twitter:card\" content=\"summary_large_image\" \/>\n<meta name=\"twitter:label1\" content=\"Arvioitu lukuaika\" \/>\n\t<meta name=\"twitter:data1\" content=\"3 minuuttia\" \/>\n<script type=\"application\/ld+json\" class=\"yoast-schema-graph\">{\"@context\":\"https:\\\/\\\/schema.org\",\"@graph\":[{\"@type\":\"WebPage\",\"@id\":\"https:\\\/\\\/veteraanienperinto.fi\\\/index.php\\\/sv\\\/infobank\\\/andra-grupper\\\/utlandska-frivilliga-i-finland\\\/\",\"url\":\"https:\\\/\\\/veteraanienperinto.fi\\\/index.php\\\/sv\\\/infobank\\\/andra-grupper\\\/utlandska-frivilliga-i-finland\\\/\",\"name\":\"Utl\u00e4ndska frivilliga i Finland - Veteraanien Perint\u00f6\",\"isPartOf\":{\"@id\":\"https:\\\/\\\/veteraanienperinto.fi\\\/#website\"},\"primaryImageOfPage\":{\"@id\":\"https:\\\/\\\/veteraanienperinto.fi\\\/index.php\\\/sv\\\/infobank\\\/andra-grupper\\\/utlandska-frivilliga-i-finland\\\/#primaryimage\"},\"image\":{\"@id\":\"https:\\\/\\\/veteraanienperinto.fi\\\/index.php\\\/sv\\\/infobank\\\/andra-grupper\\\/utlandska-frivilliga-i-finland\\\/#primaryimage\"},\"thumbnailUrl\":\"https:\\\/\\\/veteraanienperinto.fi\\\/wp-content\\\/uploads\\\/2020\\\/12\\\/ulkom2.jpg\",\"datePublished\":\"2020-11-19T13:17:13+00:00\",\"dateModified\":\"2021-01-19T14:23:22+00:00\",\"breadcrumb\":{\"@id\":\"https:\\\/\\\/veteraanienperinto.fi\\\/index.php\\\/sv\\\/infobank\\\/andra-grupper\\\/utlandska-frivilliga-i-finland\\\/#breadcrumb\"},\"inLanguage\":\"fi\",\"potentialAction\":[{\"@type\":\"ReadAction\",\"target\":[\"https:\\\/\\\/veteraanienperinto.fi\\\/index.php\\\/sv\\\/infobank\\\/andra-grupper\\\/utlandska-frivilliga-i-finland\\\/\"]}]},{\"@type\":\"ImageObject\",\"inLanguage\":\"fi\",\"@id\":\"https:\\\/\\\/veteraanienperinto.fi\\\/index.php\\\/sv\\\/infobank\\\/andra-grupper\\\/utlandska-frivilliga-i-finland\\\/#primaryimage\",\"url\":\"https:\\\/\\\/veteraanienperinto.fi\\\/wp-content\\\/uploads\\\/2020\\\/12\\\/ulkom2.jpg\",\"contentUrl\":\"https:\\\/\\\/veteraanienperinto.fi\\\/wp-content\\\/uploads\\\/2020\\\/12\\\/ulkom2.jpg\",\"width\":400,\"height\":189},{\"@type\":\"BreadcrumbList\",\"@id\":\"https:\\\/\\\/veteraanienperinto.fi\\\/index.php\\\/sv\\\/infobank\\\/andra-grupper\\\/utlandska-frivilliga-i-finland\\\/#breadcrumb\",\"itemListElement\":[{\"@type\":\"ListItem\",\"position\":1,\"name\":\"Etusivu\",\"item\":\"https:\\\/\\\/veteraanienperinto.fi\\\/index.php\\\/etusivu-2\\\/\"},{\"@type\":\"ListItem\",\"position\":2,\"name\":\"Infobank\",\"item\":\"https:\\\/\\\/veteraanienperinto.fi\\\/index.php\\\/sv\\\/infobank\\\/\"},{\"@type\":\"ListItem\",\"position\":3,\"name\":\"Andra grupper\",\"item\":\"https:\\\/\\\/veteraanienperinto.fi\\\/index.php\\\/sv\\\/infobank\\\/andra-grupper\\\/\"},{\"@type\":\"ListItem\",\"position\":4,\"name\":\"Utl\u00e4ndska frivilliga i Finland\"}]},{\"@type\":\"WebSite\",\"@id\":\"https:\\\/\\\/veteraanienperinto.fi\\\/#website\",\"url\":\"https:\\\/\\\/veteraanienperinto.fi\\\/\",\"name\":\"Veteraanien Perint\u00f6\",\"description\":\"Kadettikunta\",\"potentialAction\":[{\"@type\":\"SearchAction\",\"target\":{\"@type\":\"EntryPoint\",\"urlTemplate\":\"https:\\\/\\\/veteraanienperinto.fi\\\/?s={search_term_string}\"},\"query-input\":{\"@type\":\"PropertyValueSpecification\",\"valueRequired\":true,\"valueName\":\"search_term_string\"}}],\"inLanguage\":\"fi\"}]}<\/script>\n<!-- \/ Yoast SEO plugin. -->","yoast_head_json":{"title":"Utl\u00e4ndska frivilliga i Finland - Veteraanien Perint\u00f6","robots":{"index":"index","follow":"follow","max-snippet":"max-snippet:-1","max-image-preview":"max-image-preview:large","max-video-preview":"max-video-preview:-1"},"canonical":"https:\/\/veteraanienperinto.fi\/index.php\/sv\/infobank\/andra-grupper\/utlandska-frivilliga-i-finland\/","og_locale":"fi_FI","og_type":"article","og_title":"Utl\u00e4ndska frivilliga i Finland - Veteraanien Perint\u00f6","og_url":"https:\/\/veteraanienperinto.fi\/index.php\/sv\/infobank\/andra-grupper\/utlandska-frivilliga-i-finland\/","og_site_name":"Veteraanien Perint\u00f6","article_modified_time":"2021-01-19T14:23:22+00:00","og_image":[{"url":"https:\/\/veteraanienperinto.fi\/wp-content\/uploads\/2020\/12\/ulkom2.jpg","type":"","width":"","height":""}],"twitter_card":"summary_large_image","twitter_misc":{"Arvioitu lukuaika":"3 minuuttia"},"schema":{"@context":"https:\/\/schema.org","@graph":[{"@type":"WebPage","@id":"https:\/\/veteraanienperinto.fi\/index.php\/sv\/infobank\/andra-grupper\/utlandska-frivilliga-i-finland\/","url":"https:\/\/veteraanienperinto.fi\/index.php\/sv\/infobank\/andra-grupper\/utlandska-frivilliga-i-finland\/","name":"Utl\u00e4ndska frivilliga i Finland - Veteraanien Perint\u00f6","isPartOf":{"@id":"https:\/\/veteraanienperinto.fi\/#website"},"primaryImageOfPage":{"@id":"https:\/\/veteraanienperinto.fi\/index.php\/sv\/infobank\/andra-grupper\/utlandska-frivilliga-i-finland\/#primaryimage"},"image":{"@id":"https:\/\/veteraanienperinto.fi\/index.php\/sv\/infobank\/andra-grupper\/utlandska-frivilliga-i-finland\/#primaryimage"},"thumbnailUrl":"https:\/\/veteraanienperinto.fi\/wp-content\/uploads\/2020\/12\/ulkom2.jpg","datePublished":"2020-11-19T13:17:13+00:00","dateModified":"2021-01-19T14:23:22+00:00","breadcrumb":{"@id":"https:\/\/veteraanienperinto.fi\/index.php\/sv\/infobank\/andra-grupper\/utlandska-frivilliga-i-finland\/#breadcrumb"},"inLanguage":"fi","potentialAction":[{"@type":"ReadAction","target":["https:\/\/veteraanienperinto.fi\/index.php\/sv\/infobank\/andra-grupper\/utlandska-frivilliga-i-finland\/"]}]},{"@type":"ImageObject","inLanguage":"fi","@id":"https:\/\/veteraanienperinto.fi\/index.php\/sv\/infobank\/andra-grupper\/utlandska-frivilliga-i-finland\/#primaryimage","url":"https:\/\/veteraanienperinto.fi\/wp-content\/uploads\/2020\/12\/ulkom2.jpg","contentUrl":"https:\/\/veteraanienperinto.fi\/wp-content\/uploads\/2020\/12\/ulkom2.jpg","width":400,"height":189},{"@type":"BreadcrumbList","@id":"https:\/\/veteraanienperinto.fi\/index.php\/sv\/infobank\/andra-grupper\/utlandska-frivilliga-i-finland\/#breadcrumb","itemListElement":[{"@type":"ListItem","position":1,"name":"Etusivu","item":"https:\/\/veteraanienperinto.fi\/index.php\/etusivu-2\/"},{"@type":"ListItem","position":2,"name":"Infobank","item":"https:\/\/veteraanienperinto.fi\/index.php\/sv\/infobank\/"},{"@type":"ListItem","position":3,"name":"Andra grupper","item":"https:\/\/veteraanienperinto.fi\/index.php\/sv\/infobank\/andra-grupper\/"},{"@type":"ListItem","position":4,"name":"Utl\u00e4ndska frivilliga i Finland"}]},{"@type":"WebSite","@id":"https:\/\/veteraanienperinto.fi\/#website","url":"https:\/\/veteraanienperinto.fi\/","name":"Veteraanien Perint\u00f6","description":"Kadettikunta","potentialAction":[{"@type":"SearchAction","target":{"@type":"EntryPoint","urlTemplate":"https:\/\/veteraanienperinto.fi\/?s={search_term_string}"},"query-input":{"@type":"PropertyValueSpecification","valueRequired":true,"valueName":"search_term_string"}}],"inLanguage":"fi"}]}},"_links":{"self":[{"href":"https:\/\/veteraanienperinto.fi\/index.php\/wp-json\/wp\/v2\/pages\/6535","targetHints":{"allow":["GET"]}}],"collection":[{"href":"https:\/\/veteraanienperinto.fi\/index.php\/wp-json\/wp\/v2\/pages"}],"about":[{"href":"https:\/\/veteraanienperinto.fi\/index.php\/wp-json\/wp\/v2\/types\/page"}],"author":[{"embeddable":true,"href":"https:\/\/veteraanienperinto.fi\/index.php\/wp-json\/wp\/v2\/users\/1"}],"replies":[{"embeddable":true,"href":"https:\/\/veteraanienperinto.fi\/index.php\/wp-json\/wp\/v2\/comments?post=6535"}],"version-history":[{"count":4,"href":"https:\/\/veteraanienperinto.fi\/index.php\/wp-json\/wp\/v2\/pages\/6535\/revisions"}],"predecessor-version":[{"id":10192,"href":"https:\/\/veteraanienperinto.fi\/index.php\/wp-json\/wp\/v2\/pages\/6535\/revisions\/10192"}],"up":[{"embeddable":true,"href":"https:\/\/veteraanienperinto.fi\/index.php\/wp-json\/wp\/v2\/pages\/6511"}],"wp:attachment":[{"href":"https:\/\/veteraanienperinto.fi\/index.php\/wp-json\/wp\/v2\/media?parent=6535"}],"curies":[{"name":"wp","href":"https:\/\/api.w.org\/{rel}","templated":true}]}}