{"id":6543,"date":"2020-11-19T13:25:14","date_gmt":"2020-11-19T13:25:14","guid":{"rendered":"https:\/\/veteraani.ylirotu.fi\/?page_id=6543"},"modified":"2021-01-19T14:30:59","modified_gmt":"2021-01-19T14:30:59","slug":"underhall","status":"publish","type":"page","link":"https:\/\/veteraanienperinto.fi\/index.php\/sv\/infobank\/vapenslagens-verksamhet\/underhall\/","title":{"rendered":"Underh\u00e5ll"},"content":{"rendered":"<div id='full_slider_1'  class='avia-fullwidth-slider main_color avia-shadow   avia-builder-el-0  el_before_av_heading  avia-builder-el-first   container_wrap sidebar_right'  ><\/div><div id='after_full_slider_1'  class='main_color av_default_container_wrap container_wrap sidebar_right'  ><div class='container av-section-cont-open' ><div class='template-page content  av-content-small alpha units'><div class='post-entry post-entry-type-page post-entry-6543'><div class='entry-content-wrapper clearfix'>\n\n<style type=\"text\/css\" data-created_by=\"avia_inline_auto\" id=\"style-css-av-kk43hn6c-eda938040263dc3f2125bde75e60925d\">\n#top .av-special-heading.av-kk43hn6c-eda938040263dc3f2125bde75e60925d{\npadding-bottom:10px;\n}\nbody .av-special-heading.av-kk43hn6c-eda938040263dc3f2125bde75e60925d .av-special-heading-tag .heading-char{\nfont-size:25px;\n}\n.av-special-heading.av-kk43hn6c-eda938040263dc3f2125bde75e60925d .av-subheading{\nfont-size:15px;\n}\n<\/style>\n<div  class='av-special-heading av-kk43hn6c-eda938040263dc3f2125bde75e60925d av-special-heading-h2  avia-builder-el-1  el_after_av_slideshow_full  el_before_av_textblock  avia-builder-el-first '><h2 class='av-special-heading-tag'  itemprop=\"headline\"  >Underh\u00e5ll<\/h2><div class=\"special-heading-border\"><div class=\"special-heading-inner-border\"><\/div><\/div><\/div>\n<section  class='av_textblock_section av-7hikg-f16df029abdb4a2836fff22190d002c6 '   itemscope=\"itemscope\" itemtype=\"https:\/\/schema.org\/CreativeWork\" ><div class='avia_textblock'  itemprop=\"text\" ><p><strong>Vinterkriget<\/strong><\/p>\n<p><img loading=\"lazy\" decoding=\"async\" class=\"size-medium wp-image-8353 alignright\" src=\"https:\/\/veteraanienperinto.fi\/wp-content\/uploads\/2020\/12\/huolto1-300x167.jpg\" alt=\"\" width=\"300\" height=\"167\" srcset=\"https:\/\/veteraanienperinto.fi\/wp-content\/uploads\/2020\/12\/huolto1-300x167.jpg 300w, https:\/\/veteraanienperinto.fi\/wp-content\/uploads\/2020\/12\/huolto1.jpg 620w\" sizes=\"auto, (max-width: 300px) 100vw, 300px\" \/>De viktigaste slagen av underh\u00e5ll under v\u00e5ra krig var f\u00e4lttygsmateriel-, ekonomi-, medicinal-, veterin\u00e4r- och transportmedelsunderh\u00e5llet samt omh\u00e4ndertagandet av de stupade, f\u00e4ltpost och transporter.<\/p>\n<p>Utm\u00e4rkande f\u00f6r f\u00e4lttygsmaterielunderh\u00e5llet under vinterkriget var att det inte fanns tillr\u00e4ckligt med vapen f\u00f6r trupperna samt den allvarliga bristen p\u00e5 skjutf\u00f6rn\u00f6denheter f\u00f6r tunga vapen. Det fanns till exempel alltf\u00f6r litet maskinpistoler, snabbeldsgev\u00e4r och f\u00e4ltkanoner. Pansarv\u00e4rnskanoner saknades helt och h\u00e5llet i m\u00e5nga truppavdelningar. Genom \u00e5tg\u00e4rder inom f\u00e4lttygsunderh\u00e5llet skaffade man provisorisk utrustning, s\u00e5som br\u00e4nnflaskor f\u00f6r pansarv\u00e4rnet, &#8221;Molotovcocktails&#8221;. F\u00f6rutom svagheten i pansarv\u00e4rnet var bristen p\u00e5 skjutf\u00f6rn\u00f6denheter inom f\u00e4ltartilleriet och f\u00f6r granatkastarna v\u00e4rst. Fr\u00e5n f\u00e4ltlagren f\u00f6r skjutf\u00f6rn\u00f6denheter var man ofta tvungen att meddela till de f\u00f6rtvivlat anh\u00e5llande trupperna att det inte fanns en endaste granat kvar. Bristen p\u00e5 granater var \u00f6desdigert f\u00f6r den finl\u00e4ndska arm\u00e9n.<\/p>\n<p>Sanitetsunderh\u00e5llet m\u00e5ste under vinterkriget arbeta under mycket sv\u00e5ra f\u00f6rh\u00e5llanden. Man hade \u00e4nd\u00e5 redan under fredstid f\u00f6rberett sig omsorgsfullt f\u00f6r sanitetsunderh\u00e5llet. Man inr\u00e4ttade 43 krigssjukhus i huvudsak i fredstida sjukhus. I skolor och motsvarande byggnader bakom fronten inr\u00e4ttades 26 f\u00e4ltsjukhus. F\u00f6r transporten av s\u00e5rade och sjuka st\u00e4llde man upp 10 sjuktransportkompanier, vilkas utrustning bestod av bussar som tagits fr\u00e5n den civila trafiken. Likas\u00e5 fick man l\u00e4kare och sjuksk\u00f6tare fr\u00e5n det civila samh\u00e4llet. Sanitetslottorna som var utbildade f\u00f6r sina uppgifter hade en viktig del i sanitetsunderh\u00e5llet.<\/p>\n<p>En snabb evakuering av de s\u00e5rade medf\u00f6rde problem av olika slag. K\u00f6lden var h\u00e5rd och f\u00f6rbindelserna fr\u00e5n v\u00e4garnas \u00e4ndpunkter till beh\u00f6vlig v\u00e5rd var sv\u00e5ra att uppr\u00e4tth\u00e5lla. De sv\u00e5rt s\u00e5rade bars f\u00f6rst eller f\u00f6rdes med pulkor till kompaniernas skyddsplatser f\u00f6r s\u00e5rade, d\u00e4r sanitetsunderofficerare och sanit\u00e4rer gav f\u00f6rsta hj\u00e4lp. De s\u00e5rade f\u00f6rdes sedan i allm\u00e4nhet vidare med h\u00e4stforor till bataljonernas truppf\u00f6rbandsplatser. De fanns i t\u00e4lt eller korsur. D\u00e4r fanns en l\u00e4kare, som sk\u00f6tte om de skadade s\u00e5 att de kunde transporteras vidare till divisionernas huvudf\u00f6rbandsplatser med bil eller h\u00e4st. Fr\u00e5n huvudf\u00f6rbandsplatserna transporterades de skadade till f\u00e4ltsjukhus och d\u00e4rifr\u00e5n vidare med t\u00e5g till krigssjukhusen p\u00e5 hemorten. Trots alla anstr\u00e4ngningar r\u00e4ckte transporterna ofta l\u00e4nge och m\u00e5nga s\u00e5rade finl\u00e4ndska soldater avled under resan.<\/p>\n<p>Under vinterkriget f\u00f6rekom det endast mindre lokala provianteringsproblem i ekonomiunderh\u00e5llet, eftersom det inte under det korta kriget var brist p\u00e5 livsmedel. D\u00e4remot fick man inte under hela kriget tillr\u00e4cklig med kl\u00e4der och skodon \u00e5t soldaterna. Bara h\u00e4lften av behovet av milit\u00e4rt\u00e4lt fanns och dessa ersattes med t\u00e4lt av papp som var sv\u00e5ra att transportera. Fast\u00e4n det fanns alltf\u00f6r litet t\u00e4lt, visade det sig att ett milit\u00e4rt\u00e4lt f\u00f6r 20 man utrustat med kamin var mycket viktigt d\u00e5 det g\u00e4llde att uppr\u00e4tth\u00e5lla truppernas stridsf\u00f6rm\u00e5ga.<\/p>\n<p>Under vinterkriget skedde transporterna i huvudsak med h\u00e4st. En h\u00e4st kunde dra ett lass p\u00e5 300-400 kg 30-35 km om dygnet. P\u00e5 grund av h\u00e4starnas ringa transportkapacitet beh\u00f6vde man ett mycket stort antal av dem. Redan i b\u00f6rjan av vinterkriget hade man f\u00f6rutom de ca 4000 egna h\u00e4starna tagit in ca 60000 h\u00e4star fr\u00e5n det civila samh\u00e4llet. Detta belastade inte samh\u00e4llet n\u00e4mnv\u00e4rt, d\u00e5 det fanns \u00f6ver 300000 h\u00e4star. Det fanns h\u00e4star i n\u00e4stan alla truppf\u00f6rband. Dessutom inr\u00e4ttade man 34 tr\u00e4ngkompanier, d\u00e4r det i vart och ett fanns 102 dragh\u00e4star.<\/p>\n<p>\u00c5r 1939 fanns det ca 53000 bilar i Finland. Av dessa var 20000 lastbilar. Den st\u00f6rsta delen togs i bruk inom f\u00f6rsvarsmakten redan f\u00f6re vinterkriget. Av dessa st\u00e4llde man bland annat upp 42 bilkompanier, med 36 lastbilar i varje kompani. Transportkapaciteten var dock anspr\u00e5ksl\u00f6s, eftersom den tidens lastbilar var sm\u00e5 och kunde i medeltal transportera en last p\u00e5 endast 1,5 ton. Vid k\u00f6rning i kolonn var k\u00f6rhastigheten endast 15-30 kilometer per timme. Under vinterkriget anv\u00e4ndes lastbilar fr\u00e4mst p\u00e5 Karelska n\u00e4set. Vid l\u00e5nga transporter norrom Ladoga var man dock i huvudsak tvingad att ty sig till h\u00e4stforor.<\/p>\n<p><strong>Forts\u00e4ttningskriget<\/strong><\/p>\n<p>Under mellanfredstiden f\u00f6rs\u00f6kte man i m\u00e5n av m\u00f6jlighet skaffa utrustning ocks\u00e5 f\u00f6r underh\u00e5llet. Bristen p\u00e5 r\u00e5material var ett problem exempelvis vid anskaffningen av bekl\u00e4dnad. D\u00e4remot hade situationen betr\u00e4ffande skjutf\u00f6rn\u00f6denheter f\u00f6rb\u00e4ttrats avsev\u00e4rt. Betydande m\u00e4ngder vapen fattades dock \u00e4nnu. Sanitetsutrustning fanns n\u00e4ra p\u00e5 i fastst\u00e4lld m\u00e4ngd. Sammanlagt 23500 motorfordon togs in f\u00f6r bruk inom f\u00f6rsvarsmakten. St\u00f6rsta problemet var bristen p\u00e5 bensin, dieselolja och sm\u00f6rjmedel. Finland var helt beroende av leveranserna fr\u00e5n Tyskland, eftersom de lager man hade tillg\u00e5ng till skulle ha r\u00e4ckt endast n\u00e5gra m\u00e5nader.<\/p>\n<p>Fast\u00e4n det fanns m\u00e5nga brister i v\u00e5r f\u00f6rsvarsmakts utrustning d\u00e5 mellanfreden var slut gjorde det f\u00f6rb\u00e4ttrade utrustningsl\u00e4get att Finland p\u00e5 sommaren 1941 kunde st\u00e4lla upp en slagkraftig arm\u00e9 p\u00e5 500000 man f\u00f6r att \u00e5terer\u00f6vra de omr\u00e5den som f\u00f6rlorats under vinterkriget.<\/p>\n<p>Fr\u00e5n juli till december 1941 i forts\u00e4ttningskrigets anfallsskede blev underh\u00e5llsavst\u00e5nden synnerligen l\u00e5nga. I m\u00e5nga fall var transporterna besv\u00e4rliga. Menf\u00f6ret i \u00d6stkarelen var mycket sv\u00e5rt och v\u00e4gn\u00e4tet glest. D\u00e5 anfallet framskred var man tvungen att f\u00f6rutom j\u00e4rnv\u00e4gs- och biltransporter samt normala h\u00e4stfordonstransporter anv\u00e4nda sl\u00e4por, packh\u00e4star och avdelningar av b\u00e4rare. Bilarna var man ofta tvungen att dra f\u00f6rbi de v\u00e4rsta st\u00e4llena med traktorer. I m\u00e5n av m\u00f6jlighet anv\u00e4ndes vattentransporter.<\/p>\n<p>Under st\u00e4llningskriget f\u00f6rs\u00f6kte man sk\u00f6ta s\u00e5 stor del som m\u00f6jligt av transporterna per j\u00e4rnv\u00e4g. F\u00f6r detta \u00e4ndam\u00e5l byggde man ocks\u00e5 smalsp\u00e5riga f\u00e4ltj\u00e4rnv\u00e4gar. Man byggde hundratals kilometer v\u00e4gar. Tv\u00e4rs \u00f6ver sv\u00e5ra mossomr\u00e5den byggdes kavelbroar. Trots dessa anstr\u00e4ngningar hade man p\u00e5 m\u00e5nga platser stora sv\u00e5righeter med transporterna i synnerhet i menf\u00f6restid om v\u00e5rarna. Transportbehovet var mycket stort, eftersom f\u00e4ltarm\u00e9n f\u00f6rbrukade flera tusentals ton av olika materiel och livsmedel dagligen. P\u00e5 grund av br\u00e4nslebristen utrustades st\u00f6rsta delen av bilarna med gengasaggregat det vill s\u00e4ga &#8221;gengasbyttor&#8221;, i vilka anv\u00e4ndes tr\u00e4kol eller vedklabbar. Motorns effekt var dock inte ens n\u00e4ra den normala motoreffekten. Slutligen fanns det gengasaggregat i 17500 av f\u00f6rsvarsmaktens bilar och med dessa sk\u00f6ttes 60 % av alla transporter.<\/p>\n<p>D\u00e5 frontlinjerna hade stabiliserats under st\u00e4llningskriget inr\u00e4ttades f\u00e4ltsjukhus i byggnader som var hela samt p\u00e5 barackomr\u00e5den. F\u00f6r lindrigt sjuka och s\u00e5rade inr\u00e4ttades sjukstugor och garnisonssjukhus. Som mest anv\u00e4nde man tio sjukt\u00e5g samtidigt. F\u00f6rutom l\u00e4kare, sjuksk\u00f6tare och sanitetslottor deltog hj\u00e4lpsystrar fr\u00e5n Finlands R\u00f6da Kors i sanitetsunderh\u00e5llet. Man f\u00e4ste stor uppm\u00e4rksamhet p\u00e5 truppernas f\u00e4lthygien. M\u00e5nga smittosamma sjukdomar, s\u00e5som r\u00f6dsot, kunde snabbt sprida sig bland trupperna, om man inte hade sk\u00f6tt om hygienen.<\/p>\n<p>Under st\u00e4llningskrigstiden fick f\u00e4ltposten mycket omfattande proportioner. S\u00e4rskilt under jultiden var f\u00e4ltpostkontoren under stor press. Ett exempel p\u00e5 detta \u00e4r verksamheten 23.12.1942 p\u00e5 centralf\u00e4ltpostkontoret i Petroskoi i \u00d6stkarelen. Under en dag hanterades 311600 brev och 46760 paket. I december samma \u00e5r mottog man d\u00e4r och delade vidare ut till trupperna sammanlagt 210 j\u00e4rnv\u00e4gsvagnslaster post.<\/p>\n<p>Under retr\u00e4tten p\u00e5 sommaren 1944 hann man inte f\u00f6ra all underh\u00e5llsmateriel bak\u00e5t. B\u00e5de skjutf\u00f6rn\u00f6denheter och livsmedel l\u00e4mnades \u00e5t fienden. Detta berodde delvis p\u00e5 att t\u00e5gen i huvudsak beh\u00f6vdes f\u00f6r att flytta trupperna fr\u00e5n Aunus-n\u00e4set och Maaselk\u00e4omr\u00e5dena till Karelska n\u00e4set. Materielf\u00f6rlusterna hade dock inte n\u00e5gon stor betydelse. F\u00f6rlusterna i h\u00e4star var stora trots det veterin\u00e4rmedicinska underh\u00e5llets stora anstr\u00e4ngningar. Fr\u00e5n hemorterna m\u00e5ste man s\u00e4nda 9000 h\u00e4star till som komplettering.<\/p>\n<p>Under retr\u00e4tten kunde man inte p\u00e5 traditionellt s\u00e4tt ta hand om de stupade, som i stor utstr\u00e4ckning blev kvar p\u00e5 slagf\u00e4ltet. De finl\u00e4ndska soldaterna hade alltid med fara f\u00f6r eget liv f\u00f6rs\u00f6kt f\u00e5 sina stupade vapenbr\u00f6der fr\u00e5n slagf\u00e4ltet f\u00f6r att gravl\u00e4ggas i hemkommunens hj\u00e4ltegrav. Nu visade sig detta ofta om\u00f6jligt. De stupade hj\u00e4ltarna gl\u00f6mdes dock inte bort. S\u00f6kandet efter dem i slagf\u00e4ltsterr\u00e4ngen och hj\u00e4ltebegravningar av stupade har fortsatt \u00e4nda in p\u00e5 2000-talet.<\/p>\n<p><strong>Lapplandskriget<\/strong><\/p>\n<p>I Lapplandskriget blev transportavst\u00e5nden f\u00f6r underh\u00e5llet mycket l\u00e5nga. V\u00e4garna var dessutom f\u00f6rst\u00f6rda eller s\u00e5 hade de mjukats upp av regn s\u00e5 att de var ofarbara. Broar hade spr\u00e4ngts eller br\u00e4nts. En stor del av trupperna blev bundna till v\u00e4garbeten. N\u00e4ra nog 30 bilkompanier sammandrogs f\u00f6r underh\u00e5llstransporterna i Lappland. Man var ocks\u00e5 tvungen att anv\u00e4nda pansarvagnar, andra bandfordon och motorcyklar f\u00f6r underh\u00e5llets transporter. Det var sv\u00e5rt att inr\u00e4tta f\u00e4ltsjukhus, eftersom det inte fanns hela byggnader. P\u00e5 grund av de l\u00e5nga avst\u00e5nden evakuerades s\u00e5rade ocks\u00e5 med flygplan. Trots alla anstr\u00e4ngningar tvingades trupperna tidvis att komma tillr\u00e4tta utan tillr\u00e4ckligt underh\u00e5ll. Underh\u00e5llstrupperna tvingades ofta till ovanliga arrangemang, men klarade trots detta av sin sv\u00e5ra uppgift med heder.<\/p>\n<\/div><\/section>\n","protected":false},"excerpt":{"rendered":"","protected":false},"author":1,"featured_media":0,"parent":6539,"menu_order":1,"comment_status":"closed","ping_status":"closed","template":"","meta":{"footnotes":""},"class_list":["post-6543","page","type-page","status-publish","hentry"],"yoast_head":"<!-- This site is optimized with the Yoast SEO plugin v27.5 - https:\/\/yoast.com\/product\/yoast-seo-wordpress\/ -->\n<title>Underh\u00e5ll - Veteraanien Perint\u00f6<\/title>\n<meta name=\"robots\" content=\"index, follow, max-snippet:-1, max-image-preview:large, max-video-preview:-1\" \/>\n<link rel=\"canonical\" href=\"https:\/\/veteraanienperinto.fi\/index.php\/sv\/infobank\/vapenslagens-verksamhet\/underhall\/\" \/>\n<meta property=\"og:locale\" content=\"fi_FI\" \/>\n<meta property=\"og:type\" content=\"article\" \/>\n<meta property=\"og:title\" content=\"Underh\u00e5ll - Veteraanien Perint\u00f6\" \/>\n<meta property=\"og:url\" content=\"https:\/\/veteraanienperinto.fi\/index.php\/sv\/infobank\/vapenslagens-verksamhet\/underhall\/\" \/>\n<meta property=\"og:site_name\" content=\"Veteraanien Perint\u00f6\" \/>\n<meta property=\"article:modified_time\" content=\"2021-01-19T14:30:59+00:00\" \/>\n<meta property=\"og:image\" content=\"https:\/\/veteraanienperinto.fi\/wp-content\/uploads\/2020\/12\/huolto1-300x167.jpg\" \/>\n<meta name=\"twitter:card\" content=\"summary_large_image\" \/>\n<meta name=\"twitter:label1\" content=\"Arvioitu lukuaika\" \/>\n\t<meta name=\"twitter:data1\" content=\"9 minuuttia\" \/>\n<script type=\"application\/ld+json\" class=\"yoast-schema-graph\">{\"@context\":\"https:\\\/\\\/schema.org\",\"@graph\":[{\"@type\":\"WebPage\",\"@id\":\"https:\\\/\\\/veteraanienperinto.fi\\\/index.php\\\/sv\\\/infobank\\\/vapenslagens-verksamhet\\\/underhall\\\/\",\"url\":\"https:\\\/\\\/veteraanienperinto.fi\\\/index.php\\\/sv\\\/infobank\\\/vapenslagens-verksamhet\\\/underhall\\\/\",\"name\":\"Underh\u00e5ll - Veteraanien Perint\u00f6\",\"isPartOf\":{\"@id\":\"https:\\\/\\\/veteraanienperinto.fi\\\/#website\"},\"primaryImageOfPage\":{\"@id\":\"https:\\\/\\\/veteraanienperinto.fi\\\/index.php\\\/sv\\\/infobank\\\/vapenslagens-verksamhet\\\/underhall\\\/#primaryimage\"},\"image\":{\"@id\":\"https:\\\/\\\/veteraanienperinto.fi\\\/index.php\\\/sv\\\/infobank\\\/vapenslagens-verksamhet\\\/underhall\\\/#primaryimage\"},\"thumbnailUrl\":\"https:\\\/\\\/veteraanienperinto.fi\\\/wp-content\\\/uploads\\\/2020\\\/12\\\/huolto1-300x167.jpg\",\"datePublished\":\"2020-11-19T13:25:14+00:00\",\"dateModified\":\"2021-01-19T14:30:59+00:00\",\"breadcrumb\":{\"@id\":\"https:\\\/\\\/veteraanienperinto.fi\\\/index.php\\\/sv\\\/infobank\\\/vapenslagens-verksamhet\\\/underhall\\\/#breadcrumb\"},\"inLanguage\":\"fi\",\"potentialAction\":[{\"@type\":\"ReadAction\",\"target\":[\"https:\\\/\\\/veteraanienperinto.fi\\\/index.php\\\/sv\\\/infobank\\\/vapenslagens-verksamhet\\\/underhall\\\/\"]}]},{\"@type\":\"ImageObject\",\"inLanguage\":\"fi\",\"@id\":\"https:\\\/\\\/veteraanienperinto.fi\\\/index.php\\\/sv\\\/infobank\\\/vapenslagens-verksamhet\\\/underhall\\\/#primaryimage\",\"url\":\"https:\\\/\\\/veteraanienperinto.fi\\\/wp-content\\\/uploads\\\/2020\\\/12\\\/huolto1.jpg\",\"contentUrl\":\"https:\\\/\\\/veteraanienperinto.fi\\\/wp-content\\\/uploads\\\/2020\\\/12\\\/huolto1.jpg\",\"width\":620,\"height\":346},{\"@type\":\"BreadcrumbList\",\"@id\":\"https:\\\/\\\/veteraanienperinto.fi\\\/index.php\\\/sv\\\/infobank\\\/vapenslagens-verksamhet\\\/underhall\\\/#breadcrumb\",\"itemListElement\":[{\"@type\":\"ListItem\",\"position\":1,\"name\":\"Etusivu\",\"item\":\"https:\\\/\\\/veteraanienperinto.fi\\\/index.php\\\/etusivu-2\\\/\"},{\"@type\":\"ListItem\",\"position\":2,\"name\":\"Infobank\",\"item\":\"https:\\\/\\\/veteraanienperinto.fi\\\/index.php\\\/sv\\\/infobank\\\/\"},{\"@type\":\"ListItem\",\"position\":3,\"name\":\"Vapenslagens verksamhet\",\"item\":\"https:\\\/\\\/veteraanienperinto.fi\\\/index.php\\\/sv\\\/infobank\\\/vapenslagens-verksamhet\\\/\"},{\"@type\":\"ListItem\",\"position\":4,\"name\":\"Underh\u00e5ll\"}]},{\"@type\":\"WebSite\",\"@id\":\"https:\\\/\\\/veteraanienperinto.fi\\\/#website\",\"url\":\"https:\\\/\\\/veteraanienperinto.fi\\\/\",\"name\":\"Veteraanien Perint\u00f6\",\"description\":\"Kadettikunta\",\"potentialAction\":[{\"@type\":\"SearchAction\",\"target\":{\"@type\":\"EntryPoint\",\"urlTemplate\":\"https:\\\/\\\/veteraanienperinto.fi\\\/?s={search_term_string}\"},\"query-input\":{\"@type\":\"PropertyValueSpecification\",\"valueRequired\":true,\"valueName\":\"search_term_string\"}}],\"inLanguage\":\"fi\"}]}<\/script>\n<!-- \/ Yoast SEO plugin. -->","yoast_head_json":{"title":"Underh\u00e5ll - Veteraanien Perint\u00f6","robots":{"index":"index","follow":"follow","max-snippet":"max-snippet:-1","max-image-preview":"max-image-preview:large","max-video-preview":"max-video-preview:-1"},"canonical":"https:\/\/veteraanienperinto.fi\/index.php\/sv\/infobank\/vapenslagens-verksamhet\/underhall\/","og_locale":"fi_FI","og_type":"article","og_title":"Underh\u00e5ll - Veteraanien Perint\u00f6","og_url":"https:\/\/veteraanienperinto.fi\/index.php\/sv\/infobank\/vapenslagens-verksamhet\/underhall\/","og_site_name":"Veteraanien Perint\u00f6","article_modified_time":"2021-01-19T14:30:59+00:00","og_image":[{"url":"https:\/\/veteraanienperinto.fi\/wp-content\/uploads\/2020\/12\/huolto1-300x167.jpg","type":"","width":"","height":""}],"twitter_card":"summary_large_image","twitter_misc":{"Arvioitu lukuaika":"9 minuuttia"},"schema":{"@context":"https:\/\/schema.org","@graph":[{"@type":"WebPage","@id":"https:\/\/veteraanienperinto.fi\/index.php\/sv\/infobank\/vapenslagens-verksamhet\/underhall\/","url":"https:\/\/veteraanienperinto.fi\/index.php\/sv\/infobank\/vapenslagens-verksamhet\/underhall\/","name":"Underh\u00e5ll - Veteraanien Perint\u00f6","isPartOf":{"@id":"https:\/\/veteraanienperinto.fi\/#website"},"primaryImageOfPage":{"@id":"https:\/\/veteraanienperinto.fi\/index.php\/sv\/infobank\/vapenslagens-verksamhet\/underhall\/#primaryimage"},"image":{"@id":"https:\/\/veteraanienperinto.fi\/index.php\/sv\/infobank\/vapenslagens-verksamhet\/underhall\/#primaryimage"},"thumbnailUrl":"https:\/\/veteraanienperinto.fi\/wp-content\/uploads\/2020\/12\/huolto1-300x167.jpg","datePublished":"2020-11-19T13:25:14+00:00","dateModified":"2021-01-19T14:30:59+00:00","breadcrumb":{"@id":"https:\/\/veteraanienperinto.fi\/index.php\/sv\/infobank\/vapenslagens-verksamhet\/underhall\/#breadcrumb"},"inLanguage":"fi","potentialAction":[{"@type":"ReadAction","target":["https:\/\/veteraanienperinto.fi\/index.php\/sv\/infobank\/vapenslagens-verksamhet\/underhall\/"]}]},{"@type":"ImageObject","inLanguage":"fi","@id":"https:\/\/veteraanienperinto.fi\/index.php\/sv\/infobank\/vapenslagens-verksamhet\/underhall\/#primaryimage","url":"https:\/\/veteraanienperinto.fi\/wp-content\/uploads\/2020\/12\/huolto1.jpg","contentUrl":"https:\/\/veteraanienperinto.fi\/wp-content\/uploads\/2020\/12\/huolto1.jpg","width":620,"height":346},{"@type":"BreadcrumbList","@id":"https:\/\/veteraanienperinto.fi\/index.php\/sv\/infobank\/vapenslagens-verksamhet\/underhall\/#breadcrumb","itemListElement":[{"@type":"ListItem","position":1,"name":"Etusivu","item":"https:\/\/veteraanienperinto.fi\/index.php\/etusivu-2\/"},{"@type":"ListItem","position":2,"name":"Infobank","item":"https:\/\/veteraanienperinto.fi\/index.php\/sv\/infobank\/"},{"@type":"ListItem","position":3,"name":"Vapenslagens verksamhet","item":"https:\/\/veteraanienperinto.fi\/index.php\/sv\/infobank\/vapenslagens-verksamhet\/"},{"@type":"ListItem","position":4,"name":"Underh\u00e5ll"}]},{"@type":"WebSite","@id":"https:\/\/veteraanienperinto.fi\/#website","url":"https:\/\/veteraanienperinto.fi\/","name":"Veteraanien Perint\u00f6","description":"Kadettikunta","potentialAction":[{"@type":"SearchAction","target":{"@type":"EntryPoint","urlTemplate":"https:\/\/veteraanienperinto.fi\/?s={search_term_string}"},"query-input":{"@type":"PropertyValueSpecification","valueRequired":true,"valueName":"search_term_string"}}],"inLanguage":"fi"}]}},"_links":{"self":[{"href":"https:\/\/veteraanienperinto.fi\/index.php\/wp-json\/wp\/v2\/pages\/6543","targetHints":{"allow":["GET"]}}],"collection":[{"href":"https:\/\/veteraanienperinto.fi\/index.php\/wp-json\/wp\/v2\/pages"}],"about":[{"href":"https:\/\/veteraanienperinto.fi\/index.php\/wp-json\/wp\/v2\/types\/page"}],"author":[{"embeddable":true,"href":"https:\/\/veteraanienperinto.fi\/index.php\/wp-json\/wp\/v2\/users\/1"}],"replies":[{"embeddable":true,"href":"https:\/\/veteraanienperinto.fi\/index.php\/wp-json\/wp\/v2\/comments?post=6543"}],"version-history":[{"count":4,"href":"https:\/\/veteraanienperinto.fi\/index.php\/wp-json\/wp\/v2\/pages\/6543\/revisions"}],"predecessor-version":[{"id":10194,"href":"https:\/\/veteraanienperinto.fi\/index.php\/wp-json\/wp\/v2\/pages\/6543\/revisions\/10194"}],"up":[{"embeddable":true,"href":"https:\/\/veteraanienperinto.fi\/index.php\/wp-json\/wp\/v2\/pages\/6539"}],"wp:attachment":[{"href":"https:\/\/veteraanienperinto.fi\/index.php\/wp-json\/wp\/v2\/media?parent=6543"}],"curies":[{"name":"wp","href":"https:\/\/api.w.org\/{rel}","templated":true}]}}