{"id":6547,"date":"2020-11-19T13:26:19","date_gmt":"2020-11-19T13:26:19","guid":{"rendered":"https:\/\/veteraani.ylirotu.fi\/?page_id=6547"},"modified":"2021-01-19T14:31:26","modified_gmt":"2021-01-19T14:31:26","slug":"luftvarnet","status":"publish","type":"page","link":"https:\/\/veteraanienperinto.fi\/index.php\/sv\/infobank\/vapenslagens-verksamhet\/luftvarnet\/","title":{"rendered":"Luftv\u00e4rnet"},"content":{"rendered":"<div id='full_slider_1'  class='avia-fullwidth-slider main_color avia-shadow   avia-builder-el-0  el_before_av_heading  avia-builder-el-first   container_wrap sidebar_right'  ><\/div><div id='after_full_slider_1'  class='main_color av_default_container_wrap container_wrap sidebar_right'  ><div class='container av-section-cont-open' ><div class='template-page content  av-content-small alpha units'><div class='post-entry post-entry-type-page post-entry-6547'><div class='entry-content-wrapper clearfix'>\n\n<style type=\"text\/css\" data-created_by=\"avia_inline_auto\" id=\"style-css-av-kk43i91c-d689348ca17512ead35ad629420f0964\">\n#top .av-special-heading.av-kk43i91c-d689348ca17512ead35ad629420f0964{\npadding-bottom:10px;\n}\nbody .av-special-heading.av-kk43i91c-d689348ca17512ead35ad629420f0964 .av-special-heading-tag .heading-char{\nfont-size:25px;\n}\n.av-special-heading.av-kk43i91c-d689348ca17512ead35ad629420f0964 .av-subheading{\nfont-size:15px;\n}\n<\/style>\n<div  class='av-special-heading av-kk43i91c-d689348ca17512ead35ad629420f0964 av-special-heading-h2  avia-builder-el-1  el_after_av_slideshow_full  el_before_av_textblock  avia-builder-el-first '><h2 class='av-special-heading-tag'  itemprop=\"headline\"  >Luftv\u00e4rnet<\/h2><div class=\"special-heading-border\"><div class=\"special-heading-inner-border\"><\/div><\/div><\/div>\n<section  class='av_textblock_section av-b76at-7b9e97f5b151288c97f7cb72a11995d5 '   itemscope=\"itemscope\" itemtype=\"https:\/\/schema.org\/CreativeWork\" ><div class='avia_textblock'  itemprop=\"text\" ><p><strong>Vinterkriget<\/strong><\/p>\n<p><img loading=\"lazy\" decoding=\"async\" class=\"size-medium wp-image-8356 alignright\" src=\"https:\/\/veteraanienperinto.fi\/wp-content\/uploads\/2020\/12\/it1-300x183.jpg\" alt=\"\" width=\"300\" height=\"183\" srcset=\"https:\/\/veteraanienperinto.fi\/wp-content\/uploads\/2020\/12\/it1-300x183.jpg 300w, https:\/\/veteraanienperinto.fi\/wp-content\/uploads\/2020\/12\/it1.jpg 320w\" sizes=\"auto, (max-width: 300px) 100vw, 300px\" \/> Som vapenslag hade Finlands luftv\u00e4rn inr\u00e4ttats redan \u00e5r 1925. Trots detta var det p\u00e5 h\u00f6sten 1939 \u00e4nnu relativt svagt. D\u00e5 de extra \u00f6vningarna, YH, b\u00f6rjade i oktober 1939 hade de egentliga luftv\u00e4rnstrupperna tillg\u00e5ng till endast 28 tunga 76 mm, 9 l\u00e4tta 40 mm ja 24 20 mm luftv\u00e4rnskanoner samt utrustning f\u00f6r fem str\u00e5lkastarsektioner. F\u00f6r luftv\u00e4rnet hade man dessutom reserverat 125 olika maskingev\u00e4r.<\/p>\n<p>F\u00f6re krigsutbrottet hann man \u00e4nnu skaffa 76 luftv\u00e4rnskanoner. Behovet av luftv\u00e4rn beskrivs av att till exempel \u00c5bo stad sj\u00e4lv f\u00f6r sitt skydd k\u00f6pte luftv\u00e4rnskanoner fr\u00e5n Sverige. Under kriget fick man dessutom i bruk 169 olika slags luftv\u00e4rnskanoner fr\u00e5n Sverige, Italien, Storbritannien, Tyskland och Danmark samt 44 inhemska luftv\u00e4rnsmaskingev\u00e4r. Dessutom togs ryska 4-pipiga maskingev\u00e4r som man erh\u00e5llit som krigsbyte i bruk.<\/p>\n<p>Luftv\u00e4rnet r\u00e4ckte till f\u00f6r hembygden endast p\u00e5 14 orter. Ocks\u00e5 d\u00e4r fanns det mycket f\u00e5 luftv\u00e4rnsvapen. \u00d6ver 600 orter som utgjort bombningsm\u00e5l f\u00f6r de sovjetiska luftstridskrafterna var helt oskyddade. Som skydd f\u00f6r huvudstaden fanns ett effektivare luftv\u00e4rn, till vilket h\u00f6rde fyra batterier med 3-4 tunga kanoner, ett l\u00e4tt batteri och ett luftv\u00e4rnsmaskingev\u00e4rskompani. Endast ett svagt luftv\u00e4rn skyddade f\u00e4ltarm\u00e9n.<\/p>\n<p>Sovjetunionens bombplan anf\u00f6ll hembygderna i Finland 2 726 g\u00e5nger. Speciellt \u00f6del\u00e4ggande var det \u00f6verraskande anfall mot Helsingfors p\u00e5 vinterkrigets f\u00f6rsta dag p\u00e5 morgonen 30.11.1939, i vilket 91 personer blev d\u00f6dade. Av st\u00e4derna bombades till exempel Hang\u00f6 under kriget 72, Viborg 64 och \u00c5bo 61 g\u00e5nger. Det f\u00e4lldes ca 55 000 spr\u00e4ngbomber och 41 000 brandbomber. Trots de omfattande bombningarna var f\u00f6rlusterna bland civilbefolkningen f\u00f6rv\u00e5nansv\u00e4rt sm\u00e5. Vid bombningarna dog 936 personer, 540 s\u00e5rades sv\u00e5rt och lindrigare ca 1300 personer. Ca 2 000 hus f\u00f6rst\u00f6rdes och 4 700 skadades.<\/p>\n<p>Under vinterkriget sk\u00f6t finl\u00e4ndska luftv\u00e4rnsenheter ner 314 och sj\u00f6stridskrafternas luftv\u00e4rnsvapen 41 flygplan. Dessutom sk\u00f6t landstridskrafternas enheter och enskilda soldater med vapen av gev\u00e4rskaliber ner 49 flygplan. Luftv\u00e4rnets prestationer var utm\u00e4rkta, d\u00e5 man beaktar det l\u00e5ga antalet luftv\u00e4rnsvapen.<\/p>\n<p><strong>Forts\u00e4ttningskriget<\/strong><\/p>\n<p>Under mellanfreden hade man kunnat anskaffa mera luftv\u00e4rnskanoner och &#8211; maskingev\u00e4r s\u00e5 att antalet v\u00e4xte fr\u00e5n 382 till 941. Av detta totalantal hade sj\u00f6stridskrafterna sammanlagt 247 vapen. Av den planerade styrkan betr\u00e4ffande de viktigaste vapnen saknades fortfarande ca 25%.<\/p>\n<p>I b\u00f6rjan av forts\u00e4ttningskriget var luftv\u00e4rnets viktigaste uppgift att skydda objekt p\u00e5 v\u00e5rt lands sydkust, mot vilka de sovjetiska luftstridskrafterna anf\u00f6ll speciellt under krigets f\u00f6rsta dagar. M\u00e5len utgjordes av Helsingfors, Kotka, Borg\u00e5, Lovisa, Fredrikshamn, Kouvola, \u00c5bo och Str\u00f6mfors. Till exempel Kotka bombades 24 g\u00e5nger under den f\u00f6rsta krigsm\u00e5naden. Bombningarna avtog likv\u00e4l snabbt. De finl\u00e4ndska luftv\u00e4rnsenheterna kunde f\u00f6rflytta sig f\u00f6r att skydda f\u00e4ltarm\u00e9n som inlett anfallskrigsoperationerna.<\/p>\n<p><img loading=\"lazy\" decoding=\"async\" class=\"size-medium wp-image-8357 alignleft\" src=\"https:\/\/veteraanienperinto.fi\/wp-content\/uploads\/2020\/12\/it4-300x253.jpg\" alt=\"\" width=\"300\" height=\"253\" srcset=\"https:\/\/veteraanienperinto.fi\/wp-content\/uploads\/2020\/12\/it4-300x253.jpg 300w, https:\/\/veteraanienperinto.fi\/wp-content\/uploads\/2020\/12\/it4.jpg 320w\" sizes=\"auto, (max-width: 300px) 100vw, 300px\" \/>D\u00e5 de sovjetiska luftstridskrafternas verksamhet minskade ocks\u00e5 vid fronten anv\u00e4nde man vid sidan om huvuduppgiften luftv\u00e4rnsvapen som eldst\u00f6d \u00e5t infanteriet. M\u00e5len utgjordes i allm\u00e4nhet av fiendens kanon- och maskingev\u00e4rsn\u00e4sten, vilka man modigt f\u00f6rst\u00f6rde genom direktskjutning. I sin huvuduppgift lyckades luftv\u00e4rnstrupperna under forts\u00e4ttningskrigets anfallsskede v\u00e4l. V\u00e5ra luftv\u00e4rnstrupper som varit till skydd f\u00f6r hembygden och trupperna sk\u00f6t under \u00e5r 1941 ner 376 fiendeplan.<\/p>\n<p>Under st\u00e4llningskriget f\u00f6rnyades luftv\u00e4rnets organisationer och man skaffade mera utrustning b\u00e5de fr\u00e5n hemlandet och fr\u00e5n Tyskland. Ocks\u00e5 krigsbyteskanoner ist\u00e5ndsattes f\u00f6r eget bruk. D\u00e5 st\u00e4llningskriget upph\u00f6rde fanns det ca 1 700 luftv\u00e4rnsvapen, av vilka 1 200 var kanoner och 500 maskingev\u00e4r.<\/p>\n<p>\u00c5r 1943 kunde man verkst\u00e4lla en mycket betydande anskaffning. Fr\u00e5n Tyskland fick man tv\u00e5 luftbevaknings- och fyra eldledningsradar. Huvuddelen av radarna liksom alla de 18 effektiva 88 mm tunga luftv\u00e4rnskanonerna som anskaffats fr\u00e5n Tyskland placerades i Helsingfors. Nya batterier med 6 kanoner grupperades p\u00e5 Drums\u00f6, i Kottby och p\u00e5 Sandhamn. I februari 1944 fanns det 13 tunga luftv\u00e4rnsbatterier samt l\u00e4tta luftv\u00e4rnsartilleri som skydd f\u00f6r Helsingfors. Luftv\u00e4rnskanonerna var sammanlagt 77, str\u00e5lkastarna 36, anordningar f\u00f6r ljudpejling 18 och 6 radaranl\u00e4ggningar.<\/p>\n<p>Ledningssystemet inom luftv\u00e4rnet i Helsingfors och personalens utbildning var p\u00e5 mycket h\u00f6g niv\u00e5. Personalen var \u00e4nd\u00e5 alltf\u00f6r liten. Av denna anledning tog man in 14-16-\u00e5riga soldatgossar i tj\u00e4nst och b\u00f6rjade utbilda str\u00e5lkastarlottor av unga kvinnliga studenter, som h\u00f6rde till Lotta Sv\u00e4rd organisationen.<\/p>\n<p>Helsingfors luftv\u00e4rn sattes p\u00e5 h\u00e5rt prov i februari 1944. De sovjetiska luftstridskrafterna anf\u00f6ll d\u00e5 Helsingfors med mycket stor styrka under tre n\u00e4tter med tio dagars mellanrum. Genom terrorbombningarna som riktades mot civilbefolkningen f\u00f6rs\u00f6kte Sovjetunionen bryta ner folkets f\u00f6rsvarsvilja och tvinga Finland att dra sig ur kriget p\u00e5 Sovjetunionens villkor. Mot Helsingfors gjordes sammanlagt 2 121 bombflygningar under tre n\u00e4tter. Flygplanen f\u00e4llde \u00f6ver 15 000 bomber. Med denna m\u00e4ngd bomber borde Helsingfors, med de erfarenheter man hade fr\u00e5n annat h\u00e5ll i Europa, ha raserats och brunnit ner till en ruinstad. S\u00e5 skedde \u00e4nd\u00e5 inte, eftersom endast 530 bomber f\u00f6ll inom stadens omr\u00e5de.<\/p>\n<p>Helsingfors luftv\u00e4rn hade r\u00e4ddat Helsingfors och helsingforsborna. Det kraftiga av radar st\u00f6dda luftv\u00e4rnet f\u00f6ljde fiendeplanen och en del av batterierna sk\u00f6t sp\u00e4rrar framf\u00f6r fienden. Str\u00e5lkastarna f\u00e4ste sin k\u00e4gla p\u00e5 observerade m\u00e5l. Luftv\u00e4rnet sk\u00f6t \u00f6ver 20 000 skott. Av bombplanen som anf\u00f6ll sk\u00f6t man ner 20. Det f\u00f6rh\u00e5llandevis ringa antalet nedskjutningar berodde p\u00e5 att en stor del av flygarna var r\u00e4dda f\u00f6r luftv\u00e4rnet och v\u00e4nde tillbaka redan f\u00f6re Helsingfors och f\u00e4llde sina bomber exempelvis i sj\u00f6n. Vid bombningarna blev endast 146 personer d\u00f6dade och 346 s\u00e5rades. Sammanlagt 109 byggnader f\u00f6rst\u00f6rdes och 300 skadades. Den avv\u00e4rjningsseger som luftv\u00e4rnet i Helsingfors uppn\u00e5dde var s\u00e4llsynt i hela v\u00e4rlden.<\/p>\n<p>Under Sovjetunionens storanfall p\u00e5 sommaren 1944 tvingades luftv\u00e4rnstrupperna in i mycket sv\u00e5ra strider mot dess stora flygplansm\u00e4ngder b\u00e5de p\u00e5 Karelska n\u00e4set och p\u00e5 nord\u00f6stra sidan om Ladoga. Speciellt markstridsplanen anf\u00f6ll ocks\u00e5 luftv\u00e4rnsenheterna och f\u00f6rorsakade dem f\u00f6rluster. Under de intensiva striderna tog ofta granaterna till luftv\u00e4rnskanonerna slut mitt i striden. Fast\u00e4n finl\u00e4ndarna hade alltf\u00f6r litet luftv\u00e4rn, hade det en m\u00e4rkbar betydelse i skyddandet av infanteriet och f\u00e4ltartilleriet samt trafikf\u00f6rbindelserna och s\u00e5ledes f\u00f6r den uppn\u00e5dda avv\u00e4rjningssegern.<\/p>\n<p>Under forts\u00e4ttningskriget sk\u00f6t de finl\u00e4ndska luftv\u00e4rnstrupperna ner 1031 och sj\u00f6stridskrafternas luftv\u00e4rnsvapen 75 fiendeplan. Finlands luftv\u00e4rn var otillr\u00e4ckligt till kvantiteten men fyllde sin uppgift med heder. S\u00e4rskilt r\u00e4ddandet av huvudstaden och dess befolkning i februari 1944 var ett stord\u00e5d av luftv\u00e4rnets veteraner.<\/p>\n<\/div><\/section>\n","protected":false},"excerpt":{"rendered":"","protected":false},"author":1,"featured_media":0,"parent":6539,"menu_order":2,"comment_status":"closed","ping_status":"closed","template":"","meta":{"footnotes":""},"class_list":["post-6547","page","type-page","status-publish","hentry"],"yoast_head":"<!-- This site is optimized with the Yoast SEO plugin v27.5 - https:\/\/yoast.com\/product\/yoast-seo-wordpress\/ -->\n<title>Luftv\u00e4rnet - Veteraanien Perint\u00f6<\/title>\n<meta name=\"robots\" content=\"index, follow, max-snippet:-1, max-image-preview:large, max-video-preview:-1\" \/>\n<link rel=\"canonical\" href=\"https:\/\/veteraanienperinto.fi\/index.php\/sv\/infobank\/vapenslagens-verksamhet\/luftvarnet\/\" \/>\n<meta property=\"og:locale\" content=\"fi_FI\" \/>\n<meta property=\"og:type\" content=\"article\" \/>\n<meta property=\"og:title\" content=\"Luftv\u00e4rnet - Veteraanien Perint\u00f6\" \/>\n<meta property=\"og:url\" content=\"https:\/\/veteraanienperinto.fi\/index.php\/sv\/infobank\/vapenslagens-verksamhet\/luftvarnet\/\" \/>\n<meta property=\"og:site_name\" content=\"Veteraanien Perint\u00f6\" \/>\n<meta property=\"article:modified_time\" content=\"2021-01-19T14:31:26+00:00\" \/>\n<meta property=\"og:image\" content=\"https:\/\/veteraanienperinto.fi\/wp-content\/uploads\/2020\/12\/it1-300x183.jpg\" \/>\n<meta name=\"twitter:card\" content=\"summary_large_image\" \/>\n<meta name=\"twitter:label1\" content=\"Arvioitu lukuaika\" \/>\n\t<meta name=\"twitter:data1\" content=\"6 minuuttia\" \/>\n<script type=\"application\/ld+json\" class=\"yoast-schema-graph\">{\"@context\":\"https:\\\/\\\/schema.org\",\"@graph\":[{\"@type\":\"WebPage\",\"@id\":\"https:\\\/\\\/veteraanienperinto.fi\\\/index.php\\\/sv\\\/infobank\\\/vapenslagens-verksamhet\\\/luftvarnet\\\/\",\"url\":\"https:\\\/\\\/veteraanienperinto.fi\\\/index.php\\\/sv\\\/infobank\\\/vapenslagens-verksamhet\\\/luftvarnet\\\/\",\"name\":\"Luftv\u00e4rnet - Veteraanien Perint\u00f6\",\"isPartOf\":{\"@id\":\"https:\\\/\\\/veteraanienperinto.fi\\\/#website\"},\"primaryImageOfPage\":{\"@id\":\"https:\\\/\\\/veteraanienperinto.fi\\\/index.php\\\/sv\\\/infobank\\\/vapenslagens-verksamhet\\\/luftvarnet\\\/#primaryimage\"},\"image\":{\"@id\":\"https:\\\/\\\/veteraanienperinto.fi\\\/index.php\\\/sv\\\/infobank\\\/vapenslagens-verksamhet\\\/luftvarnet\\\/#primaryimage\"},\"thumbnailUrl\":\"https:\\\/\\\/veteraanienperinto.fi\\\/wp-content\\\/uploads\\\/2020\\\/12\\\/it1-300x183.jpg\",\"datePublished\":\"2020-11-19T13:26:19+00:00\",\"dateModified\":\"2021-01-19T14:31:26+00:00\",\"breadcrumb\":{\"@id\":\"https:\\\/\\\/veteraanienperinto.fi\\\/index.php\\\/sv\\\/infobank\\\/vapenslagens-verksamhet\\\/luftvarnet\\\/#breadcrumb\"},\"inLanguage\":\"fi\",\"potentialAction\":[{\"@type\":\"ReadAction\",\"target\":[\"https:\\\/\\\/veteraanienperinto.fi\\\/index.php\\\/sv\\\/infobank\\\/vapenslagens-verksamhet\\\/luftvarnet\\\/\"]}]},{\"@type\":\"ImageObject\",\"inLanguage\":\"fi\",\"@id\":\"https:\\\/\\\/veteraanienperinto.fi\\\/index.php\\\/sv\\\/infobank\\\/vapenslagens-verksamhet\\\/luftvarnet\\\/#primaryimage\",\"url\":\"https:\\\/\\\/veteraanienperinto.fi\\\/wp-content\\\/uploads\\\/2020\\\/12\\\/it1.jpg\",\"contentUrl\":\"https:\\\/\\\/veteraanienperinto.fi\\\/wp-content\\\/uploads\\\/2020\\\/12\\\/it1.jpg\",\"width\":320,\"height\":195},{\"@type\":\"BreadcrumbList\",\"@id\":\"https:\\\/\\\/veteraanienperinto.fi\\\/index.php\\\/sv\\\/infobank\\\/vapenslagens-verksamhet\\\/luftvarnet\\\/#breadcrumb\",\"itemListElement\":[{\"@type\":\"ListItem\",\"position\":1,\"name\":\"Etusivu\",\"item\":\"https:\\\/\\\/veteraanienperinto.fi\\\/index.php\\\/etusivu-2\\\/\"},{\"@type\":\"ListItem\",\"position\":2,\"name\":\"Infobank\",\"item\":\"https:\\\/\\\/veteraanienperinto.fi\\\/index.php\\\/sv\\\/infobank\\\/\"},{\"@type\":\"ListItem\",\"position\":3,\"name\":\"Vapenslagens verksamhet\",\"item\":\"https:\\\/\\\/veteraanienperinto.fi\\\/index.php\\\/sv\\\/infobank\\\/vapenslagens-verksamhet\\\/\"},{\"@type\":\"ListItem\",\"position\":4,\"name\":\"Luftv\u00e4rnet\"}]},{\"@type\":\"WebSite\",\"@id\":\"https:\\\/\\\/veteraanienperinto.fi\\\/#website\",\"url\":\"https:\\\/\\\/veteraanienperinto.fi\\\/\",\"name\":\"Veteraanien Perint\u00f6\",\"description\":\"Kadettikunta\",\"potentialAction\":[{\"@type\":\"SearchAction\",\"target\":{\"@type\":\"EntryPoint\",\"urlTemplate\":\"https:\\\/\\\/veteraanienperinto.fi\\\/?s={search_term_string}\"},\"query-input\":{\"@type\":\"PropertyValueSpecification\",\"valueRequired\":true,\"valueName\":\"search_term_string\"}}],\"inLanguage\":\"fi\"}]}<\/script>\n<!-- \/ Yoast SEO plugin. -->","yoast_head_json":{"title":"Luftv\u00e4rnet - Veteraanien Perint\u00f6","robots":{"index":"index","follow":"follow","max-snippet":"max-snippet:-1","max-image-preview":"max-image-preview:large","max-video-preview":"max-video-preview:-1"},"canonical":"https:\/\/veteraanienperinto.fi\/index.php\/sv\/infobank\/vapenslagens-verksamhet\/luftvarnet\/","og_locale":"fi_FI","og_type":"article","og_title":"Luftv\u00e4rnet - Veteraanien Perint\u00f6","og_url":"https:\/\/veteraanienperinto.fi\/index.php\/sv\/infobank\/vapenslagens-verksamhet\/luftvarnet\/","og_site_name":"Veteraanien Perint\u00f6","article_modified_time":"2021-01-19T14:31:26+00:00","og_image":[{"url":"https:\/\/veteraanienperinto.fi\/wp-content\/uploads\/2020\/12\/it1-300x183.jpg","type":"","width":"","height":""}],"twitter_card":"summary_large_image","twitter_misc":{"Arvioitu lukuaika":"6 minuuttia"},"schema":{"@context":"https:\/\/schema.org","@graph":[{"@type":"WebPage","@id":"https:\/\/veteraanienperinto.fi\/index.php\/sv\/infobank\/vapenslagens-verksamhet\/luftvarnet\/","url":"https:\/\/veteraanienperinto.fi\/index.php\/sv\/infobank\/vapenslagens-verksamhet\/luftvarnet\/","name":"Luftv\u00e4rnet - Veteraanien Perint\u00f6","isPartOf":{"@id":"https:\/\/veteraanienperinto.fi\/#website"},"primaryImageOfPage":{"@id":"https:\/\/veteraanienperinto.fi\/index.php\/sv\/infobank\/vapenslagens-verksamhet\/luftvarnet\/#primaryimage"},"image":{"@id":"https:\/\/veteraanienperinto.fi\/index.php\/sv\/infobank\/vapenslagens-verksamhet\/luftvarnet\/#primaryimage"},"thumbnailUrl":"https:\/\/veteraanienperinto.fi\/wp-content\/uploads\/2020\/12\/it1-300x183.jpg","datePublished":"2020-11-19T13:26:19+00:00","dateModified":"2021-01-19T14:31:26+00:00","breadcrumb":{"@id":"https:\/\/veteraanienperinto.fi\/index.php\/sv\/infobank\/vapenslagens-verksamhet\/luftvarnet\/#breadcrumb"},"inLanguage":"fi","potentialAction":[{"@type":"ReadAction","target":["https:\/\/veteraanienperinto.fi\/index.php\/sv\/infobank\/vapenslagens-verksamhet\/luftvarnet\/"]}]},{"@type":"ImageObject","inLanguage":"fi","@id":"https:\/\/veteraanienperinto.fi\/index.php\/sv\/infobank\/vapenslagens-verksamhet\/luftvarnet\/#primaryimage","url":"https:\/\/veteraanienperinto.fi\/wp-content\/uploads\/2020\/12\/it1.jpg","contentUrl":"https:\/\/veteraanienperinto.fi\/wp-content\/uploads\/2020\/12\/it1.jpg","width":320,"height":195},{"@type":"BreadcrumbList","@id":"https:\/\/veteraanienperinto.fi\/index.php\/sv\/infobank\/vapenslagens-verksamhet\/luftvarnet\/#breadcrumb","itemListElement":[{"@type":"ListItem","position":1,"name":"Etusivu","item":"https:\/\/veteraanienperinto.fi\/index.php\/etusivu-2\/"},{"@type":"ListItem","position":2,"name":"Infobank","item":"https:\/\/veteraanienperinto.fi\/index.php\/sv\/infobank\/"},{"@type":"ListItem","position":3,"name":"Vapenslagens verksamhet","item":"https:\/\/veteraanienperinto.fi\/index.php\/sv\/infobank\/vapenslagens-verksamhet\/"},{"@type":"ListItem","position":4,"name":"Luftv\u00e4rnet"}]},{"@type":"WebSite","@id":"https:\/\/veteraanienperinto.fi\/#website","url":"https:\/\/veteraanienperinto.fi\/","name":"Veteraanien Perint\u00f6","description":"Kadettikunta","potentialAction":[{"@type":"SearchAction","target":{"@type":"EntryPoint","urlTemplate":"https:\/\/veteraanienperinto.fi\/?s={search_term_string}"},"query-input":{"@type":"PropertyValueSpecification","valueRequired":true,"valueName":"search_term_string"}}],"inLanguage":"fi"}]}},"_links":{"self":[{"href":"https:\/\/veteraanienperinto.fi\/index.php\/wp-json\/wp\/v2\/pages\/6547","targetHints":{"allow":["GET"]}}],"collection":[{"href":"https:\/\/veteraanienperinto.fi\/index.php\/wp-json\/wp\/v2\/pages"}],"about":[{"href":"https:\/\/veteraanienperinto.fi\/index.php\/wp-json\/wp\/v2\/types\/page"}],"author":[{"embeddable":true,"href":"https:\/\/veteraanienperinto.fi\/index.php\/wp-json\/wp\/v2\/users\/1"}],"replies":[{"embeddable":true,"href":"https:\/\/veteraanienperinto.fi\/index.php\/wp-json\/wp\/v2\/comments?post=6547"}],"version-history":[{"count":5,"href":"https:\/\/veteraanienperinto.fi\/index.php\/wp-json\/wp\/v2\/pages\/6547\/revisions"}],"predecessor-version":[{"id":10196,"href":"https:\/\/veteraanienperinto.fi\/index.php\/wp-json\/wp\/v2\/pages\/6547\/revisions\/10196"}],"up":[{"embeddable":true,"href":"https:\/\/veteraanienperinto.fi\/index.php\/wp-json\/wp\/v2\/pages\/6539"}],"wp:attachment":[{"href":"https:\/\/veteraanienperinto.fi\/index.php\/wp-json\/wp\/v2\/media?parent=6547"}],"curies":[{"name":"wp","href":"https:\/\/api.w.org\/{rel}","templated":true}]}}