{"id":6556,"date":"2020-11-19T13:30:18","date_gmt":"2020-11-19T13:30:18","guid":{"rendered":"https:\/\/veteraani.ylirotu.fi\/?page_id=6556"},"modified":"2021-01-19T14:51:43","modified_gmt":"2021-01-19T14:51:43","slug":"faltartilleriet","status":"publish","type":"page","link":"https:\/\/veteraanienperinto.fi\/index.php\/sv\/infobank\/vapenslagens-verksamhet\/faltartilleriet\/","title":{"rendered":"F\u00e4ltartilleriet"},"content":{"rendered":"<div id='full_slider_1'  class='avia-fullwidth-slider main_color avia-shadow   avia-builder-el-0  el_before_av_heading  avia-builder-el-first   container_wrap sidebar_right'  ><\/div><div id='after_full_slider_1'  class='main_color av_default_container_wrap container_wrap sidebar_right'  ><div class='container av-section-cont-open' ><div class='template-page content  av-content-small alpha units'><div class='post-entry post-entry-type-page post-entry-6556'><div class='entry-content-wrapper clearfix'>\n\n<style type=\"text\/css\" data-created_by=\"avia_inline_auto\" id=\"style-css-av-kk448cnj-3ce6befd3759fcd6468e50c92b91a10b\">\n#top .av-special-heading.av-kk448cnj-3ce6befd3759fcd6468e50c92b91a10b{\npadding-bottom:10px;\n}\nbody .av-special-heading.av-kk448cnj-3ce6befd3759fcd6468e50c92b91a10b .av-special-heading-tag .heading-char{\nfont-size:25px;\n}\n.av-special-heading.av-kk448cnj-3ce6befd3759fcd6468e50c92b91a10b .av-subheading{\nfont-size:15px;\n}\n<\/style>\n<div  class='av-special-heading av-kk448cnj-3ce6befd3759fcd6468e50c92b91a10b av-special-heading-h2  avia-builder-el-1  el_after_av_slideshow_full  el_before_av_textblock  avia-builder-el-first '><h2 class='av-special-heading-tag'  itemprop=\"headline\"  >F\u00e4ltartilleriet<\/h2><div class=\"special-heading-border\"><div class=\"special-heading-inner-border\"><\/div><\/div><\/div>\n<section  class='av_textblock_section av-5j0yv-32ffeda666feb1b866033e60570f395d '   itemscope=\"itemscope\" itemtype=\"https:\/\/schema.org\/CreativeWork\" ><div class='avia_textblock'  itemprop=\"text\" ><h3>F\u00e4ltartilleriet<\/h3>\n<\/div><\/section>\n<section  class='av_textblock_section av-9hied-b1bfc073448e3c5c476ce736dd301987 '   itemscope=\"itemscope\" itemtype=\"https:\/\/schema.org\/CreativeWork\" ><div class='avia_textblock'  itemprop=\"text\" ><p><strong>Vinterkriget<\/strong><\/p>\n<p><img loading=\"lazy\" decoding=\"async\" class=\"size-full wp-image-8365 alignright\" src=\"https:\/\/veteraanienperinto.fi\/wp-content\/uploads\/2020\/12\/Tp_tykit2.jpg\" alt=\"\" width=\"400\" height=\"237\" srcset=\"https:\/\/veteraanienperinto.fi\/wp-content\/uploads\/2020\/12\/Tp_tykit2.jpg 400w, https:\/\/veteraanienperinto.fi\/wp-content\/uploads\/2020\/12\/Tp_tykit2-300x178.jpg 300w\" sizes=\"auto, (max-width: 400px) 100vw, 400px\" \/>\u00c5r 1918 fanns 266 f\u00e4ltkanoner i Finland efter frihets-medborgarkriget. De bestod i huvudsak av krigsbyte fr\u00e5n ryssarna och de r\u00f6da. Huvuddelen av kanonerna var 76 mm l\u00e4tta kanoner av \u00e5rsmodell 1902. F\u00f6rutom de egentliga f\u00e4ltkanonerna hade efter ryssarna i Finland blivit kvar en stor m\u00e4ngd f\u00f6r\u00e5ldrade och klumpiga kanoner med styv lavett, vilka hade en anspr\u00e5ksl\u00f6s eldhastighet.<\/p>\n<p>F\u00e4ltkanoner och skjuttillbeh\u00f6r till dessa anskaffades endast i ett litet antal fr\u00e5n flera olika l\u00e4nder p\u00e5 1920-talet. De anskaffade kanonmodellerna var med n\u00e5gra undantag de samma som de som blivit efter ryssarna i Finland. Endast \u00e5tta kanoner vara av nyare modell fr\u00e5n 1920-talet. Tungt artilleri skaffade man mycket litet. P\u00e5 1930-talet hade man inte alls skaffat f\u00e4ltartilleri. D\u00e4remot grundades Statens kanonfabrik, vars f\u00f6rsta kanoner likv\u00e4l blev f\u00e4rdiga f\u00f6rst \u00e5r 1943.<\/p>\n<p>Inom skjuttekniken uppn\u00e5dde det finl\u00e4ndska f\u00e4ltartilleriet p\u00e5 1920- och 1930-talen en mycket h\u00f6g niv\u00e5. Detta var speciellt \u00f6verste, sedermera artillerigeneral Vilho Petter Nenonens f\u00f6rtj\u00e4nst. Han hade utn\u00e4mnts till inspekt\u00f6r \u00f6ver artilleriet. Artilleriets skjutteknik och taktiska anv\u00e4ndning inslipades fr\u00e5n och med \u00e5r 1920 varje \u00e5r p\u00e5 de sommarl\u00e4ger i vilka alla f\u00e4ltartilleritrupper deltog och som r\u00e4ckte n\u00e4ra p\u00e5 tre m\u00e5nader och ordnades p\u00e5 Karelska n\u00e4set i Perkj\u00e4rvi. Fr\u00e5n och med \u00e5r 1925 ordnades ocks\u00e5 tv\u00e5veckors vinterl\u00e4ger. P\u00e5 f\u00e4ltartilleriets l\u00e4ger utvecklades den enhetliga andan och vapenslagets h\u00f6ga yrkeskunnighet, som hade s\u00e5 stor betydelse under krigs\u00e5ren.<\/p>\n<p>D\u00e5 vinterkriget br\u00f6t ut hade Finland endast 33 f\u00e4ltartillerisektioner. Till en sektion h\u00f6rde 12 kanoner enligt den fastst\u00e4llda styrkan. Kanonutrustningen var n\u00e4sta enbart l\u00e4tt, eftersom endast fyra sektioner hade tunga kanoner. Alla framst\u00e4llningar som gjorts om utveckling av f\u00e4ltartilleriet p\u00e5 1920- och 1930-talen hade l\u00e4mnats obeaktade av ekonomiska och politiska sk\u00e4l. Trupperna hade 412 f\u00e4ltkanoner och endast knappt 300 000 granater. Detta innebar att det fanns skjutf\u00f6rn\u00f6denheter endast f\u00f6r n\u00e5gra veckors behov.<\/p>\n<p>I vinterkriget m\u00e5ste det finl\u00e4ndska f\u00e4ltartilleriet delvis lida f\u00f6r de fel som beg\u00e5tts d\u00e5 man f\u00f6re vinterkriget l\u00e5tit bli att utveckla Finlands f\u00f6rsvarsf\u00f6rm\u00e5ga. Det fanns s\u00e5 litet skjutf\u00f6rn\u00f6denheter att ocks\u00e5 mot de viktigaste m\u00e5len kunde man i allm\u00e4nhet skjuta endast n\u00e5gra tiotals granater. F\u00f6r att krossa de finl\u00e4ndska st\u00e4llningarna anv\u00e4nde fienden ett hundrafalt st\u00f6rre granatantal. Den finl\u00e4ndska infanterisoldaten betalade med sitt blod f\u00f6r dessa inbesparingar. Genom att begr\u00e4nsa anv\u00e4ndningen av granater p\u00e5 annat h\u00e5ll kunde det finl\u00e4ndska f\u00e4ltartilleriet tidvis p\u00e5 n\u00e5gra platser, s\u00e5som i Taipale, krossa de anfallande fiendemassorna med en koncentrerad och v\u00e4l ledd eld.<\/p>\n<p>Under vinterkriget var det m\u00e5nga stater som s\u00e5lde, donerade eller l\u00e5nade ut f\u00e4ltkanoner till Finland.<\/p>\n<p>Medlidandet med Finland var v\u00e4rldsomfattande. S\u00e4rskilt Frankrike, Storbritannien, Sverige och Norge hj\u00e4lpte Finland. De kanoner som Spanien hade skickat kom fram f\u00f6rst efter kriget. Italien s\u00e4nde granatkastare och skjutf\u00f6rn\u00f6denheter. Den stora hj\u00e4lpen fr\u00e5n F\u00f6renta staterna kom alldeles f\u00f6r sent. St\u00f6rsta delen av utrustningen som best\u00e4llts fr\u00e5n olika l\u00e4nder hann inte med till vinterkriget.<\/p>\n<p><strong>Forts\u00e4ttningskriget<\/strong><\/p>\n<p>Under mellanfredstiden f\u00f6rst\u00e4rktes Finlands f\u00e4ltartilleri avsev\u00e4rt. Fr\u00e5n F\u00f6renta staterna kom ca 230 f\u00e4ltkanoner och en stor m\u00e4ngd granater. Efter \u00e4ndrings- och reparationsarbeten kunde man ta i bruk de kanoner som anskaffats fr\u00e5n andra l\u00e4nder under vinterkrigstiden. Av de kanoner som erh\u00e5llits som krigsbyte var 160 i anv\u00e4ndbart skick och en stor del av dem kunde tas till f\u00e4ltartilleritrupperna. De 220 kanoner som k\u00f6pts fr\u00e5n Tyskland var i huvudsak krigsbyte fr\u00e5n Polen och Frankrike. Sektionerna var nu 77 till antalet och kanonerna \u00f6ver 1 000. Det tunga artilleriet hade redan 20 sektioner.<\/p>\n<p>D\u00e5 forts\u00e4ttningskriget br\u00f6t ut beh\u00f6vde man inte l\u00e4ngre spara p\u00e5 varje granat som i vinterkriget. I b\u00f6rjan av kriget hade man 2,7 miljoner granater. D\u00e5 finl\u00e4ndarna b\u00f6rjade er\u00f6vra tillbaka de omr\u00e5den som f\u00f6rlorats under vinterkriget kunde man skjuta kraftiga eldf\u00f6rberedelser med f\u00e4ltartilleriet och granatkastare innan infanteriet gick till anfall. Till exempel i Tuulosjoki norrom Ladoga sk\u00f6t de finl\u00e4ndska f\u00e4ltkanonerna 4.9.1941 18 000 granater mot genombrottspunkten under n\u00e5gra timmars tid. D\u00e4refter m\u00f6tte inte infanteriet n\u00e5got betydande motst\u00e5nd och j\u00e4garna kunde p\u00e5 cykel f\u00f6rf\u00f6lja de fiender som blivit kvar.<\/p>\n<p>Under st\u00e4llningskriget f\u00f6rdes m\u00e5nga h\u00e4ftiga lokala strider, d\u00e4r det finl\u00e4ndska f\u00e4ltartilleriet utm\u00e4rkte sig genom snabb eldgivning och koncentrerad eld. F\u00e4ltartilleriutrustningen utvecklades avsev\u00e4rt. I krigsbyte hade man f\u00e5tt \u00f6ver 800 kanoner, av vilka en del kunde tas i bruk. \u00d6ver 600 kanoner k\u00f6ptes fr\u00e5n Tyskland, av vilka st\u00f6rsta delen var krigsbyte fr\u00e5n Frankrike, men en del var ocks\u00e5 ny tysk utrustning. Man anv\u00e4nde sig samtidigt av i medeltal 30 olika f\u00e4ltkanonmodeller, vilket f\u00f6rsv\u00e5rade underh\u00e5llet och kompletteringen av skjutf\u00f6rn\u00f6denheter. Bristen p\u00e5 motorfordon som var l\u00e4mpliga att dra kanonerna var ett problem. St\u00f6rsta delen av kanonerna var h\u00e4stdragna. Det kr\u00e4vdes \u00e5tta h\u00e4star f\u00f6r att dra en tung kanon. P\u00e5 sommaren 1944 anv\u00e4nde sig f\u00e4ltartilleriet av 10 000 h\u00e4star.<\/p>\n<p>I avv\u00e4rjningsstriderna p\u00e5 sommaren 1944 visade Finlands f\u00e4ltartilleri sin effektivitet. Artilleriet hade nu 86 sektioner, av vilka 46 var l\u00e4tta, 37 tunga och 3 grovkalibriga. Det fanns ca 51 000 kanoni\u00e4rer i fronttrupperna. F\u00e4ltartilleriet hade tillg\u00e5ng till \u00f6ver tv\u00e5 miljoner granater. Sovjetunionens storanfall \u00f6verraskade likv\u00e4l finl\u00e4ndarna p\u00e5 Karelska n\u00e4set i Valkeasaari 9.-10.6.1944. Det fientliga artilleriets \u00f6vermakt var d\u00e5 f\u00f6rkrossande. Inom det ca \u00e5tta kilometer breda genombrottsomr\u00e5det hade fienden 300 kanoner eller granatkastare per frontkilometer. I eldf\u00f6rberedelse sk\u00f6t man hundratusentals granater. Finl\u00e4ndarnas stridsgravar och korsur f\u00f6rst\u00f6rdes. Avv\u00e4rjningselden som finl\u00e4ndarna sk\u00f6t blev alltf\u00f6r svag. Fiendens genombrott lyckades.<\/p>\n<p>L\u00e4get \u00e4ndrades fullst\u00e4ndigt i storstriden vid Tali-Ihantala och i Vuosalmi i m\u00e5nadsskiftet juni-juli 1944. Man hade nu klarat av att tyngdpunktsm\u00e4ssigt koncentrera sig p\u00e5 omr\u00e5det d\u00e4r striderna avgjordes. I de viktigaste terr\u00e4ngpunkterna i Tali-Ihantala kunde man i princip koncentrera elden fr\u00e5n 21 sektioner, s\u00e5ledes eld fr\u00e5n 200 kanoner. I praktiken sk\u00f6t finl\u00e4ndarna kortvarigt flera tusen granater med 100-150 kanoner mot den avg\u00f6rande punkten. Eldens effekt grundade sig framf\u00f6r allt p\u00e5 koncentreringen av sektionernas eld. Verkan hade aldrig tidigare sk\u00e5dats. Fiendens anfallsgruppering som bestod av minst ett regemente splittrades 4-5 g\u00e5nger och en stor pansarvagnsgruppering 6-7 g\u00e5nger med f\u00e4ltartilleriets eld. Fiendens anfallsf\u00f6rs\u00f6k avstannade under infanterivapnens, pansarv\u00e4rnets, f\u00e4ltartilleriets och luftstridskrafternas eld samt genom infanterikrigarnas h\u00e5rdnackade motst\u00e5nd.<\/p>\n<p>\u00c4nnu i augusti 1944 visade det finl\u00e4ndska f\u00e4ltartilleriet vid sidan om infanteriet sin styrka. I de sista stora avv\u00e4rjningssegrarna utpl\u00e5nades eller slogs den starka fienden och bland annat 51 f\u00e4ltkanoner erh\u00f6lls som krigsbyte.<\/p>\n<p>D\u00e5 vapenvilan tr\u00e4dde i kraft 4.9.1944 var det finl\u00e4ndska f\u00e4ltartilleriet fortfarande mycket starkt. Det fanns 85 sektioner och av dessa hade 38 tung utrustning. Under forts\u00e4ttningskriget hade man avskjutit ca 4,8 miljoner granater och p\u00e5 grund av de stora anskaffningarna fanns \u00e4nnu \u00f6ver tv\u00e5 miljoner kvar d\u00e5 det blev fred. Finlands f\u00e4ltartilleri visade redan under vinterkriget vad en v\u00e4l utbildad och motiverad trupp klarar av trots brister i kanonutrustningen och skjutf\u00f6rn\u00f6denheterna. Under forts\u00e4ttningskriget var det kraftiga finl\u00e4ndska f\u00e4ltartilleriets insats m\u00e5nga g\u00e5nger avg\u00f6rande f\u00f6r stridernas utg\u00e5ng.<\/p>\n<\/div><\/section>\n","protected":false},"excerpt":{"rendered":"","protected":false},"author":1,"featured_media":0,"parent":6539,"menu_order":4,"comment_status":"closed","ping_status":"closed","template":"","meta":{"footnotes":""},"class_list":["post-6556","page","type-page","status-publish","hentry"],"yoast_head":"<!-- This site is optimized with the Yoast SEO plugin v27.4 - https:\/\/yoast.com\/product\/yoast-seo-wordpress\/ -->\n<title>F\u00e4ltartilleriet - Veteraanien Perint\u00f6<\/title>\n<meta name=\"robots\" content=\"index, follow, max-snippet:-1, max-image-preview:large, max-video-preview:-1\" \/>\n<link rel=\"canonical\" href=\"https:\/\/veteraanienperinto.fi\/index.php\/sv\/infobank\/vapenslagens-verksamhet\/faltartilleriet\/\" \/>\n<meta property=\"og:locale\" content=\"fi_FI\" \/>\n<meta property=\"og:type\" content=\"article\" \/>\n<meta property=\"og:title\" content=\"F\u00e4ltartilleriet - Veteraanien Perint\u00f6\" \/>\n<meta property=\"og:url\" content=\"https:\/\/veteraanienperinto.fi\/index.php\/sv\/infobank\/vapenslagens-verksamhet\/faltartilleriet\/\" \/>\n<meta property=\"og:site_name\" content=\"Veteraanien Perint\u00f6\" \/>\n<meta property=\"article:modified_time\" content=\"2021-01-19T14:51:43+00:00\" \/>\n<meta property=\"og:image\" content=\"https:\/\/veteraanienperinto.fi\/wp-content\/uploads\/2020\/12\/Tp_tykit2.jpg\" \/>\n<meta name=\"twitter:card\" content=\"summary_large_image\" \/>\n<meta name=\"twitter:label1\" content=\"Arvioitu lukuaika\" \/>\n\t<meta name=\"twitter:data1\" content=\"7 minuuttia\" \/>\n<script type=\"application\/ld+json\" class=\"yoast-schema-graph\">{\"@context\":\"https:\\\/\\\/schema.org\",\"@graph\":[{\"@type\":\"WebPage\",\"@id\":\"https:\\\/\\\/veteraanienperinto.fi\\\/index.php\\\/sv\\\/infobank\\\/vapenslagens-verksamhet\\\/faltartilleriet\\\/\",\"url\":\"https:\\\/\\\/veteraanienperinto.fi\\\/index.php\\\/sv\\\/infobank\\\/vapenslagens-verksamhet\\\/faltartilleriet\\\/\",\"name\":\"F\u00e4ltartilleriet - Veteraanien Perint\u00f6\",\"isPartOf\":{\"@id\":\"https:\\\/\\\/veteraanienperinto.fi\\\/#website\"},\"primaryImageOfPage\":{\"@id\":\"https:\\\/\\\/veteraanienperinto.fi\\\/index.php\\\/sv\\\/infobank\\\/vapenslagens-verksamhet\\\/faltartilleriet\\\/#primaryimage\"},\"image\":{\"@id\":\"https:\\\/\\\/veteraanienperinto.fi\\\/index.php\\\/sv\\\/infobank\\\/vapenslagens-verksamhet\\\/faltartilleriet\\\/#primaryimage\"},\"thumbnailUrl\":\"https:\\\/\\\/veteraanienperinto.fi\\\/wp-content\\\/uploads\\\/2020\\\/12\\\/Tp_tykit2.jpg\",\"datePublished\":\"2020-11-19T13:30:18+00:00\",\"dateModified\":\"2021-01-19T14:51:43+00:00\",\"breadcrumb\":{\"@id\":\"https:\\\/\\\/veteraanienperinto.fi\\\/index.php\\\/sv\\\/infobank\\\/vapenslagens-verksamhet\\\/faltartilleriet\\\/#breadcrumb\"},\"inLanguage\":\"fi\",\"potentialAction\":[{\"@type\":\"ReadAction\",\"target\":[\"https:\\\/\\\/veteraanienperinto.fi\\\/index.php\\\/sv\\\/infobank\\\/vapenslagens-verksamhet\\\/faltartilleriet\\\/\"]}]},{\"@type\":\"ImageObject\",\"inLanguage\":\"fi\",\"@id\":\"https:\\\/\\\/veteraanienperinto.fi\\\/index.php\\\/sv\\\/infobank\\\/vapenslagens-verksamhet\\\/faltartilleriet\\\/#primaryimage\",\"url\":\"https:\\\/\\\/veteraanienperinto.fi\\\/wp-content\\\/uploads\\\/2020\\\/12\\\/Tp_tykit2.jpg\",\"contentUrl\":\"https:\\\/\\\/veteraanienperinto.fi\\\/wp-content\\\/uploads\\\/2020\\\/12\\\/Tp_tykit2.jpg\",\"width\":400,\"height\":237},{\"@type\":\"BreadcrumbList\",\"@id\":\"https:\\\/\\\/veteraanienperinto.fi\\\/index.php\\\/sv\\\/infobank\\\/vapenslagens-verksamhet\\\/faltartilleriet\\\/#breadcrumb\",\"itemListElement\":[{\"@type\":\"ListItem\",\"position\":1,\"name\":\"Etusivu\",\"item\":\"https:\\\/\\\/veteraanienperinto.fi\\\/index.php\\\/etusivu-2\\\/\"},{\"@type\":\"ListItem\",\"position\":2,\"name\":\"Infobank\",\"item\":\"https:\\\/\\\/veteraanienperinto.fi\\\/index.php\\\/sv\\\/infobank\\\/\"},{\"@type\":\"ListItem\",\"position\":3,\"name\":\"Vapenslagens verksamhet\",\"item\":\"https:\\\/\\\/veteraanienperinto.fi\\\/index.php\\\/sv\\\/infobank\\\/vapenslagens-verksamhet\\\/\"},{\"@type\":\"ListItem\",\"position\":4,\"name\":\"F\u00e4ltartilleriet\"}]},{\"@type\":\"WebSite\",\"@id\":\"https:\\\/\\\/veteraanienperinto.fi\\\/#website\",\"url\":\"https:\\\/\\\/veteraanienperinto.fi\\\/\",\"name\":\"Veteraanien Perint\u00f6\",\"description\":\"Kadettikunta\",\"potentialAction\":[{\"@type\":\"SearchAction\",\"target\":{\"@type\":\"EntryPoint\",\"urlTemplate\":\"https:\\\/\\\/veteraanienperinto.fi\\\/?s={search_term_string}\"},\"query-input\":{\"@type\":\"PropertyValueSpecification\",\"valueRequired\":true,\"valueName\":\"search_term_string\"}}],\"inLanguage\":\"fi\"}]}<\/script>\n<!-- \/ Yoast SEO plugin. -->","yoast_head_json":{"title":"F\u00e4ltartilleriet - Veteraanien Perint\u00f6","robots":{"index":"index","follow":"follow","max-snippet":"max-snippet:-1","max-image-preview":"max-image-preview:large","max-video-preview":"max-video-preview:-1"},"canonical":"https:\/\/veteraanienperinto.fi\/index.php\/sv\/infobank\/vapenslagens-verksamhet\/faltartilleriet\/","og_locale":"fi_FI","og_type":"article","og_title":"F\u00e4ltartilleriet - Veteraanien Perint\u00f6","og_url":"https:\/\/veteraanienperinto.fi\/index.php\/sv\/infobank\/vapenslagens-verksamhet\/faltartilleriet\/","og_site_name":"Veteraanien Perint\u00f6","article_modified_time":"2021-01-19T14:51:43+00:00","og_image":[{"url":"https:\/\/veteraanienperinto.fi\/wp-content\/uploads\/2020\/12\/Tp_tykit2.jpg","type":"","width":"","height":""}],"twitter_card":"summary_large_image","twitter_misc":{"Arvioitu lukuaika":"7 minuuttia"},"schema":{"@context":"https:\/\/schema.org","@graph":[{"@type":"WebPage","@id":"https:\/\/veteraanienperinto.fi\/index.php\/sv\/infobank\/vapenslagens-verksamhet\/faltartilleriet\/","url":"https:\/\/veteraanienperinto.fi\/index.php\/sv\/infobank\/vapenslagens-verksamhet\/faltartilleriet\/","name":"F\u00e4ltartilleriet - Veteraanien Perint\u00f6","isPartOf":{"@id":"https:\/\/veteraanienperinto.fi\/#website"},"primaryImageOfPage":{"@id":"https:\/\/veteraanienperinto.fi\/index.php\/sv\/infobank\/vapenslagens-verksamhet\/faltartilleriet\/#primaryimage"},"image":{"@id":"https:\/\/veteraanienperinto.fi\/index.php\/sv\/infobank\/vapenslagens-verksamhet\/faltartilleriet\/#primaryimage"},"thumbnailUrl":"https:\/\/veteraanienperinto.fi\/wp-content\/uploads\/2020\/12\/Tp_tykit2.jpg","datePublished":"2020-11-19T13:30:18+00:00","dateModified":"2021-01-19T14:51:43+00:00","breadcrumb":{"@id":"https:\/\/veteraanienperinto.fi\/index.php\/sv\/infobank\/vapenslagens-verksamhet\/faltartilleriet\/#breadcrumb"},"inLanguage":"fi","potentialAction":[{"@type":"ReadAction","target":["https:\/\/veteraanienperinto.fi\/index.php\/sv\/infobank\/vapenslagens-verksamhet\/faltartilleriet\/"]}]},{"@type":"ImageObject","inLanguage":"fi","@id":"https:\/\/veteraanienperinto.fi\/index.php\/sv\/infobank\/vapenslagens-verksamhet\/faltartilleriet\/#primaryimage","url":"https:\/\/veteraanienperinto.fi\/wp-content\/uploads\/2020\/12\/Tp_tykit2.jpg","contentUrl":"https:\/\/veteraanienperinto.fi\/wp-content\/uploads\/2020\/12\/Tp_tykit2.jpg","width":400,"height":237},{"@type":"BreadcrumbList","@id":"https:\/\/veteraanienperinto.fi\/index.php\/sv\/infobank\/vapenslagens-verksamhet\/faltartilleriet\/#breadcrumb","itemListElement":[{"@type":"ListItem","position":1,"name":"Etusivu","item":"https:\/\/veteraanienperinto.fi\/index.php\/etusivu-2\/"},{"@type":"ListItem","position":2,"name":"Infobank","item":"https:\/\/veteraanienperinto.fi\/index.php\/sv\/infobank\/"},{"@type":"ListItem","position":3,"name":"Vapenslagens verksamhet","item":"https:\/\/veteraanienperinto.fi\/index.php\/sv\/infobank\/vapenslagens-verksamhet\/"},{"@type":"ListItem","position":4,"name":"F\u00e4ltartilleriet"}]},{"@type":"WebSite","@id":"https:\/\/veteraanienperinto.fi\/#website","url":"https:\/\/veteraanienperinto.fi\/","name":"Veteraanien Perint\u00f6","description":"Kadettikunta","potentialAction":[{"@type":"SearchAction","target":{"@type":"EntryPoint","urlTemplate":"https:\/\/veteraanienperinto.fi\/?s={search_term_string}"},"query-input":{"@type":"PropertyValueSpecification","valueRequired":true,"valueName":"search_term_string"}}],"inLanguage":"fi"}]}},"_links":{"self":[{"href":"https:\/\/veteraanienperinto.fi\/index.php\/wp-json\/wp\/v2\/pages\/6556","targetHints":{"allow":["GET"]}}],"collection":[{"href":"https:\/\/veteraanienperinto.fi\/index.php\/wp-json\/wp\/v2\/pages"}],"about":[{"href":"https:\/\/veteraanienperinto.fi\/index.php\/wp-json\/wp\/v2\/types\/page"}],"author":[{"embeddable":true,"href":"https:\/\/veteraanienperinto.fi\/index.php\/wp-json\/wp\/v2\/users\/1"}],"replies":[{"embeddable":true,"href":"https:\/\/veteraanienperinto.fi\/index.php\/wp-json\/wp\/v2\/comments?post=6556"}],"version-history":[{"count":4,"href":"https:\/\/veteraanienperinto.fi\/index.php\/wp-json\/wp\/v2\/pages\/6556\/revisions"}],"predecessor-version":[{"id":10200,"href":"https:\/\/veteraanienperinto.fi\/index.php\/wp-json\/wp\/v2\/pages\/6556\/revisions\/10200"}],"up":[{"embeddable":true,"href":"https:\/\/veteraanienperinto.fi\/index.php\/wp-json\/wp\/v2\/pages\/6539"}],"wp:attachment":[{"href":"https:\/\/veteraanienperinto.fi\/index.php\/wp-json\/wp\/v2\/media?parent=6556"}],"curies":[{"name":"wp","href":"https:\/\/api.w.org\/{rel}","templated":true}]}}