{"id":6564,"date":"2020-11-19T13:32:38","date_gmt":"2020-11-19T13:32:38","guid":{"rendered":"https:\/\/veteraani.ylirotu.fi\/?page_id=6564"},"modified":"2021-01-31T18:09:14","modified_gmt":"2021-01-31T18:09:14","slug":"merivoimat-sve","status":"publish","type":"page","link":"https:\/\/veteraanienperinto.fi\/index.php\/sv\/infobank\/vapenslagens-verksamhet\/merivoimat-sve\/","title":{"rendered":"Sj\u00f6stridskrafterna"},"content":{"rendered":"<div id='full_slider_1'  class='avia-fullwidth-slider main_color avia-shadow   avia-builder-el-0  el_before_av_heading  avia-builder-el-first   container_wrap sidebar_right'  ><\/div><div id='after_full_slider_1'  class='main_color av_default_container_wrap container_wrap sidebar_right'  ><div class='container av-section-cont-open' ><div class='template-page content  av-content-small alpha units'><div class='post-entry post-entry-type-page post-entry-6564'><div class='entry-content-wrapper clearfix'>\n\n<style type=\"text\/css\" data-created_by=\"avia_inline_auto\" id=\"style-css-av-av_heading-fe09bc242e3af76ba2dc29f7eee919a5\">\n#top .av-special-heading.av-av_heading-fe09bc242e3af76ba2dc29f7eee919a5{\npadding-bottom:10px;\n}\nbody .av-special-heading.av-av_heading-fe09bc242e3af76ba2dc29f7eee919a5 .av-special-heading-tag .heading-char{\nfont-size:25px;\n}\n.av-special-heading.av-av_heading-fe09bc242e3af76ba2dc29f7eee919a5 .av-subheading{\nfont-size:15px;\n}\n<\/style>\n<div  class='av-special-heading av-av_heading-fe09bc242e3af76ba2dc29f7eee919a5 av-special-heading-h2  avia-builder-el-1  el_after_av_slideshow_full  el_before_av_textblock  avia-builder-el-first '><h2 class='av-special-heading-tag'  itemprop=\"headline\"  >Sj\u00f6stridskrafterna<\/h2><div class=\"special-heading-border\"><div class=\"special-heading-inner-border\"><\/div><\/div><\/div>\n<section  class='av_textblock_section av-7ub8b-7f09eadd02c4fd22f81f7642a307e946 '   itemscope=\"itemscope\" itemtype=\"https:\/\/schema.org\/CreativeWork\" ><div class='avia_textblock'  itemprop=\"text\" ><p><strong>Vinterkrig<\/strong><\/p>\n<p>Under v\u00e5ra senaste krig inkluderade marinen b\u00e5de kustartilleri och marinen. Efter sj\u00e4lvst\u00e4ndigheten hade v\u00e5rt land ett starkt kustartilleri som Ryssland hade byggt f\u00f6re och under f\u00f6rsta v\u00e4rldskriget f\u00f6r att st\u00e4nga Finska viken och skydda Sankt Petersburg.<\/p>\n<p>F\u00f6rutom i Finska viken fanns det kustartilleribatterier i Sk\u00e4rg\u00e5rdshavet och i Bottenviken. Finl\u00e4ndarna kompletterade kustartilleriet, s\u00e4rskilt framf\u00f6r Helsingfors, i Porkkalaklyftan, i Vyborgsviken och i Ladoga. Bef\u00e4stningen p\u00e5 \u00c5land m\u00e5ste f\u00f6rst\u00f6ras p\u00e5 grund av internationella avtal.<\/p>\n<p>De f\u00f6rsta fartygen i den oberoende finska flottan var fartyg som l\u00e4mnades i Finland fr\u00e5n den ryska flottan. Bland dem fanns kanonb\u00e5tar, torpedb\u00e5tar, minsvepare och olika hj\u00e4lpfartyg. N\u00e5gra av fartygen var f\u00f6r\u00e5ldrade och i d\u00e5ligt skick. Bevis p\u00e5 detta var den v\u00e4rsta fredstidens olycka i v\u00e5r flotta i oktober 1925. Den mer \u00e4n 25 \u00e5r gamla torpedb\u00e5ten S 2 sj\u00f6nk p\u00e5 ett tr\u00e4ningsseglats utanf\u00f6r Bj\u00f6rneborg i en h\u00f6ststorm och tog med sig hela bes\u00e4ttningen, 53 sj\u00f6m\u00e4n.<\/p>\n<p>F\u00f6r att utveckla flottan godk\u00e4nde parlamentet marinlagen 1927, och d\u00e4refter bygges pansarfartygen V\u00e4in\u00e4m\u00f6inen och Ilmarinen och fyra u-b\u00e5tar i Finland. Fyra torpedb\u00e5tar anskaffades fr\u00e5n Storbritannien i enlighet med lagen. De \u00e4ldsta fartygen avvecklades. Andra fartygsf\u00f6rv\u00e4rv p\u00e5 1930-talet inkluderade sex sm\u00e5 minsvepare, en u-b\u00e5t och ett skolfartyg, fregatten Suomen Joutsen.<\/p>\n<p>H\u00f6sten 1939 bestod den finska flottan av f\u00f6ljande fartyg:<\/p>\n<ul>\n<li>2 pansarfartyg<\/li>\n<li>5 u-b\u00e5tar<\/li>\n<li>4 kanonb\u00e5tar<\/li>\n<li>7 torpedb\u00e5tar<\/li>\n<li>1 minsvepare och<\/li>\n<li>6 svepare<\/li>\n<\/ul>\n<p>F\u00f6r att \u00f6ka beredskapen \u00f6verf\u00f6rdes kustbevakningens fartyg och andra civila fartyg till marinen. De viktigaste var de redan bev\u00e4pnade patrullb\u00e5tar, VMV och isbrytare som var bev\u00e4pnade. De olika fartygen anv\u00e4ndes i m\u00e5n av m\u00f6jlighet till exempel f\u00f6r eskort, transport, kontakt och r\u00f6jningsuppdrag. Totalt hade marinen 190 olika fartyg och 363 motorb\u00e5tar i b\u00f6rjan av vinterkriget. Marinen bestod av 33 200 m\u00e4n. Ut\u00f6ver detta hade 8 650 infanterim\u00e4n underordnats marinen f\u00f6r kustf\u00f6rsvarsuppdrag.<\/p>\n<p>Den sovjetiska baltiska flottan var helt \u00f6verl\u00e4gsen den finska flottan. Sovjetunionen hade f\u00f6ljande antal fartyg till f\u00f6rfogande i Finska viken:<\/p>\n<ul>\n<li>2 slagskepp, Marat och Oktyabrskaya Revolutsija<\/li>\n<li>1 kryssare, Kirov<\/li>\n<li>17 jagare<\/li>\n<li>7 torpedb\u00e5tar<\/li>\n<li>52 u-b\u00e5tar<\/li>\n<li>17 kanonb\u00e5tar<\/li>\n<li>40 torpedb\u00e5tar<\/li>\n<li>4 minfartyg<\/li>\n<li>48 minsvepare och<\/li>\n<li>60 skyddsbaser<\/li>\n<\/ul>\n<p>Dessutom hade den sovjetiska baltiska flottan 650 flygplan till sitt f\u00f6rfogande.<\/p>\n<p>N\u00e4r Sovjetunionen invaderade Finland den 30 november 1939 var flottans f\u00f6rsta uppgift att ockupera de yttre \u00f6arna i Finska viken efter att finl\u00e4ndarna hade evakuerade \u00f6arna. \u00c5 andra sidan vidtog Sovjetunionen inte n\u00e5gra landstignings\u00e5tg\u00e4rder mot \u00c5land eller Hang\u00f6 udd som finl\u00e4nderna ans\u00e5g vara m\u00f6jliga enligt f\u00f6rsvarsplanerna. Sovjetunionen f\u00f6rklarade embargo mot Finland och f\u00f6rs\u00f6kte f\u00f6rhindra Finlands sj\u00f6fartsf\u00f6rbindelser i v\u00e4ster. Den baltiska flottan var ocks\u00e5 avsedd f\u00f6r att st\u00f6dja ryska trupper som angrep den karelska n\u00e4set n\u00e4ra kusten.<\/p>\n<p>Finlands marins uppgift var att f\u00f6rhindra landstigningar, skydda sj\u00f6fartsf\u00f6rbindelserna och ockupera \u00c5land s\u00e5 fort de internationella demilitariseringsavtalen ans\u00e5gs ha l\u00f6pt ut.<\/p>\n<p>Redan 1.12. n\u00e4rmade sig Russar\u00f6-fortet framf\u00f6r Hang\u00f6 udd kryssaren Kirov och tv\u00e5 stridsflygplan. Fortets starka batteri f\u00f6rvisade flottillen i en brandstrid. Tv\u00e5 veckor senare f\u00f6rde Ut\u00f6s tunga batteri en eldstrid mot tv\u00e5 sovjetiska stridsflygplan och sj\u00f6nk den ena av stridsflygplanen. Den tredje betydande eldstriden mellan kustartilleriet och de sovjetiska krigsfartygen \u00e4gde rum n\u00e5gra dagar senare mellan det tunga batteriet i Saarenp\u00e4\u00e4 p\u00e5 v\u00e4stsidan av den karelska n\u00e4set i Koivisto och stridsfartyget Marat. Slagskeppet drog sig tillbaka efter att ha uppenbarligen skadats av en tung batterie.<\/p>\n<p>Efter att fientligheterna inletts av Sovjetunionen, transporterade den finska marinen de avsedda trupperna till \u00c5land, skyddade transporterna och s\u00e4nkte de defensiva sj\u00f6minorna. Finska u-b\u00e5tar f\u00f6rs\u00f6kte attackera de sovjetiska krigsfartygen och n\u00e5gra andra fartyg som ans\u00e5gs vara l\u00e4mpliga m\u00e5l som r\u00f6rde sig p\u00e5 Finska viken. B\u00e5tarna kunde dock inte komma tillr\u00e4ckligt n\u00e4ra f\u00f6r att skjuta torpedorna.<\/p>\n<p>Sovjetiska ub\u00e5tar invaderade sk\u00e4rg\u00e5rdshavet och Bottenviken f\u00f6r att f\u00f6rhindra den finska sj\u00f6farten i v\u00e4ster. En av b\u00e5tarna f\u00f6rst\u00f6rdes av minor. U-b\u00e5tarnas framg\u00e5ng f\u00f6rblev blygsam. De sj\u00f6nk endast fem fartyg, varav tv\u00e5 var tyska, ett estniskt, ett svenskt och endast ett litet fartyg var finskt. Handelsfartygen seglade vanligtvis i konvojer. Eskortfartygen led en betydande f\u00f6rlust n\u00e4r eskortfartyg Aura IIs egen sjunkbomb exploderade efter den. I denna olycka dog 26 soldater.<\/p>\n<p>Fr\u00e5n och med mitten av december b\u00f6rjade isen g\u00f6ra det allt sv\u00e5rare f\u00f6r fartyg, s\u00e4rskilt l\u00e4tta fartyg, att operera. Sm\u00e5 fartyg s\u00e5 som torpedb\u00e5tar och ub\u00e5tar dockades. Vintern var exceptionellt sv\u00e5r och isens styrka i februari 1940 var till exempel mer \u00e4n en meter i \u00f6stra Finska viken. Endast isbrytare kunde r\u00f6ra sig sj\u00e4lvst\u00e4ndigt i havsomr\u00e5det.<\/p>\n<p>I b\u00f6rjan av kriget hade pansarfartygen varit verksamma i sk\u00e4rg\u00e5rdshavet. De \u00f6verf\u00f6rdes senare till \u00c5bo f\u00f6r att st\u00e4rka luftf\u00f6rsvaret i \u00c5bo. Staden \u00c5bo led av st\u00e4ndig bombning. Det riktade sig s\u00e4rskilt mot \u00c5bo hamn, vilket var viktigt f\u00f6r att uppr\u00e4tth\u00e5lla marina f\u00f6rbindelser. Krigshamnen var ocks\u00e5 ett viktigt m\u00e5l att bomba. Effektivt luftf\u00f6rsvar f\u00f6r pansarfartyg var av yttersta vikt f\u00f6r skyddet av \u00c5bo.<\/p>\n<p>I slutet av vinterkriget, i b\u00f6rjan av mars 1940, f\u00f6rs\u00f6kte ryssarna att attackera \u00f6ver havet t\u00e4ckt med tjock is i de \u00f6stra delarna av Finska viken med stora infanterier i riktning mot Fredrikshamn och Virolahti. De hotade att attackera bakom finska trupper som k\u00e4mpade \u00f6sterut. Kustartilleriet kunde dock avvisa attackerna. Isbrytaren Tarmo gjorde ocks\u00e5 f\u00f6rs\u00f6k att motverka fiendens aktiviteter. Fartyget drabbades av f\u00f6rlusten av 39 marinesoldater i Kotka n\u00e4r tv\u00e5 flygbomber tr\u00e4ffade b\u00e5gen medan bes\u00e4ttningen \u00e5t. Skadorna \u00e5tg\u00e4rdades snabbt och fartyget var utrustat med panssargranater och anpassad till vinterf\u00f6rh\u00e5llanden. Avsikten var att avancera l\u00e5ngt in till Vyborgbukten och bryta isen framf\u00f6r fienden. Tarmo hade dock inte tid att utf\u00f6ra denna mycket ovanliga uppgift innan freden.<\/p>\n<p><strong>Forts\u00e4ttningskrig<\/strong><\/p>\n<p>Under vapenstillest\u00e5ndet fick den finska marinen tillg\u00e5ng till tv\u00e5 minsvepare som redan var under uppbyggnad under vinterkriget. Fem torpedb\u00e5tar best\u00e4lldes fr\u00e5n Italien. Den sovjetiska flottan hade anslutit nya fartyg, men maktbalansen i b\u00f6rjan av Forts\u00e4ttningskriget var i princip densamma som under vinterkriget. Det som emellertid var v\u00e4sentligt, var att Sovjetunionen var tvungen att fokusera sin baltiska marins verksamhet p\u00e5 tyskarna.<\/p>\n<p>Redan i b\u00f6rjan av forts\u00e4ttningskriget i juni 1941 ockuperade Finland \u00c5land igen. Flottan utf\u00f6rde och skyddade transporterna. Dessutom s\u00e4nkte flottan skyddsminf\u00e4lt ute till havs och i farlederna.<\/p>\n<p>Den finska flottans verksamhet hindrades av att den sovjetiska basen i Hang\u00f6 delade v\u00e5r flotta i tv\u00e5 separata delar, den ena i Finska viken och den andra i Sk\u00e4rg\u00e5rdshavet.<\/p>\n<p>Sommaren 1941 sk\u00f6t finska pansarfartygen mot Hang\u00f6 bas. U-b\u00e5ten Vesikko sj\u00f6nk ett stort sovjetiskt transportfartyg. Finl\u00e4ndarna och tyskarna s\u00e4nkte mycket stora minsp\u00e4rr i Finska viken f\u00f6r att hindra den sovjetiska flottans verksamhet.<\/p>\n<p>N\u00e4r tyska trupper gjorde snabba framsteg mot Baltikum, var Sovjetunionen tvungen att evakuera sina trupper och marinen fr\u00e5n de baltiska hamnarna till \u00e4ndan av Finska viken i Leningrad- och Kronstadt-omr\u00e5dena. N\u00e4r Tallinn evakuerades i augusti 1941 f\u00f6rlorade Sovjetunionen fem krigsfartyg och 26 andra fartyg i ett minf\u00e4lt som s\u00e4nktes i s\u00f6dra delen av Finska viken.<\/p>\n<p>Den sovjetiska flottan hade ocks\u00e5 minera Finska viken i stor utstr\u00e4ckning. Den 13 september 1941 drabbades v\u00e5r egen flotta av en stor f\u00f6rlust n\u00e4r pansarskeppet Ilmarinen sj\u00f6nk i \u00d6stersj\u00f6n, uppenbarligen som f\u00f6ljd av minexplosioner. I explosionen d\u00f6dades 271 finska sj\u00f6m\u00e4n och endast 132 r\u00e4ddades.<\/p>\n<p>Sovjetunionen evakuerade Hang\u00f6 udd i december 1941, vilket v\u00e4sentligt underl\u00e4ttade finsk sj\u00f6transport. Finl\u00e4ndarna tog kontroll \u00f6ver de st\u00f6rsta delen av de yttre \u00f6arna som tillh\u00f6rde Finland f\u00f6re kriget. Suursaari er\u00f6vrades i mars 1942 genom en stor och modig attack l\u00e4ngs isen.<\/p>\n<p>I 1942 attackerade den finska marinen framf\u00f6r allt sovjetiska u-b\u00e5tar. I tre olika v\u00e5gor skickade Sovjetunionen mer \u00e4n 30 u-b\u00e5tar till \u00d6stersj\u00f6n, Sk\u00e4rg\u00e5rdshavet och Botniska viken f\u00f6r att f\u00f6rhindra finska handelsfartygens merkantila verksamhet. U-b\u00e5tarna sj\u00f6nk totalt 18 fartyg, varav sju var finska. Finska ytb\u00e5tar, u-b\u00e5tar och flygplan deltog i kampen mot sovjetiska u-b\u00e5tar. Totalt f\u00f6rst\u00f6rdes 12 sovjetiska u-b\u00e5tar. Av dessa f\u00f6rst\u00f6rdes tre av finska u-b\u00e5tar.<\/p>\n<p>I juli 1942 f\u00f6rs\u00f6kte sovjetiska trupper er\u00f6vra den lilla och karga steniga \u00f6n Somer i den \u00f6stra delen av Finska viken. Dess \u00e4gander\u00e4tt gav upphov till en utomordentligt h\u00e5rd kamp som inte bara involverade marinen och kuststyrkorna utan ocks\u00e5 flygvapnet.<\/p>\n<p>\u00d6ns f\u00f6rsvar varade. Sovjetunionen f\u00f6rlorade 16 torpedb\u00e5tar eller patrullb\u00e5tar, och 128 m\u00e4n stupade p\u00e5 \u00f6n och 102 f\u00e5ngades. Finl\u00e4ndarnas f\u00f6rluster var 17 stupade.<\/p>\n<p>I november 1942 gjorde finska torpedb\u00e5tar ett stort attack i Lavansaaris hamn. De lyckades sjunka krigsfartyget Krasnoye Znamjan i hamnen.<\/p>\n<p>1943 lade tyskarna, assisterat av finl\u00e4ndarna, ett dubbelt u-b\u00e5tsn\u00e4tverk \u00f6ver Finska viken mellan Porkkala och Naissaari f\u00f6r att hindra sovjetiska u-b\u00e5tarnas verksamhet. Ingen b\u00e5t kunde komma igenom n\u00e4tet. Fyra u-b\u00e5tar f\u00f6rst\u00f6rdes i n\u00e4tet eller av minor. En del av den finska flottan \u00e5tog sig att bevaka n\u00e4tet. De sovjetiska marin- och flygstyrkorna attackerade st\u00e4ndigt patrullskeppen. Den sovjetiska torpedb\u00e5ten lyckades sjunka minfartyget Riilahti, som var i vakttj\u00e4nst och 24 sj\u00f6m\u00e4n dog.<\/p>\n<p>Under 1943 fick finl\u00e4ndarna totalt 14 nya torpedb\u00e5tar. B\u00e5tar som best\u00e4lldes f\u00f6re kriget var man tvungna att skrota. Med de nya b\u00e5tarna attackerades framg\u00e5ngsrikt sovjetisk sj\u00f6transport flera g\u00e5nger i \u00e4ndan av Finska viken.<\/p>\n<p>V\u00e5ren 1944 s\u00e4nkte tyskarna u-b\u00e5tn\u00e4tet igen \u00f6ver Finska viken. Situationen f\u00f6r\u00e4ndrades dock snabbt efter att Sovjetunionen inledde en st\u00f6rre offensiv i juni 1944. N\u00e4r sovjetiska trupper tog sig norrut till Vyborg vik och ockuperade den ena \u00f6n efter den andra, leddes en finsk flotille till Vyborg vik f\u00f6r att f\u00f6rhindra fiendens transporter. Flotillen utsattes f\u00f6r fiendens konstanta luft- och torpedb\u00e5tattacker. I de h\u00e5rda striderna skadades n\u00e4stan alla finska fartyg och en del av bes\u00e4ttningen stupade. S\u00e5 sm\u00e5ningom m\u00e5ste fartygen bogseras bort fr\u00e5n Vyborg vik. Finl\u00e4ndarna hade dock f\u00f6rorsakad betydande fartygs- och flygplanf\u00f6rluster f\u00f6r fienden.<\/p>\n<p><strong>\u00c5tg\u00e4rd mot Tyskland <\/strong><\/p>\n<p>Efter att vapenstillest\u00e5ndet mellan Finland och Sovjetunionen tr\u00e4dde i kraft den 4 september 1944 avslutades eskortverksamheten i Sk\u00e4rg\u00e5rdshavet. Ist\u00e4llet eskorterade finl\u00e4ndarna sovjetiska fartyg mellan Haapasaari och \u00d6stersj\u00f6n.<\/p>\n<p>\u00c5tg\u00e4rder mot Tyskland b\u00f6rjade den 15 september, n\u00e4r tyskarna f\u00f6rs\u00f6kte er\u00f6vra Suursaari.\u00a0 \u00d6ns kuststyrkor och fartygen fr\u00e5n den finska flottan besegrade landstigningsf\u00f6rs\u00f6ket, vilket orsakade betydande f\u00f6rluster f\u00f6r tyskarna. Tv\u00e5 veckor senare, den 1.10. under den dj\u00e4rva landstigningen i Tornio var flottan ansvarig f\u00f6r att transportera trupper fr\u00e5n Ule\u00e5borg till Tornio och att skydda transporterna.<\/p>\n<p><strong>Minr\u00f6jning <\/strong><\/p>\n<p>\u00c4ven efter kriget var den finska flottan tvungen att forts\u00e4tta storskaliga minr\u00f6jningsoperationer. Under kriget hade till exempel mer \u00e4n 60 000 havsminor och minr\u00f6jningsbarri\u00e4rer s\u00e4nkts i Finska viken. De flesta av dessa hade r\u00f6jts eller f\u00f6rst\u00f6rts p\u00e5 is, till exempel redan under kriget, men cirka 16 000 havsminor r\u00f6jdes fortfarande under freden. Cirka 200 finska fartyg och 2000 m\u00e4n deltog i verksamheterna, varav 1500 var v\u00e4rnpliktiga. Arbetet var farligt och 28 m\u00e4n dog i r\u00f6jningsuppdrag. R\u00f6jningen av havsomr\u00e5den avslutades officiellt 1950, men \u00e4ven efter det uppt\u00e4cktes\u00a0 drivminor som man varnade sj\u00f6m\u00e4n om i Rundradion.<\/p>\n<\/div><\/section>\n","protected":false},"excerpt":{"rendered":"","protected":false},"author":1,"featured_media":0,"parent":6539,"menu_order":6,"comment_status":"closed","ping_status":"closed","template":"","meta":{"footnotes":""},"class_list":["post-6564","page","type-page","status-publish","hentry"],"yoast_head":"<!-- This site is optimized with the Yoast SEO plugin v27.4 - https:\/\/yoast.com\/product\/yoast-seo-wordpress\/ -->\n<title>Sj\u00f6stridskrafterna - Veteraanien Perint\u00f6<\/title>\n<meta name=\"robots\" content=\"index, follow, max-snippet:-1, max-image-preview:large, max-video-preview:-1\" \/>\n<link rel=\"canonical\" href=\"https:\/\/veteraanienperinto.fi\/index.php\/sv\/infobank\/vapenslagens-verksamhet\/merivoimat-sve\/\" \/>\n<meta property=\"og:locale\" content=\"fi_FI\" \/>\n<meta property=\"og:type\" content=\"article\" \/>\n<meta property=\"og:title\" content=\"Sj\u00f6stridskrafterna - Veteraanien Perint\u00f6\" \/>\n<meta property=\"og:url\" content=\"https:\/\/veteraanienperinto.fi\/index.php\/sv\/infobank\/vapenslagens-verksamhet\/merivoimat-sve\/\" \/>\n<meta property=\"og:site_name\" content=\"Veteraanien Perint\u00f6\" \/>\n<meta property=\"article:modified_time\" content=\"2021-01-31T18:09:14+00:00\" \/>\n<meta name=\"twitter:card\" content=\"summary_large_image\" \/>\n<meta name=\"twitter:label1\" content=\"Arvioitu lukuaika\" \/>\n\t<meta name=\"twitter:data1\" content=\"11 minuuttia\" \/>\n<script type=\"application\/ld+json\" class=\"yoast-schema-graph\">{\"@context\":\"https:\\\/\\\/schema.org\",\"@graph\":[{\"@type\":\"WebPage\",\"@id\":\"https:\\\/\\\/veteraanienperinto.fi\\\/index.php\\\/sv\\\/infobank\\\/vapenslagens-verksamhet\\\/merivoimat-sve\\\/\",\"url\":\"https:\\\/\\\/veteraanienperinto.fi\\\/index.php\\\/sv\\\/infobank\\\/vapenslagens-verksamhet\\\/merivoimat-sve\\\/\",\"name\":\"Sj\u00f6stridskrafterna - Veteraanien Perint\u00f6\",\"isPartOf\":{\"@id\":\"https:\\\/\\\/veteraanienperinto.fi\\\/#website\"},\"datePublished\":\"2020-11-19T13:32:38+00:00\",\"dateModified\":\"2021-01-31T18:09:14+00:00\",\"breadcrumb\":{\"@id\":\"https:\\\/\\\/veteraanienperinto.fi\\\/index.php\\\/sv\\\/infobank\\\/vapenslagens-verksamhet\\\/merivoimat-sve\\\/#breadcrumb\"},\"inLanguage\":\"fi\",\"potentialAction\":[{\"@type\":\"ReadAction\",\"target\":[\"https:\\\/\\\/veteraanienperinto.fi\\\/index.php\\\/sv\\\/infobank\\\/vapenslagens-verksamhet\\\/merivoimat-sve\\\/\"]}]},{\"@type\":\"BreadcrumbList\",\"@id\":\"https:\\\/\\\/veteraanienperinto.fi\\\/index.php\\\/sv\\\/infobank\\\/vapenslagens-verksamhet\\\/merivoimat-sve\\\/#breadcrumb\",\"itemListElement\":[{\"@type\":\"ListItem\",\"position\":1,\"name\":\"Etusivu\",\"item\":\"https:\\\/\\\/veteraanienperinto.fi\\\/index.php\\\/etusivu-2\\\/\"},{\"@type\":\"ListItem\",\"position\":2,\"name\":\"Infobank\",\"item\":\"https:\\\/\\\/veteraanienperinto.fi\\\/index.php\\\/sv\\\/infobank\\\/\"},{\"@type\":\"ListItem\",\"position\":3,\"name\":\"Vapenslagens verksamhet\",\"item\":\"https:\\\/\\\/veteraanienperinto.fi\\\/index.php\\\/sv\\\/infobank\\\/vapenslagens-verksamhet\\\/\"},{\"@type\":\"ListItem\",\"position\":4,\"name\":\"Sj\u00f6stridskrafterna\"}]},{\"@type\":\"WebSite\",\"@id\":\"https:\\\/\\\/veteraanienperinto.fi\\\/#website\",\"url\":\"https:\\\/\\\/veteraanienperinto.fi\\\/\",\"name\":\"Veteraanien Perint\u00f6\",\"description\":\"Kadettikunta\",\"potentialAction\":[{\"@type\":\"SearchAction\",\"target\":{\"@type\":\"EntryPoint\",\"urlTemplate\":\"https:\\\/\\\/veteraanienperinto.fi\\\/?s={search_term_string}\"},\"query-input\":{\"@type\":\"PropertyValueSpecification\",\"valueRequired\":true,\"valueName\":\"search_term_string\"}}],\"inLanguage\":\"fi\"}]}<\/script>\n<!-- \/ Yoast SEO plugin. -->","yoast_head_json":{"title":"Sj\u00f6stridskrafterna - Veteraanien Perint\u00f6","robots":{"index":"index","follow":"follow","max-snippet":"max-snippet:-1","max-image-preview":"max-image-preview:large","max-video-preview":"max-video-preview:-1"},"canonical":"https:\/\/veteraanienperinto.fi\/index.php\/sv\/infobank\/vapenslagens-verksamhet\/merivoimat-sve\/","og_locale":"fi_FI","og_type":"article","og_title":"Sj\u00f6stridskrafterna - Veteraanien Perint\u00f6","og_url":"https:\/\/veteraanienperinto.fi\/index.php\/sv\/infobank\/vapenslagens-verksamhet\/merivoimat-sve\/","og_site_name":"Veteraanien Perint\u00f6","article_modified_time":"2021-01-31T18:09:14+00:00","twitter_card":"summary_large_image","twitter_misc":{"Arvioitu lukuaika":"11 minuuttia"},"schema":{"@context":"https:\/\/schema.org","@graph":[{"@type":"WebPage","@id":"https:\/\/veteraanienperinto.fi\/index.php\/sv\/infobank\/vapenslagens-verksamhet\/merivoimat-sve\/","url":"https:\/\/veteraanienperinto.fi\/index.php\/sv\/infobank\/vapenslagens-verksamhet\/merivoimat-sve\/","name":"Sj\u00f6stridskrafterna - Veteraanien Perint\u00f6","isPartOf":{"@id":"https:\/\/veteraanienperinto.fi\/#website"},"datePublished":"2020-11-19T13:32:38+00:00","dateModified":"2021-01-31T18:09:14+00:00","breadcrumb":{"@id":"https:\/\/veteraanienperinto.fi\/index.php\/sv\/infobank\/vapenslagens-verksamhet\/merivoimat-sve\/#breadcrumb"},"inLanguage":"fi","potentialAction":[{"@type":"ReadAction","target":["https:\/\/veteraanienperinto.fi\/index.php\/sv\/infobank\/vapenslagens-verksamhet\/merivoimat-sve\/"]}]},{"@type":"BreadcrumbList","@id":"https:\/\/veteraanienperinto.fi\/index.php\/sv\/infobank\/vapenslagens-verksamhet\/merivoimat-sve\/#breadcrumb","itemListElement":[{"@type":"ListItem","position":1,"name":"Etusivu","item":"https:\/\/veteraanienperinto.fi\/index.php\/etusivu-2\/"},{"@type":"ListItem","position":2,"name":"Infobank","item":"https:\/\/veteraanienperinto.fi\/index.php\/sv\/infobank\/"},{"@type":"ListItem","position":3,"name":"Vapenslagens verksamhet","item":"https:\/\/veteraanienperinto.fi\/index.php\/sv\/infobank\/vapenslagens-verksamhet\/"},{"@type":"ListItem","position":4,"name":"Sj\u00f6stridskrafterna"}]},{"@type":"WebSite","@id":"https:\/\/veteraanienperinto.fi\/#website","url":"https:\/\/veteraanienperinto.fi\/","name":"Veteraanien Perint\u00f6","description":"Kadettikunta","potentialAction":[{"@type":"SearchAction","target":{"@type":"EntryPoint","urlTemplate":"https:\/\/veteraanienperinto.fi\/?s={search_term_string}"},"query-input":{"@type":"PropertyValueSpecification","valueRequired":true,"valueName":"search_term_string"}}],"inLanguage":"fi"}]}},"_links":{"self":[{"href":"https:\/\/veteraanienperinto.fi\/index.php\/wp-json\/wp\/v2\/pages\/6564","targetHints":{"allow":["GET"]}}],"collection":[{"href":"https:\/\/veteraanienperinto.fi\/index.php\/wp-json\/wp\/v2\/pages"}],"about":[{"href":"https:\/\/veteraanienperinto.fi\/index.php\/wp-json\/wp\/v2\/types\/page"}],"author":[{"embeddable":true,"href":"https:\/\/veteraanienperinto.fi\/index.php\/wp-json\/wp\/v2\/users\/1"}],"replies":[{"embeddable":true,"href":"https:\/\/veteraanienperinto.fi\/index.php\/wp-json\/wp\/v2\/comments?post=6564"}],"version-history":[{"count":8,"href":"https:\/\/veteraanienperinto.fi\/index.php\/wp-json\/wp\/v2\/pages\/6564\/revisions"}],"predecessor-version":[{"id":10867,"href":"https:\/\/veteraanienperinto.fi\/index.php\/wp-json\/wp\/v2\/pages\/6564\/revisions\/10867"}],"up":[{"embeddable":true,"href":"https:\/\/veteraanienperinto.fi\/index.php\/wp-json\/wp\/v2\/pages\/6539"}],"wp:attachment":[{"href":"https:\/\/veteraanienperinto.fi\/index.php\/wp-json\/wp\/v2\/media?parent=6564"}],"curies":[{"name":"wp","href":"https:\/\/api.w.org\/{rel}","templated":true}]}}