{"id":6568,"date":"2020-11-19T13:42:26","date_gmt":"2020-11-19T13:42:26","guid":{"rendered":"https:\/\/veteraani.ylirotu.fi\/?page_id=6568"},"modified":"2021-01-19T15:00:37","modified_gmt":"2021-01-19T15:00:37","slug":"pionjarverksamhet","status":"publish","type":"page","link":"https:\/\/veteraanienperinto.fi\/index.php\/sv\/infobank\/vapenslagens-verksamhet\/pionjarverksamhet\/","title":{"rendered":"Pionj\u00e4rverksamhet"},"content":{"rendered":"<div id='full_slider_1'  class='avia-fullwidth-slider main_color avia-shadow   avia-builder-el-0  el_before_av_heading  avia-builder-el-first   container_wrap sidebar_right'  ><\/div><div id='after_full_slider_1'  class='main_color av_default_container_wrap container_wrap sidebar_right'  ><div class='container av-section-cont-open' ><div class='template-page content  av-content-small alpha units'><div class='post-entry post-entry-type-page post-entry-6568'><div class='entry-content-wrapper clearfix'>\n\n<style type=\"text\/css\" data-created_by=\"avia_inline_auto\" id=\"style-css-av-kk44jsp6-4fb8a100d3bb288156fa2c3423747023\">\n#top .av-special-heading.av-kk44jsp6-4fb8a100d3bb288156fa2c3423747023{\npadding-bottom:10px;\n}\nbody .av-special-heading.av-kk44jsp6-4fb8a100d3bb288156fa2c3423747023 .av-special-heading-tag .heading-char{\nfont-size:25px;\n}\n.av-special-heading.av-kk44jsp6-4fb8a100d3bb288156fa2c3423747023 .av-subheading{\nfont-size:15px;\n}\n<\/style>\n<div  class='av-special-heading av-kk44jsp6-4fb8a100d3bb288156fa2c3423747023 av-special-heading-h2  avia-builder-el-1  el_after_av_slideshow_full  el_before_av_textblock  avia-builder-el-first '><h2 class='av-special-heading-tag'  itemprop=\"headline\"  >Pionj\u00e4rverksamhet<\/h2><div class=\"special-heading-border\"><div class=\"special-heading-inner-border\"><\/div><\/div><\/div>\n<section  class='av_textblock_section av-7ob6m-d9c586b6c8a9f7f2de6960b2b26bc9e5 '   itemscope=\"itemscope\" itemtype=\"https:\/\/schema.org\/CreativeWork\" ><div class='avia_textblock'  itemprop=\"text\" ><p><strong>Vinterkriget<\/strong><\/p>\n<p><img loading=\"lazy\" decoding=\"async\" class=\"size-full wp-image-8372 alignright\" src=\"https:\/\/veteraanienperinto.fi\/wp-content\/uploads\/2020\/12\/pion2.jpg\" alt=\"\" width=\"320\" height=\"194\" srcset=\"https:\/\/veteraanienperinto.fi\/wp-content\/uploads\/2020\/12\/pion2.jpg 320w, https:\/\/veteraanienperinto.fi\/wp-content\/uploads\/2020\/12\/pion2-300x182.jpg 300w\" sizes=\"auto, (max-width: 320px) 100vw, 320px\" \/>Pionj\u00e4renheternas viktigaste uppgift i vinterkriget var att bygga pansar- och infanterimineringar f\u00f6r att avv\u00e4rja och uppeh\u00e5lla de anfallande sovjettrupperna. Det fanns dock endast en liten del av de minor som skulle ha svarat ens mot det absolut n\u00f6dv\u00e4ndigaste behovet.<\/p>\n<p>F\u00f6re vinterkriget hade man inte tillr\u00e4ckligt beaktat hur effektiv och billig metod som anv\u00e4ndningen av v\u00e4l planerade och bevakade mineringar skulle ha varit ocks\u00e5 mot en \u00f6verm\u00e4ktig angripare. P\u00e5 grund av bristen p\u00e5 minor tillverkade ocks\u00e5 trupperna sj\u00e4lva olika slag av f\u00f6rs\u00e5t och sj\u00e4lvgjorda minor. Vid byggandet av mineringarna kr\u00e4vde den tjocka sn\u00f6n specialarrangemang p\u00e5 m\u00e5nga st\u00e4llen. F\u00f6rutom minor saknade pionj\u00e4rtrupperna ocks\u00e5 en stor del annan beh\u00f6vlig utrustning. Endast vanliga verktyg fanns det i allm\u00e4nhet tillr\u00e4ckligt av.<\/p>\n<p>De plogningsavdelningar som h\u00f6rde till pionj\u00e4rtrupperna under vinterkriget var utsatta f\u00f6r ett h\u00e5rt tryck. V\u00e4greparations- och brobyggarkompanierna var ocks\u00e5 ut\u00f6ver sin huvuduppgift tvungna att bygga stenhinder. Bef\u00e4stningsarbeten h\u00f6rde till alla trupper men f\u00f6r de mest kr\u00e4vande arbetena anv\u00e4ndes byggnadsenheter.<\/p>\n<p><strong>Forts\u00e4ttningskriget<\/strong><\/p>\n<p>Under mellanfreden s\u00e5g man \u00f6ver organisationerna f\u00f6r pionj\u00e4rvapenslaget och antalet pionj\u00e4rer ut\u00f6kades fr\u00e5n vinterkrigets 11000 till 20000. Till de egentliga pionj\u00e4rtrupperna h\u00f6rde pionj\u00e4rbataljoner och -kolonner, bro- och plogningskompanier samt avdelta str\u00e5lkastargrupper. Senare ersattes str\u00e5lkastargrupperna och -plutonerna av j\u00e4garpionj\u00e4rtrupper som var utbildade f\u00f6r attackavdelningsverksamhet. Till dessas utrustning h\u00f6rde till exempel eldkastare. Pionj\u00e4rarbetstrupperna bestod av v\u00e4gunderh\u00e5lls-, v\u00e4gbyggnads- och brobyggnadskompanier. Genom att speciellt anskaffa pansarminor f\u00f6rs\u00f6kte man avskaffa materielbristerna som r\u00e5dde under vinterkriget. \u00c4nd\u00e5 kunde man fylla bara h\u00e4lften av minimibehovet av arbetsmaskiner som pionj\u00e4rerna beh\u00f6vde.<\/p>\n<p>P\u00e5 sommaren och h\u00f6sten 1941 i forts\u00e4ttningskrigets anfallsskede var pionj\u00e4rernas viktigaste uppgift till en b\u00f6rjan att r\u00f6ja mineringar och inbrytningsv\u00e4gar. Det var mycket m\u00e4rkligt att S\u00e4kkij\u00e4rven polka spelades i ett k\u00f6r i radion under flera dygn. Soldaterna f\u00f6rundrade sig \u00f6ver avsikten med detta. F\u00f6rst efter\u00e5t blev det klart f\u00f6r dem att man genom denna \u00e5tg\u00e4rd f\u00f6rhindrade utl\u00f6sningen av ryssarnas stora radiominor. Avsikten med dessa var att f\u00f6rst\u00f6ra viktiga objekt i Viborg som finl\u00e4ndarna hade \u00e5terer\u00f6vrat. F\u00f6rutom i r\u00f6jningen av minor deltog pionj\u00e4rerna i att f\u00f6rst\u00f6ra n\u00e4sten och korsuomr\u00e5den. I slutet av juli ordnade pionj\u00e4rerna till en b\u00f6rjan \u00f6verfarten \u00f6ver Vuoksen i de \u00f6stra delarna av Karelska n\u00e4set med storm- och gummib\u00e5tar samt ekor. Den tunga utrustningen transporterades med motorpontonf\u00e4rjor. Andra kr\u00e4vande \u00f6verskridningar av vattendrag skedde i augusti \u00f6ver Viborgska viken och i september p\u00e5 Ladogas nord\u00f6stra sida \u00f6ver den strida Svirfloden.<\/p>\n<p>D\u00e5 anfallet hade stoppats p\u00e5 den punkt som trupperna f\u00e5tt order om, fortsatte pionj\u00e4rerna r\u00f6jningen av mineringar bakom sina egna st\u00e4llningar och b\u00f6rjade bygga starka f\u00e4ltbroar av tr\u00e4 till en b\u00f6rjan i st\u00e4llet f\u00f6r pontonbroarna. \u00d6ver Svir byggde man till exempel sex broar av vilka den st\u00f6rsta var 507 meter l\u00e5ng.<\/p>\n<p>Under st\u00e4llningskriget bestod pionj\u00e4rverksamheten n\u00e4rmast av att bygga f\u00e4ltbef\u00e4stningar, byggnadsverksamhet bakom st\u00e4llningarna, f\u00e4ltindustri och mineringar. F\u00f6r trupperna i den fr\u00e4msta linjen tillverkade pionj\u00e4rerna stommar f\u00f6r korsur, plankor och br\u00e4der. De deltog ocks\u00e5 i byggandet av vapenbr\u00f6drahus f\u00f6r den evakuerade befolkningen som \u00e5terv\u00e4nt till Karelen. Mineringarna inskr\u00e4nkte sig till de yttersta delarna av f\u00f6rsvarsst\u00e4llningarna. P\u00e5 Karelska n\u00e4set satte man till exempel ut \u00f6ver 100000 infanteri- och pansarminor. Vintertid byggdes vidstr\u00e4ckta isminf\u00e4lt p\u00e5 Ladoga och Finska viken.<\/p>\n<p>Pansarmineringarna hade st\u00e4llvis stor betydelse i synnerhet under retr\u00e4tten p\u00e5 sommaren 1944. Ocks\u00e5 genom att spr\u00e4nga broar kunde man effektivt f\u00f6rdr\u00f6ja den anfallande fienden. Det var viktigt att spr\u00e4ngningarna utf\u00f6rdes vid r\u00e4tt tidpunkt, eftersom de egna trupperna som drog sig tillbaka m\u00e5ste hinna \u00f6ver broarna strax f\u00f6re fienden. Pionj\u00e4rerna deltog ocks\u00e5 i striderna som infanteri till exempel i storstriderna vid Tali-Ihantala och Vuosalmi.<\/p>\n<p><strong>Lapplandskriget<\/strong><\/p>\n<p>Ungef\u00e4r h\u00e4lften av landstridskrafternas pionj\u00e4rtrupper deltog fr\u00e5n och med h\u00f6sten 1944 i Lapplandskriget. Kriget kr\u00e4vde stora anstr\u00e4ngningar av pionj\u00e4rerna. Tyskarna hade grundligt minerat och avsp\u00e4rrat v\u00e4garna och sl\u00e4nterna. Broarna hade f\u00f6rst\u00f6rts. Pionj\u00e4rerna r\u00f6jde minor, reparerade f\u00f6rst\u00f6rda och av regnet uppbl\u00f6tta v\u00e4gar, transporterade trupper \u00f6ver vattendrag och byggde broar. Redan under krigets f\u00f6rsta m\u00e5nad r\u00f6jdes \u00f6ver 16 000 minor. Minr\u00f6jningen fortsatte \u00e4nnu flera \u00e5r efter kriget.<\/p>\n<\/div><\/section>\n","protected":false},"excerpt":{"rendered":"","protected":false},"author":1,"featured_media":0,"parent":6539,"menu_order":7,"comment_status":"closed","ping_status":"closed","template":"","meta":{"footnotes":""},"class_list":["post-6568","page","type-page","status-publish","hentry"],"yoast_head":"<!-- This site is optimized with the Yoast SEO plugin v27.4 - https:\/\/yoast.com\/product\/yoast-seo-wordpress\/ -->\n<title>Pionj\u00e4rverksamhet - Veteraanien Perint\u00f6<\/title>\n<meta name=\"robots\" content=\"index, follow, max-snippet:-1, max-image-preview:large, max-video-preview:-1\" \/>\n<link rel=\"canonical\" href=\"https:\/\/veteraanienperinto.fi\/index.php\/sv\/infobank\/vapenslagens-verksamhet\/pionjarverksamhet\/\" \/>\n<meta property=\"og:locale\" content=\"fi_FI\" \/>\n<meta property=\"og:type\" content=\"article\" \/>\n<meta property=\"og:title\" content=\"Pionj\u00e4rverksamhet - Veteraanien Perint\u00f6\" \/>\n<meta property=\"og:url\" content=\"https:\/\/veteraanienperinto.fi\/index.php\/sv\/infobank\/vapenslagens-verksamhet\/pionjarverksamhet\/\" \/>\n<meta property=\"og:site_name\" content=\"Veteraanien Perint\u00f6\" \/>\n<meta property=\"article:modified_time\" content=\"2021-01-19T15:00:37+00:00\" \/>\n<meta property=\"og:image\" content=\"https:\/\/veteraanienperinto.fi\/wp-content\/uploads\/2020\/12\/pion2.jpg\" \/>\n<meta name=\"twitter:card\" content=\"summary_large_image\" \/>\n<meta name=\"twitter:label1\" content=\"Arvioitu lukuaika\" \/>\n\t<meta name=\"twitter:data1\" content=\"5 minuuttia\" \/>\n<script type=\"application\/ld+json\" class=\"yoast-schema-graph\">{\"@context\":\"https:\\\/\\\/schema.org\",\"@graph\":[{\"@type\":\"WebPage\",\"@id\":\"https:\\\/\\\/veteraanienperinto.fi\\\/index.php\\\/sv\\\/infobank\\\/vapenslagens-verksamhet\\\/pionjarverksamhet\\\/\",\"url\":\"https:\\\/\\\/veteraanienperinto.fi\\\/index.php\\\/sv\\\/infobank\\\/vapenslagens-verksamhet\\\/pionjarverksamhet\\\/\",\"name\":\"Pionj\u00e4rverksamhet - Veteraanien Perint\u00f6\",\"isPartOf\":{\"@id\":\"https:\\\/\\\/veteraanienperinto.fi\\\/#website\"},\"primaryImageOfPage\":{\"@id\":\"https:\\\/\\\/veteraanienperinto.fi\\\/index.php\\\/sv\\\/infobank\\\/vapenslagens-verksamhet\\\/pionjarverksamhet\\\/#primaryimage\"},\"image\":{\"@id\":\"https:\\\/\\\/veteraanienperinto.fi\\\/index.php\\\/sv\\\/infobank\\\/vapenslagens-verksamhet\\\/pionjarverksamhet\\\/#primaryimage\"},\"thumbnailUrl\":\"https:\\\/\\\/veteraanienperinto.fi\\\/wp-content\\\/uploads\\\/2020\\\/12\\\/pion2.jpg\",\"datePublished\":\"2020-11-19T13:42:26+00:00\",\"dateModified\":\"2021-01-19T15:00:37+00:00\",\"breadcrumb\":{\"@id\":\"https:\\\/\\\/veteraanienperinto.fi\\\/index.php\\\/sv\\\/infobank\\\/vapenslagens-verksamhet\\\/pionjarverksamhet\\\/#breadcrumb\"},\"inLanguage\":\"fi\",\"potentialAction\":[{\"@type\":\"ReadAction\",\"target\":[\"https:\\\/\\\/veteraanienperinto.fi\\\/index.php\\\/sv\\\/infobank\\\/vapenslagens-verksamhet\\\/pionjarverksamhet\\\/\"]}]},{\"@type\":\"ImageObject\",\"inLanguage\":\"fi\",\"@id\":\"https:\\\/\\\/veteraanienperinto.fi\\\/index.php\\\/sv\\\/infobank\\\/vapenslagens-verksamhet\\\/pionjarverksamhet\\\/#primaryimage\",\"url\":\"https:\\\/\\\/veteraanienperinto.fi\\\/wp-content\\\/uploads\\\/2020\\\/12\\\/pion2.jpg\",\"contentUrl\":\"https:\\\/\\\/veteraanienperinto.fi\\\/wp-content\\\/uploads\\\/2020\\\/12\\\/pion2.jpg\",\"width\":320,\"height\":194},{\"@type\":\"BreadcrumbList\",\"@id\":\"https:\\\/\\\/veteraanienperinto.fi\\\/index.php\\\/sv\\\/infobank\\\/vapenslagens-verksamhet\\\/pionjarverksamhet\\\/#breadcrumb\",\"itemListElement\":[{\"@type\":\"ListItem\",\"position\":1,\"name\":\"Etusivu\",\"item\":\"https:\\\/\\\/veteraanienperinto.fi\\\/index.php\\\/etusivu-2\\\/\"},{\"@type\":\"ListItem\",\"position\":2,\"name\":\"Infobank\",\"item\":\"https:\\\/\\\/veteraanienperinto.fi\\\/index.php\\\/sv\\\/infobank\\\/\"},{\"@type\":\"ListItem\",\"position\":3,\"name\":\"Vapenslagens verksamhet\",\"item\":\"https:\\\/\\\/veteraanienperinto.fi\\\/index.php\\\/sv\\\/infobank\\\/vapenslagens-verksamhet\\\/\"},{\"@type\":\"ListItem\",\"position\":4,\"name\":\"Pionj\u00e4rverksamhet\"}]},{\"@type\":\"WebSite\",\"@id\":\"https:\\\/\\\/veteraanienperinto.fi\\\/#website\",\"url\":\"https:\\\/\\\/veteraanienperinto.fi\\\/\",\"name\":\"Veteraanien Perint\u00f6\",\"description\":\"Kadettikunta\",\"potentialAction\":[{\"@type\":\"SearchAction\",\"target\":{\"@type\":\"EntryPoint\",\"urlTemplate\":\"https:\\\/\\\/veteraanienperinto.fi\\\/?s={search_term_string}\"},\"query-input\":{\"@type\":\"PropertyValueSpecification\",\"valueRequired\":true,\"valueName\":\"search_term_string\"}}],\"inLanguage\":\"fi\"}]}<\/script>\n<!-- \/ Yoast SEO plugin. -->","yoast_head_json":{"title":"Pionj\u00e4rverksamhet - Veteraanien Perint\u00f6","robots":{"index":"index","follow":"follow","max-snippet":"max-snippet:-1","max-image-preview":"max-image-preview:large","max-video-preview":"max-video-preview:-1"},"canonical":"https:\/\/veteraanienperinto.fi\/index.php\/sv\/infobank\/vapenslagens-verksamhet\/pionjarverksamhet\/","og_locale":"fi_FI","og_type":"article","og_title":"Pionj\u00e4rverksamhet - Veteraanien Perint\u00f6","og_url":"https:\/\/veteraanienperinto.fi\/index.php\/sv\/infobank\/vapenslagens-verksamhet\/pionjarverksamhet\/","og_site_name":"Veteraanien Perint\u00f6","article_modified_time":"2021-01-19T15:00:37+00:00","og_image":[{"url":"https:\/\/veteraanienperinto.fi\/wp-content\/uploads\/2020\/12\/pion2.jpg","type":"","width":"","height":""}],"twitter_card":"summary_large_image","twitter_misc":{"Arvioitu lukuaika":"5 minuuttia"},"schema":{"@context":"https:\/\/schema.org","@graph":[{"@type":"WebPage","@id":"https:\/\/veteraanienperinto.fi\/index.php\/sv\/infobank\/vapenslagens-verksamhet\/pionjarverksamhet\/","url":"https:\/\/veteraanienperinto.fi\/index.php\/sv\/infobank\/vapenslagens-verksamhet\/pionjarverksamhet\/","name":"Pionj\u00e4rverksamhet - Veteraanien Perint\u00f6","isPartOf":{"@id":"https:\/\/veteraanienperinto.fi\/#website"},"primaryImageOfPage":{"@id":"https:\/\/veteraanienperinto.fi\/index.php\/sv\/infobank\/vapenslagens-verksamhet\/pionjarverksamhet\/#primaryimage"},"image":{"@id":"https:\/\/veteraanienperinto.fi\/index.php\/sv\/infobank\/vapenslagens-verksamhet\/pionjarverksamhet\/#primaryimage"},"thumbnailUrl":"https:\/\/veteraanienperinto.fi\/wp-content\/uploads\/2020\/12\/pion2.jpg","datePublished":"2020-11-19T13:42:26+00:00","dateModified":"2021-01-19T15:00:37+00:00","breadcrumb":{"@id":"https:\/\/veteraanienperinto.fi\/index.php\/sv\/infobank\/vapenslagens-verksamhet\/pionjarverksamhet\/#breadcrumb"},"inLanguage":"fi","potentialAction":[{"@type":"ReadAction","target":["https:\/\/veteraanienperinto.fi\/index.php\/sv\/infobank\/vapenslagens-verksamhet\/pionjarverksamhet\/"]}]},{"@type":"ImageObject","inLanguage":"fi","@id":"https:\/\/veteraanienperinto.fi\/index.php\/sv\/infobank\/vapenslagens-verksamhet\/pionjarverksamhet\/#primaryimage","url":"https:\/\/veteraanienperinto.fi\/wp-content\/uploads\/2020\/12\/pion2.jpg","contentUrl":"https:\/\/veteraanienperinto.fi\/wp-content\/uploads\/2020\/12\/pion2.jpg","width":320,"height":194},{"@type":"BreadcrumbList","@id":"https:\/\/veteraanienperinto.fi\/index.php\/sv\/infobank\/vapenslagens-verksamhet\/pionjarverksamhet\/#breadcrumb","itemListElement":[{"@type":"ListItem","position":1,"name":"Etusivu","item":"https:\/\/veteraanienperinto.fi\/index.php\/etusivu-2\/"},{"@type":"ListItem","position":2,"name":"Infobank","item":"https:\/\/veteraanienperinto.fi\/index.php\/sv\/infobank\/"},{"@type":"ListItem","position":3,"name":"Vapenslagens verksamhet","item":"https:\/\/veteraanienperinto.fi\/index.php\/sv\/infobank\/vapenslagens-verksamhet\/"},{"@type":"ListItem","position":4,"name":"Pionj\u00e4rverksamhet"}]},{"@type":"WebSite","@id":"https:\/\/veteraanienperinto.fi\/#website","url":"https:\/\/veteraanienperinto.fi\/","name":"Veteraanien Perint\u00f6","description":"Kadettikunta","potentialAction":[{"@type":"SearchAction","target":{"@type":"EntryPoint","urlTemplate":"https:\/\/veteraanienperinto.fi\/?s={search_term_string}"},"query-input":{"@type":"PropertyValueSpecification","valueRequired":true,"valueName":"search_term_string"}}],"inLanguage":"fi"}]}},"_links":{"self":[{"href":"https:\/\/veteraanienperinto.fi\/index.php\/wp-json\/wp\/v2\/pages\/6568","targetHints":{"allow":["GET"]}}],"collection":[{"href":"https:\/\/veteraanienperinto.fi\/index.php\/wp-json\/wp\/v2\/pages"}],"about":[{"href":"https:\/\/veteraanienperinto.fi\/index.php\/wp-json\/wp\/v2\/types\/page"}],"author":[{"embeddable":true,"href":"https:\/\/veteraanienperinto.fi\/index.php\/wp-json\/wp\/v2\/users\/1"}],"replies":[{"embeddable":true,"href":"https:\/\/veteraanienperinto.fi\/index.php\/wp-json\/wp\/v2\/comments?post=6568"}],"version-history":[{"count":4,"href":"https:\/\/veteraanienperinto.fi\/index.php\/wp-json\/wp\/v2\/pages\/6568\/revisions"}],"predecessor-version":[{"id":10206,"href":"https:\/\/veteraanienperinto.fi\/index.php\/wp-json\/wp\/v2\/pages\/6568\/revisions\/10206"}],"up":[{"embeddable":true,"href":"https:\/\/veteraanienperinto.fi\/index.php\/wp-json\/wp\/v2\/pages\/6539"}],"wp:attachment":[{"href":"https:\/\/veteraanienperinto.fi\/index.php\/wp-json\/wp\/v2\/media?parent=6568"}],"curies":[{"name":"wp","href":"https:\/\/api.w.org\/{rel}","templated":true}]}}