{"id":6572,"date":"2020-11-19T13:44:07","date_gmt":"2020-11-19T13:44:07","guid":{"rendered":"https:\/\/veteraani.ylirotu.fi\/?page_id=6572"},"modified":"2021-01-19T15:02:40","modified_gmt":"2021-01-19T15:02:40","slug":"signalverksamhet","status":"publish","type":"page","link":"https:\/\/veteraanienperinto.fi\/index.php\/sv\/infobank\/vapenslagens-verksamhet\/signalverksamhet\/","title":{"rendered":"Signalverksamhet"},"content":{"rendered":"<div id='full_slider_1'  class='avia-fullwidth-slider main_color avia-shadow   avia-builder-el-0  el_before_av_heading  avia-builder-el-first   container_wrap sidebar_right'  ><\/div><div id='after_full_slider_1'  class='main_color av_default_container_wrap container_wrap sidebar_right'  ><div class='container av-section-cont-open' ><div class='template-page content  av-content-small alpha units'><div class='post-entry post-entry-type-page post-entry-6572'><div class='entry-content-wrapper clearfix'>\n\n<style type=\"text\/css\" data-created_by=\"avia_inline_auto\" id=\"style-css-av-kk44mfvs-29c4b648ecb85c5d75fc55b8347738e3\">\n#top .av-special-heading.av-kk44mfvs-29c4b648ecb85c5d75fc55b8347738e3{\npadding-bottom:10px;\n}\nbody .av-special-heading.av-kk44mfvs-29c4b648ecb85c5d75fc55b8347738e3 .av-special-heading-tag .heading-char{\nfont-size:25px;\n}\n.av-special-heading.av-kk44mfvs-29c4b648ecb85c5d75fc55b8347738e3 .av-subheading{\nfont-size:15px;\n}\n<\/style>\n<div  class='av-special-heading av-kk44mfvs-29c4b648ecb85c5d75fc55b8347738e3 av-special-heading-h2  avia-builder-el-1  el_after_av_slideshow_full  el_before_av_textblock  avia-builder-el-first '><h2 class='av-special-heading-tag'  itemprop=\"headline\"  >Signalverksamhet<\/h2><div class=\"special-heading-border\"><div class=\"special-heading-inner-border\"><\/div><\/div><\/div>\n<section  class='av_textblock_section av-5j0yv-32ffeda666feb1b866033e60570f395d '   itemscope=\"itemscope\" itemtype=\"https:\/\/schema.org\/CreativeWork\" ><div class='avia_textblock'  itemprop=\"text\" ><h3>Signalverksamhet<\/h3>\n<\/div><\/section>\n<section  class='av_textblock_section av-6rtfl-299e9622f6e6c08671731b91f1446813 '   itemscope=\"itemscope\" itemtype=\"https:\/\/schema.org\/CreativeWork\" ><div class='avia_textblock'  itemprop=\"text\" ><p><strong>Vinterkriget<\/strong><\/p>\n<p><img loading=\"lazy\" decoding=\"async\" class=\"size-full wp-image-8375 alignright\" src=\"https:\/\/veteraanienperinto.fi\/wp-content\/uploads\/2020\/12\/viesti5.jpg\" alt=\"\" width=\"400\" height=\"282\" srcset=\"https:\/\/veteraanienperinto.fi\/wp-content\/uploads\/2020\/12\/viesti5.jpg 400w, https:\/\/veteraanienperinto.fi\/wp-content\/uploads\/2020\/12\/viesti5-300x212.jpg 300w\" sizes=\"auto, (max-width: 400px) 100vw, 400px\" \/>D\u00e5 vinterkriget br\u00f6t ut hade de finl\u00e4ndska signaltrupperna stora brister i utrustningen. \u00c4nnu i sista stund f\u00f6re kriget f\u00f6rs\u00f6kte man skaffa mera signalutrustning, var helst s\u00e5dan fanns. Man fick mycket sm\u00e5 m\u00e4ngder utrustning d\u00e5mera och anskaffningarna \u00f6kade brokigheten i utrustningen.<\/p>\n<p>S\u00e4rskilt f\u00e4ltradioapparater hade man alldeles f\u00f6r litet av. Antalet var bara 239, vilket var 30 % under minimibehovet. Dessutom var huvuddelen av radioapparaterna f\u00f6r\u00e5ldrade och os\u00e4kra vid anv\u00e4ndning. De flesta radiotyper fungerade bara f\u00f6r telegrafering. Talradior fanns bara 50. F\u00e4ltkabel f\u00f6r ledningsbyggande i terr\u00e4ngen fanns 80-90 % av behovet, men av de beh\u00f6vliga f\u00e4ltradiorna fattades h\u00e4lften. Gammal telegrafutrustning fanns tillr\u00e4ckligt, vilket gjorde det m\u00f6jligt att uppr\u00e4tth\u00e5lla signalf\u00f6rbindelserna f\u00f6r de h\u00f6gre ledningsorganen. I n\u00e5gon m\u00e5n anv\u00e4nde man ocks\u00e5 optiska signalmedel, s\u00e5som blinkande lampor. Anv\u00e4ndningen av signalhundar slutade man snart med.<\/p>\n<p>Under vinterkriget anv\u00e4ndes radiof\u00f6rbindelser f\u00f6rh\u00e5llandevis litet p\u00e5 grund av deras d\u00e5liga st\u00f6rningst\u00e5lighet och bristen p\u00e5 utrustning. D\u00e4remot f\u00f6rs\u00f6kte man bygga och uppr\u00e4tth\u00e5lla f\u00e4lttelefonf\u00f6rbindelserna. Kablarna brast likv\u00e4l p\u00e5 m\u00e5nga st\u00e4llen i fiendens kanoneld. Felpatrullerna var ofta tvungna att reparera skadorna under fiendens eld. F\u00f6r att s\u00e4kra f\u00f6rbindelserna gjorde man kabeln\u00e4t till exempel genom att dra j\u00e4rn- eller koppartr\u00e5dar direkt p\u00e5 sn\u00f6n. Bristerna i signalf\u00f6rbindelserna ersattes med stridsstafetter. Detta var \u00e4nd\u00e5 ofta alltf\u00f6r l\u00e5ngsamt och os\u00e4kert, eftersom m\u00e5nga stridsstafetters v\u00e4g avbr\u00f6ts av fiendens eld.<\/p>\n<p><strong>Forts\u00e4ttningskriget<\/strong><\/p>\n<p>Under mellanfreden f\u00f6rdubblades m\u00e4ngden signaltrupper p\u00e5 basis av erfarenheterna fr\u00e5n vinterkriget. Samtidigt inleddes omfattande anskaffningar av signalmateriel. Utrustningen var mycket brokig. Till exempel f\u00e4lttelefonerna var av 37 olika modeller. Av f\u00e4ltradiorna fattades fortfarande h\u00e4lften och av telefonerna en fj\u00e4rdedel. Redan f\u00f6re forts\u00e4ttningskrigets utbrott fick man signalcentralen Lokki f\u00e4rdig i h\u00f6gkvarteret i S:t Michel. Den hade stor betydelse vid uppr\u00e4tth\u00e5llandet av de viktigaste f\u00f6rbindelserna.<\/p>\n<p>I forts\u00e4ttningskrigets anfallsskede f\u00f6rsv\u00e5rades signalf\u00f6rbindelserna speciellt p\u00e5 grund av bristen p\u00e5 l\u00e4mplig utrustning f\u00f6r det r\u00f6rliga kriget. Dylik utrustning var mobila signalstationer, radiobilar, f\u00e4ltfj\u00e4rrkabel och radiotelefoner. Det snabba framskridandet i anfallet och de allt l\u00e4ngre avst\u00e5nden f\u00f6rsv\u00e5rade uppr\u00e4tth\u00e5llandet av f\u00f6rbindelserna.<\/p>\n<p>Under st\u00e4llningskriget skaffade man mera utrustning. I hemlandet tillverkades till exempel radioapparater. Produktionen av de f\u00f6rsta UKV-radioapparaterna inleddes. Fj\u00e4rrpatrullerna utrustades med inhemska Kyynel-telegraferingsradior som f\u00e5tt gott rykte. Telefonn\u00e4tet kompletterades enligt vad utrustningen medgav. Man f\u00e4ste stor uppm\u00e4rksamhet p\u00e5 krypteringen av signaltrafiken och bevakningen. Under lugnare tider till\u00e4ts dock till och med privata samtal fr\u00e5n korsurna. F\u00f6r att avlyssna fiendens samtal byggde man avlyssningssystem p\u00e5 m\u00e5nga st\u00e4llen i fr\u00e4msta linjen eller p\u00e5 fiendens sida. Likas\u00e5 f\u00f6ljde man med fiendens radiotrafik. De erh\u00e5llna spaningsresultaten var ofta av stor betydelse.<\/p>\n<p>I slutet av st\u00e4llningskriget fanns redan 13 600 som h\u00f6rde till signalpersonalen bland fronttrupperna och p\u00e5 hemmafronten. Andelen lottor bland signalpersonalen var mycket stor. Ca 16 % av lottorna var utbildade f\u00f6r olika uppgifter inom signalverksamheten.<\/p>\n<p>Under retr\u00e4tten p\u00e5 sommaren 1944 f\u00f6rst\u00f6rdes telefonn\u00e4tet p\u00e5 tyngdpunktsomr\u00e5det av fiendens massiva f\u00f6rberedande eld. Dessutom hann man inte rulla upp all hel kabel. Fast\u00e4n man f\u00f6rlorade betydande m\u00e4ngder signalutrustning, kunde f\u00f6rbindelserna h\u00e5llas tillr\u00e4ckligt i skick. D\u00e5 l\u00e4get stabiliserades i juli-augusti var f\u00f6rbindelserna \u00e5ter i ordning.<\/p>\n<p><strong>Lapplandskriget<\/strong><\/p>\n<p>Under Lapplandskriget inverkade i synnerhet de l\u00e5nga avst\u00e5nden i Lappland p\u00e5 signalf\u00f6rbindelserna. Radion visade sig vara fullst\u00e4ndigt oers\u00e4ttlig. St\u00f6rningar av v\u00e4dret och tidvis ocks\u00e5 av norrsken medf\u00f6rde ol\u00e4genheter f\u00f6r radiof\u00f6rbindelserna. Vid Torne \u00e4lv underl\u00e4ttades signalverksamheten av att Sverige gav lov att anv\u00e4nda det fasta telefonn\u00e4tet p\u00e5 sitt omr\u00e5de. Trots m\u00e5nga sv\u00e5righeter kunde signalvapenslaget ocks\u00e5 i Lapplandskriget klara av de kr\u00e4vande uppgifter som blivit f\u00f6relagda.<\/p>\n<\/div><\/section>\n","protected":false},"excerpt":{"rendered":"","protected":false},"author":1,"featured_media":0,"parent":6539,"menu_order":8,"comment_status":"closed","ping_status":"closed","template":"","meta":{"footnotes":""},"class_list":["post-6572","page","type-page","status-publish","hentry"],"yoast_head":"<!-- This site is optimized with the Yoast SEO plugin v27.4 - https:\/\/yoast.com\/product\/yoast-seo-wordpress\/ -->\n<title>Signalverksamhet - Veteraanien Perint\u00f6<\/title>\n<meta name=\"robots\" content=\"index, follow, max-snippet:-1, max-image-preview:large, max-video-preview:-1\" \/>\n<link rel=\"canonical\" href=\"https:\/\/veteraanienperinto.fi\/index.php\/sv\/infobank\/vapenslagens-verksamhet\/signalverksamhet\/\" \/>\n<meta property=\"og:locale\" content=\"fi_FI\" \/>\n<meta property=\"og:type\" content=\"article\" \/>\n<meta property=\"og:title\" content=\"Signalverksamhet - Veteraanien Perint\u00f6\" \/>\n<meta property=\"og:url\" content=\"https:\/\/veteraanienperinto.fi\/index.php\/sv\/infobank\/vapenslagens-verksamhet\/signalverksamhet\/\" \/>\n<meta property=\"og:site_name\" content=\"Veteraanien Perint\u00f6\" \/>\n<meta property=\"article:modified_time\" content=\"2021-01-19T15:02:40+00:00\" \/>\n<meta property=\"og:image\" content=\"https:\/\/veteraanienperinto.fi\/wp-content\/uploads\/2020\/12\/viesti5.jpg\" \/>\n<meta name=\"twitter:card\" content=\"summary_large_image\" \/>\n<meta name=\"twitter:label1\" content=\"Arvioitu lukuaika\" \/>\n\t<meta name=\"twitter:data1\" content=\"4 minuuttia\" \/>\n<script type=\"application\/ld+json\" class=\"yoast-schema-graph\">{\"@context\":\"https:\\\/\\\/schema.org\",\"@graph\":[{\"@type\":\"WebPage\",\"@id\":\"https:\\\/\\\/veteraanienperinto.fi\\\/index.php\\\/sv\\\/infobank\\\/vapenslagens-verksamhet\\\/signalverksamhet\\\/\",\"url\":\"https:\\\/\\\/veteraanienperinto.fi\\\/index.php\\\/sv\\\/infobank\\\/vapenslagens-verksamhet\\\/signalverksamhet\\\/\",\"name\":\"Signalverksamhet - Veteraanien Perint\u00f6\",\"isPartOf\":{\"@id\":\"https:\\\/\\\/veteraanienperinto.fi\\\/#website\"},\"primaryImageOfPage\":{\"@id\":\"https:\\\/\\\/veteraanienperinto.fi\\\/index.php\\\/sv\\\/infobank\\\/vapenslagens-verksamhet\\\/signalverksamhet\\\/#primaryimage\"},\"image\":{\"@id\":\"https:\\\/\\\/veteraanienperinto.fi\\\/index.php\\\/sv\\\/infobank\\\/vapenslagens-verksamhet\\\/signalverksamhet\\\/#primaryimage\"},\"thumbnailUrl\":\"https:\\\/\\\/veteraanienperinto.fi\\\/wp-content\\\/uploads\\\/2020\\\/12\\\/viesti5.jpg\",\"datePublished\":\"2020-11-19T13:44:07+00:00\",\"dateModified\":\"2021-01-19T15:02:40+00:00\",\"breadcrumb\":{\"@id\":\"https:\\\/\\\/veteraanienperinto.fi\\\/index.php\\\/sv\\\/infobank\\\/vapenslagens-verksamhet\\\/signalverksamhet\\\/#breadcrumb\"},\"inLanguage\":\"fi\",\"potentialAction\":[{\"@type\":\"ReadAction\",\"target\":[\"https:\\\/\\\/veteraanienperinto.fi\\\/index.php\\\/sv\\\/infobank\\\/vapenslagens-verksamhet\\\/signalverksamhet\\\/\"]}]},{\"@type\":\"ImageObject\",\"inLanguage\":\"fi\",\"@id\":\"https:\\\/\\\/veteraanienperinto.fi\\\/index.php\\\/sv\\\/infobank\\\/vapenslagens-verksamhet\\\/signalverksamhet\\\/#primaryimage\",\"url\":\"https:\\\/\\\/veteraanienperinto.fi\\\/wp-content\\\/uploads\\\/2020\\\/12\\\/viesti5.jpg\",\"contentUrl\":\"https:\\\/\\\/veteraanienperinto.fi\\\/wp-content\\\/uploads\\\/2020\\\/12\\\/viesti5.jpg\",\"width\":400,\"height\":282},{\"@type\":\"BreadcrumbList\",\"@id\":\"https:\\\/\\\/veteraanienperinto.fi\\\/index.php\\\/sv\\\/infobank\\\/vapenslagens-verksamhet\\\/signalverksamhet\\\/#breadcrumb\",\"itemListElement\":[{\"@type\":\"ListItem\",\"position\":1,\"name\":\"Etusivu\",\"item\":\"https:\\\/\\\/veteraanienperinto.fi\\\/index.php\\\/etusivu-2\\\/\"},{\"@type\":\"ListItem\",\"position\":2,\"name\":\"Infobank\",\"item\":\"https:\\\/\\\/veteraanienperinto.fi\\\/index.php\\\/sv\\\/infobank\\\/\"},{\"@type\":\"ListItem\",\"position\":3,\"name\":\"Vapenslagens verksamhet\",\"item\":\"https:\\\/\\\/veteraanienperinto.fi\\\/index.php\\\/sv\\\/infobank\\\/vapenslagens-verksamhet\\\/\"},{\"@type\":\"ListItem\",\"position\":4,\"name\":\"Signalverksamhet\"}]},{\"@type\":\"WebSite\",\"@id\":\"https:\\\/\\\/veteraanienperinto.fi\\\/#website\",\"url\":\"https:\\\/\\\/veteraanienperinto.fi\\\/\",\"name\":\"Veteraanien Perint\u00f6\",\"description\":\"Kadettikunta\",\"potentialAction\":[{\"@type\":\"SearchAction\",\"target\":{\"@type\":\"EntryPoint\",\"urlTemplate\":\"https:\\\/\\\/veteraanienperinto.fi\\\/?s={search_term_string}\"},\"query-input\":{\"@type\":\"PropertyValueSpecification\",\"valueRequired\":true,\"valueName\":\"search_term_string\"}}],\"inLanguage\":\"fi\"}]}<\/script>\n<!-- \/ Yoast SEO plugin. -->","yoast_head_json":{"title":"Signalverksamhet - Veteraanien Perint\u00f6","robots":{"index":"index","follow":"follow","max-snippet":"max-snippet:-1","max-image-preview":"max-image-preview:large","max-video-preview":"max-video-preview:-1"},"canonical":"https:\/\/veteraanienperinto.fi\/index.php\/sv\/infobank\/vapenslagens-verksamhet\/signalverksamhet\/","og_locale":"fi_FI","og_type":"article","og_title":"Signalverksamhet - Veteraanien Perint\u00f6","og_url":"https:\/\/veteraanienperinto.fi\/index.php\/sv\/infobank\/vapenslagens-verksamhet\/signalverksamhet\/","og_site_name":"Veteraanien Perint\u00f6","article_modified_time":"2021-01-19T15:02:40+00:00","og_image":[{"url":"https:\/\/veteraanienperinto.fi\/wp-content\/uploads\/2020\/12\/viesti5.jpg","type":"","width":"","height":""}],"twitter_card":"summary_large_image","twitter_misc":{"Arvioitu lukuaika":"4 minuuttia"},"schema":{"@context":"https:\/\/schema.org","@graph":[{"@type":"WebPage","@id":"https:\/\/veteraanienperinto.fi\/index.php\/sv\/infobank\/vapenslagens-verksamhet\/signalverksamhet\/","url":"https:\/\/veteraanienperinto.fi\/index.php\/sv\/infobank\/vapenslagens-verksamhet\/signalverksamhet\/","name":"Signalverksamhet - Veteraanien Perint\u00f6","isPartOf":{"@id":"https:\/\/veteraanienperinto.fi\/#website"},"primaryImageOfPage":{"@id":"https:\/\/veteraanienperinto.fi\/index.php\/sv\/infobank\/vapenslagens-verksamhet\/signalverksamhet\/#primaryimage"},"image":{"@id":"https:\/\/veteraanienperinto.fi\/index.php\/sv\/infobank\/vapenslagens-verksamhet\/signalverksamhet\/#primaryimage"},"thumbnailUrl":"https:\/\/veteraanienperinto.fi\/wp-content\/uploads\/2020\/12\/viesti5.jpg","datePublished":"2020-11-19T13:44:07+00:00","dateModified":"2021-01-19T15:02:40+00:00","breadcrumb":{"@id":"https:\/\/veteraanienperinto.fi\/index.php\/sv\/infobank\/vapenslagens-verksamhet\/signalverksamhet\/#breadcrumb"},"inLanguage":"fi","potentialAction":[{"@type":"ReadAction","target":["https:\/\/veteraanienperinto.fi\/index.php\/sv\/infobank\/vapenslagens-verksamhet\/signalverksamhet\/"]}]},{"@type":"ImageObject","inLanguage":"fi","@id":"https:\/\/veteraanienperinto.fi\/index.php\/sv\/infobank\/vapenslagens-verksamhet\/signalverksamhet\/#primaryimage","url":"https:\/\/veteraanienperinto.fi\/wp-content\/uploads\/2020\/12\/viesti5.jpg","contentUrl":"https:\/\/veteraanienperinto.fi\/wp-content\/uploads\/2020\/12\/viesti5.jpg","width":400,"height":282},{"@type":"BreadcrumbList","@id":"https:\/\/veteraanienperinto.fi\/index.php\/sv\/infobank\/vapenslagens-verksamhet\/signalverksamhet\/#breadcrumb","itemListElement":[{"@type":"ListItem","position":1,"name":"Etusivu","item":"https:\/\/veteraanienperinto.fi\/index.php\/etusivu-2\/"},{"@type":"ListItem","position":2,"name":"Infobank","item":"https:\/\/veteraanienperinto.fi\/index.php\/sv\/infobank\/"},{"@type":"ListItem","position":3,"name":"Vapenslagens verksamhet","item":"https:\/\/veteraanienperinto.fi\/index.php\/sv\/infobank\/vapenslagens-verksamhet\/"},{"@type":"ListItem","position":4,"name":"Signalverksamhet"}]},{"@type":"WebSite","@id":"https:\/\/veteraanienperinto.fi\/#website","url":"https:\/\/veteraanienperinto.fi\/","name":"Veteraanien Perint\u00f6","description":"Kadettikunta","potentialAction":[{"@type":"SearchAction","target":{"@type":"EntryPoint","urlTemplate":"https:\/\/veteraanienperinto.fi\/?s={search_term_string}"},"query-input":{"@type":"PropertyValueSpecification","valueRequired":true,"valueName":"search_term_string"}}],"inLanguage":"fi"}]}},"_links":{"self":[{"href":"https:\/\/veteraanienperinto.fi\/index.php\/wp-json\/wp\/v2\/pages\/6572","targetHints":{"allow":["GET"]}}],"collection":[{"href":"https:\/\/veteraanienperinto.fi\/index.php\/wp-json\/wp\/v2\/pages"}],"about":[{"href":"https:\/\/veteraanienperinto.fi\/index.php\/wp-json\/wp\/v2\/types\/page"}],"author":[{"embeddable":true,"href":"https:\/\/veteraanienperinto.fi\/index.php\/wp-json\/wp\/v2\/users\/1"}],"replies":[{"embeddable":true,"href":"https:\/\/veteraanienperinto.fi\/index.php\/wp-json\/wp\/v2\/comments?post=6572"}],"version-history":[{"count":4,"href":"https:\/\/veteraanienperinto.fi\/index.php\/wp-json\/wp\/v2\/pages\/6572\/revisions"}],"predecessor-version":[{"id":10208,"href":"https:\/\/veteraanienperinto.fi\/index.php\/wp-json\/wp\/v2\/pages\/6572\/revisions\/10208"}],"up":[{"embeddable":true,"href":"https:\/\/veteraanienperinto.fi\/index.php\/wp-json\/wp\/v2\/pages\/6539"}],"wp:attachment":[{"href":"https:\/\/veteraanienperinto.fi\/index.php\/wp-json\/wp\/v2\/media?parent=6572"}],"curies":[{"name":"wp","href":"https:\/\/api.w.org\/{rel}","templated":true}]}}