{"id":6576,"date":"2020-11-19T13:46:48","date_gmt":"2020-11-19T13:46:48","guid":{"rendered":"https:\/\/veteraani.ylirotu.fi\/?page_id=6576"},"modified":"2021-01-19T15:04:16","modified_gmt":"2021-01-19T15:04:16","slug":"upplysnings-och-informationsverksamhet-och-propaganda","status":"publish","type":"page","link":"https:\/\/veteraanienperinto.fi\/index.php\/sv\/infobank\/vapenslagens-verksamhet\/upplysnings-och-informationsverksamhet-och-propaganda\/","title":{"rendered":"Upplysnings- och informationsverksamhet och propaganda"},"content":{"rendered":"<div id='full_slider_1'  class='avia-fullwidth-slider main_color avia-shadow   avia-builder-el-0  el_before_av_heading  avia-builder-el-first   container_wrap sidebar_right'  ><\/div><div id='after_full_slider_1'  class='main_color av_default_container_wrap container_wrap sidebar_right'  ><div class='container av-section-cont-open' ><div class='template-page content  av-content-small alpha units'><div class='post-entry post-entry-type-page post-entry-6576'><div class='entry-content-wrapper clearfix'>\n\n<style type=\"text\/css\" data-created_by=\"avia_inline_auto\" id=\"style-css-av-kk44og6s-a1373d8d9f714a3f7424f91cfac5d5cb\">\n#top .av-special-heading.av-kk44og6s-a1373d8d9f714a3f7424f91cfac5d5cb{\npadding-bottom:10px;\n}\nbody .av-special-heading.av-kk44og6s-a1373d8d9f714a3f7424f91cfac5d5cb .av-special-heading-tag .heading-char{\nfont-size:25px;\n}\n.av-special-heading.av-kk44og6s-a1373d8d9f714a3f7424f91cfac5d5cb .av-subheading{\nfont-size:15px;\n}\n<\/style>\n<div  class='av-special-heading av-kk44og6s-a1373d8d9f714a3f7424f91cfac5d5cb av-special-heading-h2  avia-builder-el-1  el_after_av_slideshow_full  el_before_av_textblock  avia-builder-el-first '><h2 class='av-special-heading-tag'  itemprop=\"headline\"  >Upplysnings- och informationsverksamhet och propaganda<\/h2><div class=\"special-heading-border\"><div class=\"special-heading-inner-border\"><\/div><\/div><\/div>\n<section  class='av_textblock_section av-92klo-c49cc1fdd56288207505b1c0e484b29e '   itemscope=\"itemscope\" itemtype=\"https:\/\/schema.org\/CreativeWork\" ><div class='avia_textblock'  itemprop=\"text\" ><p><strong>Vinterkriget<\/strong><\/p>\n<p><img loading=\"lazy\" decoding=\"async\" class=\"alignright wp-image-8378\" src=\"https:\/\/veteraanienperinto.fi\/wp-content\/uploads\/2020\/12\/tied4-300x165.jpg\" alt=\"\" width=\"400\" height=\"221\" srcset=\"https:\/\/veteraanienperinto.fi\/wp-content\/uploads\/2020\/12\/tied4-300x165.jpg 300w, https:\/\/veteraanienperinto.fi\/wp-content\/uploads\/2020\/12\/tied4.jpg 620w\" sizes=\"auto, (max-width: 400px) 100vw, 400px\" \/>F\u00f6rsvarsv\u00e4sendets underr\u00e4ttelsecentral som var underst\u00e4lld f\u00f6rsvarsministeriet hade inr\u00e4ttats \u00e5r 1934 f\u00f6r att informera om krigsmaktens situation, om h\u00e4ndelser och behov. Statsr\u00e5dets informationscentral inledde sin verksamhet f\u00f6r sk\u00f6tseln av riksomfattande informations\u00e4renden i oktober 1939. D\u00e5 f\u00f6rsvarsmaktens beredskap h\u00f6jdes inr\u00e4ttades H\u00f6gkvarterets propagandaavdelning p\u00e5 h\u00f6sten 1939. Upplysningsofficerare beordrades till divisionerna. Vid de extra \u00f6vningarna p\u00e5 h\u00f6sten 1939 det vill s\u00e4ga under YH-tiden hade det stor betydelse att man till reservisterna och bev\u00e4ringarna som fanns vid gr\u00e4nserna s\u00e4nde riksomfattande tidningar och att man ordnade radiouts\u00e4ndningar f\u00f6r dem i stor utstr\u00e4ckning genom vilket kontakten till hemtrakten bibeh\u00f6lls. I m\u00e5nga truppf\u00f6rband b\u00f6rjade man ge ut egna truppf\u00f6rbandstidningar. Ocks\u00e5 underh\u00e5llsverksamheten p\u00e5b\u00f6rjades under YH-tiden.<\/p>\n<p>Redan f\u00f6re vinterkriget riktade Sovjetunionen uppdiktade propagandas\u00e4ndningar i radion till Finland, vid vilka man beskyllde Finland f\u00f6r fientliga g\u00e4rningar mot Sovjetunionen. Finland s\u00e4nde inte propaganda mot Sovjetunionen f\u00f6r att inte kunna beskyllas f\u00f6r provokativ verksamhet. D\u00e5 Sovjetunionen hade anfallit Finland b\u00f6rjade man dock med propaganda mot Sovjetunionen. Vid fronterna anv\u00e4nde man h\u00f6gtalar- och flygbladspropaganda. I synnerhet f\u00f6rs\u00f6kte man p\u00e5visa f\u00f6r de sovjetiska soldaterna hur l\u00f6nl\u00f6s deras kamp var och hur d\u00f6den v\u00e4ntade p\u00e5 dem i finl\u00e4ndska sn\u00f6iga skogar. M\u00e5let var ocks\u00e5 de nationella minoriteter som tj\u00e4nade i Sovjetunionens arm\u00e9, vilkas deltagande i kriget mot Finland man f\u00f6rs\u00f6kte p\u00e5visa vara huvudl\u00f6st. I propagandan f\u00f6rs\u00f6kte man ocks\u00e5 f\u00f6ra fram missh\u00e4lligheterna i det sovjetiska samh\u00e4llet och inom R\u00f6da arm\u00e9n, om vilka Sovjetunionens eget informationssystem nogsamt h\u00f6ll tyst.<\/p>\n<p>Finl\u00e4ndarna s\u00e4nde nyheter ocks\u00e5 till utlandet vilka behandlats av propagandaavdelningen. F\u00f6rutom de skandinaviska l\u00e4nderna var speciellt F\u00f6renta Staterna, Storbritannien, Tyskland, Estland och Italien m\u00e5l f\u00f6r nyheterna. Som mest fanns det ocks\u00e5 300 utl\u00e4ndska journalister i Finland som omfattande och f\u00e4rgstarkt informerade v\u00e4rlden om Finlands kamp. Orsaken till det stora antalet journalister var de internationella mediernas f\u00f6rberedelser f\u00f6r sommarolympiaden i Helsingfors \u00e5r 1940 som inhiberades samt stiltjen i kriget p\u00e5 annat h\u00e5ll i Europa p\u00e5 vintern 1939-40. Filmandet av de finl\u00e4ndska frontfilmerna var m\u00f6jligt ocks\u00e5 p\u00e5 grund av att finl\u00e4ndarna p\u00e5b\u00f6rjat f\u00f6rberedelserna f\u00f6r filmandet av v\u00e5r olympiad och hade anskaffat l\u00e4mplig utrustning f\u00f6r det.<\/p>\n<p>Sovjetunionen s\u00e4nde propaganda till Finland i radion speciellt d\u00e5 rundradiostationerna i Lahtis inte var i funktion. Sovjetunionens propaganda f\u00f6rs\u00f6kte p\u00e5verka fronttrupperna genom flygblad och h\u00f6gtalare. S\u00e4rpr\u00e4glat f\u00f6r den sovjetiska propagandan var ovetskapen om f\u00f6rh\u00e5llandena i Finland och finl\u00e4ndarnas inst\u00e4llningar. Den sovjetiska propagandan uppn\u00e5dde inte de planerade resultaten, utan den f\u00f6rst\u00e4rkte i st\u00e4llet finl\u00e4ndarnas kampanda.<\/p>\n<p>Censuren togs i bruk i Finland under vinterkriget. Censuren omfattade press, radios\u00e4ndningar, filmer och post. Censurverksamheten leddes av Statsr\u00e5dets informationscentral och H\u00f6gkvarterets censurbyr\u00e5. Objekt f\u00f6r censuren var m\u00e5nga utrikespolitiska \u00e4renden, olikartade krigshemligheter, operationer som var ofullbordade, truppstyrkor, placeringar och f\u00f6rflyttningar, egna f\u00f6rluster samt v\u00e4derf\u00f6rh\u00e5llanden. Saker som skulle h\u00e5llas hemliga klipptes bort ur brev eller s\u00e5 t\u00e4cktes de \u00f6ver med svart. I hemtrakterna fick man information via pressen och radios\u00e4ndningar. Eftersom man endast kunde ge ut begr\u00e4nsad information, var grogrunden tj\u00e4nlig f\u00f6r ryktesspridning.<\/p>\n<p>Som helhet betraktat var finl\u00e4ndarnas informationsverksamhet under vinterkriget \u00e4nnu f\u00f6rh\u00e5llandevis osammanh\u00e4ngande. Informationsbranschen lyckades dock f\u00f6rv\u00e5nansv\u00e4rt v\u00e4l speciellt i den information som hade riktats till den egna befolkningen. Styrningen av uppfattningarna lyckades till och med alltf\u00f6r v\u00e4l, eftersom m\u00e5nga inte d\u00e5 vinterkriget var slut f\u00f6rstod, varf\u00f6r man i det f\u00f6r dem ok\u00e4nda sv\u00e5ra milit\u00e4ra l\u00e4get var tvungen att acceptera s\u00e5 tunga villkor f\u00f6r freden.<\/p>\n<p><strong>Forts\u00e4ttningskriget<\/strong><\/p>\n<p>Under mellanfredstiden utvecklades organisationen f\u00f6r informations- och upplysningsverksamheten utg\u00e5ende fr\u00e5n vinterkrigets erfarenheter. I det f\u00f6rsta skedet av forts\u00e4ttningskriget var st\u00e4mningen bland trupperna och p\u00e5 hemmafronten utm\u00e4rkt. Man v\u00e4ntade p\u00e5 att f\u00e5 Karelen tillbaka och att soldaterna snart skulle hemf\u00f6rlovas.<\/p>\n<p>Krigets l\u00e5ngvarighet och de \u00f6kade f\u00f6rlusterna medf\u00f6rde redan inom n\u00e5gra m\u00e5nader att st\u00e4mningen sj\u00f6nk. Delvis p\u00e5 grund av detta reformerade man p\u00e5 nytt organisationen f\u00f6r informationsbranschen p\u00e5 h\u00f6sten 1941. Man b\u00f6rjade f\u00f6rordna upplysningsofficerare till trupperna vilka vid sidan om sin egen uppgift handhade informationen. I synnerhet i st\u00e4llningskrigsskedet kunde fritiden utnyttjas i upplysningsarbetet. Upplysningsofficerarnas arbete b\u00f6rjade s\u00e5 sm\u00e5ningom te sig otacksamt, d\u00e5 det kom information till fronttrupperna om Tysklands oupph\u00f6rliga f\u00f6rluster. Hum\u00f6ret m\u00e5st h\u00e5llas uppe trots sv\u00e5righeterna. P\u00e5 sommaren 1944 koncentrerade sig upplysningsofficerarna i praktiken helt och h\u00e5llet p\u00e5 att leda trupper i strid, varf\u00f6r upplysningsverksamheten kom i skymundan.<\/p>\n<p>I b\u00f6rjan av forts\u00e4ttningskriget uppst\u00e4lldes 11 informationskompanier, det vill s\u00e4ga TK-kompanier. Deras personal var i huvudsak rekryterad bland civila. Den st\u00f6rsta delen var tidningsredakt\u00f6rer eller reklamm\u00e4n. En del var k\u00e4nda f\u00f6rfattare, bildkonstn\u00e4rer och radioredakt\u00f6rer. I b\u00f6rjan av kriget fanns sammanlagt 339 man i kompanierna. Uppgifterna var till exempel att tj\u00e4nstg\u00f6ra som frontkorrespondent, frontreporter, filmare, fotografer, fronttecknare, frontguide, fronthall\u00e5man och uppg\u00f6rare av f\u00f6rh\u00f6rstexter.<\/p>\n<p>Fronttidningarna var en mycket viktig form av upplysningsverksamhet. De redigerades av frontredakt\u00f6rssammanslutningar och delades ut gratis till trupperna. Enligt anvisningarna m\u00e5ste det f\u00f6rutom sak\u00e4rendena ing\u00e5 mycket humor i tidningarna. Uppgifter som m\u00e5ste h\u00e5llas hemliga fick man naturligtvis inte behandla. Dylika saker var till exempel truppernas namn och orter. F\u00f6rutom de tryckta fronttidningarna hade trupperna mycket duplicerade publikationer, vilka uttryckligen koncentrerade sig p\u00e5 behandlingen av ifr\u00e5gavarande trupps \u00e4renden och p\u00e5 h\u00f6jandet av samh\u00f6righetsandan.<\/p>\n<p>En av f\u00f6rsvarsmaktens upplysningsformer var radiouts\u00e4ndningarna. I rundradions normala program s\u00e4ndes ocks\u00e5 f\u00f6rsvarsmaktens program, men d\u00e5 anfallet hade framskridit till \u00d6stkarelen b\u00f6rjade f\u00f6rsvarsmakten med egen radioverksamhet. Den mest k\u00e4nda var Olonetskarelens (Aunus) radio som inr\u00e4ttades i \u00c4\u00e4nislinna det vill s\u00e4ga Petroskoi, d\u00e4r radioreportern Pekka Tiilikainen var chef. En del av programmet var Rundradions program. Det egna programmet bestod av underh\u00e5llningsprogram, l\u00e4tt musik, andliga program, tal, k\u00e5serier och idrottsreferat. Ocks\u00e5 egentliga upplysningsprogram fanns med. F\u00f6r den lokala befolkningen gjordes program p\u00e5 karelska spr\u00e5ket.<\/p>\n<p>Man s\u00e4nde ryskspr\u00e5kig propaganda till Sovjetunionen via radion och den bestod av frontmeddelanden, artiklar som krigsf\u00e5ngar skrivit samt utdrag ur utl\u00e4ndska tidningar. Verkan av propagandan torde ha varit liten, eftersom den eventuella ryska lyssnark\u00e5ren var mycket begr\u00e4nsad.<\/p>\n<p>Under st\u00e4llningskriget anv\u00e4nde man sig av b\u00e5de h\u00f6gtalarpropaganda och spridning av flygblad fr\u00e5n flygplan, progandagranater och patruller. Som mest hade man 50 h\u00f6gtalare vid fronten. Man s\u00e5g inte alltid med blida \u00f6gon p\u00e5 h\u00f6gtalarm\u00e4nnen, eftersom anv\u00e4ndningen av h\u00f6gtalare ofta medf\u00f6rde en kraftig fientlig eldkoncentration i h\u00f6gtalarnas n\u00e4romgivning.<\/p>\n<p>F\u00f6re forts\u00e4ttningskrigets utbrott svarade Statens informationsverk f\u00f6r censuren. D\u00e5 kriget brutit ut koncentrerades f\u00f6rsvarsmaktens censurverksamhet till H\u00f6gkvarterets censurbyr\u00e5. F\u00f6r brevcensuren fanns \u00e5r 1942 11 granskningsbyr\u00e5er med 121 personer som var underst\u00e4llda den n\u00e4mnda censurbyr\u00e5n. F\u00f6rutom den egentliga censureringen fick man via brevcensuren v\u00e4rdefulla uppgifter om sinnesst\u00e4mningen bland trupperna. I breven hem eller till v\u00e4nner ber\u00e4ttade m\u00e4nnen of\u00f6rsk\u00f6nat om sina tankar. Om saker som mest inverkat p\u00e5 sinnesst\u00e4mningen gav man f\u00f6r eventuella \u00e5tg\u00e4rder information till kommend\u00f6rerna f\u00f6r trupperna i fr\u00e5ga.<\/p>\n<p>Underh\u00e5llningsverksamheten fick allt st\u00f6rre betydelse d\u00e5 forts\u00e4ttningskriget drog ut p\u00e5 tiden. I b\u00f6rjan s\u00e4nde man olika slag av underh\u00e5llningsmaterial till trupperna s\u00e5som miljoner postkort, tv\u00e5hundratusen s\u00e5ngb\u00f6cker, litteratur, radioapparater, veckotidningar, musikinstrument, spel f\u00f6r att f\u00f6rdriva tiden med, idrottsredskap, s\u00f6tsaker och tobak.<\/p>\n<p>Under st\u00e4llningskriget utvecklades truppernas fritidsverksamhet. S\u00e4rskilt viktig betydelse hade fritidssyssels\u00e4ttningar som man f\u00f6rs\u00f6kte inrikta p\u00e5 nyttiga saker. F\u00f6r att befr\u00e4mja fritidssyssels\u00e4ttningarna ordnades t\u00e4vlingar och utst\u00e4llningar. Under Lotta Sv\u00e4rd-organisationens ledning inr\u00e4ttades en egen organisation f\u00f6r f\u00f6rs\u00e4ljningen av hobbyarbeten. F\u00f6rs\u00e4ljningsvinsterna delades s\u00e5 att en tredjedel \u00f6verl\u00e4ts till underh\u00e5llningsverksamheten, en tredjedel till Krigsinvalidernas Br\u00f6draf\u00f6rbund och en tredjedel till Lotta Sv\u00e4rd-organisationen. Truppernas egen musik- och konstverksamhet st\u00f6ddes p\u00e5 m\u00e5nga s\u00e4tt. I slutet av \u00e5r 1942 fanns det redan 171 orkestrar och 203 k\u00f6rer inom trupperna.<\/p>\n<p>Arrangemangen f\u00f6r turnerande underh\u00e5llningss\u00e4llskap som kom fr\u00e5n hemtrakterna till krigsoperationsomr\u00e5det sk\u00f6ttes via F\u00f6rsvarsmaktens underh\u00e5llningsbyr\u00e5. Stommen i grupperna utgjordes av v\u00e4rnpliktiga konstn\u00e4rer som hade kommenderats till underh\u00e5llningsbyr\u00e5n. F\u00f6rutom dessa deltog ett stort antal civila konstn\u00e4rer i verksamheten. Inom underh\u00e5llningsverksamheten fanns det som mest 20-30 turnerande s\u00e4llskap som hela tiden r\u00f6rde sig vid fronten. Artistgrupper med 5-7 personer var vanliga. Speciellt popul\u00e4ra var grupper med goda deklamat\u00f6rer, k\u00e5s\u00f6rer, trollkarlar, redskapsgymnaster, musiker och dansare. Sommartid upptr\u00e4dde de i allm\u00e4nhet utomhus. Eftersom det var mycket sv\u00e5rt att upptr\u00e4da i korsur och t\u00e4lt byggde man under st\u00e4llningskriget upplysningsbaracker bakom frontlinjerna.<\/p>\n<p>Teaterverksamheten fick sin b\u00f6rjan p\u00e5 truppernas eget initiativ. Slutligen fungerade sex fasta milit\u00e4rteatrar samt flera kringresande frontteatrar under st\u00e4llningskrigstiden. P\u00e5 frontteatrarna fanns avl\u00f6nad civil personal och p\u00e5 teatrarna utkommenderade bev\u00e4ringar. Inom trupperna fanns dessutom sk\u00e5despelarklubbar. Finlands Tivoli b\u00f6rjade sin verksamhet i \u00d6stkarelen i Karhum\u00e4ki p\u00e5 v\u00e5rvintern 1942. Tivolit var mycket popul\u00e4rt och d\u00e4r fanns en dansteater, ett uppvisningst\u00e4lt, utomhusupptr\u00e4danden och en liten cirkus.<\/p>\n<p>Under forts\u00e4ttningskrigstiden ordnade man \u00f6ver 100 soldatkv\u00e4llar i m\u00e4sshallen i Helsingfors. De utgjorde en betydande del av verksamheten f\u00f6r att h\u00f6ja sinnesst\u00e4mningen. Vid varje soldatkv\u00e4ll var m\u00e4sshallen full med publik. Kv\u00e4llarna s\u00e4ndes direkt i radion till hela folket som en och en halv timmes s\u00e4ndningar. D\u00e4r upptr\u00e4dde toppmusiker, sk\u00e5despelare och andra underh\u00e5llningskonstn\u00e4rer. Bland dem fanns ocks\u00e5 utl\u00e4ndska artister. Stommen f\u00f6r soldatkv\u00e4llarna p\u00e5minde i stort om soar\u00e9er fr\u00e5n f\u00f6rr i tiden, d\u00e4r man f\u00f6rutom fosterl\u00e4ndska och humoristiska tal dessutom framf\u00f6rde fosterl\u00e4ndsk och underh\u00e5llande musik. Publiken deltog i kv\u00e4llarnas program genom alls\u00e5ng. D\u00e5 man beaktar alla dess verksamhetsformer deltog tusentals personer i underh\u00e5llningsverksamheten under v\u00e5ra krig. Bes\u00f6ken bland fronttrupperna av representanterna fr\u00e5n hemtrakterna h\u00f6rde dessutom till verksamheten. Underh\u00e5llningsevenemangen hade stor betydelse f\u00f6r vidmakth\u00e5llandet av sinnesst\u00e4mningen inom trupperna.<\/p>\n<\/div><\/section>\n","protected":false},"excerpt":{"rendered":"","protected":false},"author":1,"featured_media":0,"parent":6539,"menu_order":9,"comment_status":"closed","ping_status":"closed","template":"","meta":{"footnotes":""},"class_list":["post-6576","page","type-page","status-publish","hentry"],"yoast_head":"<!-- This site is optimized with the Yoast SEO plugin v27.5 - https:\/\/yoast.com\/product\/yoast-seo-wordpress\/ -->\n<title>Upplysnings- och informationsverksamhet och propaganda - Veteraanien Perint\u00f6<\/title>\n<meta name=\"robots\" content=\"index, follow, max-snippet:-1, max-image-preview:large, max-video-preview:-1\" \/>\n<link rel=\"canonical\" href=\"https:\/\/veteraanienperinto.fi\/index.php\/sv\/infobank\/vapenslagens-verksamhet\/upplysnings-och-informationsverksamhet-och-propaganda\/\" \/>\n<meta property=\"og:locale\" content=\"fi_FI\" \/>\n<meta property=\"og:type\" content=\"article\" \/>\n<meta property=\"og:title\" content=\"Upplysnings- och informationsverksamhet och propaganda - Veteraanien Perint\u00f6\" \/>\n<meta property=\"og:url\" content=\"https:\/\/veteraanienperinto.fi\/index.php\/sv\/infobank\/vapenslagens-verksamhet\/upplysnings-och-informationsverksamhet-och-propaganda\/\" \/>\n<meta property=\"og:site_name\" content=\"Veteraanien Perint\u00f6\" \/>\n<meta property=\"article:modified_time\" content=\"2021-01-19T15:04:16+00:00\" \/>\n<meta property=\"og:image\" content=\"https:\/\/veteraanienperinto.fi\/wp-content\/uploads\/2020\/12\/tied4-300x165.jpg\" \/>\n<meta name=\"twitter:card\" content=\"summary_large_image\" \/>\n<meta name=\"twitter:label1\" content=\"Arvioitu lukuaika\" \/>\n\t<meta name=\"twitter:data1\" content=\"10 minuuttia\" \/>\n<script type=\"application\/ld+json\" class=\"yoast-schema-graph\">{\"@context\":\"https:\\\/\\\/schema.org\",\"@graph\":[{\"@type\":\"WebPage\",\"@id\":\"https:\\\/\\\/veteraanienperinto.fi\\\/index.php\\\/sv\\\/infobank\\\/vapenslagens-verksamhet\\\/upplysnings-och-informationsverksamhet-och-propaganda\\\/\",\"url\":\"https:\\\/\\\/veteraanienperinto.fi\\\/index.php\\\/sv\\\/infobank\\\/vapenslagens-verksamhet\\\/upplysnings-och-informationsverksamhet-och-propaganda\\\/\",\"name\":\"Upplysnings- och informationsverksamhet och propaganda - Veteraanien Perint\u00f6\",\"isPartOf\":{\"@id\":\"https:\\\/\\\/veteraanienperinto.fi\\\/#website\"},\"primaryImageOfPage\":{\"@id\":\"https:\\\/\\\/veteraanienperinto.fi\\\/index.php\\\/sv\\\/infobank\\\/vapenslagens-verksamhet\\\/upplysnings-och-informationsverksamhet-och-propaganda\\\/#primaryimage\"},\"image\":{\"@id\":\"https:\\\/\\\/veteraanienperinto.fi\\\/index.php\\\/sv\\\/infobank\\\/vapenslagens-verksamhet\\\/upplysnings-och-informationsverksamhet-och-propaganda\\\/#primaryimage\"},\"thumbnailUrl\":\"https:\\\/\\\/veteraanienperinto.fi\\\/wp-content\\\/uploads\\\/2020\\\/12\\\/tied4-300x165.jpg\",\"datePublished\":\"2020-11-19T13:46:48+00:00\",\"dateModified\":\"2021-01-19T15:04:16+00:00\",\"breadcrumb\":{\"@id\":\"https:\\\/\\\/veteraanienperinto.fi\\\/index.php\\\/sv\\\/infobank\\\/vapenslagens-verksamhet\\\/upplysnings-och-informationsverksamhet-och-propaganda\\\/#breadcrumb\"},\"inLanguage\":\"fi\",\"potentialAction\":[{\"@type\":\"ReadAction\",\"target\":[\"https:\\\/\\\/veteraanienperinto.fi\\\/index.php\\\/sv\\\/infobank\\\/vapenslagens-verksamhet\\\/upplysnings-och-informationsverksamhet-och-propaganda\\\/\"]}]},{\"@type\":\"ImageObject\",\"inLanguage\":\"fi\",\"@id\":\"https:\\\/\\\/veteraanienperinto.fi\\\/index.php\\\/sv\\\/infobank\\\/vapenslagens-verksamhet\\\/upplysnings-och-informationsverksamhet-och-propaganda\\\/#primaryimage\",\"url\":\"https:\\\/\\\/veteraanienperinto.fi\\\/wp-content\\\/uploads\\\/2020\\\/12\\\/tied4.jpg\",\"contentUrl\":\"https:\\\/\\\/veteraanienperinto.fi\\\/wp-content\\\/uploads\\\/2020\\\/12\\\/tied4.jpg\",\"width\":620,\"height\":342},{\"@type\":\"BreadcrumbList\",\"@id\":\"https:\\\/\\\/veteraanienperinto.fi\\\/index.php\\\/sv\\\/infobank\\\/vapenslagens-verksamhet\\\/upplysnings-och-informationsverksamhet-och-propaganda\\\/#breadcrumb\",\"itemListElement\":[{\"@type\":\"ListItem\",\"position\":1,\"name\":\"Etusivu\",\"item\":\"https:\\\/\\\/veteraanienperinto.fi\\\/index.php\\\/etusivu-2\\\/\"},{\"@type\":\"ListItem\",\"position\":2,\"name\":\"Infobank\",\"item\":\"https:\\\/\\\/veteraanienperinto.fi\\\/index.php\\\/sv\\\/infobank\\\/\"},{\"@type\":\"ListItem\",\"position\":3,\"name\":\"Vapenslagens verksamhet\",\"item\":\"https:\\\/\\\/veteraanienperinto.fi\\\/index.php\\\/sv\\\/infobank\\\/vapenslagens-verksamhet\\\/\"},{\"@type\":\"ListItem\",\"position\":4,\"name\":\"Upplysnings- och informationsverksamhet och propaganda\"}]},{\"@type\":\"WebSite\",\"@id\":\"https:\\\/\\\/veteraanienperinto.fi\\\/#website\",\"url\":\"https:\\\/\\\/veteraanienperinto.fi\\\/\",\"name\":\"Veteraanien Perint\u00f6\",\"description\":\"Kadettikunta\",\"potentialAction\":[{\"@type\":\"SearchAction\",\"target\":{\"@type\":\"EntryPoint\",\"urlTemplate\":\"https:\\\/\\\/veteraanienperinto.fi\\\/?s={search_term_string}\"},\"query-input\":{\"@type\":\"PropertyValueSpecification\",\"valueRequired\":true,\"valueName\":\"search_term_string\"}}],\"inLanguage\":\"fi\"}]}<\/script>\n<!-- \/ Yoast SEO plugin. -->","yoast_head_json":{"title":"Upplysnings- och informationsverksamhet och propaganda - Veteraanien Perint\u00f6","robots":{"index":"index","follow":"follow","max-snippet":"max-snippet:-1","max-image-preview":"max-image-preview:large","max-video-preview":"max-video-preview:-1"},"canonical":"https:\/\/veteraanienperinto.fi\/index.php\/sv\/infobank\/vapenslagens-verksamhet\/upplysnings-och-informationsverksamhet-och-propaganda\/","og_locale":"fi_FI","og_type":"article","og_title":"Upplysnings- och informationsverksamhet och propaganda - Veteraanien Perint\u00f6","og_url":"https:\/\/veteraanienperinto.fi\/index.php\/sv\/infobank\/vapenslagens-verksamhet\/upplysnings-och-informationsverksamhet-och-propaganda\/","og_site_name":"Veteraanien Perint\u00f6","article_modified_time":"2021-01-19T15:04:16+00:00","og_image":[{"url":"https:\/\/veteraanienperinto.fi\/wp-content\/uploads\/2020\/12\/tied4-300x165.jpg","type":"","width":"","height":""}],"twitter_card":"summary_large_image","twitter_misc":{"Arvioitu lukuaika":"10 minuuttia"},"schema":{"@context":"https:\/\/schema.org","@graph":[{"@type":"WebPage","@id":"https:\/\/veteraanienperinto.fi\/index.php\/sv\/infobank\/vapenslagens-verksamhet\/upplysnings-och-informationsverksamhet-och-propaganda\/","url":"https:\/\/veteraanienperinto.fi\/index.php\/sv\/infobank\/vapenslagens-verksamhet\/upplysnings-och-informationsverksamhet-och-propaganda\/","name":"Upplysnings- och informationsverksamhet och propaganda - Veteraanien Perint\u00f6","isPartOf":{"@id":"https:\/\/veteraanienperinto.fi\/#website"},"primaryImageOfPage":{"@id":"https:\/\/veteraanienperinto.fi\/index.php\/sv\/infobank\/vapenslagens-verksamhet\/upplysnings-och-informationsverksamhet-och-propaganda\/#primaryimage"},"image":{"@id":"https:\/\/veteraanienperinto.fi\/index.php\/sv\/infobank\/vapenslagens-verksamhet\/upplysnings-och-informationsverksamhet-och-propaganda\/#primaryimage"},"thumbnailUrl":"https:\/\/veteraanienperinto.fi\/wp-content\/uploads\/2020\/12\/tied4-300x165.jpg","datePublished":"2020-11-19T13:46:48+00:00","dateModified":"2021-01-19T15:04:16+00:00","breadcrumb":{"@id":"https:\/\/veteraanienperinto.fi\/index.php\/sv\/infobank\/vapenslagens-verksamhet\/upplysnings-och-informationsverksamhet-och-propaganda\/#breadcrumb"},"inLanguage":"fi","potentialAction":[{"@type":"ReadAction","target":["https:\/\/veteraanienperinto.fi\/index.php\/sv\/infobank\/vapenslagens-verksamhet\/upplysnings-och-informationsverksamhet-och-propaganda\/"]}]},{"@type":"ImageObject","inLanguage":"fi","@id":"https:\/\/veteraanienperinto.fi\/index.php\/sv\/infobank\/vapenslagens-verksamhet\/upplysnings-och-informationsverksamhet-och-propaganda\/#primaryimage","url":"https:\/\/veteraanienperinto.fi\/wp-content\/uploads\/2020\/12\/tied4.jpg","contentUrl":"https:\/\/veteraanienperinto.fi\/wp-content\/uploads\/2020\/12\/tied4.jpg","width":620,"height":342},{"@type":"BreadcrumbList","@id":"https:\/\/veteraanienperinto.fi\/index.php\/sv\/infobank\/vapenslagens-verksamhet\/upplysnings-och-informationsverksamhet-och-propaganda\/#breadcrumb","itemListElement":[{"@type":"ListItem","position":1,"name":"Etusivu","item":"https:\/\/veteraanienperinto.fi\/index.php\/etusivu-2\/"},{"@type":"ListItem","position":2,"name":"Infobank","item":"https:\/\/veteraanienperinto.fi\/index.php\/sv\/infobank\/"},{"@type":"ListItem","position":3,"name":"Vapenslagens verksamhet","item":"https:\/\/veteraanienperinto.fi\/index.php\/sv\/infobank\/vapenslagens-verksamhet\/"},{"@type":"ListItem","position":4,"name":"Upplysnings- och informationsverksamhet och propaganda"}]},{"@type":"WebSite","@id":"https:\/\/veteraanienperinto.fi\/#website","url":"https:\/\/veteraanienperinto.fi\/","name":"Veteraanien Perint\u00f6","description":"Kadettikunta","potentialAction":[{"@type":"SearchAction","target":{"@type":"EntryPoint","urlTemplate":"https:\/\/veteraanienperinto.fi\/?s={search_term_string}"},"query-input":{"@type":"PropertyValueSpecification","valueRequired":true,"valueName":"search_term_string"}}],"inLanguage":"fi"}]}},"_links":{"self":[{"href":"https:\/\/veteraanienperinto.fi\/index.php\/wp-json\/wp\/v2\/pages\/6576","targetHints":{"allow":["GET"]}}],"collection":[{"href":"https:\/\/veteraanienperinto.fi\/index.php\/wp-json\/wp\/v2\/pages"}],"about":[{"href":"https:\/\/veteraanienperinto.fi\/index.php\/wp-json\/wp\/v2\/types\/page"}],"author":[{"embeddable":true,"href":"https:\/\/veteraanienperinto.fi\/index.php\/wp-json\/wp\/v2\/users\/1"}],"replies":[{"embeddable":true,"href":"https:\/\/veteraanienperinto.fi\/index.php\/wp-json\/wp\/v2\/comments?post=6576"}],"version-history":[{"count":4,"href":"https:\/\/veteraanienperinto.fi\/index.php\/wp-json\/wp\/v2\/pages\/6576\/revisions"}],"predecessor-version":[{"id":10210,"href":"https:\/\/veteraanienperinto.fi\/index.php\/wp-json\/wp\/v2\/pages\/6576\/revisions\/10210"}],"up":[{"embeddable":true,"href":"https:\/\/veteraanienperinto.fi\/index.php\/wp-json\/wp\/v2\/pages\/6539"}],"wp:attachment":[{"href":"https:\/\/veteraanienperinto.fi\/index.php\/wp-json\/wp\/v2\/media?parent=6576"}],"curies":[{"name":"wp","href":"https:\/\/api.w.org\/{rel}","templated":true}]}}