{"id":6580,"date":"2020-11-19T13:53:21","date_gmt":"2020-11-19T13:53:21","guid":{"rendered":"https:\/\/veteraani.ylirotu.fi\/?page_id=6580"},"modified":"2021-01-19T15:11:04","modified_gmt":"2021-01-19T15:11:04","slug":"militarprasterskapets-verksamhet","status":"publish","type":"page","link":"https:\/\/veteraanienperinto.fi\/index.php\/sv\/infobank\/vapenslagens-verksamhet\/militarprasterskapets-verksamhet\/","title":{"rendered":"Milit\u00e4rpr\u00e4sterskapets verksamhet"},"content":{"rendered":"<div id='full_slider_1'  class='avia-fullwidth-slider main_color avia-shadow   avia-builder-el-0  el_before_av_heading  avia-builder-el-first   container_wrap sidebar_right'  ><\/div><div id='after_full_slider_1'  class='main_color av_default_container_wrap container_wrap sidebar_right'  ><div class='container av-section-cont-open' ><div class='template-page content  av-content-small alpha units'><div class='post-entry post-entry-type-page post-entry-6580'><div class='entry-content-wrapper clearfix'>\n\n<style type=\"text\/css\" data-created_by=\"avia_inline_auto\" id=\"style-css-av-kk44x84n-1784e4275cef94df129253c5905529f1\">\n#top .av-special-heading.av-kk44x84n-1784e4275cef94df129253c5905529f1{\npadding-bottom:10px;\n}\nbody .av-special-heading.av-kk44x84n-1784e4275cef94df129253c5905529f1 .av-special-heading-tag .heading-char{\nfont-size:25px;\n}\n.av-special-heading.av-kk44x84n-1784e4275cef94df129253c5905529f1 .av-subheading{\nfont-size:15px;\n}\n<\/style>\n<div  class='av-special-heading av-kk44x84n-1784e4275cef94df129253c5905529f1 av-special-heading-h2  avia-builder-el-1  el_after_av_slideshow_full  el_before_av_textblock  avia-builder-el-first '><h2 class='av-special-heading-tag'  itemprop=\"headline\"  >Milit\u00e4rpr\u00e4sterskapets verksamhet<\/h2><div class=\"special-heading-border\"><div class=\"special-heading-inner-border\"><\/div><\/div><\/div>\n<section  class='av_textblock_section av-7a0j6-8c4e3ad7af59bb16b292231813d563df '   itemscope=\"itemscope\" itemtype=\"https:\/\/schema.org\/CreativeWork\" ><div class='avia_textblock'  itemprop=\"text\" ><div class=\"art-article\">\n<p><img loading=\"lazy\" decoding=\"async\" class=\"size-full wp-image-8381 alignright\" src=\"https:\/\/veteraanienperinto.fi\/wp-content\/uploads\/2020\/12\/pappi1.jpg\" alt=\"\" width=\"400\" height=\"283\" srcset=\"https:\/\/veteraanienperinto.fi\/wp-content\/uploads\/2020\/12\/pappi1.jpg 400w, https:\/\/veteraanienperinto.fi\/wp-content\/uploads\/2020\/12\/pappi1-300x212.jpg 300w, https:\/\/veteraanienperinto.fi\/wp-content\/uploads\/2020\/12\/pappi1-260x185.jpg 260w\" sizes=\"auto, (max-width: 400px) 100vw, 400px\" \/>Milit\u00e4rpr\u00e4sterskapet hade redan f\u00f6re krigen en etablerad och erk\u00e4nd st\u00e4llning i v\u00e5rt land. Milit\u00e4rpr\u00e4sternas uppgift under krigen var det egentliga andliga arbetet och sj\u00e4lav\u00e5rden f\u00f6rutom omsorgen om de stupade och deltagande i upplysningsverksamhet. Under forts\u00e4ttningskriget fanns det en milit\u00e4rpr\u00e4st i varje bataljon, som s\u00e5ledes hela tiden var med sin trupp vid fr\u00e4msta linjen. Verksamhetens omfattning beskrivs exempelvis av att 880 pr\u00e4ster, det vill s\u00e4ga 63 % av v\u00e5rt lands 1 400 pr\u00e4ster inom den evangelisk-lutherska kyrkan fungerade som milit\u00e4rpr\u00e4ster l\u00e4ngre eller kortare tid under forts\u00e4ttningskriget.<\/p>\n<p>P\u00e5 olika avsnitt fanns i allm\u00e4nhet 12-16 ortodoxa milit\u00e4rpr\u00e4ster. I forts\u00e4ttningskriget lj\u00f6t allt som allt 23 pr\u00e4ster hj\u00e4lted\u00f6den. I vinterkriget hade 12 pr\u00e4ster stupat.<\/p>\n<p>Omsorgen om de stupade hade redan i vinterkriget best\u00e4mts som uppgift \u00e5t milit\u00e4rpr\u00e4sterskapet, fast\u00e4n den till st\u00f6rsta delen bestod av annat \u00e4n andlig verksamhet. De stupade skulle tas om hand bakom fronten och f\u00f6ras till hembygden, d\u00e4r man ordnade hj\u00e4ltebegravning. Milit\u00e4rpr\u00e4sterna skrev ett personligt brev till den stupades anh\u00f6riga, vilket inneh\u00f6ll uppgifter om den d\u00f6das sista skeden. Det var en tung uppgift f\u00f6r pr\u00e4sterna i fr\u00e4msta linjen att skriva dessa brev, men f\u00f6r de anh\u00f6riga var breven oerh\u00f6rt viktiga.<\/p>\n<p>Man var ocks\u00e5 tvungen att tillf\u00e4lligt begrava de stupade p\u00e5 f\u00e4ltet, men ocks\u00e5 dessa stupade f\u00f6rdes s\u00e5 snart som m\u00f6jligt till hembygden. Fiendens stupade var man i allm\u00e4nhet tvungen att l\u00e4gga i massgravar.<\/p>\n<p>Milit\u00e4rpr\u00e4sterskapets andliga verksamhet, samt varje soldats vetskap om att stupade med alla medel befordras till sin hemkommun f\u00f6r att begravas i hj\u00e4ltegrav, hade stor betydelse f\u00f6r soldaternas sinnesst\u00e4mning. Finl\u00e4ndarnas system f\u00f6r omsorgen om stupade var s\u00e4reget i hela v\u00e4rlden. P\u00e5 andra h\u00e5ll begrovs de stupade i allm\u00e4nhet p\u00e5 f\u00e4ltbegravningsplatser l\u00e5ngt fr\u00e5n sitt hemland. Dessa begravningsplatser f\u00f6rst\u00f6rdes till stor del i r\u00f6ran under kriget och under tiden efter krigen.<\/p>\n<\/div>\n<\/div><\/section>\n","protected":false},"excerpt":{"rendered":"","protected":false},"author":1,"featured_media":0,"parent":6539,"menu_order":10,"comment_status":"closed","ping_status":"closed","template":"","meta":{"footnotes":""},"class_list":["post-6580","page","type-page","status-publish","hentry"],"yoast_head":"<!-- This site is optimized with the Yoast SEO plugin v27.5 - https:\/\/yoast.com\/product\/yoast-seo-wordpress\/ -->\n<title>Milit\u00e4rpr\u00e4sterskapets verksamhet - Veteraanien Perint\u00f6<\/title>\n<meta name=\"robots\" content=\"index, follow, max-snippet:-1, max-image-preview:large, max-video-preview:-1\" \/>\n<link rel=\"canonical\" href=\"https:\/\/veteraanienperinto.fi\/index.php\/sv\/infobank\/vapenslagens-verksamhet\/militarprasterskapets-verksamhet\/\" \/>\n<meta property=\"og:locale\" content=\"fi_FI\" \/>\n<meta property=\"og:type\" content=\"article\" \/>\n<meta property=\"og:title\" content=\"Milit\u00e4rpr\u00e4sterskapets verksamhet - Veteraanien Perint\u00f6\" \/>\n<meta property=\"og:url\" content=\"https:\/\/veteraanienperinto.fi\/index.php\/sv\/infobank\/vapenslagens-verksamhet\/militarprasterskapets-verksamhet\/\" \/>\n<meta property=\"og:site_name\" content=\"Veteraanien Perint\u00f6\" \/>\n<meta property=\"article:modified_time\" content=\"2021-01-19T15:11:04+00:00\" \/>\n<meta property=\"og:image\" content=\"https:\/\/veteraanienperinto.fi\/wp-content\/uploads\/2020\/12\/pappi1.jpg\" \/>\n<meta name=\"twitter:card\" content=\"summary_large_image\" \/>\n<meta name=\"twitter:label1\" content=\"Arvioitu lukuaika\" \/>\n\t<meta name=\"twitter:data1\" content=\"3 minuuttia\" \/>\n<script type=\"application\/ld+json\" class=\"yoast-schema-graph\">{\"@context\":\"https:\\\/\\\/schema.org\",\"@graph\":[{\"@type\":\"WebPage\",\"@id\":\"https:\\\/\\\/veteraanienperinto.fi\\\/index.php\\\/sv\\\/infobank\\\/vapenslagens-verksamhet\\\/militarprasterskapets-verksamhet\\\/\",\"url\":\"https:\\\/\\\/veteraanienperinto.fi\\\/index.php\\\/sv\\\/infobank\\\/vapenslagens-verksamhet\\\/militarprasterskapets-verksamhet\\\/\",\"name\":\"Milit\u00e4rpr\u00e4sterskapets verksamhet - Veteraanien Perint\u00f6\",\"isPartOf\":{\"@id\":\"https:\\\/\\\/veteraanienperinto.fi\\\/#website\"},\"primaryImageOfPage\":{\"@id\":\"https:\\\/\\\/veteraanienperinto.fi\\\/index.php\\\/sv\\\/infobank\\\/vapenslagens-verksamhet\\\/militarprasterskapets-verksamhet\\\/#primaryimage\"},\"image\":{\"@id\":\"https:\\\/\\\/veteraanienperinto.fi\\\/index.php\\\/sv\\\/infobank\\\/vapenslagens-verksamhet\\\/militarprasterskapets-verksamhet\\\/#primaryimage\"},\"thumbnailUrl\":\"https:\\\/\\\/veteraanienperinto.fi\\\/wp-content\\\/uploads\\\/2020\\\/12\\\/pappi1.jpg\",\"datePublished\":\"2020-11-19T13:53:21+00:00\",\"dateModified\":\"2021-01-19T15:11:04+00:00\",\"breadcrumb\":{\"@id\":\"https:\\\/\\\/veteraanienperinto.fi\\\/index.php\\\/sv\\\/infobank\\\/vapenslagens-verksamhet\\\/militarprasterskapets-verksamhet\\\/#breadcrumb\"},\"inLanguage\":\"fi\",\"potentialAction\":[{\"@type\":\"ReadAction\",\"target\":[\"https:\\\/\\\/veteraanienperinto.fi\\\/index.php\\\/sv\\\/infobank\\\/vapenslagens-verksamhet\\\/militarprasterskapets-verksamhet\\\/\"]}]},{\"@type\":\"ImageObject\",\"inLanguage\":\"fi\",\"@id\":\"https:\\\/\\\/veteraanienperinto.fi\\\/index.php\\\/sv\\\/infobank\\\/vapenslagens-verksamhet\\\/militarprasterskapets-verksamhet\\\/#primaryimage\",\"url\":\"https:\\\/\\\/veteraanienperinto.fi\\\/wp-content\\\/uploads\\\/2020\\\/12\\\/pappi1.jpg\",\"contentUrl\":\"https:\\\/\\\/veteraanienperinto.fi\\\/wp-content\\\/uploads\\\/2020\\\/12\\\/pappi1.jpg\",\"width\":400,\"height\":283},{\"@type\":\"BreadcrumbList\",\"@id\":\"https:\\\/\\\/veteraanienperinto.fi\\\/index.php\\\/sv\\\/infobank\\\/vapenslagens-verksamhet\\\/militarprasterskapets-verksamhet\\\/#breadcrumb\",\"itemListElement\":[{\"@type\":\"ListItem\",\"position\":1,\"name\":\"Etusivu\",\"item\":\"https:\\\/\\\/veteraanienperinto.fi\\\/index.php\\\/etusivu-2\\\/\"},{\"@type\":\"ListItem\",\"position\":2,\"name\":\"Infobank\",\"item\":\"https:\\\/\\\/veteraanienperinto.fi\\\/index.php\\\/sv\\\/infobank\\\/\"},{\"@type\":\"ListItem\",\"position\":3,\"name\":\"Vapenslagens verksamhet\",\"item\":\"https:\\\/\\\/veteraanienperinto.fi\\\/index.php\\\/sv\\\/infobank\\\/vapenslagens-verksamhet\\\/\"},{\"@type\":\"ListItem\",\"position\":4,\"name\":\"Milit\u00e4rpr\u00e4sterskapets verksamhet\"}]},{\"@type\":\"WebSite\",\"@id\":\"https:\\\/\\\/veteraanienperinto.fi\\\/#website\",\"url\":\"https:\\\/\\\/veteraanienperinto.fi\\\/\",\"name\":\"Veteraanien Perint\u00f6\",\"description\":\"Kadettikunta\",\"potentialAction\":[{\"@type\":\"SearchAction\",\"target\":{\"@type\":\"EntryPoint\",\"urlTemplate\":\"https:\\\/\\\/veteraanienperinto.fi\\\/?s={search_term_string}\"},\"query-input\":{\"@type\":\"PropertyValueSpecification\",\"valueRequired\":true,\"valueName\":\"search_term_string\"}}],\"inLanguage\":\"fi\"}]}<\/script>\n<!-- \/ Yoast SEO plugin. -->","yoast_head_json":{"title":"Milit\u00e4rpr\u00e4sterskapets verksamhet - Veteraanien Perint\u00f6","robots":{"index":"index","follow":"follow","max-snippet":"max-snippet:-1","max-image-preview":"max-image-preview:large","max-video-preview":"max-video-preview:-1"},"canonical":"https:\/\/veteraanienperinto.fi\/index.php\/sv\/infobank\/vapenslagens-verksamhet\/militarprasterskapets-verksamhet\/","og_locale":"fi_FI","og_type":"article","og_title":"Milit\u00e4rpr\u00e4sterskapets verksamhet - Veteraanien Perint\u00f6","og_url":"https:\/\/veteraanienperinto.fi\/index.php\/sv\/infobank\/vapenslagens-verksamhet\/militarprasterskapets-verksamhet\/","og_site_name":"Veteraanien Perint\u00f6","article_modified_time":"2021-01-19T15:11:04+00:00","og_image":[{"url":"https:\/\/veteraanienperinto.fi\/wp-content\/uploads\/2020\/12\/pappi1.jpg","type":"","width":"","height":""}],"twitter_card":"summary_large_image","twitter_misc":{"Arvioitu lukuaika":"3 minuuttia"},"schema":{"@context":"https:\/\/schema.org","@graph":[{"@type":"WebPage","@id":"https:\/\/veteraanienperinto.fi\/index.php\/sv\/infobank\/vapenslagens-verksamhet\/militarprasterskapets-verksamhet\/","url":"https:\/\/veteraanienperinto.fi\/index.php\/sv\/infobank\/vapenslagens-verksamhet\/militarprasterskapets-verksamhet\/","name":"Milit\u00e4rpr\u00e4sterskapets verksamhet - Veteraanien Perint\u00f6","isPartOf":{"@id":"https:\/\/veteraanienperinto.fi\/#website"},"primaryImageOfPage":{"@id":"https:\/\/veteraanienperinto.fi\/index.php\/sv\/infobank\/vapenslagens-verksamhet\/militarprasterskapets-verksamhet\/#primaryimage"},"image":{"@id":"https:\/\/veteraanienperinto.fi\/index.php\/sv\/infobank\/vapenslagens-verksamhet\/militarprasterskapets-verksamhet\/#primaryimage"},"thumbnailUrl":"https:\/\/veteraanienperinto.fi\/wp-content\/uploads\/2020\/12\/pappi1.jpg","datePublished":"2020-11-19T13:53:21+00:00","dateModified":"2021-01-19T15:11:04+00:00","breadcrumb":{"@id":"https:\/\/veteraanienperinto.fi\/index.php\/sv\/infobank\/vapenslagens-verksamhet\/militarprasterskapets-verksamhet\/#breadcrumb"},"inLanguage":"fi","potentialAction":[{"@type":"ReadAction","target":["https:\/\/veteraanienperinto.fi\/index.php\/sv\/infobank\/vapenslagens-verksamhet\/militarprasterskapets-verksamhet\/"]}]},{"@type":"ImageObject","inLanguage":"fi","@id":"https:\/\/veteraanienperinto.fi\/index.php\/sv\/infobank\/vapenslagens-verksamhet\/militarprasterskapets-verksamhet\/#primaryimage","url":"https:\/\/veteraanienperinto.fi\/wp-content\/uploads\/2020\/12\/pappi1.jpg","contentUrl":"https:\/\/veteraanienperinto.fi\/wp-content\/uploads\/2020\/12\/pappi1.jpg","width":400,"height":283},{"@type":"BreadcrumbList","@id":"https:\/\/veteraanienperinto.fi\/index.php\/sv\/infobank\/vapenslagens-verksamhet\/militarprasterskapets-verksamhet\/#breadcrumb","itemListElement":[{"@type":"ListItem","position":1,"name":"Etusivu","item":"https:\/\/veteraanienperinto.fi\/index.php\/etusivu-2\/"},{"@type":"ListItem","position":2,"name":"Infobank","item":"https:\/\/veteraanienperinto.fi\/index.php\/sv\/infobank\/"},{"@type":"ListItem","position":3,"name":"Vapenslagens verksamhet","item":"https:\/\/veteraanienperinto.fi\/index.php\/sv\/infobank\/vapenslagens-verksamhet\/"},{"@type":"ListItem","position":4,"name":"Milit\u00e4rpr\u00e4sterskapets verksamhet"}]},{"@type":"WebSite","@id":"https:\/\/veteraanienperinto.fi\/#website","url":"https:\/\/veteraanienperinto.fi\/","name":"Veteraanien Perint\u00f6","description":"Kadettikunta","potentialAction":[{"@type":"SearchAction","target":{"@type":"EntryPoint","urlTemplate":"https:\/\/veteraanienperinto.fi\/?s={search_term_string}"},"query-input":{"@type":"PropertyValueSpecification","valueRequired":true,"valueName":"search_term_string"}}],"inLanguage":"fi"}]}},"_links":{"self":[{"href":"https:\/\/veteraanienperinto.fi\/index.php\/wp-json\/wp\/v2\/pages\/6580","targetHints":{"allow":["GET"]}}],"collection":[{"href":"https:\/\/veteraanienperinto.fi\/index.php\/wp-json\/wp\/v2\/pages"}],"about":[{"href":"https:\/\/veteraanienperinto.fi\/index.php\/wp-json\/wp\/v2\/types\/page"}],"author":[{"embeddable":true,"href":"https:\/\/veteraanienperinto.fi\/index.php\/wp-json\/wp\/v2\/users\/1"}],"replies":[{"embeddable":true,"href":"https:\/\/veteraanienperinto.fi\/index.php\/wp-json\/wp\/v2\/comments?post=6580"}],"version-history":[{"count":4,"href":"https:\/\/veteraanienperinto.fi\/index.php\/wp-json\/wp\/v2\/pages\/6580\/revisions"}],"predecessor-version":[{"id":10212,"href":"https:\/\/veteraanienperinto.fi\/index.php\/wp-json\/wp\/v2\/pages\/6580\/revisions\/10212"}],"up":[{"embeddable":true,"href":"https:\/\/veteraanienperinto.fi\/index.php\/wp-json\/wp\/v2\/pages\/6539"}],"wp:attachment":[{"href":"https:\/\/veteraanienperinto.fi\/index.php\/wp-json\/wp\/v2\/media?parent=6580"}],"curies":[{"name":"wp","href":"https:\/\/api.w.org\/{rel}","templated":true}]}}