{"id":6604,"date":"2020-11-19T14:01:21","date_gmt":"2020-11-19T14:01:21","guid":{"rendered":"https:\/\/veteraani.ylirotu.fi\/?page_id=6604"},"modified":"2021-01-13T18:13:42","modified_gmt":"2021-01-13T18:13:42","slug":"muistoristit-ja-mitalit-sve-nikolai","status":"publish","type":"page","link":"https:\/\/veteraanienperinto.fi\/index.php\/sv\/infobank\/muistoristit-ja-mitalit-sve-nikolai\/","title":{"rendered":"Minneskors och -medaljer"},"content":{"rendered":"<div id='full_slider_1'  class='avia-fullwidth-slider main_color avia-shadow   avia-builder-el-0  el_before_av_heading  avia-builder-el-first   container_wrap sidebar_right'  ><div  class='avia-slideshow av-kh3ucrci-647fca7f5e73e9ce057388ecd8773b89 avia-slideshow-featured av_slideshow_full avia-slide-slider av-slideshow-ui av-control-default av-slideshow-manual av-loop-once av-loop-manual-endless av-default-height-applied   avia-slideshow-1' data-slideshow-options=\"{&quot;animation&quot;:&quot;slide&quot;,&quot;autoplay&quot;:false,&quot;loop_autoplay&quot;:&quot;once&quot;,&quot;interval&quot;:5,&quot;loop_manual&quot;:&quot;manual-endless&quot;,&quot;autoplay_stopper&quot;:false,&quot;noNavigation&quot;:false,&quot;bg_slider&quot;:false,&quot;keep_padding&quot;:false,&quot;hoverpause&quot;:false,&quot;show_slide_delay&quot;:0}\"  itemprop=\"image\" itemscope=\"itemscope\" itemtype=\"https:\/\/schema.org\/ImageObject\" ><ul class='avia-slideshow-inner ' style='padding-bottom: 28.666666666667%;'><li  class='avia-slideshow-slide av-kh3ucrci-647fca7f5e73e9ce057388ecd8773b89__0  av-single-slide slide-1 slide-odd'><div data-rel='slideshow-1' class='avia-slide-wrap '   ><div class='av-slideshow-caption av-kh3ucrci-647fca7f5e73e9ce057388ecd8773b89__0 caption_fullwidth caption_bottom caption_bottom_framed caption_framed'><div class=\"container caption_container\"><div class=\"slideshow_caption\"><div class=\"slideshow_inner_caption\"><div class=\"slideshow_align_caption\"><div class='avia-caption-content '  itemprop=\"description\" ><p>Generall\u00f6jtnant Oscar Enckell delar ut medaljerna den 20 maj 1940<\/p>\n<\/div><\/div><\/div><\/div><\/div><\/div><img decoding=\"async\" fetchpriority=\"high\" class=\"wp-image-5021 avia-img-lazy-loading-not-5021\"  src=\"https:\/\/veteraanienperinto.fi\/wp-content\/uploads\/2020\/11\/kunniamerkkienjako-1500x430.png\" width=\"1500\" height=\"430\" title='kunniamerkkienjako' alt=''  itemprop=\"thumbnailUrl\" srcset=\"https:\/\/veteraanienperinto.fi\/wp-content\/uploads\/2020\/11\/kunniamerkkienjako.png 1500w, https:\/\/veteraanienperinto.fi\/wp-content\/uploads\/2020\/11\/kunniamerkkienjako-300x86.png 300w, https:\/\/veteraanienperinto.fi\/wp-content\/uploads\/2020\/11\/kunniamerkkienjako-1030x295.png 1030w, https:\/\/veteraanienperinto.fi\/wp-content\/uploads\/2020\/11\/kunniamerkkienjako-768x220.png 768w, https:\/\/veteraanienperinto.fi\/wp-content\/uploads\/2020\/11\/kunniamerkkienjako-705x202.png 705w\" sizes=\"(max-width: 1500px) 100vw, 1500px\" \/><\/div><\/li><\/ul><\/div><\/div><div id='after_full_slider_1'  class='main_color av_default_container_wrap container_wrap sidebar_right'  ><div class='container av-section-cont-open' ><div class='template-page content  av-content-small alpha units'><div class='post-entry post-entry-type-page post-entry-6604'><div class='entry-content-wrapper clearfix'>\n\n<style type=\"text\/css\" data-created_by=\"avia_inline_auto\" id=\"style-css-av-av_heading-b6f3bc7fe560e9eaf63664a824dc1f66\">\n#top .av-special-heading.av-av_heading-b6f3bc7fe560e9eaf63664a824dc1f66{\npadding-bottom:10px;\n}\nbody .av-special-heading.av-av_heading-b6f3bc7fe560e9eaf63664a824dc1f66 .av-special-heading-tag .heading-char{\nfont-size:25px;\n}\n.av-special-heading.av-av_heading-b6f3bc7fe560e9eaf63664a824dc1f66 .av-subheading{\nfont-size:15px;\n}\n<\/style>\n<div  class='av-special-heading av-av_heading-b6f3bc7fe560e9eaf63664a824dc1f66 av-special-heading-h2  avia-builder-el-1  el_after_av_slideshow_full  el_before_av_one_half  avia-builder-el-first '><h2 class='av-special-heading-tag'  itemprop=\"headline\"  >Minneskors och -medaljer<\/h2><div class=\"special-heading-border\"><div class=\"special-heading-inner-border\"><\/div><\/div><\/div>\n\n<style type=\"text\/css\" data-created_by=\"avia_inline_auto\" id=\"style-css-av-1elyd7-0fb91d515969ab78b1e19b214f2c9e53\">\n.flex_column.av-1elyd7-0fb91d515969ab78b1e19b214f2c9e53{\nborder-radius:0px 0px 0px 0px;\npadding:0px 0px 0px 0px;\n}\n<\/style>\n<div  class='flex_column av-1elyd7-0fb91d515969ab78b1e19b214f2c9e53 av_one_half  avia-builder-el-2  el_after_av_heading  el_before_av_one_half  first flex_column_div av-zero-column-padding  '     ><p>\n<style type=\"text\/css\" data-created_by=\"avia_inline_auto\" id=\"style-css-av-18nx4b-8e59bc21b67800cd9c6db5ea1710a750\">\n.avia-image-container.av-18nx4b-8e59bc21b67800cd9c6db5ea1710a750 img.avia_image{\nbox-shadow:none;\n}\n.avia-image-container.av-18nx4b-8e59bc21b67800cd9c6db5ea1710a750 .av-image-caption-overlay-center{\ncolor:#ffffff;\n}\n<\/style>\n<div  class='avia-image-container av-18nx4b-8e59bc21b67800cd9c6db5ea1710a750 av-styling- avia-align-center  avia-builder-el-3  el_before_av_textblock  avia-builder-el-first '   itemprop=\"image\" itemscope=\"itemscope\" itemtype=\"https:\/\/schema.org\/ImageObject\" ><div class=\"avia-image-container-inner\"><div class=\"avia-image-overlay-wrap\"><a href=\"https:\/\/veteraanienperinto.fi\/index.php\/tietopankit\/muistoristit\/talvisodan-muistoristit\/\" class='avia_image'  aria-label='123268522_347202699911587_2508808984259711292_n'><img decoding=\"async\" fetchpriority=\"high\" class='wp-image-4987 avia-img-lazy-loading-not-4987 avia_image ' src=\"https:\/\/veteraanienperinto.fi\/wp-content\/uploads\/2020\/11\/123268522_347202699911587_2508808984259711292_n-180x180.png\" alt='' title='123268522_347202699911587_2508808984259711292_n'  height=\"180\" width=\"180\"  itemprop=\"thumbnailUrl\" srcset=\"https:\/\/veteraanienperinto.fi\/wp-content\/uploads\/2020\/11\/123268522_347202699911587_2508808984259711292_n-180x180.png 180w, https:\/\/veteraanienperinto.fi\/wp-content\/uploads\/2020\/11\/123268522_347202699911587_2508808984259711292_n-300x300.png 300w, https:\/\/veteraanienperinto.fi\/wp-content\/uploads\/2020\/11\/123268522_347202699911587_2508808984259711292_n-80x80.png 80w, https:\/\/veteraanienperinto.fi\/wp-content\/uploads\/2020\/11\/123268522_347202699911587_2508808984259711292_n-36x36.png 36w, https:\/\/veteraanienperinto.fi\/wp-content\/uploads\/2020\/11\/123268522_347202699911587_2508808984259711292_n.png 419w\" sizes=\"(max-width: 180px) 100vw, 180px\" \/><\/a><\/div><\/div><\/div><br \/>\n<section  class='av_textblock_section av-kdsbg70l-f5dc09215ab849fc95239b9908ea1c6a '   itemscope=\"itemscope\" itemtype=\"https:\/\/schema.org\/CreativeWork\" ><div class='avia_textblock'  itemprop=\"text\" ><p style=\"text-align: center;\">Vinterkrigets<br \/>\nminnesmedalj<\/p>\n<\/div><\/section><\/p><\/div>\n\n<style type=\"text\/css\" data-created_by=\"avia_inline_auto\" id=\"style-css-av-157r7n-8ffb54565b881f638f155c4a1c0d9869\">\n.flex_column.av-157r7n-8ffb54565b881f638f155c4a1c0d9869{\nborder-radius:0px 0px 0px 0px;\npadding:0px 0px 0px 0px;\n}\n<\/style>\n<div  class='flex_column av-157r7n-8ffb54565b881f638f155c4a1c0d9869 av_one_half  avia-builder-el-5  el_after_av_one_half  el_before_av_textblock  flex_column_div av-zero-column-padding  '     ><p>\n<style type=\"text\/css\" data-created_by=\"avia_inline_auto\" id=\"style-css-av-xz1er-a57d1452f492d7483d83f463846b0077\">\n.avia-image-container.av-xz1er-a57d1452f492d7483d83f463846b0077 img.avia_image{\nbox-shadow:none;\n}\n.avia-image-container.av-xz1er-a57d1452f492d7483d83f463846b0077 .av-image-caption-overlay-center{\ncolor:#ffffff;\n}\n<\/style>\n<div  class='avia-image-container av-xz1er-a57d1452f492d7483d83f463846b0077 av-styling- avia-align-center  avia-builder-el-6  el_before_av_textblock  avia-builder-el-first '   itemprop=\"image\" itemscope=\"itemscope\" itemtype=\"https:\/\/schema.org\/ImageObject\" ><div class=\"avia-image-container-inner\"><div class=\"avia-image-overlay-wrap\"><a href=\"https:\/\/veteraanienperinto.fi\/index.php\/tietopankit\/muistoristit\/jatkosodan-muistoristit\/\" class='avia_image'  aria-label='123225335_713555979252916_4074825698572783309_n'><img decoding=\"async\" fetchpriority=\"high\" class='wp-image-4986 avia-img-lazy-loading-not-4986 avia_image ' src=\"https:\/\/veteraanienperinto.fi\/wp-content\/uploads\/2020\/11\/123225335_713555979252916_4074825698572783309_n-180x180.png\" alt='' title='123225335_713555979252916_4074825698572783309_n'  height=\"180\" width=\"180\"  itemprop=\"thumbnailUrl\" srcset=\"https:\/\/veteraanienperinto.fi\/wp-content\/uploads\/2020\/11\/123225335_713555979252916_4074825698572783309_n-180x180.png 180w, https:\/\/veteraanienperinto.fi\/wp-content\/uploads\/2020\/11\/123225335_713555979252916_4074825698572783309_n-300x300.png 300w, https:\/\/veteraanienperinto.fi\/wp-content\/uploads\/2020\/11\/123225335_713555979252916_4074825698572783309_n-80x80.png 80w, https:\/\/veteraanienperinto.fi\/wp-content\/uploads\/2020\/11\/123225335_713555979252916_4074825698572783309_n-36x36.png 36w, https:\/\/veteraanienperinto.fi\/wp-content\/uploads\/2020\/11\/123225335_713555979252916_4074825698572783309_n.png 419w\" sizes=\"(max-width: 180px) 100vw, 180px\" \/><\/a><\/div><\/div><\/div><br \/>\n<section  class='av_textblock_section av-kdsbghql-3654d9d4884834fe6a76ae332030ce9b '   itemscope=\"itemscope\" itemtype=\"https:\/\/schema.org\/CreativeWork\" ><div class='avia_textblock'  itemprop=\"text\" ><p style=\"text-align: center;\">Forts\u00e4ttning Krigets<br \/>\nminnesmedalj<\/p>\n<\/div><\/section><\/p><\/div>\n<section  class='av_textblock_section av-kh3sujhk-b623857bd10297cd85eb9b7883e38321 '   itemscope=\"itemscope\" itemtype=\"https:\/\/schema.org\/CreativeWork\" ><div class='avia_textblock'  itemprop=\"text\" ><h3>FINSKA KRIGER 1939-1945<br \/>\nREGLER F\u00d6R MINNESKORS, \u00a7:t 3-10<\/h3>\n<p>3 \u00a7<\/p>\n<p>Memorial Crosses utf\u00e4rdas av Finska krigets I939-1945 Memorial Cross Committee, som \u00e4r styrelsen f\u00f6r War Invalids &#8217;Brothers&#8217; Union, efter samr\u00e5d med minst tv\u00e5 personer som tj\u00e4nstgjorde i ber\u00f6rda styrkor eller deras valda representanter.<\/p>\n<p>4\u00a7<\/p>\n<p>R\u00e4tten till ett minneskors har en person som har tillh\u00f6rt beh\u00f6riga regemente. En person som under kriget har gjort sig skyldig till en f\u00f6rol\u00e4mpning mot en soldats \u00e4ra borde dock inte ha r\u00e4tt till ett minneskors. dock, om en s\u00e5dan person har deltagit med stor f\u00f6rtj\u00e4nst i fientligheter under fiendens eld, kan han anses vara ber\u00e4ttigad till ett minneskors.<\/p>\n<p>5 \u00a7.<\/p>\n<p>En titelgods levereras med minneskorset.<\/p>\n<p>6 \u00a7.<\/p>\n<p>Minneskorset b\u00e4rs p\u00e5 br\u00f6stet, i ett band f\u00e4st p\u00e5 sin v\u00e4nstra sida efter insignierna, korset som erh\u00e5llits fr\u00e5n aktiviteterna under vinterkriget innan korset erh\u00e5llits fr\u00e5n forts\u00e4ttningskriget. Endast ett minneskors fr\u00e5n vinterkriget och ett fr\u00e5n forts\u00e4ttningskriget f\u00e5r b\u00e4ras \u00e5t g\u00e5ngen.<\/p>\n<p>7\u00a7<\/p>\n<p>De personer som minneskorset har tilldelats ska f\u00f6ra en lista eller kortmapp \u00f6ver finska minneskrig 1939-1945 med angivande av korsfararnas v\u00e4rde eller yrke, deras fullst\u00e4ndiga namn, f\u00f6delsedatum och f\u00f6delseort och den enhet d\u00e4r de tj\u00e4nade under kriget.<\/p>\n<p>8 \u00a7<\/p>\n<p>Kostnaderna f\u00f6r minneskorset ska b\u00e4ras av de ber\u00f6rda parterna<\/p>\n<p>9 \u00a7<\/p>\n<p>Enligt kommitt\u00e9n f\u00f6r minnet av finska krig 1939-1945 kan ovan n\u00e4mnda tidigare distribuerade minneskors anses ha givits i enlighet med dessa regler.<\/p>\n<p>10 \u00a7<\/p>\n<p>N\u00e4rmare f\u00f6reskrifter utf\u00e4rdas av f\u00f6rsvarsministeriet p\u00e5 f\u00f6rslag fr\u00e5n Finska krigsminneskorskommissionen 1939-1945.<\/p>\n<\/div><\/section>\n","protected":false},"excerpt":{"rendered":"","protected":false},"author":1,"featured_media":0,"parent":6331,"menu_order":10,"comment_status":"closed","ping_status":"closed","template":"","meta":{"footnotes":""},"class_list":["post-6604","page","type-page","status-publish","hentry"],"yoast_head":"<!-- This site is optimized with the Yoast SEO plugin v27.4 - https:\/\/yoast.com\/product\/yoast-seo-wordpress\/ -->\n<title>Minneskors och -medaljer - Veteraanien Perint\u00f6<\/title>\n<meta name=\"robots\" content=\"index, follow, max-snippet:-1, max-image-preview:large, max-video-preview:-1\" \/>\n<link rel=\"canonical\" href=\"https:\/\/veteraanienperinto.fi\/index.php\/sv\/infobank\/muistoristit-ja-mitalit-sve-nikolai\/\" \/>\n<meta property=\"og:locale\" content=\"fi_FI\" \/>\n<meta property=\"og:type\" content=\"article\" \/>\n<meta property=\"og:title\" content=\"Minneskors och -medaljer - Veteraanien Perint\u00f6\" \/>\n<meta property=\"og:url\" content=\"https:\/\/veteraanienperinto.fi\/index.php\/sv\/infobank\/muistoristit-ja-mitalit-sve-nikolai\/\" \/>\n<meta property=\"og:site_name\" content=\"Veteraanien Perint\u00f6\" \/>\n<meta property=\"article:modified_time\" content=\"2021-01-13T18:13:42+00:00\" \/>\n<meta name=\"twitter:card\" content=\"summary_large_image\" \/>\n<meta name=\"twitter:label1\" content=\"Arvioitu lukuaika\" \/>\n\t<meta name=\"twitter:data1\" content=\"5 minuuttia\" \/>\n<script type=\"application\/ld+json\" class=\"yoast-schema-graph\">{\"@context\":\"https:\\\/\\\/schema.org\",\"@graph\":[{\"@type\":\"WebPage\",\"@id\":\"https:\\\/\\\/veteraanienperinto.fi\\\/index.php\\\/sv\\\/infobank\\\/muistoristit-ja-mitalit-sve-nikolai\\\/\",\"url\":\"https:\\\/\\\/veteraanienperinto.fi\\\/index.php\\\/sv\\\/infobank\\\/muistoristit-ja-mitalit-sve-nikolai\\\/\",\"name\":\"Minneskors och -medaljer - Veteraanien Perint\u00f6\",\"isPartOf\":{\"@id\":\"https:\\\/\\\/veteraanienperinto.fi\\\/#website\"},\"datePublished\":\"2020-11-19T14:01:21+00:00\",\"dateModified\":\"2021-01-13T18:13:42+00:00\",\"breadcrumb\":{\"@id\":\"https:\\\/\\\/veteraanienperinto.fi\\\/index.php\\\/sv\\\/infobank\\\/muistoristit-ja-mitalit-sve-nikolai\\\/#breadcrumb\"},\"inLanguage\":\"fi\",\"potentialAction\":[{\"@type\":\"ReadAction\",\"target\":[\"https:\\\/\\\/veteraanienperinto.fi\\\/index.php\\\/sv\\\/infobank\\\/muistoristit-ja-mitalit-sve-nikolai\\\/\"]}]},{\"@type\":\"BreadcrumbList\",\"@id\":\"https:\\\/\\\/veteraanienperinto.fi\\\/index.php\\\/sv\\\/infobank\\\/muistoristit-ja-mitalit-sve-nikolai\\\/#breadcrumb\",\"itemListElement\":[{\"@type\":\"ListItem\",\"position\":1,\"name\":\"Etusivu\",\"item\":\"https:\\\/\\\/veteraanienperinto.fi\\\/index.php\\\/etusivu-2\\\/\"},{\"@type\":\"ListItem\",\"position\":2,\"name\":\"Infobank\",\"item\":\"https:\\\/\\\/veteraanienperinto.fi\\\/index.php\\\/sv\\\/infobank\\\/\"},{\"@type\":\"ListItem\",\"position\":3,\"name\":\"Minneskors och -medaljer\"}]},{\"@type\":\"WebSite\",\"@id\":\"https:\\\/\\\/veteraanienperinto.fi\\\/#website\",\"url\":\"https:\\\/\\\/veteraanienperinto.fi\\\/\",\"name\":\"Veteraanien Perint\u00f6\",\"description\":\"Kadettikunta\",\"potentialAction\":[{\"@type\":\"SearchAction\",\"target\":{\"@type\":\"EntryPoint\",\"urlTemplate\":\"https:\\\/\\\/veteraanienperinto.fi\\\/?s={search_term_string}\"},\"query-input\":{\"@type\":\"PropertyValueSpecification\",\"valueRequired\":true,\"valueName\":\"search_term_string\"}}],\"inLanguage\":\"fi\"}]}<\/script>\n<!-- \/ Yoast SEO plugin. -->","yoast_head_json":{"title":"Minneskors och -medaljer - Veteraanien Perint\u00f6","robots":{"index":"index","follow":"follow","max-snippet":"max-snippet:-1","max-image-preview":"max-image-preview:large","max-video-preview":"max-video-preview:-1"},"canonical":"https:\/\/veteraanienperinto.fi\/index.php\/sv\/infobank\/muistoristit-ja-mitalit-sve-nikolai\/","og_locale":"fi_FI","og_type":"article","og_title":"Minneskors och -medaljer - Veteraanien Perint\u00f6","og_url":"https:\/\/veteraanienperinto.fi\/index.php\/sv\/infobank\/muistoristit-ja-mitalit-sve-nikolai\/","og_site_name":"Veteraanien Perint\u00f6","article_modified_time":"2021-01-13T18:13:42+00:00","twitter_card":"summary_large_image","twitter_misc":{"Arvioitu lukuaika":"5 minuuttia"},"schema":{"@context":"https:\/\/schema.org","@graph":[{"@type":"WebPage","@id":"https:\/\/veteraanienperinto.fi\/index.php\/sv\/infobank\/muistoristit-ja-mitalit-sve-nikolai\/","url":"https:\/\/veteraanienperinto.fi\/index.php\/sv\/infobank\/muistoristit-ja-mitalit-sve-nikolai\/","name":"Minneskors och -medaljer - Veteraanien Perint\u00f6","isPartOf":{"@id":"https:\/\/veteraanienperinto.fi\/#website"},"datePublished":"2020-11-19T14:01:21+00:00","dateModified":"2021-01-13T18:13:42+00:00","breadcrumb":{"@id":"https:\/\/veteraanienperinto.fi\/index.php\/sv\/infobank\/muistoristit-ja-mitalit-sve-nikolai\/#breadcrumb"},"inLanguage":"fi","potentialAction":[{"@type":"ReadAction","target":["https:\/\/veteraanienperinto.fi\/index.php\/sv\/infobank\/muistoristit-ja-mitalit-sve-nikolai\/"]}]},{"@type":"BreadcrumbList","@id":"https:\/\/veteraanienperinto.fi\/index.php\/sv\/infobank\/muistoristit-ja-mitalit-sve-nikolai\/#breadcrumb","itemListElement":[{"@type":"ListItem","position":1,"name":"Etusivu","item":"https:\/\/veteraanienperinto.fi\/index.php\/etusivu-2\/"},{"@type":"ListItem","position":2,"name":"Infobank","item":"https:\/\/veteraanienperinto.fi\/index.php\/sv\/infobank\/"},{"@type":"ListItem","position":3,"name":"Minneskors och -medaljer"}]},{"@type":"WebSite","@id":"https:\/\/veteraanienperinto.fi\/#website","url":"https:\/\/veteraanienperinto.fi\/","name":"Veteraanien Perint\u00f6","description":"Kadettikunta","potentialAction":[{"@type":"SearchAction","target":{"@type":"EntryPoint","urlTemplate":"https:\/\/veteraanienperinto.fi\/?s={search_term_string}"},"query-input":{"@type":"PropertyValueSpecification","valueRequired":true,"valueName":"search_term_string"}}],"inLanguage":"fi"}]}},"_links":{"self":[{"href":"https:\/\/veteraanienperinto.fi\/index.php\/wp-json\/wp\/v2\/pages\/6604","targetHints":{"allow":["GET"]}}],"collection":[{"href":"https:\/\/veteraanienperinto.fi\/index.php\/wp-json\/wp\/v2\/pages"}],"about":[{"href":"https:\/\/veteraanienperinto.fi\/index.php\/wp-json\/wp\/v2\/types\/page"}],"author":[{"embeddable":true,"href":"https:\/\/veteraanienperinto.fi\/index.php\/wp-json\/wp\/v2\/users\/1"}],"replies":[{"embeddable":true,"href":"https:\/\/veteraanienperinto.fi\/index.php\/wp-json\/wp\/v2\/comments?post=6604"}],"version-history":[{"count":10,"href":"https:\/\/veteraanienperinto.fi\/index.php\/wp-json\/wp\/v2\/pages\/6604\/revisions"}],"predecessor-version":[{"id":9386,"href":"https:\/\/veteraanienperinto.fi\/index.php\/wp-json\/wp\/v2\/pages\/6604\/revisions\/9386"}],"up":[{"embeddable":true,"href":"https:\/\/veteraanienperinto.fi\/index.php\/wp-json\/wp\/v2\/pages\/6331"}],"wp:attachment":[{"href":"https:\/\/veteraanienperinto.fi\/index.php\/wp-json\/wp\/v2\/media?parent=6604"}],"curies":[{"name":"wp","href":"https:\/\/api.w.org\/{rel}","templated":true}]}}