{"id":6624,"date":"2020-11-19T14:15:06","date_gmt":"2020-11-19T14:15:06","guid":{"rendered":"https:\/\/veteraani.ylirotu.fi\/?page_id=6624"},"modified":"2020-12-18T12:48:07","modified_gmt":"2020-12-18T12:48:07","slug":"de-forsta-yttringarna","status":"publish","type":"page","link":"https:\/\/veteraanienperinto.fi\/index.php\/sv\/infobank\/berattelser-info\/fore-sjalvstandigheten\/de-forsta-yttringarna\/","title":{"rendered":"De f\u00f6rsta yttringarna"},"content":{"rendered":"\n<style type=\"text\/css\" data-created_by=\"avia_inline_auto\" id=\"style-css-av-kiu9p3su-ad5d20a03e6fed2891b9d502b32bfd7f\">\n#top .av-special-heading.av-kiu9p3su-ad5d20a03e6fed2891b9d502b32bfd7f{\npadding-bottom:10px;\n}\nbody .av-special-heading.av-kiu9p3su-ad5d20a03e6fed2891b9d502b32bfd7f .av-special-heading-tag .heading-char{\nfont-size:25px;\n}\n.av-special-heading.av-kiu9p3su-ad5d20a03e6fed2891b9d502b32bfd7f .av-subheading{\nfont-size:15px;\n}\n<\/style>\n<div  class='av-special-heading av-kiu9p3su-ad5d20a03e6fed2891b9d502b32bfd7f av-special-heading-h3  avia-builder-el-0  el_before_av_textblock  avia-builder-el-first '><h3 class='av-special-heading-tag'  itemprop=\"headline\"  >De f\u00f6rsta yttringarna<\/h3><div class=\"special-heading-border\"><div class=\"special-heading-inner-border\"><\/div><\/div><\/div>\n<section  class='av_textblock_section av-kek0ol8w-0f04af88ec907b2c66cea4bf3dbe1d4c '   itemscope=\"itemscope\" itemtype=\"https:\/\/schema.org\/CreativeWork\" ><div class='avia_textblock'  itemprop=\"text\" ><p>I februari 1900 f\u00f6rlades avdelningar av det ryska gendarmeriet till Finland. Gendarmerna betraktades med r\u00e4tta som Bobrikovs spioner, och det hat man k\u00e4nde till generalguvern\u00f6ren drabbade \u00e4ven dem. De f\u00f6rsta uttryck aktivismen i s\u00f6dra Svensk\u00f6sterbotten tog sig var riktade mot gendarmerna och b\u00f6r fr\u00e4mst rubriceras som illd\u00e5d och of\u00f6rsk\u00e4mdheter.<\/p>\n<p>Klagom\u00e5l kom f\u00f6rst fr\u00e5n Kask\u00f6. D\u00e4r blev underofficeren I. Rosoff utsatt f\u00f6r f\u00f6rf\u00f6ljelse, s\u00e5 att han till slut inte v\u00e5gade sig ut efter m\u00f6rkrets in-brott, och n\u00e4r han h\u00f6ll sig inne, bombarderades hans hus med stenar.<\/p>\n<p>Att be polisen om hj\u00e4lp var l\u00f6nl\u00f6st, ty konstapel J. A. \u00c5berg hade l\u00e5tit f\u00f6rst\u00e5, att ingen hj\u00e4lp var att v\u00e4nta. Rosoff anh\u00f6ll om f\u00f6rst\u00e4rkning, och underofficeren H. Akerberg kommenderades fr\u00e4n Vasa till Kask\u00f6. \u00c5berg hade vid underr\u00e4ttelsen om f\u00f6rst\u00e4rkningen sagt, att om Akerberg kom till Kask\u00f6, skulle han bli bunden och skickad tillbaka till Vasa. &#8221;Se, ett s\u00e5dant erk\u00e4nnande ge vi \u00e5t gendarmerna&#8221;, l\u00e4r han ha avslutat sin hotelse med. Bj\u00f6rnberg uppmanades att bist\u00e5 Rosoff, &#8221;om s\u00e5 kr\u00e4fvs med vapenmakt&#8221;.<\/p>\n<p>Akerberg kom till Kask\u00f6 och r\u00e5kade ut f\u00f6r likadan behandling som Rosoff. Han v\u00e4cktes ideligen p\u00e5 n\u00e4tterna, men det var om\u00f6jligt att f\u00e4 tag p\u00e5 fridsst\u00f6rarna, eftersom inga poliser patrullerade gatorna.<\/p>\n<p>Bj\u00f6rnberg uppmanade magistraten att f\u00f6reta unders\u00f6kning i anledning av klagom\u00e5len, och n\u00e5gra personer togs i f\u00f6rh\u00f6r, men ingenting framgick, som skulle ha kunnat leda till \u00e5tal. Huvudvittnet, nattvakten J. \u00d6sterholm, p\u00e5stod sig inte ha h\u00f6rt n\u00e5got misst\u00e4nkt under sina vaktturer. Det var tydligt att befolkningen sammansvurit sig mot gendarmerna. Trots att dessa sm\u00e5ningom lyckades f\u00e5 \u00e5tal v\u00e4ckt mot ett par personer, blev domen frik\u00e4nnande i brist p\u00e5 bevis.<\/p>\n<p>Underofficeren G. D. Novikoff i Vasa blev antastad p\u00e5 gatan av tre personer, som efter att ha hotat honom med stryk ropade: &#8221;Satans rysse, ni \u00e4ro alla med er tsar dj\u00e4flar och svin&#8221;. Magistraten ingrep i anledning av majest\u00e4tsbrottet, men de inblandade gav en egen version av h\u00e4ndelsef\u00f6rloppet och sina yttranden. Deras uttalanden st\u00f6ddes av en kvinna, som varit vittne till h\u00e4ndelsen, och s\u00e5 fick saken f\u00f6rfalla.<\/p>\n<p>Ett unikt exempel p\u00e5 ansatser till aktivt motst\u00e5nd i stor omfattning \u00e4r en budkavle, som f\u00f6rvaras i \u00f6sterbottens museum i Vasa. Den \u00e4r svarvad av bj\u00f6rk och daterad den i januari 1902. D\u00e5 mag.. A. Appelgren \u00e4r 1922 bes\u00f6kte Havrasgr\u00e4nden 4 Malax, fick han den av J. V. Staf, som ber\u00e4ttade, att han svarvat den i ilska \u00f6ver Bobrikovs \u00e5tg\u00e4rder. Staf ans\u00e5g ny\u00e5rsdagen 1902, att en v\u00e4pnad folkresning var det enda t\u00e4nkbara inf\u00f6r de m\u00f6rknande framtidsutsikterna .<\/p>\n<p>I oktober 1903 skrev A. M\u00f6rne i Veckans Nyheter en artikel med rubriken *Det passiva motst\u00e5ndet och r\u00e4tten till n\u00f6dv\u00e4rn,&#8221;. Han framh\u00f6ll bl.a.: &#8217;Vi m\u00e5ste g\u00f6ra ett motst\u00e5nd, som synes och h\u00f6rs och k\u00e4nns, ett motst\u00e5nd, som jagar fruktan i fienden &#8230; Vi kunna i enskilda fall gripa till n\u00f6dv\u00e4rn!&#8217; Bodenm\u00f6tet framf\u00f6rde f\u00f6ljande \u00e4r liknande tankar, men f\u00f6re det hade de anammats av studerandena 0. Erikson och K. Westlin i Vasa.<\/p>\n<p>Polism\u00e4stare af Enehjelm var impopul\u00e4r fr\u00e5n f\u00f6rsta stund, och de b\u00e5da ynglingarna planerade ett attentat mot honom. Det skulle ske i Gustavsborgsparken den 2 januari 1904. Bev\u00e4pnade med pistoler och knivar v\u00e4ntade de p\u00e5 att polism\u00e4staren, som lockats dit, skulle komma. Denne hade dock f\u00e5tt nys om attentatsplanen och s\u00e4nde en polisstyrka till parken, d\u00e4r studenterna avv\u00e4pnades och arresterades. Vid f\u00f6rh\u00f6ren medgav de att de v\u00e4ntat p\u00e5 polism\u00e4staren men f\u00f6rnekade, att de t\u00e4nkt m\u00f6rda honom. De sade sig bara ha haft f\u00f6r avsikt att misshandla honom, eftersom han genom sitt handlande bidragit till resultatet av 1903 \u00e5rs v\u00e4rnpliktsuppb\u00e4d. Vapeninnehavet motiverade de med att de inte p\u00e5 f\u00f6rhand kunde veta, vilka &#8221;omst\u00e4ndigheterna&#8221; skulle bli. Deras straff blev deportation till Ural-omr\u00e4det.<\/p>\n<p><strong><em>Ur boken:<\/em><\/strong><br \/>\n<em>Nils-Erik Nykvist: Aktivism och passivt motst\u00e5nd i s\u00f6dra Svenk\u00f6sterbotten<\/em><\/p>\n<\/div><\/section>\n","protected":false},"excerpt":{"rendered":"","protected":false},"author":1,"featured_media":0,"parent":6620,"menu_order":0,"comment_status":"closed","ping_status":"closed","template":"","meta":{"footnotes":""},"class_list":["post-6624","page","type-page","status-publish","hentry"],"yoast_head":"<!-- This site is optimized with the Yoast SEO plugin v27.4 - https:\/\/yoast.com\/product\/yoast-seo-wordpress\/ -->\n<title>De f\u00f6rsta yttringarna - Veteraanien Perint\u00f6<\/title>\n<meta name=\"robots\" content=\"index, follow, max-snippet:-1, max-image-preview:large, max-video-preview:-1\" \/>\n<link rel=\"canonical\" href=\"https:\/\/veteraanienperinto.fi\/index.php\/sv\/infobank\/berattelser-info\/fore-sjalvstandigheten\/de-forsta-yttringarna\/\" \/>\n<meta property=\"og:locale\" content=\"fi_FI\" \/>\n<meta property=\"og:type\" content=\"article\" \/>\n<meta property=\"og:title\" content=\"De f\u00f6rsta yttringarna - Veteraanien Perint\u00f6\" \/>\n<meta property=\"og:url\" content=\"https:\/\/veteraanienperinto.fi\/index.php\/sv\/infobank\/berattelser-info\/fore-sjalvstandigheten\/de-forsta-yttringarna\/\" \/>\n<meta property=\"og:site_name\" content=\"Veteraanien Perint\u00f6\" \/>\n<meta property=\"article:modified_time\" content=\"2020-12-18T12:48:07+00:00\" \/>\n<meta name=\"twitter:card\" content=\"summary_large_image\" \/>\n<meta name=\"twitter:label1\" content=\"Arvioitu lukuaika\" \/>\n\t<meta name=\"twitter:data1\" content=\"4 minuuttia\" \/>\n<script type=\"application\/ld+json\" class=\"yoast-schema-graph\">{\"@context\":\"https:\\\/\\\/schema.org\",\"@graph\":[{\"@type\":\"WebPage\",\"@id\":\"https:\\\/\\\/veteraanienperinto.fi\\\/index.php\\\/sv\\\/infobank\\\/berattelser-info\\\/fore-sjalvstandigheten\\\/de-forsta-yttringarna\\\/\",\"url\":\"https:\\\/\\\/veteraanienperinto.fi\\\/index.php\\\/sv\\\/infobank\\\/berattelser-info\\\/fore-sjalvstandigheten\\\/de-forsta-yttringarna\\\/\",\"name\":\"De f\u00f6rsta yttringarna - Veteraanien Perint\u00f6\",\"isPartOf\":{\"@id\":\"https:\\\/\\\/veteraanienperinto.fi\\\/#website\"},\"datePublished\":\"2020-11-19T14:15:06+00:00\",\"dateModified\":\"2020-12-18T12:48:07+00:00\",\"breadcrumb\":{\"@id\":\"https:\\\/\\\/veteraanienperinto.fi\\\/index.php\\\/sv\\\/infobank\\\/berattelser-info\\\/fore-sjalvstandigheten\\\/de-forsta-yttringarna\\\/#breadcrumb\"},\"inLanguage\":\"fi\",\"potentialAction\":[{\"@type\":\"ReadAction\",\"target\":[\"https:\\\/\\\/veteraanienperinto.fi\\\/index.php\\\/sv\\\/infobank\\\/berattelser-info\\\/fore-sjalvstandigheten\\\/de-forsta-yttringarna\\\/\"]}]},{\"@type\":\"BreadcrumbList\",\"@id\":\"https:\\\/\\\/veteraanienperinto.fi\\\/index.php\\\/sv\\\/infobank\\\/berattelser-info\\\/fore-sjalvstandigheten\\\/de-forsta-yttringarna\\\/#breadcrumb\",\"itemListElement\":[{\"@type\":\"ListItem\",\"position\":1,\"name\":\"Etusivu\",\"item\":\"https:\\\/\\\/veteraanienperinto.fi\\\/index.php\\\/etusivu-2\\\/\"},{\"@type\":\"ListItem\",\"position\":2,\"name\":\"Infobank\",\"item\":\"https:\\\/\\\/veteraanienperinto.fi\\\/index.php\\\/sv\\\/infobank\\\/\"},{\"@type\":\"ListItem\",\"position\":3,\"name\":\"Ber\u00e4ttelser\",\"item\":\"https:\\\/\\\/veteraanienperinto.fi\\\/index.php\\\/sv\\\/infobank\\\/berattelser-info\\\/\"},{\"@type\":\"ListItem\",\"position\":4,\"name\":\"F\u00f6re sj\u00e4lvst\u00e4ndigheten\",\"item\":\"https:\\\/\\\/veteraanienperinto.fi\\\/index.php\\\/sv\\\/infobank\\\/berattelser-info\\\/fore-sjalvstandigheten\\\/\"},{\"@type\":\"ListItem\",\"position\":5,\"name\":\"De f\u00f6rsta yttringarna\"}]},{\"@type\":\"WebSite\",\"@id\":\"https:\\\/\\\/veteraanienperinto.fi\\\/#website\",\"url\":\"https:\\\/\\\/veteraanienperinto.fi\\\/\",\"name\":\"Veteraanien Perint\u00f6\",\"description\":\"Kadettikunta\",\"potentialAction\":[{\"@type\":\"SearchAction\",\"target\":{\"@type\":\"EntryPoint\",\"urlTemplate\":\"https:\\\/\\\/veteraanienperinto.fi\\\/?s={search_term_string}\"},\"query-input\":{\"@type\":\"PropertyValueSpecification\",\"valueRequired\":true,\"valueName\":\"search_term_string\"}}],\"inLanguage\":\"fi\"}]}<\/script>\n<!-- \/ Yoast SEO plugin. -->","yoast_head_json":{"title":"De f\u00f6rsta yttringarna - Veteraanien Perint\u00f6","robots":{"index":"index","follow":"follow","max-snippet":"max-snippet:-1","max-image-preview":"max-image-preview:large","max-video-preview":"max-video-preview:-1"},"canonical":"https:\/\/veteraanienperinto.fi\/index.php\/sv\/infobank\/berattelser-info\/fore-sjalvstandigheten\/de-forsta-yttringarna\/","og_locale":"fi_FI","og_type":"article","og_title":"De f\u00f6rsta yttringarna - Veteraanien Perint\u00f6","og_url":"https:\/\/veteraanienperinto.fi\/index.php\/sv\/infobank\/berattelser-info\/fore-sjalvstandigheten\/de-forsta-yttringarna\/","og_site_name":"Veteraanien Perint\u00f6","article_modified_time":"2020-12-18T12:48:07+00:00","twitter_card":"summary_large_image","twitter_misc":{"Arvioitu lukuaika":"4 minuuttia"},"schema":{"@context":"https:\/\/schema.org","@graph":[{"@type":"WebPage","@id":"https:\/\/veteraanienperinto.fi\/index.php\/sv\/infobank\/berattelser-info\/fore-sjalvstandigheten\/de-forsta-yttringarna\/","url":"https:\/\/veteraanienperinto.fi\/index.php\/sv\/infobank\/berattelser-info\/fore-sjalvstandigheten\/de-forsta-yttringarna\/","name":"De f\u00f6rsta yttringarna - Veteraanien Perint\u00f6","isPartOf":{"@id":"https:\/\/veteraanienperinto.fi\/#website"},"datePublished":"2020-11-19T14:15:06+00:00","dateModified":"2020-12-18T12:48:07+00:00","breadcrumb":{"@id":"https:\/\/veteraanienperinto.fi\/index.php\/sv\/infobank\/berattelser-info\/fore-sjalvstandigheten\/de-forsta-yttringarna\/#breadcrumb"},"inLanguage":"fi","potentialAction":[{"@type":"ReadAction","target":["https:\/\/veteraanienperinto.fi\/index.php\/sv\/infobank\/berattelser-info\/fore-sjalvstandigheten\/de-forsta-yttringarna\/"]}]},{"@type":"BreadcrumbList","@id":"https:\/\/veteraanienperinto.fi\/index.php\/sv\/infobank\/berattelser-info\/fore-sjalvstandigheten\/de-forsta-yttringarna\/#breadcrumb","itemListElement":[{"@type":"ListItem","position":1,"name":"Etusivu","item":"https:\/\/veteraanienperinto.fi\/index.php\/etusivu-2\/"},{"@type":"ListItem","position":2,"name":"Infobank","item":"https:\/\/veteraanienperinto.fi\/index.php\/sv\/infobank\/"},{"@type":"ListItem","position":3,"name":"Ber\u00e4ttelser","item":"https:\/\/veteraanienperinto.fi\/index.php\/sv\/infobank\/berattelser-info\/"},{"@type":"ListItem","position":4,"name":"F\u00f6re sj\u00e4lvst\u00e4ndigheten","item":"https:\/\/veteraanienperinto.fi\/index.php\/sv\/infobank\/berattelser-info\/fore-sjalvstandigheten\/"},{"@type":"ListItem","position":5,"name":"De f\u00f6rsta yttringarna"}]},{"@type":"WebSite","@id":"https:\/\/veteraanienperinto.fi\/#website","url":"https:\/\/veteraanienperinto.fi\/","name":"Veteraanien Perint\u00f6","description":"Kadettikunta","potentialAction":[{"@type":"SearchAction","target":{"@type":"EntryPoint","urlTemplate":"https:\/\/veteraanienperinto.fi\/?s={search_term_string}"},"query-input":{"@type":"PropertyValueSpecification","valueRequired":true,"valueName":"search_term_string"}}],"inLanguage":"fi"}]}},"_links":{"self":[{"href":"https:\/\/veteraanienperinto.fi\/index.php\/wp-json\/wp\/v2\/pages\/6624","targetHints":{"allow":["GET"]}}],"collection":[{"href":"https:\/\/veteraanienperinto.fi\/index.php\/wp-json\/wp\/v2\/pages"}],"about":[{"href":"https:\/\/veteraanienperinto.fi\/index.php\/wp-json\/wp\/v2\/types\/page"}],"author":[{"embeddable":true,"href":"https:\/\/veteraanienperinto.fi\/index.php\/wp-json\/wp\/v2\/users\/1"}],"replies":[{"embeddable":true,"href":"https:\/\/veteraanienperinto.fi\/index.php\/wp-json\/wp\/v2\/comments?post=6624"}],"version-history":[{"count":3,"href":"https:\/\/veteraanienperinto.fi\/index.php\/wp-json\/wp\/v2\/pages\/6624\/revisions"}],"predecessor-version":[{"id":8493,"href":"https:\/\/veteraanienperinto.fi\/index.php\/wp-json\/wp\/v2\/pages\/6624\/revisions\/8493"}],"up":[{"embeddable":true,"href":"https:\/\/veteraanienperinto.fi\/index.php\/wp-json\/wp\/v2\/pages\/6620"}],"wp:attachment":[{"href":"https:\/\/veteraanienperinto.fi\/index.php\/wp-json\/wp\/v2\/media?parent=6624"}],"curies":[{"name":"wp","href":"https:\/\/api.w.org\/{rel}","templated":true}]}}