{"id":6632,"date":"2020-11-19T14:18:10","date_gmt":"2020-11-19T14:18:10","guid":{"rendered":"https:\/\/veteraani.ylirotu.fi\/?page_id=6632"},"modified":"2020-12-18T12:59:41","modified_gmt":"2020-12-18T12:59:41","slug":"aktivism","status":"publish","type":"page","link":"https:\/\/veteraanienperinto.fi\/index.php\/sv\/infobank\/berattelser-info\/fore-sjalvstandigheten\/aktivism\/","title":{"rendered":"Aktivism"},"content":{"rendered":"\n<style type=\"text\/css\" data-created_by=\"avia_inline_auto\" id=\"style-css-av-kiu9y34q-77098eb0e3f56b12ad5aec80c8609a6e\">\n#top .av-special-heading.av-kiu9y34q-77098eb0e3f56b12ad5aec80c8609a6e{\npadding-bottom:10px;\n}\nbody .av-special-heading.av-kiu9y34q-77098eb0e3f56b12ad5aec80c8609a6e .av-special-heading-tag .heading-char{\nfont-size:25px;\n}\n.av-special-heading.av-kiu9y34q-77098eb0e3f56b12ad5aec80c8609a6e .av-subheading{\nfont-size:15px;\n}\n<\/style>\n<div  class='av-special-heading av-kiu9y34q-77098eb0e3f56b12ad5aec80c8609a6e av-special-heading-h3  avia-builder-el-0  el_before_av_textblock  avia-builder-el-first '><h3 class='av-special-heading-tag'  itemprop=\"headline\"  >Aktivism<\/h3><div class=\"special-heading-border\"><div class=\"special-heading-inner-border\"><\/div><\/div><\/div>\n<section  class='av_textblock_section av-kek0ol8w-0f04af88ec907b2c66cea4bf3dbe1d4c '   itemscope=\"itemscope\" itemtype=\"https:\/\/schema.org\/CreativeWork\" ><div class='avia_textblock'  itemprop=\"text\" ><div id=\"attachment_8498\" style=\"width: 164px\" class=\"wp-caption alignright\"><img loading=\"lazy\" decoding=\"async\" aria-describedby=\"caption-attachment-8498\" class=\"wp-image-8498 size-full\" src=\"https:\/\/veteraanienperinto.fi\/wp-content\/uploads\/2020\/12\/aktivism1u.jpg\" alt=\"\" width=\"154\" height=\"250\" \/><p id=\"caption-attachment-8498\" class=\"wp-caption-text\">Aktivistledarens gravsten<\/p><\/div>\n<p>D\u00e5 det g\u00e4ller f\u00f6rberedelserna f\u00f6r Finlands sj\u00e4lvst\u00e4ndighet intar Jeppo en verklig hedersplats och framst\u00e5r, \u00e5tminstone tidvis, som den viktigaste orten i v\u00e5rt land.<\/p>\n<p>D\u00e5 f\u00f6rsta v\u00e4rldskriget utbr\u00f6t sommaren 1914, b\u00f6rjade Carl Jonathan von Essen p\u00e5 Kiitola fundera p\u00e5 hur l\u00e4get borde utnyttjas. De ryska motg\u00e5ngarna i kriget kunde m\u00f6jligg\u00f6ra ett l\u00f6sryckande fr\u00e5n tsard\u00f6met.<\/p>\n<p>En annan som umgicks med liknande tankar var Juho Ekola i H\u00e4rm\u00e4, von Essens goda v\u00e4n sedan sekelskiftets motst\u00e5ndsr\u00f6relse. Ekola tog t\u00e5get till Jeppo, och fick vid ankomsten till Kiitola veta, att von Essen f\u00f6reg\u00e5ende dag hade avs\u00e4nt ett brev till honom och framkastat tankar p\u00e5 \u00e5tg\u00e4rder, som syftade till Finlands sj\u00e4lvst\u00e4ndighet.<\/p>\n<p>S\u00e5 b\u00f6rjade ett intensivt samarbete mellan de tv\u00e5. Regelbundna m\u00f6ten h\u00f6lls p\u00e5 Kiitola och dit inbj\u00f6ds aktivistiskt t\u00e4nkande personer fr\u00e5n grannbyarna. H\u00e4rigenom utvecklades ett unikt samarbete mellan spr\u00e5kgrupperna.<\/p>\n<p>Man hade diskuterat och planerat en hel del, d\u00e5 man fick h\u00f6ra om j\u00e4garr\u00f6relsens uppkomst. Sedan den tagit form, kom Kiitola att bli central f\u00f6r sj\u00e4lvst\u00e4ndighetsr\u00f6relsen. Essen kan betraktas som j\u00e4garr\u00f6relsens \u00f6verbef\u00e4lhavare i landskapet, och m\u00f6tena i hans hem motsvarade generalstabsm\u00f6ten.<\/p>\n<p>Han kn\u00f6t kontakter med ledningen i Helsingfors, med aktivistgrupper i Stockholm, och han bes\u00f6kte Lockst\u00e4dter Lager. Tre av hans s\u00f6ner ansl\u00f6t sig till j\u00e4garbataljonen, tv\u00e5 hade f\u00e5tt milit\u00e4r utbildning i den gamla finska milit\u00e4ren.<\/p>\n<div id=\"attachment_8499\" style=\"width: 196px\" class=\"wp-caption alignleft\"><img loading=\"lazy\" decoding=\"async\" aria-describedby=\"caption-attachment-8499\" class=\"wp-image-8499 size-full\" src=\"https:\/\/veteraanienperinto.fi\/wp-content\/uploads\/2020\/12\/aktivism2u.jpg\" alt=\"\" width=\"186\" height=\"250\" \/><p id=\"caption-attachment-8499\" class=\"wp-caption-text\">Minnesplattan till h\u00f6ger p\u00e5 bilden b\u00e4r f\u00f6ljande text.H\u00e4rp\u00e5 Kiitola g\u00e5rd, centrum f\u00f6r j\u00e4garv\u00e4rvningen i Syd\u00f6sterbotten, utf\u00f6rde Carl Jonathan och Aina Johanna von Essen j\u00e4mte s\u00f6ner och d\u00f6ttrar under of\u00e4rds\u00e5ren sin fosterl\u00e4ndska g\u00e4rning, och h\u00e4r gav sonen Johan J\u00fcrgen den 10.9.1916 sitt liv f\u00f6r f\u00e4derneslandets frihet.<\/p><\/div>\n<p>Hans viktigaste insats kom att bli etappverksamheten, alla dessa hemliga v\u00e4gar fr\u00e5n Finland, som sammanstr\u00e5lade i Ume\u00e5, och som anlitades av omkring 350 blivande j\u00e4gare.<\/p>\n<p>Under sommaren 1916 kom den ryska aktiviteten att \u00f6ka. Mindre sammanst\u00f6tningar f\u00f6rekom, ett antal h\u00e4ktningar likas\u00e5. I slutet av juli m\u00e5nad stod det klart f\u00f6r von Essen, att det bara var en tidsfr\u00e5ga, innan turen var kommen till honom.<\/p>\n<p>Tillsammans med sin son Carl Didrik, som p\u00e5 grund av sjukdom tagit avsked fr\u00e5n j\u00e4garbataljonen, gav han sig iv\u00e4g den 27 juli. Flyktv\u00e4gen gick \u00f6ver Kvevlax och Replot, och det var efter kurrag\u00f6mmalekar med ryssarna man anl\u00e4nde till Ume\u00e5.<\/p>\n<p>Fabriksverksamheten p\u00e5 Kiitola yllespinneri \u00f6vertogs nu av sonen J\u00fcrgen, som ocks\u00e5 kom att ha ansvaret f\u00f6r fortsatt aktivistverksamhet. St\u00f6d och hj\u00e4lp hade han av brodern Wilhelm, som var bankdirekt\u00f6r i Jakobstad, men som ofta bes\u00f6kte Kiitola.<\/p>\n<p>Det gjorde ocks\u00e5 gendarmerna. Vid deras f\u00f6rsta bes\u00f6k var inga m\u00e4n antr\u00e4ffbara. Ryssarna fick f\u00f6ljaktligen \u00e5terv\u00e4nda med of\u00f6rr\u00e4ttat \u00e4rende.<\/p>\n<p>Ett bes\u00f6k den 31 augusti blev mera h\u00e4ndelserikt. Gendarmerna leddes av ryttm\u00e4stare Sjatkovskij, som var stationerad i Jakobstad. S\u00e5v\u00e4l J\u00fcrgen som Wilhelm var p\u00e5 plats och togs i ing\u00e5ende f\u00f6rh\u00f6r. Ryssarna tycktes vid det laget veta, att medlemmar av familjen hade anslutit sig till j\u00e4garbataljonen. Br\u00f6derna von Essen v\u00e4grade underteckna f\u00f6rh\u00f6rsprotokollet. Det gjorde ocks\u00e5 ett par arbetare, som gendarmerna h\u00e4mtat fr\u00e5n fabriken f\u00f6r att bevittna det. F\u00f6r sin v\u00e4gran d\u00f6mdes dessa tv\u00e5, Matts Str\u00f6m och Jaakko Kuoppala, till en m\u00e5nads f\u00e4ngelse.<\/p>\n<div id=\"attachment_8500\" style=\"width: 163px\" class=\"wp-caption alignright\"><img loading=\"lazy\" decoding=\"async\" aria-describedby=\"caption-attachment-8500\" class=\"wp-image-8500 size-full\" src=\"https:\/\/veteraanienperinto.fi\/wp-content\/uploads\/2020\/12\/aktivism3u.jpg\" alt=\"\" width=\"153\" height=\"250\" \/><p id=\"caption-attachment-8500\" class=\"wp-caption-text\">Stupade friihetskrigares grav. Friheten bragte oss k\u00e4rnparnas skara. Vilan h\u00e4runder blev hj\u00e4ltarnas l\u00f6n. Fosterland! S\u00e5 skall hvar son dig f\u00f6rsvara. Vandrare, bed f\u00f6r dess v\u00e4lg\u00e5ng din b\u00f6n.<\/p><\/div>\n<p>Den 10 september 1916 var en s\u00f6ndag. Wilhelm von Essen och hans hustru befann sig p\u00e5 Kiitola. D\u00e4r fanns \u00e4ven aktivisten Johannes Bj\u00f6rkman fr\u00e5n Kvevlax. Man skulle dra upp riktlinjerna f\u00f6r fortsatta aktiviteter.<\/p>\n<p>En bev\u00e4pnad gendarmstyrka anl\u00e4nde fr\u00e5n Jakobstad. F\u00f6rs\u00f6ken att alarmera Kiitola misslyckades. Ryssarna observerades f\u00f6rst d\u00e5 de var n\u00e5gra tiotal meter fr\u00e5n huset. Bj\u00f6rkman och Wilhelm von Essen hoppade ut genom ett f\u00f6nster och lyckades komma undan. J\u00fcrgen blev av n\u00e5gon anledning f\u00f6rsenad, och d\u00e5 han \u00e4ntligen var ute p\u00e5 g\u00e5rden, hade ryssarna hunnit fram. Ett skott avlossades mot honom och s\u00e5rade honom, men han fortsatte springande \u00e4nnu ett stycke. Tv\u00e5 skott till s\u00e5rade honom d\u00f6dligt.<\/p>\n<p>Allt tyder p\u00e5 att det i fr\u00e4msta rummet var Wilhelm von Essen som gendarmerna s\u00f6kte f\u00e5 tag p\u00e5. De trodde ocks\u00e5 till en b\u00f6rjan, att det var honom de hade skjutit.<\/p>\n<p>Han kunde efter detta inte stanna kvar i landet. Via Vassor och Replot s\u00f6kte han sig till Ume\u00e5, dit han anl\u00e4nde den 16 september.<\/p>\n<p>J\u00fcrgen von Essens d\u00f6d innebar slutet f\u00f6r jeppoetappen och var en stor f\u00f6rlust f\u00f6r aktivismen i \u00d6sterbotten.<\/p>\n<p><strong><em>Ur boken:<\/em><\/strong><br \/>\n<em>Nils-Erik Nykvist: Stenarna talar<\/em><\/p>\n<\/div><\/section>\n","protected":false},"excerpt":{"rendered":"","protected":false},"author":1,"featured_media":0,"parent":6620,"menu_order":1,"comment_status":"closed","ping_status":"closed","template":"","meta":{"footnotes":""},"class_list":["post-6632","page","type-page","status-publish","hentry"],"yoast_head":"<!-- This site is optimized with the Yoast SEO plugin v27.4 - https:\/\/yoast.com\/product\/yoast-seo-wordpress\/ -->\n<title>Aktivism - Veteraanien Perint\u00f6<\/title>\n<meta name=\"robots\" content=\"index, follow, max-snippet:-1, max-image-preview:large, max-video-preview:-1\" \/>\n<link rel=\"canonical\" href=\"https:\/\/veteraanienperinto.fi\/index.php\/sv\/infobank\/berattelser-info\/fore-sjalvstandigheten\/aktivism\/\" \/>\n<meta property=\"og:locale\" content=\"fi_FI\" \/>\n<meta property=\"og:type\" content=\"article\" \/>\n<meta property=\"og:title\" content=\"Aktivism - Veteraanien Perint\u00f6\" \/>\n<meta property=\"og:url\" content=\"https:\/\/veteraanienperinto.fi\/index.php\/sv\/infobank\/berattelser-info\/fore-sjalvstandigheten\/aktivism\/\" \/>\n<meta property=\"og:site_name\" content=\"Veteraanien Perint\u00f6\" \/>\n<meta property=\"article:modified_time\" content=\"2020-12-18T12:59:41+00:00\" \/>\n<meta property=\"og:image\" content=\"https:\/\/veteraanienperinto.fi\/wp-content\/uploads\/2020\/12\/aktivism1u.jpg\" \/>\n<meta name=\"twitter:card\" content=\"summary_large_image\" \/>\n<meta name=\"twitter:label1\" content=\"Arvioitu lukuaika\" \/>\n\t<meta name=\"twitter:data1\" content=\"5 minuuttia\" \/>\n<script type=\"application\/ld+json\" class=\"yoast-schema-graph\">{\"@context\":\"https:\\\/\\\/schema.org\",\"@graph\":[{\"@type\":\"WebPage\",\"@id\":\"https:\\\/\\\/veteraanienperinto.fi\\\/index.php\\\/sv\\\/infobank\\\/berattelser-info\\\/fore-sjalvstandigheten\\\/aktivism\\\/\",\"url\":\"https:\\\/\\\/veteraanienperinto.fi\\\/index.php\\\/sv\\\/infobank\\\/berattelser-info\\\/fore-sjalvstandigheten\\\/aktivism\\\/\",\"name\":\"Aktivism - Veteraanien Perint\u00f6\",\"isPartOf\":{\"@id\":\"https:\\\/\\\/veteraanienperinto.fi\\\/#website\"},\"primaryImageOfPage\":{\"@id\":\"https:\\\/\\\/veteraanienperinto.fi\\\/index.php\\\/sv\\\/infobank\\\/berattelser-info\\\/fore-sjalvstandigheten\\\/aktivism\\\/#primaryimage\"},\"image\":{\"@id\":\"https:\\\/\\\/veteraanienperinto.fi\\\/index.php\\\/sv\\\/infobank\\\/berattelser-info\\\/fore-sjalvstandigheten\\\/aktivism\\\/#primaryimage\"},\"thumbnailUrl\":\"https:\\\/\\\/veteraanienperinto.fi\\\/wp-content\\\/uploads\\\/2020\\\/12\\\/aktivism1u.jpg\",\"datePublished\":\"2020-11-19T14:18:10+00:00\",\"dateModified\":\"2020-12-18T12:59:41+00:00\",\"breadcrumb\":{\"@id\":\"https:\\\/\\\/veteraanienperinto.fi\\\/index.php\\\/sv\\\/infobank\\\/berattelser-info\\\/fore-sjalvstandigheten\\\/aktivism\\\/#breadcrumb\"},\"inLanguage\":\"fi\",\"potentialAction\":[{\"@type\":\"ReadAction\",\"target\":[\"https:\\\/\\\/veteraanienperinto.fi\\\/index.php\\\/sv\\\/infobank\\\/berattelser-info\\\/fore-sjalvstandigheten\\\/aktivism\\\/\"]}]},{\"@type\":\"ImageObject\",\"inLanguage\":\"fi\",\"@id\":\"https:\\\/\\\/veteraanienperinto.fi\\\/index.php\\\/sv\\\/infobank\\\/berattelser-info\\\/fore-sjalvstandigheten\\\/aktivism\\\/#primaryimage\",\"url\":\"https:\\\/\\\/veteraanienperinto.fi\\\/wp-content\\\/uploads\\\/2020\\\/12\\\/aktivism1u.jpg\",\"contentUrl\":\"https:\\\/\\\/veteraanienperinto.fi\\\/wp-content\\\/uploads\\\/2020\\\/12\\\/aktivism1u.jpg\",\"width\":154,\"height\":250},{\"@type\":\"BreadcrumbList\",\"@id\":\"https:\\\/\\\/veteraanienperinto.fi\\\/index.php\\\/sv\\\/infobank\\\/berattelser-info\\\/fore-sjalvstandigheten\\\/aktivism\\\/#breadcrumb\",\"itemListElement\":[{\"@type\":\"ListItem\",\"position\":1,\"name\":\"Etusivu\",\"item\":\"https:\\\/\\\/veteraanienperinto.fi\\\/index.php\\\/etusivu-2\\\/\"},{\"@type\":\"ListItem\",\"position\":2,\"name\":\"Infobank\",\"item\":\"https:\\\/\\\/veteraanienperinto.fi\\\/index.php\\\/sv\\\/infobank\\\/\"},{\"@type\":\"ListItem\",\"position\":3,\"name\":\"Ber\u00e4ttelser\",\"item\":\"https:\\\/\\\/veteraanienperinto.fi\\\/index.php\\\/sv\\\/infobank\\\/berattelser-info\\\/\"},{\"@type\":\"ListItem\",\"position\":4,\"name\":\"F\u00f6re sj\u00e4lvst\u00e4ndigheten\",\"item\":\"https:\\\/\\\/veteraanienperinto.fi\\\/index.php\\\/sv\\\/infobank\\\/berattelser-info\\\/fore-sjalvstandigheten\\\/\"},{\"@type\":\"ListItem\",\"position\":5,\"name\":\"Aktivism\"}]},{\"@type\":\"WebSite\",\"@id\":\"https:\\\/\\\/veteraanienperinto.fi\\\/#website\",\"url\":\"https:\\\/\\\/veteraanienperinto.fi\\\/\",\"name\":\"Veteraanien Perint\u00f6\",\"description\":\"Kadettikunta\",\"potentialAction\":[{\"@type\":\"SearchAction\",\"target\":{\"@type\":\"EntryPoint\",\"urlTemplate\":\"https:\\\/\\\/veteraanienperinto.fi\\\/?s={search_term_string}\"},\"query-input\":{\"@type\":\"PropertyValueSpecification\",\"valueRequired\":true,\"valueName\":\"search_term_string\"}}],\"inLanguage\":\"fi\"}]}<\/script>\n<!-- \/ Yoast SEO plugin. -->","yoast_head_json":{"title":"Aktivism - Veteraanien Perint\u00f6","robots":{"index":"index","follow":"follow","max-snippet":"max-snippet:-1","max-image-preview":"max-image-preview:large","max-video-preview":"max-video-preview:-1"},"canonical":"https:\/\/veteraanienperinto.fi\/index.php\/sv\/infobank\/berattelser-info\/fore-sjalvstandigheten\/aktivism\/","og_locale":"fi_FI","og_type":"article","og_title":"Aktivism - Veteraanien Perint\u00f6","og_url":"https:\/\/veteraanienperinto.fi\/index.php\/sv\/infobank\/berattelser-info\/fore-sjalvstandigheten\/aktivism\/","og_site_name":"Veteraanien Perint\u00f6","article_modified_time":"2020-12-18T12:59:41+00:00","og_image":[{"url":"https:\/\/veteraanienperinto.fi\/wp-content\/uploads\/2020\/12\/aktivism1u.jpg","type":"","width":"","height":""}],"twitter_card":"summary_large_image","twitter_misc":{"Arvioitu lukuaika":"5 minuuttia"},"schema":{"@context":"https:\/\/schema.org","@graph":[{"@type":"WebPage","@id":"https:\/\/veteraanienperinto.fi\/index.php\/sv\/infobank\/berattelser-info\/fore-sjalvstandigheten\/aktivism\/","url":"https:\/\/veteraanienperinto.fi\/index.php\/sv\/infobank\/berattelser-info\/fore-sjalvstandigheten\/aktivism\/","name":"Aktivism - Veteraanien Perint\u00f6","isPartOf":{"@id":"https:\/\/veteraanienperinto.fi\/#website"},"primaryImageOfPage":{"@id":"https:\/\/veteraanienperinto.fi\/index.php\/sv\/infobank\/berattelser-info\/fore-sjalvstandigheten\/aktivism\/#primaryimage"},"image":{"@id":"https:\/\/veteraanienperinto.fi\/index.php\/sv\/infobank\/berattelser-info\/fore-sjalvstandigheten\/aktivism\/#primaryimage"},"thumbnailUrl":"https:\/\/veteraanienperinto.fi\/wp-content\/uploads\/2020\/12\/aktivism1u.jpg","datePublished":"2020-11-19T14:18:10+00:00","dateModified":"2020-12-18T12:59:41+00:00","breadcrumb":{"@id":"https:\/\/veteraanienperinto.fi\/index.php\/sv\/infobank\/berattelser-info\/fore-sjalvstandigheten\/aktivism\/#breadcrumb"},"inLanguage":"fi","potentialAction":[{"@type":"ReadAction","target":["https:\/\/veteraanienperinto.fi\/index.php\/sv\/infobank\/berattelser-info\/fore-sjalvstandigheten\/aktivism\/"]}]},{"@type":"ImageObject","inLanguage":"fi","@id":"https:\/\/veteraanienperinto.fi\/index.php\/sv\/infobank\/berattelser-info\/fore-sjalvstandigheten\/aktivism\/#primaryimage","url":"https:\/\/veteraanienperinto.fi\/wp-content\/uploads\/2020\/12\/aktivism1u.jpg","contentUrl":"https:\/\/veteraanienperinto.fi\/wp-content\/uploads\/2020\/12\/aktivism1u.jpg","width":154,"height":250},{"@type":"BreadcrumbList","@id":"https:\/\/veteraanienperinto.fi\/index.php\/sv\/infobank\/berattelser-info\/fore-sjalvstandigheten\/aktivism\/#breadcrumb","itemListElement":[{"@type":"ListItem","position":1,"name":"Etusivu","item":"https:\/\/veteraanienperinto.fi\/index.php\/etusivu-2\/"},{"@type":"ListItem","position":2,"name":"Infobank","item":"https:\/\/veteraanienperinto.fi\/index.php\/sv\/infobank\/"},{"@type":"ListItem","position":3,"name":"Ber\u00e4ttelser","item":"https:\/\/veteraanienperinto.fi\/index.php\/sv\/infobank\/berattelser-info\/"},{"@type":"ListItem","position":4,"name":"F\u00f6re sj\u00e4lvst\u00e4ndigheten","item":"https:\/\/veteraanienperinto.fi\/index.php\/sv\/infobank\/berattelser-info\/fore-sjalvstandigheten\/"},{"@type":"ListItem","position":5,"name":"Aktivism"}]},{"@type":"WebSite","@id":"https:\/\/veteraanienperinto.fi\/#website","url":"https:\/\/veteraanienperinto.fi\/","name":"Veteraanien Perint\u00f6","description":"Kadettikunta","potentialAction":[{"@type":"SearchAction","target":{"@type":"EntryPoint","urlTemplate":"https:\/\/veteraanienperinto.fi\/?s={search_term_string}"},"query-input":{"@type":"PropertyValueSpecification","valueRequired":true,"valueName":"search_term_string"}}],"inLanguage":"fi"}]}},"_links":{"self":[{"href":"https:\/\/veteraanienperinto.fi\/index.php\/wp-json\/wp\/v2\/pages\/6632","targetHints":{"allow":["GET"]}}],"collection":[{"href":"https:\/\/veteraanienperinto.fi\/index.php\/wp-json\/wp\/v2\/pages"}],"about":[{"href":"https:\/\/veteraanienperinto.fi\/index.php\/wp-json\/wp\/v2\/types\/page"}],"author":[{"embeddable":true,"href":"https:\/\/veteraanienperinto.fi\/index.php\/wp-json\/wp\/v2\/users\/1"}],"replies":[{"embeddable":true,"href":"https:\/\/veteraanienperinto.fi\/index.php\/wp-json\/wp\/v2\/comments?post=6632"}],"version-history":[{"count":3,"href":"https:\/\/veteraanienperinto.fi\/index.php\/wp-json\/wp\/v2\/pages\/6632\/revisions"}],"predecessor-version":[{"id":8497,"href":"https:\/\/veteraanienperinto.fi\/index.php\/wp-json\/wp\/v2\/pages\/6632\/revisions\/8497"}],"up":[{"embeddable":true,"href":"https:\/\/veteraanienperinto.fi\/index.php\/wp-json\/wp\/v2\/pages\/6620"}],"wp:attachment":[{"href":"https:\/\/veteraanienperinto.fi\/index.php\/wp-json\/wp\/v2\/media?parent=6632"}],"curies":[{"name":"wp","href":"https:\/\/api.w.org\/{rel}","templated":true}]}}