{"id":6696,"date":"2020-11-19T14:42:39","date_gmt":"2020-11-19T14:42:39","guid":{"rendered":"https:\/\/veteraani.ylirotu.fi\/?page_id=6696"},"modified":"2020-12-28T14:49:17","modified_gmt":"2020-12-28T14:49:17","slug":"bataljonslakare-pa-karelska-naset-i-vinterkriget","status":"publish","type":"page","link":"https:\/\/veteraanienperinto.fi\/index.php\/sv\/vinterkriget\/vinterkrigets-berattelser\/kriget\/avvarjningssegrarna-pa-karelska-naset\/bataljonslakare-pa-karelska-naset-i-vinterkriget\/","title":{"rendered":"Bataljonsl\u00e4kare p\u00e5 Karelska n\u00e4set i Vinterkriget"},"content":{"rendered":"\n<style type=\"text\/css\" data-created_by=\"avia_inline_auto\" id=\"style-css-av-kix5c198-36369775ee080050b58ce0ebcde6ef22\">\n#top .av-special-heading.av-kix5c198-36369775ee080050b58ce0ebcde6ef22{\npadding-bottom:10px;\n}\nbody .av-special-heading.av-kix5c198-36369775ee080050b58ce0ebcde6ef22 .av-special-heading-tag .heading-char{\nfont-size:25px;\n}\n.av-special-heading.av-kix5c198-36369775ee080050b58ce0ebcde6ef22 .av-subheading{\nfont-size:15px;\n}\n<\/style>\n<div  class='av-special-heading av-kix5c198-36369775ee080050b58ce0ebcde6ef22 av-special-heading-h3  avia-builder-el-0  el_before_av_textblock  avia-builder-el-first '><h3 class='av-special-heading-tag'  itemprop=\"headline\"  >Bataljonsl\u00e4kare p\u00e5 Karelska n\u00e4set i Vinterkriget<\/h3><div class=\"special-heading-border\"><div class=\"special-heading-inner-border\"><\/div><\/div><\/div>\n<section  class='av_textblock_section av-kek0ol8w-0f04af88ec907b2c66cea4bf3dbe1d4c '   itemscope=\"itemscope\" itemtype=\"https:\/\/schema.org\/CreativeWork\" ><div class='avia_textblock'  itemprop=\"text\" ><p><strong>Helge Roos:<\/strong><\/p>\n<p>F\u00f6ljande morgon, s\u00f6ndagen den 18:de fingo vi ett synnerligen v\u00e4lkommet bes\u00f6k. Man kom med varm mat &#8211; n\u00e5gonslags k\u00f6tt-makaronir\u00f6ra-fr\u00e5n tr\u00e4ngen. Aptiten var god, ty vi hade levat p\u00e5 torrskaffning sedan vi l\u00e4mnade Tammisuo station, den 15:de. Villervallan den f\u00f6rsta dagen under nedf\u00e4rden till fronten, d\u00e5 f\u00e4ltk\u00f6ken hamnade n\u00e5gonstans s\u00f6der om K\u00e4m\u00e4r\u00e4 station, n\u00e4ra fienden och l\u00e5ngt fr\u00e5n den \u00f6vriga delen av bataljonen, hade satt hela provianteringsmaskineriet i oordning.<\/p>\n<p>Litet senare kommo regementsl\u00e4karen, doktor Varonen, och bataljonsl\u00e4karna Strigeff och Sj\u00f6blom och h\u00e4lsade p\u00e5 oss. De tillh\u00f6rde JR 62, Varonen. 10 \u00e5r yngre \u00e4n jag, k\u00e4nde jag sedan min assistenttid vid Universitetskliniken, De andra voro betydligt yngre, ca 20 \u00e5r.<\/p>\n<p>JR 62:an hade dagen f\u00f6re oss skickats till fronten, till L\u00e4hdeavsnittet mellan Summa och K\u00e4m\u00e4r\u00e4 station d\u00e4r det till en b\u00f6rjan var meningen att \u00e4ven v\u00e5r bataljon skulle hamna &#8211; vilket ju v\u00e5r tr\u00e4ng faktiskt gjorde &#8211; men det hade den 16:de, s\u00e5som jag tidigare relaterat, blivit tvunget att skyndsamt retirera. Nu skulle JR 62:an samarbeta med oss vid Mets\u00e4nvartija.<\/p>\n<p>Doktor Varonen var ej n\u00f6jd med v\u00e5r korsu, ty taket erbj\u00f6d ej skydd mot artilleri, varf\u00f6r vi, d\u00e5 det \u00e4nnu var lugnt vid v\u00e5rt avsnitt, gingo omkring p\u00e5 \u00e5sen och s\u00f6kte oss l\u00e4mpligare skyddsrum. Medan vi vandrade hajade vi pl\u00f6tsligt till. Ett par dolda granatkastare avsk\u00f6to sina projektiler i v\u00e5r n\u00e4rhet, vilket sedan upprepades med l\u00e5nga mellanrum. N\u00e5gon b\u00e4ttre korsu funno vi ej. Varonen f\u00f6reslog d\u00e5 att vi nere vid Mets\u00e4nvartija endast skulle ha en mindre f\u00f6rbandsstation, d\u00e4r JR 62:ans bataljonsl\u00e4kare fingo tura om att dejourera med Lindholm och mig, medan st\u00f6rre delen av materielen skulle flyttas till en plats l\u00e4ngre bakom linjen, Detta arrangemang skulle \u00e4ven till\u00e5ta dem, som icke voro i arbete, att vila sig.<\/p>\n<p>Efter middagen brakade striden \u00e5ter l\u00f6s vid Mustalampisp\u00e4rren; Det ryska artilleriet \u00f6ppnade spelet, f\u00f6rst mot sjunde kompaniets st\u00e4llningar mellan Perojoki och Mustalampi bakom tankshindret. Sedan riktades elden l\u00e4ngre bak\u00e5t. Vid v\u00e5rt Jsp (bataljonens f\u00f6rbandsstation) hade vi dock lyckligtvis ingen direkt k\u00e4nning av den. D\u00e4rp\u00e5 f\u00f6retogo stridsvagnarna upprepade attacker, vilka de v\u00e5ra till en b\u00f6rjan . lyckades sl\u00e5 tillbaka, Hela trakten var i timtal fylld av ett helvetiskt larm av de metallklingande serierna fr\u00e5n tanksens maskingev\u00e4r och kanoner, jagande i vildaste hets och omvarandra, och d\u00e4remellan h\u00f6rdes dovare dunsar i glesare takt.<\/p>\n<p>Senare p\u00e5 eftermiddagen tr\u00e4ngde 3-4 vagnar genom sp\u00e4rren. Det p\u00e5stods att porten blivit \u00f6ppen, och bristen p\u00e5 pansarv\u00e4rn gjorde sig naturligtvis g\u00e4llande. Tanksen \u00e5stadkommo stort manfall bland de v\u00e5ra genom att skjuta l\u00e4ngs skyttegravarna, Omr\u00e5det mellan Mets\u00e4nvartijav\u00e4gen och Mustalampi m\u00e5ste utrymmas, Den d\u00e4r f\u00f6rlagda plutonen Sg (maskinpistol) hade annars r\u00e5kat i knipa, En av tanksen fortsatte upp l\u00e4ngs v\u00e4gen vid vilken vi hade v\u00e5rt Jsp. Huru det sedan gick med vagnarna har jag mig icke bekant. V\u00e4gen var nog minerad. Striden fortsatte till sent p\u00e5 kv\u00e4llen.<\/p>\n<p>Sedan artilleriverksamheten och tankanfallen satt in, hade vi \u00e5ter hett p\u00e5 Jsp. De s\u00e5rade kommo i en j\u00e4mn str\u00f6m vandrande eller lassvis med fordonen. Lindholm och jag hunno ej med alla. Lyckligtvis hj\u00e4lpte JR 62: ans l\u00e4kare, Strigeff och Sj\u00f6blom, med \u00f6verskottet i en annan invidliggande mindre korsu. Skadorna voro av samma art som f\u00f6reg\u00e5ende dag; dock s\u00e5gos \u00e4ven kuls\u00e5r i n\u00e5gon m\u00e5n.<\/p>\n<p>Till min sorg kom budskapet att f\u00e4nrik Gunnar Mickwitz stupat och att man h\u00e4mtat upp honom till Jsp. Han och hans f\u00f6r\u00e4ldrar voro mina gamla v\u00e4nner. Landet hade f\u00f6rlorat en mycket beg\u00e5vad man, som enligt min mening var alldeles fel placerad i detta krig. Hans bror hade ju fallit n\u00e5gon dag tidigare vid Summa. N\u00e4r jag ensam gick ut och inspekterade Mickwitz stelfrusna kropp, d\u00e4r han l\u00e5g invid taket av v\u00e5r korsu n\u00e4stan till oigenk\u00e4nnlighet f\u00f6r\u00e4ndrad, svartbl\u00e5 i ansiktet och t\u00e4ckt av ett l\u00e4tt flor av rimfrost, besinnade jag huru meningsl\u00f6st och f\u00f6rg\u00e4ngligt livet \u00e4nd\u00e5 m\u00e5ngen g\u00e5ng kunde te sig, Nyss blomstrande och s\u00e5 l\u00f6ftesrik var han nu knappt mera v\u00e4rd \u00e4n den multnande stubbe vid vilken man lagt hans stoft.<\/p>\n<p>Men jag v\u00e4cktes pl\u00f6tsligt ur mina tankar, d\u00e5 en kula eller projektil visslande for f\u00f6rbi, s\u00e5 n\u00e4ra att jag tyckte mig f\u00f6rnimma luftdraget, mot mitt ansikte. D\u00e5 jag med blandade k\u00e4nslor gick tillbaka ned i korsun och \u00e5ters\u00e5g den hemska och bekl\u00e4mmande synen d\u00e4rinne, var det som om en tung suck genomfarit mig. Korsun var full av s\u00e5rade, unga m\u00e4n, bleka och uttr\u00f6ttade. Somliga l\u00e5go, b\u00e5do fl\u00e4mtande att f\u00e5 vatten, andra voro medvetsl\u00f6sa av sina skador eller i morfinrus, yrande och klagande, I det gr\u00e4lla ljuset under petromaxlampan stod doktor Lindholm och arbetade med ett sv\u00e5rmodigt uttryck i ansiktet. P\u00e5 b\u00e5ren var en man med ett \u00f6ppet s\u00e5r i \u00f6vre delen av v\u00e4nstra lungan genom vilket vid varje inandning luften drogs in med ett v\u00e4sande ljud och vid utandning eller hostst\u00f6tar en blodstr\u00f6m kv\u00e4lldes fram, Dessutom hade han i v\u00e4nstra armen ett stort trasigt granats\u00e5r och ett splittrat \u00f6verarmsben och man tog itu med en man n\u00e4rmast ing\u00e5ngen. Hans ansikte var oformligt, svullet och fullpepprat med sand och krutst\u00e4nk, En granat hade slagit ned t\u00e4tt invid honom mot skyddsv\u00e4rnet. F\u00e4nrikarna Smeds och Grandell kommo \u00e4ven till Jsp p\u00e5 kv\u00e4llen. De hade krypande blivit p\u00e5skjutna av tanks, Smeds hade ett l\u00e4ngsg\u00e5ende s\u00e5r i br\u00f6stet. En kula hade rispat upp br\u00f6stbenet i hela dess l\u00e4ngd. Grandell hade sluppit l\u00e4ttare undan. M\u00f6ssan var genomskjuten, men p\u00e5 hj\u00e4ssan s\u00e5gs endast en skr\u00e5ma. I st\u00e4llet voro b\u00e5da h\u00e4nderna illa f\u00f6rfrusna.<\/p>\n<p>Den dagen fingo vi \u00e5ter v\u00e4nta p\u00e5 ambulanserna i timtal, och det v\u00e4rsta var att vi, medan korsun var full av s\u00e5rade, fingo bud att en tank var p\u00e5 v\u00e4g mot oss l\u00e4ngs Mets\u00e4nvartijav\u00e4gen. V\u00e5r korsu l\u00e5g i dess omedelbara n\u00e4rhet med ing\u00e5ngen v\u00e4nd snett emot denna, Nu voro goda r\u00e5d i sanning dyra, Vi kunde icke g\u00f6ra annat \u00e4n ta Gud i h\u00e5gen och forts\u00e4tta med arbetet, Mina tankar sysslade hela tiden med problemet och vad som eventuellt kunde h\u00e4nda oss alla. Jag hade ju \u00e4nd\u00e5 ansvaret f\u00f6r hela hopen. Lindholm tog saken som vanligt med ett suver\u00e4nt lugn och intresserade sig endast f\u00f6r det han hade f\u00f6r h\u00e4nder. D\u00e5 vi icke hade v\u00e5ra fordon till hands, uppmanade jag alla s\u00e5rade, som kunde g\u00e5, att l\u00e4mna korsun och s\u00f6ka sig till n\u00e4rmaste f\u00f6rbandsplats,<\/p>\n<p>Minuterna f\u00f6rgingo, men tanken kom inte. Sp\u00e4nningen gav sig sm\u00e5ningom. Senare p\u00e5 kv\u00e4llen blev det lugnare vid linjen, ehuru arbetet fortsatte hela natten. Doktor Varonen tittade in hos oss och meddelade, att han efter m\u00e5nga bem\u00f6danden lyckats f\u00e5 tvenne ambulansbussar att avh\u00e4mta v\u00e5ra s\u00e5rade, vilka i sanning voro glada att \u00e4ntligen bli f\u00f6rda till ett varmare och tryggare st\u00e4lle,<\/p>\n<p>Dagen hade varit sv\u00e5r. I v\u00e5r korsu hade vi haft ett fyrtiotal s\u00e5rade att sk\u00f6ta. Hurudan skulle den f\u00f6ljande bli.<\/p>\n<p><em><strong>Helge Roos:<\/strong> En &#8221;f\u00e4ltsk\u00e4rs&#8221; ber\u00e4ttelser<\/em><\/p>\n<\/div><\/section>\n","protected":false},"excerpt":{"rendered":"","protected":false},"author":1,"featured_media":0,"parent":5546,"menu_order":0,"comment_status":"closed","ping_status":"closed","template":"","meta":{"footnotes":""},"class_list":["post-6696","page","type-page","status-publish","hentry"],"yoast_head":"<!-- This site is optimized with the Yoast SEO plugin v27.4 - https:\/\/yoast.com\/product\/yoast-seo-wordpress\/ -->\n<title>Bataljonsl\u00e4kare p\u00e5 Karelska n\u00e4set i Vinterkriget - Veteraanien Perint\u00f6<\/title>\n<meta name=\"robots\" content=\"index, follow, max-snippet:-1, max-image-preview:large, max-video-preview:-1\" \/>\n<link rel=\"canonical\" href=\"https:\/\/veteraanienperinto.fi\/index.php\/sv\/vinterkriget\/vinterkrigets-berattelser\/kriget\/avvarjningssegrarna-pa-karelska-naset\/bataljonslakare-pa-karelska-naset-i-vinterkriget\/\" \/>\n<meta property=\"og:locale\" content=\"fi_FI\" \/>\n<meta property=\"og:type\" content=\"article\" \/>\n<meta property=\"og:title\" content=\"Bataljonsl\u00e4kare p\u00e5 Karelska n\u00e4set i Vinterkriget - Veteraanien Perint\u00f6\" \/>\n<meta property=\"og:url\" content=\"https:\/\/veteraanienperinto.fi\/index.php\/sv\/vinterkriget\/vinterkrigets-berattelser\/kriget\/avvarjningssegrarna-pa-karelska-naset\/bataljonslakare-pa-karelska-naset-i-vinterkriget\/\" \/>\n<meta property=\"og:site_name\" content=\"Veteraanien Perint\u00f6\" \/>\n<meta property=\"article:modified_time\" content=\"2020-12-28T14:49:17+00:00\" \/>\n<meta name=\"twitter:card\" content=\"summary_large_image\" \/>\n<meta name=\"twitter:label1\" content=\"Arvioitu lukuaika\" \/>\n\t<meta name=\"twitter:data1\" content=\"7 minuuttia\" \/>\n<script type=\"application\/ld+json\" class=\"yoast-schema-graph\">{\"@context\":\"https:\\\/\\\/schema.org\",\"@graph\":[{\"@type\":\"WebPage\",\"@id\":\"https:\\\/\\\/veteraanienperinto.fi\\\/index.php\\\/sv\\\/vinterkriget\\\/vinterkrigets-berattelser\\\/kriget\\\/avvarjningssegrarna-pa-karelska-naset\\\/bataljonslakare-pa-karelska-naset-i-vinterkriget\\\/\",\"url\":\"https:\\\/\\\/veteraanienperinto.fi\\\/index.php\\\/sv\\\/vinterkriget\\\/vinterkrigets-berattelser\\\/kriget\\\/avvarjningssegrarna-pa-karelska-naset\\\/bataljonslakare-pa-karelska-naset-i-vinterkriget\\\/\",\"name\":\"Bataljonsl\u00e4kare p\u00e5 Karelska n\u00e4set i Vinterkriget - Veteraanien Perint\u00f6\",\"isPartOf\":{\"@id\":\"https:\\\/\\\/veteraanienperinto.fi\\\/#website\"},\"datePublished\":\"2020-11-19T14:42:39+00:00\",\"dateModified\":\"2020-12-28T14:49:17+00:00\",\"breadcrumb\":{\"@id\":\"https:\\\/\\\/veteraanienperinto.fi\\\/index.php\\\/sv\\\/vinterkriget\\\/vinterkrigets-berattelser\\\/kriget\\\/avvarjningssegrarna-pa-karelska-naset\\\/bataljonslakare-pa-karelska-naset-i-vinterkriget\\\/#breadcrumb\"},\"inLanguage\":\"fi\",\"potentialAction\":[{\"@type\":\"ReadAction\",\"target\":[\"https:\\\/\\\/veteraanienperinto.fi\\\/index.php\\\/sv\\\/vinterkriget\\\/vinterkrigets-berattelser\\\/kriget\\\/avvarjningssegrarna-pa-karelska-naset\\\/bataljonslakare-pa-karelska-naset-i-vinterkriget\\\/\"]}]},{\"@type\":\"BreadcrumbList\",\"@id\":\"https:\\\/\\\/veteraanienperinto.fi\\\/index.php\\\/sv\\\/vinterkriget\\\/vinterkrigets-berattelser\\\/kriget\\\/avvarjningssegrarna-pa-karelska-naset\\\/bataljonslakare-pa-karelska-naset-i-vinterkriget\\\/#breadcrumb\",\"itemListElement\":[{\"@type\":\"ListItem\",\"position\":1,\"name\":\"Etusivu\",\"item\":\"https:\\\/\\\/veteraanienperinto.fi\\\/index.php\\\/etusivu-2\\\/\"},{\"@type\":\"ListItem\",\"position\":2,\"name\":\"Vinterkriget\",\"item\":\"https:\\\/\\\/veteraanienperinto.fi\\\/index.php\\\/sv\\\/vinterkriget\\\/\"},{\"@type\":\"ListItem\",\"position\":3,\"name\":\"Vinterkrigets ber\u00e4ttelser\",\"item\":\"https:\\\/\\\/veteraanienperinto.fi\\\/index.php\\\/sv\\\/vinterkriget\\\/vinterkrigets-berattelser\\\/\"},{\"@type\":\"ListItem\",\"position\":4,\"name\":\"Kriget\",\"item\":\"https:\\\/\\\/veteraanienperinto.fi\\\/index.php\\\/sv\\\/vinterkriget\\\/vinterkrigets-berattelser\\\/kriget\\\/\"},{\"@type\":\"ListItem\",\"position\":5,\"name\":\"Avv\u00e4rjningssegrarna p\u00e5 Karelska n\u00e4set\",\"item\":\"https:\\\/\\\/veteraanienperinto.fi\\\/index.php\\\/sv\\\/vinterkriget\\\/vinterkrigets-berattelser\\\/kriget\\\/avvarjningssegrarna-pa-karelska-naset\\\/\"},{\"@type\":\"ListItem\",\"position\":6,\"name\":\"Bataljonsl\u00e4kare p\u00e5 Karelska n\u00e4set i Vinterkriget\"}]},{\"@type\":\"WebSite\",\"@id\":\"https:\\\/\\\/veteraanienperinto.fi\\\/#website\",\"url\":\"https:\\\/\\\/veteraanienperinto.fi\\\/\",\"name\":\"Veteraanien Perint\u00f6\",\"description\":\"Kadettikunta\",\"potentialAction\":[{\"@type\":\"SearchAction\",\"target\":{\"@type\":\"EntryPoint\",\"urlTemplate\":\"https:\\\/\\\/veteraanienperinto.fi\\\/?s={search_term_string}\"},\"query-input\":{\"@type\":\"PropertyValueSpecification\",\"valueRequired\":true,\"valueName\":\"search_term_string\"}}],\"inLanguage\":\"fi\"}]}<\/script>\n<!-- \/ Yoast SEO plugin. -->","yoast_head_json":{"title":"Bataljonsl\u00e4kare p\u00e5 Karelska n\u00e4set i Vinterkriget - Veteraanien Perint\u00f6","robots":{"index":"index","follow":"follow","max-snippet":"max-snippet:-1","max-image-preview":"max-image-preview:large","max-video-preview":"max-video-preview:-1"},"canonical":"https:\/\/veteraanienperinto.fi\/index.php\/sv\/vinterkriget\/vinterkrigets-berattelser\/kriget\/avvarjningssegrarna-pa-karelska-naset\/bataljonslakare-pa-karelska-naset-i-vinterkriget\/","og_locale":"fi_FI","og_type":"article","og_title":"Bataljonsl\u00e4kare p\u00e5 Karelska n\u00e4set i Vinterkriget - Veteraanien Perint\u00f6","og_url":"https:\/\/veteraanienperinto.fi\/index.php\/sv\/vinterkriget\/vinterkrigets-berattelser\/kriget\/avvarjningssegrarna-pa-karelska-naset\/bataljonslakare-pa-karelska-naset-i-vinterkriget\/","og_site_name":"Veteraanien Perint\u00f6","article_modified_time":"2020-12-28T14:49:17+00:00","twitter_card":"summary_large_image","twitter_misc":{"Arvioitu lukuaika":"7 minuuttia"},"schema":{"@context":"https:\/\/schema.org","@graph":[{"@type":"WebPage","@id":"https:\/\/veteraanienperinto.fi\/index.php\/sv\/vinterkriget\/vinterkrigets-berattelser\/kriget\/avvarjningssegrarna-pa-karelska-naset\/bataljonslakare-pa-karelska-naset-i-vinterkriget\/","url":"https:\/\/veteraanienperinto.fi\/index.php\/sv\/vinterkriget\/vinterkrigets-berattelser\/kriget\/avvarjningssegrarna-pa-karelska-naset\/bataljonslakare-pa-karelska-naset-i-vinterkriget\/","name":"Bataljonsl\u00e4kare p\u00e5 Karelska n\u00e4set i Vinterkriget - Veteraanien Perint\u00f6","isPartOf":{"@id":"https:\/\/veteraanienperinto.fi\/#website"},"datePublished":"2020-11-19T14:42:39+00:00","dateModified":"2020-12-28T14:49:17+00:00","breadcrumb":{"@id":"https:\/\/veteraanienperinto.fi\/index.php\/sv\/vinterkriget\/vinterkrigets-berattelser\/kriget\/avvarjningssegrarna-pa-karelska-naset\/bataljonslakare-pa-karelska-naset-i-vinterkriget\/#breadcrumb"},"inLanguage":"fi","potentialAction":[{"@type":"ReadAction","target":["https:\/\/veteraanienperinto.fi\/index.php\/sv\/vinterkriget\/vinterkrigets-berattelser\/kriget\/avvarjningssegrarna-pa-karelska-naset\/bataljonslakare-pa-karelska-naset-i-vinterkriget\/"]}]},{"@type":"BreadcrumbList","@id":"https:\/\/veteraanienperinto.fi\/index.php\/sv\/vinterkriget\/vinterkrigets-berattelser\/kriget\/avvarjningssegrarna-pa-karelska-naset\/bataljonslakare-pa-karelska-naset-i-vinterkriget\/#breadcrumb","itemListElement":[{"@type":"ListItem","position":1,"name":"Etusivu","item":"https:\/\/veteraanienperinto.fi\/index.php\/etusivu-2\/"},{"@type":"ListItem","position":2,"name":"Vinterkriget","item":"https:\/\/veteraanienperinto.fi\/index.php\/sv\/vinterkriget\/"},{"@type":"ListItem","position":3,"name":"Vinterkrigets ber\u00e4ttelser","item":"https:\/\/veteraanienperinto.fi\/index.php\/sv\/vinterkriget\/vinterkrigets-berattelser\/"},{"@type":"ListItem","position":4,"name":"Kriget","item":"https:\/\/veteraanienperinto.fi\/index.php\/sv\/vinterkriget\/vinterkrigets-berattelser\/kriget\/"},{"@type":"ListItem","position":5,"name":"Avv\u00e4rjningssegrarna p\u00e5 Karelska n\u00e4set","item":"https:\/\/veteraanienperinto.fi\/index.php\/sv\/vinterkriget\/vinterkrigets-berattelser\/kriget\/avvarjningssegrarna-pa-karelska-naset\/"},{"@type":"ListItem","position":6,"name":"Bataljonsl\u00e4kare p\u00e5 Karelska n\u00e4set i Vinterkriget"}]},{"@type":"WebSite","@id":"https:\/\/veteraanienperinto.fi\/#website","url":"https:\/\/veteraanienperinto.fi\/","name":"Veteraanien Perint\u00f6","description":"Kadettikunta","potentialAction":[{"@type":"SearchAction","target":{"@type":"EntryPoint","urlTemplate":"https:\/\/veteraanienperinto.fi\/?s={search_term_string}"},"query-input":{"@type":"PropertyValueSpecification","valueRequired":true,"valueName":"search_term_string"}}],"inLanguage":"fi"}]}},"_links":{"self":[{"href":"https:\/\/veteraanienperinto.fi\/index.php\/wp-json\/wp\/v2\/pages\/6696","targetHints":{"allow":["GET"]}}],"collection":[{"href":"https:\/\/veteraanienperinto.fi\/index.php\/wp-json\/wp\/v2\/pages"}],"about":[{"href":"https:\/\/veteraanienperinto.fi\/index.php\/wp-json\/wp\/v2\/types\/page"}],"author":[{"embeddable":true,"href":"https:\/\/veteraanienperinto.fi\/index.php\/wp-json\/wp\/v2\/users\/1"}],"replies":[{"embeddable":true,"href":"https:\/\/veteraanienperinto.fi\/index.php\/wp-json\/wp\/v2\/comments?post=6696"}],"version-history":[{"count":3,"href":"https:\/\/veteraanienperinto.fi\/index.php\/wp-json\/wp\/v2\/pages\/6696\/revisions"}],"predecessor-version":[{"id":9076,"href":"https:\/\/veteraanienperinto.fi\/index.php\/wp-json\/wp\/v2\/pages\/6696\/revisions\/9076"}],"up":[{"embeddable":true,"href":"https:\/\/veteraanienperinto.fi\/index.php\/wp-json\/wp\/v2\/pages\/5546"}],"wp:attachment":[{"href":"https:\/\/veteraanienperinto.fi\/index.php\/wp-json\/wp\/v2\/media?parent=6696"}],"curies":[{"name":"wp","href":"https:\/\/api.w.org\/{rel}","templated":true}]}}