{"id":670,"date":"2020-08-29T12:34:20","date_gmt":"2020-08-29T12:34:20","guid":{"rendered":"https:\/\/veteraani.ylirotu.fi\/?page_id=670"},"modified":"2020-11-04T20:20:58","modified_gmt":"2020-11-04T20:20:58","slug":"veteraanijarjestoja","status":"publish","type":"page","link":"https:\/\/veteraanienperinto.fi\/index.php\/tietopankit\/veteraanijarjestoja\/","title":{"rendered":"Veteraanij\u00e4rjest\u00f6j\u00e4"},"content":{"rendered":"<div id='full_slider_1'  class='avia-fullwidth-slider main_color avia-shadow   avia-builder-el-0  el_before_av_heading  avia-builder-el-first   container_wrap sidebar_right'  ><div  class='avia-slideshow av-z5y6-25697d3470254697cc1e81c8e7040c47 avia-slideshow-featured av_slideshow_full avia-slide-slider av-slideshow-ui av-control-default av-slideshow-manual av-loop-once av-loop-manual-endless av-default-height-applied   avia-slideshow-1' data-slideshow-options=\"{&quot;animation&quot;:&quot;slide&quot;,&quot;autoplay&quot;:false,&quot;loop_autoplay&quot;:&quot;once&quot;,&quot;interval&quot;:5,&quot;loop_manual&quot;:&quot;manual-endless&quot;,&quot;autoplay_stopper&quot;:false,&quot;noNavigation&quot;:false,&quot;bg_slider&quot;:false,&quot;keep_padding&quot;:false,&quot;hoverpause&quot;:false,&quot;show_slide_delay&quot;:0}\"  itemprop=\"image\" itemscope=\"itemscope\" itemtype=\"https:\/\/schema.org\/ImageObject\" ><ul class='avia-slideshow-inner ' style='padding-bottom: 28.666666666667%;'><li  class='avia-slideshow-slide av-z5y6-25697d3470254697cc1e81c8e7040c47__0  av-single-slide slide-1 slide-odd'><div data-rel='slideshow-1' class='avia-slide-wrap '   ><img decoding=\"async\" fetchpriority=\"high\" class=\"wp-image-5024 avia-img-lazy-loading-not-5024\"  src=\"https:\/\/veteraanienperinto.fi\/wp-content\/uploads\/2020\/11\/veteraanit_liput-1-1500x430.png\" width=\"1500\" height=\"430\" title='veteraanit_liput' alt=''  itemprop=\"thumbnailUrl\" srcset=\"https:\/\/veteraanienperinto.fi\/wp-content\/uploads\/2020\/11\/veteraanit_liput-1.png 1500w, https:\/\/veteraanienperinto.fi\/wp-content\/uploads\/2020\/11\/veteraanit_liput-1-300x86.png 300w, https:\/\/veteraanienperinto.fi\/wp-content\/uploads\/2020\/11\/veteraanit_liput-1-1030x295.png 1030w, https:\/\/veteraanienperinto.fi\/wp-content\/uploads\/2020\/11\/veteraanit_liput-1-768x220.png 768w, https:\/\/veteraanienperinto.fi\/wp-content\/uploads\/2020\/11\/veteraanit_liput-1-705x202.png 705w\" sizes=\"(max-width: 1500px) 100vw, 1500px\" \/><\/div><\/li><\/ul><\/div><\/div><div id='after_full_slider_1'  class='main_color av_default_container_wrap container_wrap sidebar_right'  ><div class='container av-section-cont-open' ><div class='template-page content  av-content-small alpha units'><div class='post-entry post-entry-type-page post-entry-670'><div class='entry-content-wrapper clearfix'>\n\n<style type=\"text\/css\" data-created_by=\"avia_inline_auto\" id=\"style-css-av-av_heading-1a6336c4c1e034ab190358e9dad9ab45\">\n#top .av-special-heading.av-av_heading-1a6336c4c1e034ab190358e9dad9ab45{\npadding-bottom:10px;\n}\nbody .av-special-heading.av-av_heading-1a6336c4c1e034ab190358e9dad9ab45 .av-special-heading-tag .heading-char{\nfont-size:25px;\n}\n.av-special-heading.av-av_heading-1a6336c4c1e034ab190358e9dad9ab45 .av-subheading{\nfont-size:15px;\n}\n<\/style>\n<div  class='av-special-heading av-av_heading-1a6336c4c1e034ab190358e9dad9ab45 av-special-heading-h2  avia-builder-el-1  el_after_av_slideshow_full  el_before_av_one_fourth  avia-builder-el-first '><h2 class='av-special-heading-tag'  itemprop=\"headline\"  >Veteraanij\u00e4rjest\u00f6j\u00e4<\/h2><div class=\"special-heading-border\"><div class=\"special-heading-inner-border\"><\/div><\/div><\/div>\n\n<style type=\"text\/css\" data-created_by=\"avia_inline_auto\" id=\"style-css-av-1f9xs9-8f14bc2b763afd8c3278e6907d95778a\">\n.flex_column.av-1f9xs9-8f14bc2b763afd8c3278e6907d95778a{\nborder-radius:0px 0px 0px 0px;\npadding:0px 0px 0px 0px;\n}\n<\/style>\n<div  class='flex_column av-1f9xs9-8f14bc2b763afd8c3278e6907d95778a av_one_fourth  avia-builder-el-2  el_after_av_heading  el_before_av_one_fourth  first flex_column_div av-zero-column-padding  '     ><p>\n<style type=\"text\/css\" data-created_by=\"avia_inline_auto\" id=\"style-css-av-17vqg9-ccf2bad699cf88f1d670c4a75562ffa1\">\n.avia-image-container.av-17vqg9-ccf2bad699cf88f1d670c4a75562ffa1 img.avia_image{\nbox-shadow:none;\n}\n.avia-image-container.av-17vqg9-ccf2bad699cf88f1d670c4a75562ffa1 .av-image-caption-overlay-center{\ncolor:#ffffff;\n}\n<\/style>\n<div  class='avia-image-container av-17vqg9-ccf2bad699cf88f1d670c4a75562ffa1 av-styling- avia-align-center  avia-builder-el-3  el_before_av_textblock  avia-builder-el-first '   itemprop=\"image\" itemscope=\"itemscope\" itemtype=\"https:\/\/schema.org\/ImageObject\" ><div class=\"avia-image-container-inner\"><div class=\"avia-image-overlay-wrap\"><a href=\"https:\/\/veteraanienperinto.fi\/index.php\/tietopankit\/veteraanijarjestoja\/suomen-sotaveteraaniliitto-ry\/\" class='avia_image'  aria-label='Sotaveteraaniliitto'><img decoding=\"async\" fetchpriority=\"high\" class='wp-image-678 avia-img-lazy-loading-not-678 avia_image ' src=\"https:\/\/veteraanienperinto.fi\/wp-content\/uploads\/2020\/08\/Sotaveteraaniliitto-180x180.jpg\" alt='' title='Sotaveteraaniliitto'  height=\"180\" width=\"180\"  itemprop=\"thumbnailUrl\" srcset=\"https:\/\/veteraanienperinto.fi\/wp-content\/uploads\/2020\/08\/Sotaveteraaniliitto-180x180.jpg 180w, https:\/\/veteraanienperinto.fi\/wp-content\/uploads\/2020\/08\/Sotaveteraaniliitto-300x300.jpg 300w, https:\/\/veteraanienperinto.fi\/wp-content\/uploads\/2020\/08\/Sotaveteraaniliitto-80x80.jpg 80w, https:\/\/veteraanienperinto.fi\/wp-content\/uploads\/2020\/08\/Sotaveteraaniliitto-768x768.jpg 768w, https:\/\/veteraanienperinto.fi\/wp-content\/uploads\/2020\/08\/Sotaveteraaniliitto-36x36.jpg 36w, https:\/\/veteraanienperinto.fi\/wp-content\/uploads\/2020\/08\/Sotaveteraaniliitto-705x705.jpg 705w, https:\/\/veteraanienperinto.fi\/wp-content\/uploads\/2020\/08\/Sotaveteraaniliitto.jpg 1000w\" sizes=\"(max-width: 180px) 100vw, 180px\" \/><\/a><\/div><\/div><\/div><br \/>\n<section  class='av_textblock_section av-kdsbg70l-f5dc09215ab849fc95239b9908ea1c6a '   itemscope=\"itemscope\" itemtype=\"https:\/\/schema.org\/CreativeWork\" ><div class='avia_textblock'  itemprop=\"text\" ><p style=\"text-align: center;\">Suomen sotaveteraaniliitto ry<\/p>\n<\/div><\/section><\/p><\/div>\n\n<style type=\"text\/css\" data-created_by=\"avia_inline_auto\" id=\"style-css-av-14z83t-113a079fcb10b7febf62e468b268ad94\">\n.flex_column.av-14z83t-113a079fcb10b7febf62e468b268ad94{\nborder-radius:0px 0px 0px 0px;\npadding:0px 0px 0px 0px;\n}\n<\/style>\n<div  class='flex_column av-14z83t-113a079fcb10b7febf62e468b268ad94 av_one_fourth  avia-builder-el-5  el_after_av_one_fourth  el_before_av_one_fourth  flex_column_div av-zero-column-padding  '     ><p>\n<style type=\"text\/css\" data-created_by=\"avia_inline_auto\" id=\"style-css-av-wp995-11024e6b39d59191a13b118204f805f6\">\n.avia-image-container.av-wp995-11024e6b39d59191a13b118204f805f6 img.avia_image{\nbox-shadow:none;\n}\n.avia-image-container.av-wp995-11024e6b39d59191a13b118204f805f6 .av-image-caption-overlay-center{\ncolor:#ffffff;\n}\n<\/style>\n<div  class='avia-image-container av-wp995-11024e6b39d59191a13b118204f805f6 av-styling- avia-align-center  avia-builder-el-6  el_before_av_textblock  avia-builder-el-first '   itemprop=\"image\" itemscope=\"itemscope\" itemtype=\"https:\/\/schema.org\/ImageObject\" ><div class=\"avia-image-container-inner\"><div class=\"avia-image-overlay-wrap\"><a href=\"https:\/\/veteraanienperinto.fi\/index.php\/tietopankit\/veteraanijarjestoja\/rintamaveteraaniliitto-ry\/\" class='avia_image'  aria-label='Rintamaveteraaniliitto'><img decoding=\"async\" fetchpriority=\"high\" class='wp-image-3989 avia-img-lazy-loading-not-3989 avia_image ' src=\"https:\/\/veteraanienperinto.fi\/wp-content\/uploads\/2020\/09\/Rintamaveteraaniliitto-180x180.jpg\" alt='' title='Rintamaveteraaniliitto'  height=\"180\" width=\"180\"  itemprop=\"thumbnailUrl\" srcset=\"https:\/\/veteraanienperinto.fi\/wp-content\/uploads\/2020\/09\/Rintamaveteraaniliitto-180x180.jpg 180w, https:\/\/veteraanienperinto.fi\/wp-content\/uploads\/2020\/09\/Rintamaveteraaniliitto-80x80.jpg 80w, https:\/\/veteraanienperinto.fi\/wp-content\/uploads\/2020\/09\/Rintamaveteraaniliitto-36x36.jpg 36w\" sizes=\"(max-width: 180px) 100vw, 180px\" \/><\/a><\/div><\/div><\/div><br \/>\n<section  class='av_textblock_section av-kdsbghql-3654d9d4884834fe6a76ae332030ce9b '   itemscope=\"itemscope\" itemtype=\"https:\/\/schema.org\/CreativeWork\" ><div class='avia_textblock'  itemprop=\"text\" ><p style=\"text-align: center;\">Rintamaveteraaniliitto ry<\/p>\n<\/div><\/section><\/p><\/div>\n\n<style type=\"text\/css\" data-created_by=\"avia_inline_auto\" id=\"style-css-av-pp8q1-b2d10509aee25bcf9a6bf42cd8053ee4\">\n.flex_column.av-pp8q1-b2d10509aee25bcf9a6bf42cd8053ee4{\nborder-radius:0px 0px 0px 0px;\npadding:0px 0px 0px 0px;\n}\n<\/style>\n<div  class='flex_column av-pp8q1-b2d10509aee25bcf9a6bf42cd8053ee4 av_one_fourth  avia-builder-el-8  el_after_av_one_fourth  el_before_av_one_fourth  flex_column_div av-zero-column-padding  '     ><p>\n<style type=\"text\/css\" data-created_by=\"avia_inline_auto\" id=\"style-css-av-l4s75-0ccad53c46f9d6aad5e7ca7646a01b9c\">\n.avia-image-container.av-l4s75-0ccad53c46f9d6aad5e7ca7646a01b9c img.avia_image{\nbox-shadow:none;\n}\n.avia-image-container.av-l4s75-0ccad53c46f9d6aad5e7ca7646a01b9c .av-image-caption-overlay-center{\ncolor:#ffffff;\n}\n<\/style>\n<div  class='avia-image-container av-l4s75-0ccad53c46f9d6aad5e7ca7646a01b9c av-styling- avia-align-center  avia-builder-el-9  el_before_av_textblock  avia-builder-el-first '   itemprop=\"image\" itemscope=\"itemscope\" itemtype=\"https:\/\/schema.org\/ImageObject\" ><div class=\"avia-image-container-inner\"><div class=\"avia-image-overlay-wrap\"><a href=\"https:\/\/veteraanienperinto.fi\/index.php\/tietopankit\/veteraanijarjestoja\/sotainvalidien-veljesliitto-ry\/\" class='avia_image'  aria-label='Sotainvalidien veljesliitto'><img decoding=\"async\" fetchpriority=\"high\" class='wp-image-3990 avia-img-lazy-loading-not-3990 avia_image ' src=\"https:\/\/veteraanienperinto.fi\/wp-content\/uploads\/2020\/09\/Sotainvalidien-veljesliitto-180x180.jpg\" alt='' title='Sotainvalidien veljesliitto'  height=\"180\" width=\"180\"  itemprop=\"thumbnailUrl\" srcset=\"https:\/\/veteraanienperinto.fi\/wp-content\/uploads\/2020\/09\/Sotainvalidien-veljesliitto-180x180.jpg 180w, https:\/\/veteraanienperinto.fi\/wp-content\/uploads\/2020\/09\/Sotainvalidien-veljesliitto-80x80.jpg 80w, https:\/\/veteraanienperinto.fi\/wp-content\/uploads\/2020\/09\/Sotainvalidien-veljesliitto-36x36.jpg 36w\" sizes=\"(max-width: 180px) 100vw, 180px\" \/><\/a><\/div><\/div><\/div><br \/>\n<section  class='av_textblock_section av-kdsbgvhj-afaf37acc052683f7d4391628fa521cc '   itemscope=\"itemscope\" itemtype=\"https:\/\/schema.org\/CreativeWork\" ><div class='avia_textblock'  itemprop=\"text\" ><p style=\"text-align: center;\">Sotainvalidien veljesliitto ry<\/p>\n<\/div><\/section><\/p><\/div>\n\n<style type=\"text\/css\" data-created_by=\"avia_inline_auto\" id=\"style-css-av-eye0x-ac27eb39bbdd9f5a02f5814f2ac8bc1e\">\n.flex_column.av-eye0x-ac27eb39bbdd9f5a02f5814f2ac8bc1e{\nborder-radius:0px 0px 0px 0px;\npadding:0px 0px 0px 0px;\n}\n<\/style>\n<div  class='flex_column av-eye0x-ac27eb39bbdd9f5a02f5814f2ac8bc1e av_one_fourth  avia-builder-el-11  el_after_av_one_fourth  el_before_av_one_fourth  flex_column_div av-zero-column-padding  '     ><p>\n<style type=\"text\/css\" data-created_by=\"avia_inline_auto\" id=\"style-css-av-6v9bd-6d3ed6a9016e53b55f9e57beb02aaa97\">\n.avia-image-container.av-6v9bd-6d3ed6a9016e53b55f9e57beb02aaa97 img.avia_image{\nbox-shadow:none;\n}\n.avia-image-container.av-6v9bd-6d3ed6a9016e53b55f9e57beb02aaa97 .av-image-caption-overlay-center{\ncolor:#ffffff;\n}\n<\/style>\n<div  class='avia-image-container av-6v9bd-6d3ed6a9016e53b55f9e57beb02aaa97 av-styling- avia-align-center  avia-builder-el-12  el_before_av_textblock  avia-builder-el-first '   itemprop=\"image\" itemscope=\"itemscope\" itemtype=\"https:\/\/schema.org\/ImageObject\" ><div class=\"avia-image-container-inner\"><div class=\"avia-image-overlay-wrap\"><a href=\"https:\/\/veteraanienperinto.fi\/index.php\/tietopankit\/veteraanijarjestoja\/kaatuneitten-omaisten-liitto-ry\/\" class='avia_image'  aria-label='Kaatuneiden omaisten liitto 2'><img decoding=\"async\" fetchpriority=\"high\" class='wp-image-4019 avia-img-lazy-loading-not-4019 avia_image ' src=\"https:\/\/veteraanienperinto.fi\/wp-content\/uploads\/2020\/09\/Kaatuneiden-omaisten-liitto-2-180x180.jpg\" alt='' title='Kaatuneiden omaisten liitto 2'  height=\"180\" width=\"180\"  itemprop=\"thumbnailUrl\" srcset=\"https:\/\/veteraanienperinto.fi\/wp-content\/uploads\/2020\/09\/Kaatuneiden-omaisten-liitto-2-180x180.jpg 180w, https:\/\/veteraanienperinto.fi\/wp-content\/uploads\/2020\/09\/Kaatuneiden-omaisten-liitto-2-80x80.jpg 80w, https:\/\/veteraanienperinto.fi\/wp-content\/uploads\/2020\/09\/Kaatuneiden-omaisten-liitto-2-36x36.jpg 36w\" sizes=\"(max-width: 180px) 100vw, 180px\" \/><\/a><\/div><\/div><\/div><br \/>\n<section  class='av_textblock_section av-kdsbgvhj-afaf37acc052683f7d4391628fa521cc '   itemscope=\"itemscope\" itemtype=\"https:\/\/schema.org\/CreativeWork\" ><div class='avia_textblock'  itemprop=\"text\" ><p style=\"text-align: center;\">Kaatuneitten omaisten liitto ry<\/p>\n<\/div><\/section><\/p><\/div>\n\n<style type=\"text\/css\" data-created_by=\"avia_inline_auto\" id=\"style-css-av-eye0x-31dcd9f05a20ba6fb6d9ceeb56523e63\">\n.flex_column.av-eye0x-31dcd9f05a20ba6fb6d9ceeb56523e63{\nborder-radius:0px 0px 0px 0px;\npadding:0px 0px 0px 0px;\n}\n<\/style>\n<div  class='flex_column av-eye0x-31dcd9f05a20ba6fb6d9ceeb56523e63 av_one_fourth  avia-builder-el-14  el_after_av_one_fourth  el_before_av_one_fourth  first flex_column_div av-zero-column-padding  column-top-margin'     ><p>\n<style type=\"text\/css\" data-created_by=\"avia_inline_auto\" id=\"style-css-av-6v9bd-01e335601c2c7f0a42db0fe38a524ba6\">\n.avia-image-container.av-6v9bd-01e335601c2c7f0a42db0fe38a524ba6 img.avia_image{\nbox-shadow:none;\n}\n.avia-image-container.av-6v9bd-01e335601c2c7f0a42db0fe38a524ba6 .av-image-caption-overlay-center{\ncolor:#ffffff;\n}\n<\/style>\n<div  class='avia-image-container av-6v9bd-01e335601c2c7f0a42db0fe38a524ba6 av-styling- avia-align-center  avia-builder-el-15  el_before_av_textblock  avia-builder-el-first '   itemprop=\"image\" itemscope=\"itemscope\" itemtype=\"https:\/\/schema.org\/ImageObject\" ><div class=\"avia-image-container-inner\"><div class=\"avia-image-overlay-wrap\"><a href=\"https:\/\/veteraanienperinto.fi\/index.php\/tietopankit\/veteraanijarjestoja\/rintamanaisten-liitto-ry\/\" class='avia_image'  aria-label='Rintamanaisten liitto'><img decoding=\"async\" fetchpriority=\"high\" class='wp-image-3994 avia-img-lazy-loading-not-3994 avia_image ' src=\"https:\/\/veteraanienperinto.fi\/wp-content\/uploads\/2020\/09\/Rintamanaisten-liitto-180x180.jpg\" alt='' title='Rintamanaisten liitto'  height=\"180\" width=\"180\"  itemprop=\"thumbnailUrl\" srcset=\"https:\/\/veteraanienperinto.fi\/wp-content\/uploads\/2020\/09\/Rintamanaisten-liitto-180x180.jpg 180w, https:\/\/veteraanienperinto.fi\/wp-content\/uploads\/2020\/09\/Rintamanaisten-liitto-80x80.jpg 80w, https:\/\/veteraanienperinto.fi\/wp-content\/uploads\/2020\/09\/Rintamanaisten-liitto-36x36.jpg 36w\" sizes=\"(max-width: 180px) 100vw, 180px\" \/><\/a><\/div><\/div><\/div><br \/>\n<section  class='av_textblock_section av-kdsbgvhj-afaf37acc052683f7d4391628fa521cc '   itemscope=\"itemscope\" itemtype=\"https:\/\/schema.org\/CreativeWork\" ><div class='avia_textblock'  itemprop=\"text\" ><p style=\"text-align: center;\">Rintamanaisten liitto ry<br \/>\n1980-2013<\/p>\n<\/div><\/section><\/p><\/div>\n\n<style type=\"text\/css\" data-created_by=\"avia_inline_auto\" id=\"style-css-av-eye0x-ac27eb39bbdd9f5a02f5814f2ac8bc1e\">\n.flex_column.av-eye0x-ac27eb39bbdd9f5a02f5814f2ac8bc1e{\nborder-radius:0px 0px 0px 0px;\npadding:0px 0px 0px 0px;\n}\n<\/style>\n<div  class='flex_column av-eye0x-ac27eb39bbdd9f5a02f5814f2ac8bc1e av_one_fourth  avia-builder-el-17  el_after_av_one_fourth  avia-builder-el-last  flex_column_div av-zero-column-padding  column-top-margin'     ><p>\n<style type=\"text\/css\" data-created_by=\"avia_inline_auto\" id=\"style-css-av-6v9bd-9e2acb47621407bf8da990cda9a39af9\">\n.avia-image-container.av-6v9bd-9e2acb47621407bf8da990cda9a39af9 img.avia_image{\nbox-shadow:none;\n}\n.avia-image-container.av-6v9bd-9e2acb47621407bf8da990cda9a39af9 .av-image-caption-overlay-center{\ncolor:#ffffff;\n}\n<\/style>\n<div  class='avia-image-container av-6v9bd-9e2acb47621407bf8da990cda9a39af9 av-styling- avia-align-center  avia-builder-el-18  el_before_av_textblock  avia-builder-el-first '   itemprop=\"image\" itemscope=\"itemscope\" itemtype=\"https:\/\/schema.org\/ImageObject\" ><div class=\"avia-image-container-inner\"><div class=\"avia-image-overlay-wrap\"><a href=\"https:\/\/veteraanienperinto.fi\/index.php\/tietopankit\/veteraanijarjestoja\/sotavangit-ry\/\" class='avia_image'  aria-label='Sotavangit 2'><img decoding=\"async\" fetchpriority=\"high\" class='wp-image-4016 avia-img-lazy-loading-not-4016 avia_image ' src=\"https:\/\/veteraanienperinto.fi\/wp-content\/uploads\/2020\/09\/Sotavangit-2-180x180.jpg\" alt='' title='Sotavangit 2'  height=\"180\" width=\"180\"  itemprop=\"thumbnailUrl\" srcset=\"https:\/\/veteraanienperinto.fi\/wp-content\/uploads\/2020\/09\/Sotavangit-2-180x180.jpg 180w, https:\/\/veteraanienperinto.fi\/wp-content\/uploads\/2020\/09\/Sotavangit-2-80x80.jpg 80w, https:\/\/veteraanienperinto.fi\/wp-content\/uploads\/2020\/09\/Sotavangit-2-36x36.jpg 36w\" sizes=\"(max-width: 180px) 100vw, 180px\" \/><\/a><\/div><\/div><\/div><br \/>\n<section  class='av_textblock_section av-kdsbgvhj-afaf37acc052683f7d4391628fa521cc '   itemscope=\"itemscope\" itemtype=\"https:\/\/schema.org\/CreativeWork\" ><div class='avia_textblock'  itemprop=\"text\" ><p style=\"text-align: center;\">Sotavangit ry<br \/>\n1969-2005<\/p>\n<\/div><\/section><\/p><\/div>\n","protected":false},"excerpt":{"rendered":"","protected":false},"author":1,"featured_media":0,"parent":29,"menu_order":2,"comment_status":"closed","ping_status":"closed","template":"","meta":{"footnotes":""},"class_list":["post-670","page","type-page","status-publish","hentry"],"yoast_head":"<!-- This site is optimized with the Yoast SEO plugin v27.5 - https:\/\/yoast.com\/product\/yoast-seo-wordpress\/ -->\n<title>Veteraanij\u00e4rjest\u00f6j\u00e4 - Veteraanien Perint\u00f6<\/title>\n<meta name=\"robots\" content=\"index, follow, max-snippet:-1, max-image-preview:large, max-video-preview:-1\" \/>\n<link rel=\"canonical\" href=\"https:\/\/veteraanienperinto.fi\/index.php\/tietopankit\/veteraanijarjestoja\/\" \/>\n<meta property=\"og:locale\" content=\"fi_FI\" \/>\n<meta property=\"og:type\" content=\"article\" \/>\n<meta property=\"og:title\" content=\"Veteraanij\u00e4rjest\u00f6j\u00e4 - Veteraanien Perint\u00f6\" \/>\n<meta property=\"og:url\" content=\"https:\/\/veteraanienperinto.fi\/index.php\/tietopankit\/veteraanijarjestoja\/\" \/>\n<meta property=\"og:site_name\" content=\"Veteraanien Perint\u00f6\" \/>\n<meta property=\"article:modified_time\" content=\"2020-11-04T20:20:58+00:00\" \/>\n<meta name=\"twitter:card\" content=\"summary_large_image\" \/>\n<meta name=\"twitter:label1\" content=\"Arvioitu lukuaika\" \/>\n\t<meta name=\"twitter:data1\" content=\"8 minuuttia\" \/>\n<script type=\"application\/ld+json\" class=\"yoast-schema-graph\">{\"@context\":\"https:\\\/\\\/schema.org\",\"@graph\":[{\"@type\":\"WebPage\",\"@id\":\"https:\\\/\\\/veteraanienperinto.fi\\\/index.php\\\/tietopankit\\\/veteraanijarjestoja\\\/\",\"url\":\"https:\\\/\\\/veteraanienperinto.fi\\\/index.php\\\/tietopankit\\\/veteraanijarjestoja\\\/\",\"name\":\"Veteraanij\u00e4rjest\u00f6j\u00e4 - Veteraanien Perint\u00f6\",\"isPartOf\":{\"@id\":\"https:\\\/\\\/veteraanienperinto.fi\\\/#website\"},\"datePublished\":\"2020-08-29T12:34:20+00:00\",\"dateModified\":\"2020-11-04T20:20:58+00:00\",\"breadcrumb\":{\"@id\":\"https:\\\/\\\/veteraanienperinto.fi\\\/index.php\\\/tietopankit\\\/veteraanijarjestoja\\\/#breadcrumb\"},\"inLanguage\":\"fi\",\"potentialAction\":[{\"@type\":\"ReadAction\",\"target\":[\"https:\\\/\\\/veteraanienperinto.fi\\\/index.php\\\/tietopankit\\\/veteraanijarjestoja\\\/\"]}]},{\"@type\":\"BreadcrumbList\",\"@id\":\"https:\\\/\\\/veteraanienperinto.fi\\\/index.php\\\/tietopankit\\\/veteraanijarjestoja\\\/#breadcrumb\",\"itemListElement\":[{\"@type\":\"ListItem\",\"position\":1,\"name\":\"Etusivu\",\"item\":\"https:\\\/\\\/veteraanienperinto.fi\\\/index.php\\\/etusivu-2\\\/\"},{\"@type\":\"ListItem\",\"position\":2,\"name\":\"Tietopankit\",\"item\":\"https:\\\/\\\/veteraanienperinto.fi\\\/index.php\\\/tietopankit\\\/\"},{\"@type\":\"ListItem\",\"position\":3,\"name\":\"Veteraanij\u00e4rjest\u00f6j\u00e4\"}]},{\"@type\":\"WebSite\",\"@id\":\"https:\\\/\\\/veteraanienperinto.fi\\\/#website\",\"url\":\"https:\\\/\\\/veteraanienperinto.fi\\\/\",\"name\":\"Veteraanien Perint\u00f6\",\"description\":\"Kadettikunta\",\"potentialAction\":[{\"@type\":\"SearchAction\",\"target\":{\"@type\":\"EntryPoint\",\"urlTemplate\":\"https:\\\/\\\/veteraanienperinto.fi\\\/?s={search_term_string}\"},\"query-input\":{\"@type\":\"PropertyValueSpecification\",\"valueRequired\":true,\"valueName\":\"search_term_string\"}}],\"inLanguage\":\"fi\"}]}<\/script>\n<!-- \/ Yoast SEO plugin. -->","yoast_head_json":{"title":"Veteraanij\u00e4rjest\u00f6j\u00e4 - Veteraanien Perint\u00f6","robots":{"index":"index","follow":"follow","max-snippet":"max-snippet:-1","max-image-preview":"max-image-preview:large","max-video-preview":"max-video-preview:-1"},"canonical":"https:\/\/veteraanienperinto.fi\/index.php\/tietopankit\/veteraanijarjestoja\/","og_locale":"fi_FI","og_type":"article","og_title":"Veteraanij\u00e4rjest\u00f6j\u00e4 - Veteraanien Perint\u00f6","og_url":"https:\/\/veteraanienperinto.fi\/index.php\/tietopankit\/veteraanijarjestoja\/","og_site_name":"Veteraanien Perint\u00f6","article_modified_time":"2020-11-04T20:20:58+00:00","twitter_card":"summary_large_image","twitter_misc":{"Arvioitu lukuaika":"8 minuuttia"},"schema":{"@context":"https:\/\/schema.org","@graph":[{"@type":"WebPage","@id":"https:\/\/veteraanienperinto.fi\/index.php\/tietopankit\/veteraanijarjestoja\/","url":"https:\/\/veteraanienperinto.fi\/index.php\/tietopankit\/veteraanijarjestoja\/","name":"Veteraanij\u00e4rjest\u00f6j\u00e4 - Veteraanien Perint\u00f6","isPartOf":{"@id":"https:\/\/veteraanienperinto.fi\/#website"},"datePublished":"2020-08-29T12:34:20+00:00","dateModified":"2020-11-04T20:20:58+00:00","breadcrumb":{"@id":"https:\/\/veteraanienperinto.fi\/index.php\/tietopankit\/veteraanijarjestoja\/#breadcrumb"},"inLanguage":"fi","potentialAction":[{"@type":"ReadAction","target":["https:\/\/veteraanienperinto.fi\/index.php\/tietopankit\/veteraanijarjestoja\/"]}]},{"@type":"BreadcrumbList","@id":"https:\/\/veteraanienperinto.fi\/index.php\/tietopankit\/veteraanijarjestoja\/#breadcrumb","itemListElement":[{"@type":"ListItem","position":1,"name":"Etusivu","item":"https:\/\/veteraanienperinto.fi\/index.php\/etusivu-2\/"},{"@type":"ListItem","position":2,"name":"Tietopankit","item":"https:\/\/veteraanienperinto.fi\/index.php\/tietopankit\/"},{"@type":"ListItem","position":3,"name":"Veteraanij\u00e4rjest\u00f6j\u00e4"}]},{"@type":"WebSite","@id":"https:\/\/veteraanienperinto.fi\/#website","url":"https:\/\/veteraanienperinto.fi\/","name":"Veteraanien Perint\u00f6","description":"Kadettikunta","potentialAction":[{"@type":"SearchAction","target":{"@type":"EntryPoint","urlTemplate":"https:\/\/veteraanienperinto.fi\/?s={search_term_string}"},"query-input":{"@type":"PropertyValueSpecification","valueRequired":true,"valueName":"search_term_string"}}],"inLanguage":"fi"}]}},"_links":{"self":[{"href":"https:\/\/veteraanienperinto.fi\/index.php\/wp-json\/wp\/v2\/pages\/670","targetHints":{"allow":["GET"]}}],"collection":[{"href":"https:\/\/veteraanienperinto.fi\/index.php\/wp-json\/wp\/v2\/pages"}],"about":[{"href":"https:\/\/veteraanienperinto.fi\/index.php\/wp-json\/wp\/v2\/types\/page"}],"author":[{"embeddable":true,"href":"https:\/\/veteraanienperinto.fi\/index.php\/wp-json\/wp\/v2\/users\/1"}],"replies":[{"embeddable":true,"href":"https:\/\/veteraanienperinto.fi\/index.php\/wp-json\/wp\/v2\/comments?post=670"}],"version-history":[{"count":17,"href":"https:\/\/veteraanienperinto.fi\/index.php\/wp-json\/wp\/v2\/pages\/670\/revisions"}],"predecessor-version":[{"id":6454,"href":"https:\/\/veteraanienperinto.fi\/index.php\/wp-json\/wp\/v2\/pages\/670\/revisions\/6454"}],"up":[{"embeddable":true,"href":"https:\/\/veteraanienperinto.fi\/index.php\/wp-json\/wp\/v2\/pages\/29"}],"wp:attachment":[{"href":"https:\/\/veteraanienperinto.fi\/index.php\/wp-json\/wp\/v2\/media?parent=670"}],"curies":[{"name":"wp","href":"https:\/\/api.w.org\/{rel}","templated":true}]}}