{"id":6704,"date":"2020-11-19T14:44:27","date_gmt":"2020-11-19T14:44:27","guid":{"rendered":"https:\/\/veteraani.ylirotu.fi\/?page_id=6704"},"modified":"2020-12-28T14:14:26","modified_gmt":"2020-12-28T14:14:26","slug":"tienhaara-haller","status":"publish","type":"page","link":"https:\/\/veteraanienperinto.fi\/index.php\/sv\/fortsattningskriget\/berattelser-i-fortsattningkriget\/krigets-gang\/storstriderna-vid-tali-ihantala-vuosalmi-och-viborgska-viken\/tienhaara-haller\/","title":{"rendered":"Tienhaara h\u00e5ller"},"content":{"rendered":"\n<style type=\"text\/css\" data-created_by=\"avia_inline_auto\" id=\"style-css-av-kix69gu1-0d7f9ba9ba407ebb9d88caed3bc3a446\">\n#top .av-special-heading.av-kix69gu1-0d7f9ba9ba407ebb9d88caed3bc3a446{\npadding-bottom:10px;\n}\nbody .av-special-heading.av-kix69gu1-0d7f9ba9ba407ebb9d88caed3bc3a446 .av-special-heading-tag .heading-char{\nfont-size:25px;\n}\n.av-special-heading.av-kix69gu1-0d7f9ba9ba407ebb9d88caed3bc3a446 .av-subheading{\nfont-size:15px;\n}\n<\/style>\n<div  class='av-special-heading av-kix69gu1-0d7f9ba9ba407ebb9d88caed3bc3a446 av-special-heading-h3  avia-builder-el-0  el_before_av_textblock  avia-builder-el-first '><h3 class='av-special-heading-tag'  itemprop=\"headline\"  >Tienhaara h\u00e5ller<\/h3><div class=\"special-heading-border\"><div class=\"special-heading-inner-border\"><\/div><\/div><\/div>\n<section  class='av_textblock_section av-kek0ol8w-0f04af88ec907b2c66cea4bf3dbe1d4c '   itemscope=\"itemscope\" itemtype=\"https:\/\/schema.org\/CreativeWork\" ><div class='avia_textblock'  itemprop=\"text\" ><p><strong>Bj\u00f6rn Immonen:<\/strong><\/p>\n<p>L\u00f6jtnant Bj\u00f6rn Immonen har i memoarsamlingen &#8221;N\u00e4r det begav sig&#8221; utgiven p\u00e5 f\u00f6rsorg av Helsingfors Svenska krigsveteraner under rubriken &#8221;Tienhaara h\u00e5ller&#8221; beskrivit sitt eldbatteris deltagande i Tienhaara-striderna. Denna beskrivning har han den 5 juni 1999 omredigerat i f\u00f6ljande form.<\/p>\n<p>Den 22 juni 1944 klockan 15 var v\u00e5rt batteri skjutf\u00e4rdigt och gr\u00e4vandet av gropar b\u00f6rjade p\u00e5 allvar. Det f\u00f6rsta ryska f\u00f6rs\u00f6ket att g\u00e5 \u00f6ver Kivisalmi b\u00f6rjade efter en intensiv artillerif\u00f6rberedelse klockan 23.15. Ryssarnas b\u00e5tar j\u00e4mte manskap f\u00f6rintades p\u00e5 vattnet av v\u00e5r artilleri- och infanterield. Efter en halv timme kom f\u00f6ljande anfallsv\u00e5g. Ett par b\u00e5tar j\u00e4mte manskap lyckades den h\u00e4r g\u00e5ngen ta sig \u00f6ver, men utpl\u00e5nades av infanteriet, v\u00e5rt eget IR 61. Klockan 3 var allt lugnt igen.<\/p>\n<p>Ryssarnas stora anfall kom p\u00e5 morgonen den 23 juni. Klockan 7 b\u00f6rjade en aldrig f\u00f6rut upplevd artilleri- och flygeldorkan. Bombplanen kom i formationer om 60-80 plan i tre p\u00e5 varandra f\u00f6ljande v\u00e5gor, medan markstridsplanen rusade \u00f6ver v\u00e5ra st\u00e4llningar med automatkanonerna d\u00e5nande. Eldmattan t\u00e4ckte ett omr\u00e5de som kanske var 5 kilometer brett och 15-20 kilometer djupt. Alla telefonf\u00f6rbindelser br\u00f6ts snabbt och i d\u00e5net var det n\u00e4stan om\u00f6jligt att h\u00f6ra det som sades i radioapparaterna.<\/p>\n<p>Jag citerar h\u00e4r boken &#8221;Kanonkompaniet 7304&#8221;. Kompaniet stred p\u00e5 samma platser som v\u00e5r sektion och bokens beskrivning motsvarar exakt min egen uppfattning. &#8221;St\u00f6rningselden fr\u00e5n b\u00e5da sidor tilltog ju l\u00e4ngre morgonen framsked f\u00f6r att mellan sex och sju \u00f6verg\u00e5 i en eldorkan utan like. Soldater v\u00e4njer sig vid och anpassar sig till vanliga eldkoncentrationer, medvetna om, att en del \u00f6verlever. Men under morgonens ryska urladdning fr\u00e5n otaliga artillerir\u00f6r, granatkastare, flackeldskanoner, luftv\u00e4rnspj\u00e4ser och stalinorglar samt m\u00e4ngden av tunga bombplan, som ansatte den bakre terr\u00e4ngen. syntes det, som om soldaterna r\u00e5kat in i ett d\u00f6dsinferno, fr\u00e5n vilket det inte fanns n\u00e5gon m\u00f6jlighet till fortsatt liv. Luften, jord och himmel vibrerade b\u00e4vade i ett enda kaotisk d\u00e5n.<\/p>\n<p>Skogens och parkens tr\u00e4d klipptes av p\u00e5 olika niv\u00e5er. Stenar splittrades och slungades h\u00f6gt upp i luften och de jordlager som fanns i klyftor och s\u00e4nkor, spriddes och finf\u00f6rdelades i omgivningen. Efter\u00e5t steg r\u00f6k fr\u00e5n stinkande dyp\u00f6lar och rish\u00f6gar. I denna r\u00f6ra fanns liv, m\u00e4nniskor, som skulle vara beredda att m\u00f6ta en anstormande fiende, n\u00e4r helveteselden flyttades bak\u00e5t&#8221;.<\/p>\n<p>Den morgonen gjorde jag en m\u00e4rklig uppt\u00e4ckt. Mitt batteri fanns tydligen inte p\u00e5 de ryska rn\u00e5lkartorna, ej heller sektionens andra batterier. Vi hade k\u00f6rt i st\u00e4llning mitt p\u00e5 dagen den 22 efter det ryssarna hade slutf\u00f6rt sin flygspaning. Det ryska artilleriet sk\u00f6t p\u00e5 m\u00e5l framf\u00f6r oss, bakom oss och p\u00e5 vardera sidan, men inte p\u00e5 oss. Markstridsplanen kom skjutande sina kanoner mot oss men upph\u00f6rde med elden medan de fl\u00f6g \u00f6ver oss.<\/p>\n<p>V\u00e5ra st\u00e4llningar var skyddade mot insyn uppifr\u00e5n av bara de buskar och tr\u00e4d som vi hade slagit in omkring oss. Inte ens n\u00e4r vi sk\u00f6t som mest och n\u00e4stan var t\u00e4ckta av r\u00f6kmoln, ur vilka mynningsflammorna slog upp blev vi st\u00f6rda. Jag upplevde mig sj\u00e4lv och mina pojkar som \u00e5sk\u00e5dare till ett sk\u00e5despel av n\u00e4stan kosmisk storlek. Min kista genomborrades i sin grop av en sk\u00e4rva och en av pojkarna s\u00e5rades l\u00e4tt i handen. Det var v\u00e5rt eldbatteris f\u00f6rluster under eldorkanen.<\/p>\n<p>Klockan 8.30 b\u00f6rjade det stora anfallet \u00f6ver sundet med en styrka om ett regemente. I ett nu var vattnet fullt av b\u00e5tar och flottar. Via infanteriets kommend\u00f6rsradio och divisionsstaben fick artilleriet sin order om kontinuerlig sp\u00e4rr- och avv\u00e4rjningseld. N\u00e4r v\u00e5rt artilleris och infanteris m\u00f6rdande eld kom ig\u00e5ng, krossades anfallets kraft i vattnet och p\u00e5 den motsatta ryska stranden. Ryssar till ett antal om h\u00f6gst ett kompani lyckades komma \u00f6ver sundet, men infanteriets motanfall gjorde slut p\u00e5 dem. V\u00e5rt artilleri hamrade i timtal p\u00e5 Sorvali \u00f6, d\u00e4r huvuddelen av de anfallande fienderna v\u00e4ntade, grupperade f\u00f6r f\u00f6ljande stora anfallsv\u00e5gor.<\/p>\n<p>\u00c4ven om ryssarna hade 3-4 g\u00e5nger flera eldr\u00f6r vid Sorvali \u00e4n vi hade, hade vi Nenonens skjutteknik, som gjorde det m\u00f6jligt f\u00f6r oss att skjuta med alla v\u00e5ra kanoner inom skotth\u00e5ll mot vilken punkt som helst p\u00e5 den ryska sidan. Och eftersom v\u00e5rt m\u00e5lomr\u00e5de var mycket begr\u00e4nsat, kunde vi bel\u00e4gga det med kanske dubbelt st\u00f6rre eldt\u00e4thet \u00e4n vad ryssarna kunde l\u00e4gga \u00f6ver oss. Och dessutom var v\u00e5rt artilleris precision helt \u00f6verl\u00e4gsen.<\/p>\n<p>F\u00f6ljande kan man l\u00e4sa i boken &#8221;Kanonkompaniet 7304&#8221; om krossandet av det ryska storanfallet. &#8221;Den, som vid det h\u00e4r laget tittade \u00f6ver mot den ryska sidan, kunde se fiender i stora skaror str\u00f6mma ned mot strandlinjen, b\u00e4rande och sl\u00e4pande farkoster av de mest skiftande slag, f\u00f6r att med dem ta sig \u00f6ver sundet. P\u00e5 bron och p\u00e5 b\u00e5da sidor om den r\u00e4tt h\u00f6ga vallen kryllade det av soldater som f\u00f6rs\u00f6kte ta sig \u00f6ver. En del vadade under bron med vattnet upp till midjan. Det fanns tydligen inbyggda k\u00e4llare i brovallen fr\u00e5n vilka det v\u00e4llde ut soldater under anfallen&#8221;.<\/p>\n<p>&#8221;Den h\u00e5rda ryska trumelden mot v\u00e5rt omr\u00e5de hade skapat en viss f\u00f6rlamning. M\u00e5nga stupade och s\u00e5rade m\u00e5ste tas omhand och b\u00e4ras bort. Vapnen var neds\u00f6lade av jord och tr\u00e4ck. De explosiva kulorna fr\u00e5n de ryska maskingev\u00e4ren hade en viss chockverkan. Men n\u00e4r de egna tunga vapnen med hela den tillg\u00e4ngliga kapaciteten koncentrerade sin eld mot den ryska stranden, v\u00e4cktes de v\u00e5ra till liv, \u00e4ven om f\u00f6rsvarsstyrkan var reducerad. Effekten av de finl\u00e4ndska vapnen var otrolig; \u00e4ven tr\u00e4ffs\u00e4kerheten var enast\u00e5ende. Snart spelade ocks\u00e5 infanterivapnen f\u00f6r fullt mot de anstormande. Kanonkompaniets fyra pj\u00e4ser sk\u00f6t vad de f\u00f6rm\u00e5dde.<\/p>\n<p>Medan v\u00e5ra maskingev\u00e4r h\u00f6ll rent p\u00e5 bron, sk\u00f6t f\u00e4ltkanonen fr\u00e5n slottet mot k\u00e4llar\u00f6ppningarna i brovallen med f\u00f6r\u00f6dande verkan. Trots den h\u00e5rda och tr\u00e4ffs\u00e4kra elden fr\u00e5n f\u00f6rsvararnas sida str\u00f6mmade nya ryska styrkor fram mot stranden f\u00f6r att mejas ned. Det \u00e4r ofattbart, att den ryska ledningen kunde f\u00f6rm\u00e5 sina soldater att g\u00e5 ut p\u00e5 denna \u00f6ppna &#8217;bricka&#8221; mot en s\u00e4ker d\u00f6d. En och annan grupp n\u00e5dde ocks\u00e5 v\u00e5r strand, men tillintetgjordes snart. Ett tjugotal man lyckades bita sig fast vid brohuvudet p\u00e5 v\u00e5r sida och bildade en tid ett brohuvud d\u00e4r, men ryssarna hade inte kraft att h\u00e5lla och ut nyttja detta&#8221;.<\/p>\n<p>\u00c4ven det finska flygets insats hade i striden en stor betydelse. Bombflyget angrep b\u00e5de synliga m\u00e5l och de ryska trupper som v\u00e4ntade p\u00e5 sin tur i f\u00f6rs\u00f6ket att krossa det finska f\u00f6rsvaret. Ovanf\u00f6r slagf\u00e4ltet utk\u00e4mpades fyra h\u00e5rda luftstrider, n\u00e4r v\u00e5rt jaktflyg angrep de ryska armadorna, som h\u00e4r f\u00f6rlorade ett trettiotal flygplan. Och kapten Hans Wind \u00f6kade sitt antal flygsegrar den dagen s\u00e5, att han en vecka senare fick sitt andra Mannerheimkors.<\/p>\n<p>V\u00e5r avv\u00e4rjningseld stoppade direkt ett ryskt anfallsf\u00f6rs\u00f6k klockan 12, n\u00e5gra svagare f\u00f6rs\u00f6k senare under eftermiddagen. Midsommardagen den 24 juni gick sedan i tecknet av fortsatt intensiv avv\u00e4rjningseld.<\/p>\n<p>Den 25 juni kom ryssarna \u00e4nnu med en koncentrerad artillerif\u00f6rberedelse, p\u00e5 vilken vi svarade med en v\u00e5ldsam avv\u00e4rjande eld enligt tidigare modell. Anfallet uteblev. Det ryska huvudanfallet mot v\u00e4ster fr\u00e5n Viborg var krossat; IR 61 och v\u00e5rt eget artilleri st\u00f6dda av v\u00e5rt eget flyg hade h\u00e4r skapat Finlands f\u00f6rsta avv\u00e4rjningsseger. Men f\u00f6r mitt eldbatteri som f\u00f6r de andra batterierna fortsatte kampen, men nu g\u00e4llde det fr\u00e4mst omr\u00e5den norr om Viborg.<\/p>\n<p>Den ryska offensiven riktades efter nederlaget vid Tienhaara mot Tali &#8211; lhantala. H\u00e4r hade ryssarna b\u00e4ttre m\u00f6jligheter att utnyttja sin enorma pansar- och flyg\u00f6vermakt. Men under ytterst f\u00f6rbittrade strider lyckades v\u00e5r arm\u00e9 ocks\u00e5 h\u00e4r till slut hejda det ryska anfallet. I mitten av juli var den andra n\u00f6dv\u00e4ndiga avv\u00e4rjningssegern vunnen. \u00c4ven h\u00e4r bidrog 17. Divisionens trupper, IR 13 och divisionens artilleri, f\u00f6r sin del till den lyckliga utg\u00e5ngen.<\/p>\n<p><em><strong>Ur boken:<\/strong> 17:e Divisionen<\/em><\/p>\n<\/div><\/section>\n","protected":false},"excerpt":{"rendered":"","protected":false},"author":1,"featured_media":0,"parent":6064,"menu_order":3,"comment_status":"closed","ping_status":"closed","template":"","meta":{"footnotes":""},"class_list":["post-6704","page","type-page","status-publish","hentry"],"yoast_head":"<!-- This site is optimized with the Yoast SEO plugin v27.4 - https:\/\/yoast.com\/product\/yoast-seo-wordpress\/ -->\n<title>Tienhaara h\u00e5ller - Veteraanien Perint\u00f6<\/title>\n<meta name=\"robots\" content=\"index, follow, max-snippet:-1, max-image-preview:large, max-video-preview:-1\" \/>\n<link rel=\"canonical\" href=\"https:\/\/veteraanienperinto.fi\/index.php\/sv\/fortsattningskriget\/berattelser-i-fortsattningkriget\/krigets-gang\/storstriderna-vid-tali-ihantala-vuosalmi-och-viborgska-viken\/tienhaara-haller\/\" \/>\n<meta property=\"og:locale\" content=\"fi_FI\" \/>\n<meta property=\"og:type\" content=\"article\" \/>\n<meta property=\"og:title\" content=\"Tienhaara h\u00e5ller - Veteraanien Perint\u00f6\" \/>\n<meta property=\"og:url\" content=\"https:\/\/veteraanienperinto.fi\/index.php\/sv\/fortsattningskriget\/berattelser-i-fortsattningkriget\/krigets-gang\/storstriderna-vid-tali-ihantala-vuosalmi-och-viborgska-viken\/tienhaara-haller\/\" \/>\n<meta property=\"og:site_name\" content=\"Veteraanien Perint\u00f6\" \/>\n<meta property=\"article:modified_time\" content=\"2020-12-28T14:14:26+00:00\" \/>\n<meta name=\"twitter:card\" content=\"summary_large_image\" \/>\n<meta name=\"twitter:label1\" content=\"Arvioitu lukuaika\" \/>\n\t<meta name=\"twitter:data1\" content=\"8 minuuttia\" \/>\n<script type=\"application\/ld+json\" class=\"yoast-schema-graph\">{\"@context\":\"https:\\\/\\\/schema.org\",\"@graph\":[{\"@type\":\"WebPage\",\"@id\":\"https:\\\/\\\/veteraanienperinto.fi\\\/index.php\\\/sv\\\/fortsattningskriget\\\/berattelser-i-fortsattningkriget\\\/krigets-gang\\\/storstriderna-vid-tali-ihantala-vuosalmi-och-viborgska-viken\\\/tienhaara-haller\\\/\",\"url\":\"https:\\\/\\\/veteraanienperinto.fi\\\/index.php\\\/sv\\\/fortsattningskriget\\\/berattelser-i-fortsattningkriget\\\/krigets-gang\\\/storstriderna-vid-tali-ihantala-vuosalmi-och-viborgska-viken\\\/tienhaara-haller\\\/\",\"name\":\"Tienhaara h\u00e5ller - Veteraanien Perint\u00f6\",\"isPartOf\":{\"@id\":\"https:\\\/\\\/veteraanienperinto.fi\\\/#website\"},\"datePublished\":\"2020-11-19T14:44:27+00:00\",\"dateModified\":\"2020-12-28T14:14:26+00:00\",\"breadcrumb\":{\"@id\":\"https:\\\/\\\/veteraanienperinto.fi\\\/index.php\\\/sv\\\/fortsattningskriget\\\/berattelser-i-fortsattningkriget\\\/krigets-gang\\\/storstriderna-vid-tali-ihantala-vuosalmi-och-viborgska-viken\\\/tienhaara-haller\\\/#breadcrumb\"},\"inLanguage\":\"fi\",\"potentialAction\":[{\"@type\":\"ReadAction\",\"target\":[\"https:\\\/\\\/veteraanienperinto.fi\\\/index.php\\\/sv\\\/fortsattningskriget\\\/berattelser-i-fortsattningkriget\\\/krigets-gang\\\/storstriderna-vid-tali-ihantala-vuosalmi-och-viborgska-viken\\\/tienhaara-haller\\\/\"]}]},{\"@type\":\"BreadcrumbList\",\"@id\":\"https:\\\/\\\/veteraanienperinto.fi\\\/index.php\\\/sv\\\/fortsattningskriget\\\/berattelser-i-fortsattningkriget\\\/krigets-gang\\\/storstriderna-vid-tali-ihantala-vuosalmi-och-viborgska-viken\\\/tienhaara-haller\\\/#breadcrumb\",\"itemListElement\":[{\"@type\":\"ListItem\",\"position\":1,\"name\":\"Etusivu\",\"item\":\"https:\\\/\\\/veteraanienperinto.fi\\\/index.php\\\/etusivu-2\\\/\"},{\"@type\":\"ListItem\",\"position\":2,\"name\":\"Forts\u00e4ttningskriget\",\"item\":\"https:\\\/\\\/veteraanienperinto.fi\\\/index.php\\\/sv\\\/fortsattningskriget\\\/\"},{\"@type\":\"ListItem\",\"position\":3,\"name\":\"Ber\u00e4ttelser i forts\u00e4ttningkriget\",\"item\":\"https:\\\/\\\/veteraanienperinto.fi\\\/index.php\\\/sv\\\/fortsattningskriget\\\/berattelser-i-fortsattningkriget\\\/\"},{\"@type\":\"ListItem\",\"position\":4,\"name\":\"Krigets g\u00e5ng\",\"item\":\"https:\\\/\\\/veteraanienperinto.fi\\\/index.php\\\/sv\\\/fortsattningskriget\\\/berattelser-i-fortsattningkriget\\\/krigets-gang\\\/\"},{\"@type\":\"ListItem\",\"position\":5,\"name\":\"Storstriderna\",\"item\":\"https:\\\/\\\/veteraanienperinto.fi\\\/index.php\\\/sv\\\/fortsattningskriget\\\/berattelser-i-fortsattningkriget\\\/krigets-gang\\\/storstriderna-vid-tali-ihantala-vuosalmi-och-viborgska-viken\\\/\"},{\"@type\":\"ListItem\",\"position\":6,\"name\":\"Tienhaara h\u00e5ller\"}]},{\"@type\":\"WebSite\",\"@id\":\"https:\\\/\\\/veteraanienperinto.fi\\\/#website\",\"url\":\"https:\\\/\\\/veteraanienperinto.fi\\\/\",\"name\":\"Veteraanien Perint\u00f6\",\"description\":\"Kadettikunta\",\"potentialAction\":[{\"@type\":\"SearchAction\",\"target\":{\"@type\":\"EntryPoint\",\"urlTemplate\":\"https:\\\/\\\/veteraanienperinto.fi\\\/?s={search_term_string}\"},\"query-input\":{\"@type\":\"PropertyValueSpecification\",\"valueRequired\":true,\"valueName\":\"search_term_string\"}}],\"inLanguage\":\"fi\"}]}<\/script>\n<!-- \/ Yoast SEO plugin. -->","yoast_head_json":{"title":"Tienhaara h\u00e5ller - Veteraanien Perint\u00f6","robots":{"index":"index","follow":"follow","max-snippet":"max-snippet:-1","max-image-preview":"max-image-preview:large","max-video-preview":"max-video-preview:-1"},"canonical":"https:\/\/veteraanienperinto.fi\/index.php\/sv\/fortsattningskriget\/berattelser-i-fortsattningkriget\/krigets-gang\/storstriderna-vid-tali-ihantala-vuosalmi-och-viborgska-viken\/tienhaara-haller\/","og_locale":"fi_FI","og_type":"article","og_title":"Tienhaara h\u00e5ller - Veteraanien Perint\u00f6","og_url":"https:\/\/veteraanienperinto.fi\/index.php\/sv\/fortsattningskriget\/berattelser-i-fortsattningkriget\/krigets-gang\/storstriderna-vid-tali-ihantala-vuosalmi-och-viborgska-viken\/tienhaara-haller\/","og_site_name":"Veteraanien Perint\u00f6","article_modified_time":"2020-12-28T14:14:26+00:00","twitter_card":"summary_large_image","twitter_misc":{"Arvioitu lukuaika":"8 minuuttia"},"schema":{"@context":"https:\/\/schema.org","@graph":[{"@type":"WebPage","@id":"https:\/\/veteraanienperinto.fi\/index.php\/sv\/fortsattningskriget\/berattelser-i-fortsattningkriget\/krigets-gang\/storstriderna-vid-tali-ihantala-vuosalmi-och-viborgska-viken\/tienhaara-haller\/","url":"https:\/\/veteraanienperinto.fi\/index.php\/sv\/fortsattningskriget\/berattelser-i-fortsattningkriget\/krigets-gang\/storstriderna-vid-tali-ihantala-vuosalmi-och-viborgska-viken\/tienhaara-haller\/","name":"Tienhaara h\u00e5ller - Veteraanien Perint\u00f6","isPartOf":{"@id":"https:\/\/veteraanienperinto.fi\/#website"},"datePublished":"2020-11-19T14:44:27+00:00","dateModified":"2020-12-28T14:14:26+00:00","breadcrumb":{"@id":"https:\/\/veteraanienperinto.fi\/index.php\/sv\/fortsattningskriget\/berattelser-i-fortsattningkriget\/krigets-gang\/storstriderna-vid-tali-ihantala-vuosalmi-och-viborgska-viken\/tienhaara-haller\/#breadcrumb"},"inLanguage":"fi","potentialAction":[{"@type":"ReadAction","target":["https:\/\/veteraanienperinto.fi\/index.php\/sv\/fortsattningskriget\/berattelser-i-fortsattningkriget\/krigets-gang\/storstriderna-vid-tali-ihantala-vuosalmi-och-viborgska-viken\/tienhaara-haller\/"]}]},{"@type":"BreadcrumbList","@id":"https:\/\/veteraanienperinto.fi\/index.php\/sv\/fortsattningskriget\/berattelser-i-fortsattningkriget\/krigets-gang\/storstriderna-vid-tali-ihantala-vuosalmi-och-viborgska-viken\/tienhaara-haller\/#breadcrumb","itemListElement":[{"@type":"ListItem","position":1,"name":"Etusivu","item":"https:\/\/veteraanienperinto.fi\/index.php\/etusivu-2\/"},{"@type":"ListItem","position":2,"name":"Forts\u00e4ttningskriget","item":"https:\/\/veteraanienperinto.fi\/index.php\/sv\/fortsattningskriget\/"},{"@type":"ListItem","position":3,"name":"Ber\u00e4ttelser i forts\u00e4ttningkriget","item":"https:\/\/veteraanienperinto.fi\/index.php\/sv\/fortsattningskriget\/berattelser-i-fortsattningkriget\/"},{"@type":"ListItem","position":4,"name":"Krigets g\u00e5ng","item":"https:\/\/veteraanienperinto.fi\/index.php\/sv\/fortsattningskriget\/berattelser-i-fortsattningkriget\/krigets-gang\/"},{"@type":"ListItem","position":5,"name":"Storstriderna","item":"https:\/\/veteraanienperinto.fi\/index.php\/sv\/fortsattningskriget\/berattelser-i-fortsattningkriget\/krigets-gang\/storstriderna-vid-tali-ihantala-vuosalmi-och-viborgska-viken\/"},{"@type":"ListItem","position":6,"name":"Tienhaara h\u00e5ller"}]},{"@type":"WebSite","@id":"https:\/\/veteraanienperinto.fi\/#website","url":"https:\/\/veteraanienperinto.fi\/","name":"Veteraanien Perint\u00f6","description":"Kadettikunta","potentialAction":[{"@type":"SearchAction","target":{"@type":"EntryPoint","urlTemplate":"https:\/\/veteraanienperinto.fi\/?s={search_term_string}"},"query-input":{"@type":"PropertyValueSpecification","valueRequired":true,"valueName":"search_term_string"}}],"inLanguage":"fi"}]}},"_links":{"self":[{"href":"https:\/\/veteraanienperinto.fi\/index.php\/wp-json\/wp\/v2\/pages\/6704","targetHints":{"allow":["GET"]}}],"collection":[{"href":"https:\/\/veteraanienperinto.fi\/index.php\/wp-json\/wp\/v2\/pages"}],"about":[{"href":"https:\/\/veteraanienperinto.fi\/index.php\/wp-json\/wp\/v2\/types\/page"}],"author":[{"embeddable":true,"href":"https:\/\/veteraanienperinto.fi\/index.php\/wp-json\/wp\/v2\/users\/1"}],"replies":[{"embeddable":true,"href":"https:\/\/veteraanienperinto.fi\/index.php\/wp-json\/wp\/v2\/comments?post=6704"}],"version-history":[{"count":3,"href":"https:\/\/veteraanienperinto.fi\/index.php\/wp-json\/wp\/v2\/pages\/6704\/revisions"}],"predecessor-version":[{"id":9036,"href":"https:\/\/veteraanienperinto.fi\/index.php\/wp-json\/wp\/v2\/pages\/6704\/revisions\/9036"}],"up":[{"embeddable":true,"href":"https:\/\/veteraanienperinto.fi\/index.php\/wp-json\/wp\/v2\/pages\/6064"}],"wp:attachment":[{"href":"https:\/\/veteraanienperinto.fi\/index.php\/wp-json\/wp\/v2\/media?parent=6704"}],"curies":[{"name":"wp","href":"https:\/\/api.w.org\/{rel}","templated":true}]}}