{"id":6728,"date":"2020-11-19T14:53:57","date_gmt":"2020-11-19T14:53:57","guid":{"rendered":"https:\/\/veteraani.ylirotu.fi\/?page_id=6728"},"modified":"2020-12-28T14:53:38","modified_gmt":"2020-12-28T14:53:38","slug":"17-divisionens-pionjarer","status":"publish","type":"page","link":"https:\/\/veteraanienperinto.fi\/index.php\/sv\/fortsattningskriget\/berattelser-i-fortsattningkriget\/krigets-gang\/avvarjningen-av-storanfallet\/17-divisionens-pionjarer\/","title":{"rendered":"17. Divisionens pionj\u00e4rer"},"content":{"rendered":"\n<style type=\"text\/css\" data-created_by=\"avia_inline_auto\" id=\"style-css-av-kix7r520-ef7bfe482ceed7ee6085e01ac3d15be7\">\n#top .av-special-heading.av-kix7r520-ef7bfe482ceed7ee6085e01ac3d15be7{\npadding-bottom:10px;\n}\nbody .av-special-heading.av-kix7r520-ef7bfe482ceed7ee6085e01ac3d15be7 .av-special-heading-tag .heading-char{\nfont-size:25px;\n}\n.av-special-heading.av-kix7r520-ef7bfe482ceed7ee6085e01ac3d15be7 .av-subheading{\nfont-size:15px;\n}\n<\/style>\n<div  class='av-special-heading av-kix7r520-ef7bfe482ceed7ee6085e01ac3d15be7 av-special-heading-h3  avia-builder-el-0  el_before_av_textblock  avia-builder-el-first '><h3 class='av-special-heading-tag'  itemprop=\"headline\"  >17. Divisionens pionj\u00e4rer<\/h3><div class=\"special-heading-border\"><div class=\"special-heading-inner-border\"><\/div><\/div><\/div>\n<section  class='av_textblock_section av-kek0ol8w-0f04af88ec907b2c66cea4bf3dbe1d4c '   itemscope=\"itemscope\" itemtype=\"https:\/\/schema.org\/CreativeWork\" ><div class='avia_textblock'  itemprop=\"text\" ><p>Varje infanteriregemente hade en pionj\u00e4rpluton. M\u00e4nnen i dessa var de, som d\u00e5 anfallen stannat upp och man \u00f6vergick till f\u00f6rsvar tillverkade spanska ryttare och placerade ut dem kring f\u00f6rpostst\u00e4llningarna. De byggde andra taggtr\u00e5dshinder, anlade mineringar i ingenmansland. Detta arbete som skulle, utf\u00f6ras mellan de stridande trupperna var farligt dagtid. Arbetets natur var s\u00e5dan, att man i stor utstr\u00e4ckning m\u00e5ste arbeta av m\u00f6rkret skyddad mot fiendens observationer. Detta underl\u00e4ttade ocks\u00e5 hemligh\u00e5llandet av mineringarna. De egna trupperna fick i regel mycket exakta minkartor och de kunde d\u00e4rf\u00f6r med relativt stor s\u00e4kerhet r\u00f6ra sig vid de egna minf\u00e4lten och genom dem. D\u00e4rtill var pionj\u00e4rerna sakkunniga handledare d\u00e5 det g\u00e4llde att bygga stridsgravar och n\u00e4sten, utf\u00f6ra spr\u00e4ngningsarbeten o.s.v .<\/p>\n<p>Det var inte ovanligt, att d\u00e5 det inte fanns tillr\u00e4ckligt infanterimanskap f\u00f6r stridsuppgifter, h\u00e4nsynsl\u00f6st s\u00e4tta in pionj\u00e4rer som reserver eller att anv\u00e4nda dem i st\u00f6ttruppsuppdrag, och dessa f\u00f6rutsatte insats av t.ex. eldkastare eller annan speciell stridsmateriel.<\/p>\n<p>Inom divisionen fanns ocks\u00e5 en s\u00e4rskild pionj\u00e4renhet, Pionj\u00e4rbataljonen 32, som hade st\u00e4llts upp i Lojo. Bataljonens f\u00f6rsta kommend\u00f6r var kapten Tauno Marrasmaa som redan i augusti 1941 ersattes av l\u00f6jtnant Tauno Raimoranta. Efter honom hade bataljonen \u00e4nnu tv\u00e5 kommend\u00f6rer, kapten Ilmari Lehtinen och fr\u00e5n b\u00f6rjan av \u00e5r 1943 kapten Jorma J. Haukij\u00e4rvi.<\/p>\n<p>Pionj\u00e4rbataljonen var en enhet med m\u00e5nga olika uppgifter. Det \u00e4r helt otroligt, hur snabbt och smidigt den sk\u00f6tte sin andel av \u00f6verg\u00e5ngen \u00f6ver Svir. Den fick pontoner p\u00e5 plats och f\u00f6rde med dem infanterienheter \u00f6ver floden eller byggde pontonflottar f\u00f6r att transportera \u00f6ver tanks. Snabbt uppenbarade sig stormb\u00e5tar vid floden f\u00f6r att f\u00f6ra \u00f6ver mindre truppenheter. Pionj\u00e4rbataljonen sk\u00f6tte om de mera kr\u00e4vande byggnadsf\u00f6retagen och reparationerna t.ex. broar. Men de engagerades ocks\u00e5 i v\u00e4gbyggnad och underh\u00e5ll.<\/p>\n<p>Medan 17. Divisionen l\u00e5g vid Svir v\u00e4cktes tanken att man skulle kunna bygga ett eget kraftverk genom att utnyttja niv\u00e5skillnaden mellan Kuuj\u00e4rvi vars vattenniv\u00e5 var avsev\u00e4rt, d.vs. 3-3,5 meter h\u00f6gre \u00e4n den i den lilla sj\u00f6n nedanf\u00f6r. Efter tre m\u00e5naders arbete fick man till st\u00e5nd en relativt god damm med en anv\u00e4ndbar bro. Dammen hade en 90 centimeter bred \u00f6ppning. Genom att \u00f6ppna och st\u00e4nga denna \u00f6ppning p\u00e5 l\u00e4mpligt s\u00e4tt kunde man f\u00e5 kr\u00e4ftor s\u00e5 som man plockar potatis ur ett potatisland. N\u00e5gon el-produktion fick man dock inte ig\u00e5ng.<\/p>\n<p>Fr\u00e5n milit\u00e4r synpunkt betydligt viktigare var planeringen av kavelbroarna. Planerna f\u00f6rverkligades huvudsakligen av infanteriregementenas manskap, i n\u00e5gon utstr\u00e4ckning ocks\u00e5 av ryska krigsf\u00e5ngar. Viktigt var ocks\u00e5 ist\u00e5nds\u00e4ttandet av den smalsp\u00e5riga j\u00e4rnv\u00e4gen fr\u00e5n Podporozjje s\u00f6derut runt Pitk\u00e4j\u00e4rvi och d\u00e4rifr\u00e5n \u00f6sterut \u00e4nda till Saksj\u00e4rviv\u00e4gen. J\u00e4rnv\u00e4gen tj\u00e4nade framf\u00f6r allt I och II Bataljonen av Infanteriregementet 61, Infanteriregementet 22 och de artillerisektioner som l\u00e5g vid Pitk\u00e4j\u00e4rvi- och Sjemenskiavsnitten.<\/p>\n<p>Alla st\u00f6rre, f\u00f6r s\u00e4kerhets skull utarbetade spr\u00e4ngningsplaner och liknande utarbetades inom divisionens pionj\u00e4rbyr\u00e5. Dess f\u00f6rman var divisionens pionj\u00e4rkommend\u00f6r. Denna post innehades f\u00f6rst av major A. H. Laakso, som tyv\u00e4rr redan under striderna vid Vehkuselk\u00e4 fick en hj\u00e4rtattack och avled. Den 5 september 1941 blev major Felix Rinta ny pionj\u00e4rkommend\u00f6r.<\/p>\n<p>D\u00e5 17. Divisionen i maj 1944 lades i reserv flyttade major Rinta klokt nog till posten som pionj\u00e4rkommend\u00f6r inom 8. Divisionen. P\u00e5 detta s\u00e4tt kompletterades och konkretiserades den i kartor och andra handlingar givna beskrivningen av mineringar, spr\u00e4ngningsplaner o.s.v. f\u00f6r 8. Divisionen som \u00f6vertog ansvaret p\u00e5 17. Divisionens gamla avsnitt.<\/p>\n<p>Den 9 juni 1944 \u00f6vertog major P. A. Salonen de uppgifter som ankom p\u00e5 17. Divisionens pionj\u00e4rkommend\u00f6r. Nu f\u00f6restod f\u00f6rflyttningen till Karelska n\u00e4set, d\u00e4r betydande uppm\u00e4rksamhet skulle &#8211; \u00e4ven d\u00e4r &#8211; \u00e4gnas v\u00e4gn\u00e4tet. De sm\u00e5 biv\u00e4garnas broar m\u00e5ste f\u00f6rst\u00e4rkas f\u00f6r att b\u00e4ra tunga tanks. Samtidigt skulle man &#8211; med tanke p\u00e5 eventuella retr\u00e4tter &#8211; bereda sig p\u00e5 att spr\u00e4nga broar och v\u00e4gtrummor. Det fanns t.o. extrema planer p\u00e5 att spr\u00e4nga vissa slussar i Saima kanals \u00f6vre lopp f\u00f6r att s\u00e5 dr\u00e4nka en \u00f6ver kanalen framryckande fiendetrupp. Avv\u00e4rjningssegern vid Kivisillansalmi gjorde emellertid dessa planer inaktuella.<\/p>\n<p>Pionj\u00e4rbataljonen drabbades s\u00e4rskilt sv\u00e5rt av den farliga r\u00f6dsotsepidemin som grasserade sommaren 1944. Ungef\u00e4r en fj\u00e4rdedel av bataljonens manskap insjuknade och m\u00e5nga m\u00e5ste f\u00e5 sjukhusv\u00e5rd.<\/p>\n<p><em><strong>Ur boken:<\/strong> 17:e Divisionen<\/em><\/p>\n<\/div><\/section>\n","protected":false},"excerpt":{"rendered":"","protected":false},"author":1,"featured_media":0,"parent":6052,"menu_order":10,"comment_status":"closed","ping_status":"closed","template":"","meta":{"footnotes":""},"class_list":["post-6728","page","type-page","status-publish","hentry"],"yoast_head":"<!-- This site is optimized with the Yoast SEO plugin v27.4 - https:\/\/yoast.com\/product\/yoast-seo-wordpress\/ -->\n<title>17. Divisionens pionj\u00e4rer - Veteraanien Perint\u00f6<\/title>\n<meta name=\"robots\" content=\"index, follow, max-snippet:-1, max-image-preview:large, max-video-preview:-1\" \/>\n<link rel=\"canonical\" href=\"https:\/\/veteraanienperinto.fi\/index.php\/sv\/fortsattningskriget\/berattelser-i-fortsattningkriget\/krigets-gang\/avvarjningen-av-storanfallet\/17-divisionens-pionjarer\/\" \/>\n<meta property=\"og:locale\" content=\"fi_FI\" \/>\n<meta property=\"og:type\" content=\"article\" \/>\n<meta property=\"og:title\" content=\"17. Divisionens pionj\u00e4rer - Veteraanien Perint\u00f6\" \/>\n<meta property=\"og:url\" content=\"https:\/\/veteraanienperinto.fi\/index.php\/sv\/fortsattningskriget\/berattelser-i-fortsattningkriget\/krigets-gang\/avvarjningen-av-storanfallet\/17-divisionens-pionjarer\/\" \/>\n<meta property=\"og:site_name\" content=\"Veteraanien Perint\u00f6\" \/>\n<meta property=\"article:modified_time\" content=\"2020-12-28T14:53:38+00:00\" \/>\n<meta name=\"twitter:card\" content=\"summary_large_image\" \/>\n<meta name=\"twitter:label1\" content=\"Arvioitu lukuaika\" \/>\n\t<meta name=\"twitter:data1\" content=\"4 minuuttia\" \/>\n<script type=\"application\/ld+json\" class=\"yoast-schema-graph\">{\"@context\":\"https:\\\/\\\/schema.org\",\"@graph\":[{\"@type\":\"WebPage\",\"@id\":\"https:\\\/\\\/veteraanienperinto.fi\\\/index.php\\\/sv\\\/fortsattningskriget\\\/berattelser-i-fortsattningkriget\\\/krigets-gang\\\/avvarjningen-av-storanfallet\\\/17-divisionens-pionjarer\\\/\",\"url\":\"https:\\\/\\\/veteraanienperinto.fi\\\/index.php\\\/sv\\\/fortsattningskriget\\\/berattelser-i-fortsattningkriget\\\/krigets-gang\\\/avvarjningen-av-storanfallet\\\/17-divisionens-pionjarer\\\/\",\"name\":\"17. Divisionens pionj\u00e4rer - Veteraanien Perint\u00f6\",\"isPartOf\":{\"@id\":\"https:\\\/\\\/veteraanienperinto.fi\\\/#website\"},\"datePublished\":\"2020-11-19T14:53:57+00:00\",\"dateModified\":\"2020-12-28T14:53:38+00:00\",\"breadcrumb\":{\"@id\":\"https:\\\/\\\/veteraanienperinto.fi\\\/index.php\\\/sv\\\/fortsattningskriget\\\/berattelser-i-fortsattningkriget\\\/krigets-gang\\\/avvarjningen-av-storanfallet\\\/17-divisionens-pionjarer\\\/#breadcrumb\"},\"inLanguage\":\"fi\",\"potentialAction\":[{\"@type\":\"ReadAction\",\"target\":[\"https:\\\/\\\/veteraanienperinto.fi\\\/index.php\\\/sv\\\/fortsattningskriget\\\/berattelser-i-fortsattningkriget\\\/krigets-gang\\\/avvarjningen-av-storanfallet\\\/17-divisionens-pionjarer\\\/\"]}]},{\"@type\":\"BreadcrumbList\",\"@id\":\"https:\\\/\\\/veteraanienperinto.fi\\\/index.php\\\/sv\\\/fortsattningskriget\\\/berattelser-i-fortsattningkriget\\\/krigets-gang\\\/avvarjningen-av-storanfallet\\\/17-divisionens-pionjarer\\\/#breadcrumb\",\"itemListElement\":[{\"@type\":\"ListItem\",\"position\":1,\"name\":\"Etusivu\",\"item\":\"https:\\\/\\\/veteraanienperinto.fi\\\/index.php\\\/etusivu-2\\\/\"},{\"@type\":\"ListItem\",\"position\":2,\"name\":\"Forts\u00e4ttningskriget\",\"item\":\"https:\\\/\\\/veteraanienperinto.fi\\\/index.php\\\/sv\\\/fortsattningskriget\\\/\"},{\"@type\":\"ListItem\",\"position\":3,\"name\":\"Ber\u00e4ttelser i forts\u00e4ttningkriget\",\"item\":\"https:\\\/\\\/veteraanienperinto.fi\\\/index.php\\\/sv\\\/fortsattningskriget\\\/berattelser-i-fortsattningkriget\\\/\"},{\"@type\":\"ListItem\",\"position\":4,\"name\":\"Krigets g\u00e5ng\",\"item\":\"https:\\\/\\\/veteraanienperinto.fi\\\/index.php\\\/sv\\\/fortsattningskriget\\\/berattelser-i-fortsattningkriget\\\/krigets-gang\\\/\"},{\"@type\":\"ListItem\",\"position\":5,\"name\":\"Avv\u00e4rjningen av storanfallet p\u00e5 sommaren 1944\",\"item\":\"https:\\\/\\\/veteraanienperinto.fi\\\/index.php\\\/sv\\\/fortsattningskriget\\\/berattelser-i-fortsattningkriget\\\/krigets-gang\\\/avvarjningen-av-storanfallet\\\/\"},{\"@type\":\"ListItem\",\"position\":6,\"name\":\"17. Divisionens pionj\u00e4rer\"}]},{\"@type\":\"WebSite\",\"@id\":\"https:\\\/\\\/veteraanienperinto.fi\\\/#website\",\"url\":\"https:\\\/\\\/veteraanienperinto.fi\\\/\",\"name\":\"Veteraanien Perint\u00f6\",\"description\":\"Kadettikunta\",\"potentialAction\":[{\"@type\":\"SearchAction\",\"target\":{\"@type\":\"EntryPoint\",\"urlTemplate\":\"https:\\\/\\\/veteraanienperinto.fi\\\/?s={search_term_string}\"},\"query-input\":{\"@type\":\"PropertyValueSpecification\",\"valueRequired\":true,\"valueName\":\"search_term_string\"}}],\"inLanguage\":\"fi\"}]}<\/script>\n<!-- \/ Yoast SEO plugin. -->","yoast_head_json":{"title":"17. Divisionens pionj\u00e4rer - Veteraanien Perint\u00f6","robots":{"index":"index","follow":"follow","max-snippet":"max-snippet:-1","max-image-preview":"max-image-preview:large","max-video-preview":"max-video-preview:-1"},"canonical":"https:\/\/veteraanienperinto.fi\/index.php\/sv\/fortsattningskriget\/berattelser-i-fortsattningkriget\/krigets-gang\/avvarjningen-av-storanfallet\/17-divisionens-pionjarer\/","og_locale":"fi_FI","og_type":"article","og_title":"17. Divisionens pionj\u00e4rer - Veteraanien Perint\u00f6","og_url":"https:\/\/veteraanienperinto.fi\/index.php\/sv\/fortsattningskriget\/berattelser-i-fortsattningkriget\/krigets-gang\/avvarjningen-av-storanfallet\/17-divisionens-pionjarer\/","og_site_name":"Veteraanien Perint\u00f6","article_modified_time":"2020-12-28T14:53:38+00:00","twitter_card":"summary_large_image","twitter_misc":{"Arvioitu lukuaika":"4 minuuttia"},"schema":{"@context":"https:\/\/schema.org","@graph":[{"@type":"WebPage","@id":"https:\/\/veteraanienperinto.fi\/index.php\/sv\/fortsattningskriget\/berattelser-i-fortsattningkriget\/krigets-gang\/avvarjningen-av-storanfallet\/17-divisionens-pionjarer\/","url":"https:\/\/veteraanienperinto.fi\/index.php\/sv\/fortsattningskriget\/berattelser-i-fortsattningkriget\/krigets-gang\/avvarjningen-av-storanfallet\/17-divisionens-pionjarer\/","name":"17. Divisionens pionj\u00e4rer - Veteraanien Perint\u00f6","isPartOf":{"@id":"https:\/\/veteraanienperinto.fi\/#website"},"datePublished":"2020-11-19T14:53:57+00:00","dateModified":"2020-12-28T14:53:38+00:00","breadcrumb":{"@id":"https:\/\/veteraanienperinto.fi\/index.php\/sv\/fortsattningskriget\/berattelser-i-fortsattningkriget\/krigets-gang\/avvarjningen-av-storanfallet\/17-divisionens-pionjarer\/#breadcrumb"},"inLanguage":"fi","potentialAction":[{"@type":"ReadAction","target":["https:\/\/veteraanienperinto.fi\/index.php\/sv\/fortsattningskriget\/berattelser-i-fortsattningkriget\/krigets-gang\/avvarjningen-av-storanfallet\/17-divisionens-pionjarer\/"]}]},{"@type":"BreadcrumbList","@id":"https:\/\/veteraanienperinto.fi\/index.php\/sv\/fortsattningskriget\/berattelser-i-fortsattningkriget\/krigets-gang\/avvarjningen-av-storanfallet\/17-divisionens-pionjarer\/#breadcrumb","itemListElement":[{"@type":"ListItem","position":1,"name":"Etusivu","item":"https:\/\/veteraanienperinto.fi\/index.php\/etusivu-2\/"},{"@type":"ListItem","position":2,"name":"Forts\u00e4ttningskriget","item":"https:\/\/veteraanienperinto.fi\/index.php\/sv\/fortsattningskriget\/"},{"@type":"ListItem","position":3,"name":"Ber\u00e4ttelser i forts\u00e4ttningkriget","item":"https:\/\/veteraanienperinto.fi\/index.php\/sv\/fortsattningskriget\/berattelser-i-fortsattningkriget\/"},{"@type":"ListItem","position":4,"name":"Krigets g\u00e5ng","item":"https:\/\/veteraanienperinto.fi\/index.php\/sv\/fortsattningskriget\/berattelser-i-fortsattningkriget\/krigets-gang\/"},{"@type":"ListItem","position":5,"name":"Avv\u00e4rjningen av storanfallet p\u00e5 sommaren 1944","item":"https:\/\/veteraanienperinto.fi\/index.php\/sv\/fortsattningskriget\/berattelser-i-fortsattningkriget\/krigets-gang\/avvarjningen-av-storanfallet\/"},{"@type":"ListItem","position":6,"name":"17. Divisionens pionj\u00e4rer"}]},{"@type":"WebSite","@id":"https:\/\/veteraanienperinto.fi\/#website","url":"https:\/\/veteraanienperinto.fi\/","name":"Veteraanien Perint\u00f6","description":"Kadettikunta","potentialAction":[{"@type":"SearchAction","target":{"@type":"EntryPoint","urlTemplate":"https:\/\/veteraanienperinto.fi\/?s={search_term_string}"},"query-input":{"@type":"PropertyValueSpecification","valueRequired":true,"valueName":"search_term_string"}}],"inLanguage":"fi"}]}},"_links":{"self":[{"href":"https:\/\/veteraanienperinto.fi\/index.php\/wp-json\/wp\/v2\/pages\/6728","targetHints":{"allow":["GET"]}}],"collection":[{"href":"https:\/\/veteraanienperinto.fi\/index.php\/wp-json\/wp\/v2\/pages"}],"about":[{"href":"https:\/\/veteraanienperinto.fi\/index.php\/wp-json\/wp\/v2\/types\/page"}],"author":[{"embeddable":true,"href":"https:\/\/veteraanienperinto.fi\/index.php\/wp-json\/wp\/v2\/users\/1"}],"replies":[{"embeddable":true,"href":"https:\/\/veteraanienperinto.fi\/index.php\/wp-json\/wp\/v2\/comments?post=6728"}],"version-history":[{"count":3,"href":"https:\/\/veteraanienperinto.fi\/index.php\/wp-json\/wp\/v2\/pages\/6728\/revisions"}],"predecessor-version":[{"id":9083,"href":"https:\/\/veteraanienperinto.fi\/index.php\/wp-json\/wp\/v2\/pages\/6728\/revisions\/9083"}],"up":[{"embeddable":true,"href":"https:\/\/veteraanienperinto.fi\/index.php\/wp-json\/wp\/v2\/pages\/6052"}],"wp:attachment":[{"href":"https:\/\/veteraanienperinto.fi\/index.php\/wp-json\/wp\/v2\/media?parent=6728"}],"curies":[{"name":"wp","href":"https:\/\/api.w.org\/{rel}","templated":true}]}}