{"id":6745,"date":"2020-11-19T14:58:51","date_gmt":"2020-11-19T14:58:51","guid":{"rendered":"https:\/\/veteraani.ylirotu.fi\/?page_id=6745"},"modified":"2020-12-28T14:42:21","modified_gmt":"2020-12-28T14:42:21","slug":"nattvardsgang-i-batteriet","status":"publish","type":"page","link":"https:\/\/veteraanienperinto.fi\/index.php\/sv\/fortsattningskriget\/berattelser-i-fortsattningkriget\/krigets-gang\/anvalsskede\/nattvardsgang-i-batteriet\/","title":{"rendered":"Nattvardsg\u00e5ng i batteriet"},"content":{"rendered":"\n<style type=\"text\/css\" data-created_by=\"avia_inline_auto\" id=\"style-css-av-kix8t8uc-db17f7cf5483f87ada6e60a8eca72b3b\">\n#top .av-special-heading.av-kix8t8uc-db17f7cf5483f87ada6e60a8eca72b3b{\npadding-bottom:10px;\n}\nbody .av-special-heading.av-kix8t8uc-db17f7cf5483f87ada6e60a8eca72b3b .av-special-heading-tag .heading-char{\nfont-size:25px;\n}\n.av-special-heading.av-kix8t8uc-db17f7cf5483f87ada6e60a8eca72b3b .av-subheading{\nfont-size:15px;\n}\n<\/style>\n<div  class='av-special-heading av-kix8t8uc-db17f7cf5483f87ada6e60a8eca72b3b av-special-heading-h3  avia-builder-el-0  el_before_av_textblock  avia-builder-el-first '><h3 class='av-special-heading-tag'  itemprop=\"headline\"  >Nattvardsg\u00e5ng i batteriet<\/h3><div class=\"special-heading-border\"><div class=\"special-heading-inner-border\"><\/div><\/div><\/div>\n<section  class='av_textblock_section av-kek0ol8w-0f04af88ec907b2c66cea4bf3dbe1d4c '   itemscope=\"itemscope\" itemtype=\"https:\/\/schema.org\/CreativeWork\" ><div class='avia_textblock'  itemprop=\"text\" ><p><strong>S. Gustavson:<\/strong><\/p>\n<p>Den 23 juli 1941 \u00e4r en het dag. Dammet st\u00e5r som en sky fr\u00e5n de \u00e4ndl\u00f6sa kolonnerna p\u00e5 den d\u00e5liga v\u00e4gen och l\u00e4gger sig l\u00e5ngsamt till ro, insvepande allt i en gr\u00e5 mantel. Solen gassar fr\u00e5n en molnfri himmel. Var och en som har m\u00f6jlighet d\u00e4rtill har dragit sig undan i skuggan f\u00f6r att finna svalka. Jag halvslumrar men blir kallad till telefon.<\/p>\n<p><strong>Nattvardsg\u00e5ng i batteriet<\/strong><\/p>\n<p>&#8211; Det \u00e4r sergeant S. fr\u00e5n andra batteriet. Jag undrar just om det skulle passa f\u00f6r pastorn att komma hit till oss och h\u00e5lla dend\u00e4r nattvardsgudstj\u00e4nsten det var fr\u00e5ga om f\u00f6r n\u00e5gon dag sedan. Vi har n\u00e4mligen tuliloma nu och tyckte d\u00e4rf\u00f6r att det skulle passa d\u00e5 det f\u00f6r en g\u00e5ngs skull \u00e4r lite lugnare.<\/p>\n<p>&#8211; Varf\u00f6r inte, nog kan jag komma. \u00c4r det m\u00e5nga som anm\u00e4lt sig till nattvardsg\u00e5ngen?<\/p>\n<p>&#8211; N\u00e5, inte s\u00e5 m\u00e5nga, ett tiotal. Men jag \u00e4r s\u00e4ker p\u00e5 att m\u00e5nga fler kommer med vid sj\u00e4lva tillf\u00e4llet.<\/p>\n<p>&#8211; Jag kommer dit med cykel och \u00e4r d\u00e4r om en halv timme. Slut.<\/p>\n<p>&#8211; Slut.<\/p>\n<p>Jag lade ned luren och gick l\u00e5ngsamt till JSP f\u00f6r att kl\u00e4 mig och \u00e5ka iv\u00e4g. S\u00e5 \u00e4r det alltid, t\u00e4nke jag f\u00f6r mig sj\u00e4lv, det g\u00e4ller att passa p\u00e5 n\u00e4r n\u00e5gon ledig stund \u00e4r f\u00f6r handen f\u00f6r att kunna h\u00e5lla en andaktsstund. Jag t\u00e4nkte p\u00e5 de g\u00e5nger jag h\u00e5llit gudstj\u00e4nst i batterierna under det att det v\u00e4lbekanta ropet &#8221;tykkien luo&#8221; v\u00e4ntades n\u00e4r som helst.<\/p>\n<p>Medan jag s\u00f6kte nattvardsk\u00e4rlen kom jag ih\u00e5g den f\u00f6rra nattvardsg\u00e5ngen f\u00f6r n\u00e5gon tid sedan i tredje batteriet. D\u00e4r hade s\u00e5 gott som hela batteriet deltagit och det blev en h\u00f6gtidsstund i den stilla kv\u00e4llen.<\/p>\n<p>Det var inte n\u00e5got n\u00f6je att cykla p\u00e5 den d\u00e5liga v\u00e4gen. \u00d6verallt s\u00e5g man sp\u00e5r av kriget. V\u00e4gkanterna var belamrade med allt slags br\u00e5te, bruna ryssmantlar och kl\u00e4despersedlar av olika slag, gev\u00e4r, ammunition, matvaror. Liken hade man redan hunnit gr\u00e4va ned. Jag m\u00f6tte en f\u00e5ngkolonn, smutsiga, trasiga, tr\u00f6tta m\u00e4n, vaktade av en soldat p\u00e5 cykel. De var de mest olika typer, en ung judepojke, en kirgis med sneda \u00f6gon och brett ansikte och m\u00e5nga andra s\u00e4rpr\u00e4glade individer.<\/p>\n<p>Sergeant S. kom fram till mig och vi b\u00f6rjade resonera om var vi b\u00e4st skulle kunna h\u00e5lla v\u00e5r nattvardsg\u00e5ng. Efter en stunds s\u00f6kande fann vi en gl\u00e4nta i skogen som passade oss utm\u00e4rkt. En tom ammunitionsl\u00e5da fick duga som altarbord. Jag satte en ren n\u00e4sduk p\u00e5 den och plockade fram nattvardsk\u00e4rlen. Medan sergeanten sammankallade pojkarna gick jag till r\u00e4knet\u00e4ltet och h\u00e4lsade p\u00e5 officerarna. Jag hade aldrig m\u00f6tt n\u00e5got hinder f\u00f6r min verksamhet fr\u00e5n officerarnas sida, tv\u00e4rtom h\u00e4lsades jag alltid v\u00e4lkommen. S\u00e5 \u00e4ven nu. Batteriofficeren visste redan om nattvardsg\u00e5ngen. Han ringde till sektionsofficeren och meddelade d\u00e4rom och anh\u00f6ll samtidigt att batteriet ej skulle beh\u00f6va skjuta under den tid nattvardsg\u00e5ngen p\u00e5gick. Det var ju inte alltid hela sektionen som sk\u00f6t utan endast ett batteri och d\u00e5 kunde ju lika g\u00e4rna n\u00e5got av de andra batterierna skjuta om eld beg\u00e4rdes.<\/p>\n<p>Vi b\u00f6rjade v\u00e5r andaktsstund med en psalm ur &#8221;F\u00e4ltandakt&#8221;. Stark och klar steg s\u00e5ngen, det var en v\u00e4lbekant psalm som sj\u00f6ngs. \u00d6verhuvudtaget var psalms\u00e5ngen omhuldad i denna Kronoby-Terj\u00e4rv-\u00d6jasektion.<\/p>\n<p>Jag steg fram och talade \u00f6ver orden i Matt. 28:20 &#8221;Se jag \u00e4r med eder alla dagar intill tidens \u00e4nde&#8221;.<\/p>\n<p>En ensam flygmaskin kretsade \u00f6ver v\u00e5ra huvuden. D\u00e4rborta sj\u00f6ng maskingev\u00e4ren sin d\u00f6dss\u00e5ng. En r\u00f6kpelare steg upp \u00f6ver skogen, n\u00e5gonting brann. Men allt detta verkade s\u00e5 avl\u00e4gset just nu. F\u00f6r en stund var vi borta fr\u00e5n kriget och inne i den heliga stillheten. &#8221;Kommen, ty allt \u00e4r nu redo&#8230;&#8221;<\/p>\n<p>De kom. I grupper p\u00e5 10-15 man kn\u00e4b\u00f6jde de i en halvcirkel framf\u00f6r det improviserade altaret och fick sin del av v\u00e5r Herre Jesu Kristi lekamen och blod. Skogen brusade sin orgels\u00e5ng och beledsagade psalmen som under tiden sj\u00f6ngs. Vid det sista bordet kn\u00e4b\u00f6jde ocks\u00e5 officerarna och batteriet deltog n\u00e4stan mangrant i nattvarden.<\/p>\n<p>Nattvardsg\u00e5ngen var slut, allt \u00e5tergick till det gamla. Snart skulle v\u00e5ra kanoner igen s\u00e4nda sin d\u00e5nande h\u00e4lsning till fienden. Krigets hantverk skulle \u00e5ter b\u00f6rja.<\/p>\n<p>Men \u00e4nd\u00e5 var ej allt som f\u00f6rut. Vi hade f\u00e5tt se en glimt av meningen med det hela, f\u00e5tt uppleva Gudsgemenskapen mitt i krigets h\u00e4xdans. Den gemenskapen skulle ge oss kraft och mod under kommande dagar, hurudana de \u00e4n skulle gestalta sig.<\/p>\n<p><em><strong>Ur boken:<\/strong> Tigerns Sektion 1941-44<\/em><\/p>\n<\/div><\/section>\n","protected":false},"excerpt":{"rendered":"","protected":false},"author":1,"featured_media":0,"parent":5935,"menu_order":15,"comment_status":"closed","ping_status":"closed","template":"","meta":{"footnotes":""},"class_list":["post-6745","page","type-page","status-publish","hentry"],"yoast_head":"<!-- This site is optimized with the Yoast SEO plugin v27.4 - https:\/\/yoast.com\/product\/yoast-seo-wordpress\/ -->\n<title>Nattvardsg\u00e5ng i batteriet - Veteraanien Perint\u00f6<\/title>\n<meta name=\"robots\" content=\"index, follow, max-snippet:-1, max-image-preview:large, max-video-preview:-1\" \/>\n<link rel=\"canonical\" href=\"https:\/\/veteraanienperinto.fi\/index.php\/sv\/fortsattningskriget\/berattelser-i-fortsattningkriget\/krigets-gang\/anvalsskede\/nattvardsgang-i-batteriet\/\" \/>\n<meta property=\"og:locale\" content=\"fi_FI\" \/>\n<meta property=\"og:type\" content=\"article\" \/>\n<meta property=\"og:title\" content=\"Nattvardsg\u00e5ng i batteriet - Veteraanien Perint\u00f6\" \/>\n<meta property=\"og:url\" content=\"https:\/\/veteraanienperinto.fi\/index.php\/sv\/fortsattningskriget\/berattelser-i-fortsattningkriget\/krigets-gang\/anvalsskede\/nattvardsgang-i-batteriet\/\" \/>\n<meta property=\"og:site_name\" content=\"Veteraanien Perint\u00f6\" \/>\n<meta property=\"article:modified_time\" content=\"2020-12-28T14:42:21+00:00\" \/>\n<meta name=\"twitter:card\" content=\"summary_large_image\" \/>\n<meta name=\"twitter:label1\" content=\"Arvioitu lukuaika\" \/>\n\t<meta name=\"twitter:data1\" content=\"5 minuuttia\" \/>\n<script type=\"application\/ld+json\" class=\"yoast-schema-graph\">{\"@context\":\"https:\\\/\\\/schema.org\",\"@graph\":[{\"@type\":\"WebPage\",\"@id\":\"https:\\\/\\\/veteraanienperinto.fi\\\/index.php\\\/sv\\\/fortsattningskriget\\\/berattelser-i-fortsattningkriget\\\/krigets-gang\\\/anvalsskede\\\/nattvardsgang-i-batteriet\\\/\",\"url\":\"https:\\\/\\\/veteraanienperinto.fi\\\/index.php\\\/sv\\\/fortsattningskriget\\\/berattelser-i-fortsattningkriget\\\/krigets-gang\\\/anvalsskede\\\/nattvardsgang-i-batteriet\\\/\",\"name\":\"Nattvardsg\u00e5ng i batteriet - Veteraanien Perint\u00f6\",\"isPartOf\":{\"@id\":\"https:\\\/\\\/veteraanienperinto.fi\\\/#website\"},\"datePublished\":\"2020-11-19T14:58:51+00:00\",\"dateModified\":\"2020-12-28T14:42:21+00:00\",\"breadcrumb\":{\"@id\":\"https:\\\/\\\/veteraanienperinto.fi\\\/index.php\\\/sv\\\/fortsattningskriget\\\/berattelser-i-fortsattningkriget\\\/krigets-gang\\\/anvalsskede\\\/nattvardsgang-i-batteriet\\\/#breadcrumb\"},\"inLanguage\":\"fi\",\"potentialAction\":[{\"@type\":\"ReadAction\",\"target\":[\"https:\\\/\\\/veteraanienperinto.fi\\\/index.php\\\/sv\\\/fortsattningskriget\\\/berattelser-i-fortsattningkriget\\\/krigets-gang\\\/anvalsskede\\\/nattvardsgang-i-batteriet\\\/\"]}]},{\"@type\":\"BreadcrumbList\",\"@id\":\"https:\\\/\\\/veteraanienperinto.fi\\\/index.php\\\/sv\\\/fortsattningskriget\\\/berattelser-i-fortsattningkriget\\\/krigets-gang\\\/anvalsskede\\\/nattvardsgang-i-batteriet\\\/#breadcrumb\",\"itemListElement\":[{\"@type\":\"ListItem\",\"position\":1,\"name\":\"Etusivu\",\"item\":\"https:\\\/\\\/veteraanienperinto.fi\\\/index.php\\\/etusivu-2\\\/\"},{\"@type\":\"ListItem\",\"position\":2,\"name\":\"Forts\u00e4ttningskriget\",\"item\":\"https:\\\/\\\/veteraanienperinto.fi\\\/index.php\\\/sv\\\/fortsattningskriget\\\/\"},{\"@type\":\"ListItem\",\"position\":3,\"name\":\"Ber\u00e4ttelser i forts\u00e4ttningkriget\",\"item\":\"https:\\\/\\\/veteraanienperinto.fi\\\/index.php\\\/sv\\\/fortsattningskriget\\\/berattelser-i-fortsattningkriget\\\/\"},{\"@type\":\"ListItem\",\"position\":4,\"name\":\"Krigets g\u00e5ng\",\"item\":\"https:\\\/\\\/veteraanienperinto.fi\\\/index.php\\\/sv\\\/fortsattningskriget\\\/berattelser-i-fortsattningkriget\\\/krigets-gang\\\/\"},{\"@type\":\"ListItem\",\"position\":5,\"name\":\"Anvalsskede\",\"item\":\"https:\\\/\\\/veteraanienperinto.fi\\\/index.php\\\/sv\\\/fortsattningskriget\\\/berattelser-i-fortsattningkriget\\\/krigets-gang\\\/anvalsskede\\\/\"},{\"@type\":\"ListItem\",\"position\":6,\"name\":\"Nattvardsg\u00e5ng i batteriet\"}]},{\"@type\":\"WebSite\",\"@id\":\"https:\\\/\\\/veteraanienperinto.fi\\\/#website\",\"url\":\"https:\\\/\\\/veteraanienperinto.fi\\\/\",\"name\":\"Veteraanien Perint\u00f6\",\"description\":\"Kadettikunta\",\"potentialAction\":[{\"@type\":\"SearchAction\",\"target\":{\"@type\":\"EntryPoint\",\"urlTemplate\":\"https:\\\/\\\/veteraanienperinto.fi\\\/?s={search_term_string}\"},\"query-input\":{\"@type\":\"PropertyValueSpecification\",\"valueRequired\":true,\"valueName\":\"search_term_string\"}}],\"inLanguage\":\"fi\"}]}<\/script>\n<!-- \/ Yoast SEO plugin. -->","yoast_head_json":{"title":"Nattvardsg\u00e5ng i batteriet - Veteraanien Perint\u00f6","robots":{"index":"index","follow":"follow","max-snippet":"max-snippet:-1","max-image-preview":"max-image-preview:large","max-video-preview":"max-video-preview:-1"},"canonical":"https:\/\/veteraanienperinto.fi\/index.php\/sv\/fortsattningskriget\/berattelser-i-fortsattningkriget\/krigets-gang\/anvalsskede\/nattvardsgang-i-batteriet\/","og_locale":"fi_FI","og_type":"article","og_title":"Nattvardsg\u00e5ng i batteriet - Veteraanien Perint\u00f6","og_url":"https:\/\/veteraanienperinto.fi\/index.php\/sv\/fortsattningskriget\/berattelser-i-fortsattningkriget\/krigets-gang\/anvalsskede\/nattvardsgang-i-batteriet\/","og_site_name":"Veteraanien Perint\u00f6","article_modified_time":"2020-12-28T14:42:21+00:00","twitter_card":"summary_large_image","twitter_misc":{"Arvioitu lukuaika":"5 minuuttia"},"schema":{"@context":"https:\/\/schema.org","@graph":[{"@type":"WebPage","@id":"https:\/\/veteraanienperinto.fi\/index.php\/sv\/fortsattningskriget\/berattelser-i-fortsattningkriget\/krigets-gang\/anvalsskede\/nattvardsgang-i-batteriet\/","url":"https:\/\/veteraanienperinto.fi\/index.php\/sv\/fortsattningskriget\/berattelser-i-fortsattningkriget\/krigets-gang\/anvalsskede\/nattvardsgang-i-batteriet\/","name":"Nattvardsg\u00e5ng i batteriet - Veteraanien Perint\u00f6","isPartOf":{"@id":"https:\/\/veteraanienperinto.fi\/#website"},"datePublished":"2020-11-19T14:58:51+00:00","dateModified":"2020-12-28T14:42:21+00:00","breadcrumb":{"@id":"https:\/\/veteraanienperinto.fi\/index.php\/sv\/fortsattningskriget\/berattelser-i-fortsattningkriget\/krigets-gang\/anvalsskede\/nattvardsgang-i-batteriet\/#breadcrumb"},"inLanguage":"fi","potentialAction":[{"@type":"ReadAction","target":["https:\/\/veteraanienperinto.fi\/index.php\/sv\/fortsattningskriget\/berattelser-i-fortsattningkriget\/krigets-gang\/anvalsskede\/nattvardsgang-i-batteriet\/"]}]},{"@type":"BreadcrumbList","@id":"https:\/\/veteraanienperinto.fi\/index.php\/sv\/fortsattningskriget\/berattelser-i-fortsattningkriget\/krigets-gang\/anvalsskede\/nattvardsgang-i-batteriet\/#breadcrumb","itemListElement":[{"@type":"ListItem","position":1,"name":"Etusivu","item":"https:\/\/veteraanienperinto.fi\/index.php\/etusivu-2\/"},{"@type":"ListItem","position":2,"name":"Forts\u00e4ttningskriget","item":"https:\/\/veteraanienperinto.fi\/index.php\/sv\/fortsattningskriget\/"},{"@type":"ListItem","position":3,"name":"Ber\u00e4ttelser i forts\u00e4ttningkriget","item":"https:\/\/veteraanienperinto.fi\/index.php\/sv\/fortsattningskriget\/berattelser-i-fortsattningkriget\/"},{"@type":"ListItem","position":4,"name":"Krigets g\u00e5ng","item":"https:\/\/veteraanienperinto.fi\/index.php\/sv\/fortsattningskriget\/berattelser-i-fortsattningkriget\/krigets-gang\/"},{"@type":"ListItem","position":5,"name":"Anvalsskede","item":"https:\/\/veteraanienperinto.fi\/index.php\/sv\/fortsattningskriget\/berattelser-i-fortsattningkriget\/krigets-gang\/anvalsskede\/"},{"@type":"ListItem","position":6,"name":"Nattvardsg\u00e5ng i batteriet"}]},{"@type":"WebSite","@id":"https:\/\/veteraanienperinto.fi\/#website","url":"https:\/\/veteraanienperinto.fi\/","name":"Veteraanien Perint\u00f6","description":"Kadettikunta","potentialAction":[{"@type":"SearchAction","target":{"@type":"EntryPoint","urlTemplate":"https:\/\/veteraanienperinto.fi\/?s={search_term_string}"},"query-input":{"@type":"PropertyValueSpecification","valueRequired":true,"valueName":"search_term_string"}}],"inLanguage":"fi"}]}},"_links":{"self":[{"href":"https:\/\/veteraanienperinto.fi\/index.php\/wp-json\/wp\/v2\/pages\/6745","targetHints":{"allow":["GET"]}}],"collection":[{"href":"https:\/\/veteraanienperinto.fi\/index.php\/wp-json\/wp\/v2\/pages"}],"about":[{"href":"https:\/\/veteraanienperinto.fi\/index.php\/wp-json\/wp\/v2\/types\/page"}],"author":[{"embeddable":true,"href":"https:\/\/veteraanienperinto.fi\/index.php\/wp-json\/wp\/v2\/users\/1"}],"replies":[{"embeddable":true,"href":"https:\/\/veteraanienperinto.fi\/index.php\/wp-json\/wp\/v2\/comments?post=6745"}],"version-history":[{"count":3,"href":"https:\/\/veteraanienperinto.fi\/index.php\/wp-json\/wp\/v2\/pages\/6745\/revisions"}],"predecessor-version":[{"id":9069,"href":"https:\/\/veteraanienperinto.fi\/index.php\/wp-json\/wp\/v2\/pages\/6745\/revisions\/9069"}],"up":[{"embeddable":true,"href":"https:\/\/veteraanienperinto.fi\/index.php\/wp-json\/wp\/v2\/pages\/5935"}],"wp:attachment":[{"href":"https:\/\/veteraanienperinto.fi\/index.php\/wp-json\/wp\/v2\/media?parent=6745"}],"curies":[{"name":"wp","href":"https:\/\/api.w.org\/{rel}","templated":true}]}}