{"id":6805,"date":"2020-11-19T15:33:32","date_gmt":"2020-11-19T15:33:32","guid":{"rendered":"https:\/\/veteraani.ylirotu.fi\/?page_id=6805"},"modified":"2020-12-18T13:43:20","modified_gmt":"2020-12-18T13:43:20","slug":"barndomstiden","status":"publish","type":"page","link":"https:\/\/veteraanienperinto.fi\/index.php\/sv\/infobank\/berattelser-info\/krigstidens-barn\/barndomstiden\/","title":{"rendered":"Barndomstiden&#8230;"},"content":{"rendered":"\n<style type=\"text\/css\" data-created_by=\"avia_inline_auto\" id=\"style-css-av-kiublw7o-a34e52ae80465c70716416377fe0dae6\">\n#top .av-special-heading.av-kiublw7o-a34e52ae80465c70716416377fe0dae6{\npadding-bottom:10px;\n}\nbody .av-special-heading.av-kiublw7o-a34e52ae80465c70716416377fe0dae6 .av-special-heading-tag .heading-char{\nfont-size:25px;\n}\n.av-special-heading.av-kiublw7o-a34e52ae80465c70716416377fe0dae6 .av-subheading{\nfont-size:15px;\n}\n<\/style>\n<div  class='av-special-heading av-kiublw7o-a34e52ae80465c70716416377fe0dae6 av-special-heading-h3  avia-builder-el-0  el_before_av_textblock  avia-builder-el-first '><h3 class='av-special-heading-tag'  itemprop=\"headline\"  >Barndomstiden&#8230;<\/h3><div class=\"special-heading-border\"><div class=\"special-heading-inner-border\"><\/div><\/div><\/div>\n<section  class='av_textblock_section av-kek0ol8w-0f04af88ec907b2c66cea4bf3dbe1d4c '   itemscope=\"itemscope\" itemtype=\"https:\/\/schema.org\/CreativeWork\" ><div class='avia_textblock'  itemprop=\"text\" ><div class=\"art-article\">\n<p><strong>&#8230;under kriget kan man inte gl\u00f6mma<\/strong><\/p>\n<p><img loading=\"lazy\" decoding=\"async\" class=\"alignnone size-full wp-image-4541\" src=\"https:\/\/veteraanienperinto.fi\/wp-content\/uploads\/2020\/10\/evakot_lappi.png\" alt=\"\" width=\"1500\" height=\"430\" srcset=\"https:\/\/veteraanienperinto.fi\/wp-content\/uploads\/2020\/10\/evakot_lappi.png 1500w, https:\/\/veteraanienperinto.fi\/wp-content\/uploads\/2020\/10\/evakot_lappi-300x86.png 300w, https:\/\/veteraanienperinto.fi\/wp-content\/uploads\/2020\/10\/evakot_lappi-1030x295.png 1030w, https:\/\/veteraanienperinto.fi\/wp-content\/uploads\/2020\/10\/evakot_lappi-768x220.png 768w, https:\/\/veteraanienperinto.fi\/wp-content\/uploads\/2020\/10\/evakot_lappi-705x202.png 705w\" sizes=\"auto, (max-width: 1500px) 100vw, 1500px\" \/>T\u00e5get dunkade l\u00e5ngsamt och j\u00e4mnt fram\u00e5t. Det vintriga landskapet flimrade f\u00f6rbi som en o\u00e4ndlig str\u00e4ng, som ibland br\u00f6ts av n\u00e5got hus och stationerna, dit t\u00e5get kom alldeles som f\u00f6r att pusta ut. Februaridagen var klar och det fanns alldeles tjockt med sn\u00f6 invid banan. Landskapet intresserade inte resen\u00e4rerna, t\u00e5get var p\u00e5 v\u00e4g ut i det ok\u00e4nda med vagnen full av barn, som satt sp\u00e4nda och stirrade framf\u00f6r sig p\u00e5 de mindre barnen som sov mot varandra, en del gr\u00e5tande efter sin mor.<\/p>\n<p>D\u00e4r var ocks\u00e5 jag p\u00e5 v\u00e4g lyssnande p\u00e5 t\u00e5gets j\u00e4mna dunkande. Ibland accelererade ljudet och jag t\u00e4nkte att det blivit f\u00f6rargat av n\u00e5got. Jag funderade p\u00e5 allt m\u00f6jligt, jag kom ih\u00e5g hemfolket och mor, som blev kvar p\u00e5 stationen f\u00f6r att vinka av oss tillsammans med en tant fr\u00e5n granng\u00e5rden. Jag s\u00e5g tydligt att de torkade t\u00e5rarna d\u00e5 t\u00e5get satte sig i r\u00f6relse.<\/p>\n<p>Vinterkriget p\u00e5gick. Vi hade evakuerats fr\u00e5n Karelen fr\u00e5n v\u00e5rt eget hem. Vi bodde nu i en liten stuga i Kempele d\u00e4r det p\u00e5 andra sidan v\u00e4ggen bodde en annan familj, evakuerade ocks\u00e5 de. Jag var kanske p\u00e5 v\u00e4g undan kriget p\u00e5 nytt. Nu gjorde jag resan med stor iver, visst var ju krigsbarn n\u00e5got alldeles speciellt och sp\u00e4nnande. Dessutom var jag nu p\u00e5 v\u00e4g till Sverige. Jag var i tio\u00e5rs\u00e5ldern och hade f\u00e5tt en uppgift. Grannens fyra\u00e5riga Pentti och tv\u00e5\u00e5riga Heino som satt t\u00e4tt bredvid mig hade anf\u00f6rtrotts i min v\u00e5rd.<\/p>\n<p>I b\u00f6rjan f\u00f6rl\u00f6pte resan fint och pojkarna tittade p\u00e5 allt nytt och f\u00f6runderligt, men s\u00e5 sm\u00e5ningom tog l\u00e5ngtr\u00e5kigheten och s\u00f6mnen \u00f6verhanden. Likas\u00e5 de m\u00e5nga pissresorna. Till all lycka hade jag hemma varit tvungen att sk\u00f6ta mina mindre br\u00f6der Martti och Matti som jag nu kom att t\u00e4nka p\u00e5. Jag suckade tungt, jag k\u00e4nde att n\u00e5got tryckte mig inombords. Jag mindes att mor n\u00e5gon g\u00e5ng sagt att det var som om hj\u00e4rtat ville brista och det var alltid d\u00e5 hon var p\u00e5 d\u00e5ligt hum\u00f6r, i synnerhet nu som evakuerad.<\/p>\n<p>Jag vaknade ur mina tankar d\u00e5 t\u00e5get stannade p\u00e5 n\u00e5gon station och snart \u00e5ter fortsatte sin j\u00e4mna f\u00e4rd. Jag sk\u00f6tte om pojkarna s\u00e5 gott jag kunde fast\u00e4n sp\u00e4nningen och r\u00e4dslan sm\u00f6g sig in p\u00e5 mig f\u00f6r allt det kommande. Pojkarna hade till slut slumrat in bredvid mig. Jag f\u00f6ljde med hur resev\u00e4rdinnorna vyssjade och matade de minsta. I gruppen fanns m\u00e5nga i min \u00e5lder men det f\u00f6ll mig inte in att g\u00f6ra n\u00e5gra bekantskaper.<\/p>\n<p>Jag tittade p\u00e5 de vita lapparna vi hade kring halsen. De verkade alldeles som matlappar f\u00f6r sm\u00e5barn, p\u00e5 vilka namn och adress var skrivna. Den l\u00e5ngdragna resan besv\u00e4rade mig redan och emellan\u00e5t kom jag \u00e5ter ih\u00e5g hemfolket. T\u00e5gets enformiga g\u00e5ng gjorde att jag fick resan fr\u00e5n Karelen i tankarna.<\/p>\n<p>Det var hemskt kallt och m\u00e4nniskor med knyten och grejor intill tr\u00e4ngsel \u00f6verallt. Vi f\u00e4rdades i en godsvagn bort undan kriget. Vi \u00e5t ugnsgr\u00f6t med h\u00e4nderna. I sin n\u00f6d hade mor satt gr\u00f6t i pappersp\u00e5sar och i min skolv\u00e4ska. Det hade kommit order att vi genast m\u00e5ste bege oss till stationen. Min rygg v\u00e4rmdes behagligt av gr\u00f6ten. F\u00f6r oss barn var det sp\u00e4nnande, men de \u00e4ldres ansiktsuttryck var allvarliga. Far hade f\u00e5tt permission fr\u00e5n n\u00e5got arbetskompani och eldade bastun men d\u00e4r blev bastun kvar under uppv\u00e4rmning d\u00e5 vi skyndade till stationen. Far funderade verkligen om den skulle vara varm d\u00e5 vi \u00e5terv\u00e4nder, men i det uttrycket fanns nu ingen humor, fast\u00e4n far var humoristiskt lagd.<\/p>\n<p>Jag var i mina tankar d\u00e5 t\u00e5get stannade p\u00e5 en station. Torne\u00e5 l\u00e4ste jag p\u00e5 stationshusets v\u00e4gg. Jag tittade ut genom f\u00f6nstret, sn\u00f6 kom i stora flingor i den skymmande kv\u00e4llen. V\u00e5r t\u00e5gresa var slut och vi f\u00f6rdes till en buss, som transporterade oss till n\u00e5gon sorts stor byggnad. Jag hade aldrig varit p\u00e5 ett sjukhus men nu var vi s\u00e4kert i ett s\u00e5dant. D\u00e4r tv\u00e4ttades vi i stora baljor och en farbror i vit rock unders\u00f6kte oss. Vi fick ocks\u00e5 mat, men nu smakade den inte, knappast visste jag vad som fanns p\u00e5 tallriken. Sp\u00e4nningen och ledsamheten som jag h\u00e5llit tillbaka under resan gick inte l\u00e4ngre att d\u00f6lja. Hemmet var n\u00e5gonstans l\u00e5ngt borta&#8230; Jag svalde t\u00e5rarna d\u00e5 resan fortsatte med bil. Det var m\u00f6rkt d\u00e5 vi kom till en skola. Vi satt i pulpeter, d\u00e5 det kom n\u00e5gra kvinnor in i klassen som talade underligt. F\u00f6r mig verkade det som om de skulle ha granskat vem av oss som de skulle v\u00e4lja. Jag gissade att vi nu var i Sverige. Instinktivt h\u00f6ll jag fast i pojkarnas h\u00e4nder, d\u00e5 tv\u00e5 kvinnor kom och ville f\u00f6ra bort dem.<\/p>\n<p>Jag f\u00f6rklarade gr\u00e5tande att jag inte sl\u00e4pper ifr\u00e5n mig pojkarna, men en finl\u00e4ndsk resev\u00e4rdinna sade att pojkarna kommer till bra hem och alldeles n\u00e4ra varandra. Jag satt d\u00e4r, jag k\u00e4nde att jag var alldeles ensam i det fr\u00e4mmande landet. Vid det tillf\u00e4llet tyckte jag inte alls om Sverige. Och inte heller om r\u00f6sten, som jag intill mig h\u00f6rde s\u00e4ga: &#8221;Kommer du som tants lillpiga&#8221;. Jag tyckte inte heller om ordet piga, eftersom jag ju hade kommit som krigsbarn. P\u00e5 n\u00e5got s\u00e4tt f\u00f6rstod jag att det vara bara att \u00e5ka.<\/p>\n<p>Vi k\u00f6rde med en liten bil, jag visste inte vart. Jag var tr\u00f6tt och hade ledsamt. Det k\u00e4ndes hemskt att bli skild fr\u00e5n pojkarna. Efter att vi kommit fram fattade jag bara att det h\u00e4r m\u00e5ste jag v\u00e4nja mig vid. D\u00e5 jag kommit i s\u00e4ng insomnade jag dock djupt. P\u00e5 morgonen vaknade jag d\u00e5 en liten pojke tittade f\u00f6rundrat p\u00e5 mig bredvid s\u00e4ngen. Han var husets ettochetthalvt\u00e5riga son Gosse, rund som en bulle. Jag blev snart bekant med honom. Farbrodern var ung och pratade svenska. Tant ber\u00e4ttade att hon h\u00e4rstammade fr\u00e5n Aavasaksa och med henne pratade jag finska.<\/p>\n<p>Tystl\u00e5tet ber\u00e4ttade jag \u00e5t dem om mina hemf\u00f6rh\u00e5llanden och mig sj\u00e4lv. Evakueringsresan och v\u00e5r stora familj intresserade dem ocks\u00e5 mycket. Tidigare hade jag inte t\u00e4nkt p\u00e5 v\u00e5r familjs storlek, fast\u00e4n vi ju var elva barn. Jag h\u00f6rde nog mor ofta sucka \u00f6ver matbristen. I Finland var det krig och brist p\u00e5 allting. Kanske det var just d\u00e4rf\u00f6r som jag var h\u00e4r, eftersom det var brist hemma.<\/p>\n<p>Farbror G\u00f6sta arbetade p\u00e5 en fabrik som svarvare. Jag visste inte vad det var. De hade en ko som tant sk\u00f6tte, hon var hemmamor. Det k\u00e4ndes hemtrevligt d\u00e5 ocks\u00e5 mor hade en ko. M\u00e5nga andra saker var fr\u00e4mmande. Det var sk\u00f6nt d\u00e5 t\u00e5rna inte blev kalla p\u00e5 golvet som hemma. Mat fanns tillr\u00e4ckligt och hur goda var inte kexen som man aldrig f\u00e5tt hemma.<\/p>\n<p>Efter n\u00e5gon dag for vi till den n\u00e4rbel\u00e4gna skolan med tant Signe. D\u00e4r fanns ocks\u00e5 andra finl\u00e4ndska barn som g\u00e4stelever. Jag for g\u00e4rna eftersom jag ju varit tvungen att sluta skolan mitt i allt. Blyg och r\u00e4dd stod jag nu inf\u00f6r allas \u00e5syn. Jag tyckte att jag var fin i min nya kl\u00e4nning. Vi var och k\u00f6pte den tillsammans med tant enbart f\u00f6r skolan. Den hade vit krage, som man riktigt m\u00e5ste beundra framf\u00f6r spegeln. I skolan var det annars trevligt, men vi kunde inte l\u00e4sa, vi bara r\u00e4knade och ritade. Jag fick kamrater och av l\u00e4rarinnans flicka Britta fick jag ett fotografi.<\/p>\n<p>Jag skrev hem genast d\u00e5 jag kommit fram. Jag ber\u00e4ttade hur jag inte kunnat ta hand om pojkarna, det besv\u00e4rade mig mycket. Jag fick snart brev fr\u00e5n hemfolket. Det var fint att f\u00e5 ett brev som vara adresserat riktigt med eget namn. D\u00e4r stod det: Koululainen Aili Kaipainen, Kalix, Nyborg, Sverige. Det var platsen d\u00e4r jag bodde i Norra Sverige. Jag s\u00f6kte orten p\u00e5 skolkartan. Jag fick ocks\u00e5 ett litet fotografi hemifr\u00e5n. Jag tittade alltid p\u00e5 det d\u00e5 l\u00e5ngtr\u00e5kigheten kom \u00f6ver mig. D\u00e5 tant arbetade sk\u00f6tte jag Gossen. Hon sade att hon tagit mig d\u00e5 hon s\u00e5g hur jag tog hand om pojkarna vid skolan. D\u00e5 andras flickor lekte fritt m\u00e5ste jag ha pojken med mig. Det var en belastning. F\u00f6r att skynda p\u00e5 stegen bar jag honom ofta, men Gosse var tung och jag var sp\u00e4d. D\u00e5 tant s\u00e5g mig f\u00f6r f\u00f6rsta g\u00e5ngen sade hon att jag var ett magert barn och beklagade sig \u00f6ver att jag inte \u00e4tit tillr\u00e4ckligt. Tack vare farbror G\u00f6sta kunde jag ibland leka med grannens Maija och Pirkko som talade finska. En g\u00e5ng hittade vi p\u00e5 att leka tandl\u00e4kare, eftersom Maijas framt\u00e4nder var v\u00e4ldigt l\u00f6sa. Jag visste hur man kan ta bort dem. Far hade ju knyckt bort dem av mig och min bror och bara sagt: &#8221;\u00d6ppna munnen&#8221;, och hade bara lindat en tr\u00e5d kring tanden och s\u00e5 pl\u00f6tsligt var tanden borta. S\u00e5 jag fick vara l\u00e4kare och knyckte bort Maijas tand. Jag tyckte det var trevligt, men inte Maija. Av g\u00e5rdsfolket fick jag tack f\u00f6r tapperheten och det var ju naturligtvis trevligt.<\/p>\n<p>I b\u00f6rjan av sommaren l\u00e4rde jag mig att cykla. Den konsten hade jag inte kunnat l\u00e4ra mig hemma d\u00e5 det bara fanns fars cykel som var hans arbetsfortskaffningsmedel. Endast br\u00f6derna v\u00e5gade \u00e5ka med den. Jag satt med Gossen ute p\u00e5 trappan. Det var en vacker sommardag, d\u00e5 posten h\u00e4mtade ett brev hemifr\u00e5n, d\u00e4r mor ber\u00e4ttade att de far tillbaka hem till Karelen. De skulle vara d\u00e4r redan till midsommaren. D\u00e5 \u00f6vermannades jag av en s\u00e5dan ledsamhet, att jag inte kunde t\u00e4nka p\u00e5 annat \u00e4n mitt forna hem och hur fj\u00e4rran jag nu var fr\u00e5n hemfolket. P\u00e5 kv\u00e4llarna gr\u00e4t jag i min s\u00e4ng och fogade till b\u00f6nerna &#8211; skydda hemfolket och f\u00f6r bort mig h\u00e4rifr\u00e5n. Min ledsamhet kunde jag inte f\u00f6rklara f\u00f6r n\u00e5gon, inte \u00e5tminstone f\u00f6r tant. Jag skulle kanske ha varit otacksam, d\u00e5 hon ofta n\u00e4mnde, hur bra jag hade det hos dem. Jag fick mat och kl\u00e4der men det betydde ingenting nu. Jag funderade p\u00e5 varf\u00f6r jag inte skulle f\u00e5 fara om det inte l\u00e4ngre var krig. Jag gissade att de bara kvarh\u00f6ll mig som vakt \u00e5t Gossen. Jag h\u00f6rde ocks\u00e5 dem gr\u00e4la ofta, men jag visste inte av vilken orsak, d\u00e5 de pratade svenska. Jag var r\u00e4dd och gr\u00e4t i min s\u00e4ng, men de sade att de inte menar mig n\u00e5got ont. Gr\u00e4len intr\u00e4ffade ofta d\u00e5 farbror var borta tills sent.<\/p>\n<p>V\u00e4derleken hade \u00e4ndrats mycket. Man kunde inte leka ute. Tant sade ocks\u00e5 att h\u00f6sten kommit. En dag meddelade hon mig att barn \u00e5ker tillbaka till Finland och om ocks\u00e5 jag vill \u00e5ka. De skulle nog ocks\u00e5 ta mig som sin egen. Jag vek mig inte f\u00f6r tants lockelser. Jag gladdes genast inf\u00f6r avf\u00e4rden och v\u00e4ntade p\u00e5 avf\u00e4rdsdagen, s\u00e5 att jag bara inte skulle f\u00f6rsumma den.<\/p>\n<p>Jag var p\u00e5 v\u00e4g hem med t\u00e5g. N\u00e5gra barn var p\u00e5 v\u00e4g i samma riktning. Vi var fr\u00e4mmande f\u00f6r varandra. Gemensamt var de d\u00e4r lapparna kring v\u00e5ra halsar. Vi reste redan andra dagen. Natten tillbringade vi n\u00e5gonstans p\u00e5 ett sjukhus, d\u00e4r vi \u00e5ter blev unders\u00f6kta. Vi sov i sjukhusets s\u00e4ngar. M\u00e5nen sken in fr\u00e5n ett stort f\u00f6nster s\u00e5 att jag inte riktigt fick sova, men det k\u00e4ndes f\u00f6runderligt tryggt att komma hem. T\u00e5get skramlade sakta iv\u00e4g och tr\u00e4b\u00e4nkarna k\u00e4ndes h\u00e5rda att sitta p\u00e5. Emellan\u00e5t kr\u00f6p jag ihop in en vr\u00e5 och slumrade in. Resans l\u00e4ngd besv\u00e4rade och jag t\u00e4nkte att den aldrig skulle sluta. Vi anl\u00e4nde dock slutligen till Sordavala station, dit jag v\u00e4ntade att hemfolket skulle komma.<\/p>\n<p>Min besvikelse var stor; ingen var f\u00f6r att m\u00f6ta mig. D\u00e4r stod jag gr\u00e5tande i den h\u00f6stliga kylan d\u00e5 resev\u00e4rdinnorna l\u00e4ste mitt namn och min adress p\u00e5 min lapp. Jag kom dock ih\u00e5g att min mor skrivit att min bror Eino var springpojke i Sordavala i It\u00e4-Karjala-aff\u00e4ren. S\u00e5 jag f\u00f6rdes dit. D\u00e4r satt jag sedan i varulagret och v\u00e4ntade p\u00e5 min brors hemf\u00e4rd p\u00e5 kv\u00e4llen. Det var redan sen kv\u00e4ll d\u00e5 vi kom till Kuokkaniemi station.<\/p>\n<p>Det bl\u00e5ste och regnade, belysning var det knappt med. Annorlunda \u00e4n i Sverige. H\u00e4r var allt mindre. Jag vandrade tyst vid min brors sida. Han hade vuxit mycket, jag var n\u00e4stan blyg f\u00f6r honom. Jag fr\u00e5gade honom varf\u00f6r allt \u00e4r s\u00e5 fr\u00e4mmande. Han f\u00f6rklarade att det berodde p\u00e5 att det hade varit krig h\u00e4r och brist p\u00e5 allting och att kriget p\u00e5gick alltj\u00e4mt l\u00e5ngt bort i Karelen. Kriget intresserade mig dock inte nu. Vi vandrade l\u00e4ngs den m\u00f6rka v\u00e4gen med v\u00e5ra packningar. Det var bara s\u00e5 tryggt d\u00e4r bredvid brodern.<\/p>\n<p>Vi kom slutligen hem till det lilla och fattiga, som jag s\u00e5 mycket hade saknat. De d\u00e4r hemma blev v\u00e4ldigt \u00f6verraskade av min ankomst. P\u00e5 grund av t\u00e5gens oregelbundna tider hade de inte riktigt vetat n\u00e4r jag skulle komma. Det var inte viktigt l\u00e4ngre. Den kv\u00e4llen somnade jag lycklig bredvid min syster Kerttu och till min b\u00f6n lade jag till: &#8221;Tack f\u00f6r att du f\u00f6rde mig hem!&#8221;<\/p>\n<p><em><strong>Ur boken: <\/strong>Pit\u00e4k\u00e4\u00e4 mukuloista huolta<\/em><\/p>\n<\/div>\n<\/div><\/section>\n","protected":false},"excerpt":{"rendered":"","protected":false},"author":1,"featured_media":0,"parent":6801,"menu_order":0,"comment_status":"closed","ping_status":"closed","template":"","meta":{"footnotes":""},"class_list":["post-6805","page","type-page","status-publish","hentry"],"yoast_head":"<!-- This site is optimized with the Yoast SEO plugin v27.4 - https:\/\/yoast.com\/product\/yoast-seo-wordpress\/ -->\n<title>Barndomstiden... - Veteraanien Perint\u00f6<\/title>\n<meta name=\"robots\" content=\"index, follow, max-snippet:-1, max-image-preview:large, max-video-preview:-1\" \/>\n<link rel=\"canonical\" href=\"https:\/\/veteraanienperinto.fi\/index.php\/sv\/infobank\/berattelser-info\/krigstidens-barn\/barndomstiden\/\" \/>\n<meta property=\"og:locale\" content=\"fi_FI\" \/>\n<meta property=\"og:type\" content=\"article\" \/>\n<meta property=\"og:title\" content=\"Barndomstiden... - Veteraanien Perint\u00f6\" \/>\n<meta property=\"og:url\" content=\"https:\/\/veteraanienperinto.fi\/index.php\/sv\/infobank\/berattelser-info\/krigstidens-barn\/barndomstiden\/\" \/>\n<meta property=\"og:site_name\" content=\"Veteraanien Perint\u00f6\" \/>\n<meta property=\"article:modified_time\" content=\"2020-12-18T13:43:20+00:00\" \/>\n<meta property=\"og:image\" content=\"https:\/\/veteraanienperinto.fi\/wp-content\/uploads\/2020\/10\/evakot_lappi.png\" \/>\n<meta name=\"twitter:card\" content=\"summary_large_image\" \/>\n<meta name=\"twitter:label1\" content=\"Arvioitu lukuaika\" \/>\n\t<meta name=\"twitter:data1\" content=\"13 minuuttia\" \/>\n<script type=\"application\/ld+json\" class=\"yoast-schema-graph\">{\"@context\":\"https:\\\/\\\/schema.org\",\"@graph\":[{\"@type\":\"WebPage\",\"@id\":\"https:\\\/\\\/veteraanienperinto.fi\\\/index.php\\\/sv\\\/infobank\\\/berattelser-info\\\/krigstidens-barn\\\/barndomstiden\\\/\",\"url\":\"https:\\\/\\\/veteraanienperinto.fi\\\/index.php\\\/sv\\\/infobank\\\/berattelser-info\\\/krigstidens-barn\\\/barndomstiden\\\/\",\"name\":\"Barndomstiden... - Veteraanien Perint\u00f6\",\"isPartOf\":{\"@id\":\"https:\\\/\\\/veteraanienperinto.fi\\\/#website\"},\"primaryImageOfPage\":{\"@id\":\"https:\\\/\\\/veteraanienperinto.fi\\\/index.php\\\/sv\\\/infobank\\\/berattelser-info\\\/krigstidens-barn\\\/barndomstiden\\\/#primaryimage\"},\"image\":{\"@id\":\"https:\\\/\\\/veteraanienperinto.fi\\\/index.php\\\/sv\\\/infobank\\\/berattelser-info\\\/krigstidens-barn\\\/barndomstiden\\\/#primaryimage\"},\"thumbnailUrl\":\"https:\\\/\\\/veteraanienperinto.fi\\\/wp-content\\\/uploads\\\/2020\\\/10\\\/evakot_lappi.png\",\"datePublished\":\"2020-11-19T15:33:32+00:00\",\"dateModified\":\"2020-12-18T13:43:20+00:00\",\"breadcrumb\":{\"@id\":\"https:\\\/\\\/veteraanienperinto.fi\\\/index.php\\\/sv\\\/infobank\\\/berattelser-info\\\/krigstidens-barn\\\/barndomstiden\\\/#breadcrumb\"},\"inLanguage\":\"fi\",\"potentialAction\":[{\"@type\":\"ReadAction\",\"target\":[\"https:\\\/\\\/veteraanienperinto.fi\\\/index.php\\\/sv\\\/infobank\\\/berattelser-info\\\/krigstidens-barn\\\/barndomstiden\\\/\"]}]},{\"@type\":\"ImageObject\",\"inLanguage\":\"fi\",\"@id\":\"https:\\\/\\\/veteraanienperinto.fi\\\/index.php\\\/sv\\\/infobank\\\/berattelser-info\\\/krigstidens-barn\\\/barndomstiden\\\/#primaryimage\",\"url\":\"https:\\\/\\\/veteraanienperinto.fi\\\/wp-content\\\/uploads\\\/2020\\\/10\\\/evakot_lappi.png\",\"contentUrl\":\"https:\\\/\\\/veteraanienperinto.fi\\\/wp-content\\\/uploads\\\/2020\\\/10\\\/evakot_lappi.png\",\"width\":1500,\"height\":430},{\"@type\":\"BreadcrumbList\",\"@id\":\"https:\\\/\\\/veteraanienperinto.fi\\\/index.php\\\/sv\\\/infobank\\\/berattelser-info\\\/krigstidens-barn\\\/barndomstiden\\\/#breadcrumb\",\"itemListElement\":[{\"@type\":\"ListItem\",\"position\":1,\"name\":\"Etusivu\",\"item\":\"https:\\\/\\\/veteraanienperinto.fi\\\/index.php\\\/etusivu-2\\\/\"},{\"@type\":\"ListItem\",\"position\":2,\"name\":\"Infobank\",\"item\":\"https:\\\/\\\/veteraanienperinto.fi\\\/index.php\\\/sv\\\/infobank\\\/\"},{\"@type\":\"ListItem\",\"position\":3,\"name\":\"Ber\u00e4ttelser\",\"item\":\"https:\\\/\\\/veteraanienperinto.fi\\\/index.php\\\/sv\\\/infobank\\\/berattelser-info\\\/\"},{\"@type\":\"ListItem\",\"position\":4,\"name\":\"Krigstidens barn\",\"item\":\"https:\\\/\\\/veteraanienperinto.fi\\\/index.php\\\/sv\\\/infobank\\\/berattelser-info\\\/krigstidens-barn\\\/\"},{\"@type\":\"ListItem\",\"position\":5,\"name\":\"Barndomstiden&#8230;\"}]},{\"@type\":\"WebSite\",\"@id\":\"https:\\\/\\\/veteraanienperinto.fi\\\/#website\",\"url\":\"https:\\\/\\\/veteraanienperinto.fi\\\/\",\"name\":\"Veteraanien Perint\u00f6\",\"description\":\"Kadettikunta\",\"potentialAction\":[{\"@type\":\"SearchAction\",\"target\":{\"@type\":\"EntryPoint\",\"urlTemplate\":\"https:\\\/\\\/veteraanienperinto.fi\\\/?s={search_term_string}\"},\"query-input\":{\"@type\":\"PropertyValueSpecification\",\"valueRequired\":true,\"valueName\":\"search_term_string\"}}],\"inLanguage\":\"fi\"}]}<\/script>\n<!-- \/ Yoast SEO plugin. -->","yoast_head_json":{"title":"Barndomstiden... - Veteraanien Perint\u00f6","robots":{"index":"index","follow":"follow","max-snippet":"max-snippet:-1","max-image-preview":"max-image-preview:large","max-video-preview":"max-video-preview:-1"},"canonical":"https:\/\/veteraanienperinto.fi\/index.php\/sv\/infobank\/berattelser-info\/krigstidens-barn\/barndomstiden\/","og_locale":"fi_FI","og_type":"article","og_title":"Barndomstiden... - Veteraanien Perint\u00f6","og_url":"https:\/\/veteraanienperinto.fi\/index.php\/sv\/infobank\/berattelser-info\/krigstidens-barn\/barndomstiden\/","og_site_name":"Veteraanien Perint\u00f6","article_modified_time":"2020-12-18T13:43:20+00:00","og_image":[{"url":"https:\/\/veteraanienperinto.fi\/wp-content\/uploads\/2020\/10\/evakot_lappi.png","type":"","width":"","height":""}],"twitter_card":"summary_large_image","twitter_misc":{"Arvioitu lukuaika":"13 minuuttia"},"schema":{"@context":"https:\/\/schema.org","@graph":[{"@type":"WebPage","@id":"https:\/\/veteraanienperinto.fi\/index.php\/sv\/infobank\/berattelser-info\/krigstidens-barn\/barndomstiden\/","url":"https:\/\/veteraanienperinto.fi\/index.php\/sv\/infobank\/berattelser-info\/krigstidens-barn\/barndomstiden\/","name":"Barndomstiden... - Veteraanien Perint\u00f6","isPartOf":{"@id":"https:\/\/veteraanienperinto.fi\/#website"},"primaryImageOfPage":{"@id":"https:\/\/veteraanienperinto.fi\/index.php\/sv\/infobank\/berattelser-info\/krigstidens-barn\/barndomstiden\/#primaryimage"},"image":{"@id":"https:\/\/veteraanienperinto.fi\/index.php\/sv\/infobank\/berattelser-info\/krigstidens-barn\/barndomstiden\/#primaryimage"},"thumbnailUrl":"https:\/\/veteraanienperinto.fi\/wp-content\/uploads\/2020\/10\/evakot_lappi.png","datePublished":"2020-11-19T15:33:32+00:00","dateModified":"2020-12-18T13:43:20+00:00","breadcrumb":{"@id":"https:\/\/veteraanienperinto.fi\/index.php\/sv\/infobank\/berattelser-info\/krigstidens-barn\/barndomstiden\/#breadcrumb"},"inLanguage":"fi","potentialAction":[{"@type":"ReadAction","target":["https:\/\/veteraanienperinto.fi\/index.php\/sv\/infobank\/berattelser-info\/krigstidens-barn\/barndomstiden\/"]}]},{"@type":"ImageObject","inLanguage":"fi","@id":"https:\/\/veteraanienperinto.fi\/index.php\/sv\/infobank\/berattelser-info\/krigstidens-barn\/barndomstiden\/#primaryimage","url":"https:\/\/veteraanienperinto.fi\/wp-content\/uploads\/2020\/10\/evakot_lappi.png","contentUrl":"https:\/\/veteraanienperinto.fi\/wp-content\/uploads\/2020\/10\/evakot_lappi.png","width":1500,"height":430},{"@type":"BreadcrumbList","@id":"https:\/\/veteraanienperinto.fi\/index.php\/sv\/infobank\/berattelser-info\/krigstidens-barn\/barndomstiden\/#breadcrumb","itemListElement":[{"@type":"ListItem","position":1,"name":"Etusivu","item":"https:\/\/veteraanienperinto.fi\/index.php\/etusivu-2\/"},{"@type":"ListItem","position":2,"name":"Infobank","item":"https:\/\/veteraanienperinto.fi\/index.php\/sv\/infobank\/"},{"@type":"ListItem","position":3,"name":"Ber\u00e4ttelser","item":"https:\/\/veteraanienperinto.fi\/index.php\/sv\/infobank\/berattelser-info\/"},{"@type":"ListItem","position":4,"name":"Krigstidens barn","item":"https:\/\/veteraanienperinto.fi\/index.php\/sv\/infobank\/berattelser-info\/krigstidens-barn\/"},{"@type":"ListItem","position":5,"name":"Barndomstiden&#8230;"}]},{"@type":"WebSite","@id":"https:\/\/veteraanienperinto.fi\/#website","url":"https:\/\/veteraanienperinto.fi\/","name":"Veteraanien Perint\u00f6","description":"Kadettikunta","potentialAction":[{"@type":"SearchAction","target":{"@type":"EntryPoint","urlTemplate":"https:\/\/veteraanienperinto.fi\/?s={search_term_string}"},"query-input":{"@type":"PropertyValueSpecification","valueRequired":true,"valueName":"search_term_string"}}],"inLanguage":"fi"}]}},"_links":{"self":[{"href":"https:\/\/veteraanienperinto.fi\/index.php\/wp-json\/wp\/v2\/pages\/6805","targetHints":{"allow":["GET"]}}],"collection":[{"href":"https:\/\/veteraanienperinto.fi\/index.php\/wp-json\/wp\/v2\/pages"}],"about":[{"href":"https:\/\/veteraanienperinto.fi\/index.php\/wp-json\/wp\/v2\/types\/page"}],"author":[{"embeddable":true,"href":"https:\/\/veteraanienperinto.fi\/index.php\/wp-json\/wp\/v2\/users\/1"}],"replies":[{"embeddable":true,"href":"https:\/\/veteraanienperinto.fi\/index.php\/wp-json\/wp\/v2\/comments?post=6805"}],"version-history":[{"count":3,"href":"https:\/\/veteraanienperinto.fi\/index.php\/wp-json\/wp\/v2\/pages\/6805\/revisions"}],"predecessor-version":[{"id":8535,"href":"https:\/\/veteraanienperinto.fi\/index.php\/wp-json\/wp\/v2\/pages\/6805\/revisions\/8535"}],"up":[{"embeddable":true,"href":"https:\/\/veteraanienperinto.fi\/index.php\/wp-json\/wp\/v2\/pages\/6801"}],"wp:attachment":[{"href":"https:\/\/veteraanienperinto.fi\/index.php\/wp-json\/wp\/v2\/media?parent=6805"}],"curies":[{"name":"wp","href":"https:\/\/api.w.org\/{rel}","templated":true}]}}