{"id":6817,"date":"2020-11-19T15:36:30","date_gmt":"2020-11-19T15:36:30","guid":{"rendered":"https:\/\/veteraani.ylirotu.fi\/?page_id=6817"},"modified":"2020-12-28T15:09:10","modified_gmt":"2020-12-28T15:09:10","slug":"att-bli-sarad","status":"publish","type":"page","link":"https:\/\/veteraanienperinto.fi\/index.php\/sv\/fortsattningskriget\/berattelser-i-fortsattningkriget\/krigets-gang\/anvalsskede\/att-bli-sarad\/","title":{"rendered":"Att bli s\u00e5rad"},"content":{"rendered":"\n<style type=\"text\/css\" data-created_by=\"avia_inline_auto\" id=\"style-css-av-kiubfc4a-edbfa25830e4abe6bbefa9cb679279d2\">\n#top .av-special-heading.av-kiubfc4a-edbfa25830e4abe6bbefa9cb679279d2{\npadding-bottom:10px;\n}\nbody .av-special-heading.av-kiubfc4a-edbfa25830e4abe6bbefa9cb679279d2 .av-special-heading-tag .heading-char{\nfont-size:25px;\n}\n.av-special-heading.av-kiubfc4a-edbfa25830e4abe6bbefa9cb679279d2 .av-subheading{\nfont-size:15px;\n}\n<\/style>\n<div  class='av-special-heading av-kiubfc4a-edbfa25830e4abe6bbefa9cb679279d2 av-special-heading-h3  avia-builder-el-0  el_before_av_textblock  avia-builder-el-first '><h3 class='av-special-heading-tag'  itemprop=\"headline\"  >Att bli s\u00e5rad<\/h3><div class=\"special-heading-border\"><div class=\"special-heading-inner-border\"><\/div><\/div><\/div>\n<section  class='av_textblock_section av-kek0ol8w-0f04af88ec907b2c66cea4bf3dbe1d4c '   itemscope=\"itemscope\" itemtype=\"https:\/\/schema.org\/CreativeWork\" ><div class='avia_textblock'  itemprop=\"text\" ><div class=\"art-article\">\n<div class=\"art-article\">\n<p><strong>Kk-ampuja Salokannel:<\/strong><\/p>\n<p><img loading=\"lazy\" decoding=\"async\" class=\"size-full wp-image-8531 alignright\" src=\"https:\/\/veteraanienperinto.fi\/wp-content\/uploads\/2020\/12\/haavoittuneen_hakeminen.jpg\" alt=\"\" width=\"350\" height=\"257\" srcset=\"https:\/\/veteraanienperinto.fi\/wp-content\/uploads\/2020\/12\/haavoittuneen_hakeminen.jpg 350w, https:\/\/veteraanienperinto.fi\/wp-content\/uploads\/2020\/12\/haavoittuneen_hakeminen-300x220.jpg 300w\" sizes=\"auto, (max-width: 350px) 100vw, 350px\" \/>En man fr\u00e5n Kangasala, maskingev\u00e4rsskytten Salokannel minns ett fall n\u00e4ra Ristsepp\u00e4l\u00e4:<\/p>\n<p>&#8221;Jag gick med som frivillig i en fr\u00e4mmande maskingev\u00e4rsgrupp fr\u00e5n v\u00e5rt kompani eftersom det fattades manskap. Vi avancerade mot j\u00e4rnv\u00e4gen mellan stationerna Ristsepp\u00e4l\u00e4 och \u00c4yr\u00e4p\u00e4\u00e4, dit det var ca 12 kilometer. P\u00e5 v\u00e4gen dit hamnade vi i sk\u00e4rmystlingar med n\u00e5gra fiendegrupper som irrade omkring i skogen. En g\u00e5ng \u00f6verraskade de oss mitt i maten, men tog till harv\u00e4rjan efter en liten strid.<\/p>\n<p>Vi kom sedan till en \u00e5s i terr\u00e4ngen mellan stationerna. Framf\u00f6r den l\u00e5g j\u00e4rnv\u00e4gen och landsv\u00e4gen. P\u00e5 v\u00e4gen t\u00e5gade en fiendekolonn som vi mejade ned med eld. D\u00e4r b\u00f6rjade ett hiskligt smattrande och sm\u00e4llande. B\u00e5de kulor och handgranater kom och for. Jag hann inte l\u00e4nge vara i detta tumult f\u00f6rr\u00e4n min stund kom. Det var kanske 13.8.41, d\u00e5 kamraterna s\u00e5g mig bl\u00f6da. De f\u00f6rband mig och hj\u00e4lpte mig till truppens f\u00f6rbandsplats (JSp). N\u00e4rvarande var \u00e5tminstone \u00f6versergeant T. Paavola och undersergeant T.Lehtinen. Jag minns att de n\u00e4mnde att nu far Salokannel p\u00e5 sin sista resa.<\/p>\n<p>H\u00e4ndelsen minns jag p\u00e5 f\u00f6ljande s\u00e4tt. Jag var hj\u00e4lpskytt vid ett maskingev\u00e4r. Vapnet verkade inte riktigt att fungera: &#8221;L\u00e5t mig f\u00e5 f\u00f6rs\u00f6ka&#8221;. Kamraten flyttade sig till sidan och jag grep tag i handtagen. Jag gjorde en ordentlig laddningsr\u00f6relse och tryckte p\u00e5 avtryckaren. Visst spelade det och bra dessutom. Jag b\u00f6rjade brassa p\u00e5 fiendekolonnen. I detsamma fick kamraten en tr\u00e4ff i sitt kikargev\u00e4r och kulan rikoschetterade i hans axel. Jag tittade p\u00e5 kamraten och just d\u00e5 fick jag splitter i min kindknota, varav ett gick genom kindbenet och in i tungan. Jag tryckte p\u00e5 avtryckaren och l\u00e4t maskingev\u00e4ret spela. De andra drog den s\u00e5rade bak\u00e5t. I detsamma kom en sm\u00e4ll i min hj\u00e4lm som f\u00f6ll till marken skramlande p\u00e5 stenarna.<\/p>\n<p>Hj\u00e4lpskytten sade att det kom mycket blod ur min mun. D\u00e5 orkade jag inte l\u00e4ngre h\u00e5lla p\u00e5 avtryckaren.<\/p>\n<p>Kamraterna drog mig bak\u00e5t f\u00f6r att f\u00f6rbindas. Resan via JSp till sjukhuset b\u00f6rjade. De anade inte att vi \u00e5ter skulle tr\u00e4ffas p\u00e5 Valkeasaari f\u00f6rsvarsavsnitt.<\/p>\n<p>&#8221;Salokannel var en tapper och god maskingev\u00e4rsskytt&#8221;, sade f\u00e4nrik T. Paavola efter att ha l\u00e4st ovanst\u00e5ende.<\/p>\n<\/div>\n<\/div>\n<\/div><\/section>\n","protected":false},"excerpt":{"rendered":"","protected":false},"author":1,"featured_media":0,"parent":5935,"menu_order":6,"comment_status":"closed","ping_status":"closed","template":"","meta":{"footnotes":""},"class_list":["post-6817","page","type-page","status-publish","hentry"],"yoast_head":"<!-- This site is optimized with the Yoast SEO plugin v27.4 - https:\/\/yoast.com\/product\/yoast-seo-wordpress\/ -->\n<title>Att bli s\u00e5rad - Veteraanien Perint\u00f6<\/title>\n<meta name=\"robots\" content=\"index, follow, max-snippet:-1, max-image-preview:large, max-video-preview:-1\" \/>\n<link rel=\"canonical\" href=\"https:\/\/veteraanienperinto.fi\/index.php\/sv\/fortsattningskriget\/berattelser-i-fortsattningkriget\/krigets-gang\/anvalsskede\/att-bli-sarad\/\" \/>\n<meta property=\"og:locale\" content=\"fi_FI\" \/>\n<meta property=\"og:type\" content=\"article\" \/>\n<meta property=\"og:title\" content=\"Att bli s\u00e5rad - Veteraanien Perint\u00f6\" \/>\n<meta property=\"og:url\" content=\"https:\/\/veteraanienperinto.fi\/index.php\/sv\/fortsattningskriget\/berattelser-i-fortsattningkriget\/krigets-gang\/anvalsskede\/att-bli-sarad\/\" \/>\n<meta property=\"og:site_name\" content=\"Veteraanien Perint\u00f6\" \/>\n<meta property=\"article:modified_time\" content=\"2020-12-28T15:09:10+00:00\" \/>\n<meta property=\"og:image\" content=\"https:\/\/veteraanienperinto.fi\/wp-content\/uploads\/2020\/12\/haavoittuneen_hakeminen.jpg\" \/>\n<meta name=\"twitter:card\" content=\"summary_large_image\" \/>\n<meta name=\"twitter:label1\" content=\"Arvioitu lukuaika\" \/>\n\t<meta name=\"twitter:data1\" content=\"3 minuuttia\" \/>\n<script type=\"application\/ld+json\" class=\"yoast-schema-graph\">{\"@context\":\"https:\\\/\\\/schema.org\",\"@graph\":[{\"@type\":\"WebPage\",\"@id\":\"https:\\\/\\\/veteraanienperinto.fi\\\/index.php\\\/sv\\\/fortsattningskriget\\\/berattelser-i-fortsattningkriget\\\/krigets-gang\\\/anvalsskede\\\/att-bli-sarad\\\/\",\"url\":\"https:\\\/\\\/veteraanienperinto.fi\\\/index.php\\\/sv\\\/fortsattningskriget\\\/berattelser-i-fortsattningkriget\\\/krigets-gang\\\/anvalsskede\\\/att-bli-sarad\\\/\",\"name\":\"Att bli s\u00e5rad - Veteraanien Perint\u00f6\",\"isPartOf\":{\"@id\":\"https:\\\/\\\/veteraanienperinto.fi\\\/#website\"},\"primaryImageOfPage\":{\"@id\":\"https:\\\/\\\/veteraanienperinto.fi\\\/index.php\\\/sv\\\/fortsattningskriget\\\/berattelser-i-fortsattningkriget\\\/krigets-gang\\\/anvalsskede\\\/att-bli-sarad\\\/#primaryimage\"},\"image\":{\"@id\":\"https:\\\/\\\/veteraanienperinto.fi\\\/index.php\\\/sv\\\/fortsattningskriget\\\/berattelser-i-fortsattningkriget\\\/krigets-gang\\\/anvalsskede\\\/att-bli-sarad\\\/#primaryimage\"},\"thumbnailUrl\":\"https:\\\/\\\/veteraanienperinto.fi\\\/wp-content\\\/uploads\\\/2020\\\/12\\\/haavoittuneen_hakeminen.jpg\",\"datePublished\":\"2020-11-19T15:36:30+00:00\",\"dateModified\":\"2020-12-28T15:09:10+00:00\",\"breadcrumb\":{\"@id\":\"https:\\\/\\\/veteraanienperinto.fi\\\/index.php\\\/sv\\\/fortsattningskriget\\\/berattelser-i-fortsattningkriget\\\/krigets-gang\\\/anvalsskede\\\/att-bli-sarad\\\/#breadcrumb\"},\"inLanguage\":\"fi\",\"potentialAction\":[{\"@type\":\"ReadAction\",\"target\":[\"https:\\\/\\\/veteraanienperinto.fi\\\/index.php\\\/sv\\\/fortsattningskriget\\\/berattelser-i-fortsattningkriget\\\/krigets-gang\\\/anvalsskede\\\/att-bli-sarad\\\/\"]}]},{\"@type\":\"ImageObject\",\"inLanguage\":\"fi\",\"@id\":\"https:\\\/\\\/veteraanienperinto.fi\\\/index.php\\\/sv\\\/fortsattningskriget\\\/berattelser-i-fortsattningkriget\\\/krigets-gang\\\/anvalsskede\\\/att-bli-sarad\\\/#primaryimage\",\"url\":\"https:\\\/\\\/veteraanienperinto.fi\\\/wp-content\\\/uploads\\\/2020\\\/12\\\/haavoittuneen_hakeminen.jpg\",\"contentUrl\":\"https:\\\/\\\/veteraanienperinto.fi\\\/wp-content\\\/uploads\\\/2020\\\/12\\\/haavoittuneen_hakeminen.jpg\",\"width\":350,\"height\":257},{\"@type\":\"BreadcrumbList\",\"@id\":\"https:\\\/\\\/veteraanienperinto.fi\\\/index.php\\\/sv\\\/fortsattningskriget\\\/berattelser-i-fortsattningkriget\\\/krigets-gang\\\/anvalsskede\\\/att-bli-sarad\\\/#breadcrumb\",\"itemListElement\":[{\"@type\":\"ListItem\",\"position\":1,\"name\":\"Etusivu\",\"item\":\"https:\\\/\\\/veteraanienperinto.fi\\\/index.php\\\/etusivu-2\\\/\"},{\"@type\":\"ListItem\",\"position\":2,\"name\":\"Forts\u00e4ttningskriget\",\"item\":\"https:\\\/\\\/veteraanienperinto.fi\\\/index.php\\\/sv\\\/fortsattningskriget\\\/\"},{\"@type\":\"ListItem\",\"position\":3,\"name\":\"Ber\u00e4ttelser i forts\u00e4ttningkriget\",\"item\":\"https:\\\/\\\/veteraanienperinto.fi\\\/index.php\\\/sv\\\/fortsattningskriget\\\/berattelser-i-fortsattningkriget\\\/\"},{\"@type\":\"ListItem\",\"position\":4,\"name\":\"Krigets g\u00e5ng\",\"item\":\"https:\\\/\\\/veteraanienperinto.fi\\\/index.php\\\/sv\\\/fortsattningskriget\\\/berattelser-i-fortsattningkriget\\\/krigets-gang\\\/\"},{\"@type\":\"ListItem\",\"position\":5,\"name\":\"Anvalsskede\",\"item\":\"https:\\\/\\\/veteraanienperinto.fi\\\/index.php\\\/sv\\\/fortsattningskriget\\\/berattelser-i-fortsattningkriget\\\/krigets-gang\\\/anvalsskede\\\/\"},{\"@type\":\"ListItem\",\"position\":6,\"name\":\"Att bli s\u00e5rad\"}]},{\"@type\":\"WebSite\",\"@id\":\"https:\\\/\\\/veteraanienperinto.fi\\\/#website\",\"url\":\"https:\\\/\\\/veteraanienperinto.fi\\\/\",\"name\":\"Veteraanien Perint\u00f6\",\"description\":\"Kadettikunta\",\"potentialAction\":[{\"@type\":\"SearchAction\",\"target\":{\"@type\":\"EntryPoint\",\"urlTemplate\":\"https:\\\/\\\/veteraanienperinto.fi\\\/?s={search_term_string}\"},\"query-input\":{\"@type\":\"PropertyValueSpecification\",\"valueRequired\":true,\"valueName\":\"search_term_string\"}}],\"inLanguage\":\"fi\"}]}<\/script>\n<!-- \/ Yoast SEO plugin. -->","yoast_head_json":{"title":"Att bli s\u00e5rad - Veteraanien Perint\u00f6","robots":{"index":"index","follow":"follow","max-snippet":"max-snippet:-1","max-image-preview":"max-image-preview:large","max-video-preview":"max-video-preview:-1"},"canonical":"https:\/\/veteraanienperinto.fi\/index.php\/sv\/fortsattningskriget\/berattelser-i-fortsattningkriget\/krigets-gang\/anvalsskede\/att-bli-sarad\/","og_locale":"fi_FI","og_type":"article","og_title":"Att bli s\u00e5rad - Veteraanien Perint\u00f6","og_url":"https:\/\/veteraanienperinto.fi\/index.php\/sv\/fortsattningskriget\/berattelser-i-fortsattningkriget\/krigets-gang\/anvalsskede\/att-bli-sarad\/","og_site_name":"Veteraanien Perint\u00f6","article_modified_time":"2020-12-28T15:09:10+00:00","og_image":[{"url":"https:\/\/veteraanienperinto.fi\/wp-content\/uploads\/2020\/12\/haavoittuneen_hakeminen.jpg","type":"","width":"","height":""}],"twitter_card":"summary_large_image","twitter_misc":{"Arvioitu lukuaika":"3 minuuttia"},"schema":{"@context":"https:\/\/schema.org","@graph":[{"@type":"WebPage","@id":"https:\/\/veteraanienperinto.fi\/index.php\/sv\/fortsattningskriget\/berattelser-i-fortsattningkriget\/krigets-gang\/anvalsskede\/att-bli-sarad\/","url":"https:\/\/veteraanienperinto.fi\/index.php\/sv\/fortsattningskriget\/berattelser-i-fortsattningkriget\/krigets-gang\/anvalsskede\/att-bli-sarad\/","name":"Att bli s\u00e5rad - Veteraanien Perint\u00f6","isPartOf":{"@id":"https:\/\/veteraanienperinto.fi\/#website"},"primaryImageOfPage":{"@id":"https:\/\/veteraanienperinto.fi\/index.php\/sv\/fortsattningskriget\/berattelser-i-fortsattningkriget\/krigets-gang\/anvalsskede\/att-bli-sarad\/#primaryimage"},"image":{"@id":"https:\/\/veteraanienperinto.fi\/index.php\/sv\/fortsattningskriget\/berattelser-i-fortsattningkriget\/krigets-gang\/anvalsskede\/att-bli-sarad\/#primaryimage"},"thumbnailUrl":"https:\/\/veteraanienperinto.fi\/wp-content\/uploads\/2020\/12\/haavoittuneen_hakeminen.jpg","datePublished":"2020-11-19T15:36:30+00:00","dateModified":"2020-12-28T15:09:10+00:00","breadcrumb":{"@id":"https:\/\/veteraanienperinto.fi\/index.php\/sv\/fortsattningskriget\/berattelser-i-fortsattningkriget\/krigets-gang\/anvalsskede\/att-bli-sarad\/#breadcrumb"},"inLanguage":"fi","potentialAction":[{"@type":"ReadAction","target":["https:\/\/veteraanienperinto.fi\/index.php\/sv\/fortsattningskriget\/berattelser-i-fortsattningkriget\/krigets-gang\/anvalsskede\/att-bli-sarad\/"]}]},{"@type":"ImageObject","inLanguage":"fi","@id":"https:\/\/veteraanienperinto.fi\/index.php\/sv\/fortsattningskriget\/berattelser-i-fortsattningkriget\/krigets-gang\/anvalsskede\/att-bli-sarad\/#primaryimage","url":"https:\/\/veteraanienperinto.fi\/wp-content\/uploads\/2020\/12\/haavoittuneen_hakeminen.jpg","contentUrl":"https:\/\/veteraanienperinto.fi\/wp-content\/uploads\/2020\/12\/haavoittuneen_hakeminen.jpg","width":350,"height":257},{"@type":"BreadcrumbList","@id":"https:\/\/veteraanienperinto.fi\/index.php\/sv\/fortsattningskriget\/berattelser-i-fortsattningkriget\/krigets-gang\/anvalsskede\/att-bli-sarad\/#breadcrumb","itemListElement":[{"@type":"ListItem","position":1,"name":"Etusivu","item":"https:\/\/veteraanienperinto.fi\/index.php\/etusivu-2\/"},{"@type":"ListItem","position":2,"name":"Forts\u00e4ttningskriget","item":"https:\/\/veteraanienperinto.fi\/index.php\/sv\/fortsattningskriget\/"},{"@type":"ListItem","position":3,"name":"Ber\u00e4ttelser i forts\u00e4ttningkriget","item":"https:\/\/veteraanienperinto.fi\/index.php\/sv\/fortsattningskriget\/berattelser-i-fortsattningkriget\/"},{"@type":"ListItem","position":4,"name":"Krigets g\u00e5ng","item":"https:\/\/veteraanienperinto.fi\/index.php\/sv\/fortsattningskriget\/berattelser-i-fortsattningkriget\/krigets-gang\/"},{"@type":"ListItem","position":5,"name":"Anvalsskede","item":"https:\/\/veteraanienperinto.fi\/index.php\/sv\/fortsattningskriget\/berattelser-i-fortsattningkriget\/krigets-gang\/anvalsskede\/"},{"@type":"ListItem","position":6,"name":"Att bli s\u00e5rad"}]},{"@type":"WebSite","@id":"https:\/\/veteraanienperinto.fi\/#website","url":"https:\/\/veteraanienperinto.fi\/","name":"Veteraanien Perint\u00f6","description":"Kadettikunta","potentialAction":[{"@type":"SearchAction","target":{"@type":"EntryPoint","urlTemplate":"https:\/\/veteraanienperinto.fi\/?s={search_term_string}"},"query-input":{"@type":"PropertyValueSpecification","valueRequired":true,"valueName":"search_term_string"}}],"inLanguage":"fi"}]}},"_links":{"self":[{"href":"https:\/\/veteraanienperinto.fi\/index.php\/wp-json\/wp\/v2\/pages\/6817","targetHints":{"allow":["GET"]}}],"collection":[{"href":"https:\/\/veteraanienperinto.fi\/index.php\/wp-json\/wp\/v2\/pages"}],"about":[{"href":"https:\/\/veteraanienperinto.fi\/index.php\/wp-json\/wp\/v2\/types\/page"}],"author":[{"embeddable":true,"href":"https:\/\/veteraanienperinto.fi\/index.php\/wp-json\/wp\/v2\/users\/1"}],"replies":[{"embeddable":true,"href":"https:\/\/veteraanienperinto.fi\/index.php\/wp-json\/wp\/v2\/comments?post=6817"}],"version-history":[{"count":3,"href":"https:\/\/veteraanienperinto.fi\/index.php\/wp-json\/wp\/v2\/pages\/6817\/revisions"}],"predecessor-version":[{"id":9101,"href":"https:\/\/veteraanienperinto.fi\/index.php\/wp-json\/wp\/v2\/pages\/6817\/revisions\/9101"}],"up":[{"embeddable":true,"href":"https:\/\/veteraanienperinto.fi\/index.php\/wp-json\/wp\/v2\/pages\/5935"}],"wp:attachment":[{"href":"https:\/\/veteraanienperinto.fi\/index.php\/wp-json\/wp\/v2\/media?parent=6817"}],"curies":[{"name":"wp","href":"https:\/\/api.w.org\/{rel}","templated":true}]}}