{"id":6833,"date":"2020-11-19T15:40:58","date_gmt":"2020-11-19T15:40:58","guid":{"rendered":"https:\/\/veteraani.ylirotu.fi\/?page_id=6833"},"modified":"2020-12-18T14:00:45","modified_gmt":"2020-12-18T14:00:45","slug":"tillfangatagen","status":"publish","type":"page","link":"https:\/\/veteraanienperinto.fi\/index.php\/sv\/infobank\/berattelser-info\/krigsfangarna\/tillfangatagen\/","title":{"rendered":"Tillf\u00e5ngatagen"},"content":{"rendered":"\n<style type=\"text\/css\" data-created_by=\"avia_inline_auto\" id=\"style-css-av-kiucapvv-34b8fae925a5fa597038ede4edad5970\">\n#top .av-special-heading.av-kiucapvv-34b8fae925a5fa597038ede4edad5970{\npadding-bottom:10px;\n}\nbody .av-special-heading.av-kiucapvv-34b8fae925a5fa597038ede4edad5970 .av-special-heading-tag .heading-char{\nfont-size:25px;\n}\n.av-special-heading.av-kiucapvv-34b8fae925a5fa597038ede4edad5970 .av-subheading{\nfont-size:15px;\n}\n<\/style>\n<div  class='av-special-heading av-kiucapvv-34b8fae925a5fa597038ede4edad5970 av-special-heading-h3  avia-builder-el-0  el_before_av_textblock  avia-builder-el-first '><h3 class='av-special-heading-tag'  itemprop=\"headline\"  >Tillf\u00e5ngatagen<\/h3><div class=\"special-heading-border\"><div class=\"special-heading-inner-border\"><\/div><\/div><\/div>\n<section  class='av_textblock_section av-kek0ol8w-0f04af88ec907b2c66cea4bf3dbe1d4c '   itemscope=\"itemscope\" itemtype=\"https:\/\/schema.org\/CreativeWork\" ><div class='avia_textblock'  itemprop=\"text\" ><div class=\"art-article\">\n<div class=\"art-article\">\n<p>Under forts\u00e4ttningskriget noterade den finl\u00e4ndska arm\u00e9n 4.344 f\u00f6rsvunna bland sina f\u00f6rluster p\u00e5 de ryska krigssk\u00e5deplatserna. D\u00e5 kriget var slut, \u00e5terkom 1931 ur f\u00e5ngenskap. Ryssarna gav d\u00f6dsuppgifter om 404. De \u00f6vrigas \u00f6den kunde man inte redog\u00f6ra f\u00f6r.<\/p>\n<p>Som j\u00e4mf\u00f6relse kan n\u00e4mnas att Finland \u00e5ters\u00e4nde 43.400 man och redogjorde f\u00f6r 18.318 d\u00f6dsfall i f\u00e5ngl\u00e4ger. Dessutom hade ett par tiotal skjutits vid flyktf\u00f6rs\u00f6k och v\u00e4gran att lyda order.<\/p>\n<p>F\u00f6rsvunna sextiettor, som inte \u00e5terb\u00f6rdades i samband med f\u00e5ngutv\u00e4xlingarna, var sjutton till antalet. Om tre av dem meddelade ryssarna d\u00f6dsdatum. Det g\u00e4llde korsholmarna Jarl Eriksson och Leander Th\u00f6lix, som b\u00e5da togs tillf\u00e5nga vid S\u00e4nt\u00e4m\u00e4 den 3 september 1941. Deras namn \u00e5terfanns p\u00e5 ett flygblad, som kastades ner \u00f6ver de finl\u00e4ndska linjerna i b\u00f6rjan av \u00e5r 1942 och som p\u00e5 k\u00e4nt maner uppmanade de finl\u00e4ndska soldaterna att v\u00e4nda sina vapen mot &#8221;tyskarnas tr\u00e4lar och legodr\u00e4ngar&#8221;. De skall b\u00e5da ha avlidit p\u00e5 h\u00f6sten samma \u00e5r. Samma var fallet med vasabon Levi Mattias Granholm.<\/p>\n<p>I slutet av september 1943 fick Alma Widjeskog i Terj\u00e4rv ett brev fr\u00e5n sj\u00e4tte kompaniets chef, l\u00f6jtnant Holger Ingberg. Det var av f\u00f6ljande lydelse:<\/p>\n<p>&#8221;Det \u00e4r v\u00e5r tunga plikt att meddela Eder, att Eder son Ole den 19.9.1943 under fullg\u00f6randet av sin vakttj\u00e4nst vid ett fientligt nattligt anfall blev tillf\u00e5ngatagen, m\u00f6jligen s\u00e5rad. Uppgifter om hans vidare \u00f6den kunna under nuvarande f\u00f6rh\u00e5llanden icke erh\u00e5llas, klarhet kan vinnas f\u00f6rst efter krigets slut.<\/p>\n<p>Vid verkst\u00e4lld unders\u00f6kning har ingenting framg\u00e5tt, som skulle tyda p\u00e5 uraktl\u00e5tenhet eller fel, varf\u00f6r Eder sons \u00f6de m\u00e5ste ses som ett led i krigets h\u00e5rda verklighet. Bland sina kamrater var soldat Widjeskog k\u00e4nd som en plikttrogen och v\u00e4ns\u00e4ll man; bland dem ville man g\u00e4rna g\u00f6ra allt f\u00f6r att \u00e5terst\u00e4lla allt till r\u00e4tta.<\/p>\n<p>Fr\u00e5n bef\u00e4lets sida inse vi Eder oro och sorg, men uppmana Eder samtidigt att icke misstr\u00f6sta. V\u00e5ra \u00f6den st\u00e5 sist och slutligen i Guds hand. I f\u00f6rvissning d\u00e4rom m\u00e5 vi p\u00e5 f\u00e4ders vis se framtiden an.&#8221;<\/p>\n<p>Det var p\u00e5 &#8221;Puro&#8221; det h\u00e4nde. Widjeskog hade \u00e5terv\u00e4nt fr\u00e5n permission. Klockan tv\u00e5 p\u00e5 natten begav han sig till postst\u00e4llet. Natten var dyster, det bl\u00e5ste, regnade och var stickm\u00f6rkt. Kamraten, som han avl\u00f6ste, kunde rapportera att l\u00e4get var lugnt och allt under kontroll.<\/p>\n<p>Efter en stund h\u00f6rdes ett misst\u00e4nkt prassel. Widjeskog sk\u00f6t en ljusraket f\u00f6r att kunna \u00f6verblicka omr\u00e5det framf\u00f6r st\u00e4llningarna. Han h\u00f6rde steg i l\u00f6pgraven och antog att n\u00e5gon av kamraterna skyndade till. Pl\u00f6tsligt var han angripen av ryssar. Ett vilt handgem\u00e4ng uppstod, men till sist blev han \u00f6vermannad och bunden till h\u00e4nder och f\u00f6tter. Varje g\u00e5ng han f\u00f6rs\u00f6kte ropa p\u00e5 hj\u00e4lp, fick han ett slag i huvudet med en maskinpistol, tills en bastant munkavle f\u00f6rkv\u00e4vde alla ljud. Ett rep bands om hans h\u00e4nder och s\u00e5 sl\u00e4pades han efter ryssarna, som snabbt sprang \u00f6ver till sin egen sida. Alla alarmanordningar var satta ur funktion, minf\u00e4ltet var \u00f6ppnat, det var bara att springa.<\/p>\n<p>V\u00e4l \u00f6ver p\u00e5 ryska sidan fick han resa sig och befriades fr\u00e5n repen runt benen. Bl\u00f6dande och helt utmattad f\u00f6rdes han till en liten korsu, d\u00e4r han fick vila n\u00e5gra timmar medan han vaktades av tv\u00e5 m\u00e4n f\u00f6rsedda med maskinpistoler.<\/p>\n<p>P\u00e5 morgonen f\u00f6rflyttades han ett tiotal kilometer bak\u00e5t, d\u00e4r hans s\u00e5r fick en l\u00e4tt \u00f6versyn.<\/p>\n<p>D\u00e4r fanns en l\u00e5ng korsu med enmansceller. I celld\u00f6rren fanns en liten lucka och genom den kom k\u00e5lsoppa och te ibland. Cellen var m\u00f6rk och det enda i inventariev\u00e4g var en granrisb\u00e4dd. D\u00e5 det regnade, rann vattnet in genom taket.<\/p>\n<p>Vid ett tillf\u00e4lle f\u00f6rs\u00f6kte den genomv\u00e5ta f\u00e5ngen f\u00e5 v\u00e4rme genom en \u00e5karbrasa. Vakten h\u00f6rde det, tittade in genom luckan och ropade n\u00e5got obegripligt. Widjeskog f\u00f6rs\u00f6kte f\u00f6rklara sig, men resultatet av det var att vakten \u00f6ppnade d\u00f6rren och slog honom i ryggen med gev\u00e4rskolven.<\/p>\n<p>Vistelsen p\u00e5 detta st\u00e4lle varade ett par veckor med f\u00f6rh\u00f6r varje dag, ibland under mycket bryska former och misshandel. Ryssarna visste en hel del om det finl\u00e4ndska f\u00f6rsvarets uppl\u00e4ggning och tycktes vilja f\u00e5 sina antaganden bekr\u00e4ftade. Widjeskog f\u00f6rs\u00f6kte ge undvikande svar f\u00f6r att inte \u00e5stadkomma skada f\u00f6r sina vapenbr\u00f6der. Hans f\u00f6rs\u00f6k att slippa f\u00f6rh\u00f6ren under motivering att han inte kunde finska resulterade i att f\u00f6rh\u00f6rsledaren kom in med en ung kvinna. &#8221;Hon slog cigarettasken p\u00e5 bordet och talade b\u00e4ttre svenska \u00e4n jag.&#8221;<\/p>\n<p>Sedan han bekr\u00e4ftat att han tillh\u00f6rde skyddsk\u00e5ren, blev han ber\u00f6vad granrisb\u00e4dden i sin cell, men trots alla trakasserier var det ganska v\u00e4rdel\u00f6sa uppgifter ryssarna fick av honom. S\u00e5 bar det iv\u00e4g till ett f\u00e5ngl\u00e4ger i Volosova och efter en kort tid d\u00e4r till Tserepovets. Detta l\u00e4ger rymde ett par tusen personer av olika nationaliteter. Det var inh\u00e4gnat med dubbla taggtr\u00e5dsst\u00e4ngsel, tv\u00e5 till tre meter h\u00f6ga och med fem meters mellanrum. I varje h\u00f6rn fanns ett vakttorn.<\/p>\n<p>F\u00e5ngarna bodde i baracker f\u00f6r 20-30 personer. Varje f\u00e5nge hade en brits utan madrass till sitt f\u00f6rfogande. Maten bestod av br\u00f6d 600 gram om dagen och tunn k\u00e5lsoppa. Ibland serverades te. Tio gram mahorka h\u00f6rde ocks\u00e5 till dagsransonen. M\u00e5nga av f\u00e5ngarna fick besv\u00e4rliga magsjukdomar, men Widjeskog lyckades klara sig. Han arbetade st\u00f6rsta delen av tiden i f\u00e5ngl\u00e4grets snickeri och hade m\u00f6jlighet att d\u00e5 betinget f\u00f6r dagen var avklarat syssla med privatf\u00f6retagsamhet. Av r\u00f6dbok tillverkade han pipor, som han n\u00e5gon g\u00e5ng kunde byta till sig br\u00f6d f\u00f6r, men det oaktat v\u00e4gde han inte mer \u00e4n 45 kg, d\u00e5 han \u00e5terkom till hemlandet.<\/p>\n<p>Under vistelsen i l\u00e4gret lyckades han f\u00e5 ett meddelande till sin mor om att han levde. Han skrev ett brev till julen 1943 och h\u00f6ll det i positiv ton f\u00f6r att det m\u00f6jligen skulle vidarebefordras. S\u00e5 skedde inte, men en f\u00f6rkortning av det trycktes p\u00e5 ett flygblad och kom s\u00e5 \u00f6ver till den finl\u00e4ndska sidan. Den text hans mor p\u00e5 detta s\u00e4tt fick motta var f\u00f6ljande:<\/p>\n<p>&#8221;Fru Alma Widjeskog,<br \/>\nTerj\u00e4rvi Sm\u00e5b\u00f6nders, Gamla Karleby<\/p>\n<p>K\u00e4ra d\u00e4r hemma, jag s\u00e4nder nu en jul- och ny\u00e5rsh\u00e4lsning till Er alla. Jag \u00e4r frisk och hoppas att kriget snart tar slut s\u00e5 att vi f\u00e5r tr\u00e4ffas d\u00e4rhemma. Tiden i krigsf\u00e5ngenskap har g\u00e5tt mycket bra. Mat f\u00e5r vi tillr\u00e4ckligt. H\u00e4lsa Henry och alla kamrater.<\/p>\n<p>Soldat Ole Widjeskog, Inf. Reg. 61&#8221;<\/p>\n<p>Den 28 november 1944 s\u00e4ndes han fr\u00e5n l\u00e4gret. Nyanl\u00e4nda f\u00e5ngar hade under sommaren och h\u00f6sten kunnat informera om krigsh\u00e4ndelserna och det politiska l\u00e4get, s\u00e5 meddelandet om frigivningen kom inte som n\u00e5gon \u00f6verraskning. Med t\u00e5g kom Widjeskog och hans kontingent frigivna till Vainikkala. D\u00e4r steg de ryska vakterna av t\u00e5get. De frigivna fick \u00e4rtsoppa, br\u00f6d och tobak. &#8221;D\u00e5 f\u00f6rst kunde vi k\u00e4nna att vi var hemma i Finland.&#8221;<\/p>\n<p>F\u00e4rden st\u00e4lldes sedan till Hang\u00f6, d\u00e4r en tre veckors karant\u00e4n v\u00e4ntade. De utsvultna m\u00e4nnen fick ordentligt med mat och m\u00e5nga fick paket hemifr\u00e5n. Alla f\u00f6rstod inte att ta det f\u00f6rsiktigt med maten i b\u00f6rjan. D\u00e5 f\u00f6ljande grupp anl\u00e4nde, h\u00f6ll man kontroll \u00f6ver vad de \u00e5t och anh\u00f6riga fick inte s\u00e4nda matpaket till dem.<\/p>\n<p>\u00d6ver ett \u00e5r hade Widjeskogs f\u00e5ngenskap varat, och han hann fylla b\u00e5de 22 och 23 \u00e5r utan uppvaktning.<\/p>\n<p><strong><em>Nils-Erik Nykvist: Sextiettan Infanteriregemente 61 1941-1944<\/em><\/strong><\/p>\n<h2 class=\"art-postheader\"><\/h2>\n<\/div>\n<\/div>\n<\/div><\/section>\n","protected":false},"excerpt":{"rendered":"","protected":false},"author":1,"featured_media":0,"parent":6829,"menu_order":0,"comment_status":"closed","ping_status":"closed","template":"","meta":{"footnotes":""},"class_list":["post-6833","page","type-page","status-publish","hentry"],"yoast_head":"<!-- This site is optimized with the Yoast SEO plugin v27.4 - https:\/\/yoast.com\/product\/yoast-seo-wordpress\/ -->\n<title>Tillf\u00e5ngatagen - Veteraanien Perint\u00f6<\/title>\n<meta name=\"robots\" content=\"index, follow, max-snippet:-1, max-image-preview:large, max-video-preview:-1\" \/>\n<link rel=\"canonical\" href=\"https:\/\/veteraanienperinto.fi\/index.php\/sv\/infobank\/berattelser-info\/krigsfangarna\/tillfangatagen\/\" \/>\n<meta property=\"og:locale\" content=\"fi_FI\" \/>\n<meta property=\"og:type\" content=\"article\" \/>\n<meta property=\"og:title\" content=\"Tillf\u00e5ngatagen - Veteraanien Perint\u00f6\" \/>\n<meta property=\"og:url\" content=\"https:\/\/veteraanienperinto.fi\/index.php\/sv\/infobank\/berattelser-info\/krigsfangarna\/tillfangatagen\/\" \/>\n<meta property=\"og:site_name\" content=\"Veteraanien Perint\u00f6\" \/>\n<meta property=\"article:modified_time\" content=\"2020-12-18T14:00:45+00:00\" \/>\n<meta name=\"twitter:card\" content=\"summary_large_image\" \/>\n<meta name=\"twitter:label1\" content=\"Arvioitu lukuaika\" \/>\n\t<meta name=\"twitter:data1\" content=\"7 minuuttia\" \/>\n<script type=\"application\/ld+json\" class=\"yoast-schema-graph\">{\"@context\":\"https:\\\/\\\/schema.org\",\"@graph\":[{\"@type\":\"WebPage\",\"@id\":\"https:\\\/\\\/veteraanienperinto.fi\\\/index.php\\\/sv\\\/infobank\\\/berattelser-info\\\/krigsfangarna\\\/tillfangatagen\\\/\",\"url\":\"https:\\\/\\\/veteraanienperinto.fi\\\/index.php\\\/sv\\\/infobank\\\/berattelser-info\\\/krigsfangarna\\\/tillfangatagen\\\/\",\"name\":\"Tillf\u00e5ngatagen - Veteraanien Perint\u00f6\",\"isPartOf\":{\"@id\":\"https:\\\/\\\/veteraanienperinto.fi\\\/#website\"},\"datePublished\":\"2020-11-19T15:40:58+00:00\",\"dateModified\":\"2020-12-18T14:00:45+00:00\",\"breadcrumb\":{\"@id\":\"https:\\\/\\\/veteraanienperinto.fi\\\/index.php\\\/sv\\\/infobank\\\/berattelser-info\\\/krigsfangarna\\\/tillfangatagen\\\/#breadcrumb\"},\"inLanguage\":\"fi\",\"potentialAction\":[{\"@type\":\"ReadAction\",\"target\":[\"https:\\\/\\\/veteraanienperinto.fi\\\/index.php\\\/sv\\\/infobank\\\/berattelser-info\\\/krigsfangarna\\\/tillfangatagen\\\/\"]}]},{\"@type\":\"BreadcrumbList\",\"@id\":\"https:\\\/\\\/veteraanienperinto.fi\\\/index.php\\\/sv\\\/infobank\\\/berattelser-info\\\/krigsfangarna\\\/tillfangatagen\\\/#breadcrumb\",\"itemListElement\":[{\"@type\":\"ListItem\",\"position\":1,\"name\":\"Etusivu\",\"item\":\"https:\\\/\\\/veteraanienperinto.fi\\\/index.php\\\/etusivu-2\\\/\"},{\"@type\":\"ListItem\",\"position\":2,\"name\":\"Infobank\",\"item\":\"https:\\\/\\\/veteraanienperinto.fi\\\/index.php\\\/sv\\\/infobank\\\/\"},{\"@type\":\"ListItem\",\"position\":3,\"name\":\"Ber\u00e4ttelser\",\"item\":\"https:\\\/\\\/veteraanienperinto.fi\\\/index.php\\\/sv\\\/infobank\\\/berattelser-info\\\/\"},{\"@type\":\"ListItem\",\"position\":4,\"name\":\"Krigsf\u00e5ngarna\",\"item\":\"https:\\\/\\\/veteraanienperinto.fi\\\/index.php\\\/sv\\\/infobank\\\/berattelser-info\\\/krigsfangarna\\\/\"},{\"@type\":\"ListItem\",\"position\":5,\"name\":\"Tillf\u00e5ngatagen\"}]},{\"@type\":\"WebSite\",\"@id\":\"https:\\\/\\\/veteraanienperinto.fi\\\/#website\",\"url\":\"https:\\\/\\\/veteraanienperinto.fi\\\/\",\"name\":\"Veteraanien Perint\u00f6\",\"description\":\"Kadettikunta\",\"potentialAction\":[{\"@type\":\"SearchAction\",\"target\":{\"@type\":\"EntryPoint\",\"urlTemplate\":\"https:\\\/\\\/veteraanienperinto.fi\\\/?s={search_term_string}\"},\"query-input\":{\"@type\":\"PropertyValueSpecification\",\"valueRequired\":true,\"valueName\":\"search_term_string\"}}],\"inLanguage\":\"fi\"}]}<\/script>\n<!-- \/ Yoast SEO plugin. -->","yoast_head_json":{"title":"Tillf\u00e5ngatagen - Veteraanien Perint\u00f6","robots":{"index":"index","follow":"follow","max-snippet":"max-snippet:-1","max-image-preview":"max-image-preview:large","max-video-preview":"max-video-preview:-1"},"canonical":"https:\/\/veteraanienperinto.fi\/index.php\/sv\/infobank\/berattelser-info\/krigsfangarna\/tillfangatagen\/","og_locale":"fi_FI","og_type":"article","og_title":"Tillf\u00e5ngatagen - Veteraanien Perint\u00f6","og_url":"https:\/\/veteraanienperinto.fi\/index.php\/sv\/infobank\/berattelser-info\/krigsfangarna\/tillfangatagen\/","og_site_name":"Veteraanien Perint\u00f6","article_modified_time":"2020-12-18T14:00:45+00:00","twitter_card":"summary_large_image","twitter_misc":{"Arvioitu lukuaika":"7 minuuttia"},"schema":{"@context":"https:\/\/schema.org","@graph":[{"@type":"WebPage","@id":"https:\/\/veteraanienperinto.fi\/index.php\/sv\/infobank\/berattelser-info\/krigsfangarna\/tillfangatagen\/","url":"https:\/\/veteraanienperinto.fi\/index.php\/sv\/infobank\/berattelser-info\/krigsfangarna\/tillfangatagen\/","name":"Tillf\u00e5ngatagen - Veteraanien Perint\u00f6","isPartOf":{"@id":"https:\/\/veteraanienperinto.fi\/#website"},"datePublished":"2020-11-19T15:40:58+00:00","dateModified":"2020-12-18T14:00:45+00:00","breadcrumb":{"@id":"https:\/\/veteraanienperinto.fi\/index.php\/sv\/infobank\/berattelser-info\/krigsfangarna\/tillfangatagen\/#breadcrumb"},"inLanguage":"fi","potentialAction":[{"@type":"ReadAction","target":["https:\/\/veteraanienperinto.fi\/index.php\/sv\/infobank\/berattelser-info\/krigsfangarna\/tillfangatagen\/"]}]},{"@type":"BreadcrumbList","@id":"https:\/\/veteraanienperinto.fi\/index.php\/sv\/infobank\/berattelser-info\/krigsfangarna\/tillfangatagen\/#breadcrumb","itemListElement":[{"@type":"ListItem","position":1,"name":"Etusivu","item":"https:\/\/veteraanienperinto.fi\/index.php\/etusivu-2\/"},{"@type":"ListItem","position":2,"name":"Infobank","item":"https:\/\/veteraanienperinto.fi\/index.php\/sv\/infobank\/"},{"@type":"ListItem","position":3,"name":"Ber\u00e4ttelser","item":"https:\/\/veteraanienperinto.fi\/index.php\/sv\/infobank\/berattelser-info\/"},{"@type":"ListItem","position":4,"name":"Krigsf\u00e5ngarna","item":"https:\/\/veteraanienperinto.fi\/index.php\/sv\/infobank\/berattelser-info\/krigsfangarna\/"},{"@type":"ListItem","position":5,"name":"Tillf\u00e5ngatagen"}]},{"@type":"WebSite","@id":"https:\/\/veteraanienperinto.fi\/#website","url":"https:\/\/veteraanienperinto.fi\/","name":"Veteraanien Perint\u00f6","description":"Kadettikunta","potentialAction":[{"@type":"SearchAction","target":{"@type":"EntryPoint","urlTemplate":"https:\/\/veteraanienperinto.fi\/?s={search_term_string}"},"query-input":{"@type":"PropertyValueSpecification","valueRequired":true,"valueName":"search_term_string"}}],"inLanguage":"fi"}]}},"_links":{"self":[{"href":"https:\/\/veteraanienperinto.fi\/index.php\/wp-json\/wp\/v2\/pages\/6833","targetHints":{"allow":["GET"]}}],"collection":[{"href":"https:\/\/veteraanienperinto.fi\/index.php\/wp-json\/wp\/v2\/pages"}],"about":[{"href":"https:\/\/veteraanienperinto.fi\/index.php\/wp-json\/wp\/v2\/types\/page"}],"author":[{"embeddable":true,"href":"https:\/\/veteraanienperinto.fi\/index.php\/wp-json\/wp\/v2\/users\/1"}],"replies":[{"embeddable":true,"href":"https:\/\/veteraanienperinto.fi\/index.php\/wp-json\/wp\/v2\/comments?post=6833"}],"version-history":[{"count":3,"href":"https:\/\/veteraanienperinto.fi\/index.php\/wp-json\/wp\/v2\/pages\/6833\/revisions"}],"predecessor-version":[{"id":8545,"href":"https:\/\/veteraanienperinto.fi\/index.php\/wp-json\/wp\/v2\/pages\/6833\/revisions\/8545"}],"up":[{"embeddable":true,"href":"https:\/\/veteraanienperinto.fi\/index.php\/wp-json\/wp\/v2\/pages\/6829"}],"wp:attachment":[{"href":"https:\/\/veteraanienperinto.fi\/index.php\/wp-json\/wp\/v2\/media?parent=6833"}],"curies":[{"name":"wp","href":"https:\/\/api.w.org\/{rel}","templated":true}]}}